{"id":47641,"date":"2024-04-18T23:02:21","date_gmt":"2024-04-19T03:02:21","guid":{"rendered":"https:\/\/www.sisinternational.com\/?page_id=47641"},"modified":"2025-10-09T02:04:37","modified_gmt":"2025-10-09T06:04:37","slug":"ia-en-tant-que-service-de-conseil","status":"publish","type":"page","link":"https:\/\/www.sisinternational.com\/fr\/solutions\/ai-etudes-de-marche-et-conseil-en-strategie\/ia-en-tant-que-service-de-conseil\/","title":{"rendered":"Conseil en IA en tant que service"},"content":{"rendered":"<h1 class=\"wp-block-heading\">Conseil en IA en tant que service<\/h1>\n\n\n\n<figure class=\"gb-block-image gb-block-image-821ddc4c\"><img loading=\"lazy\" decoding=\"async\" width=\"1456\" height=\"816\" class=\"gb-image gb-image-821ddc4c\" src=\"https:\/\/www.sisinternational.com\/wp-content\/uploads\/2025\/08\/AI-12.jpg\" alt=\"\u00c9tudes de march\u00e9 et strat\u00e9gie internationales SIS\" title=\"AI (12)\" srcset=\"https:\/\/www.sisinternational.com\/wp-content\/uploads\/2025\/08\/AI-12.jpg 1456w, https:\/\/www.sisinternational.com\/wp-content\/uploads\/2025\/08\/AI-12-300x168.jpg 300w, https:\/\/www.sisinternational.com\/wp-content\/uploads\/2025\/08\/AI-12-1024x574.jpg 1024w, https:\/\/www.sisinternational.com\/wp-content\/uploads\/2025\/08\/AI-12-768x430.jpg 768w, https:\/\/www.sisinternational.com\/wp-content\/uploads\/2025\/08\/AI-12-18x10.jpg 18w\" sizes=\"auto, (max-width: 1456px) 100vw, 1456px\"><\/figure>\n\n\n\n<h1 class=\"wp-block-heading p1\"><\/h1>\n\n\n\n<h3 class=\"wp-block-heading p1\">Le conseil en IA en tant que service (AIaaS) est un service puissant destin\u00e9 aux entreprises qui cherchent \u00e0 exploiter la puissance de l\u2019IA pour stimuler l\u2019innovation et la croissance. En plus de fournir un acc\u00e8s aux technologies et \u00e0 l&#039;expertise en IA, le conseil AIaaS aide les entreprises \u00e0 d\u00e9velopper des solutions d&#039;IA qui offrent une valeur commerciale tangible et un avantage concurrentiel.<\/h3>\n\n\n\n<p class=\"p1\">Are you ready to revolutionize your business with AI but need help figuring out where to start? AI-as-a-service consulting emerges as a beacon of innovation, offering companies access to cutting-edge artificial intelligence technologies without the complexities of in-house development.&nbsp;<\/p>\n\n\n\n<h2 class=\"wp-block-heading\">Qu\u2019est-ce que le conseil en IA en tant que service\u00a0?<\/h2>\n\n\n\n<p>AIaaS <a href=\"https:\/\/www.sisinternational.com\/fr\/solutions\/conseil-en-tourisme-de-voyage-et-en-hotellerie\/conseil-en-technologie-hoteliere-intelligente\/\" title=\"Conseil en technologie h\u00f4teli\u00e8re intelligente\"  data-wpil-monitor-id=\"10397\">consulting provides access to AI technologies<\/a> and expertise on a subscription or pay-as-you-go basis. This type of consulting helps companies leverage AI capabilities without the need for large upfront investments in infrastructure or hiring specialized AI talent.<\/p>\n\n\n\n<p>It helps businesses identify opportunities to use AI to improve their operations, products, or services. So, consultants work closely with clients to understand their business challenges and objectives, and then develop AI solutions that address these needs. This could include using machine learning algorithms to analyze data, <a href=\"https:\/\/www.sisinternational.com\/fr\/solutions\/ai-etudes-de-marche-et-conseil-en-strategie\/etude-de-marche-sur-le-traitement-du-langage-naturel-par-ia\/\" title=\"\u00c9tude de march\u00e9 sur l\u2019IA pour le traitement du langage naturel\"  data-wpil-monitor-id=\"10378\">natural language processing<\/a> to automate customer interactions, or computer vision to improve visual recognition tasks.<\/p>\n\n\n\n<p>Gr\u00e2ce au conseil en IA en tant que service, les entreprises peuvent obtenir des informations sur les applications d&#039;IA sp\u00e9cifiques qui correspondent \u00e0 leurs objectifs, leur permettant ainsi de prendre des d\u00e9cisions \u00e9clair\u00e9es concernant la mise en \u0153uvre. De plus, alors que l\u2019IA continue de r\u00e9volutionner les secteurs, pour rester comp\u00e9titives, les entreprises doivent garder une longueur d\u2019avance. Le conseil en IA en tant que service donne aux entreprises les connaissances et l&#039;expertise n\u00e9cessaires pour adopter des solutions d&#039;IA qui leur conf\u00e8rent un avantage concurrentiel.<\/p>\n\n\n\n<h2 class=\"wp-block-heading\">Who Uses This Kind&nbsp; of Consulting<\/h2>\n\n\n\n<figure class=\"gb-block-image gb-block-image-e62a1c01\"><img loading=\"lazy\" decoding=\"async\" width=\"1456\" height=\"816\" class=\"gb-image gb-image-e62a1c01\" src=\"https:\/\/www.sisinternational.com\/wp-content\/uploads\/2025\/08\/AI-2-1.jpg\" alt=\"\u00c9tudes de march\u00e9 et strat\u00e9gie internationales SIS\" title=\"AI 2 (1)\" srcset=\"https:\/\/www.sisinternational.com\/wp-content\/uploads\/2025\/08\/AI-2-1.jpg 1456w, https:\/\/www.sisinternational.com\/wp-content\/uploads\/2025\/08\/AI-2-1-300x168.jpg 300w, https:\/\/www.sisinternational.com\/wp-content\/uploads\/2025\/08\/AI-2-1-1024x574.jpg 1024w, https:\/\/www.sisinternational.com\/wp-content\/uploads\/2025\/08\/AI-2-1-768x430.jpg 768w, https:\/\/www.sisinternational.com\/wp-content\/uploads\/2025\/08\/AI-2-1-18x10.jpg 18w\" sizes=\"auto, (max-width: 1456px) 100vw, 1456px\"><\/figure>\n\n\n\n<p><\/p>\n\n\n\n<p><strong>IT and technology departments<\/strong> within these businesses use these consulting services to understand the technical requirements of AI implementation, evaluate different AI technologies, and develop a roadmap for successful AI integration.<\/p>\n\n\n\n<p><strong>Data scientists and AI <\/strong><a href=\"https:\/\/www.sisinternational.com\/fr\/solutions\/recherche-de-conseil-en-strategie-fintech\/conseil-en-ingenierie-commerciale-en-services-financiers\/\" title=\"Ing\u00e9nierie commerciale Conseil en services financiers\"  data-wpil-monitor-id=\"10384\">engineers are key users of consulting services<\/a>, as they work closely with AI consultants to develop and deploy AI solutions.<\/p>\n\n\n\n<p><strong>Executives and decision-makers<\/strong> rely on AI-as-a-Service consulting to understand AI&#8217;s potential impact on their business operations, identify opportunities for AI adoption, and develop strategies for successful AI implementation.<\/p>\n\n\n\n<p><strong>Startups et petites entreprises<\/strong> often lack the resources and expertise to develop AI solutions internally, making them prime users of AI consulting services.<\/p>\n\n\n\n<h2 class=\"wp-block-heading\">Challenges when Conducting AI-as-a-Service Consulting<\/h2>\n\n\n\n<p>Naviguer dans les complexit\u00e9s du conseil en IA en tant que service n\u00e9cessite une attention particuli\u00e8re \u00e0 plusieurs facteurs critiques de succ\u00e8s, chacun contribuant \u00e0 l&#039;efficacit\u00e9 globale et aux r\u00e9sultats de l&#039;engagement\u00a0:<\/p>\n\n\n\n<ul class=\"wp-block-list\">\n<li><strong>Objectifs commerciaux clairs\u00a0:<\/strong> L\u2019\u00e9tablissement d\u2019objectifs commerciaux clairs et r\u00e9alisables est primordial pour le succ\u00e8s d\u2019une mission de conseil en IA en tant que service. Sans une compr\u00e9hension pr\u00e9cise de ce que l\u2019organisation vise \u00e0 r\u00e9aliser gr\u00e2ce \u00e0 l\u2019int\u00e9gration de l\u2019IA, il devient difficile d\u2019aligner les solutions d\u2019IA sur les objectifs strat\u00e9giques et de mesurer efficacement leur impact.<\/li>\n\n\n\n<li><strong>Strat\u00e9gie de donn\u00e9es robuste\u00a0:<\/strong> Une strat\u00e9gie de donn\u00e9es robuste constitue la base d\u2019une mise en \u0153uvre r\u00e9ussie de l\u2019IA. Cela implique de garantir la qualit\u00e9, l\u2019accessibilit\u00e9 et la pertinence des donn\u00e9es et de mettre en \u0153uvre de solides pratiques de gouvernance des donn\u00e9es pour maintenir l\u2019int\u00e9grit\u00e9 et la conformit\u00e9 des donn\u00e9es.<\/li>\n\n\n\n<li><strong>Domaine d&#039;expertise:<\/strong> Il est essentiel de collaborer avec des consultants en IA en tant que service poss\u00e9dant une expertise dans un domaine pertinent au contexte industriel et commercial de l&#039;organisation. Les experts du domaine peuvent fournir des informations pr\u00e9cieuses sur les d\u00e9fis sp\u00e9cifiques au secteur, les exigences r\u00e9glementaires et les meilleures pratiques, permettant ainsi de proposer des solutions d&#039;IA plus cibl\u00e9es et plus efficaces.<\/li>\n\n\n\n<li><strong>Gestion de projet agile\u00a0:<\/strong> L&#039;adoption de m\u00e9thodologies de gestion de projet agiles permet aux organisations de s&#039;adapter rapidement \u00e0 l&#039;\u00e9volution des exigences, de prioriser les initiatives en fonction de la valeur commerciale et de fournir des solutions d&#039;IA de mani\u00e8re it\u00e9rative pour r\u00e9pondre aux besoins et aux commentaires changeants.<\/li>\n\n\n\n<li><strong>\u00c9valuation et optimisation continues\u00a0:<\/strong> Continuous evaluation and optimization of AI models and solutions are essential to ensure their ongoing relevance, effectiveness, and alignment with evolving <a href=\"https:\/\/www.sisinternational.com\/fr\/publications\/etude-de-marche-sur-les-entreprises-evolutives-7-facons-de-creer-une-entreprise-evolutive\/\" title=\"\u00c9tude de march\u00e9 sur les entreprises \u00e9volutives\u00a0: 7 fa\u00e7ons de cr\u00e9er une entreprise \u00e9volutive\"  data-wpil-monitor-id=\"10389\">business objectives and market<\/a> dynamics.<\/li>\n<\/ul>\n\n\n\n<h2 class=\"wp-block-heading\">The benefits of working with SIS International<\/h2>\n\n\n\n<figure class=\"gb-block-image gb-block-image-063f531b\"><img loading=\"lazy\" decoding=\"async\" width=\"1456\" height=\"816\" class=\"gb-image gb-image-063f531b\" src=\"https:\/\/www.sisinternational.com\/wp-content\/uploads\/2025\/08\/AI-10.jpg\" alt=\"\u00c9tudes de march\u00e9 et strat\u00e9gie internationales SIS\" title=\"AI (10)\" srcset=\"https:\/\/www.sisinternational.com\/wp-content\/uploads\/2025\/08\/AI-10.jpg 1456w, https:\/\/www.sisinternational.com\/wp-content\/uploads\/2025\/08\/AI-10-300x168.jpg 300w, https:\/\/www.sisinternational.com\/wp-content\/uploads\/2025\/08\/AI-10-1024x574.jpg 1024w, https:\/\/www.sisinternational.com\/wp-content\/uploads\/2025\/08\/AI-10-768x430.jpg 768w, https:\/\/www.sisinternational.com\/wp-content\/uploads\/2025\/08\/AI-10-18x10.jpg 18w\" sizes=\"auto, (max-width: 1456px) 100vw, 1456px\"><\/figure>\n\n\n\n<h2 class=\"wp-block-heading\"><figure><span style=\"font-family: inherit; font-style: inherit; background-color: rgb(255, 255, 255);\">\u00a0<\/span><\/figure><\/h2>\n\n\n\n<p>SIS propose des solutions sur mesure pour r\u00e9pondre aux besoins et d\u00e9fis uniques des entreprises dans divers secteurs. En s&#039;engageant avec SIS International, les organisations peuvent s&#039;attendre \u00e0 obtenir plusieurs r\u00e9sultats cl\u00e9s\u00a0:<\/p>\n\n\n\n<ul class=\"wp-block-list\">\n<li><strong>Efficacit\u00e9 op\u00e9rationnelle am\u00e9lior\u00e9e\u00a0:<\/strong> SIS International&#8217;s expertise in developing custom AI algorithms and predictive analytics models enables organizations to optimize resource allocation, minimize waste, and improve productivity.<\/li>\n\n\n\n<li><strong>Prise de d\u00e9cision bas\u00e9e sur les donn\u00e9es\u00a0:<\/strong> SIS International permet aux organisations d&#039;exploiter la puissance des donn\u00e9es pour prendre des d\u00e9cisions \u00e9clair\u00e9es gr\u00e2ce \u00e0 des analyses avanc\u00e9es et des informations pr\u00e9dictives. Les technologies d\u2019IA aident les entreprises \u00e0 acqu\u00e9rir une visibilit\u00e9 plus approfondie sur les tendances du march\u00e9, les comportements des clients et la dynamique concurrentielle, leur permettant ainsi de prendre des d\u00e9cisions strat\u00e9giques en toute confiance et agilit\u00e9.<\/li>\n\n\n\n<li><strong>Att\u00e9nuation des risques et conformit\u00e9\u00a0:<\/strong> SIS International helps organizations mitigate risks and ensure compliance with regulatory requirements through AI-powered risk assessment, fraud detection, and compliance monitoring solutions.<\/li>\n\n\n\n<li><strong>Innovation et avantage concurrentiel\u00a0:<\/strong> By partnering with SIS International, organizations gain access to cutting-edge AI technologies and expertise, enabling them to innovate faster, stay ahead of competitors, and seize new market opportunities.<\/li>\n\n\n\n<li><strong>Impact commercial mesurable\u00a0:<\/strong> SIS s&#039;engage \u00e0 fournir des r\u00e9sultats commerciaux tangibles et un retour sur investissement mesurable \u00e0 ses clients. Gr\u00e2ce \u00e0 un suivi, une surveillance et une \u00e9valuation rigoureux des performances, nous garantissons que les solutions d&#039;IA sont align\u00e9es sur les objectifs commerciaux et offrent une valeur quantifiable en termes d&#039;\u00e9conomies de co\u00fbts, de croissance des revenus et d&#039;excellence op\u00e9rationnelle.<\/li>\n<\/ul>\n\n\n\n<h2 class=\"wp-block-heading\">Technologies Used in AI-as-a-Service Consulting<\/h2>\n\n\n\n<p>Dans le conseil en IA en tant que service, de nombreuses technologies et outils de pointe permettent aux organisations d\u2019exploiter efficacement les capacit\u00e9s de l\u2019IA. Voici quelques technologies et outils cl\u00e9s utilis\u00e9s dans l\u2019industrie\u00a0:<\/p>\n\n\n\n<p><strong>Cadres d&#039;apprentissage automatique\u00a0:<\/strong> Les frameworks d&#039;apprentissage automatique tels que TensorFlow ou PyTorch constituent la base du d\u00e9veloppement et du d\u00e9ploiement de mod\u00e8les d&#039;IA. Ces frameworks proposent des biblioth\u00e8ques et des API pour cr\u00e9er des algorithmes d&#039;apprentissage automatique, de l&#039;apprentissage supervis\u00e9 et non supervis\u00e9 \u00e0 l&#039;apprentissage par renforcement.<\/p>\n\n\n\n<p><strong>Outils de visualisation de donn\u00e9es\u00a0:<\/strong> Data visualization tools such as Tableau and Power BI enable organizations to explore and communicate insights derived from AI models effectively. By <a href=\"https:\/\/www.sisinternational.com\/fr\/competence\/les-industries\/conseil-en-visualisation-de-donnees\/\" title=\"Conseil en visualisation de donn\u00e9es\"  data-wpil-monitor-id=\"10394\">visualizing complex data<\/a> sets in intuitive formats, these tools facilitate decision-making and enhance data-driven storytelling.<\/p>\n\n\n\n<p><strong>API d&#039;IA en tant que service\u00a0:<\/strong> Les API d&#039;IA en tant que service offrent des fonctionnalit\u00e9s d&#039;IA pr\u00e9d\u00e9finies qui peuvent \u00eatre facilement int\u00e9gr\u00e9es aux applications et flux de travail existants. Des API telles que l&#039;API Google Cloud Vision et Microsoft Azure Cognitive Services fournissent des fonctionnalit\u00e9s telles que la reconnaissance d&#039;images, la conversion parole-texte et la traduction linguistique, acc\u00e9l\u00e9rant ainsi l&#039;adoption et l&#039;innovation de l&#039;IA.<\/p>\n\n\n\n<h2 class=\"wp-block-heading\">Opportunit\u00e9s de conseil en IA en tant que service<\/h2>\n\n\n\n<figure class=\"wp-block-image\"><img decoding=\"async\" src=\"https:\/\/www.sisinternational.com\/wp-content\/uploads\/2019\/11\/Artificial-Intelligence-Market-Research.jpg\" alt=\"\u00c9tude de march\u00e9 sur l\u2019intelligence artificielle\" class=\"wp-image-33887\"\/><\/figure>\n\n\n\n<p><\/p>\n\n\n\n<p>L&#039;adoption du conseil en IA en tant que service offre aux entreprises de tous les secteurs de nombreuses opportunit\u00e9s d&#039;innover, d&#039;optimiser leurs op\u00e9rations et d&#039;acqu\u00e9rir un avantage concurrentiel. Certaines opportunit\u00e9s cl\u00e9s incluent\u00a0:<\/p>\n\n\n\n<ul class=\"wp-block-list\">\n<li><strong>Efficacit\u00e9 et productivit\u00e9 accrues\u00a0:<\/strong> AI-driven automation and optimization solutions streamline processes, reduce manual effort, and improve operational efficiency. Through the automation of repetitive tasks, analyzing complex data sets, and optimizing resource allocation, businesses can enhance productivity, minimize costs, and focus on value-added activities.<\/li>\n\n\n\n<li><strong>Att\u00e9nuation des risques et conformit\u00e9\u00a0:<\/strong> Le conseil en IA en tant que service offre aux entreprises des capacit\u00e9s avanc\u00e9es d\u2019\u00e9valuation des risques, de d\u00e9tection des fraudes et de surveillance de la conformit\u00e9. En tirant parti des technologies d&#039;IA telles que l&#039;apprentissage automatique et la d\u00e9tection des anomalies, les organisations peuvent identifier les risques potentiels, d\u00e9tecter les activit\u00e9s frauduleuses et garantir la conformit\u00e9 aux exigences r\u00e9glementaires, pr\u00e9servant ainsi leur r\u00e9putation et leur int\u00e9grit\u00e9 financi\u00e8re.<\/li>\n\n\n\n<li><strong>Innovation et diff\u00e9renciation\u00a0:<\/strong> AI enables businesses to innovate faster, experiment with new ideas, and <a href=\"https:\/\/www.sisinternational.com\/fr\/solutions\/solutions-de-branding-et-de-recherche-client\/etude-de-marche-sur-la-differenciation-des-marques\/\" title=\"\u00c9tude de march\u00e9 sur la diff\u00e9renciation des marques\"  data-wpil-monitor-id=\"10396\">differentiate themselves in the market<\/a>. With this consulting, organizations can explore novel AI applications, develop custom solutions, and stay ahead of competitors by delivering unique <a href=\"https:\/\/www.sisinternational.com\/fr\/what-is-a-value-proposition-canvas-the-game-changing-framework-that-prevents-product-failures\/\" title=\"What Is a Value Proposition Canvas? &#091;The Game-Changing Framework That Prevents Product Failures&#093;\"  data-wpil-monitor-id=\"10386\">value propositions and innovative products<\/a> and services.<\/li>\n<\/ul>\n\n\n\n<h2 class=\"wp-block-heading\"><strong>Comment le conseil en IA en tant que service de SIS International aide les entreprises&nbsp;<\/strong><\/h2>\n\n\n\n<p>SIS International propose des solutions compl\u00e8tes d&#039;IA en tant que service con\u00e7ues pour relever les d\u00e9fis des entreprises en mati\u00e8re d&#039;adoption et d&#039;exploitation efficaces des technologies d&#039;IA. Voici comment les solutions de SIS International aident les entreprises \u00e0 surmonter les principaux d\u00e9fis\u00a0:<\/p>\n\n\n\n<ul class=\"wp-block-list\">\n<li><strong>Assurance qualit\u00e9 des donn\u00e9es\u00a0:<\/strong> <a href=\"https:\/\/www.linkedin.com\/company\/sisinternationalresearch\/\" target=\"_blank\" rel=\"noopener\">SIS<\/a> provides data quality assurance services to ensure the accuracy, completeness, and reliability of data used for AI model training. Through data cleansing, normalization, and validation techniques, we help businesses improve data quality and accessibility, enhancing the effectiveness of AI solutions.<\/li>\n\n\n\n<li><strong>Augmentation des talents\u00a0:<\/strong> SIS augments businesses&#8217; talent pool with skilled AI experts and data scientists with domain expertise and experience developing and deploying AI solutions. When you partner with SIS International, you can access on-demand AI talent and expertise, overcoming the talent gap and accelerating AI adoption.<\/li>\n\n\n\n<li><strong>S\u00e9curit\u00e9 et conformit\u00e9\u00a0:<\/strong> SIS International met en \u0153uvre des mesures de s\u00e9curit\u00e9 et des cadres de conformit\u00e9 robustes pour prot\u00e9ger les donn\u00e9es sensibles des entreprises et att\u00e9nuer les risques de s\u00e9curit\u00e9 associ\u00e9s au d\u00e9ploiement de l&#039;IA. Gr\u00e2ce au cryptage, aux contr\u00f4les d&#039;acc\u00e8s et aux audits de s\u00e9curit\u00e9 r\u00e9guliers, SIS International aide les entreprises \u00e0 se pr\u00e9munir contre les violations de donn\u00e9es et les cybermenaces.<\/li>\n\n\n\n<li><strong>Strat\u00e9gies d&#039;att\u00e9nuation des biais\u00a0:<\/strong> SIS International employs bias mitigation strategies and fairness-aware algorithms to address algorithmic bias and fairness issues in AI models. We help businesses ensure equitable outcomes and mitigate risks related to discrimination and bias.<\/li>\n<\/ul>\n\n\n\n<div class=\"is-root-container is-desktop-preview is-layout-flow wp-block-post-content block-editor-block-list__layout\" spellcheck=\"false\">\n<div id=\"block-8365776f-985b-4c8b-a275-40df748019a6\" class=\"block-editor-block-list__block wp-block is-selected wp-block-freeform\" tabindex=\"0\" role=\"document\" aria-label=\"Bloc: Classique\" data-block=\"8365776f-985b-4c8b-a275-40df748019a6\" data-type=\"core\/freeform\" data-title=\"Classic\">\n<div id=\"editor-8365776f-985b-4c8b-a275-40df748019a6\" class=\"wp-block-freeform block-library-rich-text__tinymce mce-content-body html5-captions mce-edit-focus\" contenteditable=\"true\">\n<h2>Notre emplacement \u00e0 New York<\/h2>\n<p><iframe loading=\"lazy\" src=\"https:\/\/www.google.com\/maps\/embed?pb=!1m18!1m12!1m3!1d3022.976188376966!2d-73.99130312499956!3d40.740549471389315!2m3!1f0!2f0!3f0!3m2!1i1024!2i768!4f13.1!3m3!1m2!1s0x89c259a15798c731%3A0xd695d09bdd495f25!2s11%20E%2022nd%20St%20FL%202%2C%20New%20York%2C%20NY%2010010%2C%20USA!5e0!3m2!1sen!2spe!4v1726171763526!5m2!1sen!2spe\" width=\"600\" height=\"450\" allowfullscreen=\"allowfullscreen\" data-mce-fragment=\"1\"><\/iframe><\/p>\n<h3 class=\"wp-block-heading\">11 E 22nd Street, \u00e9tage 2, New York, NY 10010 T\u00e9l. : +1(212) 505-6805<\/h3>\n<hr>\n<h2><span style=\"font-weight: 400;\">\u00c0 propos de SIS International<\/span><\/h2>\n<p><a href=\"https:\/\/www.sisinternational.com\/fr\/\"><span style=\"font-weight: 400;\">SIS International<\/span><\/a><span style=\"font-weight: 400;\">&nbsp;offers Quantitative, Qualitative, and Strategy Research. We provide data, tools, strategies, reports, and insights for decision-making. We also conduct interviews, surveys, focus groups, and other <a href=\"https:\/\/www.sisinternational.com\/fr\/quantitative-market-research-methods-and-techniques\/\" title=\"Quantitative Market Research Methods and Techniques\" data-wpil-monitor-id=\"10373\">Market Research methods<\/a> and approaches.<\/span><a href=\"https:\/\/www.sisinternational.com\/fr\/a-propos-de-la-recherche-internationale-sis\/contact-sis-international-market-research\/\"><span style=\"font-weight: 400;\">&nbsp;Contactez nous<\/span><\/a><span style=\"font-weight: 400;\">&nbsp;pour votre prochain projet d&#039;\u00e9tude de march\u00e9.<\/span><\/p>\n<hr><\/div>\n<\/div>\n<\/div>\n\n\n\n<div data-grammarly-part=\"highlights\">\n<div>\n<div>\n<div>\n<div class=\"Jupcl lUmQf inSdx GpjRg\" data-key=\"1000295-3|0-0\" data-grammarly-part=\"highlight\" data-highlight-format=\"enclosing\" data-highlight-color-name=\"blue\">&nbsp;<\/div>\n<\/div>\n<\/div>\n<\/div>\n<\/div>\n\n\n\n<p><\/p>","protected":false},"excerpt":{"rendered":"<p>Le conseil AIaaS offre aux entreprises un acc\u00e8s aux technologies et \u00e0 l&#039;expertise en IA sur une base d&#039;abonnement ou de paiement \u00e0 l&#039;utilisation.<\/p>","protected":false},"author":1,"featured_media":62604,"parent":44406,"menu_order":79,"comment_status":"closed","ping_status":"closed","template":"","meta":{"footnotes":""},"class_list":["post-47641","page","type-page","status-publish","has-post-thumbnail"],"_links":{"self":[{"href":"https:\/\/www.sisinternational.com\/fr\/wp-json\/wp\/v2\/pages\/47641","targetHints":{"allow":["GET"]}}],"collection":[{"href":"https:\/\/www.sisinternational.com\/fr\/wp-json\/wp\/v2\/pages"}],"about":[{"href":"https:\/\/www.sisinternational.com\/fr\/wp-json\/wp\/v2\/types\/page"}],"author":[{"embeddable":true,"href":"https:\/\/www.sisinternational.com\/fr\/wp-json\/wp\/v2\/users\/1"}],"replies":[{"embeddable":true,"href":"https:\/\/www.sisinternational.com\/fr\/wp-json\/wp\/v2\/comments?post=47641"}],"version-history":[{"count":12,"href":"https:\/\/www.sisinternational.com\/fr\/wp-json\/wp\/v2\/pages\/47641\/revisions"}],"predecessor-version":[{"id":81713,"href":"https:\/\/www.sisinternational.com\/fr\/wp-json\/wp\/v2\/pages\/47641\/revisions\/81713"}],"up":[{"embeddable":true,"href":"https:\/\/www.sisinternational.com\/fr\/wp-json\/wp\/v2\/pages\/44406"}],"wp:featuredmedia":[{"embeddable":true,"href":"https:\/\/www.sisinternational.com\/fr\/wp-json\/wp\/v2\/media\/62604"}],"wp:attachment":[{"href":"https:\/\/www.sisinternational.com\/fr\/wp-json\/wp\/v2\/media?parent=47641"}],"curies":[{"name":"wp","href":"https:\/\/api.w.org\/{rel}","templated":true}]}}