{"id":47637,"date":"2024-04-18T23:09:26","date_gmt":"2024-04-19T03:09:26","guid":{"rendered":"https:\/\/www.sisinternational.com\/?page_id=47637"},"modified":"2026-01-26T18:45:43","modified_gmt":"2026-01-26T23:45:43","slug":"etude-de-marche-sur-la-conversion-des-ventes","status":"publish","type":"page","link":"https:\/\/www.sisinternational.com\/fr\/solutions\/etude-de-marche-sur-la-conversion-des-ventes\/","title":{"rendered":"\u00c9tude de march\u00e9 sur la conversion des ventes"},"content":{"rendered":"<h1 class=\"wp-block-heading\">\u00c9tude de march\u00e9 sur la conversion des ventes<\/h1>\n\n\n\n<figure class=\"gb-block-image gb-block-image-702717a5\"><img loading=\"lazy\" decoding=\"async\" width=\"1456\" height=\"816\" class=\"gb-image gb-image-702717a5\" src=\"https:\/\/www.sisinternational.com\/wp-content\/uploads\/2025\/08\/Retail-8.jpg\" alt=\"\u00c9tudes de march\u00e9 et strat\u00e9gie internationales SIS\" title=\"Retail (8)\" srcset=\"https:\/\/www.sisinternational.com\/wp-content\/uploads\/2025\/08\/Retail-8.jpg 1456w, https:\/\/www.sisinternational.com\/wp-content\/uploads\/2025\/08\/Retail-8-300x168.jpg 300w, https:\/\/www.sisinternational.com\/wp-content\/uploads\/2025\/08\/Retail-8-1024x574.jpg 1024w, https:\/\/www.sisinternational.com\/wp-content\/uploads\/2025\/08\/Retail-8-768x430.jpg 768w, https:\/\/www.sisinternational.com\/wp-content\/uploads\/2025\/08\/Retail-8-18x10.jpg 18w\" sizes=\"auto, (max-width: 1456px) 100vw, 1456px\"><\/figure>\n\n\n\n<p><\/p>\n\n\n\n<hr class=\"wp-block-separator has-alpha-channel-opacity is-style-dots\"\/>\n\n\n\n<p>Les \u00e9tudes de march\u00e9 sur la conversion des ventes aident les entreprises \u00e0 comparer leurs performances aux normes du secteur et \u00e0 celles de leurs concurrents. En comparant les taux de conversion et les processus de vente avec ceux des concurrents, les entreprises peuvent identifier les domaines dans lesquels elles sont en retard et mettre en \u0153uvre des strat\u00e9gies pour am\u00e9liorer leur position concurrentielle.<\/p>\n\n\n\n<p>Have you ever wondered what separates high-performing sales strategies from the rest? Enter <a href=\"https:\/\/www.sisinternational.com\/fr\/competence\/les-industries\/etude-de-marche-sur-les-points-de-vente-2\/\" title=\"\u00c9tude de march\u00e9 sur les points de vente\"  data-wpil-monitor-id=\"4903\">\u00e9tude de march\u00e9 sur la conversion des ventes<\/a>, the secret weapon of successful businesses aiming to optimize their sales processes. This strategic approach goes beyond traditional sales tactics, focusing on understanding consumer behavior, identifying pain points, and fine-tuning strategies to convert leads into loyal customers effectively.<\/p>\n\n\n\n<h2 class=\"wp-block-heading\">Qu\u2019est-ce que l\u2019\u00e9tude de march\u00e9 sur la conversion des ventes ?<\/h2>\n\n\n\n<p>Sales conversion market <a href=\"https:\/\/www.sisinternational.com\/fr\/competence\/les-industries\/etude-de-marche-sur-lintention-de-lacheteur\/\" title=\"\u00c9tude de march\u00e9 sur l\u2019intention de l\u2019acheteur\"  data-wpil-monitor-id=\"6262\">recherche<\/a> aims to understand the factors that influence the conversion of potential customers into actual buyers. This type of research helps businesses identify barriers to conversion, optimize their sales processes, and improve their overall sales performance. It includes analyzing factors such as pricing, product selection, website usability, and customer services.<\/p>\n\n\n\n<h2 class=\"wp-block-heading\">Pourquoi les entreprises ont-elles besoin d\u2019une \u00e9tude de march\u00e9 sur la conversion des ventes ?<\/h2>\n\n\n\n<p>Les entreprises peuvent identifier les domaines \u00e0 am\u00e9liorer et mettre en \u0153uvre des strat\u00e9gies cibl\u00e9es pour augmenter les taux de conversion en analysant le comportement, les pr\u00e9f\u00e9rences et les mod\u00e8les d&#039;achat des clients. Comprendre les facteurs qui influencent les d\u00e9cisions d&#039;achat permet aux entreprises d&#039;adapter leurs messages, leurs prix et leurs offres de produits pour mieux r\u00e9pondre aux besoins et aux attentes des clients, ce qui entra\u00eene des taux de conversion plus \u00e9lev\u00e9s et une augmentation des ventes.<\/p>\n\n\n\n<p>By continuously monitoring and analyzing customer behavior, preferences, and market trends, companies can stay ahead of the competition and position themselves for long-term success. From identifying new sales opportunities to optimizing existing processes, <a href=\"https:\/\/www.sisinternational.com\/fr\/etude-de-marche-du-vin\/\" title=\"\u00c9tude de march\u00e9 du vin\u00a0: additionner les b\u00e9n\u00e9fices des ventes nationales de vin\"  data-wpil-monitor-id=\"2494\">\u00e9tude de march\u00e9 sur la conversion des ventes<\/a> is a powerful tool that can drive growth and profitability for businesses of all sizes. However, it presents many other benefits for businesses, including:<\/p>\n\n\n\n<ul class=\"wp-block-list\">\n<li><strong>Performances commerciales am\u00e9lior\u00e9es\u00a0:<\/strong> Cela stimule les performances commerciales et stimule la croissance des revenus. En comprenant les facteurs qui influencent les d\u00e9cisions d&#039;achat et le comportement des consommateurs, les entreprises peuvent adapter leur approche commerciale pour trouver un \u00e9cho aupr\u00e8s de leur public cible, augmentant ainsi les taux de conversion et g\u00e9n\u00e9rant davantage de ventes.<br><strong>Satisfaction client am\u00e9lior\u00e9e\u00a0:<\/strong> Cette \u00e9tude de march\u00e9 permet aux entreprises de mieux comprendre les besoins, les pr\u00e9f\u00e9rences et les points faibles des clients tout au long du parcours d&#039;achat.<\/li>\n\n\n\n<li><strong>Strat\u00e9gies de vente optimis\u00e9es\u00a0:<\/strong> Les entreprises peuvent optimiser leurs strat\u00e9gies de vente pour une efficacit\u00e9 maximale gr\u00e2ce aux informations exploitables issues des \u00e9tudes de march\u00e9.<\/li>\n\n\n\n<li><strong>Avantage comp\u00e9titif:<\/strong> Cette \u00e9tude de march\u00e9 permet aux entreprises de mieux comprendre les forces et les faiblesses de leurs concurrents, leur permettant ainsi d&#039;identifier les opportunit\u00e9s de diff\u00e9renciation et de capitaliser sur les lacunes du march\u00e9.<\/li>\n\n\n\n<li><strong>Croissance et durabilit\u00e9 \u00e0 long terme\u00a0:<\/strong> Les entreprises peuvent atteindre une croissance et une durabilit\u00e9 \u00e0 long terme en surveillant et en s\u2019adaptant en permanence aux changements de comportement des consommateurs et de dynamique du march\u00e9.<\/li>\n<\/ul>\n\n\n\n<h2 class=\"wp-block-heading\">Qui utilise les \u00e9tudes de march\u00e9 sur la conversion des ventes<\/h2>\n\n\n\n<figure class=\"gb-block-image gb-block-image-af696455\"><img loading=\"lazy\" decoding=\"async\" width=\"1456\" height=\"816\" class=\"gb-image gb-image-af696455\" src=\"https:\/\/www.sisinternational.com\/wp-content\/uploads\/2025\/09\/Focus-group-26.jpg\" alt=\"\u00c9tudes de march\u00e9 et strat\u00e9gie internationales SIS\" title=\"Focus group (26)\" srcset=\"https:\/\/www.sisinternational.com\/wp-content\/uploads\/2025\/09\/Focus-group-26.jpg 1456w, https:\/\/www.sisinternational.com\/wp-content\/uploads\/2025\/09\/Focus-group-26-300x168.jpg 300w, https:\/\/www.sisinternational.com\/wp-content\/uploads\/2025\/09\/Focus-group-26-1024x574.jpg 1024w, https:\/\/www.sisinternational.com\/wp-content\/uploads\/2025\/09\/Focus-group-26-768x430.jpg 768w, https:\/\/www.sisinternational.com\/wp-content\/uploads\/2025\/09\/Focus-group-26-18x10.jpg 18w\" sizes=\"auto, (max-width: 1456px) 100vw, 1456px\"><\/figure>\n\n\n\n<p><\/p>\n\n\n\n<p>Des entreprises de divers secteurs tirent parti des \u00e9tudes de march\u00e9 pour mieux comprendre les processus de prise de d\u00e9cision des clients, affiner leurs entonnoirs de vente et am\u00e9liorer les interactions avec les clients afin de g\u00e9n\u00e9rer des conversions.<\/p>\n\n\n\n<p>Sales and marketing teams are primary users of <a href=\"https:\/\/www.sisinternational.com\/fr\/competence\/les-industries\/etude-de-marche-de-la-charcuterie\/\" title=\"\u00c9tude de march\u00e9 sur la charcuterie\"  data-wpil-monitor-id=\"4608\">sales conversion research<\/a>, utilizing it to identify key touchpoints in the sales process, understand customer objections, and tailor their messaging and strategies to improve conversion rates.<\/p>\n\n\n\n<p>Les \u00e9quipes de d\u00e9veloppement de produits s&#039;appuient sur la recherche pour recueillir des commentaires sur les produits et services existants, identifier les domaines \u00e0 am\u00e9liorer et d\u00e9velopper de nouvelles offres mieux adapt\u00e9es aux besoins et pr\u00e9f\u00e9rences des clients.<\/p>\n\n\n\n<p>Les \u00e9quipes de support client et de service utilisent des \u00e9tudes de march\u00e9 pour identifier les probl\u00e8mes et objections courants des clients, leur permettant ainsi de fournir une assistance plus cibl\u00e9e et plus efficace.<\/p>\n\n\n\n<p>Les sp\u00e9cialistes du marketing num\u00e9rique utilisent cette \u00e9tude de march\u00e9 pour optimiser leurs campagnes de marketing num\u00e9rique, notamment la publicit\u00e9 payante, le marketing par e-mail et le marketing sur les r\u00e9seaux sociaux.<\/p>\n\n\n\n<p><a href=\"https:\/\/www.sisinternational.com\/fr\/competence\/les-industries\/etude-de-marche-du-commerce-electronique\/\" title=\"\u00c9tude de march\u00e9 du commerce \u00e9lectronique\"  data-wpil-monitor-id=\"6783\">E-commerce platforms leverage sales conversion market research<\/a> to optimize their online shopping experience, including website design, product listings, and checkout process.<\/p>\n\n\n\n<h2 class=\"wp-block-heading\">Quand effectuer une \u00e9tude de march\u00e9 sur la conversion des ventes<\/h2>\n\n\n\n<p>D\u00e9terminer le moment optimal pour mener une \u00e9tude de march\u00e9 sur la conversion des ventes est essentiel pour maximiser son efficacit\u00e9 et son impact sur les performances des ventes. En planifiant strat\u00e9giquement les initiatives de recherche aux \u00e9tapes cl\u00e9s du processus de vente, les entreprises peuvent obtenir des informations exploitables, identifier les opportunit\u00e9s d&#039;am\u00e9lioration et obtenir de meilleurs r\u00e9sultats.<\/p>\n\n\n\n<ul class=\"wp-block-list\">\n<li><strong>Pr\u00e9-lancement ou introduction du produit\u00a0:<\/strong> R\u00e9aliser une \u00e9tude de march\u00e9 avant de lancer un nouveau produit ou service permet aux entreprises d&#039;\u00e9valuer la demande du march\u00e9, d&#039;identifier les obstacles potentiels \u00e0 la conversion et d&#039;affiner leurs strat\u00e9gies de vente.<\/li>\n\n\n\n<li><strong>\u00c9valuation post-lancement\u00a0:<\/strong> Apr\u00e8s le lancement d\u2019un produit ou d\u2019un service, une \u00e9tude de march\u00e9 continue est cruciale pour \u00e9valuer ses performances et identifier les domaines \u00e0 am\u00e9liorer.<\/li>\n\n\n\n<li><strong>Campagnes saisonni\u00e8res ou promotionnelles\u00a0:<\/strong> Les \u00e9tudes de march\u00e9 sur la conversion des ventes sont particuli\u00e8rement utiles lors de campagnes saisonni\u00e8res ou promotionnelles, telles que des \u00e9v\u00e9nements de vente de vacances ou des offres \u00e0 dur\u00e9e limit\u00e9e.<\/li>\n\n\n\n<li><strong>Analyse comparative concurrentielle\u00a0:<\/strong> La comparaison des mesures de conversion des ventes avec celles des concurrents fournit des informations comparatives pr\u00e9cieuses et identifie les domaines \u00e0 am\u00e9liorer.<\/li>\n\n\n\n<li><strong>Surveillance continue et adaptation\u00a0:<\/strong> Les \u00e9tudes de march\u00e9 doivent \u00eatre un processus continu, les entreprises surveillant en permanence les performances des ventes, les commentaires des clients et les tendances du march\u00e9.<\/li>\n<\/ul>\n\n\n\n<h2 class=\"wp-block-heading\">R\u00e9sultats attendus de l&#039;\u00e9tude de march\u00e9 sur la conversion des ventes de SIS International<\/h2>\n\n\n\n<p>Le partenariat avec SIS International pour une \u00e9tude de march\u00e9 sur la conversion des ventes promet une gamme de r\u00e9sultats percutants qui peuvent entra\u00eener des am\u00e9liorations significatives des performances commerciales et de la r\u00e9ussite commerciale globale. En tirant parti de l&#039;expertise et des ressources de SIS International, les entreprises peuvent s&#039;attendre \u00e0 des r\u00e9sultats tangibles qui se traduisent par une augmentation des revenus, une meilleure satisfaction des clients et une croissance soutenue.<\/p>\n\n\n\n<ul class=\"wp-block-list\">\n<li><strong>Taux de conversion accrus\u00a0:<\/strong> One of the primary expected results from SIS International&#8217;s <a href=\"https:\/\/www.sisinternational.com\/fr\/competence\/recherche-personnalisee-principale-2\/\" title=\"\u00c9tude de march\u00e9 primaire\"  data-wpil-monitor-id=\"7010\">\u00e9tude de march\u00e9 sur la conversion des ventes<\/a> is an increase in conversion rates across various sales channels. By identifying barriers to conversion, optimizing sales processes, and refining messaging and positioning strategies, businesses can expect to see a measurable improvement in their ability to convert leads into customers, ultimately driving revenue growth and profitability.<\/li>\n\n\n\n<li><strong>Meilleure compr\u00e9hension du client\u00a0:<\/strong> Les initiatives de recherche de SIS International permettent aux entreprises de mieux comprendre leur public cible, y compris leurs pr\u00e9f\u00e9rences, leurs motivations et leurs points faibles. En obtenant des informations sur le comportement des consommateurs et les processus d\u00e9cisionnels, les entreprises peuvent adapter leurs strat\u00e9gies de vente pour mieux r\u00e9pondre aux besoins des clients, am\u00e9liorer leur satisfaction et \u00e9tablir des relations plus solides avec leur client\u00e8le.<\/li>\n\n\n\n<li><strong>Strat\u00e9gies et tactiques de vente am\u00e9lior\u00e9es\u00a0:<\/strong> Gr\u00e2ce \u00e0 une analyse rigoureuse des donn\u00e9es de conversion des ventes et des tendances du march\u00e9, SIS International aide les entreprises \u00e0 identifier les opportunit\u00e9s d&#039;optimisation et d&#039;am\u00e9lioration de leurs strat\u00e9gies et tactiques de vente. Qu&#039;il s&#039;agisse d&#039;affiner le positionnement des produits, d&#039;ajuster les strat\u00e9gies de prix ou d&#039;am\u00e9liorer les messages de vente, les entreprises peuvent s&#039;attendre \u00e0 mettre en \u0153uvre des initiatives strat\u00e9giques qui g\u00e9n\u00e8rent de meilleurs r\u00e9sultats et surpassent leurs concurrents sur le march\u00e9.<\/li>\n\n\n\n<li><strong>Comp\u00e9titivit\u00e9 renforc\u00e9e\u00a0:<\/strong> Les entreprises peuvent acqu\u00e9rir un avantage concurrentiel dans leurs secteurs respectifs en tirant parti des informations tir\u00e9es de l&#039;\u00e9tude de march\u00e9 sur la conversion des ventes de SIS International. En gardant une longueur d&#039;avance sur les tendances du march\u00e9, en comprenant les pr\u00e9f\u00e9rences des consommateurs et en adaptant leurs strat\u00e9gies de vente en cons\u00e9quence, les entreprises peuvent se positionner en tant que leaders du secteur et conqu\u00e9rir une plus grande part de march\u00e9, favorisant ainsi une croissance et un succ\u00e8s durables.<\/li>\n<\/ul>\n\n\n\n<h2 class=\"wp-block-heading\">Opportunit\u00e9s<\/h2>\n\n\n\n<p>Explorer les opportunit\u00e9s de conversion des ventes Les \u00e9tudes de march\u00e9 d\u00e9voilent une multitude de pistes permettant aux entreprises d&#039;optimiser leurs strat\u00e9gies de vente, d&#039;am\u00e9liorer la satisfaction de leurs clients et de stimuler la croissance de leurs revenus, notamment\u00a0:<\/p>\n\n\n\n<ul class=\"wp-block-list\">\n<li><strong>Exp\u00e9riences client personnalis\u00e9es\u00a0:<\/strong> Tirer parti de cette \u00e9tude de march\u00e9 permet aux entreprises de proposer des exp\u00e9riences client personnalis\u00e9es qui trouvent un \u00e9cho aupr\u00e8s de leur public cible et g\u00e9n\u00e8rent des taux de conversion plus \u00e9lev\u00e9s. En comprenant les pr\u00e9f\u00e9rences, les comportements et les habitudes d&#039;achat de chaque client, les entreprises peuvent adapter leur approche commerciale pour proposer des messages, des offres et des solutions pertinents qui r\u00e9pondent aux besoins et pr\u00e9f\u00e9rences uniques de chaque client.<\/li>\n\n\n\n<li><strong>Am\u00e9lioration continue et innovation\u00a0:<\/strong> S&#039;engager dans une analyse de march\u00e9 de conversion des ventes favorise une culture d&#039;am\u00e9lioration et d&#039;innovation constantes au sein des organisations. En surveillant r\u00e9guli\u00e8rement les performances des ventes, en analysant les commentaires des clients et en se comparant aux meilleures pratiques du secteur, les entreprises peuvent identifier les opportunit\u00e9s d&#039;innovation, d&#039;exp\u00e9rimentation et de diff\u00e9renciation, conduisant ainsi \u00e0 des am\u00e9liorations continues de l&#039;efficacit\u00e9 des ventes et de la comp\u00e9titivit\u00e9 du march\u00e9.<\/li>\n\n\n\n<li><strong>Opportunit\u00e9s de croissance strat\u00e9gique\u00a0:<\/strong> Les \u00e9tudes de march\u00e9 r\u00e9v\u00e8lent des opportunit\u00e9s de croissance strat\u00e9giques qui permettent aux entreprises d\u2019\u00e9tendre leur port\u00e9e sur le march\u00e9, de p\u00e9n\u00e9trer de nouveaux segments de march\u00e9 et de capitaliser sur les tendances \u00e9mergentes. Les entreprises peuvent d\u00e9velopper des strat\u00e9gies et des initiatives de vente cibl\u00e9es qui stimulent la croissance, la rentabilit\u00e9 et le succ\u00e8s \u00e0 long terme en identifiant les segments de client\u00e8le inexploit\u00e9s, les march\u00e9s de niche ou les besoins mal satisfaits.<\/li>\n<\/ul>\n\n\n\n<h2 class=\"wp-block-heading\">Comment l&#039;\u00e9tude de march\u00e9 sur la conversion des ventes de SIS International aide les entreprises<\/h2>\n\n\n\n<p>Les services d&#039;\u00e9tudes de march\u00e9 sur la conversion des ventes de SIS International fournissent aux entreprises des informations compl\u00e8tes, des conseils strat\u00e9giques et des recommandations pratiques pour optimiser leurs strat\u00e9gies de vente, stimuler la croissance des revenus et obtenir un plus grand succ\u00e8s sur le march\u00e9. En tirant parti de notre expertise, de nos ressources et de nos m\u00e9thodologies \u00e9prouv\u00e9es, les entreprises peuvent lib\u00e9rer tout le potentiel de leurs efforts de vente et capitaliser sur les opportunit\u00e9s de croissance.<\/p>\n\n\n\n<p><strong>Approche holistique de la recherche\u00a0:<\/strong> SIS takes a holistic approach to <a href=\"https:\/\/www.sisinternational.com\/fr\/couverture\/les-ameriques\/etude-de-marche-canadienne\/etude-de-marche-nouvelle-ecosse-canada\/\" title=\"\u00c9tude de march\u00e9 en Nouvelle-\u00c9cosse\"  data-wpil-monitor-id=\"4623\">sales<\/a> conversion market research, integrating qualitative and quantitative methodologies to provide a comprehensive understanding of consumer behavior, market dynamics, and sales performance. Combining primary research, secondary data analysis, and industry expertise, we deliver insights that drive informed decision-making and strategic planning.<\/p>\n\n\n\n<p><strong>Solutions personnalis\u00e9es\u00a0:<\/strong> SIS International comprend que chaque entreprise est confront\u00e9e \u00e0 des d\u00e9fis, des objectifs et une dynamique de march\u00e9 uniques. \u00c0 ce titre, SIS International propose des solutions de recherche personnalis\u00e9es adapt\u00e9es aux besoins et objectifs sp\u00e9cifiques de chaque client.<\/p>\n\n\n\n<p><strong>Expertise et perspectives de l\u2019industrie\u00a0:<\/strong> Avec des ann\u00e9es d\u2019exp\u00e9rience et d\u2019expertise dans divers secteurs, SIS apporte des informations pr\u00e9cieuses et les meilleures pratiques de l\u2019industrie \u00e0 chaque engagement de recherche. En restant au courant des tendances du march\u00e9, des technologies \u00e9mergentes et de la dynamique concurrentielle, nos experts fournissent \u00e0 nos clients des conseils et des recommandations strat\u00e9giques qui favorisent l&#039;innovation, la diff\u00e9renciation et l&#039;avantage concurrentiel sur le march\u00e9.<\/p>\n\n\n\n<p><strong>Partenariat collaboratif\u00a0:<\/strong> SIS International valorise la collaboration et le partenariat avec ses clients, en travaillant en \u00e9troite collaboration avec les parties prenantes pour comprendre leurs objectifs, leurs d\u00e9fis et leurs priorit\u00e9s. Gr\u00e2ce \u00e0 une communication ouverte, des mises \u00e0 jour r\u00e9guli\u00e8res et une r\u00e9solution collaborative de probl\u00e8mes, SIS assure l&#039;alignement entre les r\u00e9sultats de la recherche et les objectifs commerciaux, favorisant ainsi un partenariat mutuellement b\u00e9n\u00e9fique qui favorise le succ\u00e8s et la croissance \u00e0 long terme.<\/p>\n\n\n<h2>Notre emplacement \u00e0 New York<\/h2>\n<p><!-- \/wp:post-content --> <!-- wp:html --> <iframe loading=\"lazy\" src=\"https:\/\/www.google.com\/maps\/embed?pb=!1m18!1m12!1m3!1d3022.976188376966!2d-73.99130312499956!3d40.740549471389315!2m3!1f0!2f0!3f0!3m2!1i1024!2i768!4f13.1!3m3!1m2!1s0x89c259a15798c731%3A0xd695d09bdd495f25!2s11%20E%2022nd%20St%20FL%202%2C%20New%20York%2C%20NY%2010010%2C%20USA!5e0!3m2!1sen!2spe!4v1726171763526!5m2!1sen!2spe\" width=\"600\" height=\"450\" allowfullscreen=\"allowfullscreen\" data-mce-fragment=\"1\"><\/iframe> <!-- \/wp:html --> <!-- wp:paragraph --><\/p>\n<h3 class=\"wp-block-heading\">11 E 22nd Street, \u00e9tage 2, New York, NY 10010 T\u00e9l. : +1(212) 505-6805<\/h3>\n<hr \/>\n<h2><span style=\"font-weight: 400;\">\u00c0 propos de SIS International<\/span><\/h2>\n<p><a href=\"https:\/\/www.sisinternational.com\/fr\/\"><span style=\"font-weight: 400;\">SIS International<\/span><\/a><span style=\"font-weight: 400;\"> propose des recherches quantitatives, qualitatives et strat\u00e9giques. Nous fournissons des donn\u00e9es, des outils, des strat\u00e9gies, des rapports et des informations pour la prise de d\u00e9cision. Nous menons \u00e9galement des entretiens, des enqu\u00eates, des groupes de discussion et d\u2019autres m\u00e9thodes et approches d\u2019\u00e9tudes de march\u00e9.<\/span><a href=\"https:\/\/www.sisinternational.com\/fr\/a-propos-de-la-recherche-internationale-sis\/contact-sis-international-market-research\/\"><span style=\"font-weight: 400;\"> Contactez nous<\/span><\/a><span style=\"font-weight: 400;\"> pour votre prochain projet d&#039;\u00e9tude de march\u00e9.<\/span><\/p>\n<\/p>","protected":false},"excerpt":{"rendered":"<p>L'\u00e9tude de march\u00e9 sur la conversion des ventes vise \u00e0 comprendre les facteurs qui influencent la conversion des clients potentiels en acheteurs r\u00e9els.<\/p>","protected":false},"author":1,"featured_media":62510,"parent":14457,"menu_order":39,"comment_status":"closed","ping_status":"closed","template":"","meta":{"footnotes":""},"class_list":["post-47637","page","type-page","status-publish","has-post-thumbnail"],"_links":{"self":[{"href":"https:\/\/www.sisinternational.com\/fr\/wp-json\/wp\/v2\/pages\/47637","targetHints":{"allow":["GET"]}}],"collection":[{"href":"https:\/\/www.sisinternational.com\/fr\/wp-json\/wp\/v2\/pages"}],"about":[{"href":"https:\/\/www.sisinternational.com\/fr\/wp-json\/wp\/v2\/types\/page"}],"author":[{"embeddable":true,"href":"https:\/\/www.sisinternational.com\/fr\/wp-json\/wp\/v2\/users\/1"}],"replies":[{"embeddable":true,"href":"https:\/\/www.sisinternational.com\/fr\/wp-json\/wp\/v2\/comments?post=47637"}],"version-history":[{"count":13,"href":"https:\/\/www.sisinternational.com\/fr\/wp-json\/wp\/v2\/pages\/47637\/revisions"}],"predecessor-version":[{"id":80578,"href":"https:\/\/www.sisinternational.com\/fr\/wp-json\/wp\/v2\/pages\/47637\/revisions\/80578"}],"up":[{"embeddable":true,"href":"https:\/\/www.sisinternational.com\/fr\/wp-json\/wp\/v2\/pages\/14457"}],"wp:featuredmedia":[{"embeddable":true,"href":"https:\/\/www.sisinternational.com\/fr\/wp-json\/wp\/v2\/media\/62510"}],"wp:attachment":[{"href":"https:\/\/www.sisinternational.com\/fr\/wp-json\/wp\/v2\/media?parent=47637"}],"curies":[{"name":"wp","href":"https:\/\/api.w.org\/{rel}","templated":true}]}}