{"id":47532,"date":"2024-04-15T15:21:21","date_gmt":"2024-04-15T19:21:21","guid":{"rendered":"https:\/\/www.sisinternational.com\/?page_id=47532"},"modified":"2026-01-26T18:57:31","modified_gmt":"2026-01-26T23:57:31","slug":"etude-de-marche-du-vide","status":"publish","type":"page","link":"https:\/\/www.sisinternational.com\/fr\/competence\/etude-de-marche-du-vide\/","title":{"rendered":"\u00c9tude de march\u00e9 sur le vide"},"content":{"rendered":"<h1 class=\"wp-block-heading\">\u00c9tude de march\u00e9 sur le vide<\/h1>\n\n\n\n<figure class=\"gb-block-image gb-block-image-01a9fb9f\"><img loading=\"lazy\" decoding=\"async\" width=\"1456\" height=\"816\" class=\"gb-image gb-image-01a9fb9f\" src=\"https:\/\/www.sisinternational.com\/wp-content\/uploads\/2025\/08\/Vacuum-3.jpg\" alt=\"\u00c9tudes de march\u00e9 et strat\u00e9gie internationales SIS\" title=\"Vacuum (3)\" srcset=\"https:\/\/www.sisinternational.com\/wp-content\/uploads\/2025\/08\/Vacuum-3.jpg 1456w, https:\/\/www.sisinternational.com\/wp-content\/uploads\/2025\/08\/Vacuum-3-300x168.jpg 300w, https:\/\/www.sisinternational.com\/wp-content\/uploads\/2025\/08\/Vacuum-3-1024x574.jpg 1024w, https:\/\/www.sisinternational.com\/wp-content\/uploads\/2025\/08\/Vacuum-3-768x430.jpg 768w, https:\/\/www.sisinternational.com\/wp-content\/uploads\/2025\/08\/Vacuum-3-18x10.jpg 18w\" sizes=\"auto, (max-width: 1456px) 100vw, 1456px\"><\/figure>\n\n\n\n<hr class=\"wp-block-separator has-alpha-channel-opacity is-style-dots\"\/>\n\n\n\n<p>\u00c0 mesure que la demande de solutions de nettoyage efficaces et durables augmente, l\u2019exploitation des \u00e9tudes de march\u00e9 sur le vide devient essentielle pour les parties prenantes souhaitant r\u00e9pondre aux demandes du march\u00e9, acqu\u00e9rir un avantage concurrentiel et contribuer \u00e0 un avenir plus propre et plus sain.<\/p>\n\n\n\n<p>Il est crucial de comprendre ce qui motive l&#039;\u00e9volution des technologies du vide en r\u00e9ponse \u00e0 l&#039;\u00e9volution des pr\u00e9f\u00e9rences des consommateurs et des demandes de l&#039;industrie. En tirant parti des connaissances du march\u00e9, les parties prenantes peuvent garder une longueur d&#039;avance et utiliser les \u00e9tudes de march\u00e9 sur le vide comme feuille de route pratique pour l&#039;innovation et l&#039;adaptation dans un contexte en \u00e9volution rapide. paysage.<\/p>\n\n\n\n<h2 class=\"wp-block-heading\">What Is Vacuum market research?<\/h2>\n\n\n\n<p>Les \u00e9tudes de march\u00e9 sur le vide examinent les tendances du march\u00e9, les pr\u00e9f\u00e9rences des consommateurs, les innovations technologiques, les cadres r\u00e9glementaires et la dynamique concurrentielle au sein de l\u2019industrie. En menant des recherches approfondies, les entreprises obtiennent des informations pr\u00e9cieuses sur l\u2019\u00e9volution du march\u00e9 du vide, leur permettant de prendre des d\u00e9cisions \u00e9clair\u00e9es concernant le d\u00e9veloppement de produits, les strat\u00e9gies marketing et les initiatives d\u2019expansion du march\u00e9.<\/p>\n\n\n\n<h2 class=\"wp-block-heading\">Pourquoi c&#039;est important?<\/h2>\n\n\n\n<p>Vacuum <a href=\"https:\/\/www.sisinternational.com\/fr\/competence\/les-industries\/etude-de-marche-sur-lapprentissage-profond-2\/\" title=\"\u00c9tude de march\u00e9 sur l\u2019apprentissage profond\"  data-wpil-monitor-id=\"6115\">market research gives businesses a deep<\/a> understanding of market dynamics, including consumer behavior, purchasing patterns, and preferences. <\/p>\n\n\n\n<p><a href=\"https:\/\/www.sisinternational.com\/fr\/la-publicite-televisee-et-imprimee-cede-la-place-aux-videos-virales-et-aux-medias-sociaux-emergents\/\" title=\"\u00c9tude de march\u00e9 sur la vid\u00e9o virale\"  data-wpil-monitor-id=\"1826\">Research also helps businesses identify market<\/a> gaps and innovation opportunities. Whether developing more efficient cleaning technologies, enhancing user experience, or creating eco-friendly vacuum solutions, market research guides product development efforts, ensuring that new offerings align with customer needs and preferences.<\/p>\n\n\n\n<p>Through competitive analysis, businesses can identify key players, assess their strengths and weaknesses, and uncover opportunities for differentiation and market positioning. Vacuum market research offers numerous benefits to businesses aiming to thrive in the competitive landscape:<\/p>\n\n\n\n<ul class=\"wp-block-list\">\n<li><strong>Prise de d\u00e9cision \u00e9clair\u00e9e\u00a0:<\/strong> Les \u00e9tudes de march\u00e9 sur le vide permettent aux entreprises de prendre des d\u00e9cisions \u00e9clair\u00e9es concernant le d\u00e9veloppement de produits, les strat\u00e9gies marketing et l\u2019allocation des ressources en fournissant des informations exploitables sur les pr\u00e9f\u00e9rences des consommateurs, les tendances du march\u00e9 et la dynamique concurrentielle.<\/li>\n\n\n\n<li><strong>R\u00e9duction des co\u00fbts:<\/strong> Mener des recherches aide les entreprises \u00e0 \u00e9viter des erreurs co\u00fbteuses en identifiant d\u00e8s le d\u00e9but les risques et les opportunit\u00e9s potentiels. En comprenant la demande du march\u00e9 et les besoins des consommateurs, les entreprises peuvent allouer les ressources plus efficacement, r\u00e9duisant ainsi le gaspillage et maximisant le retour sur investissement.<\/li>\n\n\n\n<li><strong>Avantage comp\u00e9titif:<\/strong> Gr\u00e2ce \u00e0 une connaissance compl\u00e8te du march\u00e9, les entreprises peuvent acqu\u00e9rir un avantage concurrentiel sur leurs concurrents en proposant des produits innovants, en ciblant des segments de march\u00e9 de niche et en offrant une exp\u00e9rience client de qualit\u00e9 sup\u00e9rieure.<\/li>\n\n\n\n<li><strong>Efficacit\u00e9 marketing am\u00e9lior\u00e9e\u00a0:<\/strong> Les \u00e9tudes de march\u00e9 permettent aux entreprises d&#039;adapter efficacement leurs efforts de marketing pour trouver un \u00e9cho aupr\u00e8s des publics cibles. Les entreprises peuvent d\u00e9velopper des campagnes marketing cibl\u00e9es qui g\u00e9n\u00e8rent des taux d&#039;engagement et de conversion plus \u00e9lev\u00e9s en comprenant les pr\u00e9f\u00e9rences des consommateurs, les probl\u00e8mes et les moteurs d&#039;achat.<\/li>\n\n\n\n<li><strong>Adaptabilit\u00e9 et Agilit\u00e9\u00a0:<\/strong> In today&#8217;s rapidly evolving business landscape, adaptability is key to success. Vacuum <a href=\"https:\/\/www.sisinternational.com\/fr\/solutions\/innovation\/etude-de-marche-agile\/\" title=\"\u00c9tude de march\u00e9 agile\"  data-wpil-monitor-id=\"6114\">market research empowers businesses to stay agile<\/a> by anticipating market shifts, adapting their strategies accordingly, and seizing emerging opportunities.<\/li>\n\n\n\n<li><strong>Satisfaction du client:<\/strong> Les entreprises peuvent am\u00e9liorer la satisfaction et la fid\u00e9lit\u00e9 de leurs clients en alignant leurs offres sur les besoins et les pr\u00e9f\u00e9rences des clients. Les \u00e9tudes de march\u00e9 aident les entreprises \u00e0 identifier les domaines \u00e0 am\u00e9liorer, \u00e0 affiner leur offre de produits et \u00e0 offrir une valeur sup\u00e9rieure aux clients.<\/li>\n<\/ul>\n\n\n\n<h2 class=\"wp-block-heading\">Who Uses Vacuum market research?<\/h2>\n\n\n\n<p>Vacuum market research is essential for manufacturers looking to understand market demand, identify emerging trends, and innovate their product offerings. <\/p>\n\n\n\n<p>Les d\u00e9taillants utilisent les \u00e9tudes de march\u00e9 sous vide pour optimiser les assortiments de produits, les strat\u00e9gies de prix et les activit\u00e9s promotionnelles. Gr\u00e2ce \u00e0 une compr\u00e9hension approfondie de la dynamique du march\u00e9 et du comportement des consommateurs, les d\u00e9taillants peuvent cibler efficacement leurs efforts marketing, optimiser la gestion des stocks et am\u00e9liorer la satisfaction des clients.<\/p>\n\n\n\n<p>Les investisseurs utilisent les \u00e9tudes de march\u00e9 du vide pour \u00e9valuer l\u2019attractivit\u00e9 des opportunit\u00e9s d\u2019investissement au sein de l\u2019industrie du vide. Les investisseurs peuvent prendre des d\u00e9cisions \u00e9clair\u00e9es sur l\u2019allocation du capital et maximiser les rendements en analysant les tendances du march\u00e9, les paysages concurrentiels et les perspectives de croissance.<\/p>\n\n\n\n<h2 class=\"wp-block-heading\">Facteurs de march\u00e9<\/h2>\n\n\n\n<figure class=\"gb-block-image gb-block-image-f1edef31\"><img loading=\"lazy\" decoding=\"async\" width=\"1456\" height=\"816\" class=\"gb-image gb-image-f1edef31\" src=\"https:\/\/www.sisinternational.com\/wp-content\/uploads\/2025\/08\/Vacuum-2.jpg\" alt=\"\u00c9tudes de march\u00e9 et strat\u00e9gie internationales SIS\" title=\"Vacuum (2)\" srcset=\"https:\/\/www.sisinternational.com\/wp-content\/uploads\/2025\/08\/Vacuum-2.jpg 1456w, https:\/\/www.sisinternational.com\/wp-content\/uploads\/2025\/08\/Vacuum-2-300x168.jpg 300w, https:\/\/www.sisinternational.com\/wp-content\/uploads\/2025\/08\/Vacuum-2-1024x574.jpg 1024w, https:\/\/www.sisinternational.com\/wp-content\/uploads\/2025\/08\/Vacuum-2-768x430.jpg 768w, https:\/\/www.sisinternational.com\/wp-content\/uploads\/2025\/08\/Vacuum-2-18x10.jpg 18w\" sizes=\"auto, (max-width: 1456px) 100vw, 1456px\"><\/figure>\n\n\n\n<p><\/p>\n\n\n\n<p>Plusieurs facteurs et tendances cl\u00e9s influencent l\u2019industrie du vide, fa\u00e7onnant la dynamique du march\u00e9 et stimulant l\u2019innovation. Comprendre ces facteurs est crucial pour que les entreprises puissent identifier les opportunit\u00e9s et relever efficacement les d\u00e9fis.<\/p>\n\n\n\n<ul class=\"wp-block-list\">\n<li><strong>Les avanc\u00e9es technologiques:<\/strong> Les progr\u00e8s continus dans la technologie du vide, notamment une puissance d\u2019aspiration am\u00e9lior\u00e9e, des syst\u00e8mes de filtration et des fonctionnalit\u00e9s intelligentes, stimulent la croissance du march\u00e9.<\/li>\n\n\n\n<li><strong>Sensibilisation croissante \u00e0 la qualit\u00e9 de l\u2019air int\u00e9rieur\u00a0:<\/strong> The increasing awareness of indoor air quality and its impact on health has driven demand for high-performance vacuum cleaners with advanced filtration systems.<\/li>\n\n\n\n<li><strong>Transition vers des solutions durables\u00a0:<\/strong> Il existe une tendance croissante vers des aspirateurs \u00e9cologiques et \u00e9conomes en \u00e9nergie, car les consommateurs accordent la priorit\u00e9 \u00e0 la durabilit\u00e9 et \u00e0 la responsabilit\u00e9 environnementale.<\/li>\n\n\n\n<li><strong>Mont\u00e9e de l\u2019int\u00e9gration de la maison intelligente\u00a0:<\/strong> L\u2019int\u00e9gration des aspirateurs aux \u00e9cosyst\u00e8mes de maison intelligente et aux assistants \u00e0 commande vocale gagne du terrain. Les aspirateurs intelligents dot\u00e9s d&#039;une connectivit\u00e9 Wi-Fi et de commandes vocales offrent plus de commodit\u00e9 et d&#039;automatisation, attirant les consommateurs f\u00e9rus de technologie \u00e0 la recherche de solutions pour la maison interconnect\u00e9e.<\/li>\n\n\n\n<li><strong>Expansion du march\u00e9 dans les \u00e9conomies \u00e9mergentes\u00a0:<\/strong> L&#039;industrie du vide conna\u00eet une croissance significative dans les \u00e9conomies \u00e9mergentes, tir\u00e9e par la hausse des revenus disponibles, l&#039;urbanisation et les changements de mode de vie.<\/li>\n<\/ul>\n\n\n\n<h2 class=\"wp-block-heading\">The Benefits of Working with SIS<\/h2>\n\n\n\n<p>SIS International propose des services de conseil complets adapt\u00e9s aux besoins et d\u00e9fis sp\u00e9cifiques des entreprises op\u00e9rant sur le march\u00e9 du vide. En tirant parti de son expertise sectorielle, de ses capacit\u00e9s d\u2019\u00e9tudes de march\u00e9 et de ses connaissances strat\u00e9giques, SIS vise \u00e0 fournir des r\u00e9sultats tangibles et \u00e0 stimuler la croissance commerciale de ses clients. Voici quelques r\u00e9sultats attendus des services de conseil de SIS International sur le march\u00e9 du vide :<\/p>\n\n\n\n<ul class=\"wp-block-list\">\n<li><strong>Aper\u00e7us et analyses du march\u00e9\u00a0:<\/strong> We conduct in-depth market research and analysis to provide clients with valuable insights into market trends, consumer behavior, the competitive landscape, and emerging opportunities within the vacuum industry. <\/li>\n\n\n\n<li><strong>Planification strat\u00e9gique et positionnement\u00a0:<\/strong> Notre \u00e9quipe aide nos clients \u00e0 \u00e9laborer des plans strat\u00e9giques et des strat\u00e9gies de positionnement pour am\u00e9liorer leur avantage concurrentiel et renforcer leur pr\u00e9sence sur le march\u00e9. Qu&#039;il s&#039;agisse de p\u00e9n\u00e9trer de nouveaux segments de march\u00e9, de s&#039;\u00e9tendre dans de nouvelles r\u00e9gions g\u00e9ographiques ou de diversifier les offres de produits.<\/li>\n\n\n\n<li><strong>D\u00e9veloppement de produits et innovation\u00a0:<\/strong> SIS International collabore avec ses clients pour piloter des initiatives de d\u00e9veloppement de produits et d&#039;innovation qui r\u00e9pondent \u00e0 l&#039;\u00e9volution des besoins et des pr\u00e9f\u00e9rences des consommateurs. Nous aidons nos clients \u00e0 identifier les opportunit\u00e9s d&#039;am\u00e9lioration des produits, de lancement de nouveaux produits et de strat\u00e9gies de diff\u00e9renciation pour garder une longueur d&#039;avance sur la concurrence.<\/li>\n\n\n\n<li><strong>Veille concurrentielle et benchmarking\u00a0:<\/strong> SIS conducts competitive intelligence and benchmarking analyses to help clients benchmark their performance against industry peers, identify competitive threats, and capitalize on competitive advantages. <\/li>\n\n\n\n<li><strong>Segmentation et ciblage du march\u00e9\u00a0:<\/strong> SIS International aide ses clients \u00e0 identifier et \u00e0 cibler des segments de march\u00e9 cl\u00e9s avec des strat\u00e9gies et des messages marketing sur mesure. Nos experts aident les clients \u00e0 affiner leur public cible, \u00e0 optimiser leurs campagnes marketing et \u00e0 allouer les ressources plus efficacement pour favoriser l&#039;acquisition et la fid\u00e9lisation des clients.<\/li>\n\n\n\n<li><strong>La menace de nouveaux participants:<\/strong> Le march\u00e9 du vide pr\u00e9sente une menace mod\u00e9r\u00e9e de nouveaux entrants. M\u00eame si les barri\u00e8res \u00e0 l\u2019entr\u00e9e, telles que la reconnaissance de la marque, les canaux de distribution et les \u00e9conomies d\u2019\u00e9chelle, peuvent dissuader de nouveaux acteurs, les progr\u00e8s technologiques et les processus de fabrication peuvent abaisser ces barri\u00e8res. De plus, des march\u00e9s ou segments de niche au sein de l\u2019industrie du vide peuvent attirer de nouveaux entrants cherchant \u00e0 capitaliser sur les besoins sp\u00e9cialis\u00e9s des consommateurs.<\/li>\n\n\n\n<li><strong>Pouvoir de n\u00e9gociation des fournisseurs:<\/strong> Les fournisseurs du march\u00e9 du vide d\u00e9tiennent un pouvoir de n\u00e9gociation mod\u00e9r\u00e9 \u00e0 \u00e9lev\u00e9. Quelques fabricants peuvent fournir des composants et des mat\u00e9riaux cl\u00e9s utilis\u00e9s dans la fabrication sous vide, tels que des moteurs, des filtres et des plastiques. En cons\u00e9quence, les fournisseurs peuvent exercer une influence sur les prix, la qualit\u00e9 et les d\u00e9lais de livraison.<\/li>\n\n\n\n<li><strong>Le pouvoir de n\u00e9gociation des acheteurs:<\/strong> <a href=\"https:\/\/www.sisinternational.com\/fr\/competence\/les-industries\/etude-de-marche-sur-lintention-de-lacheteur\/\" title=\"\u00c9tude de march\u00e9 sur l\u2019intention de l\u2019acheteur\"  data-wpil-monitor-id=\"7174\">Buyers in the vacuum market<\/a> have moderate bargaining power. While individual consumers may have limited bargaining power due to the availability of substitutes and price competition among brands, bulk buyers such as retailers and distributors may negotiate favorable terms and discounts based on order volumes.<\/li>\n\n\n\n<li><strong>La menace des substituts:<\/strong> La menace de substituts sur le march\u00e9 du vide est mod\u00e9r\u00e9e. Les solutions de nettoyage alternatives, telles que les balais, les vadrouilles et les robots aspirateurs, menacent les aspirateurs traditionnels. Cependant, la commodit\u00e9, l\u2019efficacit\u00e9 et les performances offertes par les aspirateurs, en particulier dans les applications sp\u00e9cialis\u00e9es telles que le nettoyage de tapis ou l\u2019\u00e9pilation d\u2019animaux, att\u00e9nuent la menace des substituts.<\/li>\n\n\n\n<li><strong>Intensit\u00e9 de la rivalit\u00e9 concurrentielle\u00a0:<\/strong> La rivalit\u00e9 concurrentielle sur le march\u00e9 du vide est \u00e9lev\u00e9e. De nombreuses marques \u00e9tablies et \u00e9mergentes se disputent des parts de march\u00e9 gr\u00e2ce \u00e0 la diff\u00e9renciation des produits, aux strat\u00e9gies de prix et aux campagnes marketing. Une concurrence intense stimule l\u2019innovation et le d\u00e9veloppement de produits, mais exerce \u00e9galement une pression sur les marges b\u00e9n\u00e9ficiaires.<\/li>\n<\/ul>\n\n\n\n<p><\/p>","protected":false},"excerpt":{"rendered":"<p>Les \u00e9tudes de march\u00e9 sur le vide analysent les tendances et la concurrence du secteur, y compris les pr\u00e9f\u00e9rences des consommateurs, la technologie et les r\u00e9glementations.<\/p>","protected":false},"author":1,"featured_media":63614,"parent":14514,"menu_order":446,"comment_status":"closed","ping_status":"closed","template":"","meta":{"footnotes":""},"class_list":["post-47532","page","type-page","status-publish","has-post-thumbnail"],"_links":{"self":[{"href":"https:\/\/www.sisinternational.com\/fr\/wp-json\/wp\/v2\/pages\/47532","targetHints":{"allow":["GET"]}}],"collection":[{"href":"https:\/\/www.sisinternational.com\/fr\/wp-json\/wp\/v2\/pages"}],"about":[{"href":"https:\/\/www.sisinternational.com\/fr\/wp-json\/wp\/v2\/types\/page"}],"author":[{"embeddable":true,"href":"https:\/\/www.sisinternational.com\/fr\/wp-json\/wp\/v2\/users\/1"}],"replies":[{"embeddable":true,"href":"https:\/\/www.sisinternational.com\/fr\/wp-json\/wp\/v2\/comments?post=47532"}],"version-history":[{"count":10,"href":"https:\/\/www.sisinternational.com\/fr\/wp-json\/wp\/v2\/pages\/47532\/revisions"}],"predecessor-version":[{"id":80737,"href":"https:\/\/www.sisinternational.com\/fr\/wp-json\/wp\/v2\/pages\/47532\/revisions\/80737"}],"up":[{"embeddable":true,"href":"https:\/\/www.sisinternational.com\/fr\/wp-json\/wp\/v2\/pages\/14514"}],"wp:featuredmedia":[{"embeddable":true,"href":"https:\/\/www.sisinternational.com\/fr\/wp-json\/wp\/v2\/media\/63614"}],"wp:attachment":[{"href":"https:\/\/www.sisinternational.com\/fr\/wp-json\/wp\/v2\/media?parent=47532"}],"curies":[{"name":"wp","href":"https:\/\/api.w.org\/{rel}","templated":true}]}}