{"id":47523,"date":"2024-04-15T15:08:36","date_gmt":"2024-04-15T19:08:36","guid":{"rendered":"https:\/\/www.sisinternational.com\/?page_id=47523"},"modified":"2026-01-26T17:06:15","modified_gmt":"2026-01-26T22:06:15","slug":"conseil-en-paiements-en-asie","status":"publish","type":"page","link":"https:\/\/www.sisinternational.com\/fr\/couverture\/etude-de-marche-en-asie\/conseil-en-paiements-en-asie\/","title":{"rendered":"Conseil en paiements en Asie"},"content":{"rendered":"<h1 class=\"wp-block-heading\">Conseil en paiements en Asie<\/h1>\n\n\n\n<figure class=\"gb-block-image gb-block-image-46320632\"><img loading=\"lazy\" decoding=\"async\" width=\"1456\" height=\"816\" class=\"gb-image gb-image-46320632\" src=\"https:\/\/www.sisinternational.com\/wp-content\/uploads\/2025\/08\/Multicultural-Advertising-Services-for-a-Famous-Peer-to-Peer-Payments-Technology-Company.jpg\" alt=\"\u00c9tudes de march\u00e9 et strat\u00e9gie internationales SIS\" title=\"Services de publicit\u00e9 multiculturelle pour une c\u00e9l\u00e8bre entreprise de technologie de paiement peer-to-peer\" srcset=\"https:\/\/www.sisinternational.com\/wp-content\/uploads\/2025\/08\/Multicultural-Advertising-Services-for-a-Famous-Peer-to-Peer-Payments-Technology-Company.jpg 1456w, https:\/\/www.sisinternational.com\/wp-content\/uploads\/2025\/08\/Multicultural-Advertising-Services-for-a-Famous-Peer-to-Peer-Payments-Technology-Company-300x168.jpg 300w, https:\/\/www.sisinternational.com\/wp-content\/uploads\/2025\/08\/Multicultural-Advertising-Services-for-a-Famous-Peer-to-Peer-Payments-Technology-Company-1024x574.jpg 1024w, https:\/\/www.sisinternational.com\/wp-content\/uploads\/2025\/08\/Multicultural-Advertising-Services-for-a-Famous-Peer-to-Peer-Payments-Technology-Company-768x430.jpg 768w, https:\/\/www.sisinternational.com\/wp-content\/uploads\/2025\/08\/Multicultural-Advertising-Services-for-a-Famous-Peer-to-Peer-Payments-Technology-Company-18x10.jpg 18w\" sizes=\"auto, (max-width: 1456px) 100vw, 1456px\"><\/figure>\n\n\n\n<hr class=\"wp-block-separator has-alpha-channel-opacity is-style-dots\"\/>\n\n\n\n<h3 class=\"wp-block-heading\">Avec les bons conseils, les entreprises peuvent naviguer dans un paysage financier diversifi\u00e9, aligner leurs offres sur les besoins des consommateurs et capitaliser sur les technologies de paiement \u00e9mergentes qui remod\u00e8lent le secteur.<\/h3>\n\n\n\n<p>Gr\u00e2ce \u00e0 une expertise approfondie des march\u00e9s locaux, des paysages r\u00e9glementaires et des avanc\u00e9es technologiques, nos conseils en mati\u00e8re de paiements en Asie permettent aux organisations d&#039;optimiser leurs strat\u00e9gies de paiement, d&#039;am\u00e9liorer l&#039;exp\u00e9rience client et de lib\u00e9rer tout le potentiel du paysage des paiements dynamique et en \u00e9volution rapide de l&#039;Asie.<\/p>\n\n\n\n<h2 class=\"wp-block-heading\">Qu&#039;est-ce qu&#039;Asia Payments Consulting ?<\/h2>\n\n\n\n<p>Asia Payments Consulting aide les entreprises \u00e0 comprendre et \u00e0 s&#039;adapter \u00e0 l&#039;\u00e9volution du paysage des paiements en Asie. Il comprend des informations sur les syst\u00e8mes de paiement num\u00e9rique, les pr\u00e9f\u00e9rences des consommateurs et les environnements r\u00e9glementaires dans diff\u00e9rents pays de la r\u00e9gion.<\/p>\n\n\n\n<h2 class=\"wp-block-heading\">Pourquoi Asia Payments Consulting est-il important aujourd\u2019hui ?<\/h2>\n\n\n\n<p><a href=\"https:\/\/www.sisinternational.com\/fr\/couverture\/etude-de-marche-en-asie\/conseil-en-commerce-electronique-en-asie\/\" title=\"Conseil en commerce \u00e9lectronique en Asie\"  data-wpil-monitor-id=\"3912\">Asia payments consulting<\/a> stands at the forefront of this transformative landscape, offering strategic guidance and tailored solutions to businesses navigating the complexities of payment ecosystems across the region.<\/p>\n\n\n\n<p>Des paiements mobiles \u00e0 la technologie blockchain en passant par l\u2019intelligence artificielle et la biom\u00e9trie, rester comp\u00e9titif n\u00e9cessite d\u2019adopter et d\u2019exploiter ces avanc\u00e9es. Les soci\u00e9t\u00e9s de conseil en paiements en Asie fournissent des informations sur les tendances et technologies \u00e9mergentes, aidant ainsi les entreprises \u00e0 garder une longueur d&#039;avance et \u00e0 tirer profit de nouvelles opportunit\u00e9s.<\/p>\n\n\n\n<p>En outre, les cabinets de conseil en paiement en Asie offrent une expertise locale et des informations sur le march\u00e9, permettant aux entreprises d&#039;adapter leurs strat\u00e9gies \u00e0 des march\u00e9s sp\u00e9cifiques et de p\u00e9n\u00e9trer efficacement de nouveaux territoires. Ce conseil est sp\u00e9cialis\u00e9 dans l&#039;identification des inefficacit\u00e9s, la mise en \u0153uvre des meilleures pratiques et l&#039;exploitation de la technologie pour am\u00e9liorer les performances op\u00e9rationnelles. En optimisant les processus de paiement, les entreprises peuvent r\u00e9duire les co\u00fbts, minimiser les erreurs et am\u00e9liorer l&#039;\u00e9volutivit\u00e9.<\/p>\n\n\n\n<p>Cependant, il apporte de nombreux autres avantages, notamment :<\/p>\n\n\n\n<ul class=\"wp-block-list\">\n<li><strong>Orientation strat\u00e9gique\u00a0:<\/strong> Le conseil en paiements en Asie fournit des conseils strat\u00e9giques adapt\u00e9s aux besoins et objectifs uniques de chaque client.<\/li>\n\n\n\n<li><strong>Conformit\u00e9 r\u00e9glementaire\u00a0:<\/strong> Ce conseil aide les clients \u00e0 se conformer aux r\u00e9glementations en vigueur, en garantissant qu&#039;ils respectent la loi et en \u00e9vitant des p\u00e9nalit\u00e9s co\u00fbteuses.<\/li>\n\n\n\n<li><strong>Int\u00e9gration technologique\u00a0:<\/strong> Le conseil aide les entreprises \u00e0 garder une longueur d\u2019avance en guidant l\u2019adoption et l\u2019int\u00e9gration de technologies de pointe qui stimulent l\u2019innovation et am\u00e9liorent l\u2019exp\u00e9rience client.<\/li>\n\n\n\n<li><strong>Efficacit\u00e9 op\u00e9rationnelle\u00a0:<\/strong> L&#039;optimisation des processus de paiement et l&#039;am\u00e9lioration de l&#039;efficacit\u00e9 op\u00e9rationnelle sont des priorit\u00e9s essentielles pour les entreprises en qu\u00eate d&#039;un avantage concurrentiel. Les soci\u00e9t\u00e9s de conseil en paiements en Asie identifient les inefficacit\u00e9s, rationalisent les flux de travail et mettent en \u0153uvre les meilleures pratiques pour am\u00e9liorer les performances op\u00e9rationnelles et g\u00e9n\u00e9rer des \u00e9conomies de co\u00fbts.<\/li>\n<\/ul>\n\n\n\n<h2 class=\"wp-block-heading\">Qui utilise nos services de conseil en mati\u00e8re de paiements en Asie<\/h2>\n\n\n\n<p>Financial Institutions rely on this consulting to navigate regulatory requirements, optimize operational processes, and capitalize on emerging trends and technologies in the payment industry. Fintech Startups also turn to <a href=\"https:\/\/www.sisinternational.com\/fr\/solutions\/recherche-de-conseil-en-strategie-fintech\/fintech-aller-au-conseil-sur-le-marche\/\" title=\"Conseil en mise sur le march\u00e9 des technologies financi\u00e8res\"  data-wpil-monitor-id=\"5877\">Asia payments consulting<\/a> for strategic guidance on market entry strategies, product development, and technology adoption. These firms help fintech startups navigate regulatory hurdles, forge strategic partnerships, and gain a competitive edge in the rapidly evolving landscape.<\/p>\n\n\n\n<p>De plus, les entreprises de commerce \u00e9lectronique ont besoin d&#039;une expertise sp\u00e9cialis\u00e9e pour am\u00e9liorer leurs capacit\u00e9s de paiement, am\u00e9liorer l&#039;exp\u00e9rience client et g\u00e9n\u00e9rer des taux de conversion. Les soci\u00e9t\u00e9s de conseil en paiements en Asie fournissent des informations sur les tendances en mati\u00e8re de paiement, les strat\u00e9gies de pr\u00e9vention de la fraude et les solutions de paiement transfrontali\u00e8res adapt\u00e9es au secteur du commerce \u00e9lectronique.<\/p>\n\n\n\n<p>De plus, les d\u00e9taillants et les commer\u00e7ants tirent parti du conseil en paiements en Asie pour optimiser leurs processus de paiement, r\u00e9duire les co\u00fbts de transaction et am\u00e9liorer la satisfaction des clients. Ces entreprises aident les d\u00e9taillants \u00e0 mettre en \u0153uvre des solutions de paiement omnicanal, des programmes de fid\u00e9lit\u00e9 et des options de paiement mobile pour rester comp\u00e9titifs \u00e0 l&#039;\u00e8re num\u00e9rique.<\/p>\n\n\n\n<h2 class=\"wp-block-heading\">R\u00e9sultats attendus de nos services de conseil en mati\u00e8re de paiements en Asie<\/h2>\n\n\n\n<p>Les services de conseil en paiements en Asie de SIS International fournissent une gamme de r\u00e9sultats attendus aux entreprises de la r\u00e9gion. Voici un aper\u00e7u plus approfondi des facteurs cl\u00e9s\u00a0:<\/p>\n\n\n\n<ul class=\"wp-block-list\">\n<li><strong>Conformit\u00e9 r\u00e9glementaire am\u00e9lior\u00e9e\u00a0:<\/strong> L&#039;expertise de SIS International dans le paysage r\u00e9glementaire complexe de l&#039;Asie garantit que les clients restent conformes aux r\u00e9glementations en vigueur, minimisant ainsi le risque d&#039;amendes et de p\u00e9nalit\u00e9s tout en favorisant la confiance et la cr\u00e9dibilit\u00e9 aupr\u00e8s des r\u00e9gulateurs.<\/li>\n\n\n\n<li><strong>P\u00e9n\u00e9tration am\u00e9lior\u00e9e du march\u00e9\u00a0:<\/strong> En fournissant des informations exploitables sur le march\u00e9 et des conseils strat\u00e9giques, SIS permet \u00e0 ses clients de p\u00e9n\u00e9trer efficacement de nouveaux march\u00e9s, d&#039;identifier les opportunit\u00e9s de croissance et d&#039;acqu\u00e9rir un avantage concurrentiel sur leurs concurrents.<\/li>\n\n\n\n<li><strong>Efficacit\u00e9 op\u00e9rationnelle accrue\u00a0:<\/strong> Gr\u00e2ce \u00e0 l&#039;optimisation des processus et \u00e0 l&#039;int\u00e9gration technologique, nous aidons nos clients \u00e0 rationaliser leurs op\u00e9rations de paiement, \u00e0 r\u00e9duire les co\u00fbts et \u00e0 am\u00e9liorer l&#039;efficacit\u00e9 globale, am\u00e9liorant ainsi la rentabilit\u00e9 et l&#039;\u00e9volutivit\u00e9.<\/li>\n\n\n\n<li><strong>De meilleures exp\u00e9riences client\u00a0:<\/strong> L&#039;accent mis par SIS International sur l&#039;am\u00e9lioration de l&#039;exp\u00e9rience client garantit que les clients offrent des exp\u00e9riences de paiement transparentes et fluides qui favorisent la satisfaction, la fid\u00e9lit\u00e9 et la r\u00e9tention des clients.<\/li>\n\n\n\n<li><strong>Solutions innovantes:<\/strong> En tirant parti des technologies de pointe et des meilleures pratiques, SIS International d\u00e9veloppe des solutions de paiement innovantes qui r\u00e9pondent aux besoins et pr\u00e9f\u00e9rences changeants des consommateurs, positionnant ainsi les clients comme leaders dans un paysage de paiement en \u00e9volution rapide.<\/li>\n<\/ul>\n\n\n\n<h2 class=\"wp-block-heading\">Opportunit\u00e9s<\/h2>\n\n\n\n<figure class=\"wp-block-image\"><img decoding=\"async\" src=\"https:\/\/www.sisinternational.com\/wp-content\/uploads\/2018\/11\/Payment-Technology-Market-Research.jpg\" alt=\"\u00c9tudes de march\u00e9 et strat\u00e9gie internationales SIS\" class=\"wp-image-28331\"><\/figure>\n\n\n\n<p><\/p>\n\n\n\n<p>Le paysage asiatique du conseil en paiements pr\u00e9sente de nombreuses opportunit\u00e9s pour les entreprises qui cherchent \u00e0 prosp\u00e9rer sur le march\u00e9 dynamique de la r\u00e9gion. Certains des facteurs cl\u00e9s \u00e0 l\u2019origine de ces opportunit\u00e9s comprennent\u00a0:<\/p>\n\n\n\n<ul class=\"wp-block-list\">\n<li><strong>March\u00e9 du commerce \u00e9lectronique en expansion\u00a0:<\/strong> Le march\u00e9 du commerce \u00e9lectronique en plein essor en Asie offre aux entreprises d\u2019importantes opportunit\u00e9s d\u2019am\u00e9liorer leurs capacit\u00e9s de paiement et de capter une plus grande part des transactions en ligne.<\/li>\n\n\n\n<li><strong>Expansion transfrontali\u00e8re\u00a0:<\/strong> As businesses globalize, there is a growing demand for <a href=\"https:\/\/www.sisinternational.com\/fr\/solutions\/recherche-de-conseil-en-strategie-fintech\/conseil-en-sauvegarde-des-paiements\/\" title=\"Conseil en mati\u00e8re de coffre-fort de paiements\"  data-wpil-monitor-id=\"4804\">consulting services that support cross-border payment<\/a> operations and expansion into new markets.<\/li>\n\n\n\n<li><strong>Exp\u00e9rience client am\u00e9lior\u00e9e\u00a0:<\/strong> Dans un march\u00e9 de plus en plus concurrentiel, les entreprises am\u00e9liorent l\u2019exp\u00e9rience client pour favoriser la fid\u00e9lit\u00e9 et la r\u00e9tention.<\/li>\n<\/ul>\n\n\n\n<h2 class=\"wp-block-heading\">D\u00e9fis<\/h2>\n\n\n\n<p>Si le secteur asiatique du conseil en paiements offre de nombreuses opportunit\u00e9s commerciales, il pr\u00e9sente \u00e9galement des d\u00e9fis qui doivent \u00eatre surmont\u00e9s efficacement. Certains d\u00e9fis cl\u00e9s comprennent\u00a0:<\/p>\n\n\n\n<ul class=\"wp-block-list\">\n<li><strong>Complexit\u00e9 r\u00e9glementaire\u00a0:<\/strong> Le paysage r\u00e9glementaire asiatique est tr\u00e8s fragment\u00e9, les r\u00e9glementations de chaque pays r\u00e9gissant le secteur des paiements. Naviguer dans cet environnement r\u00e9glementaire complexe peut s\u2019av\u00e9rer difficile pour les entreprises op\u00e9rant dans plusieurs juridictions.<\/li>\n\n\n\n<li><strong>Probl\u00e8mes de s\u00e9curit\u00e9\u00a0:<\/strong> Avec la pr\u00e9valence croissante des cybermenaces et des violations de donn\u00e9es, la s\u00e9curit\u00e9 constitue une pr\u00e9occupation majeure pour les entreprises op\u00e9rant dans le secteur des paiements. Garantir la s\u00e9curit\u00e9 et l\u2019int\u00e9grit\u00e9 des transactions de paiement n\u00e9cessite des mesures de cybers\u00e9curit\u00e9 robustes, le respect des normes industrielles telles que PCI DSS, ainsi qu\u2019une surveillance et une \u00e9valuation des risques continues.<\/li>\n\n\n\n<li><strong>Fragmentation du march\u00e9\u00a0:<\/strong> <a href=\"https:\/\/www.sisinternational.com\/fr\/la-voix-des-consommateurs-indiens\/\" title=\"La voix des consommateurs indiens\"  data-wpil-monitor-id=\"2438\">Asia&#8217;s<\/a> diverse markets present unique challenges for businesses seeking to expand their regional payment operations regarding consumer preferences, cultural norms, and infrastructure development, which can complicate market entry and localization efforts.<\/li>\n<\/ul>\n\n\n\n<h2 class=\"wp-block-heading\">Analyse SWOT<\/h2>\n\n\n\n<figure class=\"wp-block-image\"><img decoding=\"async\" src=\"https:\/\/www.sisinternational.com\/wp-content\/uploads\/2019\/03\/China-Payment-Tech-Market-Research-FinTech.jpg\" alt=\"\u00c9tude de march\u00e9 sur les technologies de paiement en Chine FinTech\" class=\"wp-image-31110\"\/><\/figure>\n\n\n\n<p><\/p>\n\n\n\n<p>Une analyse SWOT fournit un aper\u00e7u complet des forces, des faiblesses, des opportunit\u00e9s et des menaces d&#039;un secteur dans le secteur du conseil en paiements en Asie\u00a0:<\/p>\n\n\n\n<h3 class=\"wp-block-heading\"><strong>Forces<\/strong><\/h3>\n\n\n\n<ul class=\"wp-block-list\">\n<li><strong>Demande croissante:<\/strong> La r\u00e9gion Asie-Pacifique conna\u00eet une croissance \u00e9conomique rapide, entra\u00eenant une demande accrue de services de conseil dans divers secteurs, notamment les paiements.<\/li>\n\n\n\n<li><strong>Innovation technologique:<\/strong> La r\u00e9gion est un foyer d\u2019innovation technologique, offrant aux soci\u00e9t\u00e9s de conseil en paiements la possibilit\u00e9 de tirer parti des technologies de pointe pour stimuler l\u2019innovation et l\u2019efficacit\u00e9.<\/li>\n\n\n\n<li><strong>Emplacement strat\u00e9gique\u00a0:<\/strong> L&#039;Asie est une plaque tournante des op\u00e9rations commerciales mondiales, permettant aux cabinets de conseil d&#039;acc\u00e9der \u00e0 un large \u00e9ventail de clients et de march\u00e9s.<\/li>\n<\/ul>\n\n\n\n<h3 class=\"wp-block-heading\"><strong>Faiblesses<\/strong><\/h3>\n\n\n\n<ul class=\"wp-block-list\">\n<li><strong>Complexit\u00e9 r\u00e9glementaire\u00a0:<\/strong> L\u2019environnement r\u00e9glementaire fragment\u00e9 en Asie pose des d\u00e9fis aux soci\u00e9t\u00e9s de conseil en paiements, n\u00e9cessitant des ressources et une expertise consid\u00e9rables pour garantir la conformit\u00e9 dans plusieurs juridictions.<\/li>\n\n\n\n<li><strong>Comp\u00e9tition intense:<\/strong> Le secteur du conseil en paiements en Asie est tr\u00e8s comp\u00e9titif, avec de nombreux acteurs se disputant des parts de march\u00e9. Se diff\u00e9rencier sur un march\u00e9 aussi encombr\u00e9 peut \u00eatre un d\u00e9fi.<\/li>\n\n\n\n<li><strong>Gain de talent:<\/strong> Acqu\u00e9rir et retenir les meilleurs talents poss\u00e9dant l\u2019expertise n\u00e9cessaire en mati\u00e8re de paiements et de technologie peut s\u2019av\u00e9rer difficile pour les cabinets de conseil en Asie, en particulier dans un contexte de concurrence croissante pour les professionnels qualifi\u00e9s.<\/li>\n<\/ul>\n\n\n\n<h3 class=\"wp-block-heading\"><strong>Opportunit\u00e9s<\/strong><\/h3>\n\n\n\n<ul class=\"wp-block-list\">\n<li><strong>Transformation num\u00e9rique\u00a0:<\/strong> La transformation num\u00e9rique des entreprises et des \u00e9conomies en Asie offre aux soci\u00e9t\u00e9s de conseil en paiements d\u2019importantes opportunit\u00e9s d\u2019aider leurs clients \u00e0 adopter des solutions de paiement num\u00e9rique et \u00e0 am\u00e9liorer leurs capacit\u00e9s num\u00e9riques.<\/li>\n\n\n\n<li><strong>Croissance du commerce \u00e9lectronique\u00a0:<\/strong> The booming e-commerce market in <a href=\"https:\/\/www.sisinternational.com\/fr\/solutions\/croissance-mondiale\/conseil-en-croissance\/\" title=\"Conseil en croissance\"  data-wpil-monitor-id=\"6401\">Asia offers opportunities for payments consulting<\/a> firms to provide specialized services to online retailers, including payment gateway integration, fraud prevention, and cross-border payment solutions.<\/li>\n\n\n\n<li><strong>March\u00e9s \u00e9mergents:<\/strong> La croissance rapide des march\u00e9s asiatiques \u00e9mergents tels que l\u2019Inde, l\u2019Indon\u00e9sie et le Vietnam offre aux soci\u00e9t\u00e9s de conseil en paiements des opportunit\u00e9s inexploit\u00e9es d\u2019\u00e9largir leur client\u00e8le et d\u2019\u00e9tablir une pr\u00e9sence sur de nouveaux march\u00e9s.<\/li>\n<\/ul>\n\n\n\n<h3 class=\"wp-block-heading\"><strong>Des menaces<\/strong><\/h3>\n\n\n\n<ul class=\"wp-block-list\">\n<li><strong>Risques r\u00e9glementaires\u00a0:<\/strong> Les changements dans la r\u00e9glementation ou les exigences de conformit\u00e9 pourraient pr\u00e9senter des risques pour les soci\u00e9t\u00e9s de conseil en paiements, les obligeant \u00e0 s&#039;adapter rapidement pour garantir une conformit\u00e9 continue et minimiser les perturbations potentielles de leurs op\u00e9rations.<\/li>\n\n\n\n<li><strong>Menaces de cybers\u00e9curit\u00e9\u00a0:<\/strong> La pr\u00e9valence croissante des cybermenaces et des violations de donn\u00e9es pr\u00e9sente des risques pour les soci\u00e9t\u00e9s de conseil en paiement et leurs clients, soulignant l&#039;importance de mesures de cybers\u00e9curit\u00e9 et de pratiques de gestion des risques robustes.<\/li>\n\n\n\n<li><strong>Technologies disruptives\u00a0:<\/strong> Les technologies disruptives telles que la blockchain et la crypto-monnaie ont le potentiel de remodeler le paysage des paiements en Asie, posant \u00e0 la fois des opportunit\u00e9s et des menaces pour les m\u00e9thodes de paiement traditionnelles et les soci\u00e9t\u00e9s de conseil op\u00e9rant dans le secteur.<\/li>\n<\/ul>\n\n\n\n<h2 class=\"wp-block-heading\">Comment SIS International Asia Payments Consulting aide les entreprises<\/h2>\n\n\n\n<p>Les services de conseil en paiements en Asie de SIS International sont con\u00e7us pour relever les d\u00e9fis et opportunit\u00e9s uniques auxquels sont confront\u00e9es les entreprises op\u00e9rant dans le paysage dynamique des paiements de la r\u00e9gion. Voici comment SIS peut aider les entreprises\u00a0:<\/p>\n\n\n\n<ul class=\"wp-block-list\">\n<li><strong>Conseil strat\u00e9gique\u00a0:<\/strong> <a href=\"https:\/\/medium.com\/@sisinternational\/sis-international-c17160da8fac\" target=\"_blank\" rel=\"noopener\"><span style=\"font-weight: 400;\">SIS<\/span><\/a> fournit des services de conseil strat\u00e9gique adapt\u00e9s aux besoins et aux objectifs de chaque client. Nous aidons les entreprises \u00e0 d\u00e9velopper et \u00e0 mettre en \u0153uvre des strat\u00e9gies efficaces pour stimuler la croissance, l&#039;innovation et l&#039;avantage concurrentiel sur le march\u00e9 des paiements en Asie-Pacifique en nous appuyant sur une expertise approfondie du secteur et sur des connaissances du march\u00e9.<\/li>\n\n\n\n<li><strong>Conformit\u00e9 r\u00e9glementaire\u00a0:<\/strong> Gr\u00e2ce \u00e0 une compr\u00e9hension approfondie du paysage r\u00e9glementaire asiatique, SIS International aide les entreprises \u00e0 s&#039;adapter aux exigences r\u00e9glementaires complexes et \u00e0 garantir la conformit\u00e9 aux lois et normes pertinentes. Des \u00e9valuations r\u00e9glementaires aux audits de conformit\u00e9 et aux strat\u00e9gies de gestion des risques, SIS International aide ses clients \u00e0 att\u00e9nuer les risques r\u00e9glementaires et \u00e0 maintenir la confiance et la cr\u00e9dibilit\u00e9 aupr\u00e8s des r\u00e9gulateurs.<\/li>\n\n\n\n<li><strong>Int\u00e9gration technologique\u00a0:<\/strong> SIS aide les entreprises \u00e0 tirer parti des technologies de pointe pour am\u00e9liorer leurs capacit\u00e9s de paiement et stimuler l&#039;innovation. Qu&#039;il s&#039;agisse de mettre en \u0153uvre des solutions de paiement mobile, d&#039;adopter la technologie blockchain ou d&#039;am\u00e9liorer les mesures de cybers\u00e9curit\u00e9, notre \u00e9quipe fournit des conseils et un soutien d&#039;experts pour aider les clients \u00e0 garder une longueur d&#039;avance.<\/li>\n\n\n\n<li><strong>Connaissance du march\u00e9:<\/strong> SIS International offre des informations et des informations pr\u00e9cieuses sur le march\u00e9 pour aider les entreprises \u00e0 prendre des d\u00e9cisions \u00e9clair\u00e9es et \u00e0 tirer parti des opportunit\u00e9s \u00e9mergentes sur le march\u00e9 des paiements en Asie-Pacifique. De l&#039;analyse du comportement des consommateurs \u00e0 l&#039;analyse comparative des concurrents et \u00e0 la pr\u00e9vision des tendances, SIS fournit \u00e0 ses clients les connaissances et les outils dont ils ont besoin pour r\u00e9ussir dans un paysage en \u00e9volution rapide.<\/li>\n\n\n\n<li><strong>Optimisation op\u00e9rationnelle\u00a0:<\/strong>&nbsp;<a href=\"https:\/\/www.linkedin.com\/company\/sisinternationalresearch\/\" target=\"_blank\" rel=\"noopener\"><span style=\"font-weight: 400;\">SIS International<\/span><\/a> aide les entreprises \u00e0 optimiser leurs processus de paiement et \u00e0 am\u00e9liorer leur efficacit\u00e9 op\u00e9rationnelle. Nous aidons nos clients \u00e0 r\u00e9duire leurs co\u00fbts, \u00e0 minimiser les erreurs et \u00e0 am\u00e9liorer leurs performances en identifiant les inefficacit\u00e9s, en rationalisant les flux de travail et en mettant en \u0153uvre les meilleures pratiques.<\/li>\n<\/ul>\n\n\n\n<h2 class=\"wp-block-heading\">\u00c0 propos de SIS International Asia Payments Consulting<\/h2>\n\n\n\n<p>SIS International Asia Payments Consulting est sp\u00e9cialis\u00e9 dans la fourniture de solutions strat\u00e9giques sur mesure aux entreprises du monde entier. Nos consultants experts offrent des services de conseil complets en mati\u00e8re d&#039;entr\u00e9e sur le march\u00e9, d&#039;expansion commerciale, de planification strat\u00e9gique et de d\u00e9veloppement organisationnel. Nous travaillons en partenariat avec nos clients, de l&#039;analyse de march\u00e9 au soutien \u00e0 la mise en \u0153uvre, pour favoriser une croissance durable et un avantage concurrentiel. <a href=\"https:\/\/www.sisinternational.com\/fr\/a-propos-de-la-recherche-internationale-sis\/contact-sis-international-market-research\/\"><span style=\"font-weight: 400;\">Contactez nous<\/span><\/a> pour d\u00e9couvrir comment notre expertise en conseil peut dynamiser votre entreprise.<\/p>\n\n\n\n<p><\/p>","protected":false},"excerpt":{"rendered":"<p>Les soci\u00e9t\u00e9s de conseil en paiements en Asie fournissent des informations sur les tendances et technologies \u00e9mergentes pour aider les entreprises \u00e0 garder une longueur d&#039;avance.<\/p>","protected":false},"author":1,"featured_media":64890,"parent":14508,"menu_order":95,"comment_status":"closed","ping_status":"closed","template":"","meta":{"footnotes":""},"class_list":["post-47523","page","type-page","status-publish","has-post-thumbnail"],"_links":{"self":[{"href":"https:\/\/www.sisinternational.com\/fr\/wp-json\/wp\/v2\/pages\/47523","targetHints":{"allow":["GET"]}}],"collection":[{"href":"https:\/\/www.sisinternational.com\/fr\/wp-json\/wp\/v2\/pages"}],"about":[{"href":"https:\/\/www.sisinternational.com\/fr\/wp-json\/wp\/v2\/types\/page"}],"author":[{"embeddable":true,"href":"https:\/\/www.sisinternational.com\/fr\/wp-json\/wp\/v2\/users\/1"}],"replies":[{"embeddable":true,"href":"https:\/\/www.sisinternational.com\/fr\/wp-json\/wp\/v2\/comments?post=47523"}],"version-history":[{"count":16,"href":"https:\/\/www.sisinternational.com\/fr\/wp-json\/wp\/v2\/pages\/47523\/revisions"}],"predecessor-version":[{"id":79984,"href":"https:\/\/www.sisinternational.com\/fr\/wp-json\/wp\/v2\/pages\/47523\/revisions\/79984"}],"up":[{"embeddable":true,"href":"https:\/\/www.sisinternational.com\/fr\/wp-json\/wp\/v2\/pages\/14508"}],"wp:featuredmedia":[{"embeddable":true,"href":"https:\/\/www.sisinternational.com\/fr\/wp-json\/wp\/v2\/media\/64890"}],"wp:attachment":[{"href":"https:\/\/www.sisinternational.com\/fr\/wp-json\/wp\/v2\/media?parent=47523"}],"curies":[{"name":"wp","href":"https:\/\/api.w.org\/{rel}","templated":true}]}}