{"id":47517,"date":"2024-04-15T15:12:40","date_gmt":"2024-04-15T19:12:40","guid":{"rendered":"https:\/\/www.sisinternational.com\/?page_id=47517"},"modified":"2026-01-24T18:55:10","modified_gmt":"2026-01-24T23:55:10","slug":"conseil-en-commerce-electronique-en-asie","status":"publish","type":"page","link":"https:\/\/www.sisinternational.com\/fr\/couverture\/etude-de-marche-en-asie\/conseil-en-commerce-electronique-en-asie\/","title":{"rendered":"Conseil en commerce \u00e9lectronique en Asie"},"content":{"rendered":"<h1 class=\"wp-block-heading\">Conseil en commerce \u00e9lectronique en Asie<\/h1>\n\n\n\n<figure class=\"gb-block-image gb-block-image-9e1d27c8\"><img loading=\"lazy\" decoding=\"async\" width=\"1456\" height=\"816\" class=\"gb-image gb-image-9e1d27c8\" src=\"https:\/\/www.sisinternational.com\/wp-content\/uploads\/2025\/08\/ecommerce-e-commerce-4.jpg\" alt=\"\u00c9tudes de march\u00e9 et strat\u00e9gie internationales SIS\" title=\"ecommerce e-commerce (4)\" srcset=\"https:\/\/www.sisinternational.com\/wp-content\/uploads\/2025\/08\/ecommerce-e-commerce-4.jpg 1456w, https:\/\/www.sisinternational.com\/wp-content\/uploads\/2025\/08\/ecommerce-e-commerce-4-300x168.jpg 300w, https:\/\/www.sisinternational.com\/wp-content\/uploads\/2025\/08\/ecommerce-e-commerce-4-1024x574.jpg 1024w, https:\/\/www.sisinternational.com\/wp-content\/uploads\/2025\/08\/ecommerce-e-commerce-4-768x430.jpg 768w, https:\/\/www.sisinternational.com\/wp-content\/uploads\/2025\/08\/ecommerce-e-commerce-4-18x10.jpg 18w\" sizes=\"auto, (max-width: 1456px) 100vw, 1456px\"><\/figure>\n\n\n\n<hr class=\"wp-block-separator has-alpha-channel-opacity is-style-dots\"\/>\n\n\n\n<p>Asia eCommerce Consulting incarne le pont entre ambition et ex\u00e9cution, proposant des strat\u00e9gies et des informations sur mesure pour naviguer dans les complexit\u00e9s de cet \u00e9cosyst\u00e8me diversifi\u00e9 et en \u00e9volution rapide.<\/p>\n\n\n\n<h2 class=\"wp-block-heading\">What Is Asia eCommerce consulting?<\/h2>\n\n\n\n<p>Le conseil en commerce \u00e9lectronique en Asie aide les entreprises \u00e0 \u00e9tablir et \u00e0 optimiser leur pr\u00e9sence en ligne sur le march\u00e9 asiatique. Des \u00e9tudes de march\u00e9 et des informations sur les consommateurs aux strat\u00e9gies de marketing num\u00e9rique et \u00e0 l&#039;optimisation op\u00e9rationnelle, le conseil en commerce \u00e9lectronique en Asie fournit aux entreprises les conseils et l&#039;expertise n\u00e9cessaires pour prosp\u00e9rer dans le paysage concurrentiel du commerce \u00e9lectronique asiatique.<\/p>\n\n\n\n<h2 class=\"wp-block-heading\">Pourquoi c&#039;est important?\u00a0<\/h2>\n\n\n\n<p>Le conseil en commerce \u00e9lectronique en Asie offre des connaissances et une expertise approfondies sur les divers march\u00e9s d&#039;Asie, notamment la Chine, l&#039;Inde, l&#039;Asie du Sud-Est et le Japon. Il aide les entreprises \u00e0 comprendre les nuances de chaque march\u00e9, notamment les diff\u00e9rences culturelles, les paysages r\u00e9glementaires et la dynamique concurrentielle, leur permettant ainsi d&#039;adapter leurs strat\u00e9gies et leur approche aux conditions sp\u00e9cifiques du march\u00e9.<\/p>\n\n\n\n<p>Il propose \u00e9galement des informations et des analyses pour aider les entreprises \u00e0 acqu\u00e9rir une compr\u00e9hension approfondie des comportements, des pr\u00e9f\u00e9rences et des habitudes d&#039;achat des consommateurs asiatiques. En d\u00e9couvrant des informations sur les pr\u00e9f\u00e9rences d&#039;achat, les m\u00e9thodes de paiement et les mod\u00e8les d&#039;utilisation mobile, les entreprises peuvent d\u00e9velopper des strat\u00e9gies marketing cibl\u00e9es et des offres de produits qui trouvent un \u00e9cho aupr\u00e8s des consommateurs asiatiques.<\/p>\n\n\n\n<p>De plus, ce conseil fournit des conseils strat\u00e9giques et un soutien aux entreprises \u00e0 chaque \u00e9tape de leur parcours de commerce \u00e9lectronique, de l&#039;entr\u00e9e sur le march\u00e9 et de la s\u00e9lection de la plateforme au marketing num\u00e9rique et \u00e0 l&#039;acquisition de clients\u2026 Mais il offre de nombreux autres avantages, notamment :<\/p>\n\n\n\n<ul class=\"wp-block-list\">\n<li><strong>Marketing num\u00e9rique optimis\u00e9\u00a0:<\/strong> Ce conseil aide les entreprises \u00e0 d\u00e9velopper et \u00e0 mettre en \u0153uvre des strat\u00e9gies de marketing num\u00e9rique cibl\u00e9es, en tirant parti de plateformes telles que les moteurs de recherche, les m\u00e9dias sociaux et les march\u00e9s de commerce \u00e9lectronique pour atteindre et impliquer efficacement les consommateurs asiatiques.<\/li>\n\n\n\n<li><strong>Exp\u00e9rience client am\u00e9lior\u00e9e\u00a0:<\/strong> Les consultants en commerce \u00e9lectronique d&#039;Asie travaillent avec les entreprises pour optimiser leur parcours client, de la navigation sur le site Web et de la d\u00e9couverte de produits au paiement et \u00e0 l&#039;assistance post-achat.<\/li>\n\n\n\n<li><strong>Prise de d\u00e9cision bas\u00e9e sur les donn\u00e9es\u00a0:<\/strong> Les consultants aident les entreprises \u00e0 exploiter la puissance de l&#039;analyse des donn\u00e9es et des informations pour suivre les performances, mesurer le retour sur investissement et optimiser les strat\u00e9gies pour r\u00e9ussir sur le march\u00e9 asiatique du commerce \u00e9lectronique.<\/li>\n<\/ul>\n\n\n\n<h2 class=\"wp-block-heading\">Who Uses Asia eCommerce consulting<\/h2>\n\n\n\n<p>Les marques mondiales et les soci\u00e9t\u00e9s multinationales cherchant \u00e0 \u00e9tendre leur pr\u00e9sence sur le march\u00e9 asiatique du commerce \u00e9lectronique s&#039;appuient sur le conseil en commerce \u00e9lectronique en Asie pour naviguer dans les complexit\u00e9s des march\u00e9s locaux, comprendre les pr\u00e9f\u00e9rences des consommateurs et d\u00e9velopper des strat\u00e9gies sur mesure pour r\u00e9ussir.<\/p>\n\n\n\n<p>De m\u00eame, les petites et moyennes entreprises (PME) ont souvent besoin de davantage de ressources et d\u2019expertise pour naviguer de mani\u00e8re ind\u00e9pendante sur le march\u00e9. Par cons\u00e9quent, ils s&#039;engagent dans le conseil en commerce \u00e9lectronique en Asie pour acc\u00e9der \u00e0 des conseils strat\u00e9giques, des informations sur le march\u00e9 et un soutien op\u00e9rationnel. Cela les aide \u00e0 surmonter les barri\u00e8res \u00e0 l\u2019entr\u00e9e et \u00e0 r\u00e9ussir dans le paysage concurrentiel du commerce \u00e9lectronique asiatique.<\/p>\n\n\n\n<p>De plus, les plateformes et places de march\u00e9 de commerce \u00e9lectronique s&#039;appuient sur le conseil en commerce \u00e9lectronique en Asie pour am\u00e9liorer leurs offres, optimiser l&#039;exp\u00e9rience utilisateur et stimuler la croissance sur le march\u00e9 hautement concurrentiel du commerce \u00e9lectronique.<\/p>\n\n\n\n<h2 class=\"wp-block-heading\">Factors to Consider<\/h2>\n\n\n\n<figure class=\"gb-block-image gb-block-image-84dc1250\"><img loading=\"lazy\" decoding=\"async\" width=\"1456\" height=\"816\" class=\"gb-image gb-image-84dc1250\" src=\"https:\/\/www.sisinternational.com\/wp-content\/uploads\/2025\/08\/ecommerce-e-commerce-2.jpg\" alt=\"\u00c9tudes de march\u00e9 et strat\u00e9gie internationales SIS\" title=\"ecommerce e-commerce (2)\" srcset=\"https:\/\/www.sisinternational.com\/wp-content\/uploads\/2025\/08\/ecommerce-e-commerce-2.jpg 1456w, https:\/\/www.sisinternational.com\/wp-content\/uploads\/2025\/08\/ecommerce-e-commerce-2-300x168.jpg 300w, https:\/\/www.sisinternational.com\/wp-content\/uploads\/2025\/08\/ecommerce-e-commerce-2-1024x574.jpg 1024w, https:\/\/www.sisinternational.com\/wp-content\/uploads\/2025\/08\/ecommerce-e-commerce-2-768x430.jpg 768w, https:\/\/www.sisinternational.com\/wp-content\/uploads\/2025\/08\/ecommerce-e-commerce-2-18x10.jpg 18w\" sizes=\"auto, (max-width: 1456px) 100vw, 1456px\"><\/figure>\n\n\n\n<p><\/p>\n\n\n\n<p>La mise en \u0153uvre d\u2019une strat\u00e9gie de commerce \u00e9lectronique r\u00e9ussie en Asie n\u00e9cessite que les entreprises prennent en compte plusieurs facteurs de r\u00e9ussite essentiels pour naviguer efficacement dans les complexit\u00e9s du march\u00e9. Voici quelques facteurs cl\u00e9s \u00e0 consid\u00e9rer\u00a0:<\/p>\n\n\n\n<ul class=\"wp-block-list\">\n<li><strong>Approche localis\u00e9e\u00a0:<\/strong> Adopting a localized approach is essential for success in <a href=\"https:\/\/www.sisinternational.com\/fr\/comment-elaborer-des-recherches-sur-la-culture-japonaise\/\" title=\"Comment cr\u00e9er des recherches pour le Japon\u00a0; La culture, \u00e7a compte !\"  data-wpil-monitor-id=\"9535\">Asia&#8217;s diverse and culturally<\/a> distinct markets. Businesses must tailor their eCommerce strategies, product offerings, and marketing campaigns to meet local consumers&#8217; unique needs and preferences.<\/li>\n\n\n\n<li><strong>Pr\u00e9sence omnicanal\u00a0:<\/strong> Cela implique l&#039;int\u00e9gration de plusieurs canaux de vente, notamment les march\u00e9s en ligne, les plateformes de r\u00e9seaux sociaux, les applications mobiles et les magasins physiques, pour cr\u00e9er une exp\u00e9rience d&#039;achat client fluide sur diff\u00e9rents points de contact.<\/li>\n\n\n\n<li><strong>Optimisation mobile\u00a0:<\/strong> Cela comprend la conception de sites Web adapt\u00e9s aux mobiles, l&#039;optimisation des processus de paiement pour les utilisateurs mobiles et l&#039;exploitation des applications mobiles et des plateformes de messagerie pour interagir avec les clients en d\u00e9placement.<\/li>\n\n\n\n<li><strong>Efficacit\u00e9 de la cha\u00eene d&#039;approvisionnement\u00a0:<\/strong> Les entreprises doivent optimiser leurs processus de cha\u00eene d&#039;approvisionnement, y compris la gestion des stocks, l&#039;entreposage et l&#039;ex\u00e9cution, pour garantir une livraison dans les d\u00e9lais et la disponibilit\u00e9 des produits.<\/li>\n\n\n\n<li><strong>Excellence de l&#039;exp\u00e9rience client\u00a0:<\/strong> Les entreprises doivent donner la priorit\u00e9 au service client, \u00e0 la personnalisation et au support post-achat pour renforcer la confiance, la fid\u00e9lit\u00e9 et la d\u00e9fense des int\u00e9r\u00eats des consommateurs asiatiques. En investissant dans l\u2019excellence de l\u2019exp\u00e9rience client, les entreprises peuvent se diff\u00e9rencier de leurs concurrents, g\u00e9n\u00e9rer des achats r\u00e9p\u00e9t\u00e9s et favoriser des relations \u00e0 long terme avec les clients dans le paysage dynamique et diversifi\u00e9 du commerce \u00e9lectronique en Asie.<\/li>\n<\/ul>\n\n\n\n<h2 class=\"wp-block-heading\">Key Drivers<\/h2>\n\n\n\n<p>Comprendre les principaux moteurs et tendances qui fa\u00e7onnent le march\u00e9 asiatique du commerce \u00e9lectronique est essentiel pour que les entreprises puissent garder une longueur d&#039;avance et capitaliser sur les opportunit\u00e9s \u00e9mergentes. Voici quelques-uns des principaux facteurs et tendances qui influencent le paysage du commerce \u00e9lectronique en Asie\u00a0:<\/p>\n\n\n\n<ul class=\"wp-block-list\">\n<li><strong>Num\u00e9risation rapide\u00a0:<\/strong> La num\u00e9risation rapide des \u00e9conomies en Asie a aliment\u00e9 la croissance du commerce \u00e9lectronique, avec une p\u00e9n\u00e9tration croissante d&#039;Internet, l&#039;adoption des smartphones et des options de paiement en ligne qui stimulent l&#039;engagement et les d\u00e9penses des consommateurs en ligne.<\/li>\n\n\n\n<li><strong>Mont\u00e9e du commerce mobile\u00a0:<\/strong> Le commerce mobile conna\u00eet une croissance explosive en Asie, port\u00e9e par la pr\u00e9dominance des smartphones et de la connectivit\u00e9 Internet mobile. Alors que les consommateurs utilisent de plus en plus leurs appareils mobiles pour faire leurs achats, les entreprises doivent donner la priorit\u00e9 \u00e0 l&#039;optimisation mobile et d\u00e9velopper des exp\u00e9riences adapt\u00e9es aux mobiles afin de capitaliser sur la tendance croissante du commerce mobile en Asie.<\/li>\n\n\n\n<li><strong>Commerce \u00e9lectronique transfrontalier\u00a0:<\/strong> Cross-border eCommerce is gaining momentum in <a href=\"https:\/\/www.sisinternational.com\/fr\/la-voix-des-consommateurs-indiens\/\" title=\"La voix des consommateurs indiens\"  data-wpil-monitor-id=\"2442\">Asia as consumers<\/a> seek access to a broader range of products and brands worldwide. With the rise of online marketplaces and international shipping options, businesses can tap into new <a href=\"https:\/\/www.sisinternational.com\/fr\/transporteurs-low-cost-dans-lindustrie-aeronautique\/\" title=\"\u00c9tude de march\u00e9 sur les compagnies a\u00e9riennes \u00e0 bas prix\"  data-wpil-monitor-id=\"9536\">markets and reach global<\/a> customers in Asia and beyond.<\/li>\n\n\n\n<li><strong>Commerce social\u00a0:<\/strong> Le commerce social remod\u00e8le le paysage du commerce \u00e9lectronique en Asie, les plateformes de m\u00e9dias sociaux influen\u00e7ant de plus en plus les d\u00e9cisions d&#039;achat des consommateurs. Des plateformes telles que WeChat et Facebook ont introduit des fonctionnalit\u00e9s qui permettent aux utilisateurs de faire des achats en toute transparence sur leurs r\u00e9seaux sociaux, brouillant ainsi la fronti\u00e8re entre les r\u00e9seaux sociaux et le commerce \u00e9lectronique.<\/li>\n<\/ul>\n\n\n\n<h2 class=\"wp-block-heading\">Growing Segments<\/h2>\n\n\n\n<p>Sur le march\u00e9 asiatique du commerce \u00e9lectronique, plusieurs segments connaissent une croissance significative et stimulent l\u2019expansion globale du secteur. Voici quelques-uns des principaux segments\u00a0:<\/p>\n\n\n\n<ul class=\"wp-block-list\">\n<li><strong>Mode et habillement\u00a0:<\/strong> Avec l\u2019essor de la fast fashion, des march\u00e9s en ligne et du marketing d\u2019influence, les consommateurs asiatiques se tournent de plus en plus vers les canaux en ligne pour acheter des v\u00eatements, des chaussures et des accessoires.<\/li>\n\n\n\n<li><strong>\u00c9lectronique et gadgets\u00a0:<\/strong> Les consommateurs asiatiques ach\u00e8tent de plus en plus d\u2019appareils \u00e9lectroniques et de gadgets en ligne, motiv\u00e9s par la commodit\u00e9, la vari\u00e9t\u00e9 des produits et les prix comp\u00e9titifs. En cons\u00e9quence, les plateformes de commerce \u00e9lectronique et les d\u00e9taillants sp\u00e9cialis\u00e9s dans l\u2019\u00e9lectronique et les gadgets connaissent une croissance robuste et \u00e9largissent leur offre de produits pour r\u00e9pondre aux divers besoins des consommateurs asiatiques.<\/li>\n\n\n\n<li><strong>Beauty and <\/strong><a href=\"https:\/\/www.sisinternational.com\/fr\/strategie-marketing-complete-pour-une-societe-americaine-de-finances-personnelles-en-ligne\/\" title=\"Strat\u00e9gie marketing compl\u00e8te pour une soci\u00e9t\u00e9 am\u00e9ricaine de finances personnelles en ligne\"  data-wpil-monitor-id=\"9538\">Personal Care: Online<\/a> beauty retailers and cosmetics brands are capitalizing on the growing demand for beauty and personal care products in Asia, leveraging digital marketing, influencer partnerships, and innovative product offerings to attract and retain customers in this highly competitive segment.<\/li>\n\n\n\n<li><strong>Sant\u00e9 et bien-\u00eatre:<\/strong> Les d\u00e9taillants en ligne sp\u00e9cialis\u00e9s dans les compl\u00e9ments alimentaires, les \u00e9quipements de fitness et les produits de bien-\u00eatre connaissent une demande croissante de la part des consommateurs cherchant \u00e0 am\u00e9liorer leur bien-\u00eatre physique et mental. En cons\u00e9quence, le segment de la sant\u00e9 et du bien-\u00eatre attire les investissements des plateformes de commerce \u00e9lectronique, des entreprises de soins de sant\u00e9 et des startups qui cherchent \u00e0 capitaliser sur la tendance croissante des soins personnels et du bien-\u00eatre en Asie.<\/li>\n<\/ul>\n\n\n\n<h2 class=\"wp-block-heading\">Porter\u2019s Five Forces<\/h2>\n\n\n\n<p>L&#039;analyse des cinq forces de Porter donne un aper\u00e7u de la dynamique concurrentielle et de l&#039;attractivit\u00e9 du secteur du commerce \u00e9lectronique en Asie. Voici un aper\u00e7u de chaque force\u00a0:<\/p>\n\n\n\n<ul class=\"wp-block-list\">\n<li><strong>La menace de nouveaux participants:<\/strong> Le march\u00e9 asiatique du commerce \u00e9lectronique est confront\u00e9 \u00e0 une menace mod\u00e9r\u00e9e de nouveaux entrants en raison de barri\u00e8res \u00e0 l\u2019entr\u00e9e relativement faibles, notamment un acc\u00e8s facile \u00e0 la technologie, de faibles co\u00fbts de d\u00e9marrage et la disponibilit\u00e9 de plateformes de commerce \u00e9lectronique tierces.<\/li>\n\n\n\n<li><strong>Le pouvoir de n\u00e9gociation des acheteurs:<\/strong> Le pouvoir de n\u00e9gociation des acheteurs sur le march\u00e9 asiatique du commerce \u00e9lectronique est \u00e9lev\u00e9, gr\u00e2ce \u00e0 l&#039;abondance de choix, \u00e0 la transparence des prix et \u00e0 la facilit\u00e9 de basculer entre les concurrents.<\/li>\n\n\n\n<li><strong>Pouvoir de n\u00e9gociation des fournisseurs:<\/strong> Le pouvoir de n\u00e9gociation des fournisseurs sur le march\u00e9 asiatique du commerce \u00e9lectronique varie en fonction du secteur et de la cat\u00e9gorie de produits. Alors que les fournisseurs de produits de base peuvent avoir un pouvoir de n\u00e9gociation limit\u00e9 en raison d\u2019une concurrence intense et de la pression sur les prix, les fournisseurs de produits uniques ou sp\u00e9cialis\u00e9s peuvent avoir un pouvoir de n\u00e9gociation plus \u00e9lev\u00e9, principalement s\u2019ils contr\u00f4lent des ressources rares ou poss\u00e8dent une technologie exclusive.<\/li>\n\n\n\n<li><strong>Menace de produits ou services de substitution\u00a0:<\/strong> La menace de produits ou de services de substitution sur le march\u00e9 asiatique du commerce \u00e9lectronique est mod\u00e9r\u00e9e, les d\u00e9taillants traditionnels et les canaux hors ligne constituant des alternatives viables pour les consommateurs. Cependant, la commodit\u00e9, l\u2019accessibilit\u00e9 et les prix comp\u00e9titifs offerts par les plateformes de commerce \u00e9lectronique att\u00e9nuent dans une certaine mesure la menace des substituts, en particulier dans les zones urbaines o\u00f9 la p\u00e9n\u00e9tration d\u2019Internet est \u00e9lev\u00e9e.<\/li>\n\n\n\n<li><strong>Intensit\u00e9 de la rivalit\u00e9 concurrentielle\u00a0:<\/strong> Competitive rivalry in the Asia eCommerce market is intense and characterized by many players competing for market share and customer loyalty. Domestic and international eCommerce platforms, online marketplaces, and brick-and-mortar <a href=\"https:\/\/www.sisinternational.com\/fr\/analyse-de-la-satisfaction-client\/\" title=\"8 fa\u00e7ons d&#039;augmenter la satisfaction des clients dans le commerce de d\u00e9tail\"  data-wpil-monitor-id=\"9537\">retailers vie for consumers<\/a>&#8216; attention and spending, driving innovation, price competition, and strategic alliances in the dynamic and rapidly evolving industry.<\/li>\n<\/ul>\n\n\n\n<h2 class=\"wp-block-heading\">The Benefits of Working with SIS<\/h2>\n\n\n\n<p>SIS International propose des services complets de conseil en commerce \u00e9lectronique en Asie pour aider les entreprises \u00e0 naviguer dans les complexit\u00e9s du paysage du commerce \u00e9lectronique et \u00e0 tirer parti des opportunit\u00e9s de croissance dans la r\u00e9gion. Voici comment nos services de conseil peuvent profiter aux entreprises\u00a0:<\/p>\n\n\n\n<ul class=\"wp-block-list\">\n<li><a href=\"https:\/\/www.sisinternational.com\/fr\/paque-de-paques-et-linevitable-lapin-en-chocolat\/\" title=\"\u00c9tude de march\u00e9 de P\u00e2ques\"  data-wpil-monitor-id=\"9533\">Market Entry Strategy: SIS<\/a> assists businesses in developing market entry strategies for the Asia eCommerce market, including market analysis, competitor assessment, and localization strategies tailored to specific countries and regions. <\/li>\n\n\n\n<li><strong>La connaissance des consommateurs:<\/strong> Our consulting services provide businesses with valuable <a href=\"https:\/\/www.sisinternational.com\/fr\/competence\/cv-dexperience\/cv-dexperience-dans-les-biens-de-consommation-et-emballes\/\" title=\"\u00c9tude de march\u00e9 sur les biens de consommation et les biens emball\u00e9s\"  data-wpil-monitor-id=\"9539\">consumer insights and market research<\/a> to understand consumer behavior, preferences, and trends in the Asia eCommerce market. Through surveys, focus groups, and data analysis, we uncover actionable insights that enable businesses to tailor their products, services, and marketing strategies to meet the evolving needs of Asian consumers and drive growth in the region.<\/li>\n\n\n\n<li><strong>Solutions technologiques\u00a0:<\/strong> SIS helps businesses leverage technology <a href=\"https:\/\/www.sisinternational.com\/fr\/sis-lance-de-nouvelles-solutions-de-recherche-numerique\/\" title=\"SIS lance de nouvelles solutions de recherche num\u00e9rique\"  data-wpil-monitor-id=\"9534\">solutions and digital innovations<\/a> to enhance their eCommerce capabilities and optimize online operations. From website development and mobile app optimization to AI-driven personalization and omnichannel integration, we provide strategic guidance and technical expertise to help businesses stay ahead of the curve and deliver exceptional digital experiences to customers in Asia.<\/li>\n\n\n\n<li><a href=\"https:\/\/www.sisinternational.com\/fr\/solutions\/croissance-mondiale\/developpement-de-la-chaine-dapprovisionnement-mondiale\/\" title=\"Conseil en cha\u00eene d&#039;approvisionnement mondiale\"  data-wpil-monitor-id=\"9540\">Supply Chain Optimization: Our consulting<\/a> services include supply chain optimization solutions to help businesses streamline logistics, reduce costs, and improve efficiency in eCommerce operations across Asia. <\/li>\n<\/ul>\n\n\n\n<h2 class=\"wp-block-heading\">\u00c0 propos de SIS International Asia eCommerce Consulting<\/h2>\n\n\n\n<p>SIS International Asia eCommerce Consulting est sp\u00e9cialis\u00e9 dans la fourniture de solutions strat\u00e9giques sur mesure aux entreprises du monde entier. Nos consultants experts offrent des services de conseil complets en mati\u00e8re d\u2019entr\u00e9e sur le march\u00e9, d\u2019expansion commerciale, de planification strat\u00e9gique et de d\u00e9veloppement organisationnel. Nous travaillons en partenariat avec nos clients, de l&#039;analyse de march\u00e9 \u00e0 l&#039;assistance \u00e0 la mise en \u0153uvre, pour favoriser une croissance durable et un avantage concurrentiel. Contactez-nous pour d\u00e9couvrir comment notre expertise en conseil peut dynamiser votre entreprise.<\/p>\n\n\n\n<p><\/p>","protected":false},"excerpt":{"rendered":"<p>Le conseil en commerce \u00e9lectronique en Asie aide les entreprises \u00e0 \u00e9tablir et \u00e0 optimiser leur pr\u00e9sence en ligne sur le march\u00e9 asiatique. <\/p>","protected":false},"author":1,"featured_media":64700,"parent":14508,"menu_order":96,"comment_status":"closed","ping_status":"closed","template":"","meta":{"footnotes":""},"class_list":["post-47517","page","type-page","status-publish","has-post-thumbnail"],"_links":{"self":[{"href":"https:\/\/www.sisinternational.com\/fr\/wp-json\/wp\/v2\/pages\/47517","targetHints":{"allow":["GET"]}}],"collection":[{"href":"https:\/\/www.sisinternational.com\/fr\/wp-json\/wp\/v2\/pages"}],"about":[{"href":"https:\/\/www.sisinternational.com\/fr\/wp-json\/wp\/v2\/types\/page"}],"author":[{"embeddable":true,"href":"https:\/\/www.sisinternational.com\/fr\/wp-json\/wp\/v2\/users\/1"}],"replies":[{"embeddable":true,"href":"https:\/\/www.sisinternational.com\/fr\/wp-json\/wp\/v2\/comments?post=47517"}],"version-history":[{"count":10,"href":"https:\/\/www.sisinternational.com\/fr\/wp-json\/wp\/v2\/pages\/47517\/revisions"}],"predecessor-version":[{"id":81590,"href":"https:\/\/www.sisinternational.com\/fr\/wp-json\/wp\/v2\/pages\/47517\/revisions\/81590"}],"up":[{"embeddable":true,"href":"https:\/\/www.sisinternational.com\/fr\/wp-json\/wp\/v2\/pages\/14508"}],"wp:featuredmedia":[{"embeddable":true,"href":"https:\/\/www.sisinternational.com\/fr\/wp-json\/wp\/v2\/media\/64700"}],"wp:attachment":[{"href":"https:\/\/www.sisinternational.com\/fr\/wp-json\/wp\/v2\/media?parent=47517"}],"curies":[{"name":"wp","href":"https:\/\/api.w.org\/{rel}","templated":true}]}}