{"id":47332,"date":"2024-04-10T19:41:31","date_gmt":"2024-04-10T23:41:31","guid":{"rendered":"https:\/\/www.sisinternational.com\/?page_id=47332"},"modified":"2026-01-25T18:06:37","modified_gmt":"2026-01-25T23:06:37","slug":"etude-de-marche-sur-le-coke-de-petrole","status":"publish","type":"page","link":"https:\/\/www.sisinternational.com\/fr\/competence\/etude-de-marche-sur-le-coke-de-petrole\/","title":{"rendered":"\u00c9tude de march\u00e9 sur le coke de p\u00e9trole"},"content":{"rendered":"<h1 class=\"wp-block-heading\">\u00c9tude de march\u00e9 sur le coke de p\u00e9trole<\/h1>\n\n\n\n<figure class=\"gb-block-image gb-block-image-45c41b6c\"><img loading=\"lazy\" decoding=\"async\" width=\"1456\" height=\"816\" class=\"gb-image gb-image-45c41b6c\" src=\"https:\/\/www.sisinternational.com\/wp-content\/uploads\/2025\/08\/Petcoke-4.jpg\" alt=\"\u00c9tudes de march\u00e9 et strat\u00e9gie internationales SIS\" title=\"Petcoke (4)\" srcset=\"https:\/\/www.sisinternational.com\/wp-content\/uploads\/2025\/08\/Petcoke-4.jpg 1456w, https:\/\/www.sisinternational.com\/wp-content\/uploads\/2025\/08\/Petcoke-4-300x168.jpg 300w, https:\/\/www.sisinternational.com\/wp-content\/uploads\/2025\/08\/Petcoke-4-1024x574.jpg 1024w, https:\/\/www.sisinternational.com\/wp-content\/uploads\/2025\/08\/Petcoke-4-768x430.jpg 768w, https:\/\/www.sisinternational.com\/wp-content\/uploads\/2025\/08\/Petcoke-4-18x10.jpg 18w\" sizes=\"auto, (max-width: 1456px) 100vw, 1456px\"><\/figure>\n\n\n\n<hr class=\"wp-block-separator has-alpha-channel-opacity is-style-dots\"\/>\n\n\n\n<p>En examinant la dynamique de l\u2019offre et de la demande, les tendances du march\u00e9 et les paysages concurrentiels, les \u00e9tudes de march\u00e9 du coke de p\u00e9trole permettent aux parties prenantes de prendre des d\u00e9cisions \u00e9clair\u00e9es concernant les strat\u00e9gies d\u2019investissement, l\u2019optimisation op\u00e9rationnelle et la gestion des risques sur le march\u00e9 du coke de p\u00e9trole.<\/p>\n\n\n\n<h2 class=\"wp-block-heading\">What is Petcoke market research?<\/h2>\n\n\n\n<p>L\u2019\u00e9tude de march\u00e9 du coke de p\u00e9trole implique une analyse compl\u00e8te des tendances, de la dynamique et des facteurs influen\u00e7ant la production, la consommation et le commerce du coke de p\u00e9trole (coke de p\u00e9trole). Le coke de p\u00e9trole, un sous-produit du processus de raffinage, est un solide carbon\u00e9 d\u00e9riv\u00e9 de la distillation du p\u00e9trole brut.<\/p>\n\n\n\n<p>Il fournit aux parties prenantes des informations exploitables pour naviguer efficacement dans les complexit\u00e9s du secteur. Il met en lumi\u00e8re divers aspects de l&#039;industrie du coke de p\u00e9trole, y compris ses applications dans divers secteurs tels que la fabrication du ciment, la production d&#039;\u00e9lectricit\u00e9, la production d&#039;aluminium et la sid\u00e9rurgie.<\/p>\n\n\n\n<h2 class=\"wp-block-heading\">Pourquoi c&#039;est important?<\/h2>\n\n\n\n<p>Les \u00e9tudes de march\u00e9 sur le coke de p\u00e9trole donnent aux entreprises un aper\u00e7u des tendances du march\u00e9, de la dynamique de l\u2019offre et de la demande et des fluctuations des prix. Reconna\u00eetre et comprendre la dynamique du march\u00e9 permet aux entreprises d&#039;adapter leurs strat\u00e9gies en cons\u00e9quence, d&#039;optimiser les niveaux de production et de capitaliser sur les opportunit\u00e9s \u00e9mergentes.<\/p>\n\n\n\n<p>De plus, cette \u00e9tude de march\u00e9 aide les entreprises \u00e0 rester inform\u00e9es des changements r\u00e9glementaires, des exigences de conformit\u00e9 et des impacts potentiels sur les op\u00e9rations. En gardant une longueur d&#039;avance sur les \u00e9volutions r\u00e9glementaires, les entreprises peuvent att\u00e9nuer les risques de non-conformit\u00e9 et \u00e9viter des p\u00e9nalit\u00e9s co\u00fbteuses.<\/p>\n\n\n\n<p>De m\u00eame, les \u00e9tudes de march\u00e9 r\u00e9v\u00e8lent des opportunit\u00e9s de croissance au sein du secteur, telles que les march\u00e9s \u00e9mergents, les progr\u00e8s technologiques et les innovations de produits. En identifiant les opportunit\u00e9s de croissance, les entreprises peuvent diversifier leurs sources de revenus, se d\u00e9velopper sur de nouveaux march\u00e9s et garder une longueur d&#039;avance sur les tendances du secteur. Cependant, cela pr\u00e9sente de nombreux autres avantages pour les entreprises, notamment :<\/p>\n\n\n\n<ul class=\"wp-block-list\">\n<li><strong>Aper\u00e7u des tendances du march\u00e9\u00a0:<\/strong> En menant cette \u00e9tude de march\u00e9, les entreprises obtiennent des informations pr\u00e9cieuses sur les tendances du march\u00e9, notamment les fluctuations de la demande, les mouvements de prix et les modes de consommation \u00e9mergents.<\/li>\n\n\n\n<li><strong>Att\u00e9nuation des risques:<\/strong> Les \u00e9tudes de march\u00e9 aident les entreprises \u00e0 identifier et \u00e0 \u00e9valuer les risques li\u00e9s \u00e0 la production, au transport et \u00e0 la consommation de coke de p\u00e9trole.<\/li>\n\n\n\n<li><strong>Veille concurrentielle\u00a0:<\/strong> Les \u00e9tudes de march\u00e9 Petcoke fournissent aux entreprises une veille concurrentielle, leur permettant d\u2019analyser les activit\u00e9s des concurrents, le positionnement sur le march\u00e9 et les offres de produits.<\/li>\n\n\n\n<li><strong>Prise de d\u00e9cision optimis\u00e9e\u00a0:<\/strong> Gr\u00e2ce aux informations bas\u00e9es sur les donn\u00e9es issues des \u00e9tudes de march\u00e9 sur le coke de p\u00e9trole, les entreprises peuvent prendre des d\u00e9cisions \u00e9clair\u00e9es concernant les niveaux de production, les strat\u00e9gies de tarification et les priorit\u00e9s d&#039;investissement.<\/li>\n\n\n\n<li><strong>Planification strat\u00e9gique\u00a0:<\/strong> L\u2019\u00e9tude de march\u00e9 constitue la base de la planification strat\u00e9gique et du d\u00e9veloppement commercial \u00e0 long terme.<\/li>\n<\/ul>\n\n\n\n<h2 class=\"wp-block-heading\">Who Uses Petcoke market research<\/h2>\n\n\n\n<p>Les raffineries de p\u00e9trole sont les principaux producteurs de coke de p\u00e9trole, ce qui en fait des utilisateurs essentiels des \u00e9tudes de march\u00e9 sur le coke de p\u00e9trole. Ils s&#039;appuient sur des \u00e9tudes de march\u00e9 pour optimiser les processus de production, \u00e9valuer les tendances de la demande et prendre des d\u00e9cisions \u00e9clair\u00e9es concernant l&#039;utilisation du coke de p\u00e9trole et les strat\u00e9gies de tarification.<\/p>\n\n\n\n<ul class=\"wp-block-list\">\n<li>Les fabricants de ciment sont d\u2019importants consommateurs de coke de p\u00e9trole, qu\u2019ils utilisent comme source de combustible dans les fours \u00e0 ciment. Les \u00e9tudes de march\u00e9 sur le coke de p\u00e9trole aident les fabricants de ciment \u00e0 comprendre la dynamique des prix, la disponibilit\u00e9 de l\u2019approvisionnement et les contraintes r\u00e9glementaires affectant l\u2019utilisation du coke de p\u00e9trole. Cela leur permet de prendre des d\u00e9cisions strat\u00e9giques concernant l\u2019approvisionnement en carburant et la gestion des co\u00fbts.<\/li>\n\n\n\n<li>Power Generation Companies utilize petcoke as a fuel source in coal-fired power plants, particularly in regions where petcoke is abundant and cost-effective. Petcoke <a href=\"https:\/\/www.sisinternational.com\/fr\/solutions\/ai-etudes-de-marche-et-conseil-en-strategie\/etude-de-marche-generative-sur-lia\/\" title=\"\u00c9tude de march\u00e9 sur l\u2019IA g\u00e9n\u00e9rative\"  data-wpil-monitor-id=\"2036\">market research assists power generation<\/a> companies in evaluating the feasibility of petcoke utilization, assessing environmental impacts, and complying with emissions regulations.<\/li>\n\n\n\n<li>Les producteurs d&#039;aluminium utilisent le coke de p\u00e9trole comme source de carbone et agent r\u00e9ducteur dans le processus de fusion. Cette \u00e9tude de march\u00e9 aide les producteurs d&#039;aluminium \u00e0 surveiller les prix, la disponibilit\u00e9 et les normes de qualit\u00e9 du coke de p\u00e9trole, leur permettant ainsi d&#039;optimiser leurs processus de production et de g\u00e9rer efficacement leurs co\u00fbts.<\/li>\n\n\n\n<li>Les fabricants d\u2019acier utilisent le coke de p\u00e9trole comme source de combustible dans les hauts fourneaux et les fours \u00e0 arc \u00e9lectrique, ce qui contribue \u00e0 r\u00e9duire le minerai de fer. L&#039;analyse du march\u00e9 aide les fabricants d&#039;acier \u00e0 comprendre les tendances du march\u00e9, les options d&#039;approvisionnement et les exigences r\u00e9glementaires li\u00e9es \u00e0 l&#039;utilisation du coke de p\u00e9trole, facilitant ainsi la prise de d\u00e9cision strat\u00e9gique et la planification op\u00e9rationnelle.<\/li>\n<\/ul>\n\n\n\n<h2 class=\"wp-block-heading\">The Benefits SIS Brings to Your Company<\/h2>\n\n\n\n<figure class=\"gb-block-image gb-block-image-b2229b0f\"><img loading=\"lazy\" decoding=\"async\" width=\"1456\" height=\"816\" class=\"gb-image gb-image-b2229b0f\" src=\"https:\/\/www.sisinternational.com\/wp-content\/uploads\/2025\/08\/Petcoke-3.jpg\" alt=\"\u00c9tudes de march\u00e9 et strat\u00e9gie internationales SIS\" title=\"Petcoke (3)\" srcset=\"https:\/\/www.sisinternational.com\/wp-content\/uploads\/2025\/08\/Petcoke-3.jpg 1456w, https:\/\/www.sisinternational.com\/wp-content\/uploads\/2025\/08\/Petcoke-3-300x168.jpg 300w, https:\/\/www.sisinternational.com\/wp-content\/uploads\/2025\/08\/Petcoke-3-1024x574.jpg 1024w, https:\/\/www.sisinternational.com\/wp-content\/uploads\/2025\/08\/Petcoke-3-768x430.jpg 768w, https:\/\/www.sisinternational.com\/wp-content\/uploads\/2025\/08\/Petcoke-3-18x10.jpg 18w\" sizes=\"auto, (max-width: 1456px) 100vw, 1456px\"><\/figure>\n\n\n\n<p><\/p>\n\n\n\n<p>Les services d&#039;\u00e9tudes de march\u00e9 du coke de p\u00e9trole de SIS International fournissent aux clients des informations compl\u00e8tes et des recommandations concr\u00e8tes. Voici les r\u00e9sultats attendus de l\u2019engagement de SIS International\u00a0:<\/p>\n\n\n\n<ul class=\"wp-block-list\">\n<li><strong>Analyse approfondie du march\u00e9\u00a0:<\/strong> SIS International effectue une analyse approfondie du march\u00e9, offrant \u00e0 ses clients une compr\u00e9hension approfondie de la dynamique de l&#039;offre et de la demande de coke de p\u00e9trole, des tendances en mati\u00e8re de prix et du paysage r\u00e9glementaire. En analysant les moteurs, les contraintes et les opportunit\u00e9s du march\u00e9, SIS International fournit des informations qui \u00e9clairent la prise de d\u00e9cision strat\u00e9gique et stimulent la croissance de l&#039;entreprise.<\/li>\n\n\n\n<li><strong>Veille concurrentielle\u00a0:<\/strong> Les recherches de SIS International incluent une veille concurrentielle, permettant aux clients d&#039;avoir un aper\u00e7u des activit\u00e9s des concurrents, du positionnement sur le march\u00e9 et des strat\u00e9gies de tarification. En se comparant \u00e0 leurs concurrents et en identifiant les lacunes du march\u00e9, les clients peuvent d\u00e9velopper des offres diff\u00e9renci\u00e9es, am\u00e9liorer leur avantage concurrentiel et conqu\u00e9rir efficacement des parts de march\u00e9.<\/li>\n\n\n\n<li><strong>Conseils de conformit\u00e9 r\u00e9glementaire\u00a0:<\/strong> Forte de son expertise dans les paysages r\u00e9glementaires et les normes environnementales, SIS fournit \u00e0 ses clients des conseils en mati\u00e8re de conformit\u00e9 r\u00e9glementaire, garantissant le respect des r\u00e9glementations et normes applicables. En se tenant au courant des \u00e9volutions r\u00e9glementaires et des exigences de conformit\u00e9, les clients peuvent att\u00e9nuer les risques r\u00e9glementaires, \u00e9viter des p\u00e9nalit\u00e9s co\u00fbteuses et maintenir une r\u00e9putation favorable dans le secteur.<\/li>\n\n\n\n<li><a href=\"https:\/\/www.sisinternational.com\/fr\/la-publicite-televisee-et-imprimee-cede-la-place-aux-videos-virales-et-aux-medias-sociaux-emergents\/\" title=\"\u00c9tude de march\u00e9 sur la vid\u00e9o virale\"  data-wpil-monitor-id=\"1833\">Market Expansion Opportunities: SIS International&#8217;s research<\/a> identifies market expansion opportunities, enabling clients to assess market demand, evaluate entry barriers, and develop market entry strategies. By identifying untapped markets, assessing competitive landscapes, and understanding consumer preferences, clients can expand their presence in new markets, diversify revenue streams, and drive business growth.<\/li>\n<\/ul>\n\n\n\n<h2 class=\"wp-block-heading\">key Players<\/h2>\n\n\n\n<p>Plusieurs entreprises jouent un r\u00f4le important sur le march\u00e9 du coke de p\u00e9trole, notamment\u00a0:<\/p>\n\n\n\n<ul class=\"wp-block-list\">\n<li><strong>ExxonMobil\u00a0:<\/strong> ExxonMobil est l&#039;une des plus grandes soci\u00e9t\u00e9s de raffinage de p\u00e9trole au monde, avec une pr\u00e9sence importante dans la production de coke de p\u00e9trole. Les raffineries de l&#039;entreprise produisent du coke de p\u00e9trole comme sous-produit du processus de raffinage, qui est ensuite utilis\u00e9 pour diverses applications industrielles.<\/li>\n\n\n\n<li><strong>Aramco saoudienne\u00a0:<\/strong> Saudi Aramco, la compagnie p\u00e9troli\u00e8re nationale d&#039;Arabie Saoudite, exploite certaines des plus grandes raffineries du monde, produisant d&#039;importantes quantit\u00e9s de coke de p\u00e9trole. La soci\u00e9t\u00e9 joue un r\u00f4le crucial sur le march\u00e9 mondial du coke de p\u00e9trole, fournissant du coke de p\u00e9trole \u00e0 diverses industries \u00e0 travers le monde.<\/li>\n\n\n\n<li><strong>Indian Oil Corporation Limit\u00e9e (IOCL)\u00a0:<\/strong> IOCL est la plus grande soci\u00e9t\u00e9 indienne de raffinage et de commercialisation du p\u00e9trole, dot\u00e9e de vastes capacit\u00e9s de production de coke de p\u00e9trole. Les raffineries de l&#039;entreprise produisent du coke de p\u00e9trole pour les industries nationales, notamment la fabrication de ciment, la production d&#039;\u00e9lectricit\u00e9 et la production d&#039;aluminium.<\/li>\n<\/ul>\n\n\n\n<h2 class=\"wp-block-heading\">Opportunit\u00e9s<\/h2>\n\n\n\n<p>Les entreprises op\u00e9rant sur le march\u00e9 du coke de p\u00e9trole peuvent capitaliser sur diverses opportunit\u00e9s pour stimuler la croissance et l\u2019innovation. Certaines opportunit\u00e9s cl\u00e9s incluent\u00a0:<\/p>\n\n\n\n<ul class=\"wp-block-list\">\n<li><strong>Expansion sur les march\u00e9s \u00e9mergents\u00a0:<\/strong> Les march\u00e9s \u00e9mergents pr\u00e9sentent d\u2019importantes opportunit\u00e9s de croissance pour les producteurs et les consommateurs de coke de p\u00e9trole. L\u2019industrialisation, l\u2019urbanisation et le d\u00e9veloppement rapides des infrastructures en Asie-Pacifique, en Am\u00e9rique latine et en Afrique stimulent la demande de coke de p\u00e9trole dans la fabrication du ciment, la production d\u2019\u00e9lectricit\u00e9 et la production d\u2019acier.<\/li>\n\n\n\n<li><strong>Diversification des offres de produits\u00a0:<\/strong> Les producteurs de coke de p\u00e9trole peuvent explorer les opportunit\u00e9s de diversifier leur offre et de se d\u00e9velopper vers des produits \u00e0 valeur ajout\u00e9e. Par exemple, les producteurs de coke de p\u00e9trole peuvent investir dans les technologies de gaz\u00e9ification du coke de p\u00e9trole pour produire de l\u2019hydrog\u00e8ne et d\u2019autres sous-produits pr\u00e9cieux destin\u00e9s \u00e0 \u00eatre utilis\u00e9s dans la fabrication de produits chimiques, le raffinage et d\u2019autres industries.<\/li>\n\n\n\n<li><strong>Investissement dans les technologies propres\u00a0:<\/strong> Les pr\u00e9occupations croissantes concernant la qualit\u00e9 de l\u2019air, les \u00e9missions de carbone et la durabilit\u00e9 environnementale stimulent la demande d\u2019alternatives plus propres et plus durables aux combustibles fossiles comme le coke de p\u00e9trole. Les entreprises peuvent tirer parti de cette tendance en investissant dans des technologies propres, telles que le captage et le stockage du carbone (CSC), les \u00e9nergies renouvelables et les solutions d\u2019efficacit\u00e9 \u00e9nerg\u00e9tique.<\/li>\n\n\n\n<li><strong>Partenariats et collaborations strat\u00e9giques\u00a0:<\/strong> La collaboration et les partenariats offrent aux entreprises des opportunit\u00e9s de tirer parti de forces, d&#039;expertises et de ressources compl\u00e9mentaires pour stimuler l&#039;innovation et la croissance sur le march\u00e9 du coke de p\u00e9trole. Par exemple, les producteurs de coke de p\u00e9trole peuvent collaborer avec des entreprises technologiques, des instituts de recherche et des agences gouvernementales pour d\u00e9velopper des solutions innovantes pour l&#039;utilisation du coke de p\u00e9trole, la r\u00e9duction des \u00e9missions et la gestion de l&#039;environnement.<\/li>\n\n\n\n<li><strong>Diff\u00e9renciation du march\u00e9 et image de marque\u00a0:<\/strong> La diff\u00e9renciation et l\u2019image de marque jouent un r\u00f4le crucial dans la r\u00e9ussite du march\u00e9 et l\u2019avantage concurrentiel sur le march\u00e9 du coke de p\u00e9trole. Les entreprises peuvent diff\u00e9rencier leurs produits en se concentrant sur la qualit\u00e9, la coh\u00e9rence et la performance environnementale.<\/li>\n<\/ul>\n\n\n\n<h2 class=\"wp-block-heading\">The SIS Advantage<\/h2>\n\n\n\n<p>Les services d&#039;\u00e9tudes de march\u00e9 du coke de p\u00e9trole de SIS International fournissent aux entreprises les informations et les conseils strat\u00e9giques n\u00e9cessaires pour naviguer efficacement dans les complexit\u00e9s du march\u00e9 du coke de p\u00e9trole. Voici comment l\u2019expertise de SIS International peut b\u00e9n\u00e9ficier aux entreprises :<\/p>\n\n\n\n<ul class=\"wp-block-list\">\n<li><strong>Analyse compl\u00e8te du march\u00e9\u00a0:<\/strong> SIS International effectue une analyse compl\u00e8te du march\u00e9, en tirant parti de m\u00e9thodes de recherche quantitatives et qualitatives pour recueillir des donn\u00e9es sur la dynamique de l&#039;offre et de la demande de coke de p\u00e9trole, les tendances des prix, les paysages r\u00e9glementaires et la dynamique concurrentielle.<\/li>\n\n\n\n<li><strong>Solutions de recherche personnalis\u00e9es\u00a0:<\/strong> SIS International offers customized research solutions tailored to clients&#8217; needs and objectives. We design research methodologies that align with clients&#8217; goals and deliver actionable insights to address their unique challenges and opportunities in the <a href=\"https:\/\/www.sisinternational.com\/fr\/competence\/les-industries\/etude-de-marche-de-la-charcuterie\/\" title=\"\u00c9tude de march\u00e9 sur la charcuterie\"  data-wpil-monitor-id=\"4612\">petcoke<\/a> market.<\/li>\n\n\n\n<li><strong>Expertise et connaissance du secteur\u00a0:<\/strong> SIS&#8217;s team of experienced researchers and industry experts possess deep knowledge and expertise in the <a href=\"https:\/\/www.sisinternational.com\/fr\/couverture\/les-ameriques\/etude-de-marche-canadienne\/etude-de-marche-nouvelle-ecosse-canada\/\" title=\"\u00c9tude de march\u00e9 en Nouvelle-\u00c9cosse\"  data-wpil-monitor-id=\"4626\">petcoke<\/a> market. With a thorough understanding of market trends, regulatory requirements, and technological advancements, SIS International delivers insights and strategic recommendations that enable businesses to stay ahead of the curve and capitalize on emerging opportunities in the petcoke market.<\/li>\n\n\n\n<li><strong>Recommandations strat\u00e9giques et informations exploitables\u00a0:<\/strong> Sur la base des r\u00e9sultats de la recherche, SIS fournit \u00e0 ses clients des recommandations strat\u00e9giques et des informations exploitables adapt\u00e9es \u00e0 leurs objectifs commerciaux et \u00e0 la dynamique du march\u00e9. Que les clients cherchent \u00e0 optimiser leurs processus de production, \u00e0 diversifier leurs offres de produits ou \u00e0 se d\u00e9velopper sur de nouveaux march\u00e9s, SIS International propose des conseils et des recommandations pratiques pour aider les entreprises \u00e0 atteindre leurs objectifs et \u00e0 stimuler une croissance durable sur le march\u00e9 du coke de p\u00e9trole.<\/li>\n<\/ul>","protected":false},"excerpt":{"rendered":"<p>L\u2019analyse des \u00e9tudes de march\u00e9 sur le coke de p\u00e9trole implique l\u2019\u00e9tude des tendances et des facteurs de production, de consommation et de commerce.<\/p>","protected":false},"author":1,"featured_media":64316,"parent":14514,"menu_order":440,"comment_status":"closed","ping_status":"closed","template":"","meta":{"footnotes":""},"class_list":["post-47332","page","type-page","status-publish","has-post-thumbnail"],"_links":{"self":[{"href":"https:\/\/www.sisinternational.com\/fr\/wp-json\/wp\/v2\/pages\/47332","targetHints":{"allow":["GET"]}}],"collection":[{"href":"https:\/\/www.sisinternational.com\/fr\/wp-json\/wp\/v2\/pages"}],"about":[{"href":"https:\/\/www.sisinternational.com\/fr\/wp-json\/wp\/v2\/types\/page"}],"author":[{"embeddable":true,"href":"https:\/\/www.sisinternational.com\/fr\/wp-json\/wp\/v2\/users\/1"}],"replies":[{"embeddable":true,"href":"https:\/\/www.sisinternational.com\/fr\/wp-json\/wp\/v2\/comments?post=47332"}],"version-history":[{"count":12,"href":"https:\/\/www.sisinternational.com\/fr\/wp-json\/wp\/v2\/pages\/47332\/revisions"}],"predecessor-version":[{"id":78618,"href":"https:\/\/www.sisinternational.com\/fr\/wp-json\/wp\/v2\/pages\/47332\/revisions\/78618"}],"up":[{"embeddable":true,"href":"https:\/\/www.sisinternational.com\/fr\/wp-json\/wp\/v2\/pages\/14514"}],"wp:featuredmedia":[{"embeddable":true,"href":"https:\/\/www.sisinternational.com\/fr\/wp-json\/wp\/v2\/media\/64316"}],"wp:attachment":[{"href":"https:\/\/www.sisinternational.com\/fr\/wp-json\/wp\/v2\/media?parent=47332"}],"curies":[{"name":"wp","href":"https:\/\/api.w.org\/{rel}","templated":true}]}}