{"id":47330,"date":"2024-04-10T19:46:08","date_gmt":"2024-04-10T23:46:08","guid":{"rendered":"https:\/\/www.sisinternational.com\/?page_id=47330"},"modified":"2026-01-26T18:47:04","modified_gmt":"2026-01-26T23:47:04","slug":"etude-de-marche-sur-les-oleoducs-et-les-gazoducs","status":"publish","type":"page","link":"https:\/\/www.sisinternational.com\/fr\/solutions\/etude-de-marche-sur-les-oleoducs-et-les-gazoducs\/","title":{"rendered":"\u00c9tude de march\u00e9 sur les ol\u00e9oducs et gazoducs"},"content":{"rendered":"<h1 class=\"wp-block-heading\">\u00c9tude de march\u00e9 sur les ol\u00e9oducs et gazoducs<\/h1>\n\n\n\n<figure class=\"gb-block-image gb-block-image-ba953e5b\"><img loading=\"lazy\" decoding=\"async\" width=\"1456\" height=\"816\" class=\"gb-image gb-image-ba953e5b\" src=\"https:\/\/www.sisinternational.com\/wp-content\/uploads\/2025\/08\/Oil-2.jpg\" alt=\"\u00c9tudes de march\u00e9 et strat\u00e9gie internationales SIS\" title=\"Oil (2)\" srcset=\"https:\/\/www.sisinternational.com\/wp-content\/uploads\/2025\/08\/Oil-2.jpg 1456w, https:\/\/www.sisinternational.com\/wp-content\/uploads\/2025\/08\/Oil-2-300x168.jpg 300w, https:\/\/www.sisinternational.com\/wp-content\/uploads\/2025\/08\/Oil-2-1024x574.jpg 1024w, https:\/\/www.sisinternational.com\/wp-content\/uploads\/2025\/08\/Oil-2-768x430.jpg 768w, https:\/\/www.sisinternational.com\/wp-content\/uploads\/2025\/08\/Oil-2-18x10.jpg 18w\" sizes=\"auto, (max-width: 1456px) 100vw, 1456px\"><\/figure>\n\n\n\n<hr class=\"wp-block-separator has-alpha-channel-opacity is-style-dots\"\/>\n\n\n\n<p>Dans le paysage complexe et en constante \u00e9volution du secteur de l\u2019\u00e9nergie, les \u00e9tudes de march\u00e9 sur les ol\u00e9oducs et les gazoducs constituent un outil essentiel pour les parties prenantes de l\u2019industrie, mettant en lumi\u00e8re la mani\u00e8re dont elles \u00e9clairent les d\u00e9cisions strat\u00e9giques en mati\u00e8re d\u2019exploration, de production et de distribution. En examinant les d\u00e9fis et les opportunit\u00e9s auxquels est confront\u00e9e l\u2019industrie des ol\u00e9oducs et des gazoducs, cette recherche fournit des informations pr\u00e9cieuses aux investisseurs, aux d\u00e9cideurs politiques et aux op\u00e9rateurs qui s\u2019efforcent de naviguer dans le r\u00e9seau complexe de l\u2019offre et de la demande dans une qu\u00eate de s\u00e9curit\u00e9 et de durabilit\u00e9 \u00e9nerg\u00e9tiques.<\/p>\n\n\n\n<h2 class=\"wp-block-heading\">Qu\u2019est-ce que l\u2019\u00e9tude de march\u00e9 sur les ol\u00e9oducs et les gazoducs ?<\/h2>\n\n\n\n<p><a href=\"https:\/\/www.sisinternational.com\/fr\/competence\/les-industries\/etude-de-marche-sur-lhuile-de-palme\/\" title=\"\u00c9tude de march\u00e9 sur l\u2019huile de palme\"  data-wpil-monitor-id=\"3450\">Oil and gas pipeline market research<\/a> systematically analyzes trends, challenges, opportunities, and dynamics within the oil and gas pipeline industry. It involves gathering and analyzing data related to pipeline construction, operation, maintenance, regulatory frameworks, market demand, and emerging technologies.<\/p>\n\n\n\n<h2 class=\"wp-block-heading\">Pourquoi les entreprises ont-elles besoin d\u2019\u00e9tudes de march\u00e9 sur les ol\u00e9oducs et les gazoducs ?<\/h2>\n\n\n\n<p>L\u2019industrie des ol\u00e9oducs et des gazoducs est intrins\u00e8quement complexe et pleine de risques, notamment des probl\u00e8mes de conformit\u00e9 r\u00e9glementaire, des pr\u00e9occupations environnementales et une instabilit\u00e9 g\u00e9opolitique. C&#039;est pourquoi les \u00e9tudes de march\u00e9 aident les entreprises \u00e0 identifier et \u00e0 \u00e9valuer ces risques, leur permettant ainsi d&#039;\u00e9laborer des strat\u00e9gies visant \u00e0 att\u00e9nuer les impacts n\u00e9gatifs potentiels sur leurs op\u00e9rations et leurs investissements.<\/p>\n\n\n\n<p><a href=\"https:\/\/www.sisinternational.com\/fr\/competence\/les-industries\/etude-de-marche-du-petrole-et-du-gaz\/\" title=\"\u00c9tudes de march\u00e9 sur le p\u00e9trole et le gaz\"  data-wpil-monitor-id=\"3080\">Oil and gas pipeline market research<\/a> also gives businesses valuable insights into market trends, competitor strategies, and emerging technologies, allowing them to make informed decisions regarding pipeline development, expansion, and optimization.<\/p>\n\n\n\n<p>De plus, les \u00e9tudes de march\u00e9 aident les entreprises \u00e0 identifier les march\u00e9s inexploit\u00e9s, \u00e0 \u00e9valuer la dynamique de l&#039;offre et de la demande et \u00e0 \u00e9valuer la faisabilit\u00e9 de nouveaux projets de pipeline, leur permettant ainsi de capitaliser sur les opportunit\u00e9s de croissance et de diversifier leurs sources de revenus. Cependant, cela apporte de nombreux autres avantages aux entreprises, notamment :<\/p>\n\n\n\n<ul class=\"wp-block-list\">\n<li><strong>Prise de d\u00e9cision \u00e9clair\u00e9e\u00a0:<\/strong> By providing comprehensive insights into market trends, regulatory landscapes, and competitor strategies, <a href=\"https:\/\/www.sisinternational.com\/fr\/competence\/les-industries\/etude-de-marche-sur-les-huiles-vegetales\/\" title=\"\u00c9tude de march\u00e9 sur l\u2019huile v\u00e9g\u00e9tale\"  data-wpil-monitor-id=\"3219\">\u00e9tude de march\u00e9 sur les ol\u00e9oducs et les gazoducs<\/a> empowers businesses to make informed decisions regarding pipeline development, investment priorities, and strategic partnerships.<\/li>\n\n\n\n<li><strong>Att\u00e9nuation des risques:<\/strong> Gr\u00e2ce \u00e0 une analyse approfondie de la dynamique du march\u00e9 et des cadres r\u00e9glementaires, les \u00e9tudes de march\u00e9 aident les entreprises \u00e0 identifier et \u00e0 \u00e9valuer les risques potentiels, notamment les responsabilit\u00e9s environnementales, la non-conformit\u00e9 r\u00e9glementaire et l&#039;instabilit\u00e9 g\u00e9opolitique, leur permettant ainsi de mettre en \u0153uvre des strat\u00e9gies proactives d&#039;att\u00e9nuation des risques et de prot\u00e9ger leurs op\u00e9rations et leurs investissements.<\/li>\n\n\n\n<li><strong>Identification des opportunit\u00e9s\u00a0:<\/strong> Les \u00e9tudes de march\u00e9 permettent aux entreprises d&#039;identifier les opportunit\u00e9s \u00e9mergentes d&#039;expansion, de diversification et d&#039;innovation du march\u00e9 dans le secteur des ol\u00e9oducs et des gazoducs.\u00c9tudes de march\u00e9 sur les ol\u00e9oducs et les gazoducs<\/li>\n\n\n\n<li><strong>Avantage comp\u00e9titif:<\/strong> Les \u00e9tudes de march\u00e9 sur les ol\u00e9oducs et les gazoducs aident les entreprises \u00e0 acqu\u00e9rir un avantage concurrentiel en fournissant des informations sur les strat\u00e9gies des concurrents, leur positionnement sur le march\u00e9 et les pr\u00e9f\u00e9rences des clients.<\/li>\n\n\n\n<li><strong>Allocation optimis\u00e9e des ressources\u00a0:<\/strong> Les \u00e9tudes de march\u00e9 analysent la demande du march\u00e9, la dynamique de l\u2019offre et les besoins en infrastructures, permettant aux entreprises d\u2019optimiser l\u2019allocation des ressources et les d\u00e9cisions d\u2019investissement.<\/li>\n<\/ul>\n\n\n\n<h2 class=\"wp-block-heading\">Qui utilise les \u00e9tudes de march\u00e9 sur les ol\u00e9oducs et les gazoducs<\/h2>\n\n\n\n<p>Les soci\u00e9t\u00e9s \u00e9nerg\u00e9tiques, notamment les producteurs de p\u00e9trole et de gaz, les exploitants de pipelines et les soci\u00e9t\u00e9s \u00e9nerg\u00e9tiques int\u00e9gr\u00e9es, s&#039;appuient sur des \u00e9tudes de march\u00e9 pour \u00e9clairer la prise de d\u00e9cision strat\u00e9gique concernant le d\u00e9veloppement, l&#039;expansion et l&#039;optimisation de pipelines. En comprenant les tendances du march\u00e9, les paysages r\u00e9glementaires et les strat\u00e9gies des concurrents, les entreprises \u00e9nerg\u00e9tiques peuvent att\u00e9nuer les risques, maximiser les retours sur investissement et maintenir un avantage concurrentiel sur le march\u00e9.<\/p>\n\n\n\n<p>Les entreprises d\u2019ing\u00e9nierie et de construction jouent un r\u00f4le crucial dans la conception, la construction et l\u2019entretien des ol\u00e9oducs et des gazoducs. Les \u00e9tudes de march\u00e9 aident ces entreprises \u00e0 identifier les opportunit\u00e9s de march\u00e9, \u00e0 \u00e9valuer la faisabilit\u00e9 des projets et \u00e0 d\u00e9velopper des solutions sur mesure pour r\u00e9pondre aux besoins des clients.<\/p>\n\n\n\n<p>Government Agencies and Regulators engage in <a href=\"https:\/\/www.sisinternational.com\/fr\/competence\/les-industries\/etude-de-marche-de-lelite-politique\/\" title=\"\u00c9tude de march\u00e9 sur l\u2019\u00e9lite politique\u00a0\"  data-wpil-monitor-id=\"6228\">market research to inform policy<\/a> decisions, monitor market dynamics, and ensure compliance with regulatory requirements. Government agencies can identify emerging trends, assess industry risks, and develop effective regulatory frameworks to promote safety, environmental protection, and market competitiveness.<\/p>\n\n\n\n<p>Les institutions financi\u00e8res et les investisseurs utilisent les \u00e9tudes de march\u00e9 pour \u00e9valuer les opportunit\u00e9s d&#039;investissement, \u00e9valuer la viabilit\u00e9 des projets et g\u00e9rer l&#039;exposition aux risques. En effectuant une diligence raisonnable et une analyse de march\u00e9, ils peuvent prendre des d\u00e9cisions d\u2019investissement \u00e9clair\u00e9es, allouer efficacement les capitaux et maximiser les retours sur investissement dans le secteur p\u00e9trolier et gazier.<\/p>\n\n\n\n<h2 class=\"wp-block-heading\">R\u00e9sultats attendus des services d&#039;\u00e9tudes de march\u00e9 sur les ol\u00e9oducs et les gazoducs de SIS International<\/h2>\n\n\n\n<p>SIS International propose des services complets d&#039;\u00e9tudes de march\u00e9 sur les ol\u00e9oducs et les gazoducs pour fournir des informations exploitables et favoriser la r\u00e9ussite commerciale. Voici les r\u00e9sultats attendus que les clients peuvent anticiper\u00a0:<\/p>\n\n\n\n<ul class=\"wp-block-list\">\n<li><strong>Analyse approfondie du march\u00e9\u00a0:<\/strong> SIS conducts thorough <a href=\"https:\/\/www.sisinternational.com\/fr\/solutions\/solutions-de-recherche-qualitative-et-quantitative\/etude-de-marche-sur-lanalyse-de-grappes\/\" title=\"\u00c9tude de march\u00e9 sur l\u2019analyse de cluster\"  data-wpil-monitor-id=\"7033\">oil and gas pipeline<\/a> market research, providing clients with a deep understanding of industry trends, market dynamics, and competitive landscapes. By analyzing market demand, regulatory frameworks, and technological advancements, SIS International delivers insights that inform strategic decision-making and drive business growth.<\/li>\n\n\n\n<li><strong>Veille concurrentielle\u00a0:<\/strong> Les recherches de SIS International incluent une veille concurrentielle, permettant aux clients d&#039;obtenir des informations sur les strat\u00e9gies des concurrents, le positionnement sur le march\u00e9 et les pr\u00e9f\u00e9rences des clients. En se comparant \u00e0 leurs concurrents et en identifiant les lacunes du march\u00e9, les clients peuvent d\u00e9velopper des offres diff\u00e9renci\u00e9es, am\u00e9liorer leur avantage concurrentiel et conqu\u00e9rir efficacement des parts de march\u00e9.<\/li>\n\n\n\n<li><strong>Conseils de conformit\u00e9 r\u00e9glementaire\u00a0:<\/strong> Forte de son expertise dans les paysages r\u00e9glementaires et les normes industrielles, SIS fournit \u00e0 ses clients des conseils en mati\u00e8re de conformit\u00e9 r\u00e9glementaire, garantissant le respect des r\u00e9glementations et normes applicables. En se tenant au courant des \u00e9volutions r\u00e9glementaires et des exigences de conformit\u00e9, les clients peuvent att\u00e9nuer les risques r\u00e9glementaires, \u00e9viter des p\u00e9nalit\u00e9s co\u00fbteuses et maintenir une r\u00e9putation favorable dans le secteur.<\/li>\n\n\n\n<li><a href=\"https:\/\/www.sisinternational.com\/fr\/solutions\/ai-etudes-de-marche-et-conseil-en-strategie\/etude-de-marche-sur-la-reconnaissance-faciale\/\" title=\"\u00c9tude de march\u00e9 sur la reconnaissance faciale\"  data-wpil-monitor-id=\"2034\">Market Expansion Opportunities: SIS International&#8217;s research<\/a> identifies market expansion opportunities, enabling clients to assess market demand, evaluate entry barriers, and develop market entry strategies. By identifying untapped markets, assessing competitive landscapes, and understanding consumer preferences, clients can expand their presence in new markets, diversify revenue streams, and drive business growth.<\/li>\n<\/ul>\n\n\n\n<h2 class=\"wp-block-heading\">Acteurs du march\u00e9 des ol\u00e9oducs et gazoducs<\/h2>\n\n\n\n<figure class=\"gb-block-image gb-block-image-a75315cb\"><img loading=\"lazy\" decoding=\"async\" width=\"1456\" height=\"816\" class=\"gb-image gb-image-a75315cb\" src=\"https:\/\/www.sisinternational.com\/wp-content\/uploads\/2025\/08\/Oil-3.jpg\" alt=\"\u00c9tudes de march\u00e9 et strat\u00e9gie internationales SIS\" title=\"Oil (3)\" srcset=\"https:\/\/www.sisinternational.com\/wp-content\/uploads\/2025\/08\/Oil-3.jpg 1456w, https:\/\/www.sisinternational.com\/wp-content\/uploads\/2025\/08\/Oil-3-300x168.jpg 300w, https:\/\/www.sisinternational.com\/wp-content\/uploads\/2025\/08\/Oil-3-1024x574.jpg 1024w, https:\/\/www.sisinternational.com\/wp-content\/uploads\/2025\/08\/Oil-3-768x430.jpg 768w, https:\/\/www.sisinternational.com\/wp-content\/uploads\/2025\/08\/Oil-3-18x10.jpg 18w\" sizes=\"auto, (max-width: 1456px) 100vw, 1456px\"><\/figure>\n\n\n\n<p><\/p>\n\n\n\n<p>Le march\u00e9 des ol\u00e9oducs et gazoducs est domin\u00e9 par plusieurs acteurs cl\u00e9s, notamment\u00a0:<\/p>\n\n\n\n<ul class=\"wp-block-list\">\n<li><strong>TC \u00c9nergie\u00a0:<\/strong> Anciennement connue sous le nom de TransCanada Corporation, TC Energy est une soci\u00e9t\u00e9 d&#039;infrastructure \u00e9nerg\u00e9tique de premier plan en Am\u00e9rique du Nord avec un vaste r\u00e9seau de gazoducs et de liquides \u00e0 travers le Canada, les \u00c9tats-Unis et le Mexique. Connue pour son vaste r\u00e9seau de pipelines et son expertise en mati\u00e8re de construction et d&#039;exploitation de pipelines, TC Energy joue un r\u00f4le central dans la facilitation du transport des ressources \u00e9nerg\u00e9tiques \u00e0 travers l&#039;Am\u00e9rique du Nord.<\/li>\n\n\n\n<li><strong>Enfant Morgan\u00a0:<\/strong> Kinder Morgan est l&#039;une des plus grandes soci\u00e9t\u00e9s d&#039;infrastructures \u00e9nerg\u00e9tiques en Am\u00e9rique du Nord, exploitant un portefeuille diversifi\u00e9 de pipelines, de terminaux et d&#039;installations de stockage. En mettant l&#039;accent sur le gaz naturel, les produits raffin\u00e9s et les ol\u00e9oducs, Kinder Morgan joue un r\u00f4le essentiel dans la connexion des r\u00e9gions productrices d&#039;\u00e9nergie avec les march\u00e9s et centres de demande cl\u00e9s.<\/li>\n\n\n\n<li><strong>Gazprom\u00a0:<\/strong> Gazprom est une soci\u00e9t\u00e9 \u00e9nerg\u00e9tique russe et le plus grand producteur mondial de gaz naturel. Avec un vaste r\u00e9seau de gazoducs couvrant la Russie et l\u2019Europe, Gazprom domine l\u2019approvisionnement en gaz naturel des march\u00e9s nationaux et internationaux, contribuant ainsi \u00e0 la s\u00e9curit\u00e9 \u00e9nerg\u00e9tique et au d\u00e9veloppement \u00e9conomique.<\/li>\n\n\n\n<li><strong>Aramco saoudienne\u00a0:<\/strong> Saudi Aramco est le plus grand producteur et exportateur de p\u00e9trole au monde, exploitant un vaste r\u00e9seau de pipelines, de terminaux et de raffineries en Arabie saoudite et dans le monde. En tant qu&#039;acteur essentiel de l&#039;industrie p\u00e9troli\u00e8re et gazi\u00e8re, Saudi Aramco joue un r\u00f4le crucial pour garantir un approvisionnement fiable en p\u00e9trole brut sur les march\u00e9s mondiaux et soutenir la transition \u00e9nerg\u00e9tique mondiale.<\/li>\n<\/ul>\n\n\n\n<h2 class=\"wp-block-heading\">Opportunit\u00e9s sur le march\u00e9 des ol\u00e9oducs et des gazoducs<\/h2>\n\n\n\n<p><a href=\"https:\/\/www.sisinternational.com\/fr\/venezuela-oil-mining-industry-potential-strategic-forecast-2026-2036\/\" title=\"Venezuela Oil &amp; Mining Industry Potential: Strategic Forecast 2026-2036\"  data-wpil-monitor-id=\"1296\">Oil and gas pipeline market research<\/a> presents several opportunities for businesses operating within the industry:<\/p>\n\n\n\n<ul class=\"wp-block-list\">\n<li><strong>L&#039;expansion du march\u00e9:<\/strong> Les \u00e9tudes de march\u00e9 permettent aux entreprises d&#039;identifier de nouvelles opportunit\u00e9s de march\u00e9 et des perspectives d&#039;expansion dans le secteur des ol\u00e9oducs et des gazoducs. En analysant les tendances du march\u00e9, les paysages r\u00e9glementaires et les pr\u00e9f\u00e9rences des consommateurs, les entreprises peuvent \u00e9valuer la faisabilit\u00e9 de p\u00e9n\u00e9trer de nouveaux march\u00e9s, d&#039;\u00e9tendre leurs op\u00e9rations existantes ou de diversifier leurs offres de produits pour r\u00e9pondre \u00e0 l&#039;\u00e9volution des demandes du march\u00e9.<\/li>\n\n\n\n<li><strong>Innovation et adoption de technologies\u00a0:<\/strong> La recherche sur les technologies \u00e9mergentes et les tendances de l\u2019industrie permet aux entreprises d\u2019innover et de garder une longueur d\u2019avance sur la courbe du secteur des ol\u00e9oducs et des gazoducs. En investissant dans la recherche et le d\u00e9veloppement, les entreprises peuvent explorer de nouvelles technologies telles que les mat\u00e9riaux avanc\u00e9s, l&#039;automatisation et la num\u00e9risation pour am\u00e9liorer les performances des pipelines, am\u00e9liorer la s\u00e9curit\u00e9 et r\u00e9duire les impacts environnementaux.<\/li>\n\n\n\n<li><strong>Partenariats et collaborations strat\u00e9giques\u00a0:<\/strong> La recherche des tendances du march\u00e9 et des activit\u00e9s des concurrents permet aux entreprises d\u2019identifier des partenaires, fournisseurs et collaborateurs potentiels au sein de l\u2019\u00e9cosyst\u00e8me des ol\u00e9oducs et des gazoducs. En forgeant des partenariats et des collaborations strat\u00e9giques, les entreprises peuvent tirer parti de leurs atouts compl\u00e9mentaires, partager des ressources et poursuivre des coentreprises pour capitaliser sur les opportunit\u00e9s du march\u00e9 et parvenir \u00e0 une croissance et un succ\u00e8s mutuels.<\/li>\n<\/ul>\n\n\n\n<h2 class=\"wp-block-heading\">Comment les services d&#039;\u00e9tudes de march\u00e9 sur les ol\u00e9oducs et les gazoducs de SIS International aident les entreprises<\/h2>\n\n\n\n<p>SIS International propose une gamme de services sp\u00e9cialis\u00e9s adapt\u00e9s pour aider les entreprises \u00e0 naviguer dans les complexit\u00e9s de l&#039;industrie des ol\u00e9oducs et des gazoducs. Voici comment les services de SIS International peuvent profiter aux entreprises :<\/p>\n\n\n\n<ul class=\"wp-block-list\">\n<li><strong>Approche de recherche personnalis\u00e9e\u00a0:<\/strong> SIS International adopte une approche de recherche personnalis\u00e9e adapt\u00e9e aux besoins et objectifs sp\u00e9cifiques de chaque client. En collaborant \u00e9troitement avec nos clients pour comprendre leurs objectifs, leurs d\u00e9fis et la dynamique de leur secteur, nous proposons des solutions de recherche qui fournissent des informations exploitables et orientent la prise de d\u00e9cision strat\u00e9gique.<\/li>\n\n\n\n<li><strong>Expertise industrielle\u00a0:<\/strong> Avec une \u00e9quipe de chercheurs exp\u00e9riment\u00e9s et d\u2019experts de l\u2019industrie, SIS apporte des connaissances et une expertise approfondies dans le secteur des ol\u00e9oducs et des gazoducs. Tirant parti d&#039;une vaste exp\u00e9rience du secteur et d&#039;une connaissance approfondie du march\u00e9, nos consultants offrent des informations qui permettent aux clients de garder une longueur d&#039;avance sur la concurrence, d&#039;identifier les opportunit\u00e9s de croissance et d&#039;att\u00e9nuer efficacement les risques.<\/li>\n\n\n\n<li><strong>Port\u00e9e mondiale:<\/strong> SIS&#8217;s global presence enables businesses to access insights from diverse markets and regions, facilitating informed decision-making and market expansion strategies. With a network of research professionals and partners worldwide, we carry out research solutions that provide a comprehensive understanding of global <a href=\"https:\/\/www.sisinternational.com\/fr\/competence\/les-industries\/etude-de-marche-de-la-charcuterie\/\" title=\"\u00c9tude de march\u00e9 sur la charcuterie\"  data-wpil-monitor-id=\"4615\">market<\/a> dynamics and regulatory landscapes.<\/li>\n\n\n\n<li><strong>Analyses avanc\u00e9es\u00a0:<\/strong> Gr\u00e2ce \u00e0 des outils et techniques d&#039;analyse avanc\u00e9s, SIS International fournit une analyse robuste des tendances du march\u00e9, des activit\u00e9s des concurrents et des pr\u00e9f\u00e9rences des clients. En appliquant des informations bas\u00e9es sur les donn\u00e9es et des analyses pr\u00e9dictives, SIS aide ses clients \u00e0 identifier les tendances \u00e9mergentes, \u00e0 pr\u00e9voir la dynamique du march\u00e9 et \u00e0 d\u00e9velopper des strat\u00e9gies pour capitaliser efficacement sur les opportunit\u00e9s du march\u00e9.<\/li>\n\n\n\n<li><strong>Recommandations strat\u00e9giques\u00a0:<\/strong> Sur la base des r\u00e9sultats de la recherche, SIS fournit des recommandations strat\u00e9giques et des informations exploitables pour guider les processus d\u00e9cisionnels des clients. En traduisant les conclusions de la recherche en strat\u00e9gies et recommandations concr\u00e8tes, SIS International permet \u00e0 ses clients d&#039;optimiser l&#039;allocation des ressources, d&#039;att\u00e9nuer les risques et d&#039;atteindre leurs objectifs commerciaux dans le secteur des ol\u00e9oducs et des gazoducs.<\/li>\n<\/ul>\n\n\n\n<p><\/p>","protected":false},"excerpt":{"rendered":"<p>L'\u00e9tude du march\u00e9 des ol\u00e9oducs et gazoducs analyse les tendances, les d\u00e9fis, les opportunit\u00e9s et la dynamique de l'industrie des ol\u00e9oducs et gazoducs.<\/p>","protected":false},"author":1,"featured_media":63380,"parent":14457,"menu_order":35,"comment_status":"closed","ping_status":"closed","template":"","meta":{"footnotes":""},"class_list":["post-47330","page","type-page","status-publish","has-post-thumbnail"],"_links":{"self":[{"href":"https:\/\/www.sisinternational.com\/fr\/wp-json\/wp\/v2\/pages\/47330","targetHints":{"allow":["GET"]}}],"collection":[{"href":"https:\/\/www.sisinternational.com\/fr\/wp-json\/wp\/v2\/pages"}],"about":[{"href":"https:\/\/www.sisinternational.com\/fr\/wp-json\/wp\/v2\/types\/page"}],"author":[{"embeddable":true,"href":"https:\/\/www.sisinternational.com\/fr\/wp-json\/wp\/v2\/users\/1"}],"replies":[{"embeddable":true,"href":"https:\/\/www.sisinternational.com\/fr\/wp-json\/wp\/v2\/comments?post=47330"}],"version-history":[{"count":13,"href":"https:\/\/www.sisinternational.com\/fr\/wp-json\/wp\/v2\/pages\/47330\/revisions"}],"predecessor-version":[{"id":80598,"href":"https:\/\/www.sisinternational.com\/fr\/wp-json\/wp\/v2\/pages\/47330\/revisions\/80598"}],"up":[{"embeddable":true,"href":"https:\/\/www.sisinternational.com\/fr\/wp-json\/wp\/v2\/pages\/14457"}],"wp:featuredmedia":[{"embeddable":true,"href":"https:\/\/www.sisinternational.com\/fr\/wp-json\/wp\/v2\/media\/63380"}],"wp:attachment":[{"href":"https:\/\/www.sisinternational.com\/fr\/wp-json\/wp\/v2\/media?parent=47330"}],"curies":[{"name":"wp","href":"https:\/\/api.w.org\/{rel}","templated":true}]}}