{"id":47316,"date":"2024-04-10T20:29:02","date_gmt":"2024-04-11T00:29:02","guid":{"rendered":"https:\/\/www.sisinternational.com\/?page_id=47316"},"modified":"2026-01-24T16:48:12","modified_gmt":"2026-01-24T21:48:12","slug":"conseil-en-feuille-de-route-strategique","status":"publish","type":"page","link":"https:\/\/www.sisinternational.com\/fr\/solutions\/conseil-en-strategie\/conseil-en-feuille-de-route-strategique\/","title":{"rendered":"Conseil en feuille de route strat\u00e9gique"},"content":{"rendered":"<h1 class=\"wp-block-heading\">Conseil en feuille de route strat\u00e9gique<\/h1>\n\n\n\n<figure class=\"gb-block-image gb-block-image-4708480d\"><img loading=\"lazy\" decoding=\"async\" width=\"1456\" height=\"816\" class=\"gb-image gb-image-4708480d\" src=\"https:\/\/www.sisinternational.com\/wp-content\/uploads\/2025\/08\/Strategy-consulting-2.jpg\" alt=\"\u00c9tudes de march\u00e9 et strat\u00e9gie internationales SIS\" title=\"Strategy consulting (2)\" srcset=\"https:\/\/www.sisinternational.com\/wp-content\/uploads\/2025\/08\/Strategy-consulting-2.jpg 1456w, https:\/\/www.sisinternational.com\/wp-content\/uploads\/2025\/08\/Strategy-consulting-2-300x168.jpg 300w, https:\/\/www.sisinternational.com\/wp-content\/uploads\/2025\/08\/Strategy-consulting-2-1024x574.jpg 1024w, https:\/\/www.sisinternational.com\/wp-content\/uploads\/2025\/08\/Strategy-consulting-2-768x430.jpg 768w, https:\/\/www.sisinternational.com\/wp-content\/uploads\/2025\/08\/Strategy-consulting-2-18x10.jpg 18w\" sizes=\"auto, (max-width: 1456px) 100vw, 1456px\"><\/figure>\n\n\n\n<hr class=\"wp-block-separator has-alpha-channel-opacity is-style-dots\"\/>\n\n\n\n<p>Dans un paysage commercial en constante \u00e9volution, pour garder une longueur d\u2019avance, il ne suffit pas de r\u00e9agir aux changements du march\u00e9 ; cela exige une approche proactive et strat\u00e9gique. C&#039;est pourquoi le conseil en mati\u00e8re de feuille de route strat\u00e9gique est un outil puissant qui permet aux entreprises de naviguer dans la complexit\u00e9, de saisir les opportunit\u00e9s et d&#039;atteindre leurs objectifs \u00e0 long terme avec clart\u00e9 et confiance.<\/p>\n\n\n\n<h2 class=\"wp-block-heading\">Qu\u2019est-ce que le conseil en feuille de route strat\u00e9gique ?<\/h2>\n\n\n\n<p>Le conseil en feuille de route strat\u00e9gique consiste \u00e0 \u00e9laborer une feuille de route claire et exploitable pour guider le parcours d&#039;une organisation de son \u00e9tat actuel \u00e0 l&#039;\u00e9tat futur souhait\u00e9. Il englobe une s\u00e9rie d&#039;initiatives strat\u00e9giques, de jalons et d&#039;indicateurs de performance cl\u00e9s (KPI) con\u00e7us pour s&#039;aligner sur les buts et objectifs globaux de l&#039;organisation.<\/p>\n\n\n\n<p>Gr\u00e2ce \u00e0 un processus collaboratif et it\u00e9ratif, le conseil aide les entreprises \u00e0 prioriser leurs initiatives, \u00e0 allouer efficacement les ressources et \u00e0 s&#039;adapter \u00e0 l&#039;\u00e9volution de la dynamique du march\u00e9 pour favoriser une croissance durable et un avantage concurrentiel.<\/p>\n\n\n\n<h2 class=\"wp-block-heading\">Pourquoi les entreprises ont-elles besoin de conseils en mati\u00e8re de feuille de route strat\u00e9gique\u00a0?<\/h2>\n\n\n\n<p><a href=\"https:\/\/www.sisinternational.com\/fr\/solutions\/conseil-en-strategie\/approvisionnement-strategique\/\" title=\"Conseil en approvisionnement strat\u00e9gique\"  data-wpil-monitor-id=\"6542\">Strategic roadmap consulting<\/a> provides businesses with a clear direction and focus by defining their long-term vision and outlining the steps needed to achieve it. This way, businesses can ensure alignment across teams and departments, fostering a collective sense of purpose and direction.<\/p>\n\n\n\n<p>De plus, ces conseils aident les entreprises \u00e0 anticiper et \u00e0 att\u00e9nuer les risques en identifiant les obstacles potentiels et en \u00e9laborant des plans d&#039;urgence pour y rem\u00e9dier de mani\u00e8re proactive. En \u00e9valuant syst\u00e9matiquement les risques et les incertitudes, les entreprises peuvent surmonter les obstacles plus efficacement et minimiser les perturbations de leurs op\u00e9rations.<\/p>\n\n\n\n<p>De plus, ce conseil aide les entreprises \u00e0 optimiser l&#039;allocation des ressources en priorisant les initiatives en fonction de leur impact potentiel et de leur importance strat\u00e9gique. Les entreprises peuvent prendre des d\u00e9cisions \u00e9clair\u00e9es concernant l&#039;allocation des ressources, en garantissant que les ressources sont allou\u00e9es aux initiatives qui offrent le retour sur investissement le plus \u00e9lev\u00e9. Cependant, il apporte d\u2019autres avantages suppl\u00e9mentaires, notamment :<\/p>\n\n\n\n<ul class=\"wp-block-list\">\n<li><strong>Vision claire et alignement\u00a0:<\/strong> Une feuille de route strat\u00e9gique bien \u00e9labor\u00e9e fournit aux entreprises une vision claire de leur orientation et de leurs objectifs futurs.<\/li>\n\n\n\n<li><strong>Priorisation et concentration\u00a0:<\/strong> Le conseil aide les entreprises \u00e0 prioriser les initiatives et \u00e0 allouer efficacement les ressources.<\/li>\n\n\n\n<li><strong>Gestion et att\u00e9nuation des risques\u00a0:<\/strong> By conducting thorough risk assessments and scenario planning, <a href=\"https:\/\/www.sisinternational.com\/fr\/venezuela-oil-mining-industry-potential-strategic-forecast-2026-2036\/\" title=\"Venezuela Oil &amp; Mining Industry Potential: Strategic Forecast 2026-2036\"  data-wpil-monitor-id=\"1303\">conseil en feuille de route strat\u00e9gique<\/a> enables businesses to identify potential risks and develop mitigation strategies.<\/li>\n\n\n\n<li><strong>Prise de d\u00e9cision am\u00e9lior\u00e9e\u00a0:<\/strong> Ce conseil donne aux entreprises les donn\u00e9es et les informations dont elles ont besoin pour prendre des d\u00e9cisions \u00e9clair\u00e9es.<\/li>\n\n\n\n<li><strong>Ex\u00e9cution et responsabilit\u00e9 am\u00e9lior\u00e9es\u00a0:<\/strong> Une feuille de route strat\u00e9gique bien d\u00e9finie comprend des jalons, des d\u00e9lais et des mesures de responsabilisation clairs, facilitant une ex\u00e9cution efficace et le suivi des progr\u00e8s.<\/li>\n<\/ul>\n\n\n\n<h2 class=\"wp-block-heading\">Qui utilise ce conseil ?<\/h2>\n\n\n\n<p>Les grandes entreprises s&#039;engagent souvent dans ce conseil pour tracer leur voie vers la croissance, l&#039;innovation et l&#039;expansion du march\u00e9. Ces organisations peuvent am\u00e9liorer leur efficacit\u00e9 op\u00e9rationnelle, am\u00e9liorer leur comp\u00e9titivit\u00e9 et saisir de nouvelles opportunit\u00e9s sur le march\u00e9.<\/p>\n\n\n\n<p>Les startups et les scaleups b\u00e9n\u00e9ficient de ces conseils pour relever les d\u00e9fis de la croissance et de l&#039;\u00e9volutivit\u00e9. En \u00e9laborant une feuille de route claire pour le d\u00e9veloppement de produits, l&#039;entr\u00e9e sur le march\u00e9 et l&#039;acquisition de clients, ces entreprises peuvent acc\u00e9l\u00e9rer leur trajectoire de croissance, attirer des investissements et \u00e9tablir une base solide pour un succ\u00e8s \u00e0 long terme.<\/p>\n\n\n\n<p>Les organisations \u00e0 but non lucratif tirent \u00e9galement parti du conseil pour atteindre leurs objectifs sociaux et ax\u00e9s sur leur mission. Ils peuvent maximiser leur impact, optimiser l\u2019allocation des ressources et susciter des changements significatifs dans leurs communaut\u00e9s.<\/p>\n\n\n\n<p>Les agences gouvernementales ont recours au conseil pour relever des d\u00e9fis soci\u00e9taux complexes, stimuler le d\u00e9veloppement \u00e9conomique et am\u00e9liorer les services publics. En \u00e9laborant des plans strat\u00e9giques qui donnent la priorit\u00e9 aux besoins des citoyens, aux objectifs politiques et aux contraintes budg\u00e9taires, ces organisations peuvent fournir des services plus efficaces et efficients au public.<\/p>\n\n\n\n<h2 class=\"wp-block-heading\">Quand mener une consultation sur la feuille de route strat\u00e9gique<\/h2>\n\n\n\n<figure class=\"gb-block-image gb-block-image-4b7489b3\"><img loading=\"lazy\" decoding=\"async\" width=\"1456\" height=\"816\" class=\"gb-image gb-image-4b7489b3\" src=\"https:\/\/www.sisinternational.com\/wp-content\/uploads\/2025\/08\/Strategy-consulting-6.jpg\" alt=\"\u00c9tudes de march\u00e9 et strat\u00e9gie internationales SIS\" title=\"Strategy consulting (6)\" srcset=\"https:\/\/www.sisinternational.com\/wp-content\/uploads\/2025\/08\/Strategy-consulting-6.jpg 1456w, https:\/\/www.sisinternational.com\/wp-content\/uploads\/2025\/08\/Strategy-consulting-6-300x168.jpg 300w, https:\/\/www.sisinternational.com\/wp-content\/uploads\/2025\/08\/Strategy-consulting-6-1024x574.jpg 1024w, https:\/\/www.sisinternational.com\/wp-content\/uploads\/2025\/08\/Strategy-consulting-6-768x430.jpg 768w, https:\/\/www.sisinternational.com\/wp-content\/uploads\/2025\/08\/Strategy-consulting-6-18x10.jpg 18w\" sizes=\"auto, (max-width: 1456px) 100vw, 1456px\"><\/figure>\n\n\n\n<p><\/p>\n\n\n\n<p>D\u00e9terminer le moment id\u00e9al pour le conseil en mati\u00e8re de feuille de route strat\u00e9gique est crucial pour maximiser son efficacit\u00e9 et son impact. Voici quelques consid\u00e9rations cl\u00e9s\u00a0:<\/p>\n\n\n\n<ul class=\"wp-block-list\">\n<li><strong>Points d\u2019inflexion strat\u00e9giques\u00a0:<\/strong> Les entreprises devraient envisager de mener des conseils en mati\u00e8re de feuille de route strat\u00e9gique lors des points d\u2019inflexion strat\u00e9giques, tels que des changements majeurs dans le paysage du march\u00e9, des technologies perturbatrices ou des changements dans les environnements r\u00e9glementaires. Ces points d\u2019inflexion pr\u00e9sentent souvent \u00e0 la fois des opportunit\u00e9s et des menaces, ce qui rend essentiel pour les entreprises de r\u00e9\u00e9valuer leurs strat\u00e9gies et de s\u2019adapter en cons\u00e9quence.<\/li>\n\n\n\n<li><strong>\u00c9tapes du cycle de vie de l&#039;entreprise\u00a0:<\/strong> Diff\u00e9rentes \u00e9tapes du cycle de vie de l\u2019entreprise peuvent justifier une consultation. Par exemple, les startups peuvent s&#039;engager dans une planification strat\u00e9gique pour d\u00e9finir leurs strat\u00e9gies de croissance et obtenir un financement, tandis que les entreprises matures peuvent proc\u00e9der \u00e0 des examens p\u00e9riodiques pour r\u00e9aligner leurs strat\u00e9gies sur l&#039;\u00e9volution des conditions du march\u00e9 et des priorit\u00e9s commerciales.<\/li>\n\n\n\n<li><strong>Perturbations ou incertitudes du march\u00e9\u00a0:<\/strong> En cas de perturbations du march\u00e9, d&#039;incertitude \u00e9conomique ou de bouleversements du secteur, les entreprises peuvent b\u00e9n\u00e9ficier de conseils en mati\u00e8re de feuille de route strat\u00e9gique pour relever les d\u00e9fis, identifier les opportunit\u00e9s \u00e9mergentes et se positionner pour un succ\u00e8s \u00e0 long terme. Une planification proactive en p\u00e9riode de turbulences peut aider les entreprises \u00e0 att\u00e9nuer les risques et \u00e0 tirer parti des \u00e9volutions du march\u00e9.<\/li>\n\n\n\n<li><strong>Lancements de produits ou de services\u00a0:<\/strong> Les entreprises qui envisagent d&#039;introduire de nouveaux produits, services ou offres de march\u00e9 peuvent b\u00e9n\u00e9ficier de conseils pour garantir des lancements r\u00e9ussis. En d\u00e9veloppant des strat\u00e9gies de commercialisation compl\u00e8tes, des feuilles de route de produits et des plans d&#039;acquisition de clients, les entreprises peuvent maximiser l&#039;impact de leurs nouvelles offres et acqu\u00e9rir un avantage concurrentiel sur le march\u00e9.<\/li>\n\n\n\n<li><strong>Transitions organisationnelles ou restructuration\u00a0:<\/strong> Pendant les p\u00e9riodes de transition organisationnelle, telles que les fusions, les acquisitions ou les changements de direction, le conseil peut aider les entreprises \u00e0 r\u00e9aligner leurs strat\u00e9gies, \u00e0 int\u00e9grer des syst\u00e8mes et des cultures disparates et \u00e0 d\u00e9finir une orientation claire pour l&#039;entit\u00e9 combin\u00e9e.<\/li>\n<\/ul>\n\n\n\n<h2 class=\"wp-block-heading\">R\u00e9sultats attendus du conseil en feuille de route strat\u00e9gique de SIS International<\/h2>\n\n\n\n<p>Engager SIS International pour des conseils en mati\u00e8re de feuille de route strat\u00e9gique peut produire plusieurs r\u00e9sultats attendus\u00a0:<\/p>\n\n\n\n<ul class=\"wp-block-list\">\n<li><strong>Direction et alignement clairs\u00a0:<\/strong> SIS International travaille en \u00e9troite collaboration avec ses clients pour d\u00e9velopper une orientation strat\u00e9gique claire et assurer l&#039;alignement au sein de l&#039;organisation. En animant des ateliers strat\u00e9giques, en menant des entretiens avec les parties prenantes et en analysant les tendances du march\u00e9, SIS International aide les entreprises \u00e0 articuler leur vision, \u00e0 d\u00e9finir leurs objectifs et \u00e0 \u00e9tablir une feuille de route coh\u00e9rente qui guide la prise de d\u00e9cision et favorise l&#039;alignement organisationnel.<\/li>\n\n\n\n<li><strong>Prise de d\u00e9cision \u00e9clair\u00e9e\u00a0:<\/strong> SIS fournit \u00e0 ses clients des informations exploitables et des recommandations bas\u00e9es sur des donn\u00e9es pour \u00e9clairer la prise de d\u00e9cision strat\u00e9gique. Gr\u00e2ce \u00e0 des conseils complets, une analyse concurrentielle et une analyse comparative du secteur, SIS International fournit aux entreprises les informations dont elles ont besoin pour identifier les opportunit\u00e9s de croissance, att\u00e9nuer les risques et faire des choix \u00e9clair\u00e9s qui soutiennent leurs objectifs \u00e0 long terme.<\/li>\n\n\n\n<li><strong>Agilit\u00e9 et adaptabilit\u00e9 am\u00e9lior\u00e9es\u00a0:<\/strong> Gr\u00e2ce aux conseils de SIS International, les entreprises peuvent devenir plus agiles et plus adaptatives en r\u00e9ponse \u00e0 l&#039;\u00e9volution de la dynamique du march\u00e9 et aux pressions concurrentielles. En adoptant des m\u00e9thodologies agiles, des processus de planification it\u00e9ratifs et des techniques de planification de sc\u00e9narios, SIS International aide ses clients \u00e0 anticiper le changement, \u00e0 g\u00e9rer l&#039;incertitude et \u00e0 orienter efficacement leurs strat\u00e9gies pour garder une longueur d&#039;avance.<\/li>\n\n\n\n<li><strong>Allocation optimis\u00e9e des ressources\u00a0:<\/strong> SIS International aide ses clients \u00e0 optimiser l&#039;allocation des ressources et \u00e0 prioriser les initiatives strat\u00e9giques afin de maximiser le retour sur investissement (ROI). Gr\u00e2ce \u00e0 une analyse financi\u00e8re rigoureuse, une mod\u00e9lisation d&#039;optimisation des ressources et des techniques de gestion de portefeuille, SIS International aide les entreprises \u00e0 allouer les ressources de mani\u00e8re strat\u00e9gique, \u00e0 minimiser le gaspillage et \u00e0 garantir que les ressources sont d\u00e9ploy\u00e9es efficacement pour soutenir les priorit\u00e9s strat\u00e9giques cl\u00e9s.<\/li>\n<\/ul>\n\n\n\n<h2 class=\"wp-block-heading\">Opportunit\u00e9s dans le conseil en feuille de route strat\u00e9gique<\/h2>\n\n\n\n<p>S&#039;engager dans le conseil en feuille de route strat\u00e9gique offre de nombreuses opportunit\u00e9s aux entreprises pour prosp\u00e9rer et atteindre leurs objectifs\u00a0:<\/p>\n\n\n\n<ul class=\"wp-block-list\">\n<li><strong>Allocation optimis\u00e9e des ressources\u00a0:<\/strong> Ce conseil aide les entreprises \u00e0 optimiser l&#039;allocation des ressources, tant financi\u00e8res qu&#039;humaines.<\/li>\n\n\n\n<li><strong>Alignement am\u00e9lior\u00e9 des parties prenantes\u00a0:<\/strong> Un conseil efficace favorise l\u2019alignement et la collaboration entre les parties prenantes de l\u2019organisation.<\/li>\n\n\n\n<li><strong>Agilit\u00e9 et adaptabilit\u00e9\u00a0:<\/strong> Le conseil en mati\u00e8re de feuille de route strat\u00e9gique permet aux entreprises de devenir plus agiles et adaptables en r\u00e9ponse aux conditions changeantes du march\u00e9 et aux besoins des clients.<\/li>\n\n\n\n<li><strong>R\u00e9sultats mesurables et responsabilit\u00e9\u00a0:<\/strong> Gr\u00e2ce au conseil, les entreprises peuvent \u00e9tablir des mesures et des KPI clairs pour mesurer le succ\u00e8s de leurs initiatives strat\u00e9giques.<\/li>\n<\/ul>\n\n\n\n<h2 class=\"wp-block-heading\">Comment le conseil en feuille de route strat\u00e9gique de SIS International aide les entreprises<\/h2>\n\n\n\n<p>SIS International propose des services complets de conseil en mati\u00e8re de feuille de route strat\u00e9gique, con\u00e7us pour permettre aux entreprises d&#039;atteindre en toute confiance leurs objectifs \u00e0 long terme et de naviguer dans des paysages de march\u00e9 complexes. Voici comment notre expertise peut profiter \u00e0 votre organisation\u00a0:<\/p>\n\n\n\n<ul class=\"wp-block-list\">\n<li><strong>Approche sur mesure\u00a0:<\/strong> Chez SIS International, nous comprenons que chaque entreprise est unique, avec ses propres d\u00e9fis, opportunit\u00e9s et objectifs. Nos services de conseil sont adapt\u00e9s pour r\u00e9pondre aux besoins et objectifs sp\u00e9cifiques de chaque client, garantissant que nos recommandations s&#039;alignent sur la vision, la mission et les valeurs de votre organisation.<\/li>\n\n\n\n<li><strong>Informations bas\u00e9es sur les donn\u00e9es\u00a0:<\/strong> Our team of experienced <a href=\"https:\/\/www.sisinternational.com\/fr\/b2b\/\" title=\"Cost-Effective and Actionable Insights to Drive Your Next Strategic Move\"  data-wpil-monitor-id=\"1497\">consultants<\/a> leverages a data-driven approach to strategic planning, drawing insights from market research, industry analysis, and competitive intelligence to inform decision-making. By combining qualitative and quantitative data, we provide actionable insights that enable businesses to make informed strategic decisions and stay ahead of the competition.<\/li>\n\n\n\n<li><strong>Processus collaboratif\u00a0:<\/strong> Nous croyons qu\u2019il est important de favoriser la collaboration et le partenariat avec nos clients tout au long du processus de planification strat\u00e9gique. Nos consultants travaillent en \u00e9troite collaboration avec les principales parties prenantes de l&#039;organisation pour recueillir des commentaires, solliciter des commentaires et assurer l&#039;alignement sur les priorit\u00e9s et objectifs strat\u00e9giques.<\/li>\n\n\n\n<li><strong>M\u00e9thodologies Agiles:<\/strong> In today&#8217;s rapidly evolving business environment, agility is essential for success. Our <a href=\"https:\/\/www.sisinternational.com\/fr\/solutions\/croissance-mondiale\/conseil-en-planification-strategique\/\" title=\"Conseil en planification strat\u00e9gique\"  data-wpil-monitor-id=\"6373\">conseil en feuille de route strat\u00e9gique<\/a> services incorporate agile methodologies and iterative planning processes to enable businesses to adapt quickly to changing market conditions, customer preferences, and competitive pressures.<\/li>\n\n\n\n<li><strong>R\u00e9sultats mesurables\u00a0:<\/strong> Chez SIS International, nous croyons en la fourniture de r\u00e9sultats mesurables et tangibles \u00e0 nos clients. Nous travaillons en \u00e9troite collaboration avec les entreprises pour d\u00e9finir des objectifs clairs, \u00e9tablir des indicateurs de performance cl\u00e9s (KPI) et d\u00e9velopper des syst\u00e8mes de mesure des performances pour suivre les progr\u00e8s et \u00e9valuer le succ\u00e8s.<\/li>\n<\/ul>\n\n\n\n<p><\/p>","protected":false},"excerpt":{"rendered":"<p>Le conseil en feuille de route strat\u00e9gique consiste \u00e0 cr\u00e9er une feuille de route pour le parcours d&#039;une organisation du pr\u00e9sent \u00e0 l&#039;\u00e9tat futur.<\/p>","protected":false},"author":1,"featured_media":62545,"parent":14567,"menu_order":48,"comment_status":"closed","ping_status":"closed","template":"","meta":{"footnotes":""},"class_list":["post-47316","page","type-page","status-publish","has-post-thumbnail"],"_links":{"self":[{"href":"https:\/\/www.sisinternational.com\/fr\/wp-json\/wp\/v2\/pages\/47316","targetHints":{"allow":["GET"]}}],"collection":[{"href":"https:\/\/www.sisinternational.com\/fr\/wp-json\/wp\/v2\/pages"}],"about":[{"href":"https:\/\/www.sisinternational.com\/fr\/wp-json\/wp\/v2\/types\/page"}],"author":[{"embeddable":true,"href":"https:\/\/www.sisinternational.com\/fr\/wp-json\/wp\/v2\/users\/1"}],"replies":[{"embeddable":true,"href":"https:\/\/www.sisinternational.com\/fr\/wp-json\/wp\/v2\/comments?post=47316"}],"version-history":[{"count":11,"href":"https:\/\/www.sisinternational.com\/fr\/wp-json\/wp\/v2\/pages\/47316\/revisions"}],"predecessor-version":[{"id":80124,"href":"https:\/\/www.sisinternational.com\/fr\/wp-json\/wp\/v2\/pages\/47316\/revisions\/80124"}],"up":[{"embeddable":true,"href":"https:\/\/www.sisinternational.com\/fr\/wp-json\/wp\/v2\/pages\/14567"}],"wp:featuredmedia":[{"embeddable":true,"href":"https:\/\/www.sisinternational.com\/fr\/wp-json\/wp\/v2\/media\/62545"}],"wp:attachment":[{"href":"https:\/\/www.sisinternational.com\/fr\/wp-json\/wp\/v2\/media?parent=47316"}],"curies":[{"name":"wp","href":"https:\/\/api.w.org\/{rel}","templated":true}]}}