{"id":47302,"date":"2024-04-09T10:56:08","date_gmt":"2024-04-09T14:56:08","guid":{"rendered":"https:\/\/www.sisinternational.com\/?page_id=47302"},"modified":"2026-01-26T14:36:43","modified_gmt":"2026-01-26T19:36:43","slug":"etude-de-marche-sur-les-produits-de-grossesse","status":"publish","type":"page","link":"https:\/\/www.sisinternational.com\/fr\/competence\/etude-de-marche-sur-les-produits-de-grossesse\/","title":{"rendered":"\u00c9tude de march\u00e9 sur les produits de grossesse"},"content":{"rendered":"<h1 class=\"wp-block-heading\">\u00c9tude de march\u00e9 sur les produits de grossesse<\/h1>\n\n\n\n<figure class=\"gb-block-image gb-block-image-7a3e8c04\"><img loading=\"lazy\" decoding=\"async\" width=\"1456\" height=\"816\" class=\"gb-image gb-image-7a3e8c04\" src=\"https:\/\/www.sisinternational.com\/wp-content\/uploads\/2025\/08\/Pregnancy-4.jpg\" alt=\"\u00c9tudes de march\u00e9 et strat\u00e9gie internationales SIS\" title=\"Pregnancy (4)\" srcset=\"https:\/\/www.sisinternational.com\/wp-content\/uploads\/2025\/08\/Pregnancy-4.jpg 1456w, https:\/\/www.sisinternational.com\/wp-content\/uploads\/2025\/08\/Pregnancy-4-300x168.jpg 300w, https:\/\/www.sisinternational.com\/wp-content\/uploads\/2025\/08\/Pregnancy-4-1024x574.jpg 1024w, https:\/\/www.sisinternational.com\/wp-content\/uploads\/2025\/08\/Pregnancy-4-768x430.jpg 768w, https:\/\/www.sisinternational.com\/wp-content\/uploads\/2025\/08\/Pregnancy-4-18x10.jpg 18w\" sizes=\"auto, (max-width: 1456px) 100vw, 1456px\"><\/figure>\n\n\n\n<hr class=\"wp-block-separator has-alpha-channel-opacity is-style-dots\"\/>\n\n\n\n<p>Les entreprises exploitent-elles efficacement le march\u00e9 en constante expansion des produits de grossesse\u00a0? Les futurs parents recherchent le meilleur pour leur parcours vers la parentalit\u00e9. Il est donc crucial de comprendre les nuances de ce march\u00e9. C&#039;est pourquoi les \u00e9tudes de march\u00e9 sur les produits de grossesse analysent le march\u00e9 pour d\u00e9couvrir les strat\u00e9gies et les informations dont les entreprises ont besoin pour prosp\u00e9rer dans ce paysage dynamique.<\/p>\n\n\n\n<h2 class=\"wp-block-heading\">What Is Pregnancy product market research?<\/h2>\n\n\n\n<p>Pregnancy <a href=\"https:\/\/www.sisinternational.com\/fr\/etiquetage-des-produits-nutritionnels-en-asie\/\" title=\"\u00c9tude de march\u00e9 sur l\u2019\u00e9tiquetage et les produits nutritionnels en Asie\"  data-wpil-monitor-id=\"2482\">product market research<\/a> analyzes the market dynamics, consumer behaviors, and product preferences within products catering to expectant parents and their newborns. This research studies various facets, including the types of products sought during pregnancy, factors influencing purchasing decisions, preferred distribution channels, and emerging market landscape trends.<\/p>\n\n\n\n<h2 class=\"wp-block-heading\">Pourquoi c&#039;est important?<\/h2>\n\n\n\n<p>Pregnancy <a href=\"https:\/\/www.sisinternational.com\/fr\/competence\/les-industries\/etude-de-marche-sur-la-superiorite-des-produits\/\" title=\"\u00c9tude de march\u00e9 sur la sup\u00e9riorit\u00e9 des produits\"  data-wpil-monitor-id=\"5785\">product market research<\/a> enables businesses to identify untapped market opportunities and emerging trends within the industry. Companies can pinpoint niche segments by analyzing consumer preferences, market trends, and competitor offerings and develop innovative products and services that address unmet needs. This proactive approach allows businesses to capitalize on market gaps and gain a competitive edge in the crowded pregnancy product market.<\/p>\n\n\n\n<p>En outre, mener des \u00e9tudes de march\u00e9 sur les produits de grossesse aide les entreprises \u00e0 optimiser leurs efforts de d\u00e9veloppement de produits en obtenant des informations sur les pr\u00e9f\u00e9rences des consommateurs, les caract\u00e9ristiques des produits et les strat\u00e9gies de tarification. En recueillant les commentaires des futurs parents par le biais d&#039;enqu\u00eates, de groupes de discussion et de tests de produits, les entreprises peuvent affiner leurs offres de produits pour mieux s&#039;aligner sur les attentes et les pr\u00e9f\u00e9rences des clients.<\/p>\n\n\n\n<p>De m\u00eame, les \u00e9tudes de march\u00e9 sur les produits de grossesse fournissent aux entreprises des informations pr\u00e9cieuses qui \u00e9clairent leurs strat\u00e9gies et messages marketing. Reconna\u00eetre et comprendre les canaux et les points de contact que les futurs parents utilisent pour recueillir des informations et prendre des d\u00e9cisions d&#039;achat permet aux entreprises d&#039;adapter leurs efforts de marketing pour atteindre efficacement leur public cible.<\/p>\n\n\n\n<p>Dans tous les cas, il offre quelques avantages suppl\u00e9mentaires tels que :<\/p>\n\n\n\n<p><strong>La connaissance des consommateurs:<\/strong> Market research gives businesses valuable insights into consumer preferences, behaviors, and trends. By understanding the needs and desires of expectant parents, businesses can tailor their product offerings to meet customer demands and preferences.<\/p>\n\n\n\n<p><strong>Avantage comp\u00e9titif:<\/strong> Une \u00e9tude de march\u00e9 approfondie peut aider les entreprises \u00e0 acqu\u00e9rir un avantage concurrentiel en gardant une longueur d&#039;avance sur les tendances du secteur et les strat\u00e9gies des concurrents.<\/p>\n\n\n\n<p><strong>Att\u00e9nuation des risques:<\/strong> Les \u00e9tudes de march\u00e9 aident les entreprises \u00e0 att\u00e9nuer les risques associ\u00e9s au d\u00e9veloppement de produits et aux efforts de marketing.<\/p>\n\n\n\n<h2 class=\"wp-block-heading\">Who Uses Pregnancy product market research<\/h2>\n\n\n\n<p>Les prestataires de soins de sant\u00e9 jouent un r\u00f4le cl\u00e9 dans l\u2019\u00e9cosyst\u00e8me des produits de grossesse. Ces professionnels peuvent recommander des produits sp\u00e9cifiques \u00e0 leurs patientes en fonction de leurs besoins et de leur situation, garantissant ainsi que les futurs parents peuvent acc\u00e9der aux ressources et au soutien dont ils ont besoin pour vivre une exp\u00e9rience de grossesse saine et positive.<\/p>\n\n\n\n<p>Les d\u00e9taillants et les plateformes de commerce \u00e9lectronique constituent les principaux canaux de distribution des produits de grossesse, offrant une large s\u00e9lection d&#039;articles pour r\u00e9pondre aux divers besoins des futurs parents. Les d\u00e9taillants peuvent inclure des magasins de maternit\u00e9 sp\u00e9cialis\u00e9s, des grands magasins, des pharmacies et des march\u00e9s en ligne, offrant aux futurs parents un acc\u00e8s pratique aux produits et ressources essentiels pour la grossesse.<\/p>\n\n\n\n<h2 class=\"wp-block-heading\">Joueurs cl\u00e9s <\/h2>\n\n\n\n<p>Le march\u00e9 des produits de grossesse se caract\u00e9rise par plusieurs acteurs cl\u00e9s proposant une gamme diversifi\u00e9e de produits et de services r\u00e9pondant aux besoins des futurs parents. Certains principaux acteurs du march\u00e9 des produits de grossesse comprennent\u00a0:<\/p>\n\n\n\n<ul class=\"wp-block-list\">\n<li><strong>Johnson &amp; Johnson:<\/strong> Johnson &amp; Johnson est une soci\u00e9t\u00e9 multinationale qui propose une large gamme de produits de sant\u00e9, notamment des articles li\u00e9s \u00e0 la grossesse tels que des vitamines pr\u00e9natales, des produits de soin de la peau et des produits essentiels pour les soins de b\u00e9b\u00e9.<\/li>\n\n\n\n<li><strong>Procter &amp; Gamble (P&amp;G)\u00a0:<\/strong> P&amp;G est un autre acteur majeur sur le march\u00e9 des produits de grossesse, proposant une vari\u00e9t\u00e9 de marques et de produits destin\u00e9s aux futurs parents. Des serviettes de maternit\u00e9 et soutiens-gorge d&#039;allaitement aux lingettes pour b\u00e9b\u00e9 et aux couches essentielles, le portefeuille de P&amp;G comprend de nombreux produits con\u00e7us pour soutenir les familles pendant la grossesse et les p\u00e9riodes post-partum.<\/li>\n\n\n\n<li><strong>Soins maternels\u00a0:<\/strong> Mothercare est un d\u00e9taillant mondial sp\u00e9cialis\u00e9 dans les v\u00eatements de maternit\u00e9, les v\u00eatements pour b\u00e9b\u00e9s, les meubles de chambre d&#039;enfant et d&#039;autres articles essentiels pour la grossesse et la parentalit\u00e9. En mettant fortement l&#039;accent sur la qualit\u00e9, la s\u00e9curit\u00e9 et l&#039;abordabilit\u00e9 des produits, Mothercare est devenue une destination incontournable pour les futurs parents \u00e0 la recherche de produits de grossesse de haute qualit\u00e9.<\/li>\n<\/ul>\n\n\n\n<h2 class=\"wp-block-heading\">Opportunit\u00e9s<\/h2>\n\n\n\n<figure class=\"gb-block-image gb-block-image-a43cc9f0\"><img loading=\"lazy\" decoding=\"async\" width=\"1456\" height=\"816\" class=\"gb-image gb-image-a43cc9f0\" src=\"https:\/\/www.sisinternational.com\/wp-content\/uploads\/2025\/08\/Pregnancy-3.jpg\" alt=\"\u00c9tudes de march\u00e9 et strat\u00e9gie internationales SIS\" title=\"Pregnancy (3)\" srcset=\"https:\/\/www.sisinternational.com\/wp-content\/uploads\/2025\/08\/Pregnancy-3.jpg 1456w, https:\/\/www.sisinternational.com\/wp-content\/uploads\/2025\/08\/Pregnancy-3-300x168.jpg 300w, https:\/\/www.sisinternational.com\/wp-content\/uploads\/2025\/08\/Pregnancy-3-1024x574.jpg 1024w, https:\/\/www.sisinternational.com\/wp-content\/uploads\/2025\/08\/Pregnancy-3-768x430.jpg 768w, https:\/\/www.sisinternational.com\/wp-content\/uploads\/2025\/08\/Pregnancy-3-18x10.jpg 18w\" sizes=\"auto, (max-width: 1456px) 100vw, 1456px\"><\/figure>\n\n\n\n<p><\/p>\n\n\n\n<p>Le march\u00e9 des produits de grossesse pr\u00e9sente de nombreuses opportunit\u00e9s pour les entreprises qui cherchent \u00e0 entrer ou \u00e0 accro\u00eetre leur pr\u00e9sence dans cette industrie dynamique. Voici quelques opportunit\u00e9s cl\u00e9s\u00a0:<\/p>\n\n\n\n<ul class=\"wp-block-list\">\n<li><strong>D\u00e9veloppement de produits innovants\u00a0:<\/strong> L&#039;\u00e9volution des besoins et des pr\u00e9f\u00e9rences des futurs parents offre aux entreprises des opportunit\u00e9s d&#039;innover et de d\u00e9velopper de nouveaux produits de grossesse qui r\u00e9pondent \u00e0 des besoins non satisfaits ou offrent des fonctionnalit\u00e9s et des avantages uniques. Qu&#039;il s&#039;agisse de d\u00e9velopper des v\u00eatements de maternit\u00e9 respectueux de l&#039;environnement, d&#039;introduire des suppl\u00e9ments pr\u00e9natals personnalis\u00e9s ou de cr\u00e9er des babyphones intelligents, les entreprises peuvent se diff\u00e9rencier en proposant des solutions innovantes qui trouvent un \u00e9cho aupr\u00e8s des parents modernes.<\/li>\n\n\n\n<li><strong>Tendances en mati\u00e8re de sant\u00e9 et de bien-\u00eatre\u00a0:<\/strong> L&#039;accent croissant mis sur la sant\u00e9 et le bien-\u00eatre chez les futurs parents cr\u00e9e des opportunit\u00e9s pour les entreprises de d\u00e9velopper et de commercialiser des produits de grossesse qui favorisent le bien-\u00eatre holistique et soutiennent un parcours de grossesse sain. Des produits de soin biologiques aux compl\u00e9ments naturels en passant par les \u00e9quipements de fitness et les services de bien-\u00eatre, les entreprises peuvent exploiter les tendances de consommation soucieuses de leur sant\u00e9 et positionner leurs produits comme des \u00e9l\u00e9ments essentiels d&#039;un mode de vie sain pendant la grossesse.<\/li>\n\n\n\n<li><strong>Personnalisation et personnalisation\u00a0:<\/strong> Les futurs parents recherchent des exp\u00e9riences personnalis\u00e9es et des solutions sur mesure r\u00e9pondant \u00e0 leurs besoins et pr\u00e9f\u00e9rences. Les entreprises peuvent tirer parti de cette tendance en proposant des produits et services de grossesse personnalisables, tels que des v\u00eatements de maternit\u00e9 personnalis\u00e9s, des vitamines pr\u00e9natales personnalis\u00e9es ou des \u00e9quipements pour b\u00e9b\u00e9 sur mesure.<\/li>\n<\/ul>\n\n\n\n<h2 class=\"wp-block-heading\">The SIS Advantage<\/h2>\n\n\n\n<p><a href=\"https:\/\/www.sisinternational.com\/fr\/paque-de-paques-et-linevitable-lapin-en-chocolat\/\" title=\"\u00c9tude de march\u00e9 de P\u00e2ques\"  data-wpil-monitor-id=\"3622\">SIS International offers specialized pregnancy product market<\/a> research services designed to provide businesses with actionable insights and strategic guidance to navigate the complexities of the pregnancy product market. Here&#8217;s how SIS International&#8217;s research services can help businesses:<\/p>\n\n\n\n<ul class=\"wp-block-list\">\n<li><strong>Solutions de recherche personnalis\u00e9es\u00a0:<\/strong> We work closely with businesses to develop customized research solutions tailored to their objectives, challenges, and target audience. SIS International designs research methodologies that deliver relevant and actionable insights to inform business decision-making in the <a href=\"https:\/\/www.sisinternational.com\/fr\/analyse-de-lindustrie-textile\/\" title=\"\u00c9tude de march\u00e9 textile\"  data-wpil-monitor-id=\"2051\">pregnancy product<\/a> market.<\/li>\n\n\n\n<li><strong>Expertise approfondie du secteur\u00a0:<\/strong> With years of experience in <a href=\"https:\/\/www.sisinternational.com\/fr\/competence\/les-industries\/etude-de-marche-sur-lapprentissage-profond-2\/\" title=\"\u00c9tude de march\u00e9 sur l\u2019apprentissage profond\"  data-wpil-monitor-id=\"6125\">\u00e9tude de march\u00e9<\/a> and a deep understanding of the pregnancy product market, SIS brings industry expertise and insights to every research project. Our team of <a href=\"https:\/\/www.sisinternational.com\/fr\/couverture\/les-ameriques\/etude-de-marche-canadienne\/etude-de-marche-nouvelle-ecosse-canada\/\" title=\"\u00c9tude de march\u00e9 en Nouvelle-\u00c9cosse\"  data-wpil-monitor-id=\"4632\">researchers<\/a> and analysts possesses specialized knowledge of market trends, consumer behaviors, and competitive dynamics within the pregnancy product industry, enabling businesses to benefit from expert guidance and strategic recommendations that drive success.<\/li>\n\n\n\n<li><strong>Informations bas\u00e9es sur les donn\u00e9es\u00a0:<\/strong> SIS International utilise des m\u00e9thodologies rigoureuses de collecte et d&#039;analyse de donn\u00e9es pour rassembler et analyser les donn\u00e9es de march\u00e9, les commentaires des consommateurs et la veille concurrentielle. En tirant parti de techniques analytiques et statistiques avanc\u00e9es, SIS International d\u00e9couvre des informations et des tendances exploitables qui permettent aux entreprises de prendre des d\u00e9cisions \u00e9clair\u00e9es et de d\u00e9velopper des strat\u00e9gies cibl\u00e9es pour capitaliser sur les opportunit\u00e9s du march\u00e9 et surmonter les d\u00e9fis du march\u00e9 des produits de grossesse.<\/li>\n\n\n\n<li><strong>Partenariats \u00e0 long terme\u00a0:<\/strong> SIS International favorise les partenariats \u00e0 long terme avec ses clients, en fournissant un soutien et une collaboration continus pour aider les entreprises \u00e0 r\u00e9ussir sur le march\u00e9 des produits de grossesse. De la planification et de l&#039;ex\u00e9cution initiales de la recherche au suivi et \u00e0 l&#039;analyse continus, SIS International s&#039;associe aux entreprises \u00e0 chaque \u00e9tape, leur offrant un soutien et des conseils continus pour assurer leur succ\u00e8s dans le secteur dynamique et en \u00e9volution des produits de grossesse.<\/li>\n<\/ul>\n\n\n\n<p><\/p>","protected":false},"excerpt":{"rendered":"<p>L\u2019\u00e9tude de march\u00e9 sur les produits de grossesse analyse le march\u00e9, le comportement et les pr\u00e9f\u00e9rences en mati\u00e8re de produits destin\u00e9s aux futurs parents et aux nouveau-n\u00e9s.<\/p>","protected":false},"author":1,"featured_media":64843,"parent":14514,"menu_order":438,"comment_status":"closed","ping_status":"closed","template":"","meta":{"footnotes":""},"class_list":["post-47302","page","type-page","status-publish","has-post-thumbnail"],"_links":{"self":[{"href":"https:\/\/www.sisinternational.com\/fr\/wp-json\/wp\/v2\/pages\/47302","targetHints":{"allow":["GET"]}}],"collection":[{"href":"https:\/\/www.sisinternational.com\/fr\/wp-json\/wp\/v2\/pages"}],"about":[{"href":"https:\/\/www.sisinternational.com\/fr\/wp-json\/wp\/v2\/types\/page"}],"author":[{"embeddable":true,"href":"https:\/\/www.sisinternational.com\/fr\/wp-json\/wp\/v2\/users\/1"}],"replies":[{"embeddable":true,"href":"https:\/\/www.sisinternational.com\/fr\/wp-json\/wp\/v2\/comments?post=47302"}],"version-history":[{"count":12,"href":"https:\/\/www.sisinternational.com\/fr\/wp-json\/wp\/v2\/pages\/47302\/revisions"}],"predecessor-version":[{"id":79743,"href":"https:\/\/www.sisinternational.com\/fr\/wp-json\/wp\/v2\/pages\/47302\/revisions\/79743"}],"up":[{"embeddable":true,"href":"https:\/\/www.sisinternational.com\/fr\/wp-json\/wp\/v2\/pages\/14514"}],"wp:featuredmedia":[{"embeddable":true,"href":"https:\/\/www.sisinternational.com\/fr\/wp-json\/wp\/v2\/media\/64843"}],"wp:attachment":[{"href":"https:\/\/www.sisinternational.com\/fr\/wp-json\/wp\/v2\/media?parent=47302"}],"curies":[{"name":"wp","href":"https:\/\/api.w.org\/{rel}","templated":true}]}}