{"id":47298,"date":"2024-04-09T11:20:46","date_gmt":"2024-04-09T15:20:46","guid":{"rendered":"https:\/\/www.sisinternational.com\/?page_id=47298"},"modified":"2026-01-26T19:01:43","modified_gmt":"2026-01-27T00:01:43","slug":"etude-de-marche-sur-leau-en-bouteille","status":"publish","type":"page","link":"https:\/\/www.sisinternational.com\/fr\/competence\/etude-de-marche-sur-leau-en-bouteille\/","title":{"rendered":"\u00c9tude de march\u00e9 sur l\u2019eau en bouteille"},"content":{"rendered":"<h1 class=\"wp-block-heading\">\u00c9tude de march\u00e9 sur l\u2019eau en bouteille<\/h1>\n\n\n\n<figure class=\"gb-block-image gb-block-image-913ae9c0\"><img loading=\"lazy\" decoding=\"async\" width=\"1456\" height=\"816\" class=\"gb-image gb-image-913ae9c0\" src=\"https:\/\/www.sisinternational.com\/wp-content\/uploads\/2025\/08\/Bottled-water-2.jpg\" alt=\"\u00c9tudes de march\u00e9 et strat\u00e9gie internationales SIS\" title=\"Bottled water (2)\" srcset=\"https:\/\/www.sisinternational.com\/wp-content\/uploads\/2025\/08\/Bottled-water-2.jpg 1456w, https:\/\/www.sisinternational.com\/wp-content\/uploads\/2025\/08\/Bottled-water-2-300x168.jpg 300w, https:\/\/www.sisinternational.com\/wp-content\/uploads\/2025\/08\/Bottled-water-2-1024x574.jpg 1024w, https:\/\/www.sisinternational.com\/wp-content\/uploads\/2025\/08\/Bottled-water-2-768x430.jpg 768w, https:\/\/www.sisinternational.com\/wp-content\/uploads\/2025\/08\/Bottled-water-2-18x10.jpg 18w\" sizes=\"auto, (max-width: 1456px) 100vw, 1456px\"><\/figure>\n\n\n\n<hr class=\"wp-block-separator has-alpha-channel-opacity is-style-dots\"\/>\n\n\n\n<p>Gr\u00e2ce \u00e0 des \u00e9tudes de march\u00e9 m\u00e9ticuleuses sur l\u2019eau en bouteille, les chercheurs fournissent aux parties prenantes des informations exploitables pour optimiser le d\u00e9veloppement de produits, les initiatives marketing et les performances commerciales globales au sein du secteur.<\/p>\n\n\n\n<h2 class=\"wp-block-heading\">What Is Bottled water market research?<\/h2>\n\n\n\n<p>Bottled water market research analyzes the global bottled water industry, including various aspects such as market trends, consumer behavior, competitive landscape, and regulatory environment. This research involves gathering and analyzing data to uncover valuable insights that can guide business strategies and decision-making processes within the bottled water sector.<\/p>\n\n\n\n<h2 class=\"wp-block-heading\">Pourquoi c&#039;est important?<\/h2>\n\n\n\n<p>Businesses in the bottled <a href=\"https:\/\/www.sisinternational.com\/fr\/competence\/les-industries\/etude-de-marche-sur-les-technologies-de-leau\/\" title=\"\u00c9tude de march\u00e9 sur les technologies de l\u2019eau\"  data-wpil-monitor-id=\"4668\">water industry require market research<\/a> to stay ahead of the curve. It helps them understand shifting consumer demands and tailor their product offerings to effectively meet specific needs and preferences. Moreover, comprehensive market research enables businesses to identify emerging trends and capitalize on new opportunities within the bottled water market.<\/p>\n\n\n\n<p>En outre, les \u00e9tudes de march\u00e9 fournissent des informations inestimables sur le paysage concurrentiel, permettant aux entreprises d&#039;\u00e9valuer leur position par rapport \u00e0 leurs concurrents et de concevoir des strat\u00e9gies pour acqu\u00e9rir un avantage concurrentiel.<\/p>\n\n\n\n<p>Dans tous les cas, mener une \u00e9tude approfondie du march\u00e9 de l\u2019eau en bouteille offre plusieurs avantages suppl\u00e9mentaires aux entreprises op\u00e9rant dans le secteur, notamment\u00a0:<\/p>\n\n\n\n<ul class=\"wp-block-list\">\n<li><strong>Aper\u00e7u des pr\u00e9f\u00e9rences des consommateurs\u00a0:<\/strong> Les \u00e9tudes de march\u00e9 aident les entreprises \u00e0 comprendre les pr\u00e9f\u00e9rences en constante \u00e9volution des consommateurs, leur permettant ainsi de d\u00e9velopper des produits \u00e9troitement align\u00e9s sur les demandes du march\u00e9.<\/li>\n\n\n\n<li><strong>Analyse comp\u00e9titive:<\/strong> Gr\u00e2ce aux \u00e9tudes de march\u00e9, les entreprises obtiennent des informations pr\u00e9cieuses sur les strat\u00e9gies et tactiques employ\u00e9es par leurs concurrents.<\/li>\n\n\n\n<li><strong>Identification des opportunit\u00e9s de croissance\u00a0:<\/strong> L\u2019analyse de march\u00e9 aide les entreprises \u00e0 identifier les tendances \u00e9mergentes et les segments de march\u00e9 inexploit\u00e9s au sein de l\u2019industrie de l\u2019eau embouteill\u00e9e.<\/li>\n\n\n\n<li><strong>Att\u00e9nuation des risques:<\/strong> En menant des \u00e9tudes de march\u00e9 approfondies sur l\u2019eau en bouteille, les entreprises peuvent att\u00e9nuer les risques associ\u00e9s aux lancements de produits, aux campagnes marketing et aux initiatives strat\u00e9giques.<\/li>\n<\/ul>\n\n\n\n<h2 class=\"wp-block-heading\">Who Uses Bottled water market research<\/h2>\n\n\n\n<ul class=\"wp-block-list\">\n<li>Bottled Water Manufacturers rely on market research to understand consumer preferences, assess competitive dynamics, and identify growth opportunities. <\/li>\n\n\n\n<li>Les d\u00e9taillants utilisent les \u00e9tudes de march\u00e9 pour comprendre les tendances du march\u00e9, les mod\u00e8les de demande et les pr\u00e9f\u00e9rences des consommateurs. Cela leur permet d&#039;optimiser les assortiments de produits, les strat\u00e9gies de prix et les activit\u00e9s promotionnelles pour stimuler les ventes et am\u00e9liorer la satisfaction des clients.<\/li>\n\n\n\n<li>Les investisseurs et les institutions financi\u00e8res r\u00e9alisent des \u00e9tudes de march\u00e9 pour \u00e9valuer la viabilit\u00e9 financi\u00e8re et le potentiel de croissance des entreprises op\u00e9rant dans le secteur de l&#039;eau embouteill\u00e9e. Gr\u00e2ce \u00e0 l&#039;analyse des tendances du march\u00e9, de la dynamique concurrentielle et des \u00e9volutions r\u00e9glementaires, les investisseurs peuvent prendre des d\u00e9cisions \u00e9clair\u00e9es concernant les opportunit\u00e9s d&#039;investissement, les fusions, les acquisitions et les accords de financement au sein du secteur.<\/li>\n\n\n\n<li>Government Agencies and Regulatory Bodies use <a href=\"https:\/\/www.sisinternational.com\/fr\/competence\/les-industries\/etude-de-marche-du-gouvernement-federal\/\" title=\"\u00c9tude de march\u00e9 du gouvernement f\u00e9d\u00e9ral\"  data-wpil-monitor-id=\"7197\">\u00e9tude de march\u00e9<\/a> to monitor industry trends, assess compliance with regulatory requirements, and safeguard public health and safety. <\/li>\n<\/ul>\n\n\n\n<h2 class=\"wp-block-heading\">Quand effectuer une \u00e9tude de march\u00e9 sur l\u2019eau en bouteille<\/h2>\n\n\n\n<p>Market research in the bottled water industry should be conducted strategically at various stages of business development and in response to specific market conditions. Here are key instances when conducting <a href=\"https:\/\/www.sisinternational.com\/fr\/couverture\/les-ameriques\/couverture-des-etats-unis\/etude-de-marche-a-key-west-en-floride\/\" title=\"\u00c9tude de march\u00e9 \u00e0 Key West, Floride\"  data-wpil-monitor-id=\"7175\">\u00e9tude de march\u00e9 sur l&#039;eau en bouteille<\/a> is particularly advantageous:<\/p>\n\n\n\n<ul class=\"wp-block-list\">\n<li><strong>D\u00e9veloppement de produits\u00a0:<\/strong> Avant de lancer un nouveau produit d&#039;eau en bouteille ou d&#039;introduire des variantes aux offres existantes, il est essentiel de mener une \u00e9tude de march\u00e9 pour \u00e9valuer les pr\u00e9f\u00e9rences des consommateurs, \u00e9valuer la demande et identifier les obstacles potentiels \u00e0 l&#039;adoption. Comprendre les tendances du march\u00e9 et les pr\u00e9f\u00e9rences des consommateurs d\u00e8s le d\u00e9but du processus de d\u00e9veloppement de produits peut aider les entreprises \u00e0 affiner les caract\u00e9ristiques des produits, la conception des emballages et les strat\u00e9gies de marque afin de maximiser l&#039;acceptation du march\u00e9 et la comp\u00e9titivit\u00e9.<\/li>\n\n\n\n<li><strong>Entr\u00e9e ou expansion sur le march\u00e9\u00a0:<\/strong> When considering entering new geographic markets or expanding product lines, companies should conduct market research to assess market size, competitive dynamics, regulatory requirements, and consumer preferences in the target markets. <\/li>\n\n\n\n<li><strong>Analyse comparative concurrentielle\u00a0:<\/strong> Surveiller et analyser r\u00e9guli\u00e8rement les activit\u00e9s des concurrents est essentiel pour rester comp\u00e9titif dans le secteur de l\u2019eau embouteill\u00e9e. Effectuer une analyse comparative de la concurrence gr\u00e2ce \u00e0 des \u00e9tudes de march\u00e9 aide les entreprises \u00e0 comprendre les strat\u00e9gies des concurrents, les offres de produits, les tactiques de tarification, les canaux de distribution et les initiatives marketing.<\/li>\n\n\n\n<li><strong>Conformit\u00e9 r\u00e9glementaire\u00a0:<\/strong> Le respect des exigences r\u00e9glementaires est essentiel pour garantir la s\u00e9curit\u00e9, la qualit\u00e9 et la conformit\u00e9 l\u00e9gale des produits au sein du secteur de l&#039;eau embouteill\u00e9e. Mener des recherches r\u00e9glementaires et surveiller les changements dans les r\u00e9glementations, les normes et les exigences en mati\u00e8re d&#039;\u00e9tiquetage aident les entreprises \u00e0 rester inform\u00e9es de l&#039;\u00e9volution des obligations de conformit\u00e9 et \u00e0 relever de mani\u00e8re proactive les d\u00e9fis r\u00e9glementaires.<\/li>\n<\/ul>\n\n\n\n<h2 class=\"wp-block-heading\">Joueurs cl\u00e9s<\/h2>\n\n\n\n<p>Sur le march\u00e9 de l&#039;eau embouteill\u00e9e, plusieurs acteurs cl\u00e9s dominent le paysage industriel, chacun contribuant \u00e0 la croissance et \u00e0 la comp\u00e9titivit\u00e9 du march\u00e9. Certaines marques, entreprises et produits de premier plan incluent\u00a0:<\/p>\n\n\n\n<ul class=\"wp-block-list\">\n<li><strong>Nestl\u00e9 Eaux\u00a0:<\/strong> En tant que l&#039;un des leaders mondiaux de l&#039;eau en bouteille, Nestl\u00e9 Waters propose un portefeuille diversifi\u00e9 de marques, notamment Perrier, Poland Spring et Pure Life.<\/li>\n\n\n\n<li><strong>La soci\u00e9t\u00e9 Coca-Cola\u00a0:<\/strong> A travers ses marques filiales, telles que Dasani et Smartwater, Coca-Cola est un acteur majeur sur le march\u00e9 de l&#039;eau en bouteille.<\/li>\n\n\n\n<li><strong>PepsiCo\u00a0:<\/strong> La marque Aquafina de PepsiCo est un acteur de premier plan sur le march\u00e9 de l&#039;eau en bouteille, connue pour ses offres d&#039;eau purifi\u00e9e. En mettant l&#039;accent sur la durabilit\u00e9 et l&#039;innovation des produits, PepsiCo rivalise vigoureusement dans le segment de l&#039;eau en bouteille pour conqu\u00e9rir des parts de march\u00e9 et r\u00e9pondre \u00e0 la demande des consommateurs pour des options d&#039;hydratation de qualit\u00e9.<\/li>\n\n\n\n<li><strong>Danone\u00a0:<\/strong> La division eau en bouteille de Danone, qui comprend des marques comme Evian et Volvic, d\u00e9tient une part de march\u00e9 importante sur le march\u00e9 mondial de l&#039;eau en bouteille.<\/li>\n\n\n\n<li><strong>Boissons et aliments Suntory\u00a0:<\/strong> En tant que l&#039;une des principales soci\u00e9t\u00e9s de boissons au Japon, Suntory Beverage &amp; Food produit une gamme de marques d&#039;eau en bouteille, notamment Suntory Tennensui et Iyemon.<\/li>\n<\/ul>\n\n\n\n<h2 class=\"wp-block-heading\">Opportunit\u00e9s<\/h2>\n\n\n\n<figure class=\"gb-block-image gb-block-image-31f82528\"><img loading=\"lazy\" decoding=\"async\" width=\"1456\" height=\"816\" class=\"gb-image gb-image-31f82528\" src=\"https:\/\/www.sisinternational.com\/wp-content\/uploads\/2025\/08\/Bottled-water-6.jpg\" alt=\"\u00c9tudes de march\u00e9 et strat\u00e9gie internationales SIS\" title=\"Bottled water (6)\" srcset=\"https:\/\/www.sisinternational.com\/wp-content\/uploads\/2025\/08\/Bottled-water-6.jpg 1456w, https:\/\/www.sisinternational.com\/wp-content\/uploads\/2025\/08\/Bottled-water-6-300x168.jpg 300w, https:\/\/www.sisinternational.com\/wp-content\/uploads\/2025\/08\/Bottled-water-6-1024x574.jpg 1024w, https:\/\/www.sisinternational.com\/wp-content\/uploads\/2025\/08\/Bottled-water-6-768x430.jpg 768w, https:\/\/www.sisinternational.com\/wp-content\/uploads\/2025\/08\/Bottled-water-6-18x10.jpg 18w\" sizes=\"auto, (max-width: 1456px) 100vw, 1456px\"><\/figure>\n\n\n\n<p><\/p>\n\n\n\n<p>Dans le paysage dynamique du march\u00e9 de l\u2019eau embouteill\u00e9e, il existe plusieurs opportunit\u00e9s cl\u00e9s permettant aux entreprises de capitaliser sur les tendances du march\u00e9, les pr\u00e9f\u00e9rences des consommateurs et les opportunit\u00e9s \u00e9mergentes. Certaines opportunit\u00e9s principales incluent\u00a0:<\/p>\n\n\n\n<ul class=\"wp-block-list\">\n<li><strong>Tendances en mati\u00e8re de sant\u00e9 et de bien-\u00eatre\u00a0:<\/strong> Avec l\u2019accent croissant mis sur la sant\u00e9 et le bien-\u00eatre, il existe une demande croissante de produits d\u2019eau en bouteille offrant des avantages fonctionnels tels qu\u2019une hydratation am\u00e9lior\u00e9e, une reconstitution des \u00e9lectrolytes et des vitamines ou des min\u00e9raux ajout\u00e9s. Les entreprises peuvent tirer parti de cette tendance en d\u00e9veloppant des formulations innovantes qui r\u00e9pondent \u00e0 des besoins de sant\u00e9 sp\u00e9cifiques ou \u00e0 des pr\u00e9f\u00e9rences de style de vie, comme l&#039;eau alcaline, l&#039;eau aromatis\u00e9e ou l&#039;eau infus\u00e9e avec des ingr\u00e9dients naturels.<\/li>\n\n\n\n<li><strong>Initiatives de durabilit\u00e9\u00a0:<\/strong> \u00c0 mesure que les pr\u00e9occupations environnementales deviennent plus prononc\u00e9es, il existe une demande croissante de produits d&#039;eau en bouteille durables qui minimisent l&#039;impact environnemental tout au long du cycle de vie du produit. Les entreprises peuvent saisir les opportunit\u00e9s en adoptant des solutions d\u2019emballage respectueuses de l\u2019environnement, en mettant en \u0153uvre des pratiques de gestion de l\u2019eau et en soutenant les initiatives de recyclage et de conservation.<\/li>\n\n\n\n<li><strong>Premiumisation et diff\u00e9renciation\u00a0:<\/strong> Le march\u00e9 de l&#039;eau en bouteille offre aux entreprises la possibilit\u00e9 de diff\u00e9rencier leurs produits gr\u00e2ce \u00e0 des strat\u00e9gies de premiumisation, telles que l&#039;offre de produits \u00e0 base d&#039;eau artisanale ou de luxe provenant de sites g\u00e9ologiques uniques ou pr\u00e9sentant des designs d&#039;emballage distinctifs.<\/li>\n\n\n\n<li><strong>Eaux fonctionnelles et aromatis\u00e9es :<\/strong> The growing popularity of functional beverages and flavored waters presents opportunities for businesses to innovate and diversify their product portfolios. <\/li>\n<\/ul>\n\n\n\n<h2 class=\"wp-block-heading\">The SIS Advantage<\/h2>\n\n\n\n<p>Les services d&#039;\u00e9tudes de march\u00e9 sur l&#039;eau embouteill\u00e9e de SIS International sont con\u00e7us pour r\u00e9pondre aux besoins et aux d\u00e9fis sp\u00e9cifiques auxquels sont confront\u00e9es les entreprises op\u00e9rant dans le secteur dynamique de l&#039;eau embouteill\u00e9e. Voici comment l\u2019expertise de SIS International peut b\u00e9n\u00e9ficier aux entreprises :<\/p>\n\n\n\n<ul class=\"wp-block-list\">\n<li><strong>Informations compl\u00e8tes sur le march\u00e9\u00a0:<\/strong> SIS International conducts in-depth market research to provide businesses with comprehensive insights into market trends, consumer preferences, and competitive dynamics within the bottled water industry. <\/li>\n\n\n\n<li><strong>Port\u00e9e et expertise mondiales\u00a0:<\/strong> Gr\u00e2ce \u00e0 un r\u00e9seau mondial de professionnels de la recherche et d\u2019experts du secteur, nous offrons aux entreprises un acc\u00e8s \u00e0 des informations localis\u00e9es sur le march\u00e9 et \u00e0 une expertise sectorielle dans diff\u00e9rentes r\u00e9gions g\u00e9ographiques.<\/li>\n\n\n\n<li><strong>Prise de d\u00e9cision bas\u00e9e sur les donn\u00e9es\u00a0:<\/strong> SIS empowers businesses with data-driven decision-making tools and analytical frameworks that facilitate strategic planning and performance optimization. <\/li>\n\n\n\n<li><strong>Recommandations concr\u00e8tes\u00a0:<\/strong> SIS International fournit des recommandations concr\u00e8tes et des informations strat\u00e9giques d\u00e9riv\u00e9es des r\u00e9sultats de ses recherches, permettant aux entreprises de traduire leurs informations en r\u00e9sultats commerciaux tangibles.<\/li>\n<\/ul>\n\n\n\n<p><\/p>","protected":false},"excerpt":{"rendered":"<p>Une \u00e9tude de march\u00e9 sur l\u2019eau en bouteille analyse l\u2019industrie de l\u2019eau en bouteille \u00e0 l\u2019\u00e9chelle mondiale, y compris les tendances, le comportement des consommateurs, la concurrence et les r\u00e9glementations.<\/p>","protected":false},"author":1,"featured_media":63904,"parent":14514,"menu_order":439,"comment_status":"closed","ping_status":"closed","template":"","meta":{"footnotes":""},"class_list":["post-47298","page","type-page","status-publish","has-post-thumbnail"],"_links":{"self":[{"href":"https:\/\/www.sisinternational.com\/fr\/wp-json\/wp\/v2\/pages\/47298","targetHints":{"allow":["GET"]}}],"collection":[{"href":"https:\/\/www.sisinternational.com\/fr\/wp-json\/wp\/v2\/pages"}],"about":[{"href":"https:\/\/www.sisinternational.com\/fr\/wp-json\/wp\/v2\/types\/page"}],"author":[{"embeddable":true,"href":"https:\/\/www.sisinternational.com\/fr\/wp-json\/wp\/v2\/users\/1"}],"replies":[{"embeddable":true,"href":"https:\/\/www.sisinternational.com\/fr\/wp-json\/wp\/v2\/comments?post=47298"}],"version-history":[{"count":12,"href":"https:\/\/www.sisinternational.com\/fr\/wp-json\/wp\/v2\/pages\/47298\/revisions"}],"predecessor-version":[{"id":80760,"href":"https:\/\/www.sisinternational.com\/fr\/wp-json\/wp\/v2\/pages\/47298\/revisions\/80760"}],"up":[{"embeddable":true,"href":"https:\/\/www.sisinternational.com\/fr\/wp-json\/wp\/v2\/pages\/14514"}],"wp:featuredmedia":[{"embeddable":true,"href":"https:\/\/www.sisinternational.com\/fr\/wp-json\/wp\/v2\/media\/63904"}],"wp:attachment":[{"href":"https:\/\/www.sisinternational.com\/fr\/wp-json\/wp\/v2\/media?parent=47298"}],"curies":[{"name":"wp","href":"https:\/\/api.w.org\/{rel}","templated":true}]}}