{"id":47269,"date":"2024-04-09T10:24:53","date_gmt":"2024-04-09T14:24:53","guid":{"rendered":"https:\/\/www.sisinternational.com\/?page_id=47269"},"modified":"2026-01-26T18:26:56","modified_gmt":"2026-01-26T23:26:56","slug":"etude-de-marche-sur-les-accessoires-pour-ustensiles-de-cuisine-et-ustensiles-de-cuisson","status":"publish","type":"page","link":"https:\/\/www.sisinternational.com\/fr\/competence\/etude-de-marche-sur-les-accessoires-pour-ustensiles-de-cuisine-et-ustensiles-de-cuisson\/","title":{"rendered":"\u00c9tude de march\u00e9 sur les ustensiles de cuisine et ustensiles de cuisson, casseroles et accessoires"},"content":{"rendered":"<h1 class=\"wp-block-heading\">\u00c9tude de march\u00e9 sur les ustensiles de cuisine et ustensiles de cuisson, casseroles et accessoires<\/h1>\n\n\n\n<figure class=\"gb-block-image gb-block-image-eddaf8cf\"><img loading=\"lazy\" decoding=\"async\" width=\"1456\" height=\"816\" class=\"gb-image gb-image-eddaf8cf\" src=\"https:\/\/www.sisinternational.com\/wp-content\/uploads\/2025\/08\/Cookware-5.jpg\" alt=\"\u00c9tudes de march\u00e9 et strat\u00e9gie internationales SIS\" title=\"Cookware (5)\" srcset=\"https:\/\/www.sisinternational.com\/wp-content\/uploads\/2025\/08\/Cookware-5.jpg 1456w, https:\/\/www.sisinternational.com\/wp-content\/uploads\/2025\/08\/Cookware-5-300x168.jpg 300w, https:\/\/www.sisinternational.com\/wp-content\/uploads\/2025\/08\/Cookware-5-1024x574.jpg 1024w, https:\/\/www.sisinternational.com\/wp-content\/uploads\/2025\/08\/Cookware-5-768x430.jpg 768w, https:\/\/www.sisinternational.com\/wp-content\/uploads\/2025\/08\/Cookware-5-18x10.jpg 18w\" sizes=\"auto, (max-width: 1456px) 100vw, 1456px\"><\/figure>\n\n\n\n<hr class=\"wp-block-separator has-alpha-channel-opacity is-style-dots\"\/>\n\n\n\n<p>Les \u00e9tudes de march\u00e9 sur les ustensiles de cuisine, les ustensiles de cuisson, les po\u00eales et les accessoires servent de boussole guidant les entreprises \u00e0 travers le terrain complexe du march\u00e9 culinaire.<\/p>\n\n\n\n<p>Dans un march\u00e9 dynamique o\u00f9 les innovations culinaires et les pr\u00e9f\u00e9rences des consommateurs s&#039;entrem\u00ealent, une question cruciale persiste\u00a0: comment naviguer dans le paysage dynamique des ustensiles de cuisine, des ustensiles de cuisson, des po\u00eales et des accessoires\u00a0? Les \u00e9tudes de march\u00e9 sur les ustensiles de cuisine et de cuisson, les po\u00eales et les accessoires sont le meilleur outil pour comprendre le paysage commercial et r\u00e9ussir dans ce secteur concurrentiel.<\/p>\n\n\n\n<h2 class=\"wp-block-heading\">Qu\u2019est-ce que l\u2019\u00e9tude de march\u00e9 sur les ustensiles de cuisine et ustensiles de cuisson, casseroles et accessoires ?<\/h2>\n\n\n\n<p>L\u2019\u00e9tude de march\u00e9 sur les ustensiles de cuisine, les ustensiles de cuisson, les po\u00eales et les accessoires comprend une analyse compl\u00e8te de la dynamique de l\u2019industrie, y compris les tendances, le comportement des consommateurs, les strat\u00e9gies des concurrents et les opportunit\u00e9s \u00e9mergentes. En examinant des facteurs tels que les pr\u00e9f\u00e9rences mat\u00e9rielles, l\u2019esth\u00e9tique du design, la sensibilit\u00e9 au prix et les progr\u00e8s technologiques, les entreprises peuvent obtenir des informations pr\u00e9cieuses pour \u00e9clairer le d\u00e9veloppement de produits, les strat\u00e9gies marketing et les plans d\u2019expansion.<\/p>\n\n\n\n<h2 class=\"wp-block-heading\">Pourquoi les entreprises ont-elles besoin d\u2019une \u00e9tude de march\u00e9 sur les ustensiles de cuisine et ustensiles de cuisson, casseroles et accessoires ?<\/h2>\n\n\n\n<p>Les \u00e9tudes de march\u00e9 sur les ustensiles de cuisine, les ustensiles de cuisson, les po\u00eales et les accessoires r\u00e9v\u00e8lent des donn\u00e9es inestimables sur le comportement et les pr\u00e9f\u00e9rences des consommateurs. Il analyse les mod\u00e8les d&#039;achat, les tendances d\u00e9mographiques et les choix de style de vie pour aider les entreprises \u00e0 adapter efficacement leurs offres de produits.<\/p>\n\n\n\n<p>De plus, les \u00e9tudes de march\u00e9 sur les ustensiles de cuisine et de cuisson, les po\u00eales et les accessoires permettent aux entreprises d\u2019acqu\u00e9rir un avantage concurrentiel en se tenant au courant des tendances et des innovations du secteur. Qu&#039;il s&#039;agisse de l&#039;\u00e9mergence de mat\u00e9riaux respectueux de l&#039;environnement, de la popularit\u00e9 des ustensiles de cuisine multifonctionnels ou de l&#039;adoption de technologies de cuisine intelligentes, rester inform\u00e9 permet aux entreprises de capitaliser sur les opportunit\u00e9s \u00e9mergentes et de se diff\u00e9rencier de leurs concurrents.<\/p>\n\n\n\n<p>Elle offre cependant de nombreux avantages pour les entreprises \u00e9voluant dans ce secteur. Voici quelques-uns des principaux avantages suppl\u00e9mentaires\u00a0:<\/p>\n\n\n\n<ul class=\"wp-block-list\">\n<li><strong>Aper\u00e7u des pr\u00e9f\u00e9rences des consommateurs\u00a0:<\/strong> Comprendre les pr\u00e9f\u00e9rences nuanc\u00e9es des consommateurs en mati\u00e8re de mat\u00e9riaux, de conception, de fonctionnalit\u00e9s et de prix permet aux entreprises de d\u00e9velopper des produits qui correspondent \u00e0 la demande du march\u00e9, am\u00e9liorant ainsi la satisfaction et la fid\u00e9lit\u00e9 des clients.<\/li>\n\n\n\n<li><strong>Identification des tendances \u00e9mergentes\u00a0:<\/strong> Les \u00e9tudes de march\u00e9 sur les ustensiles de cuisine et ustensiles de cuisson, casseroles et accessoires permettent aux entreprises d\u2019identifier les tendances et innovations \u00e9mergentes dans le secteur des ustensiles de cuisine et ustensiles de cuisson.<\/li>\n\n\n\n<li><strong>Analyse comp\u00e9titive:<\/strong> En menant des \u00e9tudes de march\u00e9 compl\u00e8tes, les entreprises peuvent obtenir des informations sur les strat\u00e9gies des concurrents, les offres de produits, les tactiques de tarification et les canaux de distribution.<\/li>\n\n\n\n<li><strong>D\u00e9veloppement de produits et innovation\u00a0:<\/strong> Gr\u00e2ce aux connaissances des consommateurs et aux tendances du march\u00e9, les entreprises peuvent innover et d\u00e9velopper de nouveaux produits qui r\u00e9pondent \u00e0 des besoins non satisfaits ou tirer parti des opportunit\u00e9s \u00e9mergentes.<\/li>\n\n\n\n<li><strong>Strat\u00e9gies de marketing et de distribution optimis\u00e9es\u00a0:<\/strong> Les \u00e9tudes de march\u00e9 sur les ustensiles de cuisine et de cuisson, les po\u00eales et les accessoires \u00e9clairent les campagnes marketing cibl\u00e9es et les strat\u00e9gies de distribution adapt\u00e9es \u00e0 des segments et canaux de consommation sp\u00e9cifiques.<\/li>\n<\/ul>\n\n\n\n<h2 class=\"wp-block-heading\">Qui utilise des ustensiles de cuisine et des ustensiles de cuisson, des casseroles et des accessoires \u00c9tude de march\u00e9<\/h2>\n\n\n\n<p>Les fabricants s&#039;appuient sur les \u00e9tudes de march\u00e9 pour comprendre l&#039;\u00e9volution des pr\u00e9f\u00e9rences des consommateurs, les avanc\u00e9es technologiques et les strat\u00e9gies des concurrents. Cette information guide les efforts de d\u00e9veloppement de produits, garantissant que les offres s&#039;alignent sur la demande du march\u00e9 et les tendances du secteur.<\/p>\n\n\n\n<p>Les d\u00e9taillants tirent parti des \u00e9tudes de march\u00e9 sur les ustensiles de cuisine, les ustensiles de cuisson, les po\u00eales et les accessoires pour identifier les produits les plus vendus, optimiser l&#039;allocation de l&#039;espace en rayon et adapter les strat\u00e9gies promotionnelles pour maximiser les ventes. Qu&#039;il s&#039;agisse de stocker des gadgets de cuisine tendance, de proposer des batteries de cuisine exclusives ou de s&#039;associer avec des fabricants pour lancer des lignes de marques priv\u00e9es, les d\u00e9taillants utilisent leurs connaissances du march\u00e9 pour am\u00e9liorer leurs assortiments de produits et stimuler l&#039;engagement des clients.<\/p>\n\n\n\n<p>Restaurants, hotels, and catering services use high-quality cookware and bakeware to deliver exceptional culinary experiences to their patrons. Cookware and bakeware, pans, and accessories <a href=\"https:\/\/www.sisinternational.com\/fr\/competence\/les-industries\/etude-de-marche-sur-les-administrateurs-dhopitaux\/\" title=\"\u00c9tude de march\u00e9 sur les administrateurs d\u2019h\u00f4pitaux\"  data-wpil-monitor-id=\"6281\">market research helps hospitality<\/a> professionals stay informed about the latest industry trends, innovative kitchen technologies, and durable cookware solutions.<\/p>\n\n\n\n<h2 class=\"wp-block-heading\">R\u00e9sultats attendus de l\u2019\u00e9tude de march\u00e9 de SIS sur les ustensiles de cuisine et de cuisson, les casseroles et les accessoires<\/h2>\n\n\n\n<figure class=\"gb-block-image gb-block-image-cae6cd25\"><img loading=\"lazy\" decoding=\"async\" width=\"1456\" height=\"816\" class=\"gb-image gb-image-cae6cd25\" src=\"https:\/\/www.sisinternational.com\/wp-content\/uploads\/2025\/08\/Cookware-2.jpg\" alt=\"\u00c9tudes de march\u00e9 et strat\u00e9gie internationales SIS\" title=\"Cookware (2)\" srcset=\"https:\/\/www.sisinternational.com\/wp-content\/uploads\/2025\/08\/Cookware-2.jpg 1456w, https:\/\/www.sisinternational.com\/wp-content\/uploads\/2025\/08\/Cookware-2-300x168.jpg 300w, https:\/\/www.sisinternational.com\/wp-content\/uploads\/2025\/08\/Cookware-2-1024x574.jpg 1024w, https:\/\/www.sisinternational.com\/wp-content\/uploads\/2025\/08\/Cookware-2-768x430.jpg 768w, https:\/\/www.sisinternational.com\/wp-content\/uploads\/2025\/08\/Cookware-2-18x10.jpg 18w\" sizes=\"auto, (max-width: 1456px) 100vw, 1456px\"><\/figure>\n\n\n\n<p><\/p>\n\n\n\n<p>SIS International Research propose des services complets d&#039;\u00e9tudes de march\u00e9 sur les ustensiles de cuisine et les ustensiles de cuisson, les po\u00eales et les accessoires pour fournir des informations exploitables et g\u00e9n\u00e9rer des r\u00e9sultats strat\u00e9giques pour les clients. Voici quelques r\u00e9sultats attendus de votre collaboration avec SIS\u00a0:<\/p>\n\n\n\n<ul class=\"wp-block-list\">\n<li><strong>Informations approfondies sur les consommateurs\u00a0:<\/strong> SIS&#8217;s <a href=\"https:\/\/www.sisinternational.com\/fr\/competence\/les-industries\/etude-de-marche-sur-lapprentissage-profond-2\/\" title=\"\u00c9tude de march\u00e9 sur l\u2019apprentissage profond\"  data-wpil-monitor-id=\"6129\">market research delves deep<\/a> into consumer preferences, behaviors, and purchasing patterns within the cookware and bakeware sector. Clients can expect to gain a nuanced understanding of demographic trends, lifestyle choices, and product preferences, enabling them to tailor their offerings to meet the diverse needs of their target audience.<\/li>\n\n\n\n<li><strong>Analyse concurrentielle et benchmarking\u00a0:<\/strong> SIS effectue une analyse concurrentielle approfondie pour identifier les acteurs cl\u00e9s, les strat\u00e9gies de positionnement sur le march\u00e9 et les domaines d&#039;avantage concurrentiel au sein du secteur des ustensiles de cuisine et des ustensiles de cuisson. Les clients re\u00e7oivent des informations pr\u00e9cieuses sur les offres de produits des concurrents, les strat\u00e9gies de tarification, les canaux de distribution et les tactiques de marketing, ce qui leur permet de se diff\u00e9rencier sur le march\u00e9 et de capitaliser sur des opportunit\u00e9s inexploit\u00e9es.<\/li>\n\n\n\n<li><strong>Tendances et pr\u00e9visions du march\u00e9\u00a0:<\/strong> SIS fournit \u00e0 ses clients des informations \u00e0 jour sur les tendances du march\u00e9, les technologies \u00e9mergentes et les projections futures sur le march\u00e9 des ustensiles de cuisine et des ustensiles de cuisson. En pr\u00e9voyant les \u00e9volutions du secteur et en anticipant les pr\u00e9f\u00e9rences des consommateurs, les clients peuvent prendre des d\u00e9cisions \u00e9clair\u00e9es concernant le d\u00e9veloppement de produits, l&#039;innovation et les investissements strat\u00e9giques, garantissant ainsi leur pertinence et leur rentabilit\u00e9 \u00e0 long terme.<\/li>\n\n\n\n<li><strong>Opportunit\u00e9s de d\u00e9veloppement de produits et d\u2019innovation\u00a0:<\/strong> Gr\u00e2ce aux \u00e9tudes de march\u00e9 de SIS, les clients obtiennent des informations pr\u00e9cieuses sur les besoins non satisfaits des consommateurs, les avanc\u00e9es technologiques et les opportunit\u00e9s d&#039;innovation dans le secteur des ustensiles de cuisine et des ustensiles de cuisson. Gr\u00e2ce \u00e0 ces connaissances, les clients peuvent d\u00e9velopper des produits innovants, am\u00e9liorer les offres existantes et capitaliser sur les tendances \u00e9mergentes, se positionnant ainsi en tant que leaders du secteur.<\/li>\n<\/ul>\n\n\n\n<h2 class=\"wp-block-heading\">Opportunit\u00e9s sur le march\u00e9 des ustensiles de cuisine et ustensiles de cuisson, casseroles et accessoires<\/h2>\n\n\n\n<p>Le march\u00e9 des ustensiles de cuisine, des ustensiles de cuisson, des po\u00eales et des accessoires pr\u00e9sente plusieurs opportunit\u00e9s pour les entreprises de prosp\u00e9rer et d&#039;innover \u2013 et voici quelques domaines d&#039;opportunit\u00e9 cl\u00e9s\u00a0:<\/p>\n\n\n\n<ul class=\"wp-block-list\">\n<li><strong>Mat\u00e9riaux innovants :<\/strong> Avec la sensibilisation croissante des consommateurs \u00e0 la durabilit\u00e9 environnementale et \u00e0 la sant\u00e9, il existe une demande croissante d&#039;ustensiles de cuisine et d&#039;ustensiles de cuisson fabriqu\u00e9s \u00e0 partir de mat\u00e9riaux innovants tels que la c\u00e9ramique, la fonte et le titane. Les entreprises peuvent tirer parti de cette tendance en d\u00e9veloppant des produits respectueux de l\u2019environnement et soucieux de leur sant\u00e9 qui trouvent un \u00e9cho aupr\u00e8s des consommateurs soucieux de l\u2019environnement.<\/li>\n\n\n\n<li><strong>Technologies de cuisine intelligente\u00a0:<\/strong> L\u2019int\u00e9gration de technologies intelligentes dans les appareils et ustensiles de cuisine pr\u00e9sente une opportunit\u00e9 importante pour les entreprises de se diff\u00e9rencier sur le march\u00e9. Des po\u00eales \u00e0 frire intelligentes dot\u00e9es de capteurs de temp\u00e9rature aux ustensiles de cuisson contr\u00f4l\u00e9s par application, les entreprises peuvent tirer parti de la technologie pour am\u00e9liorer la commodit\u00e9, l&#039;efficacit\u00e9 et la pr\u00e9cision de la cuisson, s&#039;adressant ainsi aux consommateurs f\u00e9rus de technologie \u00e0 la recherche de solutions de cuisine innovantes.<\/li>\n\n\n\n<li><strong>Personnalisation et personnalisation\u00a0:<\/strong> Les entreprises peuvent proposer des options d&#039;ustensiles de cuisine et d&#039;ustensiles de cuisson personnalisables, permettant aux consommateurs d&#039;adapter les produits \u00e0 leurs pr\u00e9f\u00e9rences, comme des monogrammes grav\u00e9s, des options de couleurs personnalis\u00e9es ou des casseroles de taille personnalis\u00e9e. En proposant des produits personnalis\u00e9s, les entreprises peuvent am\u00e9liorer l&#039;engagement des clients, favoriser la fid\u00e9lit\u00e9 \u00e0 la marque et obtenir des prix plus \u00e9lev\u00e9s.<\/li>\n<\/ul>\n\n\n\n<h2 class=\"wp-block-heading\">Comment les \u00e9tudes de march\u00e9 sur les ustensiles de cuisine et ustensiles de cuisson, casseroles et accessoires de SIS International aident les entreprises<\/h2>\n\n\n\n<p>SIS International specializes in providing comprehensive <a href=\"https:\/\/www.sisinternational.com\/fr\/etude-de-marche-sur-la-mobilite-intelligente\/\" title=\"\u00c9tude de march\u00e9 sur la mobilit\u00e9 intelligente\"  data-wpil-monitor-id=\"6871\">market research solutions<\/a> tailored to the specific needs of businesses operating in the cookware and bakeware, pans, and accessories industry. Here&#8217;s how SIS&#8217;s expertise can benefit businesses:<\/p>\n\n\n\n<ul class=\"wp-block-list\">\n<li><strong>Analyse approfondie de l\u2019industrie\u00a0:<\/strong> Nos experts effectuent une analyse approfondie du secteur pour fournir aux entreprises une compr\u00e9hension approfondie de la dynamique du march\u00e9, y compris les tendances \u00e9mergentes, le paysage concurrentiel et les opportunit\u00e9s de croissance. En tirant parti des connaissances de SIS, les entreprises peuvent prendre des d\u00e9cisions \u00e9clair\u00e9es concernant le d\u00e9veloppement de produits, les strat\u00e9gies marketing et les initiatives d&#039;expansion, maximisant ainsi leur avantage concurrentiel sur le march\u00e9.<\/li>\n\n\n\n<li><strong>Approche de recherche personnalis\u00e9e\u00a0:<\/strong> SIS adopte une approche de recherche personnalis\u00e9e pour r\u00e9pondre aux exigences uniques de chaque client. Nous concevons des m\u00e9thodologies de recherche adapt\u00e9es \u00e0 vos objectifs sp\u00e9cifiques et \u00e0 vos contraintes budg\u00e9taires, garantissant une valeur maximale et des informations exploitables.<\/li>\n\n\n\n<li><strong>Port\u00e9e et expertise mondiales\u00a0:<\/strong> Gr\u00e2ce \u00e0 un r\u00e9seau mondial de chercheurs exp\u00e9riment\u00e9s et d\u2019experts du secteur, nous offrons aux entreprises un acc\u00e8s \u00e0 des informations provenant de divers march\u00e9s et r\u00e9gions du monde. L&#039;expertise mondiale de SIS permet aux entreprises de faire face aux complexit\u00e9s et de capitaliser sur les opportunit\u00e9s du march\u00e9 mondial.<\/li>\n\n\n\n<li><strong>Recommandations concr\u00e8tes\u00a0:<\/strong> SIS fournit aux entreprises des recommandations exploitables bas\u00e9es sur des informations bas\u00e9es sur des donn\u00e9es et une analyse strat\u00e9gique. En traduisant les r\u00e9sultats de la recherche en strat\u00e9gies et recommandations tangibles, SIS permet aux entreprises de mettre en \u0153uvre des solutions efficaces, de stimuler la croissance et d&#039;atteindre leurs objectifs commerciaux dans le secteur des ustensiles de cuisine et des ustensiles de p\u00e2tisserie.<\/li>\n\n\n\n<li><strong>Partenariat \u00e0 long terme\u00a0:<\/strong> Nos consultants favorisent les partenariats \u00e0 long terme avec les clients, agissant en tant que conseillers de confiance et partenaires strat\u00e9giques dans leur cheminement vers le succ\u00e8s. En offrant un soutien, des consultations et une collaboration continus, nous veillons \u00e0 ce que les entreprises aient acc\u00e8s \u00e0 des informations et \u00e0 des conseils opportuns pour relever les d\u00e9fis, capitaliser sur les opportunit\u00e9s et garder une longueur d&#039;avance sur la concurrence sur le march\u00e9 des ustensiles de cuisine et des ustensiles de cuisson en constante \u00e9volution.<\/li>\n<\/ul>\n\n\n\n<p><\/p>","protected":false},"excerpt":{"rendered":"<p>Les \u00e9tudes de march\u00e9 sur les ustensiles de cuisine, les ustensiles de cuisson, les po\u00eales et les accessoires couvrent les tendances, le comportement des consommateurs, les strat\u00e9gies des concurrents et les opportunit\u00e9s \u00e9mergentes.<\/p>","protected":false},"author":1,"featured_media":64258,"parent":14514,"menu_order":436,"comment_status":"closed","ping_status":"closed","template":"","meta":{"footnotes":""},"class_list":["post-47269","page","type-page","status-publish","has-post-thumbnail"],"_links":{"self":[{"href":"https:\/\/www.sisinternational.com\/fr\/wp-json\/wp\/v2\/pages\/47269","targetHints":{"allow":["GET"]}}],"collection":[{"href":"https:\/\/www.sisinternational.com\/fr\/wp-json\/wp\/v2\/pages"}],"about":[{"href":"https:\/\/www.sisinternational.com\/fr\/wp-json\/wp\/v2\/types\/page"}],"author":[{"embeddable":true,"href":"https:\/\/www.sisinternational.com\/fr\/wp-json\/wp\/v2\/users\/1"}],"replies":[{"embeddable":true,"href":"https:\/\/www.sisinternational.com\/fr\/wp-json\/wp\/v2\/comments?post=47269"}],"version-history":[{"count":8,"href":"https:\/\/www.sisinternational.com\/fr\/wp-json\/wp\/v2\/pages\/47269\/revisions"}],"predecessor-version":[{"id":80442,"href":"https:\/\/www.sisinternational.com\/fr\/wp-json\/wp\/v2\/pages\/47269\/revisions\/80442"}],"up":[{"embeddable":true,"href":"https:\/\/www.sisinternational.com\/fr\/wp-json\/wp\/v2\/pages\/14514"}],"wp:featuredmedia":[{"embeddable":true,"href":"https:\/\/www.sisinternational.com\/fr\/wp-json\/wp\/v2\/media\/64258"}],"wp:attachment":[{"href":"https:\/\/www.sisinternational.com\/fr\/wp-json\/wp\/v2\/media?parent=47269"}],"curies":[{"name":"wp","href":"https:\/\/api.w.org\/{rel}","templated":true}]}}