{"id":47267,"date":"2024-04-09T10:27:35","date_gmt":"2024-04-09T14:27:35","guid":{"rendered":"https:\/\/www.sisinternational.com\/?page_id=47267"},"modified":"2026-01-25T18:06:40","modified_gmt":"2026-01-25T23:06:40","slug":"etude-de-marche-sur-les-buffets-et-les-tables","status":"publish","type":"page","link":"https:\/\/www.sisinternational.com\/fr\/competence\/etude-de-marche-sur-les-buffets-et-les-tables\/","title":{"rendered":"\u00c9tude de march\u00e9 sur les buffets et les tables"},"content":{"rendered":"<h1 class=\"wp-block-heading\">\u00c9tude de march\u00e9 sur les buffets et les tables<\/h1>\n\n\n\n<figure class=\"gb-block-image gb-block-image-b3144a0c\"><img loading=\"lazy\" decoding=\"async\" width=\"1456\" height=\"816\" class=\"gb-image gb-image-b3144a0c\" src=\"https:\/\/www.sisinternational.com\/wp-content\/uploads\/2025\/08\/Buffet-7.jpg\" alt=\"\u00c9tudes de march\u00e9 et strat\u00e9gie internationales SIS\" title=\"Buffet (7)\" srcset=\"https:\/\/www.sisinternational.com\/wp-content\/uploads\/2025\/08\/Buffet-7.jpg 1456w, https:\/\/www.sisinternational.com\/wp-content\/uploads\/2025\/08\/Buffet-7-300x168.jpg 300w, https:\/\/www.sisinternational.com\/wp-content\/uploads\/2025\/08\/Buffet-7-1024x574.jpg 1024w, https:\/\/www.sisinternational.com\/wp-content\/uploads\/2025\/08\/Buffet-7-768x430.jpg 768w, https:\/\/www.sisinternational.com\/wp-content\/uploads\/2025\/08\/Buffet-7-18x10.jpg 18w\" sizes=\"auto, (max-width: 1456px) 100vw, 1456px\"><\/figure>\n\n\n\n<hr class=\"wp-block-separator has-alpha-channel-opacity is-style-dots\"\/>\n\n\n\n<p>Les essentiels du buffet et de la table constituent l&#039;\u00e9pine dorsale de toute exp\u00e9rience culinaire m\u00e9morable, de la pr\u00e9sentation exquise des plats \u00e0 la fonctionnalit\u00e9 fluide des ustensiles de service... Mais quels facteurs guident ces choix et comment les entreprises peuvent-elles garder une longueur d&#039;avance dans le monde dynamique des offres de buffet et de table ? ? Les \u00e9tudes de march\u00e9 sur les buffets et les tables sont le meilleur outil pour acqu\u00e9rir une compr\u00e9hension approfondie du march\u00e9 et prosp\u00e9rer.<\/p>\n\n\n\n<h2 class=\"wp-block-heading\">What Is Petcoke market research? <\/h2>\n\n\n\n<p>Les \u00e9tudes de march\u00e9 sur les buffets et les tables analysent les pr\u00e9f\u00e9rences des consommateurs, les tendances du secteur et les paysages concurrentiels dans le domaine de l\u2019h\u00f4tellerie et de la restauration. Il aborde divers aspects, notamment la s\u00e9lection d&#039;ustensiles de service, de couverts, de verrerie et d&#039;autres \u00e9l\u00e9ments essentiels utilis\u00e9s dans les buffets et les arrangements de table.<\/p>\n\n\n\n<h2 class=\"wp-block-heading\">Pourquoi c&#039;est important?<\/h2>\n\n\n\n<p>Comprendre les pr\u00e9f\u00e9rences et les comportements des consommateurs est essentiel pour que les entreprises puissent adapter efficacement leurs offres de buffets et de table. Les \u00e9tudes de march\u00e9 fournissent des informations sur les types d&#039;ustensiles de service, de couverts et d&#039;autres \u00e9l\u00e9ments essentiels qui trouvent un \u00e9cho aupr\u00e8s de diff\u00e9rents segments de client\u00e8le, permettant aux entreprises de r\u00e9pondre \u00e0 diverses pr\u00e9f\u00e9rences et d&#039;am\u00e9liorer l&#039;exp\u00e9rience culinaire globale.<\/p>\n\n\n\n<p>En outre, les \u00e9tudes de march\u00e9 sur les buffets et les tables \u00e9clairent les d\u00e9cisions de d\u00e9veloppement de produits en mettant en \u00e9vidence les tendances \u00e9mergentes, les pr\u00e9f\u00e9rences des consommateurs et les avanc\u00e9es technologiques en mati\u00e8re de produits essentiels pour les buffets et les tables. Les entreprises peuvent utiliser ces informations pour innover dans leur offre de produits, introduire de nouveaux mod\u00e8les ou mat\u00e9riaux et r\u00e9pondre efficacement aux besoins non satisfaits du march\u00e9.<\/p>\n\n\n\n<p>De plus, il fournit des informations pr\u00e9cieuses que les entreprises peuvent utiliser pour d\u00e9velopper des campagnes marketing cibl\u00e9es, am\u00e9liorer le positionnement de leur marque et communiquer efficacement les propositions de valeur uniques de leurs offres de buffets et de table. Cependant, les \u00e9tudes de march\u00e9 sur les buffets et les tables offrent des avantages suppl\u00e9mentaires aux entreprises du secteur de l\u2019h\u00f4tellerie et de la restauration, notamment\u00a0:<\/p>\n\n\n\n<ul class=\"wp-block-list\">\n<li><strong>Avantage comp\u00e9titif:<\/strong> Les \u00e9tudes de march\u00e9 permettent aux entreprises de garder une longueur d&#039;avance sur leurs concurrents en identifiant les tendances \u00e9mergentes, en surveillant les activit\u00e9s des concurrents et en comparant leurs offres aux normes du secteur.<\/li>\n\n\n\n<li><strong>Innovation du produit:<\/strong> Gr\u00e2ce \u00e0 des \u00e9tudes de march\u00e9, les entreprises d\u00e9couvrent des opportunit\u00e9s d&#039;innovation de produits et de diff\u00e9renciation au sein du segment des buffets et des tables.<\/li>\n\n\n\n<li><strong>Prise de d\u00e9cision strat\u00e9gique\u00a0:<\/strong> Les \u00e9tudes de march\u00e9 fournissent aux entreprises les donn\u00e9es et les informations n\u00e9cessaires pour prendre des d\u00e9cisions strat\u00e9giques \u00e9clair\u00e9es concernant le d\u00e9veloppement de produits, les prix, les canaux de distribution et les strat\u00e9gies marketing.<\/li>\n\n\n\n<li><strong>L&#039;expansion du march\u00e9:<\/strong> En comprenant les caract\u00e9ristiques et les pr\u00e9f\u00e9rences uniques des diff\u00e9rents segments de march\u00e9, les entreprises peuvent adapter leurs offres de buffets et de tables pour qu&#039;elles correspondent aux go\u00fbts et pr\u00e9f\u00e9rences locaux, augmentant ainsi les chances de succ\u00e8s sur de nouveaux march\u00e9s.<\/li>\n<\/ul>\n\n\n\n<h2 class=\"wp-block-heading\">Who Uses\u00a0Petcoke market research<\/h2>\n\n\n\n<p>Les restaurateurs et les traiteurs s&#039;appuient sur des \u00e9tudes de march\u00e9 pour comprendre les pr\u00e9f\u00e9rences des consommateurs, les tendances du secteur et les offres des concurrents dans le segment des buffets et des tables. En restant inform\u00e9s des tendances \u00e9mergentes et des demandes des consommateurs, ils peuvent adapter leurs configurations de buffets et leurs dispositions de table pour r\u00e9pondre aux attentes des clients et am\u00e9liorer l&#039;exp\u00e9rience culinaire globale.<\/p>\n\n\n\n<p>Les fabricants d\u2019\u00e9quipements de restauration utilisent les \u00e9tudes de march\u00e9 pour \u00e9clairer leurs strat\u00e9gies de d\u00e9veloppement de produits, d\u2019innovation et de marketing. En comprenant correctement les tendances du march\u00e9, les pr\u00e9f\u00e9rences des consommateurs et les paysages concurrentiels, les fabricants peuvent concevoir et fabriquer des produits qui r\u00e9pondent aux besoins changeants de leur public cible et acqu\u00e9rir un avantage concurrentiel sur le march\u00e9.<\/p>\n\n\n\n<p>Les d\u00e9taillants et les distributeurs utilisent les \u00e9tudes de march\u00e9 pour optimiser leurs assortiments de produits, leurs strat\u00e9gies de prix et leurs efforts promotionnels. En identifiant les tendances populaires et les pr\u00e9f\u00e9rences des consommateurs, les d\u00e9taillants peuvent organiser leurs offres de produits pour plaire \u00e0 leur groupe d\u00e9mographique cible et stimuler les ventes en magasin et en ligne.<\/p>\n\n\n\n<h2 class=\"wp-block-heading\">When to Conduct Petcoke Market Research<\/h2>\n\n\n\n<p>D\u00e9terminer le moment optimal pour mener une \u00e9tude de march\u00e9 sur les buffets et les tables est crucial pour que les entreprises puissent garder une longueur d&#039;avance et capitaliser sur les tendances \u00e9mergentes. Voici les occasions cl\u00e9s o\u00f9 mener de telles recherches est particuli\u00e8rement b\u00e9n\u00e9fique\u00a0:<\/p>\n\n\n\n<ul class=\"wp-block-list\">\n<li><strong>Entr\u00e9e ou expansion sur le march\u00e9\u00a0:<\/strong> When entering new markets or expanding into new geographical regions, businesses should conduct market research to assess local preferences, cultural nuances, and competitor landscapes. This research helps companies tailor their <a href=\"https:\/\/www.sisinternational.com\/fr\/analyse-de-lindustrie-textile\/\" title=\"\u00c9tude de march\u00e9 textile\"  data-wpil-monitor-id=\"2062\">buffet and tabletop offerings to each market&#8217;s<\/a> specific needs and preferences, increasing the likelihood of success and minimizing risks associated with market entry.<\/li>\n\n\n\n<li><strong>Tendances saisonni\u00e8res\u00a0:<\/strong> Les pr\u00e9f\u00e9rences en mati\u00e8re de buffets et de tables peuvent varier selon les saisons, en fonction des vacances, des occasions sp\u00e9ciales et de l&#039;\u00e9volution des comportements des consommateurs. R\u00e9aliser des \u00e9tudes de march\u00e9 \u00e0 intervalles strat\u00e9giques tout au long de l&#039;ann\u00e9e permet aux entreprises d&#039;identifier les tendances saisonni\u00e8res, de capitaliser sur les opportunit\u00e9s et d&#039;ajuster leurs offres de produits et leurs strat\u00e9gies marketing en cons\u00e9quence pour maximiser les ventes et la rentabilit\u00e9.<\/li>\n\n\n\n<li><strong>Analyse de la concurrence:<\/strong> Une surveillance continue des activit\u00e9s et des strat\u00e9gies des concurrents est essentielle pour rester comp\u00e9titif sur le march\u00e9 des buffets et des tables. Des mises \u00e0 jour r\u00e9guli\u00e8res des \u00e9tudes de march\u00e9 fournissent des informations sur les lancements de produits concurrents, les strat\u00e9gies de prix et les efforts promotionnels, permettant aux entreprises d&#039;ajuster leurs strat\u00e9gies et leurs offres pour conserver un avantage concurrentiel.<\/li>\n<\/ul>\n\n\n\n<h2 class=\"wp-block-heading\">Opportunit\u00e9s<\/h2>\n\n\n\n<figure class=\"gb-block-image gb-block-image-2bcdd3b7\"><img loading=\"lazy\" decoding=\"async\" width=\"1456\" height=\"816\" class=\"gb-image gb-image-2bcdd3b7\" src=\"https:\/\/www.sisinternational.com\/wp-content\/uploads\/2025\/08\/Buffet-10.jpg\" alt=\"\u00c9tudes de march\u00e9 et strat\u00e9gie internationales SIS\" title=\"Buffet (10)\" srcset=\"https:\/\/www.sisinternational.com\/wp-content\/uploads\/2025\/08\/Buffet-10.jpg 1456w, https:\/\/www.sisinternational.com\/wp-content\/uploads\/2025\/08\/Buffet-10-300x168.jpg 300w, https:\/\/www.sisinternational.com\/wp-content\/uploads\/2025\/08\/Buffet-10-1024x574.jpg 1024w, https:\/\/www.sisinternational.com\/wp-content\/uploads\/2025\/08\/Buffet-10-768x430.jpg 768w, https:\/\/www.sisinternational.com\/wp-content\/uploads\/2025\/08\/Buffet-10-18x10.jpg 18w\" sizes=\"auto, (max-width: 1456px) 100vw, 1456px\"><\/figure>\n\n\n\n<p><\/p>\n\n\n\n<p>Businesses engaging in buffet and tabletop research can uncover several opportunities to capitalize on <a href=\"https:\/\/www.sisinternational.com\/fr\/couverture\/les-ameriques\/etude-de-marche-canadienne\/etude-de-marche-nouvelle-ecosse-canada\/\" title=\"\u00c9tude de march\u00e9 en Nouvelle-\u00c9cosse\"  data-wpil-monitor-id=\"4635\">market<\/a> trends and consumer preferences. Here are some key opportunities:<\/p>\n\n\n\n<ul class=\"wp-block-list\">\n<li><strong>Personnalisation et personnalisation\u00a0:<\/strong> Alors que les consommateurs recherchent de plus en plus des exp\u00e9riences culinaires uniques et personnalis\u00e9es, les entreprises ont une opportunit\u00e9 croissante de proposer des solutions de buffet et de table personnalisables. En permettant aux clients d&#039;adapter leurs installations de restauration \u00e0 leurs pr\u00e9f\u00e9rences, les entreprises peuvent am\u00e9liorer la satisfaction de leurs clients et se diff\u00e9rencier sur le march\u00e9.<\/li>\n\n\n\n<li><strong>Durabilit\u00e9 et respect de l&#039;environnement\u00a0:<\/strong> Alors que la durabilit\u00e9 devient une pr\u00e9occupation de plus en plus importante pour les consommateurs, il existe une demande croissante de produits de buffet et de table \u00e9cologiques fabriqu\u00e9s \u00e0 partir de mat\u00e9riaux durables. Les entreprises peuvent tirer parti de cette tendance en proposant des alternatives respectueuses de l&#039;environnement, telles que des ustensiles de service biod\u00e9gradables, des ustensiles r\u00e9utilisables et des emballages recyclables.<\/li>\n\n\n\n<li><strong>Int\u00e9gration technologique\u00a0:<\/strong> L&#039;int\u00e9gration de la technologie dans les configurations de buffets et de tables permet aux entreprises d&#039;am\u00e9liorer l&#039;exp\u00e9rience culinaire et de rationaliser les op\u00e9rations. Des menus num\u00e9riques interactifs aux stations de service intelligentes \u00e9quip\u00e9es de capteurs IoT, les entreprises peuvent tirer parti de la technologie pour am\u00e9liorer l&#039;efficacit\u00e9, la commodit\u00e9 et l&#039;engagement des clients dans les buffets et les tables.<\/li>\n<\/ul>\n\n\n\n<h2 class=\"wp-block-heading\">D\u00e9fis<\/h2>\n\n\n\n<p>M\u00eame si les \u00e9tudes de march\u00e9 sur les buffets et les tables offrent de nombreux avantages, les entreprises peuvent \u00eatre confront\u00e9es \u00e0 plusieurs d\u00e9fis en cours de route. Voici quelques d\u00e9fis cl\u00e9s \u00e0 consid\u00e9rer\u00a0:<\/p>\n\n\n\n<ul class=\"wp-block-list\">\n<li><strong>March\u00e9 fragment\u00e9\u00a0:<\/strong> Le march\u00e9 des buffets et des tables peut \u00eatre fragment\u00e9, avec divers produits et fournisseurs r\u00e9pondant \u00e0 diff\u00e9rents segments et pr\u00e9f\u00e9rences de client\u00e8le. Naviguer dans ce paysage fragment\u00e9 n\u00e9cessite que les entreprises m\u00e8nent des recherches approfondies pour identifier les acteurs cl\u00e9s, comprendre la dynamique du march\u00e9 et \u00e9valuer efficacement les menaces concurrentielles.<\/li>\n\n\n\n<li><strong>Modification des pr\u00e9f\u00e9rences des consommateurs\u00a0:<\/strong> Les pr\u00e9f\u00e9rences des consommateurs dans le segment des buffets et des tables peuvent changer rapidement en r\u00e9ponse \u00e0 l&#039;\u00e9volution des tendances, des modes de vie et des influences culturelles. Les entreprises doivent rester \u00e0 l\u2019\u00e9coute de ces \u00e9volutions et adapter leurs offres en cons\u00e9quence pour rester pertinentes et comp\u00e9titives.<\/li>\n\n\n\n<li><strong>Perturbations de la cha\u00eene d\u2019approvisionnement\u00a0:<\/strong> Les perturbations de la cha\u00eene d&#039;approvisionnement, telles que les p\u00e9nuries de mati\u00e8res premi\u00e8res, les retards logistiques ou les probl\u00e8mes de fabrication, peuvent avoir un impact sur la capacit\u00e9 des entreprises \u00e0 s&#039;approvisionner efficacement en produits de buffet et de table. Les \u00e9tudes de march\u00e9 peuvent aider les entreprises \u00e0 anticiper et \u00e0 att\u00e9nuer les risques li\u00e9s \u00e0 la cha\u00eene d&#039;approvisionnement en identifiant des fournisseurs alternatifs, en diversifiant les strat\u00e9gies d&#039;approvisionnement et en optimisant les pratiques de gestion des stocks.<\/li>\n\n\n\n<li><strong>Confidentialit\u00e9 et s\u00e9curit\u00e9 des donn\u00e9es\u00a0:<\/strong> Gathering consumer data for <a href=\"https:\/\/www.sisinternational.com\/fr\/solutions\/legal-market-research\/\" title=\"Legal Market Research\"  data-wpil-monitor-id=\"2967\">market research comes with ethical and legal<\/a> considerations, particularly in light of increasing concerns about data privacy and security. Businesses must ensure compliance with relevant regulations, such as GDPR or CCPA, and implement robust data protection measures to safeguard sensitive information collected during market research activities.<\/li>\n<\/ul>\n\n\n\n<h2 class=\"wp-block-heading\">The SIS Advantage<\/h2>\n\n\n\n<figure class=\"gb-block-image gb-block-image-41a163ed\"><img loading=\"lazy\" decoding=\"async\" width=\"1456\" height=\"816\" class=\"gb-image gb-image-41a163ed\" src=\"https:\/\/www.sisinternational.com\/wp-content\/uploads\/2025\/08\/Buffet-1.jpg\" alt=\"\u00c9tudes de march\u00e9 et strat\u00e9gie internationales SIS\" title=\"Buffet (1)\" srcset=\"https:\/\/www.sisinternational.com\/wp-content\/uploads\/2025\/08\/Buffet-1.jpg 1456w, https:\/\/www.sisinternational.com\/wp-content\/uploads\/2025\/08\/Buffet-1-300x168.jpg 300w, https:\/\/www.sisinternational.com\/wp-content\/uploads\/2025\/08\/Buffet-1-1024x574.jpg 1024w, https:\/\/www.sisinternational.com\/wp-content\/uploads\/2025\/08\/Buffet-1-768x430.jpg 768w, https:\/\/www.sisinternational.com\/wp-content\/uploads\/2025\/08\/Buffet-1-18x10.jpg 18w\" sizes=\"auto, (max-width: 1456px) 100vw, 1456px\"><\/figure>\n\n\n\n<p><\/p>\n\n\n\n<p>SIS International propose des services sp\u00e9cialis\u00e9s pour aider les entreprises \u00e0 mener des \u00e9tudes de march\u00e9 compl\u00e8tes sur les buffets et les tables. Voici comment nos services peuvent profiter aux entreprises\u00a0:<\/p>\n\n\n\n<ul class=\"wp-block-list\">\n<li><strong>Solutions de recherche personnalis\u00e9es\u00a0:<\/strong> SIS International provides customized research solutions designed to address each client&#8217;s unique needs and objectives within the <a href=\"https:\/\/www.sisinternational.com\/fr\/transport-en-ambulance\/\" title=\"\u00c9tude de march\u00e9 sur le transport ambulancier\"  data-wpil-monitor-id=\"2085\">buffet and tabletop market<\/a>. We deliver actionable insights that drive business success through consumer behavior analysis, competitor intelligence, and trend forecasting.<\/li>\n\n\n\n<li><strong>Expertise industrielle\u00a0:<\/strong> SIS International offre une connaissance industrielle et un aper\u00e7u in\u00e9gal\u00e9s du march\u00e9 des buffets et des tables. Notre \u00e9quipe de professionnels de la recherche poss\u00e8de une compr\u00e9hension et une expertise approfondies dans l&#039;analyse des pr\u00e9f\u00e9rences des consommateurs, des tendances du march\u00e9 et des paysages concurrentiels, ce qui nous permet de proposer des solutions de recherche de haute qualit\u00e9 qui r\u00e9pondent aux besoins sp\u00e9cifiques de nos clients.<\/li>\n\n\n\n<li><strong>Port\u00e9e mondiale:<\/strong> SIS a une pr\u00e9sence internationale avec un r\u00e9seau de chercheurs, d&#039;analystes et d&#039;experts de terrain dans diverses r\u00e9gions et march\u00e9s. Cette port\u00e9e mondiale nous permet d&#039;effectuer des recherches \u00e0 l&#039;\u00e9chelle locale, r\u00e9gionale ou internationale, offrant ainsi \u00e0 nos clients des informations compl\u00e8tes sur la dynamique du march\u00e9, les pr\u00e9f\u00e9rences des consommateurs et les strat\u00e9gies concurrentielles dans le segment des buffets et des tables.<\/li>\n\n\n\n<li><strong>M\u00e9thodologies avanc\u00e9es\u00a0:<\/strong> Notre approche innovante garantit \u00e0 nos clients des informations pr\u00e9cises, fiables et exploitables, leur permettant de prendre des d\u00e9cisions \u00e9clair\u00e9es et de stimuler la croissance de leur entreprise sur le march\u00e9 des buffets et des tables.<\/li>\n\n\n\n<li><strong>Orientation strat\u00e9gique\u00a0:<\/strong> Au-del\u00e0 de la fourniture de r\u00e9sultats de recherche, SIS International fournit des conseils strat\u00e9giques et des services de conseil bas\u00e9s sur les connaissances de la recherche, aidant ses clients \u00e0 d\u00e9velopper et \u00e0 mettre en \u0153uvre des strat\u00e9gies solides pour capitaliser sur les opportunit\u00e9s et surmonter les d\u00e9fis du march\u00e9 des buffets et des tables.<\/li>\n<\/ul>\n\n\n\n<p><\/p>","protected":false},"excerpt":{"rendered":"<p>Les \u00e9tudes de march\u00e9 sur les buffets et les tables couvrent certains aspects de la configuration des buffets et de la disposition des tables, y compris les ustensiles de service, les couverts et la verrerie.<\/p>","protected":false},"author":1,"featured_media":63914,"parent":14514,"menu_order":437,"comment_status":"closed","ping_status":"closed","template":"","meta":{"footnotes":""},"class_list":["post-47267","page","type-page","status-publish","has-post-thumbnail"],"_links":{"self":[{"href":"https:\/\/www.sisinternational.com\/fr\/wp-json\/wp\/v2\/pages\/47267","targetHints":{"allow":["GET"]}}],"collection":[{"href":"https:\/\/www.sisinternational.com\/fr\/wp-json\/wp\/v2\/pages"}],"about":[{"href":"https:\/\/www.sisinternational.com\/fr\/wp-json\/wp\/v2\/types\/page"}],"author":[{"embeddable":true,"href":"https:\/\/www.sisinternational.com\/fr\/wp-json\/wp\/v2\/users\/1"}],"replies":[{"embeddable":true,"href":"https:\/\/www.sisinternational.com\/fr\/wp-json\/wp\/v2\/comments?post=47267"}],"version-history":[{"count":10,"href":"https:\/\/www.sisinternational.com\/fr\/wp-json\/wp\/v2\/pages\/47267\/revisions"}],"predecessor-version":[{"id":78621,"href":"https:\/\/www.sisinternational.com\/fr\/wp-json\/wp\/v2\/pages\/47267\/revisions\/78621"}],"up":[{"embeddable":true,"href":"https:\/\/www.sisinternational.com\/fr\/wp-json\/wp\/v2\/pages\/14514"}],"wp:featuredmedia":[{"embeddable":true,"href":"https:\/\/www.sisinternational.com\/fr\/wp-json\/wp\/v2\/media\/63914"}],"wp:attachment":[{"href":"https:\/\/www.sisinternational.com\/fr\/wp-json\/wp\/v2\/media?parent=47267"}],"curies":[{"name":"wp","href":"https:\/\/api.w.org\/{rel}","templated":true}]}}