{"id":47259,"date":"2024-04-09T10:32:57","date_gmt":"2024-04-09T14:32:57","guid":{"rendered":"https:\/\/www.sisinternational.com\/?page_id=47259"},"modified":"2026-01-24T21:02:07","modified_gmt":"2026-01-25T02:02:07","slug":"etude-de-marche-alimentaire-en-arabie-saoudite","status":"publish","type":"page","link":"https:\/\/www.sisinternational.com\/fr\/couverture\/etude-de-marche-au-moyen-orient-2\/etude-de-marche-alimentaire-en-arabie-saoudite\/","title":{"rendered":"Etude du march\u00e9 alimentaire en Arabie Saoudite"},"content":{"rendered":"<h1 class=\"wp-block-heading\">Etude du march\u00e9 alimentaire en Arabie Saoudite<\/h1>\n\n\n\n<figure class=\"gb-block-image gb-block-image-03fe48f1\"><img loading=\"lazy\" decoding=\"async\" width=\"1456\" height=\"816\" class=\"gb-image gb-image-03fe48f1\" src=\"https:\/\/www.sisinternational.com\/wp-content\/uploads\/2025\/08\/Saudi-Arabia-33-30.jpg\" alt=\"\u00c9tudes de march\u00e9 et strat\u00e9gie internationales SIS\" title=\"Saudi Arabia 33 (30)\" srcset=\"https:\/\/www.sisinternational.com\/wp-content\/uploads\/2025\/08\/Saudi-Arabia-33-30.jpg 1456w, https:\/\/www.sisinternational.com\/wp-content\/uploads\/2025\/08\/Saudi-Arabia-33-30-300x168.jpg 300w, https:\/\/www.sisinternational.com\/wp-content\/uploads\/2025\/08\/Saudi-Arabia-33-30-1024x574.jpg 1024w, https:\/\/www.sisinternational.com\/wp-content\/uploads\/2025\/08\/Saudi-Arabia-33-30-768x430.jpg 768w, https:\/\/www.sisinternational.com\/wp-content\/uploads\/2025\/08\/Saudi-Arabia-33-30-18x10.jpg 18w\" sizes=\"auto, (max-width: 1456px) 100vw, 1456px\"><\/figure>\n\n\n\n<p><\/p>\n\n\n\n<hr class=\"wp-block-separator has-alpha-channel-opacity is-style-dots\"\/>\n\n\n\n<h3 class=\"wp-block-heading\">Les \u00e9tudes de march\u00e9 alimentaire en Arabie Saoudite aident les entreprises \u00e0 identifier les tendances et opportunit\u00e9s \u00e9mergentes, leur permettant ainsi de garder une longueur d&#039;avance sur la concurrence et de capitaliser sur de nouveaux segments de march\u00e9.<\/h3>\n\n\n\n<p>Le march\u00e9 alimentaire saoudien dispose d\u2019un \u00e9norme potentiel de croissance et d\u2019innovation. C&#039;est pourquoi une \u00e9tude de march\u00e9 alimentaire en Arabie Saoudite explore le paysage actuel, les principales tendances et les perspectives afin de d\u00e9couvrir les opportunit\u00e9s et les d\u00e9fis auxquels les entreprises sont confront\u00e9es sur ce march\u00e9 florissant.<\/p>\n\n\n\n<h2 class=\"wp-block-heading\">Qu\u2019est-ce que l\u2019\u00e9tude de march\u00e9 alimentaire en Arabie Saoudite ?<\/h2>\n\n\n\n<p><a href=\"https:\/\/sisaisolutions.com\/ai-in-food-and-beverage\/\" target=\"_blank\" rel=\"noopener\">Food market research<\/a> in Saudi Arabia gathers data about the country&#8217;s food industry. Studying factors such as consumer preferences, purchasing habits, and industry regulations, it provides insights into market trends, consumer behavior, and competitive landscapes.<\/p>\n\n\n\n<h2 class=\"wp-block-heading\">Pourquoi c&#039;est important?<\/h2>\n\n\n\n<p>Les \u00e9tudes de march\u00e9 fournissent aux entreprises des informations pr\u00e9cieuses sur les pr\u00e9f\u00e9rences des consommateurs, leur comportement d&#039;achat et les tendances du march\u00e9 alimentaire en Arabie Saoudite. Il aide les entreprises \u00e0 d\u00e9velopper des produits et des strat\u00e9gies marketing qui trouvent un \u00e9cho aupr\u00e8s de leur public cible.<\/p>\n\n\n\n<p>Nourriture <a class=\"wpil_keyword_link\" href=\"https:\/\/www.sisinternational.com\/fr\/couverture\/etude-de-marche-au-moyen-orient-2\/etude-de-marche-en-arabie-saoudite\/\" title=\"Etude de march\u00e9 en Arabie Saoudite\" data-wpil-keyword-link=\"linked\" data-wpil-monitor-id=\"268\">market research in Saudi Arabia<\/a> also enables businesses to understand their competitors&#8217; strategies, market positioning, and offerings. Likewise, this market research helps businesses identify potential risks and challenges in the Saudi Arabian food market, such as regulatory changes or shifting consumer preferences.<\/p>\n\n\n\n<p>Cependant, les \u00e9tudes de march\u00e9 offrent plusieurs avantages cl\u00e9s aux entreprises op\u00e9rant sur le march\u00e9 alimentaire en Arabie Saoudite, notamment\u00a0:<\/p>\n\n\n\n<ul class=\"wp-block-list\">\n<li><strong>D\u00e9veloppement de produits\u00a0:<\/strong> L&#039;analyse des besoins et des pr\u00e9f\u00e9rences des consommateurs saoudiens peut aider les entreprises \u00e0 d\u00e9velopper de nouveaux produits alimentaires.<\/li>\n\n\n\n<li><strong>Marketing cibl\u00e9\u00a0:<\/strong> Les \u00e9tudes de march\u00e9 aident les entreprises \u00e0 adapter leurs strat\u00e9gies marketing pour atteindre efficacement leur public cible en Arabie saoudite, ce qui entra\u00eene une notori\u00e9t\u00e9 accrue de la marque et un engagement client accru.<\/li>\n\n\n\n<li><strong>Avantage comp\u00e9titif:<\/strong> En restant inform\u00e9es des strat\u00e9gies et des offres de leurs concurrents, les entreprises peuvent identifier les opportunit\u00e9s de se diff\u00e9rencier et d&#039;acqu\u00e9rir un avantage concurrentiel sur le march\u00e9 alimentaire saoudien.<\/li>\n\n\n\n<li><strong>Att\u00e9nuation des risques:<\/strong> Il aide les entreprises \u00e0 identifier les risques et les d\u00e9fis potentiels sur le march\u00e9 alimentaire saoudien, leur permettant ainsi de d\u00e9velopper des strat\u00e9gies pour att\u00e9nuer ces risques et prot\u00e9ger leurs int\u00e9r\u00eats commerciaux.<\/li>\n\n\n\n<li><strong>Identification des opportunit\u00e9s\u00a0:<\/strong> Les \u00e9tudes de march\u00e9 aident les entreprises \u00e0 identifier de nouvelles opportunit\u00e9s et niches de march\u00e9 en Arabie Saoudite, leur permettant ainsi de capitaliser sur les tendances \u00e9mergentes et les pr\u00e9f\u00e9rences des consommateurs.<\/li>\n<\/ul>\n\n\n\n<h2 class=\"wp-block-heading\">Quand mener une \u00e9tude de march\u00e9 alimentaire en Arabie Saoudite<\/h2>\n\n\n\n<figure class=\"gb-block-image gb-block-image-e3090f6a\"><img loading=\"lazy\" decoding=\"async\" width=\"1456\" height=\"816\" class=\"gb-image gb-image-e3090f6a\" src=\"https:\/\/www.sisinternational.com\/wp-content\/uploads\/2025\/08\/Saudi-Arabia-33-27.jpg\" alt=\"\u00c9tudes de march\u00e9 et strat\u00e9gie internationales SIS\" title=\"Saudi Arabia 33 (27)\" srcset=\"https:\/\/www.sisinternational.com\/wp-content\/uploads\/2025\/08\/Saudi-Arabia-33-27.jpg 1456w, https:\/\/www.sisinternational.com\/wp-content\/uploads\/2025\/08\/Saudi-Arabia-33-27-300x168.jpg 300w, https:\/\/www.sisinternational.com\/wp-content\/uploads\/2025\/08\/Saudi-Arabia-33-27-1024x574.jpg 1024w, https:\/\/www.sisinternational.com\/wp-content\/uploads\/2025\/08\/Saudi-Arabia-33-27-768x430.jpg 768w, https:\/\/www.sisinternational.com\/wp-content\/uploads\/2025\/08\/Saudi-Arabia-33-27-18x10.jpg 18w\" sizes=\"auto, (max-width: 1456px) 100vw, 1456px\"><\/figure>\n\n\n\n<p><\/p>\n\n\n\n<p><a href=\"https:\/\/www.sisinternational.com\/fr\/solutions\/etude-de-marche-alimentaire-qsr\/\" title=\"\u00c9tude de march\u00e9 sur les produits alimentaires QSR\" data-wpil-monitor-id=\"2302\">Food market research<\/a> in Saudi Arabia should be conducted at various stages of a business&#8217;s growth and development:<\/p>\n\n\n\n<ul class=\"wp-block-list\">\n<li><strong>Entr\u00e9e sur le march\u00e9:<\/strong> Avant d&#039;entrer sur le march\u00e9 saoudien, les entreprises doivent mener des \u00e9tudes de march\u00e9 pour comprendre les pr\u00e9f\u00e9rences des consommateurs, les tendances du march\u00e9 et le paysage concurrentiel.<\/li>\n\n\n\n<li><strong>D\u00e9veloppement de produits\u00a0:<\/strong> Les \u00e9tudes de march\u00e9 sont essentielles pendant la phase de d\u00e9veloppement d&#039;un produit pour garantir que les nouveaux produits alimentaires r\u00e9pondent aux besoins et aux pr\u00e9f\u00e9rences des consommateurs saoudiens.<\/li>\n\n\n\n<li><strong>Campagnes marketing\u00a0:<\/strong> Les \u00e9tudes de march\u00e9 peuvent aider les entreprises \u00e0 d\u00e9velopper des campagnes marketing cibl\u00e9es qui trouvent un \u00e9cho aupr\u00e8s de leur public cible en Arabie Saoudite.<\/li>\n\n\n\n<li><strong>Analyse comp\u00e9titive:<\/strong> Des \u00e9tudes de march\u00e9 r\u00e9guli\u00e8res aident les entreprises \u00e0 rester inform\u00e9es des strat\u00e9gies et des offres de leurs concurrents en Arabie Saoudite.<\/li>\n\n\n\n<li><strong>Conformit\u00e9 r\u00e9glementaire\u00a0:<\/strong> March\u00e9 <a href=\"https:\/\/www.sisinternational.com\/fr\/competence\/les-industries\/etude-de-marche-sur-la-securite-routiere\/\" title=\"\u00c9tude de march\u00e9 sur la s\u00e9curit\u00e9 routi\u00e8re\" data-wpil-monitor-id=\"7151\">recherche<\/a> can help businesses understand and comply with Saudi Arabia&#8217;s food safety and quality regulations.<\/li>\n\n\n\n<li><strong>Planification strat\u00e9gique\u00a0:<\/strong> Les \u00e9tudes de march\u00e9 fournissent des informations pr\u00e9cieuses aux entreprises pour \u00e9laborer des plans strat\u00e9giques de croissance et d\u2019expansion en Arabie Saoudite.<\/li>\n<\/ul>\n\n\n\n<h2 class=\"wp-block-heading\">Expected Results from Food Market Research in Saudi Arabia<\/h2>\n\n\n\n<p>From SIS International&#8217;s <a href=\"https:\/\/www.sisinternational.com\/fr\/competence\/les-industries\/etude-de-marche-des-aliments-surgeles\/\" title=\"\u00c9tude de march\u00e9 des aliments surgel\u00e9s\" data-wpil-monitor-id=\"3111\">food market research<\/a> in Saudi Arabia, businesses can expect a comprehensive analysis that provides valuable insights and actionable recommendations for the Saudi Arabian food market. Some expected results from the research might include:<\/p>\n\n\n\n<ul class=\"wp-block-list\">\n<li><strong>Analyse du paysage concurrentiel\u00a0:<\/strong> Un aper\u00e7u des principaux acteurs du march\u00e9 alimentaire saoudien, de leurs parts de march\u00e9, de leurs forces, de leurs faiblesses et de leurs strat\u00e9gies concurrentielles, permettant aux entreprises de comparer leurs performances et d&#039;identifier les opportunit\u00e9s de diff\u00e9renciation.<\/li>\n\n\n\n<li><strong>Informations sur les canaux de distribution\u00a0:<\/strong> An analysis of the distribution channels for food products in Saudi Arabia, including supermarkets, hypermarkets, online platforms, and food service channels, to help businesses optimize their distribution strategy.<\/li>\n\n\n\n<li><strong>Analyse des prix\u00a0:<\/strong> Informations sur les strat\u00e9gies de tarification et les niveaux de prix sur le march\u00e9 alimentaire saoudien, aidant les entreprises \u00e0 fixer des prix comp\u00e9titifs qui maximisent la rentabilit\u00e9 tout en attirant les consommateurs locaux.<\/li>\n\n\n\n<li><strong>Exigences r\u00e9glementaires et de conformit\u00e9\u00a0:<\/strong> Un aper\u00e7u du paysage r\u00e9glementaire affectant le march\u00e9 alimentaire en Arabie saoudite, y compris les r\u00e9glementations en mati\u00e8re de s\u00e9curit\u00e9 alimentaire, d&#039;\u00e9tiquetage et d&#039;importation, afin de garantir la conformit\u00e9 et d&#039;att\u00e9nuer les risques.<\/li>\n\n\n\n<li><strong>Consid\u00e9rations culturelles et religieuses\u00a0:<\/strong> Un aper\u00e7u des facteurs culturels et religieux qui influencent la consommation alimentaire en Arabie Saoudite, tels que la certification halal et les restrictions alimentaires pendant le Ramadan, pour aider les entreprises \u00e0 adapter leurs produits et leurs strat\u00e9gies marketing.<\/li>\n\n\n\n<li><strong>Opportunit\u00e9s et d\u00e9fis\u00a0:<\/strong> Identification des opportunit\u00e9s potentielles de croissance et d&#039;expansion, ainsi que des d\u00e9fis auxquels les entreprises peuvent \u00eatre confront\u00e9es sur le march\u00e9 alimentaire saoudien, tels que l&#039;\u00e9volution des pr\u00e9f\u00e9rences des consommateurs ou les obstacles r\u00e9glementaires.<\/li>\n\n\n\n<li><strong>Recommandations et perspectives strat\u00e9giques\u00a0:<\/strong> Sur la base des r\u00e9sultats de la recherche, SIS International peut fournir des recommandations strat\u00e9giques pour aider les entreprises \u00e0 capitaliser sur les opportunit\u00e9s, \u00e0 surmonter les d\u00e9fis et \u00e0 atteindre leurs objectifs sur le march\u00e9 alimentaire saoudien.<\/li>\n<\/ul>\n\n\n\n<h2 class=\"wp-block-heading\">Joueurs cl\u00e9s<\/h2>\n\n\n\n<p>Le march\u00e9 alimentaire en Arabie Saoudite est un secteur dynamique et en croissance, avec plusieurs acteurs cl\u00e9s op\u00e9rant dans divers segments tels que les produits laitiers, la viande, les boissons et les aliments emball\u00e9s. Certains principaux acteurs du march\u00e9 alimentaire saoudien comprennent\u00a0:<\/p>\n\n\n\n<ul class=\"wp-block-list\">\n<li><strong>Soci\u00e9t\u00e9 Almarai\u00a0:<\/strong> Almarai est l&#039;une des plus grandes entreprises laiti\u00e8res du Moyen-Orient, connue pour sa large gamme de produits laitiers, de jus et de produits de boulangerie.<\/li>\n\n\n\n<li><strong>Groupe Savola\u00a0:<\/strong> Savola is a leading food company in Saudi Arabia, interested in edible oils, sugar, pasta, and retail (through its subsidiary Panda Retail Company).<\/li>\n\n\n\n<li><strong>Soci\u00e9t\u00e9 saoudienne de produits laitiers et alimentaires (SADAFCO)\u00a0:<\/strong> SADAFCO est l&#039;un des principaux producteurs de produits laitiers, notamment du lait, du yaourt et de la cr\u00e8me glac\u00e9e, ainsi que du concentr\u00e9 de tomates et des collations.<\/li>\n\n\n\n<li><strong>Soci\u00e9t\u00e9 Nationale de D\u00e9veloppement Agricole (NADEC) :<\/strong> NADEC est une importante entreprise agricole et agroalimentaire, avec des produits allant des produits laitiers et jus de fruits \u00e0 l&#039;huile d&#039;olive et aux produits de boulangerie.<\/li>\n\n\n\n<li><strong>Al Safi Danone :<\/strong> Joint-venture entre Al Safi et Danone, cette soci\u00e9t\u00e9 est connue pour ses produits laitiers, notamment les yaourts et autres produits ferment\u00e9s.<\/li>\n<\/ul>\n\n\n\n<h2 class=\"wp-block-heading\">Opportunit\u00e9s<\/h2>\n\n\n\n<figure class=\"gb-block-image gb-block-image-3c54c0ee\"><img loading=\"lazy\" decoding=\"async\" width=\"1456\" height=\"816\" class=\"gb-image gb-image-3c54c0ee\" src=\"https:\/\/www.sisinternational.com\/wp-content\/uploads\/2025\/08\/Saudi-Arabia-33-26.jpg\" alt=\"\u00c9tudes de march\u00e9 et strat\u00e9gie internationales SIS\" title=\"Saudi Arabia 33 (26)\" srcset=\"https:\/\/www.sisinternational.com\/wp-content\/uploads\/2025\/08\/Saudi-Arabia-33-26.jpg 1456w, https:\/\/www.sisinternational.com\/wp-content\/uploads\/2025\/08\/Saudi-Arabia-33-26-300x168.jpg 300w, https:\/\/www.sisinternational.com\/wp-content\/uploads\/2025\/08\/Saudi-Arabia-33-26-1024x574.jpg 1024w, https:\/\/www.sisinternational.com\/wp-content\/uploads\/2025\/08\/Saudi-Arabia-33-26-768x430.jpg 768w, https:\/\/www.sisinternational.com\/wp-content\/uploads\/2025\/08\/Saudi-Arabia-33-26-18x10.jpg 18w\" sizes=\"auto, (max-width: 1456px) 100vw, 1456px\"><\/figure>\n\n\n\n<p><\/p>\n\n\n\n<p>The food market in <a href=\"https:\/\/www.sisinternational.com\/fr\/entrer-sur-le-marche-latino-americain\/\" title=\"Entrer sur le march\u00e9 latino-am\u00e9ricain\" data-wpil-monitor-id=\"7542\">Arabie Saoudite<\/a> offers several opportunities for businesses looking to enter or expand in the market:<\/p>\n\n\n\n<ul class=\"wp-block-list\">\n<li><strong>Population croissante\u00a0:<\/strong> La population de l&#039;Arabie saoudite conna\u00eet une croissance rapide, ce qui stimule la demande de produits alimentaires et cr\u00e9e des opportunit\u00e9s pour les entreprises d&#039;\u00e9tendre leur pr\u00e9sence sur le march\u00e9.<\/li>\n\n\n\n<li><strong>Modification des pr\u00e9f\u00e9rences des consommateurs\u00a0:<\/strong> En Arabie Saoudite, les pr\u00e9f\u00e9rences des consommateurs \u00e9voluent vers des options alimentaires plus saines et plus pratiques, cr\u00e9ant ainsi des opportunit\u00e9s pour les entreprises de lancer de nouveaux produits r\u00e9pondant \u00e0 ces pr\u00e9f\u00e9rences.<\/li>\n\n\n\n<li><strong>Diversification \u00e9conomique\u00a0:<\/strong> L&#039;Arabie saoudite m\u00e8ne des efforts de diversification \u00e9conomique, conduisant \u00e0 une augmentation des investissements dans le secteur de l&#039;alimentation et des boissons et cr\u00e9ant des opportunit\u00e9s pour les entreprises d&#039;entrer sur le march\u00e9.<\/li>\n\n\n\n<li><strong>Commerce \u00e9lectronique:<\/strong> L&#039;essor du commerce \u00e9lectronique en Arabie Saoudite a cr\u00e9\u00e9 de nouveaux canaux de distribution de produits alimentaires, permettant aux entreprises d&#039;atteindre un public plus large et d&#039;augmenter leurs ventes.<\/li>\n\n\n\n<li><strong>Initiatives gouvernementales\u00a0:<\/strong> Le gouvernement saoudien met en \u0153uvre diverses initiatives pour soutenir l&#039;industrie alimentaire, telles que des programmes de s\u00e9curit\u00e9 alimentaire et des incitations \u00e0 l&#039;investissement, qui cr\u00e9ent des opportunit\u00e9s pour les entreprises sur le march\u00e9.<\/li>\n<\/ul>\n\n\n\n<h2 class=\"wp-block-heading\">What Makes SIS International a Top Food Market Research in Saudi Arabia<\/h2>\n\n\n\n<p><a href=\"https:\/\/www.linkedin.com\/company\/sisinternationalresearch\/\" target=\"_blank\" rel=\"noopener\">SIS International<\/a> is a global market research and strategic consulting firm that provides various services to help businesses in the food market in Saudi Arabia. Here&#8217;s how their services can be beneficial:<\/p>\n\n\n\n<ul class=\"wp-block-list\">\n<li><strong>Strat\u00e9gie d&#039;entr\u00e9e sur le march\u00e9\u00a0:<\/strong> SIS International peut aider les entreprises du march\u00e9 alimentaire \u00e0 d\u00e9velopper des strat\u00e9gies efficaces d&#039;entr\u00e9e sur le march\u00e9 de l&#039;Arabie saoudite, notamment en identifiant les segments cibles, en comprenant les pr\u00e9f\u00e9rences des consommateurs et en s&#039;adaptant aux exigences r\u00e9glementaires.<\/li>\n\n\n\n<li><strong>\u00c9tude de consommation\u00a0:<\/strong> We conduct consumer research to gather insights into Saudi Arabian consumers&#8217; eating habits, preferences, and attitudes toward different food products. This information can help businesses tailor their offerings to meet local tastes and demands.<\/li>\n\n\n\n<li><strong>Analyse comp\u00e9titive:<\/strong> SIS fournit une analyse approfondie des concurrents sur le march\u00e9 alimentaire saoudien, y compris leurs strat\u00e9gies, leurs forces, leurs faiblesses et leur part de march\u00e9, permettant aux entreprises de se positionner efficacement.<\/li>\n\n\n\n<li><strong>Analyse de la cha\u00eene d&#039;approvisionnement\u00a0:<\/strong> Nos experts aident les entreprises \u00e0 comprendre la dynamique de la cha\u00eene d&#039;approvisionnement sur le march\u00e9 alimentaire saoudien, y compris les d\u00e9fis d&#039;approvisionnement, de distribution et de logistique, afin d&#039;optimiser leurs op\u00e9rations et de r\u00e9duire les co\u00fbts.<\/li>\n\n\n\n<li><strong>D\u00e9veloppement de la strat\u00e9gie de marque\u00a0:<\/strong> SIS International d\u00e9veloppe des strat\u00e9gies de marque qui trouvent un \u00e9cho aupr\u00e8s des consommateurs saoudiens, notamment des strat\u00e9gies de positionnement, de messagerie et de communication de la marque.<\/li>\n\n\n\n<li><strong>D\u00e9veloppement de produits et innovation\u00a0:<\/strong> SIS fournit un aper\u00e7u des tendances alimentaires \u00e9mergentes et des pr\u00e9f\u00e9rences des consommateurs en Arabie Saoudite, aidant ainsi les entreprises \u00e0 innover et \u00e0 d\u00e9velopper de nouveaux produits adapt\u00e9s aux go\u00fbts locaux.<\/li>\n\n\n\n<li><strong>\u00c9tudes de faisabilit\u00e9 des investissements\u00a0:<\/strong> SIS International peut mener des \u00e9tudes de faisabilit\u00e9 pour \u00e9valuer la viabilit\u00e9 des projets d&#039;investissement et identifier les risques et opportunit\u00e9s potentiels pour les entreprises cherchant \u00e0 investir sur le march\u00e9 alimentaire saoudien.<\/li>\n<\/ul>\n\n\n\n<h2 class=\"wp-block-heading\">Notre emplacement \u00e0 New York<\/h2>\n\n\n\n<p>\n\n\n\n<iframe loading=\"lazy\" src=\"https:\/\/www.google.com\/maps\/embed?pb=!1m18!1m12!1m3!1d3022.976188376966!2d-73.99130312499956!3d40.740549471389315!2m3!1f0!2f0!3f0!3m2!1i1024!2i768!4f13.1!3m3!1m2!1s0x89c259a15798c731%3A0xd695d09bdd495f25!2s11%20E%2022nd%20St%20FL%202%2C%20New%20York%2C%20NY%2010010%2C%20USA!5e0!3m2!1sen!2spe!4v1726171763526!5m2!1sen!2spe\" width=\"600\" height=\"450\" allowfullscreen=\"allowfullscreen\" data-mce-fragment=\"1\"><\/iframe>\n\n\n\n<\/p>\n\n\n\n<h3 class=\"wp-block-heading\">11 E 22nd Street, \u00e9tage 2, New York, NY 10010 T\u00e9l. : +1(212) 505-6805<\/h3>\n\n\n\n<h2 class=\"wp-block-heading\"><span style=\"font-weight: 400;\">\u00c0 propos de SIS International<\/span><\/h2>\n\n\n\n<p><a href=\"https:\/\/www.sisinternational.com\/fr\/\"><span style=\"font-weight: 400;\">SIS International<\/span><\/a><span style=\"font-weight: 400;\"> propose des recherches quantitatives, qualitatives et strat\u00e9giques. Nous fournissons des donn\u00e9es, des outils, des strat\u00e9gies, des rapports et des informations pour la prise de d\u00e9cision. Nous menons \u00e9galement des entretiens, des enqu\u00eates, des groupes de discussion et d\u2019autres m\u00e9thodes et approches d\u2019\u00e9tudes de march\u00e9.<\/span><a href=\"https:\/\/www.sisinternational.com\/fr\/a-propos-de-la-recherche-internationale-sis\/contact-sis-international-market-research\/\"><span style=\"font-weight: 400;\"> Contactez nous<\/span><\/a><span style=\"font-weight: 400;\"> pour votre prochain projet d&#039;\u00e9tude de march\u00e9.<\/span><\/p>\n\n\n\n<p><\/p>","protected":false},"excerpt":{"rendered":"<p>Les \u00e9tudes de march\u00e9 alimentaire en Arabie Saoudite impliquent la collecte, l&#039;analyse et l&#039;interpr\u00e9tation de donn\u00e9es li\u00e9es \u00e0 l&#039;industrie alimentaire du pays.<\/p>","protected":false},"author":1,"featured_media":65112,"parent":36619,"menu_order":20,"comment_status":"closed","ping_status":"closed","template":"","meta":{"footnotes":""},"class_list":["post-47259","page","type-page","status-publish","has-post-thumbnail"],"_links":{"self":[{"href":"https:\/\/www.sisinternational.com\/fr\/wp-json\/wp\/v2\/pages\/47259","targetHints":{"allow":["GET"]}}],"collection":[{"href":"https:\/\/www.sisinternational.com\/fr\/wp-json\/wp\/v2\/pages"}],"about":[{"href":"https:\/\/www.sisinternational.com\/fr\/wp-json\/wp\/v2\/types\/page"}],"author":[{"embeddable":true,"href":"https:\/\/www.sisinternational.com\/fr\/wp-json\/wp\/v2\/users\/1"}],"replies":[{"embeddable":true,"href":"https:\/\/www.sisinternational.com\/fr\/wp-json\/wp\/v2\/comments?post=47259"}],"version-history":[{"count":16,"href":"https:\/\/www.sisinternational.com\/fr\/wp-json\/wp\/v2\/pages\/47259\/revisions"}],"predecessor-version":[{"id":81169,"href":"https:\/\/www.sisinternational.com\/fr\/wp-json\/wp\/v2\/pages\/47259\/revisions\/81169"}],"up":[{"embeddable":true,"href":"https:\/\/www.sisinternational.com\/fr\/wp-json\/wp\/v2\/pages\/36619"}],"wp:featuredmedia":[{"embeddable":true,"href":"https:\/\/www.sisinternational.com\/fr\/wp-json\/wp\/v2\/media\/65112"}],"wp:attachment":[{"href":"https:\/\/www.sisinternational.com\/fr\/wp-json\/wp\/v2\/media?parent=47259"}],"curies":[{"name":"wp","href":"https:\/\/api.w.org\/{rel}","templated":true}]}}