{"id":47074,"date":"2024-03-21T12:04:27","date_gmt":"2024-03-21T16:04:27","guid":{"rendered":"https:\/\/www.sisinternational.com\/?page_id=47074"},"modified":"2026-01-19T22:12:46","modified_gmt":"2026-01-20T03:12:46","slug":"conseil-alteryx","status":"publish","type":"page","link":"https:\/\/www.sisinternational.com\/fr\/competence\/conseil-alteryx\/","title":{"rendered":"Alteryx Conseil"},"content":{"rendered":"<h1 class=\"wp-block-heading\">Alteryx Conseil<\/h1>\n\n\n\n<figure class=\"gb-block-image gb-block-image-fa700491\"><img loading=\"lazy\" decoding=\"async\" width=\"1456\" height=\"816\" class=\"gb-image gb-image-fa700491\" src=\"https:\/\/www.sisinternational.com\/wp-content\/uploads\/2025\/08\/Strategy-consulting-6.jpg\" alt=\"\u00c9tudes de march\u00e9 et strat\u00e9gie internationales SIS\" title=\"Strategy consulting (6)\" srcset=\"https:\/\/www.sisinternational.com\/wp-content\/uploads\/2025\/08\/Strategy-consulting-6.jpg 1456w, https:\/\/www.sisinternational.com\/wp-content\/uploads\/2025\/08\/Strategy-consulting-6-300x168.jpg 300w, https:\/\/www.sisinternational.com\/wp-content\/uploads\/2025\/08\/Strategy-consulting-6-1024x574.jpg 1024w, https:\/\/www.sisinternational.com\/wp-content\/uploads\/2025\/08\/Strategy-consulting-6-768x430.jpg 768w, https:\/\/www.sisinternational.com\/wp-content\/uploads\/2025\/08\/Strategy-consulting-6-18x10.jpg 18w\" sizes=\"auto, (max-width: 1456px) 100vw, 1456px\"><\/figure>\n\n\n\n<hr class=\"wp-block-separator has-alpha-channel-opacity is-style-dots\"\/>\n\n\n\n<p>Gr\u00e2ce \u00e0 ses capacit\u00e9s robustes et \u00e0 son interface intuitive, Alteryx permet aux entreprises d&#039;exploiter des informations pr\u00e9cieuses \u00e0 partir de leurs donn\u00e9es, facilitant ainsi des strat\u00e9gies plus innovantes et des op\u00e9rations plus agiles. C&#039;est pourquoi le conseil Alteryx appara\u00eet comme une force de transformation, r\u00e9volutionnant la mani\u00e8re dont les organisations exploitent la puissance des donn\u00e9es pour prendre des d\u00e9cisions \u00e9clair\u00e9es.<\/p>\n\n\n\n<h2 class=\"wp-block-heading\">Qu\u2019est-ce qu\u2019Alteryx Consulting ?<\/h2>\n\n\n\n<p>Le conseil Alteryx s&#039;articule autour de l&#039;exploitation de la plateforme Alteryx pour offrir aux entreprises des capacit\u00e9s avanc\u00e9es d&#039;analyse, de pr\u00e9paration des donn\u00e9es et d&#039;automatisation. \u00c0 la base, Alteryx permet aux organisations de rationaliser leurs flux de travail de donn\u00e9es, de l&#039;ingestion et du nettoyage des donn\u00e9es \u00e0 l&#039;analyse et \u00e0 la visualisation, au sein d&#039;une plateforme conviviale.<\/p>\n\n\n\n<p>Les services d&#039;assistance Alteryx englobent une gamme d&#039;activit\u00e9s, notamment la mise en \u0153uvre, la personnalisation, la formation et l&#039;assistance continue. Les consultants travaillent en \u00e9troite collaboration avec les organisations pour comprendre leurs exigences commerciales uniques, leurs d\u00e9fis en mati\u00e8re de donn\u00e9es et leurs objectifs strat\u00e9giques.<\/p>\n\n\n\n<h2 class=\"wp-block-heading\">Pourquoi les entreprises ont-elles besoin de conseil Alteryx ?<\/h2>\n\n\n\n<p>Alteryx permet aux entreprises d&#039;int\u00e9grer de mani\u00e8re transparente des donn\u00e9es provenant de sources disparates et de les pr\u00e9parer pour l&#039;analyse. Gr\u00e2ce \u00e0 son interface intuitive par glisser-d\u00e9poser et \u00e0 ses puissantes capacit\u00e9s de fusion de donn\u00e9es, Alteryx rationalise le processus de pr\u00e9paration des donn\u00e9es, \u00e9conomisant ainsi du temps et des efforts aux entreprises. Pour cette raison, les consultants apportent leur expertise dans l&#039;optimisation des flux de travail de donn\u00e9es, la garantie de la qualit\u00e9 des donn\u00e9es et l&#039;automatisation des t\u00e2ches r\u00e9p\u00e9titives, permettant aux entreprises de se concentrer sur l&#039;extraction d&#039;informations plut\u00f4t que sur la gestion des donn\u00e9es.<\/p>\n\n\n\n<p>Additionally, these consulting <a href=\"https:\/\/www.sisinternational.com\/fr\/competence\/les-industries\/etude-de-marche-sur-les-hotels-a-service-selectionne\/\" title=\"\u00c9tude de march\u00e9 sur les h\u00f4tels \u00e0 service s\u00e9lectionn\u00e9\"  data-wpil-monitor-id=\"8979\">services guide businesses on model selection<\/a>, parameter tuning, and validation techniques, helping them derive actionable insights and make informed decisions. It also helps businesses identify opportunities for automation, design efficient workflows, and implement automation solutions that drive productivity and cost savings.<\/p>\n\n\n\n<h2 class=\"wp-block-heading\">Cependant, ce service de conseil apporte de nombreux autres avantages, notamment :<\/h2>\n\n\n\n<ul class=\"wp-block-list\">\n<li><strong>Processus de donn\u00e9es rationalis\u00e9s\u00a0:<\/strong> Le conseil aide les entreprises \u00e0 rationaliser leurs processus de donn\u00e9es, de l&#039;int\u00e9gration et de la pr\u00e9paration des donn\u00e9es \u00e0 l&#039;analyse et au reporting. Les consultants optimisent les flux de donn\u00e9es, automatisent les t\u00e2ches r\u00e9p\u00e9titives et garantissent la qualit\u00e9 des donn\u00e9es, ce qui se traduit par des processus de donn\u00e9es plus efficaces et plus fiables.<\/li>\n\n\n\n<li><strong>Capacit\u00e9s d&#039;analyse avanc\u00e9es\u00a0:<\/strong> Gr\u00e2ce au conseil, les entreprises ont acc\u00e8s \u00e0 des capacit\u00e9s d&#039;analyse avanc\u00e9es qui leur permettent de d\u00e9couvrir des informations pr\u00e9cieuses \u00e0 partir de leurs donn\u00e9es. Les consultants fournissent une expertise en mod\u00e9lisation pr\u00e9dictive, en analyse spatiale et en apprentissage automatique, permettant aux entreprises de prendre des d\u00e9cisions bas\u00e9es sur les donn\u00e9es et d&#039;acqu\u00e9rir un avantage concurrentiel.<\/li>\n\n\n\n<li><strong>Prise de d\u00e9cision am\u00e9lior\u00e9e\u00a0:<\/strong> Consulting helps businesses identify trends, patterns, and opportunities in their data, enabling them to optimize operations, mitigate risks, and <a href=\"https:\/\/www.sisinternational.com\/fr\/solutions\/recherche-de-conseil-en-strategie-fintech\/etude-de-marche-sur-les-marches-des-capitaux\/\" title=\"\u00c9tude de march\u00e9 sur les march\u00e9s des capitaux\"  data-wpil-monitor-id=\"8976\">capitalize on market<\/a> opportunities.<\/li>\n\n\n\n<li><strong>\u00c9conomies de co\u00fbts:<\/strong> L&#039;analyse Alteryx permet aux entreprises d&#039;optimiser leurs processus de donn\u00e9es et de rationaliser leurs op\u00e9rations, ce qui entra\u00eene des \u00e9conomies. Les entreprises peuvent r\u00e9duire leurs co\u00fbts op\u00e9rationnels et allouer leurs ressources plus efficacement en automatisant les t\u00e2ches manuelles, en r\u00e9duisant les erreurs et en am\u00e9liorant l&#039;efficacit\u00e9.<\/li>\n\n\n\n<li><strong>Productivit\u00e9 am\u00e9lior\u00e9e\u00a0:<\/strong> Les entreprises peuvent am\u00e9liorer leur productivit\u00e9 en automatisant les t\u00e2ches r\u00e9p\u00e9titives et en lib\u00e9rant un temps pr\u00e9cieux pour que les employ\u00e9s puissent se concentrer sur des activit\u00e9s \u00e0 plus forte valeur ajout\u00e9e.<\/li>\n<\/ul>\n\n\n\n<h2 class=\"wp-block-heading\">Qui utilise Alteryx Consulting<\/h2>\n\n\n\n<p>Les grandes entreprises de divers secteurs, notamment la finance, la vente au d\u00e9tail, la sant\u00e9 et l&#039;industrie manufacturi\u00e8re, font appel au conseil pour optimiser leurs processus de donn\u00e9es et obtenir des informations exploitables \u00e0 partir de leurs donn\u00e9es. Gr\u00e2ce \u00e0 son \u00e9volutivit\u00e9 et sa flexibilit\u00e9, Alteryx r\u00e9pond aux besoins analytiques complexes des entreprises, leur permettant de prendre des d\u00e9cisions \u00e9clair\u00e9es et de stimuler la croissance de leur entreprise.<\/p>\n\n\n\n<p>Les agences gouvernementales exploitent les conseils d&#039;Alteryx pour exploiter la puissance des donn\u00e9es afin de relever des d\u00e9fis complexes et de fournir des services publics plus efficacement. De l&#039;analyse des tendances d\u00e9mographiques \u00e0 l&#039;optimisation de l&#039;allocation des ressources, Alteryx permet aux agences gouvernementales de prendre des d\u00e9cisions fond\u00e9es sur des donn\u00e9es qui profitent aux citoyens et aux communaut\u00e9s.<\/p>\n\n\n\n<p>Les organisations \u00e0 but non lucratif s&#039;appuient sur l&#039;analyse des donn\u00e9es pour g\u00e9n\u00e9rer un impact, optimiser leurs op\u00e9rations et maximiser l&#039;efficacit\u00e9 de leurs programmes et services. Les services de conseil d&#039;Alteryx aident les organisations \u00e0 but non lucratif \u00e0 exploiter leurs actifs de donn\u00e9es pour mieux comprendre leurs b\u00e9n\u00e9ficiaires, am\u00e9liorer leurs efforts de collecte de fonds et atteindre les objectifs de leur mission.<\/p>\n\n\n\n<p>Educational Institutions utilize this consulting to support academic research, teach data analytics skills, and empower students with hands-on experience in data analysis. Alteryx provides educators a powerful <a href=\"https:\/\/www.sisinternational.com\/fr\/sis-devoile-une-plateforme-de-science-des-donnees-et-danalyse-quantitative\/\" title=\"SIS d\u00e9voile sa plateforme de science des donn\u00e9es et d&#039;analyse quantitative\"  data-wpil-monitor-id=\"8973\">platform for teaching data analytics<\/a> concepts and techniques, preparing students for careers in data-driven fields.<\/p>\n\n\n\n<h2 class=\"wp-block-heading\">Quand effectuer une consultation Alteryx<\/h2>\n\n\n\n<p>La d\u00e9termination du moment optimal pour s&#039;engager dans le conseil Alteryx d\u00e9pend de plusieurs facteurs, notamment des besoins sp\u00e9cifiques de l&#039;organisation, de ses objectifs et de sa volont\u00e9 de tirer parti de l&#039;analyse des donn\u00e9es. Voici les principales consid\u00e9rations concernant le moment o\u00f9 effectuer des \u00e9valuations Alteryx\u00a0:<\/p>\n\n\n\n<ul class=\"wp-block-list\">\n<li><strong><a href=\"https:\/\/www.sisinternational.com\/fr\/solutions\/croissance-mondiale\/conseil-en-planification-strategique\/\" title=\"Conseil en planification strat\u00e9gique\"  data-wpil-monitor-id=\"8975\">Planification strat\u00e9gique<\/a> Phase:<\/strong> Les organisations devraient envisager de s&#039;engager dans ce type de conseil pendant la phase de planification strat\u00e9gique d&#039;une initiative d&#039;analyse de donn\u00e9es. Cela permet aux consultants de travailler en \u00e9troite collaboration avec les parties prenantes pour comprendre les objectifs, les d\u00e9fis et les exigences de l&#039;organisation, jetant ainsi les bases d&#039;une mise en \u0153uvre r\u00e9ussie de l&#039;analyse.<\/li>\n\n\n\n<li><a href=\"https:\/\/www.sisinternational.com\/fr\/solutions\/conseil-en-strategie\/analyse-des-donnees\/\" title=\"Soci\u00e9t\u00e9 d&#039;analyse de donn\u00e9es\"  data-wpil-monitor-id=\"8977\">Data Assessment Stage: Before diving into analytics<\/a> implementation, organizations should comprehensively assess their data assets. Alteryx experts can help organizations evaluate the quality, completeness, and accessibility of their data, identifying any gaps or issues that need to be addressed before proceeding with analytics projects.<\/li>\n\n\n\n<li><strong>Pr\u00e9paration de la mise en \u0153uvre\u00a0:<\/strong> Alors que les organisations se pr\u00e9parent \u00e0 mettre en \u0153uvre Alteryx ou \u00e0 \u00e9tendre leur utilisation existante, les services de conseil peuvent fournir une aide pr\u00e9cieuse pour la mise en place de la plateforme, la configuration des flux de travail et l&#039;int\u00e9gration avec d&#039;autres syst\u00e8mes. Les consultants travaillent avec les \u00e9quipes informatiques et les utilisateurs m\u00e9tiers pour garantir un processus de mise en \u0153uvre fluide et maximiser l&#039;efficacit\u00e9 de la plateforme.<\/li>\n<\/ul>\n\n\n\n<h2 class=\"wp-block-heading\">R\u00e9sultats attendus d&#039;Alteryx Consulting de SIS<\/h2>\n\n\n\n<p>S&#039;engager dans le conseil Alteryx avec SIS International peut produire plusieurs r\u00e9sultats attendus pour les entreprises\u00a0:<\/p>\n\n\n\n<ul class=\"wp-block-list\">\n<li><strong>Efficacit\u00e9 am\u00e9lior\u00e9e de l\u2019analyse des donn\u00e9es\u00a0:<\/strong> Les services de conseil Alteryx de SIS International rationalisent les processus d&#039;analyse des donn\u00e9es, permettant aux entreprises d&#039;analyser plus efficacement de grands volumes de donn\u00e9es. En automatisant les t\u00e2ches manuelles et en optimisant les flux de travail, les entreprises peuvent r\u00e9duire le temps et les efforts n\u00e9cessaires \u00e0 l&#039;analyse des donn\u00e9es, lib\u00e9rant ainsi des ressources pour d&#039;autres activit\u00e9s strat\u00e9giques.<\/li>\n\n\n\n<li><strong>Prise de d\u00e9cision am\u00e9lior\u00e9e\u00a0:<\/strong> Gr\u00e2ce aux services d&#039;assistance Alteryx de SIS International, les entreprises ont acc\u00e8s \u00e0 des capacit\u00e9s d&#039;analyse avanc\u00e9es qui leur permettent de prendre des d\u00e9cisions plus \u00e9clair\u00e9es et bas\u00e9es sur les donn\u00e9es. En tirant parti des outils de mod\u00e9lisation pr\u00e9dictive et d&#039;apprentissage automatique d&#039;Alteryx, les entreprises peuvent d\u00e9couvrir des informations pr\u00e9cieuses \u00e0 partir de leurs donn\u00e9es, leur permettant d&#039;identifier en toute confiance les tendances, de pr\u00e9dire les r\u00e9sultats et de prendre des d\u00e9cisions strat\u00e9giques.<\/li>\n\n\n\n<li><strong>\u00c9conomies de co\u00fbts et optimisation des ressources\u00a0:<\/strong> Les services d&#039;optimisation Alteryx de SIS aident les entreprises \u00e0 rationaliser leurs processus de donn\u00e9es et \u00e0 am\u00e9liorer leur efficacit\u00e9 op\u00e9rationnelle, ce qui se traduit par des \u00e9conomies de co\u00fbts. En automatisant les t\u00e2ches r\u00e9p\u00e9titives, en r\u00e9duisant les erreurs et en am\u00e9liorant la productivit\u00e9, les entreprises peuvent r\u00e9duire les co\u00fbts op\u00e9rationnels et allouer les ressources plus efficacement, maximisant ainsi le retour sur investissement.<\/li>\n\n\n\n<li><strong>Avantage concurrentiel am\u00e9lior\u00e9\u00a0:<\/strong> En tirant parti des services de conseil Alteryx de SIS International, les entreprises b\u00e9n\u00e9ficient d&#039;un avantage concurrentiel sur leurs march\u00e9s respectifs. En exploitant la puissance de l&#039;analyse des donn\u00e9es, les entreprises peuvent obtenir des informations sur les tendances du march\u00e9, le comportement des clients et la dynamique concurrentielle, ce qui leur permet d&#039;identifier les opportunit\u00e9s et de se diff\u00e9rencier de leurs concurrents.<\/li>\n\n\n\n<li><strong>\u00c9volutivit\u00e9 et flexibilit\u00e9\u00a0:<\/strong> SIS International&#8217;s consulting services provide businesses with scalability and flexibility to adapt to changing business needs and evolving data requirements. Whether businesses analyze large volumes of data or expand into new markets, SIS International&#8217;s consultants help businesses scale their analytics capabilities and ensure they remain <a href=\"https:\/\/www.sisinternational.com\/fr\/solutions\/innovation\/etude-de-marche-agile\/\" title=\"\u00c9tude de march\u00e9 agile\"  data-wpil-monitor-id=\"8969\">agile and responsive to market<\/a> demands.<\/li>\n<\/ul>\n\n\n\n<h2 class=\"wp-block-heading\">Opportunit\u00e9s<\/h2>\n\n\n\n<p>Les entreprises peuvent capitaliser sur plusieurs opportunit\u00e9s en tirant parti des services de conseil d&#039;Alteryx. Ces opportunit\u00e9s comprennent\u00a0:<\/p>\n\n\n\n<ul class=\"wp-block-list\">\n<li><strong>Optimisation et automatisation des processus\u00a0:<\/strong> Le conseil aide les entreprises \u00e0 optimiser leurs processus de donn\u00e9es et \u00e0 automatiser les t\u00e2ches r\u00e9p\u00e9titives, am\u00e9liorant ainsi l&#039;efficacit\u00e9 et la productivit\u00e9. Les entreprises peuvent \u00e9conomiser du temps et des ressources en automatisant les flux de pr\u00e9paration, d&#039;analyse et de reporting des donn\u00e9es, permettant ainsi aux employ\u00e9s de se concentrer sur des initiatives plus strat\u00e9giques.<\/li>\n\n\n\n<li><strong>Efficacit\u00e9 op\u00e9rationnelle et \u00e9conomies de co\u00fbts\u00a0:<\/strong> Alteryx Advisory aide les entreprises \u00e0 am\u00e9liorer leur efficacit\u00e9 op\u00e9rationnelle et \u00e0 r\u00e9duire leurs co\u00fbts en rationalisant les processus de donn\u00e9es et en automatisant les t\u00e2ches manuelles. L&#039;optimisation des flux de travail et l&#039;\u00e9limination des inefficacit\u00e9s peuvent r\u00e9duire les co\u00fbts op\u00e9rationnels, augmenter la productivit\u00e9 et am\u00e9liorer les performances globales de l&#039;entreprise.<\/li>\n\n\n\n<li><strong>Avantage concurrentiel et innovation\u00a0:<\/strong> By leveraging consulting services, businesses can gain a competitive advantage in their respective <a href=\"https:\/\/www.sisinternational.com\/fr\/competence\/les-industries\/etude-de-marche-sur-lenergie-au-charbon\/\" title=\"\u00c9tude de march\u00e9 sur l\u2019\u00e9nergie au charbon\"  data-wpil-monitor-id=\"8978\">markets by harnessing the power<\/a> of data analytics to drive innovation and differentiation. By adopting advanced analytics techniques and staying ahead of emerging trends, businesses can innovate new products and services, enter new markets, and outperform competitors.<\/li>\n<\/ul>\n\n\n\n<h2 class=\"wp-block-heading\">Comment le conseil de SIS International aide les entreprises<\/h2>\n\n\n\n<p>SIS International propose des services de conseil Alteryx complets adapt\u00e9s pour r\u00e9pondre aux besoins et objectifs uniques des entreprises dans divers secteurs. Voici comment les services de conseil Alteryx de SIS International peuvent aider les entreprises :<\/p>\n\n\n\n<ul class=\"wp-block-list\">\n<li><strong>Expertise et exp\u00e9rience\u00a0:<\/strong> SIS International&#8217;s team of experienced <a href=\"https:\/\/www.sisinternational.com\/fr\/competence\/les-industries\/conseil-en-analyse-de-science-des-donnees\/\" title=\"Conseil en science des donn\u00e9es et analytique\"  data-wpil-monitor-id=\"8971\">consultants brings deep expertise in data analytics<\/a>, business intelligence, and Alteryx platform to help businesses leverage advanced analytics capabilities effectively. With extensive experience across industries and business functions, SIS International consultants provide valuable insights and best practices to guide businesses through the analytics lifecycle.<\/li>\n\n\n\n<li><strong>Solutions personnalis\u00e9es\u00a0:<\/strong> SIS travaille en \u00e9troite collaboration avec les entreprises pour comprendre leurs objectifs, d\u00e9fis et exigences sp\u00e9cifiques, en d\u00e9veloppant des solutions personnalis\u00e9es adapt\u00e9es \u00e0 leurs besoins uniques. Que les entreprises cherchent \u00e0 optimiser leurs processus de donn\u00e9es, \u00e0 effectuer des analyses avanc\u00e9es ou \u00e0 automatiser les flux de travail, nos consultants con\u00e7oivent des solutions qui r\u00e9pondent \u00e0 leurs cas d&#039;utilisation sp\u00e9cifiques et fournissent des r\u00e9sultats mesurables.<\/li>\n\n\n\n<li><strong>Prise en charge de bout en bout\u00a0:<\/strong> Nous offrons un support de bout en bout tout au long de la mission de conseil Alteryx, depuis l&#039;\u00e9valuation et la planification initiales jusqu&#039;\u00e0 la mise en \u0153uvre, la formation et le support continu. Les consultants travaillent en \u00e9troite collaboration avec les entreprises pour assurer une transition transparente vers l&#039;utilisation d&#039;Alteryx pour l&#039;analyse des donn\u00e9es, en fournissant une formation, des conseils et une assistance au d\u00e9pannage si n\u00e9cessaire.<\/li>\n\n\n\n<li><strong>Partenariat strat\u00e9gique:<\/strong> SIS International est un partenaire strat\u00e9gique des entreprises, leur fournissant un soutien et des conseils continus pour les aider \u00e0 atteindre leurs objectifs en mati\u00e8re d&#039;analyse de donn\u00e9es. Les consultants collaborent \u00e9troitement avec les parties prenantes de l&#039;entreprise pour aligner les initiatives d&#039;analyse sur les objectifs strat\u00e9giques, identifier les opportunit\u00e9s d&#039;am\u00e9lioration et stimuler l&#039;innovation et l&#039;optimisation continues.<\/li>\n\n\n\n<li><strong>Approche ax\u00e9e sur les r\u00e9sultats\u00a0:<\/strong> SIS adopte une approche de conseil ax\u00e9e sur les r\u00e9sultats, en se concentrant sur l&#039;obtention de r\u00e9sultats tangibles et d&#039;un retour sur investissement mesurable pour les entreprises. Les consultants d\u00e9finissent des objectifs clairs, \u00e9tablissent des KPI et suivent les progr\u00e8s tout au long de l&#039;engagement, garantissant ainsi que les entreprises tirent une valeur maximale de leur investissement dans l&#039;analyse des donn\u00e9es.<\/li>\n<\/ul>\n\n\n\n<p><\/p>","protected":false},"excerpt":{"rendered":"<p>Alteryx Consulting utilise la plateforme Alteryx pour offrir aux entreprises des capacit\u00e9s avanc\u00e9es d&#039;analyse, de pr\u00e9paration des donn\u00e9es et d&#039;automatisation.<\/p>","protected":false},"author":1,"featured_media":62549,"parent":14514,"menu_order":432,"comment_status":"closed","ping_status":"closed","template":"","meta":{"footnotes":""},"class_list":["post-47074","page","type-page","status-publish","has-post-thumbnail"],"_links":{"self":[{"href":"https:\/\/www.sisinternational.com\/fr\/wp-json\/wp\/v2\/pages\/47074","targetHints":{"allow":["GET"]}}],"collection":[{"href":"https:\/\/www.sisinternational.com\/fr\/wp-json\/wp\/v2\/pages"}],"about":[{"href":"https:\/\/www.sisinternational.com\/fr\/wp-json\/wp\/v2\/types\/page"}],"author":[{"embeddable":true,"href":"https:\/\/www.sisinternational.com\/fr\/wp-json\/wp\/v2\/users\/1"}],"replies":[{"embeddable":true,"href":"https:\/\/www.sisinternational.com\/fr\/wp-json\/wp\/v2\/comments?post=47074"}],"version-history":[{"count":6,"href":"https:\/\/www.sisinternational.com\/fr\/wp-json\/wp\/v2\/pages\/47074\/revisions"}],"predecessor-version":[{"id":81503,"href":"https:\/\/www.sisinternational.com\/fr\/wp-json\/wp\/v2\/pages\/47074\/revisions\/81503"}],"up":[{"embeddable":true,"href":"https:\/\/www.sisinternational.com\/fr\/wp-json\/wp\/v2\/pages\/14514"}],"wp:featuredmedia":[{"embeddable":true,"href":"https:\/\/www.sisinternational.com\/fr\/wp-json\/wp\/v2\/media\/62549"}],"wp:attachment":[{"href":"https:\/\/www.sisinternational.com\/fr\/wp-json\/wp\/v2\/media?parent=47074"}],"curies":[{"name":"wp","href":"https:\/\/api.w.org\/{rel}","templated":true}]}}