{"id":47072,"date":"2024-03-21T11:56:26","date_gmt":"2024-03-21T15:56:26","guid":{"rendered":"https:\/\/www.sisinternational.com\/?page_id=47072"},"modified":"2026-01-26T19:01:44","modified_gmt":"2026-01-27T00:01:44","slug":"conseil-en-strategie-detude-de-marche-sur-les-paiements-transfrontaliers","status":"publish","type":"page","link":"https:\/\/www.sisinternational.com\/fr\/solutions\/recherche-de-conseil-en-strategie-fintech\/conseil-en-strategie-detude-de-marche-sur-les-paiements-transfrontaliers\/","title":{"rendered":"\u00c9tudes de march\u00e9 et conseil en strat\u00e9gie sur les paiements transfrontaliers"},"content":{"rendered":"<h1 class=\"wp-block-heading\">\u00c9tudes de march\u00e9 et conseil en strat\u00e9gie sur les paiements transfrontaliers<\/h1>\n\n\n\n<figure class=\"gb-block-image gb-block-image-35528a94\"><img loading=\"lazy\" decoding=\"async\" width=\"1456\" height=\"816\" class=\"gb-image gb-image-35528a94\" src=\"https:\/\/www.sisinternational.com\/wp-content\/uploads\/2025\/08\/Multicultural-Advertising-Services-for-a-Famous-Peer-to-Peer-Payments-Technology-Company.jpg\" alt=\"\u00c9tudes de march\u00e9 et strat\u00e9gie internationales SIS\" title=\"Services de publicit\u00e9 multiculturelle pour une c\u00e9l\u00e8bre entreprise de technologie de paiement peer-to-peer\" srcset=\"https:\/\/www.sisinternational.com\/wp-content\/uploads\/2025\/08\/Multicultural-Advertising-Services-for-a-Famous-Peer-to-Peer-Payments-Technology-Company.jpg 1456w, https:\/\/www.sisinternational.com\/wp-content\/uploads\/2025\/08\/Multicultural-Advertising-Services-for-a-Famous-Peer-to-Peer-Payments-Technology-Company-300x168.jpg 300w, https:\/\/www.sisinternational.com\/wp-content\/uploads\/2025\/08\/Multicultural-Advertising-Services-for-a-Famous-Peer-to-Peer-Payments-Technology-Company-1024x574.jpg 1024w, https:\/\/www.sisinternational.com\/wp-content\/uploads\/2025\/08\/Multicultural-Advertising-Services-for-a-Famous-Peer-to-Peer-Payments-Technology-Company-768x430.jpg 768w, https:\/\/www.sisinternational.com\/wp-content\/uploads\/2025\/08\/Multicultural-Advertising-Services-for-a-Famous-Peer-to-Peer-Payments-Technology-Company-18x10.jpg 18w\" sizes=\"auto, (max-width: 1456px) 100vw, 1456px\"><\/figure>\n\n\n\n<p><\/p>\n\n\n\n<hr class=\"wp-block-separator has-alpha-channel-opacity is-style-dots\"\/>\n\n\n\n<p>Dans une \u00e9conomie mondiale en \u00e9volution rapide, les paiements transfrontaliers sont devenus un \u00e9l\u00e9ment essentiel du commerce international \u2013 et avec la mont\u00e9e de la num\u00e9risation et la demande croissante de solutions de paiement transparentes, le paysage des \u00e9tudes de march\u00e9 et du conseil en strat\u00e9gie sur les paiements transfrontaliers est devenu plus crucial que jamais.<\/p>\n\n\n\n<h2 class=\"wp-block-heading\">Que sont les \u00e9tudes de march\u00e9 et le conseil en strat\u00e9gie sur les paiements transfrontaliers ?<\/h2>\n\n\n\n<p>Cross-border payments market research and strategy consulting involve analyzing and optimizing payment systems and processes across international borders.&nbsp;<\/p>\n\n\n\n<h2 class=\"wp-block-heading\">Pourquoi les entreprises ont besoin d\u2019\u00e9tudes de march\u00e9 et de conseils en strat\u00e9gie sur les paiements transfrontaliers<\/h2>\n\n\n\n<p>Cross-border <a class=\"wpil_keyword_link\" href=\"https:\/\/www.sisinternational.com\/fr\/solutions\/recherche-de-conseil-en-strategie-fintech\/etude-de-marche-sur-les-paiements\/\"   title=\"\u00c9tude de march\u00e9 sur les paiements\" data-wpil-keyword-link=\"linked\"  data-wpil-monitor-id=\"515\">\u00e9tude de march\u00e9 sur les paiements<\/a> and strategy consulting help businesses understand the regulatory environment in different regions and develop compliance strategies tailored to their needs. Likewise, businesses must optimize payment processes to minimize costs and maximize efficiency. Cross-border payments market research identifies cost-saving opportunities, such as leveraging alternative payment methods or negotiating better terms with financial institutions, to optimize cost efficiency in cross-border transactions.<\/p>\n\n\n\n<p>Furthermore, cross-border <a href=\"https:\/\/www.sisinternational.com\/fr\/solutions\/recherche-de-conseil-en-strategie-fintech\/conseil-en-sauvegarde-des-paiements\/\" title=\"Conseil en mati\u00e8re de coffre-fort de paiements\"  data-wpil-monitor-id=\"4807\">payments market research and strategy consulting<\/a> provide insights into payment preferences and behaviors in different regions, helping businesses tailor their payment offerings to local market needs and preferences, thereby facilitating global expansion.<\/p>\n\n\n\n<p>In any case, cross-border payments <a href=\"https:\/\/www.sisinternational.com\/fr\/competence\/les-industries\/etude-de-marche-et-conseil-en-strategie-sur-lassurance-bateau\/\" title=\"Etude de march\u00e9 et conseil en strat\u00e9gie sur l&#039;assurance bateau\"  data-wpil-monitor-id=\"5026\">market research and strategy consulting<\/a> offer a range of benefits to businesses seeking to optimize their cross-border payment processes, including:<\/p>\n\n\n\n<ul class=\"wp-block-list\">\n<li><strong>\u00c9conomies de co\u00fbts:<\/strong> Il aide les entreprises \u00e0 identifier les opportunit\u00e9s de r\u00e9duction des co\u00fbts, telles que l&#039;optimisation des taux de conversion des devises, la minimisation des frais de transaction et la r\u00e9duction des d\u00e9penses li\u00e9es \u00e0 la conformit\u00e9.<\/li>\n\n\n\n<li><strong>Att\u00e9nuation des risques:<\/strong> Cette \u00e9tude de march\u00e9 permet aux entreprises d&#039;identifier et d&#039;\u00e9valuer les risques tels que la volatilit\u00e9 des devises, la fraude et les probl\u00e8mes de conformit\u00e9 r\u00e9glementaire.<\/li>\n\n\n\n<li><a href=\"https:\/\/www.sisinternational.com\/fr\/competence\/les-industries\/etude-de-marche-en-quincaillerie\/\" title=\"\u00c9tude de march\u00e9 sur les quincailleries et la r\u00e9novation domiciliaire\"  data-wpil-monitor-id=\"7069\">Improved Compliance: Market research<\/a> gives businesses insights into regulatory frameworks and compliance best practices in different jurisdictions.&nbsp;<\/li>\n\n\n\n<li><strong>Satisfaction du client:<\/strong> Cross-border payments market <a href=\"https:\/\/www.sisinternational.com\/fr\/what-to-expect-in-your-first-year-entering-a-new-market-5-essential-strategies\/\" title=\"What to Expect in Your First Year Entering a New Market: 5 Essential Strategies\"  data-wpil-monitor-id=\"1087\">research and strategy consulting<\/a> helps businesses understand customer preferences and expectations regarding cross-border payments.<\/li>\n\n\n\n<li><strong>Avantage comp\u00e9titif:<\/strong> Cross-border payments market <a href=\"https:\/\/www.sisinternational.com\/fr\/comment-poursuivre-votre-expansion-sur-les-marches-emergents-dans-cette-recession\/\" title=\"Comment poursuivre votre expansion sur les march\u00e9s \u00e9mergents pendant cette r\u00e9cession\"  data-wpil-monitor-id=\"2158\">research and strategy consulting<\/a> enables businesses to identify emerging trends, customer preferences, and technological advancements in cross-border payments.<\/li>\n<\/ul>\n\n\n\n<h2 class=\"wp-block-heading\">Qui utilise les paiements transfrontaliers \u00c9tudes de march\u00e9 et conseils en strat\u00e9gie<\/h2>\n\n\n\n<figure class=\"gb-block-image gb-block-image-a45c1f08\"><img loading=\"lazy\" decoding=\"async\" width=\"1456\" height=\"816\" class=\"gb-image gb-image-a45c1f08\" src=\"https:\/\/www.sisinternational.com\/wp-content\/uploads\/2025\/08\/Strategy-consulting-3.jpg\" alt=\"\u00c9tudes de march\u00e9 et strat\u00e9gie internationales SIS\" title=\"Strategy consulting (3)\" srcset=\"https:\/\/www.sisinternational.com\/wp-content\/uploads\/2025\/08\/Strategy-consulting-3.jpg 1456w, https:\/\/www.sisinternational.com\/wp-content\/uploads\/2025\/08\/Strategy-consulting-3-300x168.jpg 300w, https:\/\/www.sisinternational.com\/wp-content\/uploads\/2025\/08\/Strategy-consulting-3-1024x574.jpg 1024w, https:\/\/www.sisinternational.com\/wp-content\/uploads\/2025\/08\/Strategy-consulting-3-768x430.jpg 768w, https:\/\/www.sisinternational.com\/wp-content\/uploads\/2025\/08\/Strategy-consulting-3-18x10.jpg 18w\" sizes=\"auto, (max-width: 1456px) 100vw, 1456px\"><\/figure>\n\n\n\n<p><\/p>\n\n\n\n<p>Financial Institutions leverage cross-border payments market research and <a href=\"https:\/\/www.sisinternational.com\/fr\/telephone-intelligent\/\" title=\"\u00c9tude de march\u00e9 sur les smartphones\"  data-wpil-monitor-id=\"2893\">strategy consulting to develop innovative payment solutions<\/a>, improve operational efficiency, and comply with regulatory requirements.&nbsp;<\/p>\n\n\n\n<p>E-commerce Platforms rely on efficient cross-border payment systems to facilitate transactions with customers worldwide. Cross-border payments <a href=\"https:\/\/www.sisinternational.com\/fr\/competence\/les-industries\/etude-de-marche-du-commerce-electronique\/\" title=\"\u00c9tude de march\u00e9 du commerce \u00e9lectronique\"  data-wpil-monitor-id=\"6785\">market research helps e-commerce<\/a> platforms understand payment preferences, consumer behavior, and regulatory nuances in different regions.<\/p>\n\n\n\n<p>Moreover, Global Enterprises require sophisticated cross-border payment solutions to manage international transactions efficiently. These solutions enable global enterprises to identify cost-effective payment methods, minimize currency exchange risks, and streamline treasury management processes.<\/p>\n\n\n\n<p>Cross-border payments <a href=\"https:\/\/www.sisinternational.com\/fr\/competence\/les-industries\/etude-de-marche-du-gouvernement-federal\/\" title=\"\u00c9tude de march\u00e9 du gouvernement f\u00e9d\u00e9ral\"  data-wpil-monitor-id=\"7201\">market research government<\/a> agencies also monitor market trends, assess regulatory compliance, and identify potential risks in the cross-border payment ecosystem. Government agencies can develop effective regulatory frameworks and promote a secure and efficient <a href=\"https:\/\/www.sisinternational.com\/fr\/competence\/les-industries\/etude-de-marche-sur-la-securite\/\" title=\"\u00c9tude de march\u00e9 sur la s\u00e9curit\u00e9\"  data-wpil-monitor-id=\"6996\">cross-border payment<\/a> environment by collaborating with industry stakeholders and leveraging research insights.<\/p>\n\n\n\n<h2 class=\"wp-block-heading\">R\u00e9sultats attendus de l&#039;\u00e9tude de march\u00e9 et du conseil en strat\u00e9gie sur les paiements transfrontaliers de SIS<\/h2>\n\n\n\n<p>SIS International <a href=\"https:\/\/www.sisinternational.com\/fr\/sis-strategy-consulting-2\/\" title=\"SIS Strategy Consulting\u00a0\"  data-wpil-monitor-id=\"2774\">cross-border payments market research and strategy<\/a> consulting services are designed to deliver tangible results and drive business success. Here are the expected outcomes businesses can anticipate from partnering with SIS International:<\/p>\n\n\n\n<ul class=\"wp-block-list\">\n<li><strong>Compr\u00e9hension am\u00e9lior\u00e9e du march\u00e9\u00a0:<\/strong> Through comprehensive cross-border payments market <a href=\"https:\/\/www.sisinternational.com\/fr\/solutions\/conseil-en-strategie\/entrepreneurs-en-recherche-strategique\/\" title=\"Recherche strat\u00e9gique pour les entrepreneurs\"  data-wpil-monitor-id=\"6955\">research and strategy<\/a> consulting, businesses gain a deeper understanding of cross-border payment trends, regulatory requirements, and customer preferences. SIS provides actionable insights that enable businesses to make informed decisions and develop strategies that resonate with target markets.<\/li>\n\n\n\n<li><strong>Solutions de paiement optimis\u00e9es\u00a0:<\/strong> SIS helps businesses identify opportunities to optimize cross-border payment processes, reduce costs, and improve efficiency.&nbsp;<\/li>\n\n\n\n<li><strong>Risques att\u00e9nu\u00e9s\u00a0:<\/strong> SIS International assists businesses in identifying and mitigating risks associated with cross-border payments, including currency fluctuations, fraud, and regulatory compliance issues.&nbsp;<\/li>\n\n\n\n<li><strong>Conformit\u00e9 am\u00e9lior\u00e9e\u00a0:<\/strong> Compliance is paramount in the ever-changing regulatory landscape governing cross-border payments. SIS helps businesses stay informed about regulatory requirements and develop robust compliance frameworks.&nbsp;<\/li>\n\n\n\n<li><strong>Avantage concurrentiel am\u00e9lior\u00e9\u00a0:<\/strong> Businesses can gain a competitive edge in the global marketplace by leveraging SIS International\u2019s <a href=\"https:\/\/www.sisinternational.com\/fr\/les-medias-sociaux-dans-les-petites-entreprises\/\" title=\"Strat\u00e9gies de m\u00e9dias sociaux pour les petites entreprises\"  data-wpil-monitor-id=\"2214\">cross-border payments market research and strategy<\/a> consulting services. Our experts provide insights into emerging trends, customer preferences, and technological advancements, enabling businesses to differentiate themselves from competitors and capitalize on new opportunities.<\/li>\n<\/ul>\n\n\n\n<h2 class=\"wp-block-heading\">Leading Players in the Cross-Border Payments Market<\/h2>\n\n\n\n<p>In the dynamic landscape of cross-border payments, several key players drive innovation, shape industry trends, and provide essential services to businesses and consumers worldwide. Here are some leading players in the x-border payments market:<\/p>\n\n\n\n<ul class=\"wp-block-list\">\n<li><strong>Pay Pal:<\/strong> En tant que l&#039;une des plus grandes plateformes de paiement en ligne au monde, PayPal facilite les transactions transfrontali\u00e8res pour des millions d&#039;utilisateurs et d&#039;entreprises dans le monde. Avec son interface conviviale, son traitement s\u00e9curis\u00e9 des paiements et son vaste r\u00e9seau de commer\u00e7ants et de clients, PayPal est un acteur dominant sur le march\u00e9 des paiements transfrontaliers.<\/li>\n\n\n\n<li><strong>Visa:<\/strong> En tant que leader mondial des technologies de paiement, Visa propose des solutions de paiement s\u00e9curis\u00e9es, fiables et pratiques aux entreprises et aux consommateurs du monde entier. Gr\u00e2ce \u00e0 son r\u00e9seau d&#039;institutions financi\u00e8res et de commer\u00e7ants, Visa permet des transactions transfrontali\u00e8res sur divers canaux, notamment les cartes de cr\u00e9dit, les cartes de d\u00e9bit et les portefeuilles num\u00e9riques.<\/li>\n\n\n\n<li><strong>MasterCard:<\/strong> Mastercard is another major player in the x-border payments market, offering various payment solutions for businesses, consumers, and financial institutions. Mastercard&#8217;s extensive global network and innovative payment technologies facilitate seamless cross-border transactions and help enterprises to expand their international reach.<\/li>\n\n\n\n<li><strong>Western union:<\/strong> Western Union est un fournisseur de confiance de services de transfert d&#039;argent transfrontalier, permettant aux particuliers et aux entreprises d&#039;envoyer et de recevoir des fonds dans le monde entier. Gr\u00e2ce \u00e0 ses nombreux agents et \u00e0 son r\u00e9seau de plateformes num\u00e9riques, Western Union propose des services de transfert de fonds pratiques et accessibles aux clients du monde entier.<\/li>\n\n\n\n<li><strong>RAPIDE:<\/strong> La Society for Worldwide Interbank Financial Telecommunication (SWIFT) est un r\u00e9seau de messagerie mondial facilitant les paiements transfrontaliers entre institutions financi\u00e8res. SWIFT fournit des protocoles de communication s\u00e9curis\u00e9s et standardis\u00e9s permettant aux banques et autres entit\u00e9s financi\u00e8res d&#039;\u00e9changer des instructions de paiement et de r\u00e9gler efficacement les transactions.<\/li>\n<\/ul>\n\n\n\n<h2 class=\"wp-block-heading\">Opportunit\u00e9s<\/h2>\n\n\n\n<p>The cross-border payments market presents numerous opportunities for businesses to leverage market research and <a href=\"https:\/\/www.sisinternational.com\/fr\/solutions\/ai-etudes-de-marche-et-conseil-en-strategie\/cabinet-de-conseil-en-strategie-de-croissance\/\" title=\"Cabinet de Conseil en Strat\u00e9gie de Croissance\"  data-wpil-monitor-id=\"1718\">strategy consulting to drive growth<\/a> and innovation. Here are some key opportunities:<\/p>\n\n\n\n<ul class=\"wp-block-list\">\n<li><strong>L&#039;expansion du march\u00e9:<\/strong> Businesses can use cross-border payments market research to identify new markets and opportunities for expansion.&nbsp;<\/li>\n\n\n\n<li><strong>Innovation du produit:<\/strong> Les \u00e9tudes de march\u00e9 sur les paiements transfrontaliers fournissent des informations pr\u00e9cieuses sur les tendances \u00e9mergentes, les technologies et les pr\u00e9f\u00e9rences des clients dans le paysage mondial des paiements. Les entreprises peuvent utiliser ces informations pour innover et d\u00e9velopper de nouveaux produits et services de paiement qui r\u00e9pondent aux besoins et pr\u00e9f\u00e9rences changeants des clients, favorisant ainsi la diff\u00e9renciation et l\u2019avantage concurrentiel.<\/li>\n\n\n\n<li><strong>Opportunit\u00e9s de partenariat\u00a0:<\/strong> Collaborer avec d&#039;autres acteurs de l&#039;\u00e9cosyst\u00e8me des paiements transfrontaliers peut am\u00e9liorer les capacit\u00e9s et la port\u00e9e des entreprises. Les \u00e9tudes de march\u00e9 sur les paiements transfrontaliers aident les entreprises \u00e0 identifier des partenaires potentiels, \u00e0 \u00e9valuer leurs forces et leurs faiblesses et \u00e0 n\u00e9gocier des partenariats mutuellement b\u00e9n\u00e9fiques pour \u00e9largir leur pr\u00e9sence et leurs offres sur le march\u00e9.<\/li>\n\n\n\n<li><strong>Optimisation des co\u00fbts\u00a0:<\/strong> Les \u00e9tudes de march\u00e9 sur les paiements transfrontaliers peuvent r\u00e9v\u00e9ler des opportunit\u00e9s permettant aux entreprises d\u2019optimiser les processus de paiement et de r\u00e9duire les co\u00fbts de transaction. Les entreprises peuvent am\u00e9liorer leurs r\u00e9sultats financiers et accro\u00eetre leur rentabilit\u00e9 en identifiant les inefficacit\u00e9s, en rationalisant les flux de travail et en tirant parti de solutions de paiement rentables.<\/li>\n<\/ul>\n\n\n\n<h2 class=\"wp-block-heading\">Comment les services de SIS International aident les entreprises dans les paiements transfrontaliers<\/h2>\n\n\n\n<p><a href=\"https:\/\/www.linkedin.com\/company\/sisinternationalresearch\/posts\/?feedView=all\" target=\"_blank\" rel=\"noopener\">SIS International<\/a> offers cross-border payments market research and strategy consulting services tailored to address the unique needs and challenges businesses face in the cross-border payments market. Here&#8217;s how SIS International can help businesses navigate the complexities of cross-border payments:<\/p>\n\n\n\n<ul class=\"wp-block-list\">\n<li><strong>\u00c9tude de march\u00e9 compl\u00e8te\u00a0:<\/strong> SIS International conducts in-depth market research to provide businesses with valuable insights into cross-border payment trends, regulatory developments, and customer preferences.&nbsp;<\/li>\n\n\n\n<li><strong>Assistance \u00e0 la conformit\u00e9 r\u00e9glementaire\u00a0:<\/strong> With its expertise in global regulatory environments, SIS International assists businesses in navigating complex regulatory requirements in cross-border payments.&nbsp;<\/li>\n\n\n\n<li><strong>Solutions de gestion des risques\u00a0:<\/strong> Les consultants de SIS aident les entreprises \u00e0 identifier et \u00e0 att\u00e9nuer les risques associ\u00e9s aux paiements transfrontaliers, notamment les fluctuations mon\u00e9taires, la fraude et les menaces de s\u00e9curit\u00e9. Gr\u00e2ce \u00e0 des strat\u00e9gies d&#039;\u00e9valuation et d&#039;att\u00e9nuation des risques, SIS International aide les entreprises \u00e0 prot\u00e9ger leurs actifs et \u00e0 se prot\u00e9ger contre les pertes potentielles.<\/li>\n\n\n\n<li><strong>Services de conseil strat\u00e9gique\u00a0:<\/strong> SIS International provides strategic consulting services to help companies optimize their cross-border payment processes, reduce costs, and enhance operational efficiency.&nbsp;<\/li>\n\n\n\n<li><strong>Am\u00e9lioration de l&#039;exp\u00e9rience client\u00a0:<\/strong> SIS International helps businesses improve their customers&#8217; cross-border payment experience by identifying pain points and areas for improvement. Through customer research and feedback analysis, SIS International assists businesses in designing personalized and user-friendly payment solutions that enhance customer satisfaction and loyalty.<\/li>\n<\/ul>\n\n\n\n<h2 class=\"wp-block-heading\">Notre emplacement \u00e0 New York<\/h2>\n\n\n\n<p>\n\n\n\n<iframe loading=\"lazy\" src=\"https:\/\/www.google.com\/maps\/embed?pb=!1m18!1m12!1m3!1d3022.976188376966!2d-73.99130312499956!3d40.740549471389315!2m3!1f0!2f0!3f0!3m2!1i1024!2i768!4f13.1!3m3!1m2!1s0x89c259a15798c731%3A0xd695d09bdd495f25!2s11%20E%2022nd%20St%20FL%202%2C%20New%20York%2C%20NY%2010010%2C%20USA!5e0!3m2!1sen!2spe!4v1726171763526!5m2!1sen!2spe\" width=\"600\" height=\"450\" allowfullscreen=\"allowfullscreen\" data-mce-fragment=\"1\"><\/iframe>\n\n\n\n<\/p>\n\n\n\n<h3 class=\"wp-block-heading\">11 E 22nd Street, \u00e9tage 2, New York, NY 10010 T\u00e9l. : +1(212) 505-6805<\/h3>\n\n\n\n<hr class=\"wp-block-separator has-alpha-channel-opacity\"\/>\n\n\n\n<h2 class=\"wp-block-heading\"><span style=\"font-weight: 400;\">\u00c0 propos de SIS International<\/span><\/h2>\n\n\n\n<p><a href=\"https:\/\/www.sisinternational.com\/fr\/\"><span style=\"font-weight: 400;\">SIS International<\/span><\/a><span style=\"font-weight: 400;\"> propose des recherches quantitatives, qualitatives et strat\u00e9giques. Nous fournissons des donn\u00e9es, des outils, des strat\u00e9gies, des rapports et des informations pour la prise de d\u00e9cision. Nous menons \u00e9galement des entretiens, des enqu\u00eates, des groupes de discussion et d\u2019autres m\u00e9thodes et approches d\u2019\u00e9tudes de march\u00e9.<\/span><a href=\"https:\/\/www.sisinternational.com\/fr\/a-propos-de-la-recherche-internationale-sis\/contact-sis-international-market-research\/\"><span style=\"font-weight: 400;\"> Contactez nous<\/span><\/a><span style=\"font-weight: 400;\"> pour votre prochain projet d&#039;\u00e9tude de march\u00e9.<\/span><\/p>\n\n\n\n<p><\/p>","protected":false},"excerpt":{"rendered":"<p>Les \u00e9tudes de march\u00e9 et le conseil en strat\u00e9gie sur les paiements transfrontaliers impliquent l\u2019optimisation des syst\u00e8mes et processus de paiement transfrontaliers.<\/p>","protected":false},"author":1,"featured_media":64890,"parent":27462,"menu_order":87,"comment_status":"closed","ping_status":"closed","template":"","meta":{"footnotes":""},"class_list":["post-47072","page","type-page","status-publish","has-post-thumbnail"],"_links":{"self":[{"href":"https:\/\/www.sisinternational.com\/fr\/wp-json\/wp\/v2\/pages\/47072","targetHints":{"allow":["GET"]}}],"collection":[{"href":"https:\/\/www.sisinternational.com\/fr\/wp-json\/wp\/v2\/pages"}],"about":[{"href":"https:\/\/www.sisinternational.com\/fr\/wp-json\/wp\/v2\/types\/page"}],"author":[{"embeddable":true,"href":"https:\/\/www.sisinternational.com\/fr\/wp-json\/wp\/v2\/users\/1"}],"replies":[{"embeddable":true,"href":"https:\/\/www.sisinternational.com\/fr\/wp-json\/wp\/v2\/comments?post=47072"}],"version-history":[{"count":21,"href":"https:\/\/www.sisinternational.com\/fr\/wp-json\/wp\/v2\/pages\/47072\/revisions"}],"predecessor-version":[{"id":80764,"href":"https:\/\/www.sisinternational.com\/fr\/wp-json\/wp\/v2\/pages\/47072\/revisions\/80764"}],"up":[{"embeddable":true,"href":"https:\/\/www.sisinternational.com\/fr\/wp-json\/wp\/v2\/pages\/27462"}],"wp:featuredmedia":[{"embeddable":true,"href":"https:\/\/www.sisinternational.com\/fr\/wp-json\/wp\/v2\/media\/64890"}],"wp:attachment":[{"href":"https:\/\/www.sisinternational.com\/fr\/wp-json\/wp\/v2\/media?parent=47072"}],"curies":[{"name":"wp","href":"https:\/\/api.w.org\/{rel}","templated":true}]}}