{"id":47069,"date":"2024-03-21T11:55:58","date_gmt":"2024-03-21T15:55:58","guid":{"rendered":"https:\/\/www.sisinternational.com\/?page_id=47069"},"modified":"2026-01-27T16:44:17","modified_gmt":"2026-01-27T21:44:17","slug":"conseil-en-strategie-detudes-de-marche-pour-les-utilisateurs-finaux","status":"publish","type":"page","link":"https:\/\/www.sisinternational.com\/fr\/solutions\/conseil-en-strategie\/conseil-en-strategie-detudes-de-marche-pour-les-utilisateurs-finaux\/","title":{"rendered":"Etude de march\u00e9 et conseil en strat\u00e9gie pour les utilisateurs finaux"},"content":{"rendered":"<h1 class=\"wp-block-heading\">Etude de march\u00e9 et conseil en strat\u00e9gie pour les utilisateurs finaux<\/h1>\n\n\n\n<figure class=\"gb-block-image gb-block-image-e3d9711c\"><img loading=\"lazy\" decoding=\"async\" width=\"1456\" height=\"816\" class=\"gb-image gb-image-e3d9711c\" src=\"https:\/\/www.sisinternational.com\/wp-content\/uploads\/2025\/08\/Strategy-consulting-4.jpg\" alt=\"\u00c9tudes de march\u00e9 et strat\u00e9gie internationales SIS\" title=\"Strategy consulting (4)\" srcset=\"https:\/\/www.sisinternational.com\/wp-content\/uploads\/2025\/08\/Strategy-consulting-4.jpg 1456w, https:\/\/www.sisinternational.com\/wp-content\/uploads\/2025\/08\/Strategy-consulting-4-300x168.jpg 300w, https:\/\/www.sisinternational.com\/wp-content\/uploads\/2025\/08\/Strategy-consulting-4-1024x574.jpg 1024w, https:\/\/www.sisinternational.com\/wp-content\/uploads\/2025\/08\/Strategy-consulting-4-768x430.jpg 768w, https:\/\/www.sisinternational.com\/wp-content\/uploads\/2025\/08\/Strategy-consulting-4-18x10.jpg 18w\" sizes=\"auto, (max-width: 1456px) 100vw, 1456px\"><\/figure>\n\n\n\n<hr class=\"wp-block-separator has-alpha-channel-opacity is-style-dots\"\/>\n\n\n\n<p>Les entreprises alignent-elles r\u00e9ellement leurs strat\u00e9gies sur le pouls de leurs utilisateurs finaux\u00a0? Comprendre l\u2019importance d\u2019une \u00e9tude de march\u00e9 compl\u00e8te sur les utilisateurs finaux et d\u2019un conseil strat\u00e9gique est devenu avantageux et essentiel pour un succ\u00e8s durable. Cela peut faire la diff\u00e9rence entre une initiative commerciale r\u00e9ussie qui trouve un \u00e9cho aupr\u00e8s du march\u00e9 et un plan d\u2019affaires qui \u00e9choue sans public cible clair.<\/p>\n\n\n\n<h2 class=\"wp-block-heading\">Qu\u2019est-ce que l\u2019\u00e9tude de march\u00e9 et le conseil en strat\u00e9gie pour les utilisateurs finaux ?<\/h2>\n\n\n\n<p>End <a class=\"wpil_keyword_link\" href=\"https:\/\/www.sisinternational.com\/fr\/solutions\/solutions-de-branding-et-de-recherche-client\/tests-dutilisabilite-recherche-ux-utilisateur\/\"   title=\"\u00c9tudes de march\u00e9 des utilisateurs et tests d&#039;utilisabilit\u00e9\" data-wpil-keyword-link=\"linked\"  data-wpil-monitor-id=\"516\">user market research<\/a> and strategy consulting is a multidimensional approach to gain deep insights into consumers&#8217; or end users&#8217; behavior, preferences, and needs. It involves meticulous data collection, analysis, and interpretation to unveil market trends, consumer sentiment, and competitive landscapes. This process is about gathering statistics and understanding the underlying motivations and psychological triggers that drive consumer decision-making.<\/p>\n\n\n\n<h2 class=\"wp-block-heading\">Pourquoi les entreprises ont-elles besoin d\u2019\u00e9tudes de march\u00e9 et de conseils en strat\u00e9gie pour les utilisateurs finaux\u00a0?<\/h2>\n\n\n\n<p>Comprendre le march\u00e9 des utilisateurs finaux permet aux entreprises d&#039;anticiper les changements dans les pr\u00e9f\u00e9rences des consommateurs et d&#039;adapter leurs strat\u00e9gies en cons\u00e9quence. En gardant une longueur d\u2019avance sur les tendances et les demandes des consommateurs, les entreprises peuvent se positionner en tant que leaders du secteur et acqu\u00e9rir un avantage concurrentiel. De plus, les \u00e9tudes de march\u00e9 sur les utilisateurs finaux permettent aux entreprises d&#039;affiner leurs efforts de marketing, d&#039;optimiser le d\u00e9veloppement de produits et d&#039;am\u00e9liorer la satisfaction globale des clients, ce qui entra\u00eene une fid\u00e9lit\u00e9 accrue et une fid\u00e9lisation des clients.<\/p>\n\n\n\n<p>However, end user market research and <a href=\"https:\/\/www.sisinternational.com\/fr\/strategies-de-developpement-durable-dentreprise-une-etude-de-cas-siemens\/\" title=\"Strat\u00e9gies de d\u00e9veloppement durable des entreprises\u00a0: une \u00e9tude de cas Siemens\"  data-wpil-monitor-id=\"1741\">conseil en strat\u00e9gie<\/a> offer a multitude of benefits to businesses striving for sustainable growth and market dominance, including:<\/p>\n\n\n\n<ul class=\"wp-block-list\">\n<li><strong>Prise de d\u00e9cision \u00e9clair\u00e9e\u00a0:<\/strong> En acqu\u00e9rant une compr\u00e9hension approfondie du comportement des consommateurs et de la dynamique du march\u00e9, les entreprises peuvent prendre des d\u00e9cisions \u00e9clair\u00e9es concernant le d\u00e9veloppement de produits, les strat\u00e9gies marketing et l&#039;allocation des ressources.<\/li>\n\n\n\n<li><strong>Avantage comp\u00e9titif:<\/strong> Gr\u00e2ce \u00e0 des informations sur les pr\u00e9f\u00e9rences des consommateurs et les tendances du march\u00e9, les entreprises peuvent garder une longueur d&#039;avance en innovant et en proposant des propositions de valeur uniques qui trouvent un \u00e9cho aupr\u00e8s de leur public cible.<\/li>\n\n\n\n<li><strong>Att\u00e9nuation des risques:<\/strong> End user market <a href=\"https:\/\/www.sisinternational.com\/fr\/what-to-expect-in-your-first-year-entering-a-new-market-5-essential-strategies\/\" title=\"What to Expect in Your First Year Entering a New Market: 5 Essential Strategies\"  data-wpil-monitor-id=\"1092\">research and strategy consulting<\/a> allows businesses to mitigate risks associated with launching new products or entering new markets. Companies can minimize the likelihood of costly failures by understanding consumer preferences and potential market barriers.<\/li>\n\n\n\n<li><strong>Satisfaction client am\u00e9lior\u00e9e\u00a0:<\/strong> En alignant les produits et services sur les besoins et les pr\u00e9f\u00e9rences des utilisateurs finaux, les entreprises peuvent offrir des exp\u00e9riences client de qualit\u00e9 sup\u00e9rieure, favorisant ainsi la fid\u00e9lit\u00e9 et les associations positives avec la marque.<\/li>\n\n\n\n<li><strong>Efforts de marketing optimis\u00e9s\u00a0:<\/strong> Des campagnes marketing cibl\u00e9es bas\u00e9es sur des \u00e9tudes de march\u00e9 compl\u00e8tes peuvent g\u00e9n\u00e9rer des taux de conversion plus \u00e9lev\u00e9s et un meilleur retour sur investissement (ROI).<\/li>\n\n\n\n<li><strong>Adaptabilit\u00e9 et Agilit\u00e9\u00a0:<\/strong> En prenant le pouls de l&#039;opinion des consommateurs et des tendances du march\u00e9, les entreprises peuvent s&#039;adapter rapidement aux changements du paysage concurrentiel, de l&#039;environnement r\u00e9glementaire ou du comportement des consommateurs.<\/li>\n<\/ul>\n\n\n\n<h2 class=\"wp-block-heading\">Facteurs de r\u00e9ussite critiques pour un utilisateur final r\u00e9ussi \u00c9tude de march\u00e9 et conseil en strat\u00e9gie<\/h2>\n\n\n\n<figure class=\"gb-block-image gb-block-image-74c6907b\"><img loading=\"lazy\" decoding=\"async\" width=\"1456\" height=\"816\" class=\"gb-image gb-image-74c6907b\" src=\"https:\/\/www.sisinternational.com\/wp-content\/uploads\/2025\/08\/Strategy-consulting-2.jpg\" alt=\"\u00c9tudes de march\u00e9 et strat\u00e9gie internationales SIS\" title=\"Strategy consulting (2)\" srcset=\"https:\/\/www.sisinternational.com\/wp-content\/uploads\/2025\/08\/Strategy-consulting-2.jpg 1456w, https:\/\/www.sisinternational.com\/wp-content\/uploads\/2025\/08\/Strategy-consulting-2-300x168.jpg 300w, https:\/\/www.sisinternational.com\/wp-content\/uploads\/2025\/08\/Strategy-consulting-2-1024x574.jpg 1024w, https:\/\/www.sisinternational.com\/wp-content\/uploads\/2025\/08\/Strategy-consulting-2-768x430.jpg 768w, https:\/\/www.sisinternational.com\/wp-content\/uploads\/2025\/08\/Strategy-consulting-2-18x10.jpg 18w\" sizes=\"auto, (max-width: 1456px) 100vw, 1456px\"><\/figure>\n\n\n\n<p><\/p>\n\n\n\n<p>Successfully executing end user market <a href=\"https:\/\/www.sisinternational.com\/fr\/solutions\/conseil-en-strategie\/entrepreneurs-en-recherche-strategique\/\" title=\"Recherche strat\u00e9gique pour les entrepreneurs\"  data-wpil-monitor-id=\"6956\">research and strategy<\/a> consulting requires attention to several essential factors that can significantly impact the outcomes. Here are some key elements to consider:<\/p>\n\n\n\n<ul class=\"wp-block-list\">\n<li><strong>Collecte de donn\u00e9es de qualit\u00e9\u00a0:<\/strong> Assurer la qualit\u00e9 et la fiabilit\u00e9 des donn\u00e9es collect\u00e9es est primordial pour le succ\u00e8s de l\u2019initiative de recherche. Cela implique une planification m\u00e9ticuleuse, des proc\u00e9dures rigoureuses de collecte de donn\u00e9es et des mesures d&#039;assurance qualit\u00e9 pour minimiser les erreurs et les biais qui pourraient compromettre l&#039;int\u00e9grit\u00e9 des r\u00e9sultats.<\/li>\n\n\n\n<li><strong>Analyse et interpr\u00e9tation d&#039;experts\u00a0:<\/strong> Une analyse et une interpr\u00e9tation approfondies des r\u00e9sultats de la recherche par des professionnels exp\u00e9riment\u00e9s sont essentielles pour extraire des informations significatives et des recommandations exploitables. L&#039;expertise en analyse de donn\u00e9es, en dynamique du march\u00e9 et en tendances du secteur permet aux consultants de d\u00e9couvrir des mod\u00e8les cach\u00e9s, d&#039;identifier les opportunit\u00e9s \u00e9mergentes et de formuler des recommandations strat\u00e9giques \u00e9clair\u00e9es.<\/li>\n\n\n\n<li><strong>Collaboration et communication\u00a0:<\/strong> Une collaboration et une communication efficaces entre toutes les parties prenantes, y compris les chefs d\u2019entreprise, les chercheurs et les consultants, sont essentielles pour garantir l\u2019alignement et l\u2019adh\u00e9sion tout au long du processus de recherche. Une communication transparente facilite l&#039;\u00e9change d&#039;id\u00e9es, favorise la cr\u00e9ativit\u00e9 et am\u00e9liore les chances de succ\u00e8s.<\/li>\n\n\n\n<li><strong>Approche it\u00e9rative\u00a0:<\/strong> Reconnaissant que la dynamique du march\u00e9 est en constante \u00e9volution, l&#039;adoption d&#039;une approche it\u00e9rative des \u00e9tudes de march\u00e9 sur les utilisateurs finaux permet aux entreprises d&#039;adapter leurs strat\u00e9gies en r\u00e9ponse \u00e0 l&#039;\u00e9volution des conditions du march\u00e9 et des pr\u00e9f\u00e9rences des consommateurs. La r\u00e9vision et la mise \u00e0 jour r\u00e9guli\u00e8res des r\u00e9sultats de la recherche garantissent que les d\u00e9cisions strat\u00e9giques restent pertinentes et efficaces.<\/li>\n<\/ul>\n\n\n\n<h2 class=\"wp-block-heading\">R\u00e9sultats attendus de l&#039;\u00e9tude de march\u00e9 et du conseil en strat\u00e9gie pour les utilisateurs finaux de SIS International<\/h2>\n\n\n\n<p>SIS offers comprehensive <a href=\"https:\/\/www.sisinternational.com\/fr\/sis-strategy-consulting-2\/\" title=\"SIS Strategy Consulting\u00a0\"  data-wpil-monitor-id=\"2777\">end user market research and strategy<\/a> consulting services designed to deliver actionable insights and drive business success. Here are some expected results businesses can anticipate from partnering with SIS International:<\/p>\n\n\n\n<ul class=\"wp-block-list\">\n<li><strong>Compr\u00e9hension approfondie du public cible\u00a0:<\/strong> SIS International&#8217;s research methodologies delve deep into consumer behavior, preferences, and motivations, providing businesses with a comprehensive understanding of their target audience. <\/li>\n\n\n\n<li><strong>Veille concurrentielle\u00a0:<\/strong> Our research capabilities extend beyond understanding the target audience to include comprehensive competitive analysis. <\/li>\n\n\n\n<li><strong>Recommandations strat\u00e9giques\u00a0:<\/strong> Tirant parti de son expertise en mati\u00e8re d&#039;\u00e9tudes de march\u00e9 et de conseil en strat\u00e9gie, SIS fournit des recommandations strat\u00e9giques adapt\u00e9es aux besoins et objectifs uniques de chaque client. Qu&#039;il s&#039;agisse d&#039;optimiser les offres de produits, d&#039;affiner les strat\u00e9gies marketing ou d&#039;explorer de nouvelles opportunit\u00e9s de march\u00e9, SIS International fournit des informations exploitables pour stimuler la croissance de l&#039;entreprise.<\/li>\n\n\n\n<li><strong>Succ\u00e8s \u00e0 long terme\u00a0:<\/strong> En s&#039;associant \u00e0 SIS, les entreprises b\u00e9n\u00e9ficient d&#039;un conseiller de confiance et d&#039;un partenaire strat\u00e9gique engag\u00e9 dans leur r\u00e9ussite \u00e0 long terme. En mettant l&#039;accent sur l&#039;\u00e9tablissement de relations durables et la cr\u00e9ation de valeur, SIS International aide les entreprises \u00e0 atteindre leurs objectifs et \u00e0 maintenir leur croissance dans un paysage de march\u00e9 en constante \u00e9volution.<\/li>\n<\/ul>\n\n\n\n<h2 class=\"wp-block-heading\">Opportunit\u00e9s d&#039;\u00e9tudes de march\u00e9 pour les utilisateurs finaux et de conseil en strat\u00e9gie pour les entreprises<\/h2>\n\n\n\n<p>Exploring the opportunities presented by end user market research and <a href=\"https:\/\/www.sisinternational.com\/fr\/les-medias-sociaux-dans-les-petites-entreprises\/\" title=\"Strat\u00e9gies de m\u00e9dias sociaux pour les petites entreprises\"  data-wpil-monitor-id=\"7534\">conseil en strat\u00e9gie<\/a> can unlock significant growth potential for businesses across various sectors. Here are some key opportunities to consider:<\/p>\n\n\n\n<ul class=\"wp-block-list\">\n<li><strong>Identifier les march\u00e9s inexploit\u00e9s\u00a0:<\/strong> Gr\u00e2ce \u00e0 des \u00e9tudes de march\u00e9 compl\u00e8tes, les entreprises peuvent identifier des segments de march\u00e9 inexploit\u00e9s ou des opportunit\u00e9s de niche qui correspondent \u00e0 leurs capacit\u00e9s et \u00e0 leurs offres.<\/li>\n\n\n\n<li><strong>Personnalisation des produits et services\u00a0:<\/strong> Les \u00e9tudes de march\u00e9 sur les utilisateurs finaux permettent aux entreprises d&#039;adapter leurs produits et services pour r\u00e9pondre aux besoins et pr\u00e9f\u00e9rences sp\u00e9cifiques de leur public cible.<\/li>\n\n\n\n<li><strong>Optimisation des strat\u00e9gies de tarification\u00a0:<\/strong> Comprendre la perception de la valeur et la volont\u00e9 de payer des consommateurs est essentiel pour optimiser les strat\u00e9gies de tarification.<\/li>\n\n\n\n<li><strong>Garder une longueur d&#039;avance sur les tendances\u00a0:<\/strong> Garder une longueur d\u2019avance est essentiel pour conserver un avantage concurrentiel sur des march\u00e9s en \u00e9volution rapide. Les \u00e9tudes de march\u00e9 sur les utilisateurs finaux aident les entreprises \u00e0 anticiper les changements de comportement des consommateurs, les tendances \u00e9mergentes des march\u00e9s et les technologies disruptives, leur permettant ainsi d&#039;adapter leurs strat\u00e9gies de mani\u00e8re proactive et de capitaliser sur de nouvelles opportunit\u00e9s.<\/li>\n<\/ul>\n\n\n\n<h2 class=\"wp-block-heading\">Comment les \u00e9tudes de march\u00e9 et les conseils en strat\u00e9gie pour les utilisateurs finaux de SIS International aident les entreprises<\/h2>\n\n\n\n<p>Les services d&#039;\u00e9tudes de march\u00e9 et de conseil en strat\u00e9gie destin\u00e9s aux utilisateurs finaux de SIS International sont adapt\u00e9s pour r\u00e9pondre aux divers besoins des entreprises de tous les secteurs. Voici comment SIS International peut aider les entreprises \u00e0 atteindre leurs objectifs :<\/p>\n\n\n\n<ul class=\"wp-block-list\">\n<li><strong>Comprehensive <a href=\"https:\/\/www.sisinternational.com\/fr\/competence\/les-industries\/etude-de-marche-sur-larnm\/\" title=\"\u00c9tude de march\u00e9 sur l\u2019ARNm\"  data-wpil-monitor-id=\"4643\">Recherche<\/a> Expertise:<\/strong> Avec des d\u00e9cennies d&#039;exp\u00e9rience dans les \u00e9tudes de march\u00e9, SIS International propose une suite compl\u00e8te de m\u00e9thodologies de recherche adapt\u00e9es aux besoins et objectifs uniques de chaque client. Des m\u00e9thodes de recherche qualitatives telles que les groupes de discussion et les entretiens approfondis aux approches quantitatives telles que les enqu\u00eates et l&#039;analyse des donn\u00e9es, SIS International fournit des informations exploitables qui favorisent une prise de d\u00e9cision \u00e9clair\u00e9e.<\/li>\n\n\n\n<li><strong>Informations sp\u00e9cifiques \u00e0 l&#039;industrie\u00a0:<\/strong> Les experts de SIS poss\u00e8dent une connaissance et une compr\u00e9hension approfondies de divers secteurs, notamment la vente au d\u00e9tail, la technologie, la sant\u00e9, la finance, l&#039;automobile, etc. Cette expertise sp\u00e9cifique \u00e0 l&#039;industrie permet \u00e0 SIS International de fournir des informations personnalis\u00e9es et des recommandations strat\u00e9giques qui r\u00e9pondent aux d\u00e9fis et opportunit\u00e9s uniques de chaque client.<\/li>\n\n\n\n<li><strong>Port\u00e9e mondiale et expertise locale\u00a0:<\/strong> <a href=\"https:\/\/www.sisinternational.com\/fr\/le-bureau-sis-de-new-york-celebre-la-millieme-location-dinstallations\/\" title=\"Le bureau de SIS NY c\u00e9l\u00e8bre la milli\u00e8me location d&#039;installations\"  data-wpil-monitor-id=\"4491\">SIS<\/a> International offers unparalleled access to diverse markets and consumer segments worldwide with a global network of offices and partners spanning six continents. Our local expertise ensures that clients receive relevant and actionable insights regardless of location.<\/li>\n\n\n\n<li><strong>Aide \u00e0 la d\u00e9cision bas\u00e9e sur les donn\u00e9es\u00a0:<\/strong> SIS combines rigorous data collection and analysis with strategic consulting expertise to provide clients with actionable recommendations that drive business success. <\/li>\n\n\n\n<li><strong>Approche collaborative:<\/strong> We take a collaborative approach to client engagement, working closely with stakeholders to understand their business objectives, challenges, and constraints. <\/li>\n<\/ul>\n\n\n\n<p><\/p>","protected":false},"excerpt":{"rendered":"<p>Les \u00e9tudes de march\u00e9 et le conseil en strat\u00e9gie aupr\u00e8s des utilisateurs finaux constituent une approche \u00e0 multiples facettes pour comprendre le comportement, les pr\u00e9f\u00e9rences et les besoins des consommateurs ou des utilisateurs.<\/p>","protected":false},"author":1,"featured_media":62547,"parent":14567,"menu_order":47,"comment_status":"closed","ping_status":"closed","template":"","meta":{"footnotes":""},"class_list":["post-47069","page","type-page","status-publish","has-post-thumbnail"],"_links":{"self":[{"href":"https:\/\/www.sisinternational.com\/fr\/wp-json\/wp\/v2\/pages\/47069","targetHints":{"allow":["GET"]}}],"collection":[{"href":"https:\/\/www.sisinternational.com\/fr\/wp-json\/wp\/v2\/pages"}],"about":[{"href":"https:\/\/www.sisinternational.com\/fr\/wp-json\/wp\/v2\/types\/page"}],"author":[{"embeddable":true,"href":"https:\/\/www.sisinternational.com\/fr\/wp-json\/wp\/v2\/users\/1"}],"replies":[{"embeddable":true,"href":"https:\/\/www.sisinternational.com\/fr\/wp-json\/wp\/v2\/comments?post=47069"}],"version-history":[{"count":17,"href":"https:\/\/www.sisinternational.com\/fr\/wp-json\/wp\/v2\/pages\/47069\/revisions"}],"predecessor-version":[{"id":81160,"href":"https:\/\/www.sisinternational.com\/fr\/wp-json\/wp\/v2\/pages\/47069\/revisions\/81160"}],"up":[{"embeddable":true,"href":"https:\/\/www.sisinternational.com\/fr\/wp-json\/wp\/v2\/pages\/14567"}],"wp:featuredmedia":[{"embeddable":true,"href":"https:\/\/www.sisinternational.com\/fr\/wp-json\/wp\/v2\/media\/62547"}],"wp:attachment":[{"href":"https:\/\/www.sisinternational.com\/fr\/wp-json\/wp\/v2\/media?parent=47069"}],"curies":[{"name":"wp","href":"https:\/\/api.w.org\/{rel}","templated":true}]}}