{"id":47039,"date":"2024-03-20T22:10:02","date_gmt":"2024-03-21T02:10:02","guid":{"rendered":"https:\/\/www.sisinternational.com\/?page_id=47039"},"modified":"2026-01-27T16:50:35","modified_gmt":"2026-01-27T21:50:35","slug":"conseil-en-automatisation","status":"publish","type":"page","link":"https:\/\/www.sisinternational.com\/fr\/solutions\/ai-etudes-de-marche-et-conseil-en-strategie\/conseil-en-automatisation\/","title":{"rendered":"Conseil en automatisation AR"},"content":{"rendered":"<h1 class=\"wp-block-heading\">Conseil en automatisation AR<\/h1>\n\n\n\n<figure class=\"gb-block-image gb-block-image-5421e5fd\"><img loading=\"lazy\" decoding=\"async\" width=\"1456\" height=\"816\" class=\"gb-image gb-image-5421e5fd\" src=\"https:\/\/www.sisinternational.com\/wp-content\/uploads\/2025\/08\/Medical-dewvice-2.jpg\" alt=\"\u00c9tudes de march\u00e9 et strat\u00e9gie internationales SIS\" title=\"Medical dewvice (2)\" srcset=\"https:\/\/www.sisinternational.com\/wp-content\/uploads\/2025\/08\/Medical-dewvice-2.jpg 1456w, https:\/\/www.sisinternational.com\/wp-content\/uploads\/2025\/08\/Medical-dewvice-2-300x168.jpg 300w, https:\/\/www.sisinternational.com\/wp-content\/uploads\/2025\/08\/Medical-dewvice-2-1024x574.jpg 1024w, https:\/\/www.sisinternational.com\/wp-content\/uploads\/2025\/08\/Medical-dewvice-2-768x430.jpg 768w, https:\/\/www.sisinternational.com\/wp-content\/uploads\/2025\/08\/Medical-dewvice-2-18x10.jpg 18w\" sizes=\"auto, (max-width: 1456px) 100vw, 1456px\"><\/figure>\n\n\n\n<hr class=\"wp-block-separator has-alpha-channel-opacity is-style-dots\"\/>\n\n\n\n<p><span style=\"font-size: inherit;\">Le passage des processus AR manuels traditionnels aux syst\u00e8mes automatis\u00e9s n\u00e9cessite une approche r\u00e9fl\u00e9chie en mati\u00e8re de formation des employ\u00e9s, de refonte des flux de travail et de communication avec les parties prenantes \u2013 et le conseil en automatisation AR garantit une perturbation minimale et maximise l&#039;adoption par les utilisateurs.<\/span><\/p>\n\n\n\n<p>How can companies streamline their operations to ensure efficiency, accuracy, and scalability? Enter AR automation consulting is a transformative approach that revolutionizes accounts receivable processes, propelling businesses into the future of financial management. This consulting simplifies the receivables process and unlocks new avenues for growth, resilience, and competitive advantage in an increasingly digital world.<\/p>\n\n\n\n<h2 class=\"wp-block-heading\">What Is AR automation consulting?<\/h2>\n\n\n\n<p>AR automation consulting involves strategically implementing software solutions designed to automate and optimize the accounts receivable process, from invoice generation to payment collection. This field is driven by improving cash flow, reducing manual errors, and enhancing operational efficiency.<\/p>\n\n\n\n<p>Moreover, the role of AR automation consulting extends beyond the mere selection of software. Consultants comprehensively assess a company&#8217;s current AR processes, identifying bottlenecks, inefficiencies, and error-prone areas.<\/p>\n\n\n\n<h2 class=\"wp-block-heading\">Pourquoi c&#039;est important?&nbsp;<\/h2>\n\n\n\n<figure class=\"gb-block-image gb-block-image-dfe777d2\"><img loading=\"lazy\" decoding=\"async\" width=\"1456\" height=\"816\" class=\"gb-image gb-image-dfe777d2\" src=\"https:\/\/www.sisinternational.com\/wp-content\/uploads\/2025\/08\/Virtual-nurse-1.jpg\" alt=\"\u00c9tudes de march\u00e9 et strat\u00e9gie internationales SIS\" title=\"Virtual nurse (1)\" srcset=\"https:\/\/www.sisinternational.com\/wp-content\/uploads\/2025\/08\/Virtual-nurse-1.jpg 1456w, https:\/\/www.sisinternational.com\/wp-content\/uploads\/2025\/08\/Virtual-nurse-1-300x168.jpg 300w, https:\/\/www.sisinternational.com\/wp-content\/uploads\/2025\/08\/Virtual-nurse-1-1024x574.jpg 1024w, https:\/\/www.sisinternational.com\/wp-content\/uploads\/2025\/08\/Virtual-nurse-1-768x430.jpg 768w, https:\/\/www.sisinternational.com\/wp-content\/uploads\/2025\/08\/Virtual-nurse-1-18x10.jpg 18w\" sizes=\"auto, (max-width: 1456px) 100vw, 1456px\"><\/figure>\n\n\n\n<p><\/p>\n\n\n\n<p>Cette analyse \u00e9claire la personnalisation des solutions d&#039;automatisation qui s&#039;alignent sur les strat\u00e9gies financi\u00e8res de l&#039;entreprise, les politiques d&#039;engagement client et les objectifs de croissance \u00e0 long terme. L&#039;accent est mis sur la cr\u00e9ation d&#039;un syst\u00e8me \u00e9volutif et flexible, capable de s&#039;adapter \u00e0 l&#039;\u00e9volution des mod\u00e8les commerciaux et des demandes du march\u00e9.<\/p>\n\n\n\n<p>One of the primary reasons businesses seek AR automation <a href=\"https:\/\/www.sisinternational.com\/fr\/solutions\/ai-etudes-de-marche-et-conseil-en-strategie\/automatisation-de-la-gestion-du-changement-conseil-en-intelligence-artificielle\/\" title=\"Automatisation de la gestion du changement et conseil en IA\"  data-wpil-monitor-id=\"7617\">consultant<\/a> is the drive to improve cash flow management. Slow and error-prone manual invoicing and collections can significantly delay payments, affecting a company&#8217;s liquidity and financial stability. AR automation introduces efficiencies that speed up the billing cycle, reduce errors, and ensure faster payment processing.<\/p>\n\n\n\n<p>De plus, le conseil en automatisation de la r\u00e9alit\u00e9 augment\u00e9e aide les entreprises \u00e0 exploiter les donn\u00e9es financi\u00e8res pour obtenir des informations sur le comportement des clients, les tendances de paiement et les risques financiers potentiels. Les syst\u00e8mes AR automatis\u00e9s peuvent fournir des analyses et des rapports en temps r\u00e9el, permettant aux entreprises de prendre des d\u00e9cisions \u00e9clair\u00e9es, de pr\u00e9voir les flux de tr\u00e9sorerie avec plus de pr\u00e9cision et d&#039;adapter leurs politiques de cr\u00e9dit pour att\u00e9nuer les risques. Cette utilisation strat\u00e9gique des donn\u00e9es am\u00e9liore la planification financi\u00e8re et la gestion de la relation client.<\/p>\n\n\n\n<h2 class=\"wp-block-heading\">What Are the Benefits of Conducting AR Automation Consulting?<\/h2>\n\n\n\n<p>La mise en \u0153uvre de l&#039;automatisation de la RA apporte de multiples avantages aux entreprises souhaitant moderniser leurs op\u00e9rations financi\u00e8res. Ces avantages rationalisent les processus de comptes clients et contribuent \u00e0 des objectifs strat\u00e9giques plus larges, am\u00e9liorant ainsi les performances globales de l&#039;entreprise. Voici un aper\u00e7u des principaux avantages\u00a0:<\/p>\n\n\n\n<ul class=\"wp-block-list\">\n<li><strong>Flux de tr\u00e9sorerie am\u00e9lior\u00e9\u00a0:<\/strong> By accelerating invoice processing and payments, AR automation reduces days sales outstanding (DSO), enhancing a business&#8217;s liquidity and cash flow.<\/li>\n\n\n\n<li><strong>Efficacit\u00e9 am\u00e9lior\u00e9e\u00a0:<\/strong> L&#039;automatisation des t\u00e2ches de routine permet aux membres de l&#039;\u00e9quipe financi\u00e8re de se concentrer sur des activit\u00e9s plus strat\u00e9giques. Ce changement augmente la productivit\u00e9 et contribue \u00e0 la satisfaction des employ\u00e9s en all\u00e9geant le fardeau du travail manuel r\u00e9p\u00e9titif.<\/li>\n\n\n\n<li><strong>\u00c9volutivit\u00e9\u00a0:<\/strong> Les solutions d&#039;automatisation de la r\u00e9alit\u00e9 augment\u00e9e peuvent facilement s&#039;adapter \u00e0 l&#039;augmentation des volumes de transactions et \u00e0 l&#039;\u00e9volution des besoins de l&#039;entreprise. Cette \u00e9volutivit\u00e9 garantit que les entreprises peuvent se d\u00e9velopper sans \u00eatre contraintes par leur infrastructure d&#039;op\u00e9rations financi\u00e8res.<\/li>\n\n\n\n<li><strong>Satisfaction client accrue\u00a0:<\/strong> Les syst\u00e8mes automatis\u00e9s fournissent une facturation plus rapide et plus pr\u00e9cise, ainsi que des options de paiement flexibles, am\u00e9liorant ainsi l&#039;exp\u00e9rience client globale. De plus, gr\u00e2ce \u00e0 des donn\u00e9es plus pr\u00e9cises, les entreprises peuvent offrir un service et une assistance personnalis\u00e9s, am\u00e9liorant ainsi encore les relations clients.<\/li>\n\n\n\n<li><strong>Informations bas\u00e9es sur les donn\u00e9es\u00a0:<\/strong> Les outils d&#039;automatisation de la r\u00e9alit\u00e9 augment\u00e9e offrent des capacit\u00e9s avanc\u00e9es d&#039;analyse et de reporting, fournissant aux entreprises des informations pr\u00e9cieuses sur les mod\u00e8les de paiement, le comportement des clients et les risques financiers.<\/li>\n<\/ul>\n\n\n\n<h2 class=\"wp-block-heading\">When to Conduct AR Automation Consulting?<\/h2>\n\n\n\n<figure class=\"gb-block-image gb-block-image-7f7d6c0b\"><img loading=\"lazy\" decoding=\"async\" width=\"1456\" height=\"816\" class=\"gb-image gb-image-7f7d6c0b\" src=\"https:\/\/www.sisinternational.com\/wp-content\/uploads\/2025\/08\/Medical-dewvice-4.jpg\" alt=\"\u00c9tudes de march\u00e9 et strat\u00e9gie internationales SIS\" title=\"Medical dewvice (4)\" srcset=\"https:\/\/www.sisinternational.com\/wp-content\/uploads\/2025\/08\/Medical-dewvice-4.jpg 1456w, https:\/\/www.sisinternational.com\/wp-content\/uploads\/2025\/08\/Medical-dewvice-4-300x168.jpg 300w, https:\/\/www.sisinternational.com\/wp-content\/uploads\/2025\/08\/Medical-dewvice-4-1024x574.jpg 1024w, https:\/\/www.sisinternational.com\/wp-content\/uploads\/2025\/08\/Medical-dewvice-4-768x430.jpg 768w, https:\/\/www.sisinternational.com\/wp-content\/uploads\/2025\/08\/Medical-dewvice-4-18x10.jpg 18w\" sizes=\"auto, (max-width: 1456px) 100vw, 1456px\"><\/figure>\n\n\n\n<p><\/p>\n\n\n\n<p>Deciding when to engage in AR automation consulting is crucial for businesses aiming to optimize their financial operations effectively. The transition to an automated accounts receivable process should be timely, aligning with the organization&#8217;s growth trajectory and operational needs.<\/p>\n\n\n\n<p>Here are several key indicators that signal the need for AR automation consulting:<\/p>\n\n\n\n<ul class=\"wp-block-list\">\n<li><strong>Augmentation des volumes de transactions\u00a0:<\/strong> \u00c0 mesure qu\u2019une entreprise se d\u00e9veloppe, la gestion manuelle du nombre croissant de transactions devient inefficace et sujette aux erreurs. Lorsque le volume de factures et de paiements submerge l&#039;\u00e9quipe financi\u00e8re, il est temps d&#039;envisager l&#039;automatisation.<\/li>\n\n\n\n<li><strong>Probl\u00e8mes de tr\u00e9sorerie\u00a0:<\/strong> If managing cash flow becomes a challenge, with payment delays affecting the business&#8217;s overall financial health, AR automation can provide a solution by streamlining billing and collections processes.<\/li>\n\n\n\n<li><strong>Op\u00e9rations de mise \u00e0 l&#039;\u00e9chelle\u00a0:<\/strong> Les entreprises qui envisagent de se d\u00e9velopper en proposant de nouveaux produits ou services devraient envisager l&#039;automatisation de la RA pour garantir que leurs op\u00e9rations financi\u00e8res peuvent soutenir cette croissance sans devenir un goulot d&#039;\u00e9tranglement.<\/li>\n\n\n\n<li><strong>Probl\u00e8mes de satisfaction client\u00a0:<\/strong> Si des erreurs de facturation ou des retards dans le traitement des paiements entra\u00eenent l&#039;insatisfaction des clients, l&#039;automatisation de la RA peut r\u00e9soudre ces probl\u00e8mes en garantissant l&#039;exactitude et l&#039;efficacit\u00e9 du traitement de la facturation et des paiements.<\/li>\n\n\n\n<li><strong>Besoin de meilleures informations financi\u00e8res\u00a0:<\/strong> Les entreprises qui recherchent des informations plus approfondies sur leurs op\u00e9rations financi\u00e8res, les comportements de paiement des clients ou la gestion des risques b\u00e9n\u00e9ficieront des capacit\u00e9s d&#039;analyse de donn\u00e9es fournies par les solutions d&#039;automatisation de la r\u00e9alit\u00e9 augment\u00e9e.<\/li>\n<\/ul>\n\n\n\n<h2 class=\"wp-block-heading\">Critical Factors<\/h2>\n\n\n\n<p>Pour qu\u2019une mise en \u0153uvre de l\u2019automatisation de la r\u00e9alit\u00e9 augment\u00e9e r\u00e9ussisse, certains facteurs critiques de r\u00e9ussite doivent \u00eatre soigneusement examin\u00e9s et pris en compte. Ces facteurs sont essentiels pour garantir une transition en douceur vers des processus automatis\u00e9s, atteindre les r\u00e9sultats souhait\u00e9s et r\u00e9aliser des avantages \u00e0 long terme. Voici un aper\u00e7u de ces \u00e9l\u00e9ments essentiels :<\/p>\n\n\n\n<ul class=\"wp-block-list\">\n<li><strong>Objectifs et attentes clairs\u00a0:<\/strong> Before embarking on AR automation, businesses must define clear goals for what they aim to achieve through automation.<\/li>\n\n\n\n<li><strong>Parrainage des dirigeants et adh\u00e9sion des parties prenantes\u00a0:<\/strong> Une mise en \u0153uvre r\u00e9ussie n\u00e9cessite un soutien fort de la haute direction et l\u2019adh\u00e9sion de toutes les parties prenantes impliqu\u00e9es dans le processus de RA. Le parrainage de la direction garantit que le projet re\u00e7oit les ressources et l&#039;attention n\u00e9cessaires, tandis que l&#039;adh\u00e9sion des parties prenantes facilite l&#039;adoption par les utilisateurs et l&#039;int\u00e9gration op\u00e9rationnelle.<\/li>\n\n\n\n<li><strong>S\u00e9lection de la bonne solution technologique\u00a0:<\/strong> Choisir le logiciel d\u2019automatisation AR appropri\u00e9 est essentiel. La solution s\u00e9lectionn\u00e9e doit correspondre aux besoins sp\u00e9cifiques de l&#039;entreprise, s&#039;int\u00e9grer de mani\u00e8re transparente aux syst\u00e8mes financiers existants et offrir une \u00e9volutivit\u00e9 pour une croissance future.<\/li>\n\n\n\n<li><strong>Qualit\u00e9 et int\u00e9grit\u00e9 des donn\u00e9es\u00a0:<\/strong> Le succ\u00e8s de l&#039;automatisation de la RA d\u00e9pend de la qualit\u00e9 et de l&#039;exactitude des donn\u00e9es introduites dans le syst\u00e8me. Garantir l\u2019int\u00e9grit\u00e9 des donn\u00e9es et r\u00e9soudre les probl\u00e8mes de qualit\u00e9 des donn\u00e9es avant la mise en \u0153uvre est crucial pour une automatisation efficace.<\/li>\n\n\n\n<li><strong>Suivi r\u00e9gulier et am\u00e9lioration continue\u00a0:<\/strong> After implementation, monitoring the system\u2019s performance against set objectives is necessary. Continuous improvement efforts should be made based on feedback and performance data to optimize the AR process further.<\/li>\n<\/ul>\n\n\n\n<h2 class=\"wp-block-heading\">The Benefits of Working with SIS AR Automation Consulting<\/h2>\n\n\n\n<p>Engaging with SIS for AR automation consulting positions businesses to achieve significant and measurable outcomes from their automation initiatives. SIS\u2019s comprehensive approach ensures <a class=\"wpil_keyword_link\" href=\"https:\/\/www.sisinternational.com\/fr\/competence\/clients\/\"   title=\"Nos clients\" data-wpil-keyword-link=\"linked\"  data-wpil-monitor-id=\"554\">clients<\/a> implement the right solutions and align their AR processes with strategic business objectives.<\/p>\n\n\n\n<p>Voici les r\u00e9sultats attendus :<\/p>\n\n\n\n<ul class=\"wp-block-list\">\n<li><strong>Jours d&#039;encours r\u00e9duits (DSO)\u00a0:<\/strong> Une diminution notable du DSO est le principal r\u00e9sultat d\u2019un conseil efficace. Cette am\u00e9lioration signifie une conversion plus rapide des cr\u00e9ances en liquidit\u00e9s, am\u00e9liorant ainsi la liquidit\u00e9 et la sant\u00e9 financi\u00e8re de l&#039;entreprise.<\/li>\n\n\n\n<li><strong>Satisfaction client am\u00e9lior\u00e9e\u00a0:<\/strong> Les syst\u00e8mes automatis\u00e9s de facturation et de paiement offrent aux clients une exp\u00e9rience plus rationalis\u00e9e et conviviale. Une facturation ponctuelle et pr\u00e9cise ainsi que des options de paiement flexibles contribuent \u00e0 am\u00e9liorer la satisfaction et la fid\u00e9lit\u00e9 des clients.<\/li>\n\n\n\n<li><strong>Informations bas\u00e9es sur les donn\u00e9es pour la prise de d\u00e9cision strat\u00e9gique\u00a0:<\/strong> Les solutions d&#039;automatisation AR donnent acc\u00e8s \u00e0 des donn\u00e9es et analyses financi\u00e8res en temps r\u00e9el. Les entreprises peuvent exploiter ces informations pour am\u00e9liorer les pr\u00e9visions, la gestion des risques et la planification strat\u00e9gique, favorisant ainsi une prise de d\u00e9cision \u00e9clair\u00e9e.<\/li>\n\n\n\n<li><strong>\u00c9volutivit\u00e9 pour une croissance future\u00a0:<\/strong> Les conseils en automatisation de la RA de SIS garantissent que les solutions mises en \u0153uvre sont \u00e9volutives et peuvent s&#039;adapter \u00e0 la croissance future de l&#039;entreprise sans n\u00e9cessiter d&#039;investissements suppl\u00e9mentaires importants ni de refonte du processus de RA.<\/li>\n<\/ul>\n\n\n\n<h2 class=\"wp-block-heading\">les industries<\/h2>\n\n\n\n<figure class=\"wp-block-image\"><img decoding=\"async\" src=\"https:\/\/www.sisinternational.com\/wp-content\/uploads\/2025\/06\/AI-37.jpg\" alt=\"\u00c9tudes de march\u00e9 et strat\u00e9gie internationales SIS\" class=\"wp-image-60054\"><\/figure>\n\n\n\n<p><\/p>\n\n\n\n<p>Le conseil en automatisation AR ne se limite pas \u00e0 un secteur sp\u00e9cifique ; il s\u2019\u00e9tend \u00e0 divers secteurs, chacun pr\u00e9sentant des d\u00e9fis et des opportunit\u00e9s uniques. La mise en \u0153uvre de solutions d&#039;automatisation AR adapt\u00e9es aux besoins sp\u00e9cifiques de ces secteurs peut entra\u00eener des am\u00e9liorations significatives en termes d&#039;efficacit\u00e9, de flux de tr\u00e9sorerie et de relations clients. Voici les secteurs cl\u00e9s dans lesquels le conseil en automatisation de la r\u00e9alit\u00e9 augment\u00e9e joue un r\u00f4le central\u00a0:<\/p>\n\n\n\n<ul class=\"wp-block-list\">\n<li><strong>Fabrication:<\/strong> Dans l\u2019industrie manufacturi\u00e8re, l\u2019automatisation de la RA peut rationaliser les processus, r\u00e9duire les erreurs et am\u00e9liorer la gestion des flux de tr\u00e9sorerie. Des entreprises comme General Electric et Siemens b\u00e9n\u00e9ficient de l&#039;automatisation de la RA en garantissant une facturation pr\u00e9cise et des cycles de paiement plus rapides, essentiels au maintien de l&#039;efficacit\u00e9 op\u00e9rationnelle et des investissements dans l&#039;innovation.<\/li>\n\n\n\n<li><strong>Vente au d\u00e9tail:<\/strong> For retail giants such as Walmart and Amazon, managing a high volume of transactions efficiently is essential. AR automation <a href=\"https:\/\/www.sisinternational.com\/fr\/solutions\/recherche-de-conseil-en-strategie-fintech\/conseil-en-sauvegarde-des-paiements\/\" title=\"Conseil en mati\u00e8re de coffre-fort de paiements\"  data-wpil-monitor-id=\"4813\">consulting helps these companies to process payments<\/a> swiftly, manage returns and credits effectively, and provide superior customer service, enhancing customer loyalty and driving sales.<\/li>\n\n\n\n<li><strong>Soins de sant\u00e9:<\/strong> Les prestataires de soins de sant\u00e9, notamment les h\u00f4pitaux et les soci\u00e9t\u00e9s pharmaceutiques comme Johnson &amp; Johnson et Pfizer, sont confront\u00e9s \u00e0 des d\u00e9fis uniques en mati\u00e8re de facturation et de traitement des r\u00e9clamations d&#039;assurance. Ce conseil permet \u00e0 ces entit\u00e9s de g\u00e9rer plus efficacement la facturation des patients, de r\u00e9duire les refus de r\u00e9clamation et de garantir la conformit\u00e9 aux r\u00e9glementations complexes en mati\u00e8re de soins de sant\u00e9.<\/li>\n\n\n\n<li><strong>Technologie et logiciels\u00a0:<\/strong> Pour les entreprises technologiques et les d\u00e9veloppeurs de logiciels comme Microsoft et Adobe, les mod\u00e8les bas\u00e9s sur l&#039;abonnement et les ventes internationales introduisent des complexit\u00e9s en mati\u00e8re de facturation et de reconnaissance des revenus. Consulting aide ces entreprises \u00e0 g\u00e9rer la facturation r\u00e9currente, \u00e0 g\u00e9rer plusieurs devises et \u00e0 fournir des factures claires et ponctuelles aux clients, favorisant ainsi des relations clients solides et des flux de revenus pr\u00e9visibles.<\/li>\n<\/ul>\n\n\n\n<h2 class=\"wp-block-heading\">Why SIS AR Automation Consulting<\/h2>\n\n\n\n<p>SIS International\u2019s AR <a href=\"https:\/\/www.sisinternational.com\/fr\/solutions\/ai-etudes-de-marche-et-conseil-en-strategie\/automatisation-des-services-de-biens-de-consommation-conseil-en-ia\/\" title=\"Automatisation des biens et services de consommation et conseil en IA\"  data-wpil-monitor-id=\"3882\">automation consulting services<\/a> empower businesses across various industries to revolutionize their accounts receivable processes. SIS International helps clients achieve operational efficiency, financial optimization, and strategic growth. Here&#8217;s how our consulting services bring <a class=\"wpil_keyword_link\" href=\"https:\/\/www.sisinternational.com\/fr\/a-propos-de-la-recherche-internationale-sis\/\"   title=\"\u00c0 propos de nous\" data-wpil-keyword-link=\"linked\"  data-wpil-monitor-id=\"552\">about<\/a> transformational change:<\/p>\n\n\n\n<ul class=\"wp-block-list\">\n<li><strong>Conception de solutions sur mesure\u00a0:<\/strong> SIS International recognizes that each business has unique challenges and objectives. Its consultants meticulously assess the client&#8217;s current AR processes, identify inefficiencies, and design automation solutions that are precisely tailored to meet those specific needs.<\/li>\n\n\n\n<li><strong>Soutien \u00e0 la mise en \u0153uvre strat\u00e9gique\u00a0:<\/strong> Transitioning to an automated AR system can be complex. SIS provides comprehensive support throughout the implementation phase, ensuring minimal disruption to daily operations.&nbsp;<\/li>\n\n\n\n<li><strong>Formation et gestion du changement\u00a0:<\/strong> A key aspect of <a href=\"https:\/\/www.linkedin.com\/company\/sisinternationalresearch\/\" target=\"_blank\" rel=\"noopener\">SIS International<\/a>\u2019s services is its focus on training and change management. Recognizing that the success of AR automation depends on user adoption, SIS offers extensive staff training, ensuring they are proficient in using the new system.<\/li>\n\n\n\n<li><strong>Analyse de donn\u00e9es et informations\u00a0:<\/strong> With AR automation, businesses access valuable data that can drive strategic decision-making. SIS International helps clients leverage this data, offering analytics services that provide insights into payment patterns, customer behavior, and financial trends.&nbsp;<\/li>\n<\/ul>\n\n\n\n<div class=\"is-root-container is-desktop-preview is-layout-flow wp-block-post-content block-editor-block-list__layout\" spellcheck=\"false\">\n<div id=\"block-37fdf129-2515-4c97-9c3a-bd8432dd582f\" class=\"block-editor-block-list__block wp-block is-selected wp-block-freeform\" tabindex=\"0\" role=\"document\" aria-label=\"Bloc: Classique\" data-block=\"37fdf129-2515-4c97-9c3a-bd8432dd582f\" data-type=\"core\/freeform\" data-title=\"Classic\">\n<div id=\"editor-37fdf129-2515-4c97-9c3a-bd8432dd582f\" class=\"wp-block-freeform block-library-rich-text__tinymce mce-content-body html5-captions mce-edit-focus\" style=\"position: relative;\" contenteditable=\"true\">\n<h2>Notre emplacement \u00e0 New York<\/h2>\n<p>\n\n\n\n<iframe loading=\"lazy\" src=\"https:\/\/www.google.com\/maps\/embed?pb=!1m18!1m12!1m3!1d3022.976188376966!2d-73.99130312499956!3d40.740549471389315!2m3!1f0!2f0!3f0!3m2!1i1024!2i768!4f13.1!3m3!1m2!1s0x89c259a15798c731%3A0xd695d09bdd495f25!2s11%20E%2022nd%20St%20FL%202%2C%20New%20York%2C%20NY%2010010%2C%20USA!5e0!3m2!1sen!2spe!4v1726171763526!5m2!1sen!2spe\" width=\"600\" height=\"450\" allowfullscreen=\"allowfullscreen\" data-mce-fragment=\"1\"><\/iframe>\n\n\n\n<\/p>\n<h3 class=\"wp-block-heading\">11 E 22nd Street, \u00e9tage 2, New York, NY 10010 T\u00e9l. : +1(212) 505-6805<\/h3>\n<hr>\n<h2><span style=\"font-weight: 400;\">\u00c0 propos de SIS International<\/span><\/h2>\n<p><a href=\"https:\/\/www.sisinternational.com\/fr\/\"><span style=\"font-weight: 400;\">SIS International<\/span><\/a><span style=\"font-weight: 400;\"> offers Quantitative, Qualitative, and Strategy Research. We provide data, tools, strategies, reports, and insights for decision-making. We also conduct interviews, surveys, focus groups, and other <a class=\"wpil_keyword_link\" href=\"https:\/\/www.sisinternational.com\/fr\/etudes-de-cas\/\" title=\"\u00c9tudes de cas\" data-wpil-keyword-link=\"linked\" data-wpil-monitor-id=\"553\">\u00c9tude de march\u00e9<\/a> methods and approaches.<\/span><a href=\"https:\/\/www.sisinternational.com\/fr\/a-propos-de-la-recherche-internationale-sis\/contact-sis-international-market-research\/\"><span style=\"font-weight: 400;\"> Contactez nous<\/span><\/a><span style=\"font-weight: 400;\"> pour votre prochain projet d&#039;\u00e9tude de march\u00e9.<\/span><\/p>\n<hr><\/div>\n<\/div>\n<\/div>","protected":false},"excerpt":{"rendered":"<p>AR automation consulting met en \u0153uvre strat\u00e9giquement des solutions logicielles con\u00e7ues pour automatiser et optimiser le processus des comptes clients.<\/p>","protected":false},"author":1,"featured_media":63845,"parent":44406,"menu_order":77,"comment_status":"closed","ping_status":"closed","template":"","meta":{"footnotes":""},"class_list":["post-47039","page","type-page","status-publish","has-post-thumbnail"],"_links":{"self":[{"href":"https:\/\/www.sisinternational.com\/fr\/wp-json\/wp\/v2\/pages\/47039","targetHints":{"allow":["GET"]}}],"collection":[{"href":"https:\/\/www.sisinternational.com\/fr\/wp-json\/wp\/v2\/pages"}],"about":[{"href":"https:\/\/www.sisinternational.com\/fr\/wp-json\/wp\/v2\/types\/page"}],"author":[{"embeddable":true,"href":"https:\/\/www.sisinternational.com\/fr\/wp-json\/wp\/v2\/users\/1"}],"replies":[{"embeddable":true,"href":"https:\/\/www.sisinternational.com\/fr\/wp-json\/wp\/v2\/comments?post=47039"}],"version-history":[{"count":13,"href":"https:\/\/www.sisinternational.com\/fr\/wp-json\/wp\/v2\/pages\/47039\/revisions"}],"predecessor-version":[{"id":81240,"href":"https:\/\/www.sisinternational.com\/fr\/wp-json\/wp\/v2\/pages\/47039\/revisions\/81240"}],"up":[{"embeddable":true,"href":"https:\/\/www.sisinternational.com\/fr\/wp-json\/wp\/v2\/pages\/44406"}],"wp:featuredmedia":[{"embeddable":true,"href":"https:\/\/www.sisinternational.com\/fr\/wp-json\/wp\/v2\/media\/63845"}],"wp:attachment":[{"href":"https:\/\/www.sisinternational.com\/fr\/wp-json\/wp\/v2\/media?parent=47039"}],"curies":[{"name":"wp","href":"https:\/\/api.w.org\/{rel}","templated":true}]}}