{"id":46997,"date":"2024-03-20T00:28:49","date_gmt":"2024-03-20T04:28:49","guid":{"rendered":"https:\/\/www.sisinternational.com\/?page_id=46997"},"modified":"2026-03-25T20:19:14","modified_gmt":"2026-03-26T00:19:14","slug":"recherche-en-matiere-de-due-diligence-en-matiere-de-fusions-et-dacquisitions","status":"publish","type":"page","link":"https:\/\/www.sisinternational.com\/fr\/solutions\/recherche-en-matiere-de-due-diligence-en-matiere-de-fusions-et-dacquisitions\/","title":{"rendered":"Recherche sur la diligence raisonnable en mati\u00e8re de fusions et d'acquisitions"},"content":{"rendered":"<h1 class=\"wp-block-heading\">Recherche sur la diligence raisonnable en mati\u00e8re de fusions et d'acquisitions<\/h1>\n\n\n\n<figure class=\"gb-block-image gb-block-image-7420f231\"><img loading=\"lazy\" decoding=\"async\" width=\"1456\" height=\"816\" class=\"gb-image gb-image-7420f231\" src=\"https:\/\/www.sisinternational.com\/wp-content\/uploads\/2025\/08\/B2B-2-5.jpg\" alt=\"\u00c9tudes de march\u00e9 et strat\u00e9gie internationales SIS\" title=\"B2B 2 (5)\" srcset=\"https:\/\/www.sisinternational.com\/wp-content\/uploads\/2025\/08\/B2B-2-5.jpg 1456w, https:\/\/www.sisinternational.com\/wp-content\/uploads\/2025\/08\/B2B-2-5-300x168.jpg 300w, https:\/\/www.sisinternational.com\/wp-content\/uploads\/2025\/08\/B2B-2-5-1024x574.jpg 1024w, https:\/\/www.sisinternational.com\/wp-content\/uploads\/2025\/08\/B2B-2-5-768x430.jpg 768w, https:\/\/www.sisinternational.com\/wp-content\/uploads\/2025\/08\/B2B-2-5-18x10.jpg 18w\" sizes=\"auto, (max-width: 1456px) 100vw, 1456px\"><\/figure>\n\n\n\n<p><\/p>\n\n\n\n<hr class=\"wp-block-separator has-alpha-channel-opacity is-style-dots\"\/>\n\n\n\n<p>\u00c0 une \u00e9poque o\u00f9 les alliances strat\u00e9giques et les expansions d\u2019entreprises sont monnaie courante, la recherche sur la diligence raisonnable en mati\u00e8re de fusions et d\u2019acquisitions jette les bases de fusions et d\u2019acquisitions r\u00e9ussies\u2026 Mais quel est exactement le r\u00f4le de cette recherche, et pourquoi est-elle cruciale pour les entreprises ?<\/p>\n\n\n\n<h2 class=\"wp-block-heading\">Comprendre la recherche sur la diligence raisonnable en mati\u00e8re de fusions et d\u2019acquisitions<\/h2>\n\n\n\n<p>La recherche de diligence raisonnable en mati\u00e8re de fusions et d\u2019acquisitions est un processus d\u2019\u00e9valuation complet qui pr\u00e9c\u00e8de toute fusion ou acquisition d\u2019entreprise. Cette recherche approfondit les facettes op\u00e9rationnelles, financi\u00e8res, juridiques et strat\u00e9giques de l&#039;entreprise cible, dans le but de d\u00e9couvrir tout risque ou responsabilit\u00e9 potentiel qui pourrait avoir un impact sur le succ\u00e8s de la transaction. La nature m\u00e9ticuleuse de cette recherche garantit que les entreprises acqu\u00e9reuses sont pleinement inform\u00e9es de leurs investissements potentiels, leur permettant ainsi de prendre des d\u00e9cisions \u00e9clair\u00e9es.<\/p>\n\n\n\n<p>The process involves thoroughly examining the target company&#8217;s financial statements, legal contracts, operational processes, and market positioning. <a href=\"https:\/\/www.sisinternational.com\/fr\/solutions\/conseil-en-strategie\/identification-des-cibles-des-fusions-et-acquisitions\/\" title=\"Recherche en fusions et acquisitions\"  data-wpil-monitor-id=\"6945\">Mergers and acquisitions due diligence research<\/a> not only assesses the current health and viability of the business but also projects its future performance within the context of the acquiring company&#8217;s strategic goals.<\/p>\n\n\n\n<h2 class=\"wp-block-heading\">Pourquoi les entreprises ont-elles besoin d\u2019une recherche sur le devoir de diligence en mati\u00e8re de fusions et d\u2019acquisitions\u00a0?<\/h2>\n\n\n\n<p>La recherche en mati\u00e8re de diligence raisonnable en mati\u00e8re de fusions et d\u2019acquisitions att\u00e9nue les risques. En d\u00e9voilant les dimensions financi\u00e8res, juridiques, op\u00e9rationnelles et strat\u00e9giques de l&#039;entreprise cible, les entreprises peuvent identifier les signaux d&#039;alarme potentiels ou les ruptures d&#039;accord qui pourraient compromettre le succ\u00e8s de la transaction.<\/p>\n\n\n\n<p>De plus, cette recherche facilite un processus d\u2019int\u00e9gration plus fluide apr\u00e8s l\u2019acquisition. Comprendre les nuances culturelles, op\u00e9rationnelles et strat\u00e9giques de l&#039;entreprise cible permet aux entreprises acqu\u00e9reuses d&#039;\u00e9laborer des plans d&#039;int\u00e9gration complets qui minimisent les perturbations et acc\u00e9l\u00e8rent la r\u00e9alisation des synergies. Ce travail pr\u00e9paratoire est essentiel au maintien de la continuit\u00e9 des activit\u00e9s, du moral des employ\u00e9s et de la satisfaction des clients pendant la p\u00e9riode de transition.<\/p>\n\n\n\n<p>De plus, cela permet aux entreprises de valoriser leur cible avec pr\u00e9cision. En examinant la sant\u00e9 financi\u00e8re, les perspectives de croissance et le positionnement de l&#039;entreprise sur le march\u00e9, les acqu\u00e9reurs peuvent d\u00e9terminer une \u00e9valuation juste et r\u00e9aliste qui refl\u00e8te \u00e0 la fois la valeur actuelle et le potentiel futur. Ces informations financi\u00e8res sont cruciales pour structurer une transaction offrant une juste valeur aux deux parties et soutenant le succ\u00e8s \u00e0 long terme de l&#039;entit\u00e9 fusionn\u00e9e.<\/p>\n\n\n\n<h2 class=\"wp-block-heading\">Qui utilise la recherche sur le devoir de diligence en mati\u00e8re de fusions et d\u2019acquisitions<\/h2>\n\n\n\n<p>Les dirigeants d\u2019entreprise s\u2019appuient sur des recherches en mati\u00e8re de diligence raisonnable pour prendre des d\u00e9cisions \u00e9clair\u00e9es concernant d\u2019\u00e9ventuelles fusions ou acquisitions. Cette recherche leur offre une compr\u00e9hension compl\u00e8te de la sant\u00e9 financi\u00e8re, de l\u2019efficacit\u00e9 op\u00e9rationnelle et du positionnement strat\u00e9gique de l\u2019entreprise cible. Cela leur permet d\u2019\u00e9valuer dans quelle mesure l\u2019accord potentiel s\u2019aligne sur leur strat\u00e9gie d\u2019entreprise et leurs objectifs de croissance.<\/p>\n\n\n\n<p>Les banquiers d&#039;investissement utilisent \u00e9galement cette recherche comme pierre angulaire de leurs services de conseil. Qu&#039;ils repr\u00e9sentent l&#039;acheteur ou le vendeur, les banquiers d&#039;investissement analysent les r\u00e9sultats de la due diligence pour conseiller sur les strat\u00e9gies de structuration, d&#039;\u00e9valuation et de n\u00e9gociation des transactions, garantissant ainsi que leurs clients prennent des d\u00e9cisions d&#039;investissement \u00e9clair\u00e9es.<\/p>\n\n\n\n<p>Les investisseurs en capital-investissement constituent un autre groupe important d\u2019utilisateurs. \u00c9tant donn\u00e9 qu\u2019ils se concentrent sur la maximisation du retour sur investissement, ces investisseurs d\u00e9pendent d\u2019une diligence raisonnable approfondie pour d\u00e9couvrir la v\u00e9ritable valeur des cibles d\u2019acquisition potentielles. Cette recherche les aide \u00e0 identifier les opportunit\u00e9s de cr\u00e9ation de valeur, \u00e0 \u00e9valuer les risques et \u00e0 d\u00e9terminer le potentiel d\u2019am\u00e9liorations op\u00e9rationnelles et de croissance strat\u00e9gique apr\u00e8s l\u2019acquisition.<\/p>\n\n\n\n<p>De plus, les conseillers juridiques tirent parti des recherches de diligence raisonnable sur les fusions et acquisitions pour identifier les responsabilit\u00e9s juridiques, les obligations contractuelles ou les probl\u00e8mes r\u00e9glementaires associ\u00e9s \u00e0 la soci\u00e9t\u00e9 cible. Ces informations sont cruciales pour \u00e9valuer les risques juridiques, garantir le respect des lois et r\u00e9glementations en vigueur et conseiller les clients sur les aspects juridiques de la transaction.<\/p>\n\n\n\n<h2 class=\"wp-block-heading\">R\u00e9sultats attendus de la recherche de diligence raisonnable en mati\u00e8re de fusions et d&#039;acquisitions de SIS<\/h2>\n\n\n\n<figure class=\"gb-block-image gb-block-image-f1a6353b\"><img loading=\"lazy\" decoding=\"async\" width=\"1456\" height=\"816\" class=\"gb-image gb-image-f1a6353b\" src=\"https:\/\/www.sisinternational.com\/wp-content\/uploads\/2025\/08\/Global-4.jpg\" alt=\"\u00c9tudes de march\u00e9 et strat\u00e9gie internationales SIS\" title=\"Global (4)\" srcset=\"https:\/\/www.sisinternational.com\/wp-content\/uploads\/2025\/08\/Global-4.jpg 1456w, https:\/\/www.sisinternational.com\/wp-content\/uploads\/2025\/08\/Global-4-300x168.jpg 300w, https:\/\/www.sisinternational.com\/wp-content\/uploads\/2025\/08\/Global-4-1024x574.jpg 1024w, https:\/\/www.sisinternational.com\/wp-content\/uploads\/2025\/08\/Global-4-768x430.jpg 768w, https:\/\/www.sisinternational.com\/wp-content\/uploads\/2025\/08\/Global-4-18x10.jpg 18w\" sizes=\"auto, (max-width: 1456px) 100vw, 1456px\"><\/figure>\n\n\n\n<p><\/p>\n\n\n\n<p>Lorsqu\u2019ils s\u2019engagent aupr\u00e8s de SIS International pour des recherches de diligence raisonnable en mati\u00e8re de fusions et d\u2019acquisitions, les clients peuvent s\u2019attendre \u00e0 une suite compl\u00e8te de r\u00e9sultats mettant en lumi\u00e8re la nature multiforme des transactions potentielles de fusions et acquisitions. L&#039;approche de SIS garantit que les entreprises disposent des connaissances approfondies n\u00e9cessaires pour g\u00e9rer les complexit\u00e9s des fusions et acquisitions, guidant ainsi les d\u00e9cisions strat\u00e9giques et facilitant des int\u00e9grations r\u00e9ussies.<\/p>\n\n\n\n<ul class=\"wp-block-list\">\n<li><strong>Analyse financi\u00e8re compl\u00e8te\u00a0:<\/strong> Un examen d\u00e9taill\u00e9 de la sant\u00e9 financi\u00e8re de la soci\u00e9t\u00e9 cible est au c\u0153ur de la due diligence de SIS. Les clients peuvent s&#039;attendre \u00e0 obtenir des informations sur les flux de revenus, la rentabilit\u00e9, la stabilit\u00e9 des flux de tr\u00e9sorerie et les passifs financiers de l&#039;entreprise. Cette analyse r\u00e9v\u00e8le la solidit\u00e9 financi\u00e8re de la cible, en mettant en \u00e9vidence les domaines de pr\u00e9occupation susceptibles d&#039;affecter la valeur de la transaction.<\/li>\n\n\n\n<li><strong>Examen de l&#039;efficacit\u00e9 op\u00e9rationnelle\u00a0:<\/strong> SIS approfondit les aspects op\u00e9rationnels de l&#039;entreprise cible, en \u00e9valuant son efficacit\u00e9, son \u00e9volutivit\u00e9 et son infrastructure technologique. Cet examen identifie les forces et les faiblesses op\u00e9rationnelles, d\u00e9montrant clairement la capacit\u00e9 d&#039;int\u00e9gration et de croissance de l&#039;entreprise au sein des op\u00e9rations de l&#039;entit\u00e9 acqu\u00e9reuse.<\/li>\n\n\n\n<li><strong>\u00c9valuation de la conformit\u00e9 l\u00e9gale et r\u00e9glementaire\u00a0:<\/strong> Comprendre le paysage juridique est crucial dans les transactions de fusions et acquisitions. Les recherches de SIS \u00e9valuent minutieusement la conformit\u00e9 de l&#039;entreprise cible aux lois et r\u00e9glementations en vigueur, aux droits de propri\u00e9t\u00e9 intellectuelle, aux obligations contractuelles et aux risques de litige potentiels. Cela garantit que les clients connaissent les consid\u00e9rations juridiques qui pourraient avoir un impact sur la transaction.<\/li>\n\n\n\n<li><strong>Analyse de l\u2019ad\u00e9quation strat\u00e9gique et du potentiel de synergie\u00a0:<\/strong> Au-del\u00e0 des indicateurs financiers et op\u00e9rationnels, SIS \u00e9value dans quelle mesure l&#039;entreprise cible s&#039;aligne sur les objectifs strat\u00e9giques du client et identifie les synergies potentielles. Cette analyse propose une feuille de route pour int\u00e9grer l&#039;entreprise cible et maximiser la valeur de l&#039;entit\u00e9 combin\u00e9e.<\/li>\n\n\n\n<li><strong>Aper\u00e7u du march\u00e9 et du paysage concurrentiel\u00a0:<\/strong> SIS offre un examen approfondi du positionnement de la cible sur le march\u00e9, de l&#039;environnement concurrentiel et des tendances du secteur. Cette perspective plus large du march\u00e9 aide les clients \u00e0 comprendre le potentiel de croissance et l\u2019avantage concurrentiel de l\u2019entreprise cible dans le paysage industriel plus large.<\/li>\n<\/ul>\n\n\n\n<h2 class=\"wp-block-heading\">Opportunit\u00e9s<\/h2>\n\n\n\n<p>Mergers and acquisitions due diligence <a class=\"wpil_keyword_link\" href=\"https:\/\/www.sisinternational.com\/fr\/solutions\/\"   title=\"Solutions\" data-wpil-keyword-link=\"linked\"  data-wpil-monitor-id=\"558\">\u00e9tude de march\u00e9<\/a> offers several opportunities for businesses, including:<\/p>\n\n\n\n<ul class=\"wp-block-list\">\n<li><strong>Identification de la valeur\u00a0:<\/strong> La recherche en mati\u00e8re de diligence raisonnable peut r\u00e9v\u00e9ler une valeur cach\u00e9e dans l\u2019entreprise cible, telle que des actifs sous-utilis\u00e9s, des march\u00e9s inexploit\u00e9s ou des technologies innovantes. Cela peut aider l\u2019entreprise acqu\u00e9reuse \u00e0 identifier des synergies et des opportunit\u00e9s de croissance qui peuvent ne pas \u00eatre imm\u00e9diatement apparentes.<\/li>\n\n\n\n<li><strong>Alignement strat\u00e9gique:<\/strong> La recherche des objectifs strat\u00e9giques, de la culture et des pratiques op\u00e9rationnelles de l&#039;entreprise cible peut aider \u00e0 \u00e9valuer la compatibilit\u00e9 entre les deux entreprises. Ceci est crucial pour garantir une int\u00e9gration r\u00e9ussie et atteindre les objectifs strat\u00e9giques \u00e0 long terme.<\/li>\n\n\n\n<li><strong>Conformit\u00e9 r\u00e9glementaire\u00a0:<\/strong> La diligence raisonnable consiste \u00e0 v\u00e9rifier la conformit\u00e9 aux r\u00e9glementations en vigueur et aux normes de l\u2019industrie. Ceci est essentiel pour \u00e9viter les probl\u00e8mes juridiques et r\u00e9glementaires qui pourraient survenir apr\u00e8s l&#039;acquisition.<\/li>\n\n\n\n<li><a href=\"https:\/\/www.sisinternational.com\/fr\/couverture\/etude-de-marche-en-asie\/etude-de-marche-a-taiwan\/\" title=\"\u00c9tude de march\u00e9 \u00e0 Ta\u00efwan\"  data-wpil-monitor-id=\"5644\">Market Positioning: Researching<\/a> the target company&#8217;s market position, competitive landscape, and industry trends can provide insights into how the acquisition will impact the acquirer&#8217;s market standing.<\/li>\n\n\n\n<li><strong>Technologie et propri\u00e9t\u00e9 intellectuelle\u00a0:<\/strong> L&#039;\u00e9valuation des actifs technologiques et de la propri\u00e9t\u00e9 intellectuelle de l&#039;entreprise cible peut r\u00e9v\u00e9ler des opportunit\u00e9s d&#039;innovation et de diff\u00e9renciation. Ceci est particuli\u00e8rement important dans les secteurs ax\u00e9s sur la technologie, o\u00f9 la propri\u00e9t\u00e9 intellectuelle peut \u00eatre un facteur cl\u00e9 de valeur.<\/li>\n<\/ul>\n\n\n\n<h2 class=\"wp-block-heading\">D\u00e9fis<\/h2>\n\n\n\n<p>La recherche en mati\u00e8re de due diligence en mati\u00e8re de fusions et d\u2019acquisitions pr\u00e9sente plusieurs d\u00e9fis pour les entreprises. Voici quelques probl\u00e8mes courants\u00a0:<\/p>\n\n\n\n<ul class=\"wp-block-list\">\n<li><strong>Asym\u00e9trie de l&#039;information:<\/strong> L&#039;entreprise cible peut dissimuler des informations ou fournir des donn\u00e9es incompl\u00e8tes, conduisant \u00e0 une compr\u00e9hension inexacte de sa valeur, de ses risques et de ses opportunit\u00e9s. Garantir la transparence et l\u2019acc\u00e8s aux informations pertinentes constitue un d\u00e9fi majeur.<\/li>\n\n\n\n<li><strong>Complexit\u00e9 de l&#039;entreprise cible\u00a0:<\/strong> Les soci\u00e9t\u00e9s cibles plus grandes ou plus complexes peuvent pr\u00e9senter des d\u00e9fis importants en mati\u00e8re de diligence raisonnable. Comprendre les structures financi\u00e8res complexes, les diverses unit\u00e9s commerciales et les op\u00e9rations mondiales n\u00e9cessite de l&#039;expertise et des ressources.<\/li>\n\n\n\n<li><strong>\u00c9carts d\u2019\u00e9valuation\u00a0:<\/strong> L&#039;estimation de la juste valeur de la soci\u00e9t\u00e9 cible implique des hypoth\u00e8ses et des jugements qui peuvent conduire \u00e0 des \u00e9carts entre la valeur per\u00e7ue et la valeur r\u00e9elle. Cela peut avoir un impact sur le processus de n\u00e9gociation et sur le succ\u00e8s de l\u2019acquisition.<\/li>\n\n\n\n<li><strong>Risques de cybers\u00e9curit\u00e9\u00a0:<\/strong> \u00c0 l\u2019\u00e8re num\u00e9rique d\u2019aujourd\u2019hui, il est essentiel d\u2019\u00e9valuer la posture de cybers\u00e9curit\u00e9 de l\u2019entreprise cible. L&#039;identification des vuln\u00e9rabilit\u00e9s et des responsabilit\u00e9s potentielles li\u00e9es aux violations de donn\u00e9es ou aux cybermenaces constitue un d\u00e9fi croissant.<\/li>\n\n\n\n<li><strong>Questions environnementales et sociales\u00a0:<\/strong> Les responsabilit\u00e9s environnementales et les pr\u00e9occupations en mati\u00e8re de responsabilit\u00e9 sociale peuvent avoir d\u2019importantes implications financi\u00e8res et de r\u00e9putation. La diligence raisonnable doit englober ces aspects pour garantir des pratiques commerciales durables et responsables.<\/li>\n<\/ul>\n\n\n\n<h2 class=\"wp-block-heading\">Comment la recherche sur le devoir de diligence en mati\u00e8re de fusions et d&#039;acquisitions de SIS International aide les entreprises<\/h2>\n\n\n\n<p>Les recherches en mati\u00e8re de diligence raisonnable en mati\u00e8re de fusions et d&#039;acquisitions de SIS International donnent aux entreprises un avantage essentiel dans la navigation dans les transactions de fusions et acquisitions. S&#039;appuyant sur une vaste exp\u00e9rience, un r\u00e9seau mondial de ressources et une approche multidisciplinaire, SIS fournit \u00e0 ses clients les informations compl\u00e8tes et les conseils strat\u00e9giques n\u00e9cessaires pour prendre des d\u00e9cisions \u00e9clair\u00e9es et obtenir des r\u00e9sultats positifs. Voici comment l&#039;expertise de SIS International en mati\u00e8re de recherche sur le devoir de diligence profite aux entreprises entreprenant des activit\u00e9s de fusions et acquisitions.<\/p>\n\n\n\n<ul class=\"wp-block-list\">\n<li><strong>Analyse financi\u00e8re approfondie et informations sur l\u2019\u00e9valuation\u00a0:<\/strong> L&#039;analyse financi\u00e8re m\u00e9ticuleuse de SIS International r\u00e9v\u00e8le la v\u00e9ritable sant\u00e9 financi\u00e8re de la soci\u00e9t\u00e9 cible, r\u00e9v\u00e9lant les risques et opportunit\u00e9s sous-jacents qui ont un impact sur la valorisation et la structuration des transactions. Cet examen financier approfondi garantit que les entreprises paient un prix \u00e9quitable pour leurs acquisitions, att\u00e9nuant ainsi le risque de sur\u00e9valuation et de sous-performance financi\u00e8re ult\u00e9rieure.<\/li>\n\n\n\n<li><strong>Efficacit\u00e9 op\u00e9rationnelle et identification des synergies\u00a0:<\/strong> Gr\u00e2ce \u00e0 une due diligence op\u00e9rationnelle, SIS International identifie les domaines dans lesquels des efficacit\u00e9s op\u00e9rationnelles et des synergies peuvent \u00eatre r\u00e9alis\u00e9es, fournissant ainsi une feuille de route claire pour l&#039;int\u00e9gration et la cr\u00e9ation de valeur apr\u00e8s la fusion. Cette analyse aide les entreprises \u00e0 comprendre comment fusionner au mieux leurs op\u00e9rations, rationaliser les processus et r\u00e9aliser des \u00e9conomies, stimulant ainsi la rentabilit\u00e9 et la croissance.<\/li>\n\n\n\n<li><strong>Gestion et att\u00e9nuation des risques\u00a0:<\/strong> L&#039;identification des risques potentiels, qu&#039;ils soient financiers, juridiques, op\u00e9rationnels ou strat\u00e9giques, est la pierre angulaire des services de due diligence de SIS International. Au-del\u00e0 de la simple identification, SIS propose des strat\u00e9gies concr\u00e8tes d&#039;att\u00e9nuation des risques, permettant aux entreprises de r\u00e9soudre les probl\u00e8mes potentiels avant qu&#039;ils ne deviennent probl\u00e9matiques, garantissant ainsi le succ\u00e8s de la transaction.<\/li>\n\n\n\n<li><strong>Ajustement strat\u00e9gique et positionnement sur le march\u00e9\u00a0:<\/strong> SIS International \u00e9value l&#039;ad\u00e9quation strat\u00e9gique entre l&#039;entreprise acqu\u00e9reuse et la cible, garantissant l&#039;alignement sur les objectifs strat\u00e9giques \u00e0 long terme. De plus, les capacit\u00e9s d&#039;\u00e9tudes de march\u00e9 de l&#039;entreprise offrent un aper\u00e7u des tendances du march\u00e9, du positionnement concurrentiel et des opportunit\u00e9s de croissance, \u00e9clairant ainsi les d\u00e9cisions strat\u00e9giques et les strat\u00e9gies d&#039;int\u00e9gration post-fusion.<\/li>\n<\/ul>\n\n\n\n<h2 class=\"wp-block-heading\">Notre emplacement \u00e0 New York<\/h2>\n\n\n\n<p>\n\n\n\n<iframe loading=\"lazy\" src=\"https:\/\/www.google.com\/maps\/embed?pb=!1m18!1m12!1m3!1d3022.976188376966!2d-73.99130312499956!3d40.740549471389315!2m3!1f0!2f0!3f0!3m2!1i1024!2i768!4f13.1!3m3!1m2!1s0x89c259a15798c731%3A0xd695d09bdd495f25!2s11%20E%2022nd%20St%20FL%202%2C%20New%20York%2C%20NY%2010010%2C%20USA!5e0!3m2!1sen!2spe!4v1726171763526!5m2!1sen!2spe\" width=\"600\" height=\"450\" allowfullscreen=\"allowfullscreen\" data-mce-fragment=\"1\"><\/iframe>\n\n\n\n<\/p>\n\n\n\n<h3 class=\"wp-block-heading\">11 E 22nd Street, \u00e9tage 2, New York, NY 10010 T\u00e9l. : +1(212) 505-6805<\/h3>\n\n\n\n<hr class=\"wp-block-separator has-alpha-channel-opacity\"\/>\n\n\n\n<h2 class=\"wp-block-heading\"><span style=\"font-weight: 400;\">\u00c0 propos de SIS International<\/span><\/h2>\n\n\n\n<p><a href=\"https:\/\/www.sisinternational.com\/fr\/\"><span style=\"font-weight: 400;\">SIS International<\/span><\/a><span style=\"font-weight: 400;\"> propose des recherches quantitatives, qualitatives et strat\u00e9giques. Nous fournissons des donn\u00e9es, des outils, des strat\u00e9gies, des rapports et des informations pour la prise de d\u00e9cision. Nous menons \u00e9galement des entretiens, des enqu\u00eates, des groupes de discussion et d\u2019autres m\u00e9thodes et approches d\u2019\u00e9tudes de march\u00e9.<\/span><a href=\"https:\/\/www.sisinternational.com\/fr\/a-propos-de-la-recherche-internationale-sis\/contact-sis-international-market-research\/\"><span style=\"font-weight: 400;\"> Contactez nous<\/span><\/a><span style=\"font-weight: 400;\"> pour votre prochain projet d&#039;\u00e9tude de march\u00e9.<\/span><\/p>\n\n\n\n<p><\/p>\n\n\n\n<p>&nbsp;<\/p>\n\n\n\n<p>&nbsp;<\/p>","protected":false},"excerpt":{"rendered":"<p>La recherche en mati\u00e8re de due diligence en mati\u00e8re de fusions et d&#039;acquisitions vise \u00e0 identifier les risques et les responsabilit\u00e9s potentiels qui pourraient affecter le succ\u00e8s de la transaction.<\/p>","protected":false},"author":1,"featured_media":62376,"parent":14457,"menu_order":33,"comment_status":"closed","ping_status":"closed","template":"","meta":{"footnotes":""},"class_list":["post-46997","page","type-page","status-publish","has-post-thumbnail"],"_links":{"self":[{"href":"https:\/\/www.sisinternational.com\/fr\/wp-json\/wp\/v2\/pages\/46997","targetHints":{"allow":["GET"]}}],"collection":[{"href":"https:\/\/www.sisinternational.com\/fr\/wp-json\/wp\/v2\/pages"}],"about":[{"href":"https:\/\/www.sisinternational.com\/fr\/wp-json\/wp\/v2\/types\/page"}],"author":[{"embeddable":true,"href":"https:\/\/www.sisinternational.com\/fr\/wp-json\/wp\/v2\/users\/1"}],"replies":[{"embeddable":true,"href":"https:\/\/www.sisinternational.com\/fr\/wp-json\/wp\/v2\/comments?post=46997"}],"version-history":[{"count":18,"href":"https:\/\/www.sisinternational.com\/fr\/wp-json\/wp\/v2\/pages\/46997\/revisions"}],"predecessor-version":[{"id":85103,"href":"https:\/\/www.sisinternational.com\/fr\/wp-json\/wp\/v2\/pages\/46997\/revisions\/85103"}],"up":[{"embeddable":true,"href":"https:\/\/www.sisinternational.com\/fr\/wp-json\/wp\/v2\/pages\/14457"}],"wp:featuredmedia":[{"embeddable":true,"href":"https:\/\/www.sisinternational.com\/fr\/wp-json\/wp\/v2\/media\/62376"}],"wp:attachment":[{"href":"https:\/\/www.sisinternational.com\/fr\/wp-json\/wp\/v2\/media?parent=46997"}],"curies":[{"name":"wp","href":"https:\/\/api.w.org\/{rel}","templated":true}]}}