{"id":46995,"date":"2024-03-20T00:26:29","date_gmt":"2024-03-20T04:26:29","guid":{"rendered":"https:\/\/www.sisinternational.com\/?page_id=46995"},"modified":"2026-01-26T18:57:32","modified_gmt":"2026-01-26T23:57:32","slug":"etude-de-marche-sur-une-plateforme-automobile-en-ligne","status":"publish","type":"page","link":"https:\/\/www.sisinternational.com\/fr\/competence\/etude-de-marche-sur-une-plateforme-automobile-en-ligne\/","title":{"rendered":"\u00c9tude de march\u00e9 sur les plateformes automobiles en ligne"},"content":{"rendered":"<h1 class=\"wp-block-heading\">\u00c9tude de march\u00e9 sur les plateformes automobiles en ligne<\/h1>\n\n\n\n<figure class=\"gb-block-image gb-block-image-b8c5adb6\"><img loading=\"lazy\" decoding=\"async\" width=\"1456\" height=\"816\" class=\"gb-image gb-image-b8c5adb6\" src=\"https:\/\/www.sisinternational.com\/wp-content\/uploads\/2025\/09\/Car-show-car-clinic-5.jpg\" alt=\"\u00c9tudes de march\u00e9 et strat\u00e9gie internationales SIS\" title=\"Car show car clinic (5)\" srcset=\"https:\/\/www.sisinternational.com\/wp-content\/uploads\/2025\/09\/Car-show-car-clinic-5.jpg 1456w, https:\/\/www.sisinternational.com\/wp-content\/uploads\/2025\/09\/Car-show-car-clinic-5-300x168.jpg 300w, https:\/\/www.sisinternational.com\/wp-content\/uploads\/2025\/09\/Car-show-car-clinic-5-1024x574.jpg 1024w, https:\/\/www.sisinternational.com\/wp-content\/uploads\/2025\/09\/Car-show-car-clinic-5-768x430.jpg 768w, https:\/\/www.sisinternational.com\/wp-content\/uploads\/2025\/09\/Car-show-car-clinic-5-18x10.jpg 18w\" sizes=\"auto, (max-width: 1456px) 100vw, 1456px\"><\/figure>\n\n\n\n<p><\/p>\n\n\n\n<hr class=\"wp-block-separator has-alpha-channel-opacity is-style-dots\"\/>\n\n\n\n<p>La r\u00e9volution num\u00e9rique a \u00e9largi la port\u00e9e du march\u00e9 pour les constructeurs automobiles et a fourni aux consommateurs un acc\u00e8s sans pr\u00e9c\u00e9dent \u00e0 de nombreuses options, le tout \u00e0 port\u00e9e de main\u2026 Mais qu&#039;est-ce qui motive ce secteur en plein essor, et comment les entreprises tirent-elles parti des plateformes automobiles en ligne pour devancer la concurrence ? Les \u00e9tudes de march\u00e9 sur les plateformes automobiles en ligne permettent aux entreprises de comprendre les facteurs de succ\u00e8s et les attentes des clients pour stimuler la croissance et la rentabilit\u00e9.<\/p>\n\n\n\n<h2 class=\"wp-block-heading\">What is Online car platform market research?<\/h2>\n\n\n\n<p>Les \u00e9tudes de march\u00e9 sur les plateformes automobiles en ligne aident les entreprises \u00e0 comprendre la dynamique de ce march\u00e9 num\u00e9rique, en fournissant des informations sur les pr\u00e9f\u00e9rences des consommateurs, les tendances du march\u00e9 et les paysages concurrentiels.<\/p>\n\n\n\n<p>It enables businesses to tap into a wealth of data about consumer behavior, preferences, and purchasing patterns. Moreover, this <a class=\"wpil_keyword_link\" href=\"https:\/\/www.sisinternational.com\/fr\/home-2\/\"   title=\"Home Mock up for Ruth\" data-wpil-keyword-link=\"linked\"  data-wpil-monitor-id=\"559\">\u00e9tude de march\u00e9<\/a> assists businesses in understanding the effectiveness of their digital marketing strategies to gauge the impact of advertising campaigns, promotional offers, and other marketing tactics.<\/p>\n\n\n\n<h2 class=\"wp-block-heading\">What are the benefits of Online car platform market research?<\/h2>\n\n\n\n<p>The benefits of conducting online <a href=\"https:\/\/www.sisinternational.com\/fr\/connecte_car_market_research\/\" title=\"\u00c9tude de march\u00e9 sur les voitures connect\u00e9es\"  data-wpil-monitor-id=\"2046\">car platform market research<\/a> in this innovative sector are numerous, extending beyond simple consumer insights to drive strategic decision-making and competitive advantage.<\/p>\n\n\n\n<ul class=\"wp-block-list\">\n<li><a href=\"https:\/\/www.sisinternational.com\/fr\/competence\/les-industries\/etude-de-marche-sur-la-livraison-de-nourriture-en-ligne\/\" title=\"\u00c9tude de march\u00e9 sur la livraison de nourriture en ligne\"  data-wpil-monitor-id=\"5675\">Online car platform market research<\/a> provides invaluable data that helps businesses understand the market landscape, consumer preferences, and emerging trends. This insight is crucial for developing a platform that meets and exceeds consumer expectations, ensuring a seamless and engaging user experience.<\/li>\n\n\n\n<li>Il offre la capacit\u00e9 d\u2019identifier et de capitaliser sur les opportunit\u00e9s du march\u00e9. Dans un monde num\u00e9rique en \u00e9volution rapide, des tendances peuvent \u00e9merger et \u00e9voluer rapidement. Cette analyse de march\u00e9 maintient les entreprises \u00e0 la pointe de l&#039;innovation, leur permettant de rep\u00e9rer et d&#039;exploiter les nouvelles tendances avant leurs concurrents.<\/li>\n\n\n\n<li>Dans un march\u00e9 encombr\u00e9, se d\u00e9marquer est primordial. Les informations issues des \u00e9tudes de march\u00e9 peuvent \u00e9clairer des propositions de valeur uniques qui diff\u00e9rencient la plateforme de ses concurrents.<\/li>\n\n\n\n<li><a href=\"https:\/\/www.sisinternational.com\/fr\/competence\/les-industries\/etude-de-marche-sur-les-applications-de-rencontres-en-ligne\/\" title=\"\u00c9tude de march\u00e9 sur les applications de rencontres en ligne\"  data-wpil-monitor-id=\"5930\">Online car platform market research<\/a> facilitates continuous improvement. Regular <a href=\"https:\/\/www.sisinternational.com\/fr\/solutions\/innovation\/etude-de-marche-agile\/\" title=\"\u00c9tude de march\u00e9 agile\"  data-wpil-monitor-id=\"6119\">market research enables businesses to stay agile<\/a>, adapting to new technologies, changing consumer behaviors, and market dynamics.<\/li>\n<\/ul>\n\n\n\n<h2 class=\"wp-block-heading\">Competitors in this market<\/h2>\n\n\n\n<figure class=\"gb-block-image gb-block-image-dfdb7dc0\"><img loading=\"lazy\" decoding=\"async\" width=\"1456\" height=\"816\" class=\"gb-image gb-image-dfdb7dc0\" src=\"https:\/\/www.sisinternational.com\/wp-content\/uploads\/2025\/09\/Car-show-car-clinic-8.jpg\" alt=\"\u00c9tudes de march\u00e9 et strat\u00e9gie internationales SIS\" title=\"Car show car clinic (8)\" srcset=\"https:\/\/www.sisinternational.com\/wp-content\/uploads\/2025\/09\/Car-show-car-clinic-8.jpg 1456w, https:\/\/www.sisinternational.com\/wp-content\/uploads\/2025\/09\/Car-show-car-clinic-8-300x168.jpg 300w, https:\/\/www.sisinternational.com\/wp-content\/uploads\/2025\/09\/Car-show-car-clinic-8-1024x574.jpg 1024w, https:\/\/www.sisinternational.com\/wp-content\/uploads\/2025\/09\/Car-show-car-clinic-8-768x430.jpg 768w, https:\/\/www.sisinternational.com\/wp-content\/uploads\/2025\/09\/Car-show-car-clinic-8-18x10.jpg 18w\" sizes=\"auto, (max-width: 1456px) 100vw, 1456px\"><\/figure>\n\n\n\n<p><\/p>\n\n\n\n<p>Le march\u00e9 des plateformes automobiles en ligne est un paysage dynamique et concurrentiel caract\u00e9ris\u00e9 par un m\u00e9lange de g\u00e9ants \u00e9tablis et de nouveaux arrivants innovants. Comprendre qui sont les principaux acteurs donne un aper\u00e7u de la dynamique concurrentielle et des tendances en mati\u00e8re d&#039;innovation du secteur.<\/p>\n\n\n\n<ul class=\"wp-block-list\">\n<li>AutoTrader, une plateforme d&#039;achat et de vente de voitures en ligne chevronn\u00e9e qui s&#039;adapte et \u00e9volue depuis des ann\u00e9es avec les besoins des consommateurs et les progr\u00e8s technologiques. Ses listes compl\u00e8tes de v\u00e9hicules, ses critiques d\u00e9taill\u00e9es de voitures et son interface conviviale en font une ressource incontournable pour les acheteurs et les vendeurs.<\/li>\n\n\n\n<li>CarGurus adopte une approche bas\u00e9e sur les donn\u00e9es du march\u00e9 automobile en ligne, proposant des analyses d\u00e9taill\u00e9es et des outils de tarification pour aider les utilisateurs \u00e0 trouver les meilleures offres. L&#039;accent mis sur la transparence et la valeur pour les acheteurs et les vendeurs le distingue dans l&#039;espace automobile en ligne tr\u00e8s fr\u00e9quent\u00e9.<\/li>\n\n\n\n<li>Cars.com is another significant player, known for its extensive listings and powerful search tools that cater to a wide range of consumer preferences. Its investment in mobile technology and digital marketing tools has solidified its presence among tech-savvy <a href=\"https:\/\/www.sisinternational.com\/fr\/competence\/les-industries\/etude-de-marche-sur-lintention-de-lacheteur\/\" title=\"\u00c9tude de march\u00e9 sur l\u2019intention de l\u2019acheteur\"  data-wpil-monitor-id=\"7178\">car<\/a> buyers and sellers.<\/li>\n\n\n\n<li>Bring a Trailer s&#039;est taill\u00e9 une niche en s&#039;adressant aux passionn\u00e9s et aux collectionneurs, en proposant une s\u00e9lection organis\u00e9e de v\u00e9hicules rares, vintage et haut de gamme, accompagn\u00e9s par une communaut\u00e9 d&#039;utilisateurs passionn\u00e9s.<\/li>\n\n\n\n<li>Carvana a boulevers\u00e9 le processus traditionnel d&#039;achat de voiture en proposant une exp\u00e9rience d&#039;achat enti\u00e8rement en ligne, avec livraison \u00e0 domicile. Son utilisation innovante de points de retrait de type distributeur automatique et son exp\u00e9rience client en font un choix populaire parmi les jeunes consommateurs qui privil\u00e9gient le num\u00e9rique.<\/li>\n<\/ul>\n\n\n\n<h2 class=\"wp-block-heading\">What Makes SIS International a Top Online Car Platform Market Research Provider?<\/h2>\n\n\n\n<p>In the fast-paced and competitive world of online car platforms, SIS International offers comprehensive online car <a href=\"https:\/\/www.sisinternational.com\/fr\/competence\/les-industries\/etude-de-marche-automobile\/cliniques-automobiles-statiques-et-dynamiques\/\" title=\"Market Research Methods for Automotive Research &#8211; Static vs Dynamic Car Clinics\"  data-wpil-monitor-id=\"1543\">platform market research<\/a> services that empower businesses to navigate the complexities of the digital automotive marketplace confidently. By leveraging deep industry expertise and cutting-edge analytical tools, SIS provides actionable insights that help businesses make informed strategic decisions, optimize their offerings, and achieve sustainable growth.<\/p>\n\n\n\n<ul class=\"wp-block-list\">\n<li><strong>Prise de d\u00e9cision strat\u00e9gique\u00a0:<\/strong> Les \u00e9tudes de march\u00e9 de SIS International offrent aux entreprises une compr\u00e9hension approfondie du march\u00e9 des plateformes automobiles en ligne, y compris les comportements, les pr\u00e9f\u00e9rences et les tendances \u00e9mergentes des consommateurs. Ces informations pr\u00e9cieuses soutiennent la prise de d\u00e9cision strat\u00e9gique, permettant aux entreprises d&#039;aligner leur d\u00e9veloppement de produits, leurs strat\u00e9gies marketing et leurs mod\u00e8les commerciaux avec les demandes et les opportunit\u00e9s du march\u00e9.<\/li>\n\n\n\n<li><strong>Analyse comp\u00e9titive:<\/strong> SIS fournit des analyses d\u00e9taill\u00e9es des concurrents, y compris leurs forces, leurs faiblesses, leur positionnement sur le march\u00e9 et leurs strat\u00e9gies. Il permet aux entreprises d&#039;identifier des propositions de valeur uniques, de se diff\u00e9rencier de leurs concurrents et de conqu\u00e9rir des parts de march\u00e9.<\/li>\n\n\n\n<li><strong>Innovation et d\u00e9veloppement de produits\u00a0:<\/strong> L&#039;\u00e9tude de march\u00e9 de la plateforme automobile en ligne de SIS identifie ces tendances \u00e0 un stade pr\u00e9coce, fournissant ainsi aux entreprises une base pour l&#039;innovation et le d\u00e9veloppement de produits. Cette approche tourn\u00e9e vers l&#039;avenir garantit que les entreprises gardent une longueur d&#039;avance, en offrant des fonctionnalit\u00e9s et des services de pointe qui r\u00e9pondent aux besoins futurs des consommateurs.<\/li>\n\n\n\n<li><strong>Marketing et positionnement de marque\u00a0:<\/strong> Un marketing et un positionnement de marque efficaces sont essentiels pour attirer et fid\u00e9liser les utilisateurs sur les plateformes automobiles en ligne. Les consultants de SIS d\u00e9couvrent des informations sur les canaux, messages et strat\u00e9gies marketing les plus efficaces, aidant les entreprises \u00e0 \u00e9laborer des campagnes cibl\u00e9es qui trouvent un \u00e9cho aupr\u00e8s de leur public et \u00e0 construire une marque forte et reconnaissable.<\/li>\n<\/ul>\n\n\n\n<h2 class=\"wp-block-heading\">Notre emplacement \u00e0 New York<\/h2>\n\n\n\n<p>\n\n\n\n<iframe loading=\"lazy\" src=\"https:\/\/www.google.com\/maps\/embed?pb=!1m18!1m12!1m3!1d3022.976188376966!2d-73.99130312499956!3d40.740549471389315!2m3!1f0!2f0!3f0!3m2!1i1024!2i768!4f13.1!3m3!1m2!1s0x89c259a15798c731%3A0xd695d09bdd495f25!2s11%20E%2022nd%20St%20FL%202%2C%20New%20York%2C%20NY%2010010%2C%20USA!5e0!3m2!1sen!2spe!4v1726171763526!5m2!1sen!2spe\" width=\"600\" height=\"450\" allowfullscreen=\"allowfullscreen\" data-mce-fragment=\"1\"><\/iframe>\n\n\n\n<\/p>\n\n\n\n<h3 class=\"wp-block-heading\">11 E 22nd Street, \u00e9tage 2, New York, NY 10010 T\u00e9l. : +1(212) 505-6805<\/h3>\n\n\n\n<hr class=\"wp-block-separator has-alpha-channel-opacity\"\/>\n\n\n\n<h2 class=\"wp-block-heading\"><span style=\"font-weight: 400;\">\u00c0 propos de SIS International<\/span><\/h2>\n\n\n\n<p><a href=\"https:\/\/www.sisinternational.com\/fr\/\"><span style=\"font-weight: 400;\">SIS International<\/span><\/a><span style=\"font-weight: 400;\"> propose des recherches quantitatives, qualitatives et strat\u00e9giques. Nous fournissons des donn\u00e9es, des outils, des strat\u00e9gies, des rapports et des informations pour la prise de d\u00e9cision. Nous menons \u00e9galement des entretiens, des enqu\u00eates, des groupes de discussion et d\u2019autres m\u00e9thodes et approches d\u2019\u00e9tudes de march\u00e9.<\/span><a href=\"https:\/\/www.sisinternational.com\/fr\/a-propos-de-la-recherche-internationale-sis\/contact-sis-international-market-research\/\"><span style=\"font-weight: 400;\"> Contactez nous<\/span><\/a><span style=\"font-weight: 400;\"> pour votre prochain projet d&#039;\u00e9tude de march\u00e9.<\/span><\/p>\n\n\n\n<p><\/p>","protected":false},"excerpt":{"rendered":"<p>Les \u00e9tudes de march\u00e9 sur les plateformes automobiles en ligne aident les entreprises automobiles \u00e0 comprendre le march\u00e9 num\u00e9rique en fournissant des informations et des tendances aux consommateurs.<\/p>","protected":false},"author":1,"featured_media":66809,"parent":14514,"menu_order":430,"comment_status":"closed","ping_status":"closed","template":"","meta":{"footnotes":""},"class_list":["post-46995","page","type-page","status-publish","has-post-thumbnail"],"_links":{"self":[{"href":"https:\/\/www.sisinternational.com\/fr\/wp-json\/wp\/v2\/pages\/46995","targetHints":{"allow":["GET"]}}],"collection":[{"href":"https:\/\/www.sisinternational.com\/fr\/wp-json\/wp\/v2\/pages"}],"about":[{"href":"https:\/\/www.sisinternational.com\/fr\/wp-json\/wp\/v2\/types\/page"}],"author":[{"embeddable":true,"href":"https:\/\/www.sisinternational.com\/fr\/wp-json\/wp\/v2\/users\/1"}],"replies":[{"embeddable":true,"href":"https:\/\/www.sisinternational.com\/fr\/wp-json\/wp\/v2\/comments?post=46995"}],"version-history":[{"count":15,"href":"https:\/\/www.sisinternational.com\/fr\/wp-json\/wp\/v2\/pages\/46995\/revisions"}],"predecessor-version":[{"id":80740,"href":"https:\/\/www.sisinternational.com\/fr\/wp-json\/wp\/v2\/pages\/46995\/revisions\/80740"}],"up":[{"embeddable":true,"href":"https:\/\/www.sisinternational.com\/fr\/wp-json\/wp\/v2\/pages\/14514"}],"wp:featuredmedia":[{"embeddable":true,"href":"https:\/\/www.sisinternational.com\/fr\/wp-json\/wp\/v2\/media\/66809"}],"wp:attachment":[{"href":"https:\/\/www.sisinternational.com\/fr\/wp-json\/wp\/v2\/media?parent=46995"}],"curies":[{"name":"wp","href":"https:\/\/api.w.org\/{rel}","templated":true}]}}