{"id":46984,"date":"2024-03-19T23:46:56","date_gmt":"2024-03-20T03:46:56","guid":{"rendered":"https:\/\/www.sisinternational.com\/?page_id=46984"},"modified":"2026-01-27T16:44:16","modified_gmt":"2026-01-27T21:44:16","slug":"conseil-en-etudes-de-marche-sur-le-groupe-motopropulseur","status":"publish","type":"page","link":"https:\/\/www.sisinternational.com\/fr\/competence\/conseil-en-etudes-de-marche-sur-le-groupe-motopropulseur\/","title":{"rendered":"\u00c9tudes de march\u00e9 et conseils en mati\u00e8re de groupes motopropulseurs"},"content":{"rendered":"<h1 class=\"wp-block-heading\">\u00c9tudes de march\u00e9 et conseils en mati\u00e8re de groupes motopropulseurs<\/h1>\n\n\n\n<figure class=\"gb-block-image gb-block-image-1ab4b53e\"><img loading=\"lazy\" decoding=\"async\" width=\"1456\" height=\"816\" class=\"gb-image gb-image-1ab4b53e\" src=\"https:\/\/www.sisinternational.com\/wp-content\/uploads\/2025\/08\/Power-train-5.jpg\" alt=\"\u00c9tudes de march\u00e9 et strat\u00e9gie internationales SIS\" title=\"Power train (5)\" srcset=\"https:\/\/www.sisinternational.com\/wp-content\/uploads\/2025\/08\/Power-train-5.jpg 1456w, https:\/\/www.sisinternational.com\/wp-content\/uploads\/2025\/08\/Power-train-5-300x168.jpg 300w, https:\/\/www.sisinternational.com\/wp-content\/uploads\/2025\/08\/Power-train-5-1024x574.jpg 1024w, https:\/\/www.sisinternational.com\/wp-content\/uploads\/2025\/08\/Power-train-5-768x430.jpg 768w, https:\/\/www.sisinternational.com\/wp-content\/uploads\/2025\/08\/Power-train-5-18x10.jpg 18w\" sizes=\"auto, (max-width: 1456px) 100vw, 1456px\"><\/figure>\n\n\n\n<hr class=\"wp-block-separator has-alpha-channel-opacity is-style-dots\"\/>\n\n\n\n<p>Dans un paysage automobile en \u00e9volution, o\u00f9 les r\u00e9glementations environnementales et les pr\u00e9f\u00e9rences des consommateurs conduisent \u00e0 une \u00e9volution significative vers l\u2019\u00e9lectrification, les \u00e9tudes de march\u00e9 et le conseil en mati\u00e8re de groupes motopropulseurs sont devenus des outils indispensables.<\/p>\n\n\n\n<h2 class=\"wp-block-heading\">What Is Powertrain market research? <\/h2>\n\n\n\n<p>Les \u00e9tudes de march\u00e9 et les conseils en mati\u00e8re de groupes motopropulseurs offrent des informations qui stimulent les progr\u00e8s en mati\u00e8re de performances des v\u00e9hicules, d\u2019efficacit\u00e9 \u00e9nerg\u00e9tique et de r\u00e9duction des \u00e9missions. Ce domaine de recherche sp\u00e9cialis\u00e9 met en lumi\u00e8re les tendances actuelles du march\u00e9 et les avanc\u00e9es technologiques et pr\u00e9voit les orientations futures, permettant aux entreprises de garder une longueur d&#039;avance dans un secteur extr\u00eamement concurrentiel.<\/p>\n\n\n\n<h2 class=\"wp-block-heading\">Pourquoi c&#039;est important? <\/h2>\n\n\n\n<p>Powertrain <a class=\"wpil_keyword_link\" href=\"https:\/\/www.sisinternational.com\/fr\/publications\/\"   title=\"Publications\" data-wpil-keyword-link=\"linked\"  data-wpil-monitor-id=\"565\">\u00e9tude de march\u00e9<\/a> and consulting comprehensively analyze the components that drive the automotive industry forward. This includes engines, transmissions, electric motors, batteries, and the software that controls these elements.<\/p>\n\n\n\n<p>Furthermore, this market research and consulting facilitate a deeper understanding of the competitive dynamics within the <a href=\"https:\/\/www.sisinternational.com\/fr\/marche-mondial-des-capteurs-automobiles\/\" title=\"\u00c9tude de march\u00e9 sur les capteurs automobiles\"  data-wpil-monitor-id=\"7532\">automobile<\/a> industry. Through analysis of market leaders, emerging players, and technological innovations, businesses can benchmark their offerings and identify opportunities for differentiation and growth.<\/p>\n\n\n\n<p>Additionally, powertrain market research and consulting help businesses develop powertrain solutions that meet consumer demands. Insights into consumer trends enable companies to prioritize research and development efforts, ensuring their products resonate with market expectations and drive sales. It also allows businesses to keep pace with these technological changes, identifying opportunities for innovation and differentiation. <\/p>\n\n\n\n<h2 class=\"wp-block-heading\">Its Benefits<\/h2>\n\n\n\n<p>S&#039;engager dans des \u00e9tudes de march\u00e9 et des conseils en mati\u00e8re de groupes motopropulseurs offre aux entreprises du secteur automobile un avantage concurrentiel, leur permettant de naviguer en toute confiance dans un paysage en \u00e9volution rapide. Les connaissances acquises gr\u00e2ce \u00e0 cette recherche sp\u00e9cialis\u00e9e fournissent une base solide pour la prise de d\u00e9cision strat\u00e9gique, stimulant l\u2019innovation et favorisant une croissance durable.<\/p>\n\n\n\n<ul class=\"wp-block-list\">\n<li><strong>Prise de d\u00e9cision strat\u00e9gique am\u00e9lior\u00e9e\u00a0:<\/strong> Les \u00e9tudes de march\u00e9 et le conseil en mati\u00e8re de groupes motopropulseurs fournissent aux d\u00e9cideurs des informations bas\u00e9es sur des donn\u00e9es sur les tendances actuelles et futures de l&#039;industrie automobile. Cette compr\u00e9hension globale facilite le d\u00e9veloppement de strat\u00e9gies \u00e9clair\u00e9es qui s\u2019alignent sur l\u2019\u00e9volution des demandes du march\u00e9, des progr\u00e8s technologiques et des cadres r\u00e9glementaires.<\/li>\n\n\n\n<li><strong>Innovation et d\u00e9veloppement de produits\u00a0:<\/strong> Cette \u00e9tude de march\u00e9 identifie les technologies \u00e9mergentes et les pr\u00e9f\u00e9rences des consommateurs, guidant le d\u00e9veloppement de solutions de groupe motopropulseur nouvelles et am\u00e9lior\u00e9es qui r\u00e9pondent ou d\u00e9passent les attentes du march\u00e9.<\/li>\n\n\n\n<li><strong>Positionnement sur le march\u00e9 et avantage concurrentiel\u00a0:<\/strong> Les \u00e9tudes de march\u00e9 et le conseil proposent des analyses d\u00e9taill\u00e9es des concurrents, y compris leurs forces, leurs faiblesses et leurs actions strat\u00e9giques. Cette intelligence permet aux entreprises d&#039;identifier des arguments de vente uniques et de d\u00e9velopper des strat\u00e9gies de positionnement mettant en valeur leurs avantages, am\u00e9liorant ainsi leur position concurrentielle sur le march\u00e9.<\/li>\n\n\n\n<li><strong>Identifier les opportunit\u00e9s de partenariat et de collaboration\u00a0:<\/strong> La collaboration devient de plus en plus importante \u00e0 mesure que l\u2019industrie automobile \u00e9volue vers des solutions d\u2019\u00e9lectrification et de mobilit\u00e9 intelligente. Les \u00e9tudes de march\u00e9 et les conseils en mati\u00e8re de groupes motopropulseurs peuvent r\u00e9v\u00e9ler des opportunit\u00e9s de partenariat potentielles avec des fournisseurs de technologies, des fournisseurs et des instituts de recherche.<\/li>\n<\/ul>\n\n\n\n<h2 class=\"wp-block-heading\">When to Conduct Powertrain Market Research <\/h2>\n\n\n\n<p>Pour les entreprises de l\u2019industrie automobile, il est essentiel de comprendre le moment optimal pour mener des \u00e9tudes de march\u00e9 et des conseils en mati\u00e8re de groupes motopropulseurs afin d\u2019en tirer pleinement parti. Ce timing strat\u00e9gique peut influencer consid\u00e9rablement les cycles de d\u00e9veloppement de produits, les strat\u00e9gies d\u2019entr\u00e9e sur le march\u00e9 et le positionnement concurrentiel.<\/p>\n\n\n\n<ul class=\"wp-block-list\">\n<li><strong>En avance sur le d\u00e9veloppement de nouveaux produits\u00a0:<\/strong> Before developing a new powertrain system or component, conducting market research is essential. This early-stage <a href=\"https:\/\/www.sisinternational.com\/fr\/analyse-de-lindustrie-textile\/\" title=\"\u00c9tude de march\u00e9 textile\"  data-wpil-monitor-id=\"2071\">research helps identify current market<\/a> needs, emerging trends, and potential technological advancements.<\/li>\n\n\n\n<li><strong>En r\u00e9ponse aux changements technologiques\u00a0:<\/strong> Le secteur du groupe motopropulseur automobile est soumis \u00e0 des \u00e9volutions technologiques rapides, comme la transition vers l\u2019\u00e9lectrification et l\u2019hybridation. Les entreprises devraient mener des \u00e9tudes de march\u00e9 lorsque des changements technologiques importants se produisent pour \u00e9valuer l&#039;impact sur leurs gammes de produits et identifier les opportunit\u00e9s d&#039;innovation.<\/li>\n\n\n\n<li><strong>Modifications r\u00e9glementaires suivantes\u00a0:<\/strong> Les changements r\u00e9glementaires, en particulier ceux li\u00e9s aux normes d\u2019\u00e9missions et d\u2019efficacit\u00e9 \u00e9nerg\u00e9tique, ont un impact significatif sur les technologies de groupes motopropulseurs. Les entreprises doivent entreprendre des \u00e9tudes de march\u00e9 et des conseils apr\u00e8s de tels changements pour comprendre leurs implications et ajuster leurs strat\u00e9gies de produits en cons\u00e9quence.<\/li>\n<\/ul>\n\n\n\n<h2 class=\"wp-block-heading\">The SIS Advantage<\/h2>\n\n\n\n<p>Lorsque les entreprises s&#039;engagent aupr\u00e8s de SIS International pour des \u00e9tudes de march\u00e9 et des conseils en mati\u00e8re de groupes motopropulseurs, elles peuvent anticiper une s\u00e9rie de r\u00e9sultats strat\u00e9giques qui renforcent leur position au sein de l&#039;industrie automobile. Ces r\u00e9sultats sont con\u00e7us non seulement pour r\u00e9pondre aux d\u00e9fis imm\u00e9diats du march\u00e9, mais \u00e9galement pour exploiter les opportunit\u00e9s \u00e0 long terme. Voici \u00e0 quoi les entreprises peuvent s\u2019attendre\u00a0:<\/p>\n\n\n\n<figure class=\"gb-block-image gb-block-image-c66fc5a8\"><img loading=\"lazy\" decoding=\"async\" width=\"1456\" height=\"816\" class=\"gb-image gb-image-c66fc5a8\" src=\"https:\/\/www.sisinternational.com\/wp-content\/uploads\/2025\/08\/Power-train-2.jpg\" alt=\"\u00c9tudes de march\u00e9 et strat\u00e9gie internationales SIS\" title=\"Power train (2)\" srcset=\"https:\/\/www.sisinternational.com\/wp-content\/uploads\/2025\/08\/Power-train-2.jpg 1456w, https:\/\/www.sisinternational.com\/wp-content\/uploads\/2025\/08\/Power-train-2-300x168.jpg 300w, https:\/\/www.sisinternational.com\/wp-content\/uploads\/2025\/08\/Power-train-2-1024x574.jpg 1024w, https:\/\/www.sisinternational.com\/wp-content\/uploads\/2025\/08\/Power-train-2-768x430.jpg 768w, https:\/\/www.sisinternational.com\/wp-content\/uploads\/2025\/08\/Power-train-2-18x10.jpg 18w\" sizes=\"auto, (max-width: 1456px) 100vw, 1456px\"><\/figure>\n\n\n\n<p><\/p>\n\n\n\n<ul class=\"wp-block-list\">\n<li><strong>Comprehensive <\/strong><a href=\"https:\/\/www.sisinternational.com\/fr\/transport-en-ambulance\/\" title=\"\u00c9tude de march\u00e9 sur le transport ambulancier\"  data-wpil-monitor-id=\"2088\">Market Insights: SIS\u2019s research<\/a> provides an extensive analysis of the powertrain market, covering trends, consumer preferences, technological advancements, and regulatory landscapes. This depth of insight ensures businesses have a holistic understanding of the environment in which they operate, allowing for more nuanced and informed strategic planning.<\/li>\n\n\n\n<li><strong>Voies d&#039;innovation\u00a0:<\/strong> Gr\u00e2ce \u00e0 des recherches et des conseils assidus, SIS identifie les technologies et innovations \u00e9mergentes dans le secteur du groupe motopropulseur que les entreprises peuvent exploiter. Ces informations peuvent conduire au d\u00e9veloppement de produits et de services r\u00e9volutionnaires qui r\u00e9pondent aux demandes changeantes du march\u00e9 et distinguent les entreprises de leurs concurrents.<\/li>\n\n\n\n<li><strong>Strat\u00e9gies comp\u00e9titives\u00a0:<\/strong> Gr\u00e2ce \u00e0 l&#039;analyse concurrentielle d\u00e9taill\u00e9e de SIS, les entreprises comprennent leur position par rapport \u00e0 leurs principaux concurrents, y compris des informations sur les strat\u00e9gies, les forces et les faiblesses des concurrents. Ces connaissances sont essentielles au d\u00e9veloppement de strat\u00e9gies diff\u00e9renci\u00e9es qui tirent parti des atouts commerciaux et des opportunit\u00e9s de march\u00e9 uniques.<\/li>\n\n\n\n<li><strong>Conformit\u00e9 r\u00e9glementaire\u00a0:<\/strong> SIS guide les entreprises dans leurs exigences r\u00e9glementaires complexes affectant les technologies de transmission, aidant ainsi les entreprises \u00e0 anticiper et \u00e0 s&#039;adapter aux changements r\u00e9glementaires. Cette approche proactive garantit la conformit\u00e9 et r\u00e9duit le risque de sanctions co\u00fbteuses ou d\u2019atteinte \u00e0 la r\u00e9putation.<\/li>\n\n\n\n<li><strong>Opportunit\u00e9s de partenariat et d\u2019investissement d\u00e9couvertes\u00a0:<\/strong> Enfin, les \u00e9tudes de march\u00e9 de SIS peuvent r\u00e9v\u00e9ler des opportunit\u00e9s potentielles de partenariat et d&#039;investissement susceptibles d&#039;acc\u00e9l\u00e9rer la croissance et l&#039;innovation. Les entreprises peuvent poursuivre des collaborations qui am\u00e9liorent leurs offres et leur pr\u00e9sence sur le march\u00e9 en identifiant des entreprises dot\u00e9es de technologies ou de capacit\u00e9s compl\u00e9mentaires.<\/li>\n<\/ul>\n\n\n\n<h2 class=\"wp-block-heading\">les industries<\/h2>\n\n\n\n<p>Le secteur du groupe motopropulseur fait partie int\u00e9grante de diverses industries, avec ses avanc\u00e9es et innovations qui fa\u00e7onnent l\u2019avenir de la mobilit\u00e9 et des transports. Voici des secteurs sp\u00e9cifiques qui s\u2019appuient sur les \u00e9tudes de march\u00e9 et le conseil en mati\u00e8re de groupes motopropulseurs pour leur d\u00e9veloppement, leur comp\u00e9titivit\u00e9 et leur durabilit\u00e9.<\/p>\n\n\n\n<ul class=\"wp-block-list\">\n<li><strong>Fabrication automobile\u00a0:<\/strong> Les constructeurs automobiles tirent parti des services de recherche et de conseil pour d\u00e9velopper et perfectionner des moteurs, des transmissions et des unit\u00e9s d&#039;entra\u00eenement \u00e9lectriques. Des entreprises comme Toyota, Volkswagen et Tesla recherchent continuellement des moyens d&#039;am\u00e9liorer le rendement \u00e9nerg\u00e9tique, de r\u00e9duire les \u00e9missions et d&#039;am\u00e9liorer les performances, en s&#039;appuyant sur les connaissances du march\u00e9 pour guider leurs strat\u00e9gies de d\u00e9veloppement de produits.<\/li>\n\n\n\n<li><strong>V\u00e9hicules utilitaires et machinerie lourde\u00a0:<\/strong> Les constructeurs de v\u00e9hicules commerciaux et de machines lourdes, notamment des soci\u00e9t\u00e9s comme Volvo, Caterpillar et John Deere, d\u00e9pendent \u00e9galement des progr\u00e8s technologiques en mati\u00e8re de groupes motopropulseurs. Ce secteur se concentre sur la maximisation de l\u2019efficacit\u00e9, de la durabilit\u00e9 et de la fiabilit\u00e9 pour r\u00e9pondre aux exigences rigoureuses des services de construction, d\u2019agriculture et de transport.<\/li>\n\n\n\n<li><strong>Fabricants de v\u00e9hicules \u00e9lectriques (VE) et hybrides\u00a0:<\/strong> The rapid growth of the EV and hybrid <a href=\"https:\/\/www.sisinternational.com\/fr\/competence\/etude-de-marche-sur-les-produits-chimiques-en-vrac\/\" title=\"\u00c9tude de march\u00e9 sur les produits chimiques en vrac\"  data-wpil-monitor-id=\"2123\">markets has underscored the importance of powertrain<\/a> research in developing efficient battery systems, electric motors, and integrated control software.<\/li>\n\n\n\n<li><strong>Industrie a\u00e9rospaciale:<\/strong> Bien que cela ne soit pas \u00e9vident au premier abord, l\u2019industrie a\u00e9rospatiale, y compris des soci\u00e9t\u00e9s comme Boeing et Airbus, explore de plus en plus les syst\u00e8mes de propulsion \u00e9lectrique pour les avions. La recherche sur les groupes motopropulseurs dans ce secteur se concentre sur le d\u00e9veloppement de moteurs et d\u2019\u00e9lectronique de puissance l\u00e9gers et \u00e0 haut rendement capables de r\u00e9pondre aux exigences uniques de l\u2019aviation.<\/li>\n\n\n\n<li><strong>Secteur maritime\u00a0:<\/strong> Les constructeurs navals et les fabricants de syst\u00e8mes de propulsion marine m\u00e8nent \u00e9galement des \u00e9tudes de march\u00e9 sur les groupes motopropulseurs, cherchant des moyens de r\u00e9duire l&#039;impact environnemental du transport maritime. Des entreprises comme Rolls-Royce Marine et W\u00e4rtsil\u00e4 explorent l\u2019\u00e9lectrification, les syst\u00e8mes hybrides et les carburants alternatifs pour propulser les navires commerciaux et r\u00e9cr\u00e9atifs de mani\u00e8re plus durable.<\/li>\n<\/ul>\n\n\n\n<h2 class=\"wp-block-heading\">Why SIS?<\/h2>\n\n\n\n<p>SIS fournit des informations et des analyses compl\u00e8tes qui peuvent aider les entreprises des mani\u00e8res suivantes\u00a0:<\/p>\n\n\n\n<ul class=\"wp-block-list\">\n<li><strong>Compr\u00e9hension du march\u00e9\u00a0:<\/strong> Les consultants de SIS International aident les entreprises \u00e0 comprendre l&#039;\u00e9tat actuel du march\u00e9 du groupe motopropulseur, y compris les tendances, les moteurs de la demande et les pr\u00e9f\u00e9rences des clients. Ces informations sont cruciales pour prendre des d\u00e9cisions \u00e9clair\u00e9es concernant le d\u00e9veloppement de produits et les strat\u00e9gies marketing.<\/li>\n\n\n\n<li><strong>Analyse comp\u00e9titive:<\/strong> L&#039;entreprise fournit des informations sur le paysage concurrentiel, aidant les entreprises \u00e0 identifier leurs principaux concurrents, \u00e0 comprendre leurs strat\u00e9gies et \u00e0 trouver des opportunit\u00e9s pour diff\u00e9rencier leurs offres.<\/li>\n\n\n\n<li><strong>Tendances technologiques\u00a0:<\/strong> Alors que l&#039;industrie automobile conna\u00eet des changements importants, notamment en mati\u00e8re d&#039;\u00e9lectrification et de technologies hybrides, SIS aide les entreprises \u00e0 garder une longueur d&#039;avance en identifiant les technologies \u00e9mergentes et les tendances du march\u00e9.<\/li>\n\n\n\n<li><strong>Informations r\u00e9glementaires\u00a0:<\/strong> Nous fournissons une analyse des tendances r\u00e9glementaires et de leur impact sur le march\u00e9 du groupe motopropulseur, aidant ainsi les entreprises \u00e0 naviguer dans un environnement r\u00e9glementaire complexe et \u00e0 planifier leur conformit\u00e9.<\/li>\n\n\n\n<li><strong>D\u00e9veloppement de produits\u00a0:<\/strong> Les informations fournies par nos experts peuvent \u00e9clairer les d\u00e9cisions de d\u00e9veloppement de produits, aidant ainsi les entreprises \u00e0 concevoir des solutions de groupes motopropulseurs qui r\u00e9pondent aux demandes du march\u00e9 et aux attentes des clients.<\/li>\n\n\n\n<li><strong>Entr\u00e9e et expansion du march\u00e9\u00a0:<\/strong> For businesses looking to enter new markets or expand their presence, SIS International&#8217;s <a href=\"https:\/\/www.sisinternational.com\/fr\/solutions\/etude-de-marche-b2b2c\/\" title=\"\u00c9tudes de march\u00e9 B2B2C\"  data-wpil-monitor-id=\"2137\">research can provide valuable insights into market<\/a> potential, entry barriers, and local competition.<\/li>\n\n\n\n<li><strong>Optimisation de la cha\u00eene d&#039;approvisionnement\u00a0:<\/strong> Nous pouvons aider les entreprises \u00e0 optimiser leur cha\u00eene d&#039;approvisionnement en identifiant les fournisseurs cl\u00e9s, en analysant les structures de co\u00fbts et en \u00e9valuant les risques.<\/li>\n<\/ul>\n\n\n\n<p><\/p>","protected":false},"excerpt":{"rendered":"<p>Les \u00e9tudes de march\u00e9 et les conseils en mati\u00e8re de groupes motopropulseurs analysent de mani\u00e8re exhaustive les composants qui font avancer l\u2019industrie automobile.<\/p>","protected":false},"author":1,"featured_media":64834,"parent":14514,"menu_order":429,"comment_status":"closed","ping_status":"closed","template":"","meta":{"footnotes":""},"class_list":["post-46984","page","type-page","status-publish","has-post-thumbnail"],"_links":{"self":[{"href":"https:\/\/www.sisinternational.com\/fr\/wp-json\/wp\/v2\/pages\/46984","targetHints":{"allow":["GET"]}}],"collection":[{"href":"https:\/\/www.sisinternational.com\/fr\/wp-json\/wp\/v2\/pages"}],"about":[{"href":"https:\/\/www.sisinternational.com\/fr\/wp-json\/wp\/v2\/types\/page"}],"author":[{"embeddable":true,"href":"https:\/\/www.sisinternational.com\/fr\/wp-json\/wp\/v2\/users\/1"}],"replies":[{"embeddable":true,"href":"https:\/\/www.sisinternational.com\/fr\/wp-json\/wp\/v2\/comments?post=46984"}],"version-history":[{"count":13,"href":"https:\/\/www.sisinternational.com\/fr\/wp-json\/wp\/v2\/pages\/46984\/revisions"}],"predecessor-version":[{"id":81158,"href":"https:\/\/www.sisinternational.com\/fr\/wp-json\/wp\/v2\/pages\/46984\/revisions\/81158"}],"up":[{"embeddable":true,"href":"https:\/\/www.sisinternational.com\/fr\/wp-json\/wp\/v2\/pages\/14514"}],"wp:featuredmedia":[{"embeddable":true,"href":"https:\/\/www.sisinternational.com\/fr\/wp-json\/wp\/v2\/media\/64834"}],"wp:attachment":[{"href":"https:\/\/www.sisinternational.com\/fr\/wp-json\/wp\/v2\/media?parent=46984"}],"curies":[{"name":"wp","href":"https:\/\/api.w.org\/{rel}","templated":true}]}}