{"id":46981,"date":"2024-03-19T23:45:21","date_gmt":"2024-03-20T03:45:21","guid":{"rendered":"https:\/\/www.sisinternational.com\/?page_id=46981"},"modified":"2026-03-12T12:48:53","modified_gmt":"2026-03-12T16:48:53","slug":"etude-de-marche-sur-les-soins-durgence","status":"publish","type":"page","link":"https:\/\/www.sisinternational.com\/fr\/solutions\/etudes-de-marche-sur-les-biotechnologies-et-les-produits-pharmaceutiques-en-matiere-de-soins-de-sante-medicaux\/etude-de-marche-sur-les-soins-durgence\/","title":{"rendered":"\u00c9tude de march\u00e9 sur les soins d\u2019urgence"},"content":{"rendered":"<h1 class=\"wp-block-heading\">\u00c9tude de march\u00e9 sur les soins d\u2019urgence<\/h1>\n\n\n\n<figure class=\"gb-block-image gb-block-image-6f28a32a\"><img loading=\"lazy\" decoding=\"async\" width=\"1456\" height=\"816\" class=\"gb-image gb-image-6f28a32a\" src=\"https:\/\/www.sisinternational.com\/wp-content\/uploads\/2025\/08\/Hospitan-urgent-care-4.jpg\" alt=\"\u00c9tudes de march\u00e9 et strat\u00e9gie internationales SIS\" title=\"Hospita\u00f1 urgent care (4)\" srcset=\"https:\/\/www.sisinternational.com\/wp-content\/uploads\/2025\/08\/Hospitan-urgent-care-4.jpg 1456w, https:\/\/www.sisinternational.com\/wp-content\/uploads\/2025\/08\/Hospitan-urgent-care-4-300x168.jpg 300w, https:\/\/www.sisinternational.com\/wp-content\/uploads\/2025\/08\/Hospitan-urgent-care-4-1024x574.jpg 1024w, https:\/\/www.sisinternational.com\/wp-content\/uploads\/2025\/08\/Hospitan-urgent-care-4-768x430.jpg 768w, https:\/\/www.sisinternational.com\/wp-content\/uploads\/2025\/08\/Hospitan-urgent-care-4-18x10.jpg 18w\" sizes=\"auto, (max-width: 1456px) 100vw, 1456px\"><\/figure>\n\n\n\n<hr class=\"wp-block-separator has-alpha-channel-opacity is-style-dots\"\/>\n\n\n\n<p>Les \u00e9tudes de march\u00e9 sur les soins d\u2019urgence sont cruciales pour la planification strat\u00e9gique et les investissements dans le secteur de la sant\u00e9. Il permet aux parties prenantes d&#039;identifier les tendances \u00e9mergentes, telles que l&#039;int\u00e9gration des services de t\u00e9l\u00e9m\u00e9decine, et d&#039;\u00e9valuer la r\u00e9ponse du march\u00e9 aux innovations en mati\u00e8re de prestation de soins.<\/p>\n\n\n\n<h2 class=\"wp-block-heading\">What Is Urgent care market research?<\/h2>\n\n\n\n<p>Urgent care market research is an analytical process designed to gather, analyze, and interpret data related to the urgent care industry. It delves into various sector aspects, including patient demographics, service demand patterns, competitive landscape, and operational challenges. <\/p>\n\n\n\n<h2 class=\"wp-block-heading\">Pourquoi c&#039;est important? <\/h2>\n\n\n\n<p>Patients increasingly opt for urgent care centers over traditional primary care physicians or hospital emergency rooms for non-life-threatening conditions due to shorter wait times and lower costs. Urgent care <a class=\"wpil_keyword_link\" href=\"https:\/\/www.sisinternational.com\/fr\/\"   title=\"Accueil\" data-wpil-keyword-link=\"linked\"  data-wpil-monitor-id=\"566\">\u00e9tude de march\u00e9<\/a> helps businesses understand these shifting preferences and adapt their services to meet consumer demands effectively.<\/p>\n\n\n\n<p>En outre, le secteur des soins d\u2019urgence est de plus en plus satur\u00e9 par l\u2019arriv\u00e9e de nouveaux acteurs sur le march\u00e9, ce qui rend essentiel la diff\u00e9renciation des centres existants. Gr\u00e2ce \u00e0 des \u00e9tudes de march\u00e9 compl\u00e8tes, les entreprises peuvent obtenir des informations sur les strat\u00e9gies concurrentielles, les tendances du march\u00e9 et les meilleures pratiques. Ces informations permettent aux prestataires de soins d&#039;urgence d&#039;affiner leurs mod\u00e8les op\u00e9rationnels, d&#039;am\u00e9liorer l&#039;exp\u00e9rience des patients et de mettre en \u0153uvre des services innovants qui les distinguent de leurs concurrents.<\/p>\n\n\n\n<p>Moreover, regulatory changes and healthcare reforms are continuously shaping the operational landscape of urgent care centers. This <a href=\"https:\/\/www.sisinternational.com\/fr\/couverture\/etude-de-marche-en-afrique\/etude-de-marche-en-mauritanie-afrique\/\" title=\"\u00c9tude de march\u00e9 en Mauritanie, Afrique \u2013 un aper\u00e7u\"  data-wpil-monitor-id=\"5303\">market research provides a detailed overview<\/a> of the regulatory environment, helping businesses navigate legal requirements and leverage policy changes.<\/p>\n\n\n\n<h2 class=\"wp-block-heading\">Additional Benefits of Urgent Care Market Research<\/h2>\n\n\n\n<ul class=\"wp-block-list\">\n<li><strong>Planification strat\u00e9gique \u00e9clair\u00e9e\u00a0:<\/strong> Les \u00e9tudes de march\u00e9 fournissent aux entreprises des donn\u00e9es essentielles sur les tendances du march\u00e9, les pr\u00e9f\u00e9rences des consommateurs et le paysage concurrentiel. Cette richesse d\u2019informations constitue le fondement de la planification strat\u00e9gique. Il permet aux centres de soins d&#039;urgence d&#039;aligner leurs services sur les demandes du march\u00e9, d&#039;anticiper les tendances futures et de se positionner strat\u00e9giquement au sein du secteur.<\/li>\n\n\n\n<li><strong>Exp\u00e9rience patient am\u00e9lior\u00e9e\u00a0:<\/strong> Research helps identify what patients value most in their healthcare experiences, from shorter waiting times and convenient locations to digital health services and transparent pricing. <\/li>\n\n\n\n<li><strong>Efficacit\u00e9 op\u00e9rationnelle\u00a0:<\/strong> Through market research, businesses can gain insights into operational best practices, innovative service delivery models, and <a class=\"wpil_keyword_link\" href=\"https:\/\/www.sisinternational.com\/fr\/solutions\/innovation-technologique\/\"   title=\"SIS Technology &amp; Innovation Solutions\" data-wpil-keyword-link=\"linked\"  data-wpil-monitor-id=\"567\">technology solutions<\/a> that streamline processes. This knowledge can lead to the implementation of more efficient workflows, reduced operational costs, and improved patient throughput.<\/li>\n\n\n\n<li><strong>Diff\u00e9renciation concurrentielle\u00a0:<\/strong> L&#039;analyse du march\u00e9 permet une compr\u00e9hension approfondie du paysage concurrentiel, notamment des forces et des faiblesses des centres concurrents, de leurs offres de services et de leurs strat\u00e9gies marketing. Gr\u00e2ce \u00e0 ces informations, les centres de soins d&#039;urgence peuvent d\u00e9velopper des propositions de valeur uniques, des services innovants et des campagnes marketing cibl\u00e9es qui les diff\u00e9rencient de leurs concurrents, attirant davantage de patients et \u00e9tablissant une forte pr\u00e9sence sur le march\u00e9.<\/li>\n\n\n\n<li><strong>Gestion des risques:<\/strong> Urgent <a href=\"https:\/\/www.sisinternational.com\/fr\/competence\/les-industries\/etude-de-marche-sur-le-soin-des-plaies\/\" title=\"\u00c9tude de march\u00e9 sur le soin des plaies\"  data-wpil-monitor-id=\"3158\">care market research<\/a> helps identify risks early, allowing businesses to implement strategies to mitigate their impact. Urgent care centers can navigate challenges more effectively by staying informed and agile, ensuring long-term sustainability and growth.<\/li>\n<\/ul>\n\n\n\n<h2 class=\"wp-block-heading\">Who Uses Urgent care market research<\/h2>\n\n\n\n<p>Healthcare Providers use <a href=\"https:\/\/www.sisinternational.com\/fr\/competence\/les-industries\/etude-de-marche-demographique\/\" title=\"\u00c9tude de march\u00e9 sur la d\u00e9mographie\"  data-wpil-monitor-id=\"3242\">market research to understand patient demographics<\/a>, preferences, and behaviors. Additionally, understanding the competitive landscape helps these providers position themselves strategically in the market, enhancing their marketing efforts and service offerings to attract and retain patients.<\/p>\n\n\n\n<p>Le secteur des soins d\u2019urgence a \u00e9galement suscit\u00e9 un int\u00e9r\u00eat consid\u00e9rable de la part des investisseurs \u00e0 la recherche d\u2019opportunit\u00e9s de croissance dans le secteur de la sant\u00e9. Ils s&#039;appuient sur ces recherches pour \u00e9valuer la viabilit\u00e9 des investissements potentiels, comprendre les tendances du march\u00e9 et identifier les centres performants pr\u00e9sentant un potentiel d&#039;expansion ou d&#039;acquisition.<\/p>\n\n\n\n<p>Furthermore, government agencies and <a href=\"https:\/\/www.sisinternational.com\/fr\/journee-mondiale-de-lautisme\/\" title=\"\u00c9tudes de recherche sur le march\u00e9 de l\u2019autisme\"  data-wpil-monitor-id=\"2094\">healthcare regulatory bodies use urgent care market<\/a> research to inform policy development and healthcare planning. Research insights help identify gaps in healthcare services, understand the role of urgent care centers in the broader healthcare system, and assess the impact of regulatory changes on the sector.<\/p>\n\n\n\n<h2 class=\"wp-block-heading\">The SIS Advantage<\/h2>\n\n\n\n<figure class=\"gb-block-image gb-block-image-d48de8a6\"><img loading=\"lazy\" decoding=\"async\" width=\"1456\" height=\"816\" class=\"gb-image gb-image-d48de8a6\" src=\"https:\/\/www.sisinternational.com\/wp-content\/uploads\/2025\/08\/Hospitan-urgent-care-5.jpg\" alt=\"\u00c9tudes de march\u00e9 et strat\u00e9gie internationales SIS\" title=\"Hospita\u00f1 urgent care (5)\" srcset=\"https:\/\/www.sisinternational.com\/wp-content\/uploads\/2025\/08\/Hospitan-urgent-care-5.jpg 1456w, https:\/\/www.sisinternational.com\/wp-content\/uploads\/2025\/08\/Hospitan-urgent-care-5-300x168.jpg 300w, https:\/\/www.sisinternational.com\/wp-content\/uploads\/2025\/08\/Hospitan-urgent-care-5-1024x574.jpg 1024w, https:\/\/www.sisinternational.com\/wp-content\/uploads\/2025\/08\/Hospitan-urgent-care-5-768x430.jpg 768w, https:\/\/www.sisinternational.com\/wp-content\/uploads\/2025\/08\/Hospitan-urgent-care-5-18x10.jpg 18w\" sizes=\"auto, (max-width: 1456px) 100vw, 1456px\"><\/figure>\n\n\n\n<p><\/p>\n\n\n\n<p>When engaging in urgent <a href=\"https:\/\/www.sisinternational.com\/fr\/competence\/les-industries\/etude-de-marche-sur-les-soins-pour-animaux-de-compagnie\/\" title=\"\u00c9tude de march\u00e9 sur les soins pour animaux de compagnie\"  data-wpil-monitor-id=\"6304\">care market research<\/a> with SIS International, healthcare providers and stakeholders can anticipate impactful outcomes that enhance strategic decision-making and operational excellence. SIS&#8217;s comprehensive approach to market research delivers in-depth insights and actionable recommendations, guiding urgent care centers toward achieving their business objectives. Here are some expected results from leveraging SIS&#8217;s expertise:<\/p>\n\n\n\n<ul class=\"wp-block-list\">\n<li><strong>Compr\u00e9hension approfondie du paysage du march\u00e9\u00a0:<\/strong> SIS\u2019s urgent care market research provides a detailed analysis of the market environment, including patient demographics, consumer behavior, and competitive analysis. <\/li>\n\n\n\n<li><strong>Identification des opportunit\u00e9s de croissance\u00a0:<\/strong> SIS d\u00e9couvre des opportunit\u00e9s potentielles d\u2019expansion et de croissance dans le secteur des soins d\u2019urgence. Cela pourrait inclure des informations sur les zones g\u00e9ographiques mal desservies, les besoins \u00e9mergents des patients ou de nouvelles offres de services r\u00e9pondant aux demandes changeantes des consommateurs de soins de sant\u00e9. Gr\u00e2ce \u00e0 ces informations, les prestataires de soins d\u2019urgence peuvent planifier strat\u00e9giquement leur expansion, diversifier leurs services et conqu\u00e9rir de nouveaux segments de march\u00e9.<\/li>\n\n\n\n<li><strong>Recommandations en mati\u00e8re d&#039;efficacit\u00e9 op\u00e9rationnelle\u00a0:<\/strong> Les \u00e9tudes de march\u00e9 de SIS vont au-del\u00e0 de la dynamique du march\u00e9 pour \u00e9valuer les aspects op\u00e9rationnels des centres de soins d&#039;urgence. Le r\u00e9sultat est des recommandations cibl\u00e9es pour am\u00e9liorer l\u2019efficacit\u00e9 op\u00e9rationnelle, r\u00e9duire les temps d\u2019attente et am\u00e9liorer l\u2019exp\u00e9rience globale des patients, favorisant ainsi une satisfaction et une fid\u00e9lit\u00e9 accrues.<\/li>\n\n\n\n<li><strong>Informations marketing strat\u00e9giques\u00a0:<\/strong> Understanding how to reach and communicate with target patients effectively is crucial for the success of urgent care centers. SIS provides strategic marketing insights, identifying the most effective channels, messages, and strategies for patient engagement. <\/li>\n<\/ul>\n\n\n\n<h2 class=\"wp-block-heading\">Opportunit\u00e9s<\/h2>\n\n\n\n<p>Le secteur des soins d\u2019urgence pr\u00e9sente une multitude d\u2019opportunit\u00e9s pour les entreprises qui cherchent \u00e0 innover, \u00e0 d\u00e9velopper et \u00e0 am\u00e9liorer leurs services au sein du secteur de la sant\u00e9. Il existe ici plusieurs domaines cl\u00e9s dans lesquels les entreprises peuvent tirer parti des \u00e9tudes de march\u00e9 pour identifier et capitaliser sur les opportunit\u00e9s du march\u00e9 des soins d\u2019urgence.<\/p>\n\n\n\n<ul class=\"wp-block-list\">\n<li><strong>Expansion dans de nouvelles zones g\u00e9ographiques\u00a0:<\/strong> One of the most significant opportunities is the expansion into new geographic locations. <\/li>\n\n\n\n<li><strong>Adoption de technologies avanc\u00e9es\u00a0:<\/strong> L&#039;int\u00e9gration technologique dans le domaine des soins de sant\u00e9 progresse rapidement, offrant de nouvelles fa\u00e7ons d&#039;am\u00e9liorer les soins aux patients et l&#039;efficacit\u00e9 op\u00e9rationnelle. Les \u00e9tudes de march\u00e9 aident les entreprises \u00e0 identifier les tendances technologiques et les pr\u00e9f\u00e9rences des patients en mati\u00e8re de solutions de sant\u00e9 num\u00e9riques, telles que la t\u00e9l\u00e9m\u00e9decine, la prise de rendez-vous en ligne et les dossiers de sant\u00e9 \u00e9lectroniques.<\/li>\n\n\n\n<li><strong>Diversification des services\u00a0:<\/strong> Comprendre les besoins des patients et les lacunes du march\u00e9 est crucial pour diversifier les services offerts par les centres de soins d\u2019urgence. L&#039;analyse du march\u00e9 peut r\u00e9v\u00e9ler des besoins non satisfaits des patients ou des domaines de forte demande, tels que les services de sant\u00e9 au travail, les soins p\u00e9diatriques sp\u00e9cialis\u00e9s ou les services int\u00e9gr\u00e9s de sant\u00e9 mentale.<\/li>\n\n\n\n<li><strong>Partenariats et collaborations\u00a0:<\/strong> Collaborating with other healthcare providers, technology companies, or community organizations presents another opportunity for urgent care centers to enhance their services and extend their reach. <\/li>\n<\/ul>\n\n\n\n<p><\/p>","protected":false},"excerpt":{"rendered":"<p>L\u2019\u00e9tude de march\u00e9 sur les soins d\u2019urgence est un processus analytique con\u00e7u pour recueillir, analyser et interpr\u00e9ter des donn\u00e9es li\u00e9es au secteur des soins d\u2019urgence.<\/p>","protected":false},"author":1,"featured_media":63571,"parent":11294,"menu_order":428,"comment_status":"closed","ping_status":"closed","template":"","meta":{"footnotes":""},"class_list":["post-46981","page","type-page","status-publish","has-post-thumbnail"],"_links":{"self":[{"href":"https:\/\/www.sisinternational.com\/fr\/wp-json\/wp\/v2\/pages\/46981","targetHints":{"allow":["GET"]}}],"collection":[{"href":"https:\/\/www.sisinternational.com\/fr\/wp-json\/wp\/v2\/pages"}],"about":[{"href":"https:\/\/www.sisinternational.com\/fr\/wp-json\/wp\/v2\/types\/page"}],"author":[{"embeddable":true,"href":"https:\/\/www.sisinternational.com\/fr\/wp-json\/wp\/v2\/users\/1"}],"replies":[{"embeddable":true,"href":"https:\/\/www.sisinternational.com\/fr\/wp-json\/wp\/v2\/comments?post=46981"}],"version-history":[{"count":14,"href":"https:\/\/www.sisinternational.com\/fr\/wp-json\/wp\/v2\/pages\/46981\/revisions"}],"predecessor-version":[{"id":79887,"href":"https:\/\/www.sisinternational.com\/fr\/wp-json\/wp\/v2\/pages\/46981\/revisions\/79887"}],"up":[{"embeddable":true,"href":"https:\/\/www.sisinternational.com\/fr\/wp-json\/wp\/v2\/pages\/11294"}],"wp:featuredmedia":[{"embeddable":true,"href":"https:\/\/www.sisinternational.com\/fr\/wp-json\/wp\/v2\/media\/63571"}],"wp:attachment":[{"href":"https:\/\/www.sisinternational.com\/fr\/wp-json\/wp\/v2\/media?parent=46981"}],"curies":[{"name":"wp","href":"https:\/\/api.w.org\/{rel}","templated":true}]}}