{"id":46973,"date":"2024-03-19T16:33:16","date_gmt":"2024-03-19T20:33:16","guid":{"rendered":"https:\/\/www.sisinternational.com\/?page_id=46973"},"modified":"2026-01-27T16:52:24","modified_gmt":"2026-01-27T21:52:24","slug":"etude-de-marche-sur-la-gestion-des-depenses-des-cabinets-davocats","status":"publish","type":"page","link":"https:\/\/www.sisinternational.com\/fr\/solutions\/legal-market-research\/etude-de-marche-sur-la-gestion-des-depenses-des-cabinets-davocats\/","title":{"rendered":"\u00c9tude de march\u00e9 sur la gestion des d\u00e9penses des cabinets d\u2019avocats"},"content":{"rendered":"<h2 style=\"background: linear-gradient(to right, #001f3f 0%, #003d7a 30%, #1e90ff 70%, #74c0fc 100%); background: -webkit-linear-gradient(left, #001f3f 0%, #003d7a 30%, #1e90ff 70%, #74c0fc 100%); -webkit-background-clip: text; -webkit-text-fill-color: transparent; background-clip: text; font-size: 2.5rem; font-weight: 700; line-height: 1.2; display: inline-block; margin: 0;\">\u00c9tude de march\u00e9 sur la gestion des d\u00e9penses des cabinets d\u2019avocats<\/h2>\n\n\n\n<p><\/p>\n\n\n\n<figure class=\"gb-block-image gb-block-image-70765a44\"><img loading=\"lazy\" decoding=\"async\" width=\"1456\" height=\"816\" class=\"gb-image gb-image-70765a44\" src=\"https:\/\/www.sisinternational.com\/wp-content\/uploads\/2025\/08\/Legal-law-4-1.jpg\" alt=\"\u00c9tudes de march\u00e9 et strat\u00e9gie internationales SIS\" title=\"Legal law (4)\" srcset=\"https:\/\/www.sisinternational.com\/wp-content\/uploads\/2025\/08\/Legal-law-4-1.jpg 1456w, https:\/\/www.sisinternational.com\/wp-content\/uploads\/2025\/08\/Legal-law-4-1-300x168.jpg 300w, https:\/\/www.sisinternational.com\/wp-content\/uploads\/2025\/08\/Legal-law-4-1-1024x574.jpg 1024w, https:\/\/www.sisinternational.com\/wp-content\/uploads\/2025\/08\/Legal-law-4-1-768x430.jpg 768w, https:\/\/www.sisinternational.com\/wp-content\/uploads\/2025\/08\/Legal-law-4-1-18x10.jpg 18w\" sizes=\"auto, (max-width: 1456px) 100vw, 1456px\"><\/figure>\n\n\n\n<p><\/p>\n\n\n\n<hr class=\"wp-block-separator has-alpha-channel-opacity is-style-dots\"\/>\n\n\n\n<h3 class=\"wp-block-heading\">By leveraging law firm spend management market research, law firms can gain a competitive edge. They can make informed decisions that reduce unnecessary expenditures and strategically invest in areas that promise the highest returns.<\/h3>\n\n\n\n<p>In an era where fiscal prudence is necessary for survival and growth, law firm spend management market research is a pivotal area that offers law firms a compass to guide their financial strategies in the turbulent seas of the legal market.<\/p>\n\n\n\n<h2 class=\"wp-block-heading\">So&#8230; What Is Law Firm Spend Management Market Research<\/h2>\n\n\n\n<p>Law firm spend management <a href=\"https:\/\/www.linkedin.com\/pulse\/how-market-research-enables-growth-ruth-stanat-phekf\/\" target=\"_blank\" rel=\"noopener\">\u00e9tude de march\u00e9<\/a> provides law firms with insights and data-driven analysis to optimize their spending strategies with a thorough examination of how firms allocate their budgets across various operational areas, including but not limited to legal technology, office expenses, staffing, and client acquisition costs. The primary objective is to identify opportunities for cost savings and efficiency improvements while maintaining or enhancing the quality of legal services.<\/p>\n\n\n\n<p>Law firm spend management market research also provides valuable insights into operational efficiencies and spending patterns, enabling firms to identify areas where they can optimize resources and reduce costs without compromising service quality.<\/p>\n\n\n\n<h2 class=\"wp-block-heading\">Why Is It So Important Today?<\/h2>\n\n\n\n<figure class=\"gb-block-image gb-block-image-c9d23b7e\"><img loading=\"lazy\" decoding=\"async\" width=\"1456\" height=\"816\" class=\"gb-image gb-image-c9d23b7e\" src=\"https:\/\/www.sisinternational.com\/wp-content\/uploads\/2025\/08\/Legal-law-5-1.jpg\" alt=\"\u00c9tudes de march\u00e9 et strat\u00e9gie internationales SIS\" title=\"Legal law (5)\" srcset=\"https:\/\/www.sisinternational.com\/wp-content\/uploads\/2025\/08\/Legal-law-5-1.jpg 1456w, https:\/\/www.sisinternational.com\/wp-content\/uploads\/2025\/08\/Legal-law-5-1-300x168.jpg 300w, https:\/\/www.sisinternational.com\/wp-content\/uploads\/2025\/08\/Legal-law-5-1-1024x574.jpg 1024w, https:\/\/www.sisinternational.com\/wp-content\/uploads\/2025\/08\/Legal-law-5-1-768x430.jpg 768w, https:\/\/www.sisinternational.com\/wp-content\/uploads\/2025\/08\/Legal-law-5-1-18x10.jpg 18w\" sizes=\"auto, (max-width: 1456px) 100vw, 1456px\"><\/figure>\n\n\n\n<p><\/p>\n\n\n\n<p><a href=\"https:\/\/www.sisinternational.com\/fr\/competence\/les-industries\/etude-de-marche-sur-la-gestion-du-trafic\/\" title=\"\u00c9tude de march\u00e9 sur la gestion du trafic\" data-wpil-monitor-id=\"3253\">Market research in spend management<\/a> offers a comprehensive analysis of pricing strategies within the industry, helping firms adjust their billing practices to align with client expectations and market standards.<\/p>\n\n\n\n<p>It offers the insights necessary to make these investment decisions wisely, ensuring that every dollar spent contributes to the firm&#8217;s strategic objectives and long-term success. The strategic implementation of law firm spend <a href=\"https:\/\/www.sisinternational.com\/fr\/competence\/les-industries\/responsable-des-prestations-pharmaceutiques-etude-de-marche-pbm\/\" title=\"\u00c9tude de march\u00e9 sur les gestionnaires de prestations pharmaceutiques (PBM)\" data-wpil-monitor-id=\"4226\">management market research delivers various benefits<\/a> that can significantly impact a firm&#8217;s operational efficiency, client satisfaction, and overall competitiveness, including:<\/p>\n\n\n\n<ul class=\"wp-block-list\">\n<li><strong>Transparence et contr\u00f4le financiers\u00a0:<\/strong> Law firms gain a detailed understanding of their spending patterns, allowing for the identification of inefficiencies and the implementation of more stringent financial controls.<\/li>\n\n\n\n<li><strong>Allocation strat\u00e9gique des ressources\u00a0:<\/strong> Les investissements peuvent \u00eatre canalis\u00e9s vers des domaines \u00e0 forte valeur ajout\u00e9e tels que l&#039;adoption de technologies qui automatisent les t\u00e2ches de routine, le d\u00e9veloppement des talents qui am\u00e9liore les offres de services ou les strat\u00e9gies marketing qui \u00e9largissent la client\u00e8le et la pr\u00e9sence sur le march\u00e9.<\/li>\n\n\n\n<li><strong>Avantage comp\u00e9titif:<\/strong> <a href=\"https:\/\/www.sisinternational.com\/fr\/competence\/les-industries\/etude-de-marche-pour-une-entreprise-de-design\/\" title=\"\u00c9tude de march\u00e9 des entreprises de conception\" data-wpil-monitor-id=\"5602\">Market research helps firms<\/a> understand how they stack up against competitors regarding efficiency, pricing, and service offerings. With this knowledge, firms can refine their value propositions, optimize their pricing models, and introduce innovative services that set them apart in the eyes of current and potential clients.<\/li>\n\n\n\n<li><strong>Satisfaction client am\u00e9lior\u00e9e\u00a0:<\/strong> By optimizing spend management, <a href=\"https:\/\/www.sisinternational.com\/fr\/solutions\/legal-market-research\/client-retention-strategies-in-law-firms\/\" title=\"Client Retention Strategies in Law Firms\u00a0\u00a0\" data-wpil-monitor-id=\"915\">law firms<\/a> can reduce operational costs and pass these savings to clients through more competitive rates or alternative billing arrangements.<\/li>\n\n\n\n<li><strong>Planification strat\u00e9gique \u00e9clair\u00e9e\u00a0:<\/strong> Firms can forecast future trends, prepare for economic fluctuations, and plan for growth more accurately and confidently. This proactive financial and strategic planning approach positions law firms to seize opportunities and navigate challenges more effectively.<\/li>\n<\/ul>\n\n\n\n<h2 class=\"wp-block-heading\">When Is the Right Time to Conduct Law Firm Spend Management Market Research<\/h2>\n\n\n\n<p>The most suitable time for conducting law firm spend <a href=\"https:\/\/www.sisinternational.com\/fr\/competence\/les-industries\/etude-de-marche-sur-la-gestion-de-flotte\/\" title=\"\u00c9tude de march\u00e9 sur la gestion de flotte\" data-wpil-monitor-id=\"5890\">management market research<\/a> est <strong>during the strategic planning phases<\/strong>. As law firms set their short-term and long-term goals, understanding current spending and potential areas for optimization can significantly influence strategic directions.<\/p>\n\n\n\n<p>In times of financial uncertainty or <strong>during economic downturns<\/strong>, law firms must clearly understand their financial health and spending habits. So, conducting market research during these periods can provide insights into cost-saving measures, risk management strategies, and opportunities to maintain or even enhance service delivery cost-effectively.<\/p>\n\n\n\n<h2 class=\"wp-block-heading\">Technologies<\/h2>\n\n\n\n<figure class=\"gb-block-image gb-block-image-1819605d\"><img loading=\"lazy\" decoding=\"async\" width=\"1456\" height=\"816\" class=\"gb-image gb-image-1819605d\" src=\"https:\/\/www.sisinternational.com\/wp-content\/uploads\/2025\/08\/Legal-law-1-1.jpg\" alt=\"\u00c9tudes de march\u00e9 et strat\u00e9gie internationales SIS\" title=\"Legal law (1)\" srcset=\"https:\/\/www.sisinternational.com\/wp-content\/uploads\/2025\/08\/Legal-law-1-1.jpg 1456w, https:\/\/www.sisinternational.com\/wp-content\/uploads\/2025\/08\/Legal-law-1-1-300x168.jpg 300w, https:\/\/www.sisinternational.com\/wp-content\/uploads\/2025\/08\/Legal-law-1-1-1024x574.jpg 1024w, https:\/\/www.sisinternational.com\/wp-content\/uploads\/2025\/08\/Legal-law-1-1-768x430.jpg 768w, https:\/\/www.sisinternational.com\/wp-content\/uploads\/2025\/08\/Legal-law-1-1-18x10.jpg 18w\" sizes=\"auto, (max-width: 1456px) 100vw, 1456px\"><\/figure>\n\n\n\n<p><\/p>\n\n\n\n<p>Multiple technologies and tools enhance financial efficiency, transparency, and strategic decision-making. Here\u2019s an exploration of key <a href=\"https:\/\/www.sisinternational.com\/fr\/solutions\/legal-market-research\/law-firm-technology-integration\/\" title=\"Law Firm Technology Integration\u00a0\u00a0\u00a0\" data-wpil-monitor-id=\"948\">technologies and tools transforming law firm<\/a> spend management practices.<\/p>\n\n\n\n<ul class=\"wp-block-list\">\n<li><strong>Outils d&#039;analyse financi\u00e8re et de reporting\u00a0:<\/strong> Les outils d\u2019analyse avanc\u00e9s sont de plus en plus importants pour les cabinets d\u2019avocats qui recherchent des informations plus approfondies sur leurs performances financi\u00e8res. Ces outils peuvent analyser de grands volumes de donn\u00e9es financi\u00e8res pour identifier les tendances, pr\u00e9voir les futurs sc\u00e9narios financiers et fournir des informations exploitables sur la gestion des co\u00fbts et l&#039;allocation des ressources. Les plates-formes telles que Tableau et Microsoft Power BI sont souvent personnalis\u00e9es pour les besoins du secteur juridique, offrant des tableaux de bord et des rapports financiers d\u00e9taill\u00e9s.<\/li>\n\n\n\n<li><strong>Logiciel de comptabilit\u00e9:<\/strong> Un logiciel de comptabilit\u00e9 sp\u00e9cialis\u00e9 qui r\u00e9pond aux exigences uniques du secteur juridique est essentiel pour une gestion efficace des d\u00e9penses. Ces syst\u00e8mes garantissent le respect des normes comptables l\u00e9gales, g\u00e8rent les comptes en fiducie et s&#039;int\u00e8grent aux syst\u00e8mes de gestion de cabinet pour une vue d&#039;ensemble financi\u00e8re holistique. QuickBooks et Xero, par exemple, sont largement utilis\u00e9s, avec des configurations et des int\u00e9grations juridiques sp\u00e9cifiques.<\/li>\n\n\n\n<li><strong>IA et apprentissage automatique\u00a0:<\/strong> Emerging AI and machine learning technologies are beginning to impact law firm spend management, offering <a class=\"wpil_keyword_link\" href=\"https:\/\/www.sisinternational.com\/fr\/predictive-analytics\/\" title=\"Predictive Analytics: Your Crystal Ball for Business Success\" data-wpil-keyword-link=\"linked\" data-wpil-monitor-id=\"572\">predictive analytics<\/a> for budgeting, automating routine financial processes, and optimizing resource allocation.<\/li>\n\n\n\n<li><strong>Cloud computing:<\/strong> Adopting cloud solutions enables law firms to reduce IT infrastructure costs while benefiting from scalable, flexible financial management applications.<\/li>\n<\/ul>\n\n\n\n<h2 class=\"wp-block-heading\">Opportunit\u00e9s<\/h2>\n\n\n\n<p>The evolving landscape of <a href=\"https:\/\/www.sisinternational.com\/fr\/optimized-management-system-for-a-leading-us-immigration-law-firm\/\" title=\"Optimized Management System for a Leading US Immigration law firm\" data-wpil-monitor-id=\"3636\">law firm<\/a> operations presents numerous opportunities for businesses to optimize their spend management practices. Embracing these opportunities can lead to improved financial health, competitive advantages, and innovative service offerings.<\/p>\n\n\n\n<ul class=\"wp-block-list\">\n<li><strong>Prise de d\u00e9cision am\u00e9lior\u00e9e gr\u00e2ce \u00e0 l&#039;analyse des donn\u00e9es\u00a0:<\/strong> Les outils avanc\u00e9s d\u2019analyse de donn\u00e9es permettent aux cabinets d\u2019avocats d\u2019approfondir leurs performances financi\u00e8res et leurs habitudes de d\u00e9penses. Ces informations peuvent guider les d\u00e9cisions strat\u00e9giques concernant les allocations budg\u00e9taires, les mesures de contr\u00f4le des co\u00fbts et les opportunit\u00e9s d&#039;investissement.<\/li>\n\n\n\n<li><strong>Relations clients et mod\u00e8les de tarification am\u00e9lior\u00e9s\u00a0:<\/strong> <a href=\"https:\/\/www.sisinternational.com\/fr\/solutions\/recherche-de-conseil-en-strategie-fintech\/etude-de-marche-sur-les-prix-des-matieres-premieres\/\" title=\"\u00c9tude de march\u00e9 sur les prix des mati\u00e8res premi\u00e8res\" data-wpil-monitor-id=\"5484\">Law firm spend management market research<\/a> provides insights into client expectations and market standards, enabling firms to innovate their pricing models. Opportunities exist to adopt more transparent, value-based pricing strategies that align with client expectations and strengthen client relationships.<\/li>\n\n\n\n<li><strong>Gestion des risques et conformit\u00e9\u00a0:<\/strong> Effective spend management practices also offer the opportunity to enhance risk management and ensure regulatory compliance. <\/li>\n<\/ul>\n\n\n\n<h2 class=\"wp-block-heading\">What Makes SIS International a Top Law Firm Spend Management Market Research Company<\/h2>\n\n\n\n<p><a href=\"https:\/\/www.sisinternational.com\/fr\/jour-du-souvenir\/\" title=\"\u00c9tude de march\u00e9 du Memorial Day\" data-wpil-monitor-id=\"2030\">SIS International&#8217;s law firm spend management market<\/a> research provides law firms with the strategic insights and actionable intelligence needed to navigate the complexities of financial management in the competitive legal landscape.<\/p>\n\n\n\n<ul class=\"wp-block-list\">\n<li><strong>Informations financi\u00e8res personnalis\u00e9es\u00a0:<\/strong> We offer tailored market research that delves deep into a law firm&#8217;s specific financial challenges and opportunities.<\/li>\n\n\n\n<li><strong>Analyse comparative par rapport aux normes de l&#039;industrie\u00a0:<\/strong> Through comprehensive market analysis, our consultants help <a href=\"https:\/\/www.sisinternational.com\/fr\/solutions\/conseil-en-tourisme-de-voyage-et-en-hotellerie\/conseil-en-gestion-de-destination\/\" title=\"Conseil en gestion de destinations\" data-wpil-monitor-id=\"7657\">law firms understand how their spend<\/a> management practices compare with industry benchmarks and competitors.<\/li>\n\n\n\n<li><strong>Identification des opportunit\u00e9s d&#039;\u00e9conomies de co\u00fbts\u00a0:<\/strong> SIS&#8217;s market research uncovers potential cost-saving measures law firms can implement without compromising service quality.<\/li>\n\n\n\n<li><strong>Orientation strat\u00e9gique en mati\u00e8re d\u2019investissement\u00a0:<\/strong> By analyzing market trends and financial data, SIS International provides <a href=\"https:\/\/www.sisinternational.com\/fr\/solutions\/legal-market-research\/law-firm-growth-strategies\/\" title=\"Law Firm Growth Strategies\" data-wpil-monitor-id=\"935\">law firms<\/a> with guidance on strategic investments that can drive growth and competitive advantage.<\/li>\n\n\n\n<li><strong>Prise en charge de mod\u00e8les de tarification innovants\u00a0:<\/strong> As client demands evolve, <a href=\"https:\/\/www.sisinternational.com\/fr\/washington-et-la-journee-des-presidents\/\" title=\"Marketing des f\u00eates le jour du pr\u00e9sident\" data-wpil-monitor-id=\"7397\">SIS International helps law firms<\/a> explore and implement innovative pricing models that align with client expectations and market trends.&nbsp;<\/li>\n<\/ul>\n\n\n\n<h2 class=\"wp-block-heading\">Notre emplacement \u00e0 New York<\/h2>\n\n\n\n<p>\n\n\n\n<iframe loading=\"lazy\" src=\"https:\/\/www.google.com\/maps\/embed?pb=!1m18!1m12!1m3!1d3022.976188376966!2d-73.99130312499956!3d40.740549471389315!2m3!1f0!2f0!3f0!3m2!1i1024!2i768!4f13.1!3m3!1m2!1s0x89c259a15798c731%3A0xd695d09bdd495f25!2s11%20E%2022nd%20St%20FL%202%2C%20New%20York%2C%20NY%2010010%2C%20USA!5e0!3m2!1sen!2spe!4v1726171763526!5m2!1sen!2spe\" width=\"600\" height=\"450\" allowfullscreen=\"allowfullscreen\" data-mce-fragment=\"1\"><\/iframe>\n\n\n\n<\/p>\n\n\n\n<h3 class=\"wp-block-heading\">11 E 22nd Street, \u00e9tage 2, New York, NY 10010 T\u00e9l. : +1(212) 505-6805<\/h3>\n\n\n\n<hr class=\"wp-block-separator has-alpha-channel-opacity\"\/>\n\n\n\n<h2 class=\"wp-block-heading\"><span style=\"font-weight: 400;\">\u00c0 propos de SIS International<\/span><\/h2>\n\n\n\n<p><a href=\"https:\/\/www.sisinternational.com\/fr\/\"><span style=\"font-weight: 400;\">SIS International<\/span><\/a><span style=\"font-weight: 400;\"> propose des recherches quantitatives, qualitatives et strat\u00e9giques. Nous fournissons des donn\u00e9es, des outils, des strat\u00e9gies, des rapports et des informations pour la prise de d\u00e9cision. Nous menons \u00e9galement des entretiens, des enqu\u00eates, des groupes de discussion et d\u2019autres m\u00e9thodes et approches d\u2019\u00e9tudes de march\u00e9.<\/span><a href=\"https:\/\/www.sisinternational.com\/fr\/a-propos-de-la-recherche-internationale-sis\/contact-sis-international-market-research\/\"><span style=\"font-weight: 400;\"> Contactez nous<\/span><\/a><span style=\"font-weight: 400;\"> pour votre prochain projet d&#039;\u00e9tude de march\u00e9.<\/span><\/p>\n\n\n\n<p><\/p>","protected":false},"excerpt":{"rendered":"<p>Les \u00e9tudes de march\u00e9 sur la gestion des d\u00e9penses des cabinets d\u2019avocats fournissent aux cabinets d\u2019avocats des informations et des analyses bas\u00e9es sur des donn\u00e9es pour optimiser leurs strat\u00e9gies de d\u00e9penses.<\/p>","protected":false},"author":1,"featured_media":62991,"parent":54987,"menu_order":1,"comment_status":"closed","ping_status":"closed","template":"","meta":{"footnotes":""},"class_list":["post-46973","page","type-page","status-publish","has-post-thumbnail"],"_links":{"self":[{"href":"https:\/\/www.sisinternational.com\/fr\/wp-json\/wp\/v2\/pages\/46973","targetHints":{"allow":["GET"]}}],"collection":[{"href":"https:\/\/www.sisinternational.com\/fr\/wp-json\/wp\/v2\/pages"}],"about":[{"href":"https:\/\/www.sisinternational.com\/fr\/wp-json\/wp\/v2\/types\/page"}],"author":[{"embeddable":true,"href":"https:\/\/www.sisinternational.com\/fr\/wp-json\/wp\/v2\/users\/1"}],"replies":[{"embeddable":true,"href":"https:\/\/www.sisinternational.com\/fr\/wp-json\/wp\/v2\/comments?post=46973"}],"version-history":[{"count":26,"href":"https:\/\/www.sisinternational.com\/fr\/wp-json\/wp\/v2\/pages\/46973\/revisions"}],"predecessor-version":[{"id":81281,"href":"https:\/\/www.sisinternational.com\/fr\/wp-json\/wp\/v2\/pages\/46973\/revisions\/81281"}],"up":[{"embeddable":true,"href":"https:\/\/www.sisinternational.com\/fr\/wp-json\/wp\/v2\/pages\/54987"}],"wp:featuredmedia":[{"embeddable":true,"href":"https:\/\/www.sisinternational.com\/fr\/wp-json\/wp\/v2\/media\/62991"}],"wp:attachment":[{"href":"https:\/\/www.sisinternational.com\/fr\/wp-json\/wp\/v2\/media?parent=46973"}],"curies":[{"name":"wp","href":"https:\/\/api.w.org\/{rel}","templated":true}]}}