{"id":46965,"date":"2024-03-19T16:27:00","date_gmt":"2024-03-19T20:27:00","guid":{"rendered":"https:\/\/www.sisinternational.com\/?page_id=46965"},"modified":"2026-01-26T18:54:05","modified_gmt":"2026-01-26T23:54:05","slug":"conseil-en-ia-sur-les-risques","status":"publish","type":"page","link":"https:\/\/www.sisinternational.com\/fr\/solutions\/ai-etudes-de-marche-et-conseil-en-strategie\/conseil-en-ia-sur-les-risques\/","title":{"rendered":"Conseil en IA en mati\u00e8re de risques"},"content":{"rendered":"<h1 class=\"wp-block-heading\">Conseil en IA en mati\u00e8re de risques<\/h1>\n\n\n\n<figure class=\"gb-block-image gb-block-image-2b3beb2a\"><img loading=\"lazy\" decoding=\"async\" width=\"1456\" height=\"816\" class=\"gb-image gb-image-2b3beb2a\" src=\"https:\/\/www.sisinternational.com\/wp-content\/uploads\/2025\/09\/Quantitative-research-22.jpg\" alt=\"\u00c9tudes de march\u00e9 et strat\u00e9gie internationales SIS\" title=\"Quantitative research (22)\" srcset=\"https:\/\/www.sisinternational.com\/wp-content\/uploads\/2025\/09\/Quantitative-research-22.jpg 1456w, https:\/\/www.sisinternational.com\/wp-content\/uploads\/2025\/09\/Quantitative-research-22-300x168.jpg 300w, https:\/\/www.sisinternational.com\/wp-content\/uploads\/2025\/09\/Quantitative-research-22-1024x574.jpg 1024w, https:\/\/www.sisinternational.com\/wp-content\/uploads\/2025\/09\/Quantitative-research-22-768x430.jpg 768w, https:\/\/www.sisinternational.com\/wp-content\/uploads\/2025\/09\/Quantitative-research-22-18x10.jpg 18w\" sizes=\"auto, (max-width: 1456px) 100vw, 1456px\"><\/figure>\n\n\n\n<hr class=\"wp-block-separator has-alpha-channel-opacity is-style-dots\"\/>\n\n\n\n<p>Le conseil en IA en mati\u00e8re de risques exploite les capacit\u00e9s de l&#039;IA pour fournir des informations plus approfondies, des analyses pr\u00e9dictives et des solutions automatis\u00e9es de gestion des risques afin d&#039;aider les entreprises \u00e0 anticiper les risques avant qu&#039;ils ne se mat\u00e9rialisent, \u00e0 optimiser leurs processus d\u00e9cisionnels et \u00e0 am\u00e9liorer leur r\u00e9silience globale.<\/p>\n\n\n\n<p class=\"p1\">Dans le monde complexe des affaires, une gestion efficace des risques est indispensable \u2013 et le conseil en IA en mati\u00e8re de risques est une approche r\u00e9volutionnaire combinant l\u2019intelligence artificielle et l\u2019expertise en gestion des risques. Ce domaine innovant transforme la fa\u00e7on dont les entreprises identifient, \u00e9valuent et r\u00e9agissent aux menaces potentielles, leur permettant ainsi de garder une longueur d&#039;avance dans un paysage en constante \u00e9volution.<\/p>\n\n\n\n<h2 class=\"wp-block-heading\">Qu\u2019est-ce que le conseil en IA en mati\u00e8re de risques\u00a0?<\/h2>\n\n\n\n<p>This consulting uses artificial intelligence technologies, such as machine learning, natural language processing, and predictive analytics, to identify, assess, and mitigate risks in various business contexts. <\/p>\n\n\n\n<p>\u00c0 la base, le conseil en IA en mati\u00e8re de risques consiste \u00e0 am\u00e9liorer le processus traditionnel de gestion des risques gr\u00e2ce \u00e0 la puissance des donn\u00e9es et de l\u2019automatisation. Les algorithmes d\u2019intelligence artificielle peuvent analyser de grandes quantit\u00e9s de donn\u00e9es provenant de sources multiples, identifiant des mod\u00e8les et des tendances pouvant indiquer des risques \u00e9mergents.<\/p>\n\n\n\n<h2 class=\"wp-block-heading\">Pourquoi les entreprises ont-elles besoin de conseils en IA en mati\u00e8re de risques\u00a0?<\/h2>\n\n\n\n<figure class=\"gb-block-image gb-block-image-8aa2c04a\"><img loading=\"lazy\" decoding=\"async\" width=\"1456\" height=\"816\" class=\"gb-image gb-image-8aa2c04a\" src=\"https:\/\/www.sisinternational.com\/wp-content\/uploads\/2025\/09\/Research-11.jpg\" alt=\"\u00c9tudes de march\u00e9 et strat\u00e9gie internationales SIS\" title=\"Research (11)\" srcset=\"https:\/\/www.sisinternational.com\/wp-content\/uploads\/2025\/09\/Research-11.jpg 1456w, https:\/\/www.sisinternational.com\/wp-content\/uploads\/2025\/09\/Research-11-300x168.jpg 300w, https:\/\/www.sisinternational.com\/wp-content\/uploads\/2025\/09\/Research-11-1024x574.jpg 1024w, https:\/\/www.sisinternational.com\/wp-content\/uploads\/2025\/09\/Research-11-768x430.jpg 768w, https:\/\/www.sisinternational.com\/wp-content\/uploads\/2025\/09\/Research-11-18x10.jpg 18w\" sizes=\"auto, (max-width: 1456px) 100vw, 1456px\"><\/figure>\n\n\n\n<p><\/p>\n\n\n\n<p>Gr\u00e2ce aux capacit\u00e9s d&#039;analyse pr\u00e9dictive de l&#039;IA, les entreprises peuvent anticiper les risques potentiels avant qu&#039;ils ne se mat\u00e9rialisent. Cette pr\u00e9voyance leur permet de prendre des mesures pr\u00e9ventives, r\u00e9duisant ainsi la probabilit\u00e9 d&#039;impacts n\u00e9gatifs sur leurs op\u00e9rations.<\/p>\n\n\n\n<p>Les entreprises qui adoptent le conseil en IA en mati\u00e8re de risques peuvent acqu\u00e9rir un avantage concurrentiel en \u00e9tant plus r\u00e9silientes et plus adaptables aux changements du march\u00e9. Elles peuvent maintenir leur stabilit\u00e9 et cro\u00eetre m\u00eame en p\u00e9riode d\u2019incertitude en g\u00e9rant les risques de mani\u00e8re proactive.<\/p>\n\n\n\n<p>De plus, de nombreux secteurs sont confront\u00e9s \u00e0 des exigences r\u00e9glementaires strictes li\u00e9es \u00e0 la gestion des risques \u2013 et le conseil en IA en mati\u00e8re de risques peut aider les entreprises \u00e0 garantir la conformit\u00e9 en fournissant des \u00e9valuations des risques pr\u00e9cises et \u00e0 jour et en automatisant les processus li\u00e9s \u00e0 la conformit\u00e9. Cependant, il offre de nombreux autres avantages, notamment :<\/p>\n\n\n\n<ul class=\"wp-block-list\">\n<li><strong>Surveillance en temps r\u00e9el:<\/strong> Le conseil permet une surveillance continue des menaces. En tirant parti des algorithmes d\u2019intelligence artificielle, les entreprises peuvent d\u00e9tecter et r\u00e9pondre aux risques \u00e9mergents en temps r\u00e9el, minimisant ainsi leur impact potentiel.<\/li>\n\n\n\n<li><strong>Analyses pr\u00e9dictives:<\/strong> L\u2019un des avantages les plus importants du conseil en IA en mati\u00e8re de risques est sa capacit\u00e9 \u00e0 pr\u00e9voir les risques futurs. L&#039;analyse pr\u00e9dictive peut identifier les tendances et les mod\u00e8les dans les donn\u00e9es, permettant aux entreprises d&#039;anticiper et de se pr\u00e9parer aux menaces potentielles.<\/li>\n\n\n\n<li><strong>Automatisation des processus de risque\u00a0:<\/strong> L&#039;IA peut automatiser diverses t\u00e2ches de gestion des risques, telles que la collecte, l&#039;analyse et le reporting de donn\u00e9es. Cette automatisation r\u00e9duit le risque d&#039;erreur humaine et lib\u00e8re des ressources pr\u00e9cieuses pour d&#039;autres activit\u00e9s strat\u00e9giques.<\/li>\n\n\n\n<li><strong>Prise de d\u00e9cision am\u00e9lior\u00e9e\u00a0:<\/strong> Gr\u00e2ce aux informations fournies par ce service de conseil, les entreprises peuvent prendre des d\u00e9cisions plus \u00e9clair\u00e9es concernant les strat\u00e9gies d&#039;att\u00e9nuation des risques. Cela conduit \u00e0 une gestion des risques plus efficace et \u00e0 de meilleurs r\u00e9sultats commerciaux globaux.<\/li>\n\n\n\n<li><strong>Solutions personnalis\u00e9es\u00a0:<\/strong> Le conseil en IA en mati\u00e8re de risques peut \u00eatre adapt\u00e9 aux besoins et au profil de risque de chaque entreprise. Cette personnalisation garantit que les strat\u00e9gies de gestion des risques sont align\u00e9es sur les objectifs et les exigences op\u00e9rationnelles de l&#039;entreprise.<\/li>\n<\/ul>\n\n\n\n<h2 class=\"wp-block-heading\">Qui utilise le conseil en IA en mati\u00e8re de risques<\/h2>\n\n\n\n<p>Les banques, les compagnies d&#039;assurance et les soci\u00e9t\u00e9s d&#039;investissement utilisent ces conseils pour g\u00e9rer les risques financiers, d\u00e9tecter la fraude, \u00e9valuer la solvabilit\u00e9 et garantir la conformit\u00e9 r\u00e9glementaire.<\/p>\n\n\n\n<p>De plus, les prestataires de soins de sant\u00e9 tirent parti des conseils en mati\u00e8re d\u2019IA en mati\u00e8re de risques pour la s\u00e9curit\u00e9 des donn\u00e9es des patients, la conformit\u00e9 r\u00e9glementaire et l\u2019analyse pr\u00e9dictive des \u00e9pid\u00e9mies et des r\u00e9sultats des traitements. De m\u00eame, les d\u00e9taillants et les entreprises de commerce \u00e9lectronique utilisent ce service pour g\u00e9rer les risques de la cha\u00eene d&#039;approvisionnement, pr\u00e9venir la fraude et am\u00e9liorer l&#039;exp\u00e9rience client gr\u00e2ce \u00e0 des \u00e9valuations personnalis\u00e9es des risques.<\/p>\n\n\n\n<p>De plus, les entreprises manufacturi\u00e8res ont recours \u00e0 des services de conseil en IA en mati\u00e8re de risques pour la maintenance pr\u00e9dictive, le contr\u00f4le qualit\u00e9 et la gestion des perturbations de la cha\u00eene d&#039;approvisionnement.<\/p>\n\n\n\n<h2 class=\"wp-block-heading\">Quand effectuer des conseils en IA sur les risques<\/h2>\n\n\n\n<p>Le conseil n\u2019est pas une activit\u00e9 ponctuelle mais un processus continu qui doit \u00eatre int\u00e9gr\u00e9 dans la strat\u00e9gie globale de gestion des risques d\u2019une entreprise \u2013 et voici quelques sc\u00e9narios dans lesquels mener un conseil en IA sur les risques est particuli\u00e8rement crucial\u00a0:<\/p>\n\n\n\n<ul class=\"wp-block-list\">\n<li><strong>Pendant la planification strat\u00e9gique\u00a0:<\/strong> Lorsqu&#039;elles d\u00e9finissent des objectifs et des strat\u00e9gies \u00e0 long terme, les entreprises peuvent identifier les risques potentiels qui pourraient avoir un impact sur leurs objectifs. Cela permet d\u2019int\u00e9grer des mesures proactives d\u2019att\u00e9nuation des risques dans le processus de planification.<\/li>\n\n\n\n<li><strong>Avant de lancer de nouveaux produits ou services\u00a0:<\/strong> Avant d&#039;introduire de nouvelles offres, ce service peut aider \u00e0 identifier les risques potentiels associ\u00e9s \u00e0 l&#039;entr\u00e9e sur le march\u00e9, \u00e0 la cha\u00eene d&#039;approvisionnement, \u00e0 la conformit\u00e9 r\u00e9glementaire, etc.<\/li>\n\n\n\n<li><strong>Apr\u00e8s un incident majeur ou une crise\u00a0:<\/strong> \u00c0 la suite d\u2019un \u00e9v\u00e9nement important, tel qu\u2019une violation de donn\u00e9es, une catastrophe naturelle ou un ralentissement financier, il est essentiel de mener des conseils en mati\u00e8re de risques en mati\u00e8re d\u2019IA pour \u00e9valuer l\u2019impact, comprendre ce qui n\u2019a pas fonctionn\u00e9 et d\u00e9velopper des strat\u00e9gies pour pr\u00e9venir des incidents similaires.<\/li>\n\n\n\n<li><strong>Lors de l\u2019expansion sur de nouveaux march\u00e9s\u00a0:<\/strong> P\u00e9n\u00e9trer de nouveaux march\u00e9s g\u00e9ographiques ou sectoriels comporte des risques. Ce service peut fournir un aper\u00e7u des d\u00e9fis uniques du nouveau march\u00e9 et aider les entreprises \u00e0 d\u00e9velopper des strat\u00e9gies appropri\u00e9es d&#039;att\u00e9nuation des risques.<\/li>\n<\/ul>\n\n\n\n<h2 class=\"wp-block-heading\">Opportunit\u00e9s<\/h2>\n\n\n\n<figure class=\"gb-block-image gb-block-image-77d240af\"><img loading=\"lazy\" decoding=\"async\" width=\"1456\" height=\"816\" class=\"gb-image gb-image-77d240af\" src=\"https:\/\/www.sisinternational.com\/wp-content\/uploads\/2025\/09\/Quantitative-research-1d4-2.jpg\" alt=\"\u00c9tudes de march\u00e9 et strat\u00e9gie internationales SIS\" title=\"Quantitative research (1d4) (2)\" srcset=\"https:\/\/www.sisinternational.com\/wp-content\/uploads\/2025\/09\/Quantitative-research-1d4-2.jpg 1456w, https:\/\/www.sisinternational.com\/wp-content\/uploads\/2025\/09\/Quantitative-research-1d4-2-300x168.jpg 300w, https:\/\/www.sisinternational.com\/wp-content\/uploads\/2025\/09\/Quantitative-research-1d4-2-1024x574.jpg 1024w, https:\/\/www.sisinternational.com\/wp-content\/uploads\/2025\/09\/Quantitative-research-1d4-2-768x430.jpg 768w, https:\/\/www.sisinternational.com\/wp-content\/uploads\/2025\/09\/Quantitative-research-1d4-2-18x10.jpg 18w\" sizes=\"auto, (max-width: 1456px) 100vw, 1456px\"><\/figure>\n\n\n\n<p><\/p>\n\n\n\n<p>Le conseil en IA en mati\u00e8re de risques offre aux entreprises une gamme d\u2019opportunit\u00e9s pour am\u00e9liorer leurs pratiques de gestion des risques et stimuler leur croissance. Voici quelques domaines cl\u00e9s sur lesquels les entreprises peuvent capitaliser\u00a0:<\/p>\n\n\n\n<ul class=\"wp-block-list\">\n<li><strong>Gestion personnalis\u00e9e des risques\u00a0:<\/strong> Les algorithmes d&#039;intelligence artificielle peuvent adapter les strat\u00e9gies de gestion des risques aux besoins sp\u00e9cifiques et aux profils de risque de chaque entreprise. Cette approche personnalis\u00e9e conduit \u00e0 une att\u00e9nuation plus efficace des risques et \u00e0 une plus grande r\u00e9silience.<\/li>\n\n\n\n<li><strong>R\u00e9duction des co\u00fbts:<\/strong> En automatisant les processus de gestion des risques et en r\u00e9duisant le besoin d&#039;intervention manuelle, le conseil en IA en mati\u00e8re de risques peut aider les entreprises \u00e0 r\u00e9duire les co\u00fbts op\u00e9rationnels et \u00e0 allouer les ressources plus efficacement.<\/li>\n\n\n\n<li><strong>Conformit\u00e9 r\u00e9glementaire am\u00e9lior\u00e9e\u00a0:<\/strong> Les syst\u00e8mes de gestion des risques bas\u00e9s sur l&#039;IA peuvent aider les entreprises \u00e0 rester en conformit\u00e9 avec des r\u00e9glementations en constante \u00e9volution en s&#039;adaptant automatiquement aux nouvelles exigences et en garantissant que toutes les mesures de conformit\u00e9 sont en place.<\/li>\n\n\n\n<li><strong>Prise de d\u00e9cision am\u00e9lior\u00e9e\u00a0:<\/strong> Les entreprises peuvent prendre des d\u00e9cisions plus \u00e9clair\u00e9es concernant les strat\u00e9gies de gestion des risques, conduisant ainsi \u00e0 de meilleurs r\u00e9sultats et \u00e0 une exposition r\u00e9duite aux risques.<\/li>\n\n\n\n<li><strong>Avantage comp\u00e9titif:<\/strong> En adoptant le conseil en IA en mati\u00e8re de risques, les entreprises peuvent se positionner en tant que leaders en mati\u00e8re de gestion des risques, acqu\u00e9rir un avantage concurrentiel dans leur secteur et instaurer la confiance avec les parties prenantes.<\/li>\n<\/ul>\n\n\n\n<h2 class=\"wp-block-heading\">D\u00e9fis<\/h2>\n\n\n\n<p>Le conseil en IA en mati\u00e8re de risques pr\u00e9sente \u00e9galement des d\u00e9fis particuliers que les entreprises doivent relever \u2013 et voici quelques-uns des principaux d\u00e9fis\u00a0:<\/p>\n\n\n\n<ul class=\"wp-block-list\">\n<li><strong>Confidentialit\u00e9 et s\u00e9curit\u00e9 des donn\u00e9es\u00a0:<\/strong> Le conseil s\u2019appuyant fortement sur les donn\u00e9es, garantir la confidentialit\u00e9 et la s\u00e9curit\u00e9 de ces donn\u00e9es est une pr\u00e9occupation majeure. Les entreprises doivent mettre en \u0153uvre des mesures de s\u00e9curit\u00e9 robustes pour prot\u00e9ger les informations sensibles contre les violations et les acc\u00e8s non autoris\u00e9s.<\/li>\n\n\n\n<li><strong>Complexit\u00e9 de l&#039;int\u00e9gration\u00a0:<\/strong> L\u2019int\u00e9gration des technologies d\u2019IA dans les syst\u00e8mes de gestion des risques peut s\u2019av\u00e9rer complexe. Les entreprises doivent garantir la compatibilit\u00e9 et le fonctionnement transparent entre les diff\u00e9rents syst\u00e8mes et technologies.<\/li>\n\n\n\n<li><strong>\u00c9cart de comp\u00e9tences\u00a0:<\/strong> There may be a skills gap in the workforce, with a lack of expertise in AI technologies and risk management. Investing in training and development is essential to build the necessary capabilities for effective <a href=\"https:\/\/www.sisinternational.com\/fr\/solutions\/conseil-en-tourisme-de-voyage-et-en-hotellerie\/conseil-en-developpement-touristique\/\" title=\"Conseil en d\u00e9veloppement touristique\"  data-wpil-monitor-id=\"7125\">risk AI consulting<\/a>.<\/li>\n\n\n\n<li><strong>Consid\u00e9rations \u00e9thiques:<\/strong> L\u2019utilisation de l\u2019IA dans la gestion des risques soul\u00e8ve des questions \u00e9thiques, telles que les biais des algorithmes d\u2019IA et l\u2019impact potentiel sur l\u2019emploi. Les entreprises doivent tenir compte de ces consid\u00e9rations \u00e9thiques pour garantir une utilisation responsable de l\u2019intelligence artificielle.<\/li>\n\n\n\n<li><strong>R\u00e9sistance au changement:<\/strong> Il peut y avoir une r\u00e9sistance au changement au sein de l\u2019organisation, les employ\u00e9s h\u00e9sitant \u00e0 adopter de nouveaux processus bas\u00e9s sur l\u2019IA. Une gestion efficace du changement est cruciale pour surmonter ce d\u00e9fi et garantir une mise en \u0153uvre r\u00e9ussie.<\/li>\n<\/ul>\n\n\n\n<h2 class=\"wp-block-heading\">Comment le conseil en IA en mati\u00e8re de risques de SIS International aide les entreprises<\/h2>\n\n\n\n<p>Les services de conseil en IA en mati\u00e8re de risques de SIS International offrent aux entreprises une approche globale de la gestion des risques \u00e0 l&#039;aide de technologies avanc\u00e9es d&#039;IA. Voici comment les solutions de SIS International profitent aux entreprises :<\/p>\n\n\n\n<ul class=\"wp-block-list\">\n<li><strong>\u00c9valuations des risques personnalis\u00e9es\u00a0:<\/strong> SIS International propose des \u00e9valuations des risques sur mesure qui exploitent l&#039;IA pour analyser les facteurs de risque sp\u00e9cifiques pertinents pour l&#039;entreprise. Cela garantit une compr\u00e9hension plus pr\u00e9cise et compl\u00e8te des menaces potentielles.<\/li>\n\n\n\n<li><strong>Analyse pr\u00e9dictive des risques\u00a0:<\/strong> Gr\u00e2ce \u00e0 l&#039;analyse pr\u00e9dictive, SIS International aide les entreprises \u00e0 anticiper les risques futurs, leur permettant de prendre des mesures proactives pour att\u00e9nuer ou \u00e9viter les impacts potentiels.<\/li>\n\n\n\n<li><strong>Surveillance automatis\u00e9e des risques\u00a0:<\/strong> Les services de conseil en IA en mati\u00e8re de risques de SIS International comprennent la mise en \u0153uvre de syst\u00e8mes automatis\u00e9s pour une surveillance continue, garantissant que les risques \u00e9mergents sont identifi\u00e9s et trait\u00e9s en temps r\u00e9el.<\/li>\n\n\n\n<li><strong>Gestion strat\u00e9gique des risques\u00a0:<\/strong> Nos consultants fournissent des conseils strat\u00e9giques sur l\u2019int\u00e9gration de l\u2019IA dans les cadres de gestion des risques existants, aidant ainsi les entreprises \u00e0 am\u00e9liorer leurs processus d\u00e9cisionnels et leurs strat\u00e9gies globales de gestion des risques.<\/li>\n\n\n\n<li><strong>Assistance \u00e0 la conformit\u00e9 r\u00e9glementaire\u00a0:<\/strong> Forte de son expertise en mati\u00e8re d&#039;exigences r\u00e9glementaires, SIS garantit que les solutions de conseil en IA en mati\u00e8re de risques des entreprises sont conformes aux lois et r\u00e9glementations en vigueur, r\u00e9duisant ainsi le risque de probl\u00e8mes juridiques.<\/li>\n\n\n\n<li><strong>Formation et soutien\u00a0:<\/strong> SIS International propose des formations et un accompagnement aux entreprises, les aidant \u00e0 d\u00e9velopper des capacit\u00e9s internes pour g\u00e9rer les solutions de conseil en IA des risques et garantir leur utilisation efficace dans le temps.<\/li>\n\n\n\n<li><strong>\u00c9valuation continue\u00a0:<\/strong> Our experts conduct regular evaluations of the <a href=\"https:\/\/www.sisinternational.com\/fr\/solutions\/croissance-mondiale\/approvisionnement-strategique-2\/\" title=\"Solutions d&#039;approvisionnement expertes\"  data-wpil-monitor-id=\"6377\">risk AI consulting<\/a> solutions to assess their performance and make necessary adjustments, ensuring that they continue to meet the evolving needs of the business.<\/li>\n<\/ul>\n\n\n\n<h1 class=\"wp-block-heading\">\u00c0 propos de SIS International<\/h1>\n\n\n\n<p>SIS International offers Quantitative, Qualitative, and Strategy Research. We provide data, tools, strategies, reports and insights for decision-making. We conduct interviews, surveys, focus groups and many other <a class=\"wpil_keyword_link\" href=\"https:\/\/www.sisinternational.com\/fr\/\"   title=\"Accueil\" data-wpil-keyword-link=\"linked\"  data-wpil-monitor-id=\"580\">\u00c9tude de march\u00e9<\/a> methods and approaches. <a class=\"wpil_keyword_link\" href=\"https:\/\/www.sisinternational.com\/fr\/contacter-sis-etude-de-marche-internationale\/\"   title=\"Contactez-nous\" data-wpil-keyword-link=\"linked\"  data-wpil-monitor-id=\"581\">Contact<\/a> us for your next Market Research project.<\/p>\n\n\n\n<p><\/p>","protected":false},"excerpt":{"rendered":"<p>Le conseil en IA en mati\u00e8re de risques utilise les technologies de l&#039;IA pour identifier, \u00e9valuer et att\u00e9nuer les risques dans divers contextes commerciaux.<\/p>","protected":false},"author":1,"featured_media":67035,"parent":44406,"menu_order":74,"comment_status":"closed","ping_status":"closed","template":"","meta":{"footnotes":""},"class_list":["post-46965","page","type-page","status-publish","has-post-thumbnail"],"_links":{"self":[{"href":"https:\/\/www.sisinternational.com\/fr\/wp-json\/wp\/v2\/pages\/46965","targetHints":{"allow":["GET"]}}],"collection":[{"href":"https:\/\/www.sisinternational.com\/fr\/wp-json\/wp\/v2\/pages"}],"about":[{"href":"https:\/\/www.sisinternational.com\/fr\/wp-json\/wp\/v2\/types\/page"}],"author":[{"embeddable":true,"href":"https:\/\/www.sisinternational.com\/fr\/wp-json\/wp\/v2\/users\/1"}],"replies":[{"embeddable":true,"href":"https:\/\/www.sisinternational.com\/fr\/wp-json\/wp\/v2\/comments?post=46965"}],"version-history":[{"count":10,"href":"https:\/\/www.sisinternational.com\/fr\/wp-json\/wp\/v2\/pages\/46965\/revisions"}],"predecessor-version":[{"id":80688,"href":"https:\/\/www.sisinternational.com\/fr\/wp-json\/wp\/v2\/pages\/46965\/revisions\/80688"}],"up":[{"embeddable":true,"href":"https:\/\/www.sisinternational.com\/fr\/wp-json\/wp\/v2\/pages\/44406"}],"wp:featuredmedia":[{"embeddable":true,"href":"https:\/\/www.sisinternational.com\/fr\/wp-json\/wp\/v2\/media\/67035"}],"wp:attachment":[{"href":"https:\/\/www.sisinternational.com\/fr\/wp-json\/wp\/v2\/media?parent=46965"}],"curies":[{"name":"wp","href":"https:\/\/api.w.org\/{rel}","templated":true}]}}