{"id":46962,"date":"2024-03-19T16:25:16","date_gmt":"2024-03-19T20:25:16","guid":{"rendered":"https:\/\/www.sisinternational.com\/?page_id=46962"},"modified":"2026-01-26T17:00:33","modified_gmt":"2026-01-26T22:00:33","slug":"etude-de-marche-sur-les-contrats-intelligents","status":"publish","type":"page","link":"https:\/\/www.sisinternational.com\/fr\/competence\/etude-de-marche-sur-les-contrats-intelligents\/","title":{"rendered":"\u00c9tude de march\u00e9 sur les contrats intelligents"},"content":{"rendered":"<h1 class=\"wp-block-heading\">\u00c9tude de march\u00e9 sur les contrats intelligents<\/h1>\n\n\n\n<figure class=\"gb-block-image gb-block-image-d1b56a26\"><img loading=\"lazy\" decoding=\"async\" width=\"1456\" height=\"816\" class=\"gb-image gb-image-d1b56a26\" src=\"https:\/\/www.sisinternational.com\/wp-content\/uploads\/2025\/08\/Digital-Customer-Experience-2.jpg\" alt=\"\u00c9tudes de march\u00e9 et strat\u00e9gie internationales SIS\" title=\"Digital Customer Experience (2)\" srcset=\"https:\/\/www.sisinternational.com\/wp-content\/uploads\/2025\/08\/Digital-Customer-Experience-2.jpg 1456w, https:\/\/www.sisinternational.com\/wp-content\/uploads\/2025\/08\/Digital-Customer-Experience-2-300x168.jpg 300w, https:\/\/www.sisinternational.com\/wp-content\/uploads\/2025\/08\/Digital-Customer-Experience-2-1024x574.jpg 1024w, https:\/\/www.sisinternational.com\/wp-content\/uploads\/2025\/08\/Digital-Customer-Experience-2-768x430.jpg 768w, https:\/\/www.sisinternational.com\/wp-content\/uploads\/2025\/08\/Digital-Customer-Experience-2-18x10.jpg 18w\" sizes=\"auto, (max-width: 1456px) 100vw, 1456px\"><\/figure>\n\n\n\n<hr class=\"wp-block-separator has-alpha-channel-opacity is-style-dots\"\/>\n\n\n\n<p>Les contrats intelligents, construits sur la technologie blockchain, offrent une solution s\u00e9curis\u00e9e et automatis\u00e9e pour ex\u00e9cuter des accords sans interm\u00e9diaires, r\u00e9duisant ainsi les co\u00fbts et minimisant les risques de fraude et de litiges.<\/p>\n\n\n\n<h2 class=\"wp-block-heading\">Qu\u2019est-ce que l\u2019\u00e9tude de march\u00e9 sur les contrats intelligents ?<\/h2>\n\n\n\n<p>The concept of smart contracts is revolutionizing the way businesses operate&#8230; But what exactly are smart contracts, and why are they becoming increasingly indispensable in the modern business world? Smart contracts <a class=\"wpil_keyword_link\" href=\"https:\/\/www.sisinternational.com\/fr\/solutions\/\"   title=\"Solutions\" data-wpil-keyword-link=\"linked\"  data-wpil-monitor-id=\"582\">\u00e9tude de march\u00e9<\/a> shows that these automated, self-executing agreements are not just futuristic ideas but necessary for enhancing efficiency, security, and transparency in various industries.<\/p>\n\n\n\n<h2 class=\"wp-block-heading\">Why Is Smart Contracts Market Research Important? <\/h2>\n\n\n\n<p><a href=\"https:\/\/www.sisinternational.com\/fr\/etude-de-marche-de-vente-au-detail-intelligente\/\" title=\"\u00c9tude de march\u00e9 de vente au d\u00e9tail intelligente\"  data-wpil-monitor-id=\"2531\">Smart contracts market research<\/a> analyzes the smart contracts industry, encompassing the study of market trends, technologies, applications, and the competitive landscape. It seeks to understand the adoption rate of smart contracts, their impact on various sectors, and the potential challenges and opportunities they present.<\/p>\n\n\n\n<p>Smart <a href=\"https:\/\/www.sisinternational.com\/fr\/etude-de-marche-sur-la-mobilite-intelligente\/\" title=\"\u00c9tude de march\u00e9 sur la mobilit\u00e9 intelligente\"  data-wpil-monitor-id=\"1908\">contracts market research offers a compelling solution<\/a> to the digital transformation challenges, providing a secure and automated way to execute agreements. <\/p>\n\n\n\n<p>Another significant advantage of <a href=\"https:\/\/www.sisinternational.com\/fr\/competence\/les-industries\/etude-de-marche-sur-les-villes-intelligentes\/\" title=\"\u00c9tude de march\u00e9 sur les villes intelligentes\"  data-wpil-monitor-id=\"3389\">\u00e9tude de march\u00e9 sur les contrats intelligents<\/a> is its ability to reduce transaction costs. This cost-effectiveness, combined with the speed and accuracy of smart contracts, makes them an attractive option for a wide range of industries, from finance and real estate to supply chain management and healthcare.<\/p>\n\n\n\n<p>Mais cela apporte plusieurs autres avantages, notamment :<\/p>\n\n\n\n<ul class=\"wp-block-list\">\n<li><strong>Identifying <\/strong><a href=\"https:\/\/www.sisinternational.com\/fr\/transport-en-ambulance\/\" title=\"\u00c9tude de march\u00e9 sur le transport ambulancier\"  data-wpil-monitor-id=\"2093\">Market Opportunities: Research<\/a> can help identify industries and sectors where smart contracts can be most effectively applied, such as finance, real estate, supply chain management, and healthcare.<\/li>\n\n\n\n<li><strong>Comprendre les besoins des consommateurs\u00a0:<\/strong> Il peut fournir des informations sur les besoins et les pr\u00e9f\u00e9rences des utilisateurs potentiels de contrats intelligents, aidant ainsi les entreprises \u00e0 adapter leurs offres pour r\u00e9pondre \u00e0 la demande du march\u00e9.<\/li>\n\n\n\n<li><strong>Analyse comp\u00e9titive:<\/strong> La recherche peut aider les entreprises \u00e0 comprendre le paysage concurrentiel, y compris les acteurs cl\u00e9s, les strat\u00e9gies et le positionnement sur le march\u00e9, leur permettant ainsi de diff\u00e9rencier leurs offres et d&#039;acqu\u00e9rir un avantage concurrentiel.<\/li>\n\n\n\n<li><strong>Tendances technologiques\u00a0:<\/strong> Se tenir au courant des avanc\u00e9es technologiques est crucial dans l\u2019espace blockchain en \u00e9volution rapide. Les \u00e9tudes de march\u00e9 peuvent fournir un aper\u00e7u des tendances et innovations \u00e9mergentes dans le d\u00e9veloppement de contrats intelligents.<\/li>\n\n\n\n<li><strong>Informations r\u00e9glementaires\u00a0:<\/strong> Comprendre l\u2019environnement r\u00e9glementaire est crucial pour adopter des contrats intelligents. Les \u00e9tudes de march\u00e9 peuvent fournir un aper\u00e7u des r\u00e9glementations actuelles et des changements potentiels futurs qui pourraient avoir un impact sur le march\u00e9.<\/li>\n\n\n\n<li><strong>Opportunit\u00e9s d&#039;investissement\u00a0:<\/strong> Pour les investisseurs, les \u00e9tudes de march\u00e9 peuvent identifier les startups et les technologies prometteuses dans le domaine des contrats intelligents, les aidant ainsi \u00e0 prendre des d\u00e9cisions d\u2019investissement \u00e9clair\u00e9es.<\/li>\n\n\n\n<li><strong>Pr\u00e9visions de march\u00e9\u00a0:<\/strong> Les \u00e9tudes de march\u00e9 peuvent fournir des pr\u00e9visions sur la croissance et l\u2019adoption des contrats intelligents, aidant ainsi les entreprises et les investisseurs \u00e0 planifier l\u2019avenir.<\/li>\n<\/ul>\n\n\n\n<h2 class=\"wp-block-heading\">R\u00e9sultats attendus<\/h2>\n\n\n\n<p>SIS International <a href=\"https:\/\/www.sisinternational.com\/fr\/etude-de-marche-sur-la-fabrication-intelligente\/\" title=\"\u00c9tude de march\u00e9 sur la fabrication intelligente\"  data-wpil-monitor-id=\"3612\">\u00e9tude de march\u00e9 sur les contrats intelligents<\/a> provides businesses with actionable insights and a comprehensive understanding of the smart contracts landscape. Here are some expected results from their research:<\/p>\n\n\n\n<ul class=\"wp-block-list\">\n<li><a href=\"https:\/\/www.sisinternational.com\/fr\/competence\/etude-de-marche-sur-les-produits-chimiques-en-vrac\/\" title=\"\u00c9tude de march\u00e9 sur les produits chimiques en vrac\"  data-wpil-monitor-id=\"2125\">Market Trends and Forecasts: The research<\/a> will identify current trends in the smart contracts market and provide forecasts for its future growth. This information helps businesses make informed decisions about adopting and investing in smart contracts.<\/li>\n\n\n\n<li><strong>Applications sp\u00e9cifiques \u00e0 l&#039;industrie\u00a0:<\/strong> Les r\u00e9sultats mettront en \u00e9vidence la mani\u00e8re dont diff\u00e9rentes industries utilisent les contrats intelligents, en pr\u00e9sentant des cas d&#039;utilisation r\u00e9ussis et des domaines potentiels de mise en \u0153uvre.<\/li>\n\n\n\n<li><strong>Analyse comp\u00e9titive:<\/strong> SIS\u2019s research offers a detailed analysis of key players in the <a href=\"https:\/\/www.sisinternational.com\/fr\/solutions\/etude-de-marche-b2b2c\/\" title=\"\u00c9tudes de march\u00e9 B2B2C\"  data-wpil-monitor-id=\"2139\">smart contracts<\/a> market, their strategies, and their market share. This helps businesses understand the competitive landscape and identify potential partnerships or opportunities.<\/li>\n\n\n\n<li><strong>Paysage r\u00e9glementaire\u00a0:<\/strong> La recherche fournit un aper\u00e7u de l\u2019environnement r\u00e9glementaire entourant les contrats intelligents, y compris les \u00e9ventuelles contestations juridiques ou exigences de conformit\u00e9. Ceci est crucial pour que les entreprises puissent comprendre les aspects juridiques de la mise en \u0153uvre des contrats intelligents.<\/li>\n\n\n\n<li><strong>Opportunit\u00e9s d&#039;investissement\u00a0:<\/strong> The research identifies investment opportunities within the <a href=\"https:\/\/www.sisinternational.com\/fr\/solutions\/etude-de-marche-sur-le-tableau-de-bord-prospectif\/\" title=\"\u00c9tude de march\u00e9 sur les tableaux de bord prospectifs\"  data-wpil-monitor-id=\"2256\">smart contracts<\/a> market, helping businesses and investors capitalize on the growth potential of this technology.<\/li>\n<\/ul>\n\n\n\n<h2 class=\"wp-block-heading\">Joueurs cl\u00e9s<\/h2>\n\n\n\n<p>Le march\u00e9 des contrats intelligents se caract\u00e9rise par un large \u00e9ventail d\u2019acteurs tels que :<\/p>\n\n\n\n<ul class=\"wp-block-list\">\n<li><strong>\u00c9thereum\u00a0:<\/strong> Ethereum est une plateforme blockchain leader qui a \u00e9t\u00e9 pionni\u00e8re dans les contrats intelligents. Il fournit une plate-forme d\u00e9centralis\u00e9e permettant aux d\u00e9veloppeurs de cr\u00e9er et de d\u00e9ployer des contrats intelligents, ce qui en fait un acteur cl\u00e9 du march\u00e9.<\/li>\n\n\n\n<li><strong>Hyper grand livre\u00a0:<\/strong> Hyperledger est un effort collaboratif open source cr\u00e9\u00e9 pour faire progresser les technologies blockchain intersectorielles. Il fournit divers outils et cadres pour d\u00e9velopper et d\u00e9ployer des contrats intelligents dans divers contextes commerciaux.<\/li>\n\n\n\n<li><strong>Maillon de cha\u00eene:<\/strong> Chainlink est un r\u00e9seau Oracle d\u00e9centralis\u00e9 qui fournit des donn\u00e9es r\u00e9elles aux contrats intelligents sur la blockchain. Il garantit que les contrats intelligents peuvent interagir de mani\u00e8re s\u00e9curis\u00e9e et fiable avec des sources de donn\u00e9es externes.<\/li>\n\n\n\n<li><strong>Microsoft\u00a0:<\/strong> Le service Azure Blockchain de Microsoft offre une plate-forme pour cr\u00e9er et g\u00e9rer des applications blockchain, y compris des contrats intelligents. L&#039;accent mis par l&#039;entreprise sur l&#039;int\u00e9gration de la technologie blockchain \u00e0 ses services cloud la positionne comme un acteur important sur le march\u00e9.<\/li>\n<\/ul>\n\n\n\n<h2 class=\"wp-block-heading\">Opportunit\u00e9s<\/h2>\n\n\n\n<p>Les opportunit\u00e9s dans les \u00e9tudes de march\u00e9 sur les contrats intelligents sont vastes \u00e0 mesure que la technologie continue d\u2019\u00e9voluer et de trouver de nouvelles applications dans divers secteurs. Voici quelques opportunit\u00e9s cl\u00e9s\u00a0:<\/p>\n\n\n\n<ul class=\"wp-block-list\">\n<li><strong>Secteur \u00e9nerg\u00e9tique:<\/strong> These contracts can facilitate peer-to-peer energy trading, manage renewable energy certificates, and automate utility billing. <a href=\"https:\/\/www.sisinternational.com\/fr\/sante-intelligente\/\" title=\"\u00c9tude de march\u00e9 sur la sant\u00e9 intelligente\"  data-wpil-monitor-id=\"1942\">Market research can identify opportunities for innovation<\/a> in energy distribution and consumption.<\/li>\n\n\n\n<li><strong>Divertissement et m\u00e9dias\u00a0:<\/strong> Les contrats intelligents peuvent automatiser le paiement des redevances, g\u00e9rer les droits num\u00e9riques et rationaliser la distribution de contenu. Les \u00e9tudes de march\u00e9 peuvent r\u00e9v\u00e9ler des opportunit\u00e9s d\u2019innovation dans l\u2019industrie du divertissement.<\/li>\n\n\n\n<li><strong>March\u00e9s \u00e9mergents:<\/strong> Les contrats peuvent offrir des opportunit\u00e9s d\u2019inclusion financi\u00e8re et d\u2019acc\u00e8s aux services sur les march\u00e9s \u00e9mergents, o\u00f9 les infrastructures traditionnelles peuvent faire d\u00e9faut. Les \u00e9tudes de march\u00e9 peuvent identifier les opportunit\u00e9s de d\u00e9ploiement de contrats intelligents dans ces r\u00e9gions.<\/li>\n<\/ul>\n\n\n\n<h2 class=\"wp-block-heading\">Perspectives d&#039;avenir<\/h2>\n\n\n\n<p>Les perspectives d\u2019avenir des \u00e9tudes de march\u00e9 sur les contrats intelligents sont optimistes, car l\u2019adoption de la technologie blockchain continue de cro\u00eetre dans divers secteurs. Voici quelques perspectives potentielles pour l\u2019avenir de ce march\u00e9\u00a0:<\/p>\n\n\n\n<ul class=\"wp-block-list\">\n<li><strong>Adoption accrue dans le domaine financier\u00a0:<\/strong> Le secteur financier conna\u00eetra probablement une adoption accrue de contrats intelligents pour automatiser les transactions, r\u00e9duire la fraude et am\u00e9liorer l\u2019efficacit\u00e9 des processus tels que les r\u00e8glements, les transactions et la conformit\u00e9.<\/li>\n\n\n\n<li><strong>Expansion dans le secteur de la sant\u00e9\u00a0:<\/strong> Les contrats intelligents pourraient r\u00e9volutionner les soins de sant\u00e9 en rationalisant la gestion des dossiers des patients, en garantissant la confidentialit\u00e9 des donn\u00e9es et en automatisant le traitement des r\u00e9clamations d&#039;assurance.<\/li>\n\n\n\n<li><strong>Croissance dans la gestion de la cha\u00eene d&#039;approvisionnement\u00a0:<\/strong> L\u2019utilisation de contrats intelligents dans la gestion de la cha\u00eene d\u2019approvisionnement devrait se d\u00e9velopper, offrant transparence, tra\u00e7abilit\u00e9 et efficacit\u00e9 dans le suivi du mouvement des marchandises.<\/li>\n\n\n\n<li><strong>Applications immobili\u00e8res\u00a0:<\/strong> Le secteur immobilier pourrait adopter de plus en plus de contrats intelligents pour les transactions immobili\u00e8res, la gestion des titres et les processus de location, r\u00e9duisant ainsi le besoin d&#039;interm\u00e9diaires et de paperasse.<\/li>\n\n\n\n<li><strong>Int\u00e9gration avec l&#039;IoT\u00a0:<\/strong> Integrating smart contracts with the <a href=\"https:\/\/www.sisinternational.com\/fr\/solutions\/conseil-en-blockchain-sis\/internet-des-objets-blockchain\/\" title=\"Blockchain et Internet des objets\"  data-wpil-monitor-id=\"6342\">Internet des objets<\/a> (IoT) could lead to innovative applications in various sectors, including energy management, smart homes, and automated manufacturing.<\/li>\n\n\n\n<li><strong>D\u00e9veloppements juridiques et r\u00e9glementaires\u00a0:<\/strong> \u00c0 mesure que le cadre juridique et r\u00e9glementaire autour de la blockchain et des contrats intelligents \u00e9volue, la recherche doit s\u2019adapter \u00e0 ces changements et identifier de nouvelles opportunit\u00e9s.<\/li>\n\n\n\n<li><strong>Avanc\u00e9es de la technologie Blockchain\u00a0:<\/strong> Les progr\u00e8s continus de la technologie blockchain, tels que les solutions d\u2019\u00e9volutivit\u00e9 et l\u2019interop\u00e9rabilit\u00e9 entre les diff\u00e9rentes plates-formes blockchain, \u00e9largiront les possibilit\u00e9s des contrats intelligents.<\/li>\n<\/ul>\n\n\n\n<h2 class=\"wp-block-heading\">The SIS Advantage<\/h2>\n\n\n\n<p>Les \u00e9tudes de march\u00e9 de SIS sur les contrats intelligents fournissent aux entreprises des informations pr\u00e9cieuses et des conseils strat\u00e9giques pour naviguer dans le paysage complexe des contrats intelligents. Voici comment leurs recherches peuvent profiter aux entreprises\u00a0:<\/p>\n\n\n\n<ul class=\"wp-block-list\">\n<li><strong>Prise de d\u00e9cision \u00e9clair\u00e9e\u00a0:<\/strong> SIS\u2019s <a href=\"https:\/\/www.sisinternational.com\/fr\/etude-de-marche-a-hong-kong\/\" title=\"Etude de march\u00e9 \u00e0 Hong Kong\"  data-wpil-monitor-id=\"2451\">research delivers comprehensive data on market<\/a> trends, competitive analysis, and industry best practices. <\/li>\n\n\n\n<li><strong>Identifier les opportunit\u00e9s\u00a0:<\/strong> La recherche aide les entreprises \u00e0 identifier les opportunit\u00e9s permettant de tirer parti des contrats intelligents dans leurs op\u00e9rations. Les entreprises peuvent d\u00e9couvrir de nouvelles fa\u00e7ons d\u2019am\u00e9liorer l\u2019efficacit\u00e9, la s\u00e9curit\u00e9 et la transparence en comprenant les applications et les avantages potentiels.<\/li>\n\n\n\n<li><strong>Gestion des risques:<\/strong> Les recherches de SIS analysent les d\u00e9fis et les risques associ\u00e9s aux contrats intelligents. Les entreprises peuvent utiliser ces informations pour d\u00e9velopper des strat\u00e9gies visant \u00e0 att\u00e9nuer les risques et \u00e0 garantir le d\u00e9ploiement r\u00e9ussi des contrats intelligents.<\/li>\n\n\n\n<li><strong>Solutions personnalis\u00e9es\u00a0:<\/strong> SIS International propose des services de recherche sur mesure pour r\u00e9pondre aux besoins sp\u00e9cifiques de chaque entreprise. Cette approche personnalis\u00e9e garantit que les entreprises re\u00e7oivent des informations pertinentes qui correspondent \u00e0 leurs objectifs et d\u00e9fis uniques.<\/li>\n\n\n\n<li><strong>Planification strat\u00e9gique\u00a0:<\/strong> Les informations tir\u00e9es de l&#039;\u00e9tude de march\u00e9 sur les contrats intelligents de SIS peuvent \u00e9clairer la planification strat\u00e9gique, aidant ainsi les entreprises \u00e0 d\u00e9velopper des strat\u00e9gies \u00e0 long terme pour int\u00e9grer les contrats intelligents dans leurs op\u00e9rations.<\/li>\n<\/ul>\n\n\n\n<p><\/p>","protected":false},"excerpt":{"rendered":"<p>Les \u00e9tudes de march\u00e9 sur les contrats intelligents analysent les tendances du march\u00e9, les technologies, les applications et le paysage concurrentiel de l\u2019industrie.<\/p>","protected":false},"author":1,"featured_media":64779,"parent":14514,"menu_order":426,"comment_status":"closed","ping_status":"closed","template":"","meta":{"footnotes":""},"class_list":["post-46962","page","type-page","status-publish","has-post-thumbnail"],"_links":{"self":[{"href":"https:\/\/www.sisinternational.com\/fr\/wp-json\/wp\/v2\/pages\/46962","targetHints":{"allow":["GET"]}}],"collection":[{"href":"https:\/\/www.sisinternational.com\/fr\/wp-json\/wp\/v2\/pages"}],"about":[{"href":"https:\/\/www.sisinternational.com\/fr\/wp-json\/wp\/v2\/types\/page"}],"author":[{"embeddable":true,"href":"https:\/\/www.sisinternational.com\/fr\/wp-json\/wp\/v2\/users\/1"}],"replies":[{"embeddable":true,"href":"https:\/\/www.sisinternational.com\/fr\/wp-json\/wp\/v2\/comments?post=46962"}],"version-history":[{"count":19,"href":"https:\/\/www.sisinternational.com\/fr\/wp-json\/wp\/v2\/pages\/46962\/revisions"}],"predecessor-version":[{"id":79926,"href":"https:\/\/www.sisinternational.com\/fr\/wp-json\/wp\/v2\/pages\/46962\/revisions\/79926"}],"up":[{"embeddable":true,"href":"https:\/\/www.sisinternational.com\/fr\/wp-json\/wp\/v2\/pages\/14514"}],"wp:featuredmedia":[{"embeddable":true,"href":"https:\/\/www.sisinternational.com\/fr\/wp-json\/wp\/v2\/media\/64779"}],"wp:attachment":[{"href":"https:\/\/www.sisinternational.com\/fr\/wp-json\/wp\/v2\/media?parent=46962"}],"curies":[{"name":"wp","href":"https:\/\/api.w.org\/{rel}","templated":true}]}}