{"id":46896,"date":"2024-03-17T00:36:33","date_gmt":"2024-03-17T04:36:33","guid":{"rendered":"https:\/\/www.sisinternational.com\/?page_id=46896"},"modified":"2026-01-24T21:08:41","modified_gmt":"2026-01-25T02:08:41","slug":"conseil-en-strategie-detude-de-marche-sur-le-suivi-des-patients","status":"publish","type":"page","link":"https:\/\/www.sisinternational.com\/fr\/solutions\/conseil-en-strategie\/conseil-en-strategie-detude-de-marche-sur-le-suivi-des-patients\/","title":{"rendered":"Medical Device Consulting"},"content":{"rendered":"<h1 class=\"wp-block-heading\">Medical Device Consulting<\/h1>\n\n\n\n<figure class=\"gb-block-image gb-block-image-a63f5d2f\"><img loading=\"lazy\" decoding=\"async\" width=\"1456\" height=\"816\" class=\"gb-image gb-image-a63f5d2f\" src=\"https:\/\/www.sisinternational.com\/wp-content\/uploads\/2025\/08\/Healthcare-2.jpg\" alt=\"\u00c9tudes de march\u00e9 et strat\u00e9gie internationales SIS\" title=\"Healthcare (2)\" srcset=\"https:\/\/www.sisinternational.com\/wp-content\/uploads\/2025\/08\/Healthcare-2.jpg 1456w, https:\/\/www.sisinternational.com\/wp-content\/uploads\/2025\/08\/Healthcare-2-300x168.jpg 300w, https:\/\/www.sisinternational.com\/wp-content\/uploads\/2025\/08\/Healthcare-2-1024x574.jpg 1024w, https:\/\/www.sisinternational.com\/wp-content\/uploads\/2025\/08\/Healthcare-2-768x430.jpg 768w, https:\/\/www.sisinternational.com\/wp-content\/uploads\/2025\/08\/Healthcare-2-18x10.jpg 18w\" sizes=\"auto, (max-width: 1456px) 100vw, 1456px\"><\/figure>\n\n\n\n<hr class=\"wp-block-separator has-alpha-channel-opacity is-style-dots\"\/>\n\n\n\n<p>Comment les entreprises peuvent-elles exploiter la puissance de la surveillance des patients pour stimuler l\u2019innovation, am\u00e9liorer les soins aux patients et garder une longueur d\u2019avance sur un march\u00e9 de plus en plus concurrentiel ? Des appareils portables aux solutions de surveillance \u00e0 distance, la surveillance des patients pr\u00e9sente une multitude d&#039;opportunit\u00e9s pour les entreprises d\u00e9sireuses d&#039;explorer son potentiel. C&#039;est pourquoi les \u00e9tudes de march\u00e9 et le conseil en strat\u00e9gie sur la surveillance des patients aident les entreprises \u00e0 garder une longueur d&#039;avance, \u00e0 prosp\u00e9rer et \u00e0 se diff\u00e9rencier sur un march\u00e9 concurrentiel.<\/p>\n\n\n\n<h2 class=\"wp-block-heading\">What Is Medical Device Consulting? Why Is It Important?<\/h2>\n\n\n\n<p>Medical Device Consulting aims at maximizing the effectiveness of patient monitoring technologies and practices. It delves into understanding the current landscape of patient monitoring technologies, including wearable devices, remote monitoring systems, and telehealth platforms. <\/p>\n\n\n\n<p> But, it brings many other benefits for businesses, including:<\/p>\n\n\n\n<ul class=\"wp-block-list\">\n<li><strong>Prise de d\u00e9cision \u00e9clair\u00e9e\u00a0:<\/strong> <a href=\"https:\/\/www.sisinternational.com\/fr\/competence\/les-industries\/etude-de-marche-sur-les-dispositifs-medicaux\/\" title=\"\u00c9tude de march\u00e9 sur les dispositifs m\u00e9dicaux\"  data-wpil-monitor-id=\"3177\">Medical Device Consulting<\/a> provides healthcare organizations with valuable insights into market trends, patient preferences, and technological advancements.<\/li>\n\n\n\n<li><strong>Soins am\u00e9lior\u00e9s aux patients\u00a0:<\/strong> Les technologies de surveillance des patients permettent aux prestataires de soins de sant\u00e9 de surveiller les signes vitaux, les sympt\u00f4mes et l&#039;\u00e9tat de sant\u00e9 des patients en temps r\u00e9el, permettant ainsi une d\u00e9tection pr\u00e9coce des complications et des interventions rapides.<\/li>\n\n\n\n<li><strong>Efficacit\u00e9 op\u00e9rationnelle\u00a0:<\/strong> It helps healthcare organizations optimize their patient monitoring workflows, streamline processes, and leverage <a href=\"https:\/\/www.sisinternational.com\/fr\/solutions\/ai-etudes-de-marche-et-conseil-en-strategie\/technologie-industrie-automatisation-conseil-en-intelligence-artificielle\/\" title=\"Conseil en automatisation de l&#039;industrie technologique et en intelligence artificielle\"  data-wpil-monitor-id=\"10211\">automation and digital technologies<\/a> to drive operational efficiency.<\/li>\n\n\n\n<li><strong>Conformit\u00e9 r\u00e9glementaire\u00a0:<\/strong> Les \u00e9tablissements de sant\u00e9 op\u00e8rent dans un environnement hautement r\u00e9glement\u00e9, et l&#039;analyse du suivi des patients permet de garantir la conformit\u00e9 aux exigences r\u00e9glementaires.<\/li>\n<\/ul>\n\n\n\n<h2 class=\"wp-block-heading\">When to Conduct Medical Device Consulting<\/h2>\n\n\n\n<p>Determining the right timing for Medical Device Consulting is essential for maximizing its effectiveness and impact \u2013 and here are some key factors to consider:<\/p>\n\n\n\n<ul class=\"wp-block-list\">\n<li><strong>Introduction de nouvelles technologies\u00a0:<\/strong> When healthcare organizations are considering the introduction of new patient monitoring technologies or solutions, it&#8217;s a good time to conduct market <a class=\"wpil_keyword_link\" href=\"https:\/\/www.sisinternational.com\/fr\/\"   title=\"Accueil\" data-wpil-keyword-link=\"linked\"  data-wpil-monitor-id=\"583\">research and strategy<\/a> consulting. <\/li>\n\n\n\n<li><strong>Expansion des services de surveillance des patients\u00a0:<\/strong> As healthcare organizations expand their patient monitoring services to new specialties, settings, or patient populations, it&#8217;s important to <a href=\"https:\/\/www.sisinternational.com\/fr\/how-to-conduct-effective-quantitative-market-research\/\" title=\"How to Conduct Effective Quantitative Market Research\"  data-wpil-monitor-id=\"10189\">conduct market research<\/a> to understand the specific needs and preferences of these target audiences. Strategy <a href=\"https:\/\/www.sisinternational.com\/fr\/solutions\/conseil-en-strategie\/conseil-en-execution-de-developpement-de-strategie\/\" title=\"Conseil en d\u00e9veloppement et ex\u00e9cution de strat\u00e9gies\"  data-wpil-monitor-id=\"10202\">consulting can then help organizations develop<\/a> tailored strategies for effectively delivering patient monitoring services in these new areas.<\/li>\n\n\n\n<li><strong>Modifications r\u00e9glementaires ou exigences de conformit\u00e9\u00a0:<\/strong> Les changements dans les exigences r\u00e9glementaires ou les normes de conformit\u00e9 li\u00e9es \u00e0 la surveillance des patients peuvent avoir un impact significatif sur les \u00e9tablissements de sant\u00e9. Les \u00e9tudes de march\u00e9 et le conseil en strat\u00e9gie peuvent aider les organisations \u00e0 comprendre les implications de ces changements, \u00e0 \u00e9valuer leur \u00e9tat de conformit\u00e9 actuel et \u00e0 d\u00e9velopper des strat\u00e9gies pour atteindre et maintenir la conformit\u00e9.<\/li>\n\n\n\n<li><strong>Initiatives d&#039;am\u00e9lioration des performances\u00a0:<\/strong> Lorsque les organismes de sant\u00e9 cherchent \u00e0 am\u00e9liorer les performances de leurs programmes de surveillance des patients, la r\u00e9alisation d\u2019\u00e9tudes de march\u00e9 et de conseils en strat\u00e9gie peut fournir des informations pr\u00e9cieuses sur les domaines \u00e0 am\u00e9liorer.<\/li>\n\n\n\n<li><strong>\u00c9valuation des concurrents\u00a0:<\/strong> Keeping a pulse on competitors&#8217; patient monitoring initiatives and strategies is <a href=\"https:\/\/www.sisinternational.com\/fr\/what-to-expect-in-your-first-year-entering-a-new-market-5-essential-strategies\/\" title=\"What to Expect in Your First Year Entering a New Market: 5 Essential Strategies\"  data-wpil-monitor-id=\"10209\">essential<\/a> for staying competitive in the healthcare market. <\/li>\n<\/ul>\n\n\n\n<h2 class=\"wp-block-heading\">Expected Results from SIS\u2019s Medical Device Consulting<\/h2>\n\n\n\n<figure class=\"gb-block-image gb-block-image-40603e4c\"><img loading=\"lazy\" decoding=\"async\" width=\"1456\" height=\"816\" class=\"gb-image gb-image-40603e4c\" src=\"https:\/\/www.sisinternational.com\/wp-content\/uploads\/2025\/08\/Healthcare-6.jpg\" alt=\"\u00c9tudes de march\u00e9 et strat\u00e9gie internationales SIS\" title=\"Healthcare (6)\" srcset=\"https:\/\/www.sisinternational.com\/wp-content\/uploads\/2025\/08\/Healthcare-6.jpg 1456w, https:\/\/www.sisinternational.com\/wp-content\/uploads\/2025\/08\/Healthcare-6-300x168.jpg 300w, https:\/\/www.sisinternational.com\/wp-content\/uploads\/2025\/08\/Healthcare-6-1024x574.jpg 1024w, https:\/\/www.sisinternational.com\/wp-content\/uploads\/2025\/08\/Healthcare-6-768x430.jpg 768w, https:\/\/www.sisinternational.com\/wp-content\/uploads\/2025\/08\/Healthcare-6-18x10.jpg 18w\" sizes=\"auto, (max-width: 1456px) 100vw, 1456px\"><\/figure>\n\n\n\n<p><\/p>\n\n\n\n<p>S&#039;engager dans des \u00e9tudes de march\u00e9 et des conseils en strat\u00e9gie entra\u00eene une s\u00e9rie de r\u00e9sultats positifs attendus pour les organisations de soins de sant\u00e9 qui cherchent \u00e0 am\u00e9liorer les soins aux patients et leur efficacit\u00e9\u00a0:<\/p>\n\n\n\n<ul class=\"wp-block-list\">\n<li><strong>Efficacit\u00e9 op\u00e9rationnelle\u00a0:<\/strong> Through market research and strategy consulting, healthcare organizations can identify opportunities for streamlining processes, reducing costs, and improving resource utilization in their patient monitoring programs. <\/li>\n\n\n\n<li><strong>Avantage comp\u00e9titif:<\/strong> By staying abreast of market trends, technological advancements, and competitor strategies, <a href=\"https:\/\/www.sisinternational.com\/fr\/creation-dorgue-par-imprimantes-3d\/\" title=\"\u00c9tude de march\u00e9 sur la cr\u00e9ation d\u2019organes et les imprimantes 3D\"  data-wpil-monitor-id=\"10186\">healthcare organizations<\/a> can maintain a competitive edge in the patient monitoring market. <\/li>\n\n\n\n<li><strong>Conformit\u00e9 r\u00e9glementaire\u00a0:<\/strong> Les organismes de sant\u00e9 op\u00e8rent dans un environnement hautement r\u00e9glement\u00e9, et les \u00e9tudes de march\u00e9 et les conseils en strat\u00e9gie contribuent \u00e0 garantir la conformit\u00e9 aux exigences r\u00e9glementaires. Les consultants fournissent des conseils pour naviguer dans des cadres r\u00e9glementaires complexes, mettre en \u0153uvre les meilleures pratiques en mati\u00e8re de s\u00e9curit\u00e9 et de confidentialit\u00e9 des donn\u00e9es et garantir le respect des normes et directives du secteur.<\/li>\n<\/ul>\n\n\n\n<h2 class=\"wp-block-heading\">Principaux acteurs du march\u00e9 de la surveillance des patients<\/h2>\n\n\n\n<p>Dans le paysage en \u00e9volution rapide de la surveillance des patients, plusieurs acteurs cl\u00e9s stimulent l\u2019innovation et fa\u00e7onnent le secteur. Ces soci\u00e9t\u00e9s proposent une large gamme de solutions et de technologies de surveillance des patients, r\u00e9pondant aux divers besoins des organismes de sant\u00e9 du monde entier.<\/p>\n\n\n\n<ul class=\"wp-block-list\">\n<li><strong>Philips Sant\u00e9\u00a0:<\/strong> Philips Healthcare est un leader mondial des technologies de soins de sant\u00e9, proposant une gamme compl\u00e8te de solutions de surveillance des patients, notamment des moniteurs de chevet, des appareils portables et des plateformes de surveillance \u00e0 distance.<\/li>\n\n\n\n<li><strong>Medtronic\u00a0:<\/strong> Medtronic is a leading medical device company that offers a range of patient monitoring solutions, including cardiac monitors, respiratory monitors, and glucose monitoring systems. <\/li>\n\n\n\n<li><strong>GE Sant\u00e9\u00a0:<\/strong> GE Healthcare est un acteur de premier plan sur le march\u00e9 de la surveillance des patients, proposant une large gamme de solutions de surveillance pour les soins intensifs, l&#039;anesth\u00e9sie et les soins p\u00e9riop\u00e9ratoires.<\/li>\n\n\n\n<li><strong>Siemens Healthineers\u00a0:<\/strong> Siemens Healthineers propose une gamme compl\u00e8te de solutions de surveillance des patients, notamment des moniteurs multiparam\u00e9triques, des syst\u00e8mes de t\u00e9l\u00e9m\u00e9trie et des stations de surveillance centrales. Leurs produits sont con\u00e7us pour r\u00e9pondre aux divers besoins des organismes de sant\u00e9, des petites cliniques aux grands h\u00f4pitaux, et sont connus pour leur fiabilit\u00e9, leur pr\u00e9cision et leur interop\u00e9rabilit\u00e9.<\/li>\n\n\n\n<li><strong>Nihon Kohden\u00a0:<\/strong> Nihon Kohden est un leader mondial des solutions de surveillance et de diagnostic des patients, proposant une gamme compl\u00e8te de moniteurs, de capteurs et d&#039;accessoires pour les applications de surveillance au chevet et \u00e0 distance.<\/li>\n<\/ul>\n\n\n\n<h2 class=\"wp-block-heading\">How SIS International\u2019s Medical Device Consulting Helps Businesses<\/h2>\n\n\n\n<p>Chez SIS International, nous comprenons l&#039;importance cruciale du suivi des patients dans la prestation de soins de sant\u00e9 modernes. Notre approche des \u00e9tudes de march\u00e9 et du conseil strat\u00e9gique en mati\u00e8re de surveillance des patients est ancr\u00e9e dans une compr\u00e9hension approfondie du secteur de la sant\u00e9, des m\u00e9thodologies de recherche de pointe et un engagement \u00e0 fournir des informations exploitables qui g\u00e9n\u00e8rent des r\u00e9sultats. Voici comment nous abordons les \u00e9tudes de march\u00e9 et le conseil strat\u00e9gique en mati\u00e8re de surveillance des patients\u00a0:<\/p>\n\n\n\n<ul class=\"wp-block-list\">\n<li><strong>Analyse compl\u00e8te du march\u00e9\u00a0:<\/strong> We begin by conducting a comprehensive analysis of the patient monitoring market landscape, including market size, growth trends, competitive dynamics, and regulatory environment. <\/li>\n\n\n\n<li><strong>Solutions de recherche personnalis\u00e9es\u00a0:<\/strong> We work closely with our clients to develop customized research solutions tailored to their specific needs and objectives. Whether it&#8217;s exploring market trends, evaluating new technologies, or understanding patient preferences, our research methodologies are designed to provide <a href=\"https:\/\/www.sisinternational.com\/fr\/b2b\/\" title=\"Cost-Effective and Actionable Insights to Drive Your Next Strategic Move\"  data-wpil-monitor-id=\"10195\">actionable insights that inform strategic<\/a> decision-making and drive business success.<\/li>\n\n\n\n<li><strong>Planification strat\u00e9gique et mise en \u0153uvre\u00a0:<\/strong> Building on the <a href=\"https:\/\/www.sisinternational.com\/fr\/etude-de-cas-sis-sur-les-informations-en-magasin-dans-le-monde-entier\/\" title=\"Informations sur les acheteurs en magasin \u2014 \u00c9tude de cas d&#039;\u00e9tude de march\u00e9\"  data-wpil-monitor-id=\"10198\">insights gained from our market research<\/a>, we collaborate with our clients to develop strategic plans and implementation strategies for patient monitoring initiatives. From identifying target <a href=\"https:\/\/www.sisinternational.com\/fr\/competence\/cv-dexperience\/etude-de-marche-sur-les-produits-de-soins-personnels\/\" title=\"\u00c9tude de march\u00e9 sur les produits de soins personnels\"  data-wpil-monitor-id=\"10206\">markets and customer segments to defining product<\/a> positioning and go-to-market strategies, we help our clients develop a roadmap for success in the competitive patient monitoring landscape.<\/li>\n\n\n\n<li><strong>Surveillance et optimisation continues\u00a0:<\/strong> Notre engagement envers la r\u00e9ussite de nos clients ne se limite pas \u00e0 la fourniture de r\u00e9sultats de recherche et de recommandations strat\u00e9giques. Nous fournissons un soutien et des conseils continus pour aider nos clients \u00e0 naviguer dans les complexit\u00e9s du march\u00e9 de la surveillance des patients, \u00e0 surveiller la dynamique du march\u00e9 et \u00e0 optimiser leurs strat\u00e9gies au fil du temps.<\/li>\n<\/ul>\n\n\n\n<p><\/p>","protected":false},"excerpt":{"rendered":"<p>Les \u00e9tudes de march\u00e9 et le conseil en strat\u00e9gie sur la surveillance des patients visent \u00e0 maximiser l\u2019efficacit\u00e9 de la surveillance des patients.<\/p>","protected":false},"author":1,"featured_media":62420,"parent":14567,"menu_order":46,"comment_status":"closed","ping_status":"closed","template":"","meta":{"footnotes":""},"class_list":["post-46896","page","type-page","status-publish","has-post-thumbnail"],"_links":{"self":[{"href":"https:\/\/www.sisinternational.com\/fr\/wp-json\/wp\/v2\/pages\/46896","targetHints":{"allow":["GET"]}}],"collection":[{"href":"https:\/\/www.sisinternational.com\/fr\/wp-json\/wp\/v2\/pages"}],"about":[{"href":"https:\/\/www.sisinternational.com\/fr\/wp-json\/wp\/v2\/types\/page"}],"author":[{"embeddable":true,"href":"https:\/\/www.sisinternational.com\/fr\/wp-json\/wp\/v2\/users\/1"}],"replies":[{"embeddable":true,"href":"https:\/\/www.sisinternational.com\/fr\/wp-json\/wp\/v2\/comments?post=46896"}],"version-history":[{"count":12,"href":"https:\/\/www.sisinternational.com\/fr\/wp-json\/wp\/v2\/pages\/46896\/revisions"}],"predecessor-version":[{"id":81687,"href":"https:\/\/www.sisinternational.com\/fr\/wp-json\/wp\/v2\/pages\/46896\/revisions\/81687"}],"up":[{"embeddable":true,"href":"https:\/\/www.sisinternational.com\/fr\/wp-json\/wp\/v2\/pages\/14567"}],"wp:featuredmedia":[{"embeddable":true,"href":"https:\/\/www.sisinternational.com\/fr\/wp-json\/wp\/v2\/media\/62420"}],"wp:attachment":[{"href":"https:\/\/www.sisinternational.com\/fr\/wp-json\/wp\/v2\/media?parent=46896"}],"curies":[{"name":"wp","href":"https:\/\/api.w.org\/{rel}","templated":true}]}}