{"id":46878,"date":"2024-03-17T00:56:43","date_gmt":"2024-03-17T04:56:43","guid":{"rendered":"https:\/\/www.sisinternational.com\/?page_id=46878"},"modified":"2026-01-26T18:20:09","modified_gmt":"2026-01-26T23:20:09","slug":"conseil-en-marketing-experientiel-pour-magasins-ephemeres-de-vente-au-detail","status":"publish","type":"page","link":"https:\/\/www.sisinternational.com\/fr\/competence\/conseil-en-marketing-experientiel-pour-magasins-ephemeres-de-vente-au-detail\/","title":{"rendered":"Conseil en marketing exp\u00e9rientiel pour magasins \u00e9ph\u00e9m\u00e8res de vente au d\u00e9tail"},"content":{"rendered":"<h1 class=\"wp-block-heading\">Conseil en marketing exp\u00e9rientiel pour magasins \u00e9ph\u00e9m\u00e8res de vente au d\u00e9tail<\/h1>\n\n\n\n<figure class=\"gb-block-image gb-block-image-4cab37e4\"><img loading=\"lazy\" decoding=\"async\" width=\"1456\" height=\"816\" class=\"gb-image gb-image-4cab37e4\" src=\"https:\/\/www.sisinternational.com\/wp-content\/uploads\/2025\/08\/Retail-22.jpg\" alt=\"\u00c9tudes de march\u00e9 et strat\u00e9gie internationales SIS\" title=\"Retail (22)\" srcset=\"https:\/\/www.sisinternational.com\/wp-content\/uploads\/2025\/08\/Retail-22.jpg 1456w, https:\/\/www.sisinternational.com\/wp-content\/uploads\/2025\/08\/Retail-22-300x168.jpg 300w, https:\/\/www.sisinternational.com\/wp-content\/uploads\/2025\/08\/Retail-22-1024x574.jpg 1024w, https:\/\/www.sisinternational.com\/wp-content\/uploads\/2025\/08\/Retail-22-768x430.jpg 768w, https:\/\/www.sisinternational.com\/wp-content\/uploads\/2025\/08\/Retail-22-18x10.jpg 18w\" sizes=\"auto, (max-width: 1456px) 100vw, 1456px\"><\/figure>\n\n\n\n<hr class=\"wp-block-separator has-alpha-channel-opacity is-style-dots\"\/>\n\n\n\n<p>In the dynamic retail landscape, consumer expectations are constantly evolving, and consumers are more selective than ever. That\u2019s why retail popup store experiential marketing consulting has become a powerful tool for brands to engage with their audience in meaningful ways\u2026 But, what exactly is retail popup store experiential marketing consulting?<\/p>\n\n\n\n<h2 class=\"wp-block-heading\">What Is Retail popup store experiential marketing consulting?<\/h2>\n\n\n\n<p>Retail popup store experiential marketing consulting involves the strategic planning, execution, and optimization of temporary retail spaces designed to create immersive brand experiences for consumers. These popup stores, often set up in high-traffic locations for a limited duration, aim to captivate consumers&#8217; attention, foster <a class=\"wpil_keyword_link\" href=\"https:\/\/www.sisinternational.com\/fr\/construire-des-liens-emotionnels-dans-les-cosmetiques-et-les-resultats-de-nos-recherches\/\"   title=\"Cr\u00e9er des liens \u00e9motionnels dans les cosm\u00e9tiques\" data-wpil-keyword-link=\"linked\"  data-wpil-monitor-id=\"586\">emotional connections<\/a>, and drive engagement through interactive and memorable experiences.<\/p>\n\n\n\n<h2 class=\"wp-block-heading\">Pourquoi c&#039;est important?<\/h2>\n\n\n\n<p>This consulting combines the principles of experiential <a href=\"https:\/\/www.sisinternational.com\/fr\/solutions\/conseil-en-tourisme-de-voyage-et-en-hotellerie\/conseil-en-marketing-hotelier\/\" title=\"Conseil en marketing h\u00f4telier\"  data-wpil-monitor-id=\"3012\">commercialisation<\/a> with strategic consulting expertise to deliver impactful campaigns that align with clients&#8217; brand objectives and consumer preferences. By leveraging consumer insights, market trends, and innovative technologies, consultants collaborate with brands to conceptualize, design, and execute popup experiences that drive foot traffic, increase brand awareness, and boost sales.<\/p>\n\n\n\n<p>Les exp\u00e9riences de boutique \u00e9ph\u00e9m\u00e8re offrent aux entreprises une opportunit\u00e9 unique de pr\u00e9senter leurs produits, de raconter l&#039;histoire de leur marque et d&#039;interagir directement avec les consommateurs dans un environnement contr\u00f4l\u00e9. Gr\u00e2ce au conseil en marketing exp\u00e9rientiel, les entreprises peuvent exploiter les aspects \u00e9motionnels, sensoriels et sociaux du comportement des consommateurs, cr\u00e9ant ainsi des moments qui r\u00e9sonnent et inspirent l&#039;action. Une exp\u00e9rience popup peut cr\u00e9er du buzz autour d&#039;un \u00e9v\u00e9nement de marque, promouvoir une collection saisonni\u00e8re ou g\u00e9n\u00e9rer de l&#039;enthousiasme autour du lancement d&#039;un nouveau produit.<\/p>\n\n\n\n<h2 class=\"wp-block-heading\">Advantages of Retail popup store experiential marketing consulting<\/h2>\n\n\n\n<figure class=\"gb-block-image gb-block-image-ac91d23f\"><img loading=\"lazy\" decoding=\"async\" width=\"1456\" height=\"816\" class=\"gb-image gb-image-ac91d23f\" src=\"https:\/\/www.sisinternational.com\/wp-content\/uploads\/2025\/08\/Retail-12.jpg\" alt=\"\u00c9tudes de march\u00e9 et strat\u00e9gie internationales SIS\" title=\"Retail (12)\" srcset=\"https:\/\/www.sisinternational.com\/wp-content\/uploads\/2025\/08\/Retail-12.jpg 1456w, https:\/\/www.sisinternational.com\/wp-content\/uploads\/2025\/08\/Retail-12-300x168.jpg 300w, https:\/\/www.sisinternational.com\/wp-content\/uploads\/2025\/08\/Retail-12-1024x574.jpg 1024w, https:\/\/www.sisinternational.com\/wp-content\/uploads\/2025\/08\/Retail-12-768x430.jpg 768w, https:\/\/www.sisinternational.com\/wp-content\/uploads\/2025\/08\/Retail-12-18x10.jpg 18w\" sizes=\"auto, (max-width: 1456px) 100vw, 1456px\"><\/figure>\n\n\n\n<p><\/p>\n\n\n\n<p>Le conseil en marketing exp\u00e9rientiel dans les magasins \u00e9ph\u00e9m\u00e8res de vente au d\u00e9tail offre aux entreprises un cadre strat\u00e9gique pour cr\u00e9er des exp\u00e9riences de marque immersives qui captivent le public, g\u00e9n\u00e8rent des conversions et propulsent la croissance de l&#039;entreprise sur un march\u00e9 de plus en plus concurrentiel. Cependant, cela apporte de nombreux autres avantages aux entreprises, notamment :<\/p>\n\n\n\n<ul class=\"wp-block-list\">\n<li><strong>Visibilit\u00e9 am\u00e9lior\u00e9e de la marque\u00a0:<\/strong> En cr\u00e9ant des exp\u00e9riences uniques et m\u00e9morables, les popup stores attirent l&#039;attention sur la marque et augmentent sa visibilit\u00e9 sur le march\u00e9.<\/li>\n\n\n\n<li><strong>Engagement et interaction\u00a0:<\/strong> Les exp\u00e9riences contextuelles offrent des opportunit\u00e9s d&#039;engagement et d&#039;interaction directs avec les consommateurs, permettant aux entreprises d&#039;\u00e9tablir des relations et de favoriser la fid\u00e9lit\u00e9.<\/li>\n\n\n\n<li><strong>Pr\u00e9sentation et lancement du produit\u00a0:<\/strong> Les popup stores sont id\u00e9aux pour pr\u00e9senter des produits et lancer de nouvelles offres. Les entreprises peuvent tirer parti des activations contextuelles pour d\u00e9voiler de nouvelles collections, d\u00e9montrer les fonctionnalit\u00e9s des produits et permettre aux consommateurs de d\u00e9couvrir la marque par eux-m\u00eames.<\/li>\n\n\n\n<li><strong>Tests de march\u00e9 et commentaires\u00a0:<\/strong> Les popup stores de vente au d\u00e9tail permettent aux entreprises d&#039;effectuer des tests de march\u00e9 en temps r\u00e9el et de recueillir les commentaires des consommateurs dans un environnement contr\u00f4l\u00e9.<\/li>\n\n\n\n<li><strong>Diff\u00e9renciation de la marque\u00a0:<\/strong> Les exp\u00e9riences popup permettent aux marques de se diff\u00e9rencier de leurs concurrents et de se d\u00e9marquer sur un march\u00e9 encombr\u00e9.<\/li>\n<\/ul>\n\n\n\n<h2 class=\"wp-block-heading\">Who Uses Retail popup store experiential marketing consulting<\/h2>\n\n\n\n<p>Fashion and Apparel brands leverage <a href=\"https:\/\/www.sisinternational.com\/fr\/competence\/les-industries\/etude-de-marche-sur-les-vetements-de-pluie\/\" title=\"\u00c9tude de march\u00e9 sur les v\u00eatements de pluie\"  data-wpil-monitor-id=\"6843\">retail popup store experiential<\/a> marketing consulting to launch new collections, host fashion shows, and engage directly with consumers in immersive environments. Popup activations allow fashion brands to showcase their latest designs, connect with trend-conscious shoppers, and create buzz around their brands.<\/p>\n\n\n\n<p>Beauty and Cosmetics companies utilize <a href=\"https:\/\/www.sisinternational.com\/fr\/competence\/les-industries\/etude-de-marche-des-cosmetiques-2\/\" title=\"Etude de march\u00e9 des cosm\u00e9tiques\"  data-wpil-monitor-id=\"6725\">retail popup store experiential<\/a> marketing consulting to provide hands-on product demonstrations, offer personalized consultations, and create experiential installations that showcase their products. Popup activations enable beauty brands to engage with consumers personally, educate them about skincare and makeup techniques, and drive product trials and purchases<\/p>\n\n\n\n<p>Technology and Electronics <a href=\"https:\/\/www.sisinternational.com\/fr\/tranches-fines-en-marketing-une-revue-de-clin-doeil\/\" title=\"Thin-Slicing in Marketing\u00a0: critique du livre \u00ab\u00a0Blink\u00a0\u00bb\"  data-wpil-monitor-id=\"1611\">brands also capitalize on retail popup store<\/a> experiential marketing consulting to showcase their latest gadgets, host product demos, and create interactive experiences that highlight the capabilities of their devices. Popup activations allow tech brands to engage tech-savvy consumers, generate excitement around product launches, and drive pre-orders and sales.<\/p>\n\n\n\n<p>Les entreprises du secteur agroalimentaire utilisent le conseil pour cr\u00e9er des exp\u00e9riences culinaires immersives, organiser des d\u00e9gustations et lancer de nouveaux produits alimentaires et boissons. Les activations contextuelles permettent aux marques alimentaires d&#039;interagir avec les passionn\u00e9s de cuisine, de pr\u00e9senter leur expertise culinaire et de stimuler l&#039;essai et l&#039;achat de leurs produits.<\/p>\n\n\n\n<p>Les marques de style de vie et de bien-\u00eatre tirent parti de ces conseils pour cr\u00e9er des retraites de bien-\u00eatre, organiser des cours de fitness et proposer des ateliers de bien-\u00eatre qui font la promotion de leurs produits et services. Les activations contextuelles permettent aux marques de style de vie d&#039;interagir avec des consommateurs soucieux de leur sant\u00e9, de les informer sur les pratiques de bien-\u00eatre holistiques et de favoriser la fid\u00e9lit\u00e9 et la d\u00e9fense de la marque.<\/p>\n\n\n\n<p>Entertainment and Media companies utilize retail popup store experiential marketing consulting to promote <a class=\"wpil_keyword_link\" href=\"https:\/\/www.sisinternational.com\/fr\/competence\/les-industries\/etude-de-marche-sur-les-films-televises\/\"   title=\"\u00c9tudes de march\u00e9 sur la t\u00e9l\u00e9vision, le cin\u00e9ma et le cin\u00e9ma\" data-wpil-keyword-link=\"linked\"  data-wpil-monitor-id=\"587\">movie<\/a> releases, host celebrity meet-and-greets, and create immersive experiences that bring their content to life. Popup activations allow entertainment brands to engage with fans, generate excitement around upcoming releases, and drive ticket sales and subscriptions.<\/p>\n\n\n\n<h2 class=\"wp-block-heading\">Expected results of Retail popup store experiential marketing consulting<\/h2>\n\n\n\n<p>R\u00e9ussir dans le conseil en marketing exp\u00e9rientiel dans les magasins \u00e9ph\u00e9m\u00e8res de vente au d\u00e9tail n\u00e9cessite une planification minutieuse, une ex\u00e9cution strat\u00e9gique et une attention aux d\u00e9tails. Voici quelques facteurs de r\u00e9ussite essentiels \u00e0 prendre en compte\u00a0:<\/p>\n\n\n\n<ul class=\"wp-block-list\">\n<li><strong>S\u00e9lection d&#039;emplacement strat\u00e9gique\u00a0:<\/strong> Choisir le bon emplacement pour un popup store est essentiel pour maximiser le trafic pi\u00e9tonnier et la visibilit\u00e9. Des emplacements strat\u00e9giques tels que des quartiers commer\u00e7ants \u00e0 fort trafic, des lieux \u00e9v\u00e9nementiels ou des p\u00f4les culturels peuvent attirer le public cible et stimuler l&#039;engagement. Les consultants en marketing exp\u00e9rientiel analysent les mod\u00e8les de trafic pi\u00e9tonnier, les donn\u00e9es d\u00e9mographiques des consommateurs et la pr\u00e9sence des concurrents pour identifier les emplacements optimaux pour les activations de popups.<\/li>\n\n\n\n<li><strong>Une narration de marque convaincante\u00a0:<\/strong> Effective storytelling is key to creating immersive brand experiences that resonate with consumers. Experiential marketing consultants work closely with brands to develop compelling narratives communicating the brand&#8217;s values, heritage, and unique selling points. <\/li>\n\n\n\n<li><strong>Conception d\u2019exp\u00e9rience engageante\u00a0:<\/strong> The design and <a href=\"https:\/\/www.sisinternational.com\/fr\/solutions\/solutions-de-branding-et-de-recherche-client\/recherche-dagencement-de-magasin\/\" title=\"Recherche d&#039;am\u00e9nagement de magasin\"  data-wpil-monitor-id=\"6494\">layout of a popup store<\/a> play a crucial role in capturing consumers&#8217; attention and fostering engagement. Experiential marketing consultants collaborate with brands to design immersive experiences that stimulate the senses, encourage exploration, and drive interaction. From interactive displays and multimedia installations to sensory elements and gamification, experience design is tailored to evoke emotions and create memorable moments.<\/li>\n\n\n\n<li><strong>Int\u00e9gration transparente de la technologie\u00a0:<\/strong> L&#039;int\u00e9gration de la technologie dans les activations contextuelles am\u00e9liore l&#039;interactivit\u00e9, la personnalisation et l&#039;engagement. Les consultants en marketing exp\u00e9rientiel exploitent diverses technologies telles que la r\u00e9alit\u00e9 augment\u00e9e (AR), la r\u00e9alit\u00e9 virtuelle (VR), les kiosques interactifs et les applications mobiles pour am\u00e9liorer l&#039;exp\u00e9rience du consommateur.<\/li>\n\n\n\n<li><strong>Collaboration et partenariats\u00a0:<\/strong> La collaboration avec les partenaires, influenceurs et parties prenantes concern\u00e9s peut amplifier la port\u00e9e et l&#039;impact des activations contextuelles. Les consultants en marketing exp\u00e9rientiel facilitent les partenariats avec des marques compl\u00e9mentaires, des influenceurs locaux et des organisateurs d&#039;\u00e9v\u00e9nements pour \u00e9tendre la port\u00e9e des exp\u00e9riences popup et exploiter les communaut\u00e9s existantes.<\/li>\n<\/ul>\n\n\n\n<h2 class=\"wp-block-heading\">L&#039;avantage international du SIS<\/h2>\n\n\n\n<p>S&#039;engager dans le conseil en marketing exp\u00e9rientiel dans les magasins \u00e9ph\u00e9m\u00e8res de vente au d\u00e9tail avec SIS International promet plusieurs r\u00e9sultats percutants pour les entreprises tels que\u00a0:<\/p>\n\n\n\n<ul class=\"wp-block-list\">\n<li><strong>Engagement et interaction am\u00e9lior\u00e9s des consommateurs\u00a0:<\/strong> Gr\u00e2ce au conseil en marketing exp\u00e9rientiel, nous cr\u00e9ons des opportunit\u00e9s d&#039;engagement et d&#039;interaction significatives avec les consommateurs dans votre boutique \u00e9ph\u00e9m\u00e8re. Des affichages interactifs et d\u00e9monstrations de produits aux activations personnalis\u00e9es et \u00e9v\u00e9nements en direct, nous favorisons les connexions au-del\u00e0 des transactions, en \u00e9tablissant des relations et en fid\u00e9lisant votre public.<\/li>\n\n\n\n<li><strong>Perception positive de la marque et fid\u00e9lit\u00e9\u00a0:<\/strong> L&#039;accent que nous mettons sur la narration, la conception d&#039;exp\u00e9riences et l&#039;immersion dans la marque favorise des perceptions positives de la marque et des liens \u00e9motionnels avec les consommateurs. Nous am\u00e9liorons l&#039;affinit\u00e9 et la fid\u00e9lit\u00e9 \u00e0 la marque en alignant les exp\u00e9riences contextuelles sur les valeurs et l&#039;identit\u00e9 de votre marque, en g\u00e9n\u00e9rant des visites r\u00e9p\u00e9t\u00e9es, des r\u00e9f\u00e9rences et des relations clients \u00e0 long terme.<\/li>\n\n\n\n<li><strong>Retour sur investissement et informations mesurables\u00a0:<\/strong> Nous fournissons des analyses et des rapports complets pour mesurer le succ\u00e8s et l&#039;impact de vos activations de popups. Nous suivons les indicateurs de performance cl\u00e9s tels que le trafic pi\u00e9tonnier, les mesures d&#039;engagement et les conversions de ventes, gr\u00e2ce \u00e0 des informations et \u00e0 une optimisation bas\u00e9es sur les donn\u00e9es, fournissant ainsi des informations pr\u00e9cieuses pour \u00e9clairer les futures strat\u00e9gies et initiatives marketing.<\/li>\n\n\n\n<li><strong>Partenariats et collaborations strat\u00e9giques\u00a0:<\/strong> En tirant parti de notre vaste r\u00e9seau et de notre expertise, nous facilitons les partenariats et les collaborations strat\u00e9giques avec les parties prenantes, les influenceurs et les marques concern\u00e9s. En \u00e9largissant votre port\u00e9e et en exploitant les communaut\u00e9s existantes, nous amplifions l&#039;impact et l&#039;efficacit\u00e9 de vos activations popup, augmentant ainsi la visibilit\u00e9, l&#039;engagement et les ventes de la marque.<\/li>\n\n\n\n<li><strong>Exp\u00e9riences innovantes et ax\u00e9es sur la technologie\u00a0:<\/strong> Notre concentration sur l&#039;innovation et la technologie nous permet de cr\u00e9er des exp\u00e9riences de pointe et immersives qui captivent et inspirent les consommateurs. L&#039;int\u00e9gration de la r\u00e9alit\u00e9 augment\u00e9e, de la r\u00e9alit\u00e9 virtuelle et des \u00e9crans interactifs cr\u00e9e des environnements futuristes et m\u00e9morables qui diff\u00e9rencient votre marque et stimulent l&#039;engagement des consommateurs.<\/li>\n<\/ul>\n\n\n\n<h2 class=\"wp-block-heading\">Tech in Retail popup store experiential marketing consulting<\/h2>\n\n\n\n<figure class=\"gb-block-image gb-block-image-f48cf583\"><img loading=\"lazy\" decoding=\"async\" width=\"1456\" height=\"816\" class=\"gb-image gb-image-f48cf583\" src=\"https:\/\/www.sisinternational.com\/wp-content\/uploads\/2025\/08\/Retail-25.jpg\" alt=\"\u00c9tudes de march\u00e9 et strat\u00e9gie internationales SIS\" title=\"Retail (25)\" srcset=\"https:\/\/www.sisinternational.com\/wp-content\/uploads\/2025\/08\/Retail-25.jpg 1456w, https:\/\/www.sisinternational.com\/wp-content\/uploads\/2025\/08\/Retail-25-300x168.jpg 300w, https:\/\/www.sisinternational.com\/wp-content\/uploads\/2025\/08\/Retail-25-1024x574.jpg 1024w, https:\/\/www.sisinternational.com\/wp-content\/uploads\/2025\/08\/Retail-25-768x430.jpg 768w, https:\/\/www.sisinternational.com\/wp-content\/uploads\/2025\/08\/Retail-25-18x10.jpg 18w\" sizes=\"auto, (max-width: 1456px) 100vw, 1456px\"><\/figure>\n\n\n\n<p><\/p>\n\n\n\n<p>Innovative technologies are crucial in enhancing the effectiveness and impact of <a href=\"https:\/\/www.sisinternational.com\/fr\/ameliorer-la-penetration-du-marche-grace-a-un-plan-marketing-complet\/\" title=\"Am\u00e9liorer la p\u00e9n\u00e9tration du march\u00e9 gr\u00e2ce \u00e0 un plan marketing complet\"  data-wpil-monitor-id=\"6546\">retail popup store experiential<\/a> marketing consulting. Here are some key technologies and tools used in this domain:<\/p>\n\n\n\n<ul class=\"wp-block-list\">\n<li><strong>R\u00e9alit\u00e9 augment\u00e9e (AR)\u00a0:<\/strong> AR technology creates immersive and interactive experiences in popup stores. <\/li>\n\n\n\n<li><strong>R\u00e9alit\u00e9 virtuelle (VR) :<\/strong> VR technology transports consumers to virtual environments within popup stores. <\/li>\n\n\n\n<li><strong>Kiosques et \u00e9crans interactifs\u00a0:<\/strong> Les kiosques et \u00e9crans interactifs sont utilis\u00e9s pour impliquer les consommateurs et leur fournir des informations pertinentes, des d\u00e9tails sur les produits et des exp\u00e9riences interactives. Ces \u00e9l\u00e9ments interactifs encouragent l&#039;exploration, informent les consommateurs sur les produits et services et stimulent l&#039;interaction, augmentant ainsi l&#039;engagement de la marque et la satisfaction des clients.<\/li>\n\n\n\n<li><strong>Applications mobiles et plateformes num\u00e9riques\u00a0:<\/strong> Mobile apps and digital platforms are leveraged to extend the reach of popup activations beyond the physical store. <\/li>\n\n\n\n<li><strong>Technologie RFID et NFC\u00a0:<\/strong> RFID (Radio Frequency Identification) and NFC (Near Field Communication) technology enable seamless interactions between physical products and digital content. <\/li>\n<\/ul>\n\n\n\n<h2 class=\"wp-block-heading\">Opportunit\u00e9s<\/h2>\n\n\n\n<p>S&#039;engager dans le conseil en marketing exp\u00e9rientiel dans les magasins \u00e9ph\u00e9m\u00e8res de vente au d\u00e9tail offre aux entreprises plusieurs opportunit\u00e9s cl\u00e9s pour stimuler la croissance de la marque, l&#039;engagement des consommateurs et la r\u00e9ussite commerciale\u00a0:<\/p>\n\n\n\n<ul class=\"wp-block-list\">\n<li><strong>Engagement direct et commentaires des consommateurs\u00a0:<\/strong> Popup stores enable brands to engage directly with consumers in a meaningful way. <\/li>\n\n\n\n<li><strong>Expansion et tests du march\u00e9\u00a0:<\/strong> Popup activations allow brands to test new markets and expand their reach. <\/li>\n\n\n\n<li><strong>Int\u00e9gration du commerce \u00e9lectronique et exp\u00e9rience omnicanal\u00a0:<\/strong> Les activations contextuelles peuvent relier les canaux en ligne et hors ligne, offrant ainsi une exp\u00e9rience omnicanale transparente aux consommateurs.<\/li>\n<\/ul>\n\n\n\n<h2 class=\"wp-block-heading\">D\u00e9fis<\/h2>\n\n\n\n<p>Chez SIS International, notre approche du conseil en marketing exp\u00e9rientiel pour les boutiques \u00e9ph\u00e9m\u00e8res de vente au d\u00e9tail est ancr\u00e9e dans la planification strat\u00e9gique, la cr\u00e9ativit\u00e9 et l&#039;innovation. Voici comment nous abordons chaque projet\u00a0:<\/p>\n\n\n\n<ul class=\"wp-block-list\">\n<li><strong>Planification strat\u00e9gique\u00a0:<\/strong> We begin by conducting in-depth market research and analysis to understand the target audience, competitive landscape, and industry trends. <\/li>\n\n\n\n<li><strong>D\u00e9veloppement de concepts cr\u00e9atifs\u00a0:<\/strong> Notre \u00e9quipe de cr\u00e9atifs et de designers exp\u00e9riment\u00e9s collabore \u00e9troitement avec les clients pour d\u00e9velopper des concepts cr\u00e9atifs qui correspondent aux objectifs de la marque et trouvent un \u00e9cho aupr\u00e8s du public cible. De la narration et de la th\u00e9matique aux exp\u00e9riences immersives et aux \u00e9l\u00e9ments interactifs, nous donnons vie \u00e0 des id\u00e9es qui captivent et engagent les consommateurs.<\/li>\n\n\n\n<li><strong>Int\u00e9gration technologique\u00a0:<\/strong> En tirant parti des derni\u00e8res technologies et outils, nous int\u00e9grons des solutions innovantes telles que la RA, la VR, les \u00e9crans interactifs et les applications mobiles dans les activations contextuelles pour am\u00e9liorer l&#039;engagement et stimuler l&#039;interaction. Nos experts en technologie garantissent une int\u00e9gration transparente et des performances optimales pour offrir des exp\u00e9riences immersives et m\u00e9morables.<\/li>\n\n\n\n<li><strong>Ex\u00e9cution et mise en \u0153uvre\u00a0:<\/strong> Avec une attention m\u00e9ticuleuse aux d\u00e9tails, nous ex\u00e9cutons les activations popup avec pr\u00e9cision et professionnalisme. De la logistique et de l&#039;installation au personnel et \u00e0 la gestion, nous g\u00e9rons tous les aspects de la mise en \u0153uvre pour garantir un \u00e9v\u00e9nement fluide et r\u00e9ussi.<\/li>\n\n\n\n<li><strong>Mesure et optimisation\u00a0:<\/strong> Tout au long des activations de popups, nous suivons les indicateurs de performance cl\u00e9s (KPI) et collectons des donn\u00e9es sur le comportement des consommateurs, les mesures d&#039;engagement et les performances des ventes. Cette approche bas\u00e9e sur les donn\u00e9es nous permet de mesurer l&#039;efficacit\u00e9 de nos strat\u00e9gies et d&#039;optimiser les tactiques en temps r\u00e9el pour maximiser le retour sur investissement et atteindre les objectifs commerciaux.<\/li>\n<\/ul>\n\n\n\n<p><\/p>","protected":false},"excerpt":{"rendered":"<p>Le conseil en marketing exp\u00e9rientiel pour les magasins \u00e9ph\u00e9m\u00e8res de vente au d\u00e9tail implique la planification strat\u00e9gique, l&#039;ex\u00e9cution et l&#039;optimisation d&#039;espaces de vente au d\u00e9tail temporaires.<\/p>","protected":false},"author":1,"featured_media":62497,"parent":14514,"menu_order":423,"comment_status":"closed","ping_status":"closed","template":"","meta":{"footnotes":""},"class_list":["post-46878","page","type-page","status-publish","has-post-thumbnail"],"_links":{"self":[{"href":"https:\/\/www.sisinternational.com\/fr\/wp-json\/wp\/v2\/pages\/46878","targetHints":{"allow":["GET"]}}],"collection":[{"href":"https:\/\/www.sisinternational.com\/fr\/wp-json\/wp\/v2\/pages"}],"about":[{"href":"https:\/\/www.sisinternational.com\/fr\/wp-json\/wp\/v2\/types\/page"}],"author":[{"embeddable":true,"href":"https:\/\/www.sisinternational.com\/fr\/wp-json\/wp\/v2\/users\/1"}],"replies":[{"embeddable":true,"href":"https:\/\/www.sisinternational.com\/fr\/wp-json\/wp\/v2\/comments?post=46878"}],"version-history":[{"count":16,"href":"https:\/\/www.sisinternational.com\/fr\/wp-json\/wp\/v2\/pages\/46878\/revisions"}],"predecessor-version":[{"id":80419,"href":"https:\/\/www.sisinternational.com\/fr\/wp-json\/wp\/v2\/pages\/46878\/revisions\/80419"}],"up":[{"embeddable":true,"href":"https:\/\/www.sisinternational.com\/fr\/wp-json\/wp\/v2\/pages\/14514"}],"wp:featuredmedia":[{"embeddable":true,"href":"https:\/\/www.sisinternational.com\/fr\/wp-json\/wp\/v2\/media\/62497"}],"wp:attachment":[{"href":"https:\/\/www.sisinternational.com\/fr\/wp-json\/wp\/v2\/media?parent=46878"}],"curies":[{"name":"wp","href":"https:\/\/api.w.org\/{rel}","templated":true}]}}