{"id":46875,"date":"2024-03-17T01:00:45","date_gmt":"2024-03-17T05:00:45","guid":{"rendered":"https:\/\/www.sisinternational.com\/?page_id=46875"},"modified":"2026-01-27T15:20:05","modified_gmt":"2026-01-27T20:20:05","slug":"etude-de-marche-sur-lepicerie-d2c","status":"publish","type":"page","link":"https:\/\/www.sisinternational.com\/fr\/competence\/etude-de-marche-sur-lepicerie-d2c\/","title":{"rendered":"\u00c9tude de march\u00e9 sur l\u2019\u00e9picerie D2C"},"content":{"rendered":"<h1 class=\"wp-block-heading\">\u00c9tude de march\u00e9 sur l\u2019\u00e9picerie D2C<\/h1>\n\n\n\n<figure class=\"gb-block-image gb-block-image-f5edb84d\"><img loading=\"lazy\" decoding=\"async\" width=\"1456\" height=\"816\" class=\"gb-image gb-image-f5edb84d\" src=\"https:\/\/www.sisinternational.com\/wp-content\/uploads\/2025\/08\/Organic-food-3.jpg\" alt=\"\u00c9tudes de march\u00e9 et strat\u00e9gie internationales SIS\" title=\"Organic food (3)\" srcset=\"https:\/\/www.sisinternational.com\/wp-content\/uploads\/2025\/08\/Organic-food-3.jpg 1456w, https:\/\/www.sisinternational.com\/wp-content\/uploads\/2025\/08\/Organic-food-3-300x168.jpg 300w, https:\/\/www.sisinternational.com\/wp-content\/uploads\/2025\/08\/Organic-food-3-1024x574.jpg 1024w, https:\/\/www.sisinternational.com\/wp-content\/uploads\/2025\/08\/Organic-food-3-768x430.jpg 768w, https:\/\/www.sisinternational.com\/wp-content\/uploads\/2025\/08\/Organic-food-3-18x10.jpg 18w\" sizes=\"auto, (max-width: 1456px) 100vw, 1456px\"><\/figure>\n\n\n\n<hr class=\"wp-block-separator has-alpha-channel-opacity is-style-dots\"\/>\n\n\n\n<p>Dans le paysage en constante \u00e9volution du comportement des consommateurs, les entreprises recherchent constamment des moyens de comprendre et de s\u2019adapter aux tendances changeantes. Une tendance qui a gagn\u00e9 du terrain ces derni\u00e8res ann\u00e9es est l\u2019approche Direct-to-Consumer (D2C) sur le march\u00e9 de l\u2019\u00e9picerie. Alors que la r\u00e9volution num\u00e9rique remod\u00e8le la fa\u00e7on dont les consommateurs ach\u00e8tent leurs produits essentiels, l&#039;\u00e9tude de march\u00e9 alimentaire D2C s&#039;impose comme un outil crucial pour les entreprises qui souhaitent garder une longueur d&#039;avance et r\u00e9pondre \u00e0 l&#039;\u00e9volution des demandes des consommateurs.<\/p>\n\n\n\n<h2 class=\"wp-block-heading\">Qu\u2019est-ce que l\u2019\u00e9tude de march\u00e9 sur l\u2019\u00e9picerie D2C ?<\/h2>\n\n\n\n<p>D2C grocery <a href=\"https:\/\/www.sisinternational.com\/fr\/universite-taylor\/\" title=\"\u00c9tude de march\u00e9 sur les programmes universitaires\"  data-wpil-monitor-id=\"7261\">market research involves systematically studying<\/a> and analyzing consumer behavior, preferences, and trends within the direct-to-consumer grocery sector. It delves into understanding how consumers interact with D2C grocery brands, purchasing habits, product preferences, delivery methods, and overall satisfaction levels. By leveraging various research methodologies, including surveys, interviews, data analytics, and observational studies, businesses gain valuable insights into the intricacies of the D2C grocery market landscape.<\/p>\n\n\n\n<h2 class=\"wp-block-heading\">Pourquoi les entreprises ont-elles besoin d\u2019une \u00e9tude de march\u00e9 sur l\u2019\u00e9picerie D2C ?<\/h2>\n\n\n\n<p>Les \u00e9tudes de march\u00e9 D2C sur l&#039;\u00e9picerie fournissent aux entreprises des informations inestimables sur les pr\u00e9f\u00e9rences des consommateurs, telles que les choix de produits, les pr\u00e9f\u00e9rences d&#039;emballage et les attentes en mati\u00e8re de livraison. Comprendre ces pr\u00e9f\u00e9rences permet aux entreprises d&#039;adapter leurs offres pour r\u00e9pondre aux besoins et d\u00e9sirs sp\u00e9cifiques de leur public cible.<\/p>\n\n\n\n<p>De plus, cette \u00e9tude de march\u00e9 permet aux entreprises de se tenir au courant des tendances du secteur, des strat\u00e9gies des concurrents et des pr\u00e9f\u00e9rences \u00e9mergentes des consommateurs. Gr\u00e2ce \u00e0 ces connaissances, les entreprises peuvent d\u00e9velopper des strat\u00e9gies innovantes pour se diff\u00e9rencier et se tailler une position unique sur le march\u00e9. De m\u00eame, gr\u00e2ce \u00e0 la recherche, les entreprises peuvent identifier les canaux, les messages et les tactiques promotionnelles les plus efficaces pour atteindre leur public cible.<\/p>\n\n\n\n<p>De plus, les \u00e9tudes de march\u00e9 fournissent des commentaires pr\u00e9cieux sur les produits existants et des informations sur les besoins non satisfaits des consommateurs. Les entreprises peuvent affiner les produits existants, d\u00e9velopper de nouvelles offres et innover pour garder une longueur d&#039;avance sur les pr\u00e9f\u00e9rences des consommateurs et les tendances du march\u00e9. Cependant, cela apporte de nombreux autres avantages aux entreprises, notamment :<\/p>\n\n\n\n<ul class=\"wp-block-list\">\n<li><strong>Prise de d\u00e9cision \u00e9clair\u00e9e\u00a0:<\/strong> Les entreprises peuvent acc\u00e9der \u00e0 des informations exploitables qui \u00e9clairent les processus de prise de d\u00e9cision strat\u00e9gique en r\u00e9alisant des \u00e9tudes de march\u00e9.<\/li>\n\n\n\n<li><strong>Marketing cibl\u00e9\u00a0:<\/strong> Gr\u00e2ce aux \u00e9tudes de march\u00e9, les entreprises peuvent segmenter leur public cible, personnaliser les messages et proposer des campagnes cibl\u00e9es qui trouvent un \u00e9cho aupr\u00e8s des consommateurs, g\u00e9n\u00e9rant ainsi des taux d&#039;engagement et de conversion plus \u00e9lev\u00e9s.<\/li>\n\n\n\n<li><strong>D\u00e9veloppement de produits am\u00e9lior\u00e9\u00a0:<\/strong> Les \u00e9tudes de march\u00e9 fournissent des commentaires pr\u00e9cieux sur les produits existants et identifient les opportunit\u00e9s d\u2019innovation.<\/li>\n\n\n\n<li><strong>Avantage comp\u00e9titif:<\/strong> Dans un march\u00e9 encombr\u00e9, la diff\u00e9renciation est essentielle. L&#039;analyse D2C des produits alimentaires aide les entreprises \u00e0 garder une longueur d&#039;avance sur la concurrence en identifiant les lacunes du march\u00e9, en comprenant les strat\u00e9gies des concurrents et en d\u00e9couvrant les besoins non satisfaits des consommateurs.<\/li>\n\n\n\n<li><strong>Satisfaction client am\u00e9lior\u00e9e\u00a0:<\/strong> By prioritizing customer feedback and insights gained through <a href=\"https:\/\/www.sisinternational.com\/fr\/competence\/les-industries\/etude-de-marche-en-quincaillerie\/\" title=\"\u00c9tude de march\u00e9 sur les quincailleries et la r\u00e9novation domiciliaire\"  data-wpil-monitor-id=\"5924\">D2C grocery market research<\/a>, businesses can enhance the overall customer experience.<\/li>\n<\/ul>\n\n\n\n<h2 class=\"wp-block-heading\">Qui utilise l\u2019\u00e9tude de march\u00e9 sur l\u2019\u00e9picerie D2C<\/h2>\n\n\n\n<p>Un large \u00e9ventail d\u2019acteurs du secteur de l\u2019\u00e9picerie s\u2019appuient sur les \u00e9tudes de march\u00e9 D2C pour \u00e9clairer leurs strat\u00e9gies et leurs processus d\u00e9cisionnels. Voici un aper\u00e7u plus d\u00e9taill\u00e9 des b\u00e9n\u00e9ficiaires de ce type de recherche\u00a0:<\/p>\n\n\n\n<ul class=\"wp-block-list\">\n<li><strong>Marques et fabricants d&#039;\u00e9picerie\u00a0:<\/strong> Les entreprises qui produisent et distribuent des produits d&#039;\u00e9picerie directement aux consommateurs s&#039;appuient sur des \u00e9tudes de march\u00e9 pour comprendre les pr\u00e9f\u00e9rences des consommateurs, optimiser leurs offres de produits et am\u00e9liorer l&#039;exp\u00e9rience client globale.<\/li>\n\n\n\n<li><strong>D\u00e9taillants et plateformes de commerce \u00e9lectronique\u00a0:<\/strong> Traditional retailers and online platforms that sell <a href=\"https:\/\/www.sisinternational.com\/fr\/marche-de-detail-asiatique\/\" title=\"\u00c9tude du march\u00e9 de d\u00e9tail asiatique\"  data-wpil-monitor-id=\"2680\">groceries also utilize D2C grocery market research<\/a> to stay ahead of the curve. By understanding shifting consumer preferences and shopping habits, retailers can tailor their product assortments, pricing strategies, and promotional efforts to meet their target audience&#8217;s needs better.<\/li>\n\n\n\n<li><strong>Agences de marketing et consultants\u00a0:<\/strong> Les agences de marketing et les consultants sp\u00e9cialis\u00e9s dans le secteur de l&#039;\u00e9picerie effectuent souvent des \u00e9tudes de march\u00e9 pour le compte de leurs clients. Ils aident les entreprises \u00e0 d\u00e9velopper des strat\u00e9gies marketing bas\u00e9es sur les donn\u00e9es, \u00e0 identifier les opportunit\u00e9s de croissance et \u00e0 optimiser le positionnement de la marque sur les march\u00e9s concurrentiels en fournissant des informations sur le comportement des consommateurs et la dynamique du march\u00e9.<\/li>\n\n\n\n<li><strong>Investisseurs et analystes financiers\u00a0:<\/strong> Les investisseurs et les analystes financiers surveillent de pr\u00e8s le secteur de l&#039;\u00e9picerie et s&#039;appuient sur les \u00e9tudes de march\u00e9 de l&#039;\u00e9picerie D2C pour \u00e9valuer les opportunit\u00e9s d&#039;investissement et \u00e9valuer les performances des entreprises op\u00e9rant dans ce secteur. Les informations issues de la recherche sur les tendances de consommation, la dynamique du march\u00e9 et les paysages concurrentiels \u00e9clairent les d\u00e9cisions d&#039;investissement, les strat\u00e9gies de gestion de portefeuille et les pr\u00e9visions financi\u00e8res.<\/li>\n\n\n\n<li><strong>Associations industrielles et organisations commerciales\u00a0:<\/strong> Les associations industrielles et les organisations commerciales jouent un r\u00f4le essentiel en soutenant et en repr\u00e9sentant les int\u00e9r\u00eats des parties prenantes du secteur de l&#039;\u00e9picerie. Ces organisations commandent ou m\u00e8nent souvent des \u00e9tudes de march\u00e9 pour fournir des informations pr\u00e9cieuses sur l&#039;industrie, plaider en faveur de changements politiques et faciliter le partage des connaissances entre leurs membres.<\/li>\n<\/ul>\n\n\n\n<h2 class=\"wp-block-heading\">R\u00e9sultats attendus de notre \u00e9tude de march\u00e9 sur l\u2019\u00e9picerie D2C<\/h2>\n\n\n\n<figure class=\"gb-block-image gb-block-image-886c451b\"><img loading=\"lazy\" decoding=\"async\" width=\"1456\" height=\"816\" class=\"gb-image gb-image-886c451b\" src=\"https:\/\/www.sisinternational.com\/wp-content\/uploads\/2025\/08\/Organic-food-1.jpg\" alt=\"\u00c9tudes de march\u00e9 et strat\u00e9gie internationales SIS\" title=\"Organic food (1)\" srcset=\"https:\/\/www.sisinternational.com\/wp-content\/uploads\/2025\/08\/Organic-food-1.jpg 1456w, https:\/\/www.sisinternational.com\/wp-content\/uploads\/2025\/08\/Organic-food-1-300x168.jpg 300w, https:\/\/www.sisinternational.com\/wp-content\/uploads\/2025\/08\/Organic-food-1-1024x574.jpg 1024w, https:\/\/www.sisinternational.com\/wp-content\/uploads\/2025\/08\/Organic-food-1-768x430.jpg 768w, https:\/\/www.sisinternational.com\/wp-content\/uploads\/2025\/08\/Organic-food-1-18x10.jpg 18w\" sizes=\"auto, (max-width: 1456px) 100vw, 1456px\"><\/figure>\n\n\n\n<p><\/p>\n\n\n\n<p>Businesses can anticipate several key outcomes from conducting <a href=\"https:\/\/www.sisinternational.com\/fr\/couverture\/les-ameriques\/couverture-des-etats-unis\/etude-de-marche-a-key-west-en-floride\/\" title=\"\u00c9tude de march\u00e9 \u00e0 Key West, Floride\"  data-wpil-monitor-id=\"7176\">D2C grocery market research<\/a>, each contributing to informed decision-making and strategic planning. Here are the expected results:<\/p>\n\n\n\n<ul class=\"wp-block-list\">\n<li><strong>D\u00e9veloppement de produits am\u00e9lior\u00e9\u00a0:<\/strong> Les \u00e9tudes de march\u00e9 sur l&#039;\u00e9picerie D2C fournissent des informations pr\u00e9cieuses sur les pr\u00e9f\u00e9rences des consommateurs, permettant aux entreprises d&#039;affiner les produits existants et de d\u00e9velopper de nouvelles offres qui trouvent un \u00e9cho aupr\u00e8s de leur public cible. Les entreprises peuvent cr\u00e9er des produits qui r\u00e9pondent ou d\u00e9passent les attentes des clients en int\u00e9grant les commentaires des consommateurs et les tendances du march\u00e9 dans le d\u00e9veloppement de produits.<\/li>\n\n\n\n<li><strong>Avantage comp\u00e9titif:<\/strong> Gr\u00e2ce aux informations exploitables issues des \u00e9tudes de march\u00e9 sur l\u2019\u00e9picerie D2C, les entreprises b\u00e9n\u00e9ficient d\u2019un avantage concurrentiel. Cela implique de garder une longueur d&#039;avance sur leurs concurrents et d&#039;anticiper les tendances du march\u00e9, les entreprises peuvent se positionner en tant que leaders du secteur, conqu\u00e9rir des parts de march\u00e9 et fid\u00e9liser leurs clients \u00e0 long terme.<\/li>\n\n\n\n<li><strong>Efficacit\u00e9 op\u00e9rationnelle optimis\u00e9e\u00a0:<\/strong> Les informations issues de la recherche aident les entreprises \u00e0 rationaliser leurs op\u00e9rations et \u00e0 optimiser leurs ressources pour mieux r\u00e9pondre aux besoins et aux pr\u00e9f\u00e9rences des consommateurs. Qu&#039;il s&#039;agisse d&#039;affiner la logistique de la cha\u00eene d&#039;approvisionnement, d&#039;optimiser la gestion des stocks ou d&#039;am\u00e9liorer les processus de livraison, les gains d&#039;efficacit\u00e9 op\u00e9rationnelle contribuent \u00e0 am\u00e9liorer la satisfaction des clients et \u00e0 r\u00e9duire les co\u00fbts.<\/li>\n\n\n\n<li><strong>Prise de d\u00e9cision bas\u00e9e sur les donn\u00e9es\u00a0:<\/strong> Les \u00e9tudes de march\u00e9 D2C sur l\u2019\u00e9picerie permettent aux entreprises de prendre des d\u00e9cisions fond\u00e9es sur des donn\u00e9es \u00e9tay\u00e9es par des preuves et des informations solides. En tirant parti des r\u00e9sultats de la recherche pour \u00e9clairer la planification strat\u00e9gique, l\u2019allocation des ressources et les investissements commerciaux, les entreprises peuvent att\u00e9nuer les risques en toute confiance et capitaliser sur les opportunit\u00e9s de croissance.<\/li>\n<\/ul>\n\n\n\n<h2 class=\"wp-block-heading\">Opportunit\u00e9s<\/h2>\n\n\n\n<p>Dans le paysage en constante \u00e9volution de l\u2019\u00e9picerie D2C, les entreprises ont de nombreuses opportunit\u00e9s de tirer parti des \u00e9tudes de march\u00e9 pour obtenir un avantage strat\u00e9gique. Voici quelques opportunit\u00e9s cl\u00e9s\u00a0:<\/p>\n\n\n\n<ul class=\"wp-block-list\">\n<li><strong>Innovation du produit:<\/strong> Research insights can inform product development and innovation strategies in the <a href=\"https:\/\/www.sisinternational.com\/fr\/transport-en-ambulance\/\" title=\"\u00c9tude de march\u00e9 sur le transport ambulancier\"  data-wpil-monitor-id=\"2105\">D2C grocery<\/a> market. Businesses can identify emerging trends, gaps in the market, and unmet consumer needs to develop new products or refine existing ones.<\/li>\n\n\n\n<li><a href=\"https:\/\/www.sisinternational.com\/fr\/competence\/etude-de-marche-sur-les-produits-chimiques-en-vrac\/\" title=\"\u00c9tude de march\u00e9 sur les produits chimiques en vrac\"  data-wpil-monitor-id=\"2128\">Market Expansion: Research<\/a> can provide valuable market intelligence and identify growth opportunities for businesses looking to expand their presence in the D2C grocery market.<\/li>\n\n\n\n<li><a href=\"https:\/\/www.sisinternational.com\/fr\/tranches-fines-en-marketing-une-revue-de-clin-doeil\/\" title=\"Thin-Slicing in Marketing\u00a0: critique du livre \u00ab\u00a0Blink\u00a0\u00bb\"  data-wpil-monitor-id=\"1627\"><strong>Positionnement de la marque\u00a0:<\/strong> Research insights can inform brand positioning strategies in the D2C grocery<\/a> market, helping businesses differentiate themselves and build stronger consumer connections. By understanding consumer perceptions, values, and preferences, businesses can develop authentic brand identities and messaging that resonate with their target audience.<\/li>\n\n\n\n<li><strong>Am\u00e9lioration de l&#039;exp\u00e9rience client\u00a0:<\/strong> Research can uncover opportunities to enhance the customer experience in the <a href=\"https:\/\/www.sisinternational.com\/fr\/solutions\/etude-de-marche-b2b2c\/\" title=\"\u00c9tudes de march\u00e9 B2B2C\"  data-wpil-monitor-id=\"2143\">D2C grocery<\/a> market, from improving website usability to streamlining the checkout process.<\/li>\n<\/ul>\n\n\n\n<h2 class=\"wp-block-heading\">D\u00e9fis<\/h2>\n\n\n\n<p>Bien que les \u00e9tudes de march\u00e9 D2C sur l\u2019\u00e9picerie offrent de nombreuses opportunit\u00e9s, les entreprises sont \u00e9galement confront\u00e9es \u00e0 plusieurs d\u00e9fis pour naviguer dans ce paysage complexe \u2013 et voici quelques d\u00e9fis critiques \u00e0 surmonter :<\/p>\n\n\n\n<ul class=\"wp-block-list\">\n<li><strong>Comportement fragment\u00e9 des consommateurs\u00a0:<\/strong> Le march\u00e9 de l\u2019\u00e9picerie D2C englobe divers segments de consommateurs avec des pr\u00e9f\u00e9rences, des comportements et des habitudes d\u2019achat vari\u00e9s. Comprendre et segmenter cette base de consommateurs fragment\u00e9e peut s&#039;av\u00e9rer difficile, obligeant les entreprises \u00e0 recourir \u00e0 des m\u00e9thodologies de recherche et d&#039;analyse sophistiqu\u00e9es.<\/li>\n\n\n\n<li><strong>Prolif\u00e9ration des canaux\u00a0:<\/strong> Avec la prolif\u00e9ration des canaux et plateformes num\u00e9riques sur le march\u00e9 de l\u2019\u00e9picerie D2C, atteindre et impliquer efficacement les consommateurs sur plusieurs points de contact peut s\u2019av\u00e9rer difficile. Les entreprises doivent \u00e9voluer dans un environnement de plus en plus encombr\u00e9, optimiser leurs strat\u00e9gies omnicanales et allouer leurs ressources de mani\u00e8re strat\u00e9gique.<\/li>\n\n\n\n<li><strong>Changements rapides du march\u00e9\u00a0:<\/strong> Le march\u00e9 de l\u2019\u00e9picerie D2C se caract\u00e9rise par des changements rapides dans les pr\u00e9f\u00e9rences des consommateurs, les progr\u00e8s technologiques et la dynamique concurrentielle. Les entreprises doivent rester agiles et r\u00e9actives face aux tendances \u00e9mergentes, en tirant parti des donn\u00e9es et des informations en temps r\u00e9el pour adapter leurs strat\u00e9gies et garder une longueur d&#039;avance.<\/li>\n\n\n\n<li><strong>Intensit\u00e9 comp\u00e9titive\u00a0:<\/strong> Le march\u00e9 de l\u2019\u00e9picerie D2C est tr\u00e8s concurrentiel, avec de nombreux acteurs se disputant des parts de march\u00e9 et l\u2019attention des consommateurs. Les entreprises sont confront\u00e9es \u00e0 une concurrence intense de la part des d\u00e9taillants traditionnels et des disrupteurs num\u00e9riques, ce qui les oblige \u00e0 se diff\u00e9rencier par l&#039;innovation, l&#039;exp\u00e9rience client et le positionnement de la marque.<\/li>\n<\/ul>\n\n\n\n<h2 class=\"wp-block-heading\">Comment l&#039;\u00e9tude de march\u00e9 D2C sur les produits alimentaires de SIS International aide les entreprises<\/h2>\n\n\n\n<p>SIS International stands out as a leader in providing comprehensive D2C grocery <a class=\"wpil_keyword_link\" href=\"https:\/\/www.sisinternational.com\/fr\/solutions\/\"   title=\"Solutions\" data-wpil-keyword-link=\"linked\"  data-wpil-monitor-id=\"588\">market research solutions<\/a> tailored to the unique needs of businesses. Here&#8217;s what sets us apart:<\/p>\n\n\n\n<ul class=\"wp-block-list\">\n<li><strong>Expertise mondiale\u00a0:<\/strong> Avec une pr\u00e9sence mondiale couvrant plusieurs continents et r\u00e9gions, nous offrons une connaissance approfondie des march\u00e9s locaux, des nuances culturelles et des paysages r\u00e9glementaires. Notre vaste r\u00e9seau de professionnels de la recherche nous permet de fournir des informations pertinentes, exploitables et sensibles \u00e0 la culture.<\/li>\n\n\n\n<li><strong>Sp\u00e9cialisation industrielle\u00a0:<\/strong> Nous sommes sp\u00e9cialis\u00e9s dans les \u00e9tudes de march\u00e9 dans divers secteurs, y compris le march\u00e9 de l&#039;\u00e9picerie D2C. Notre \u00e9quipe d&#039;experts du secteur apporte une connaissance approfondie du domaine et une exp\u00e9rience \u00e0 chaque projet, garantissant que nos solutions de recherche sont adapt\u00e9es aux d\u00e9fis et opportunit\u00e9s uniques auxquels sont confront\u00e9es les entreprises du secteur de l&#039;\u00e9picerie.<\/li>\n\n\n\n<li><strong>M\u00e9thodologies innovantes\u00a0:<\/strong> Nous exploitons des m\u00e9thodologies de recherche de pointe, des analyses avanc\u00e9es et des solutions technologiques pour fournir des informations exploitables \u00e0 nos clients. Des groupes de discussion qualitatifs aux enqu\u00eates quantitatives et \u00e0 la surveillance des m\u00e9dias sociaux, nous employons diverses m\u00e9thodologies pour d\u00e9couvrir les tendances et opportunit\u00e9s cach\u00e9es sur le march\u00e9 de l&#039;\u00e9picerie D2C.<\/li>\n\n\n\n<li><strong>Approche centr\u00e9e sur le client\u00a0:<\/strong> Chez SIS International, nous accordons la priorit\u00e9 \u00e0 la satisfaction de nos clients et nous effor\u00e7ons de d\u00e9passer les attentes pour chaque projet. Notre approche collaborative implique un engagement \u00e9troit avec les clients tout au long du processus de recherche, depuis le d\u00e9but du projet jusqu&#039;aux livrables finaux, garantissant l&#039;alignement avec leurs buts, objectifs et attentes.<\/li>\n\n\n\n<li><strong>Engagement envers la qualit\u00e9\u00a0:<\/strong> La qualit\u00e9 est au premier plan de tout ce que nous faisons chez SIS International. Nous adh\u00e9rons \u00e0 des processus d&#039;assurance qualit\u00e9 rigoureux et aux meilleures pratiques de l&#039;industrie pour garantir l&#039;exactitude, la fiabilit\u00e9 et la validit\u00e9 des r\u00e9sultats de nos recherches. Notre engagement envers la qualit\u00e9 garantit que nos clients peuvent faire confiance aux informations que nous fournissons pour \u00e9clairer leurs d\u00e9cisions commerciales critiques.<\/li>\n<\/ul>","protected":false},"excerpt":{"rendered":"<p>Les \u00e9tudes de march\u00e9 D2C sur l\u2019\u00e9picerie fournissent des informations pr\u00e9cieuses sur les pr\u00e9f\u00e9rences des consommateurs, les choix de produits et d\u2019emballages et les attentes en mati\u00e8re de livraison.<\/p>","protected":false},"author":1,"featured_media":63999,"parent":14514,"menu_order":424,"comment_status":"closed","ping_status":"closed","template":"","meta":{"footnotes":""},"class_list":["post-46875","page","type-page","status-publish","has-post-thumbnail"],"_links":{"self":[{"href":"https:\/\/www.sisinternational.com\/fr\/wp-json\/wp\/v2\/pages\/46875","targetHints":{"allow":["GET"]}}],"collection":[{"href":"https:\/\/www.sisinternational.com\/fr\/wp-json\/wp\/v2\/pages"}],"about":[{"href":"https:\/\/www.sisinternational.com\/fr\/wp-json\/wp\/v2\/types\/page"}],"author":[{"embeddable":true,"href":"https:\/\/www.sisinternational.com\/fr\/wp-json\/wp\/v2\/users\/1"}],"replies":[{"embeddable":true,"href":"https:\/\/www.sisinternational.com\/fr\/wp-json\/wp\/v2\/comments?post=46875"}],"version-history":[{"count":16,"href":"https:\/\/www.sisinternational.com\/fr\/wp-json\/wp\/v2\/pages\/46875\/revisions"}],"predecessor-version":[{"id":80909,"href":"https:\/\/www.sisinternational.com\/fr\/wp-json\/wp\/v2\/pages\/46875\/revisions\/80909"}],"up":[{"embeddable":true,"href":"https:\/\/www.sisinternational.com\/fr\/wp-json\/wp\/v2\/pages\/14514"}],"wp:featuredmedia":[{"embeddable":true,"href":"https:\/\/www.sisinternational.com\/fr\/wp-json\/wp\/v2\/media\/63999"}],"wp:attachment":[{"href":"https:\/\/www.sisinternational.com\/fr\/wp-json\/wp\/v2\/media?parent=46875"}],"curies":[{"name":"wp","href":"https:\/\/api.w.org\/{rel}","templated":true}]}}