{"id":46861,"date":"2024-03-14T16:30:58","date_gmt":"2024-03-14T20:30:58","guid":{"rendered":"https:\/\/www.sisinternational.com\/?page_id=46861"},"modified":"2026-01-26T18:57:32","modified_gmt":"2026-01-26T23:57:32","slug":"conseil-en-strategie-detude-de-marche-sur-la-responsabilite-du-fait-des-produits","status":"publish","type":"page","link":"https:\/\/www.sisinternational.com\/fr\/solutions\/conseil-en-strategie\/conseil-en-strategie-detude-de-marche-sur-la-responsabilite-du-fait-des-produits\/","title":{"rendered":"\u00c9tudes de march\u00e9 et conseil en strat\u00e9gie en mati\u00e8re de responsabilit\u00e9 du fait des produits"},"content":{"rendered":"<h1 class=\"wp-block-heading\">\u00c9tudes de march\u00e9 et conseil en strat\u00e9gie en mati\u00e8re de responsabilit\u00e9 du fait des produits<\/h1>\n\n\n\n<figure class=\"gb-block-image gb-block-image-87456765\"><img loading=\"lazy\" decoding=\"async\" width=\"1456\" height=\"816\" class=\"gb-image gb-image-87456765\" src=\"https:\/\/www.sisinternational.com\/wp-content\/uploads\/2025\/08\/Retail-2.jpg\" alt=\"\u00c9tudes de march\u00e9 et strat\u00e9gie internationales SIS\" title=\"Retail (2)\" srcset=\"https:\/\/www.sisinternational.com\/wp-content\/uploads\/2025\/08\/Retail-2.jpg 1456w, https:\/\/www.sisinternational.com\/wp-content\/uploads\/2025\/08\/Retail-2-300x168.jpg 300w, https:\/\/www.sisinternational.com\/wp-content\/uploads\/2025\/08\/Retail-2-1024x574.jpg 1024w, https:\/\/www.sisinternational.com\/wp-content\/uploads\/2025\/08\/Retail-2-768x430.jpg 768w, https:\/\/www.sisinternational.com\/wp-content\/uploads\/2025\/08\/Retail-2-18x10.jpg 18w\" sizes=\"auto, (max-width: 1456px) 100vw, 1456px\"><\/figure>\n\n\n\n<hr class=\"wp-block-separator has-alpha-channel-opacity is-style-dots\"\/>\n\n\n\n<p>Dans un paysage commercial en \u00e9volution rapide, il est plus crucial que jamais de g\u00e9rer les risques et les opportunit\u00e9s en mati\u00e8re de responsabilit\u00e9 du fait des produits. C\u2019est l\u00e0 que les \u00e9tudes de march\u00e9 et le conseil en strat\u00e9gie en mati\u00e8re de responsabilit\u00e9 du fait des produits entrent en jeu, constituant un outil indispensable pour les entreprises cherchant \u00e0 att\u00e9nuer les risques et \u00e0 tirer parti des informations pour obtenir un avantage strat\u00e9gique.<\/p>\n\n\n\n<h2 class=\"wp-block-heading\">Qu\u2019est-ce que l\u2019\u00e9tude de march\u00e9 et le conseil en strat\u00e9gie sur la responsabilit\u00e9 du fait des produits ? Pourquoi est-ce important aujourd\u2019hui ?<\/h2>\n\n\n\n<p>Les \u00e9tudes de march\u00e9 et les conseils en strat\u00e9gie en mati\u00e8re de responsabilit\u00e9 du fait des produits aident les entreprises \u00e0 \u00e9valuer et \u00e0 g\u00e9rer les risques associ\u00e9s \u00e0 la fabrication, \u00e0 la distribution et \u00e0 la vente de produits. Cela implique d&#039;analyser les responsabilit\u00e9s potentielles, les exigences r\u00e9glementaires et les tendances de consommation pour \u00e9laborer des plans strat\u00e9giques qui att\u00e9nuent les risques et am\u00e9liorent la s\u00e9curit\u00e9 et la qualit\u00e9 des produits.<\/p>\n\n\n\n<p>This market <a class=\"wpil_keyword_link\" href=\"https:\/\/www.sisinternational.com\/fr\/home-2\/\"   title=\"Home Mock up for Ruth\" data-wpil-keyword-link=\"linked\"  data-wpil-monitor-id=\"589\">research and strategy<\/a> consulting is essential for companies to proactively identify potential risks, assess liability exposures, and develop effective risk management strategies. Businesses can minimize the likelihood of costly litigation by engaging in these services, protecting their brand reputation, and maintaining consumer trust. Additionally, product liability consulting helps businesses stay ahead of regulatory changes and industry trends, ensuring compliance and competitiveness in the marketplace.<\/p>\n\n\n\n<p>In any case, <a href=\"https:\/\/www.sisinternational.com\/fr\/competence\/les-industries\/etude-de-marche-sur-la-superiorite-des-produits\/\" title=\"\u00c9tude de march\u00e9 sur la sup\u00e9riorit\u00e9 des produits\"  data-wpil-monitor-id=\"5806\">product liability market research<\/a> and strategy consulting brings several other benefits for businesses, including:<\/p>\n\n\n\n<ul class=\"wp-block-list\">\n<li><strong>Att\u00e9nuation des risques:<\/strong> Les consultants aident les entreprises \u00e0 identifier et \u00e0 att\u00e9nuer les risques potentiels associ\u00e9s \u00e0 la responsabilit\u00e9 du fait des produits, minimisant ainsi la probabilit\u00e9 de poursuites judiciaires co\u00fbteuses et de sanctions r\u00e9glementaires.<\/li>\n\n\n\n<li><strong>S\u00e9curit\u00e9 am\u00e9lior\u00e9e des produits\u00a0:<\/strong> En effectuant des \u00e9tudes et des analyses de march\u00e9 approfondies, les consultants fournissent des informations qui permettent aux entreprises d&#039;am\u00e9liorer les normes de s\u00e9curit\u00e9 des produits et de garantir la conformit\u00e9 aux r\u00e9glementations du secteur.<\/li>\n\n\n\n<li><strong>Prot\u00e9ger la r\u00e9putation de la marque\u00a0:<\/strong> Effective <a href=\"https:\/\/www.sisinternational.com\/fr\/what-is-a-value-proposition-canvas-the-game-changing-framework-that-prevents-product-failures\/\" title=\"What Is a Value Proposition Canvas? &#091;The Game-Changing Framework That Prevents Product Failures&#093;\"  data-wpil-monitor-id=\"1450\">product liability strategies<\/a> help businesses safeguard their brand reputation by preventing product recalls, negative publicity, and consumer backlash.<\/li>\n\n\n\n<li><strong>Avantage comp\u00e9titif:<\/strong> Les entreprises qui accordent la priorit\u00e9 \u00e0 la s\u00e9curit\u00e9 des produits et \u00e0 la gestion de la responsabilit\u00e9 acqui\u00e8rent un avantage concurrentiel en se diff\u00e9renciant en tant que marques de confiance et responsables.<\/li>\n\n\n\n<li><strong>\u00c9conomies de co\u00fbts:<\/strong> Une gestion proactive des risques li\u00e9s \u00e0 la responsabilit\u00e9 du fait des produits peut conduire \u00e0 des \u00e9conomies significatives \u00e0 long terme en \u00e9vitant les frais juridiques, les r\u00e8glements et les dommages \u00e0 la valeur de la marque.<\/li>\n<\/ul>\n\n\n\n<h2 class=\"wp-block-heading\">Qui utilise les \u00e9tudes de march\u00e9 et le conseil en strat\u00e9gie en mati\u00e8re de responsabilit\u00e9 du fait des produits ?<\/h2>\n\n\n\n<p>Diverses parties prenantes de la cha\u00eene d\u2019approvisionnement des produits b\u00e9n\u00e9ficient de la participation \u00e0 des \u00e9tudes de march\u00e9 et \u00e0 des conseils en strat\u00e9gie en mati\u00e8re de responsabilit\u00e9 du fait des produits. Certains des utilisateurs les plus courants sont\u00a0:<\/p>\n\n\n\n<ul class=\"wp-block-list\">\n<li><strong>Fabricants\u00a0:<\/strong> Les fabricants s&#039;appuient sur des consultants pour \u00e9valuer les risques en mati\u00e8re de responsabilit\u00e9 du fait des produits, mettre en \u0153uvre des mesures de contr\u00f4le qualit\u00e9 et garantir le respect des r\u00e8gles de s\u00e9curit\u00e9.<\/li>\n\n\n\n<li><strong>Distributeurs\u00a0:<\/strong> Les distributeurs tirent parti des services de conseil pour \u00e9valuer les expositions en mati\u00e8re de responsabilit\u00e9 du fait des produits, \u00e9tablir des protocoles de gestion des risques et prot\u00e9ger leurs int\u00e9r\u00eats dans la cha\u00eene d&#039;approvisionnement.<\/li>\n\n\n\n<li><strong>D\u00e9taillants\u00a0:<\/strong> Les d\u00e9taillants recherchent une expertise en conseil pour \u00e9valuer les normes de s\u00e9curit\u00e9 des produits, mettre en \u0153uvre des proc\u00e9dures de rappel efficaces et att\u00e9nuer les risques de responsabilit\u00e9 associ\u00e9s \u00e0 la vente de biens de consommation.<\/li>\n\n\n\n<li><strong>Fournisseurs d&#039;assurance\u00a0:<\/strong> Les assureurs s&#039;associent \u00e0 des consultants pour \u00e9valuer les risques en mati\u00e8re de responsabilit\u00e9 du fait des produits, d\u00e9velopper des produits d&#039;assurance et soutenir les initiatives de gestion des risques pour leurs clients.<\/li>\n\n\n\n<li><strong>Conseiller juridique:<\/strong> Les conseillers juridiques s&#039;appuient sur des connaissances en mati\u00e8re de conseil pour fournir des conseils strat\u00e9giques, une assistance en cas de litige et des conseils en mati\u00e8re de gestion des risques aux entreprises confront\u00e9es \u00e0 des probl\u00e8mes de responsabilit\u00e9 du fait des produits.<\/li>\n<\/ul>\n\n\n\n<h2 class=\"wp-block-heading\">Quand effectuer cette \u00e9tude de march\u00e9 et conseil en strat\u00e9gie<\/h2>\n\n\n\n<figure class=\"gb-block-image gb-block-image-a0b0614f\"><img loading=\"lazy\" decoding=\"async\" width=\"1456\" height=\"816\" class=\"gb-image gb-image-a0b0614f\" src=\"https:\/\/www.sisinternational.com\/wp-content\/uploads\/2025\/08\/Retail-1.jpg\" alt=\"\u00c9tudes de march\u00e9 et strat\u00e9gie internationales SIS\" title=\"Retail (1)\" srcset=\"https:\/\/www.sisinternational.com\/wp-content\/uploads\/2025\/08\/Retail-1.jpg 1456w, https:\/\/www.sisinternational.com\/wp-content\/uploads\/2025\/08\/Retail-1-300x168.jpg 300w, https:\/\/www.sisinternational.com\/wp-content\/uploads\/2025\/08\/Retail-1-1024x574.jpg 1024w, https:\/\/www.sisinternational.com\/wp-content\/uploads\/2025\/08\/Retail-1-768x430.jpg 768w, https:\/\/www.sisinternational.com\/wp-content\/uploads\/2025\/08\/Retail-1-18x10.jpg 18w\" sizes=\"auto, (max-width: 1456px) 100vw, 1456px\"><\/figure>\n\n\n\n<p><\/p>\n\n\n\n<p>Determining the optimal timing for conducting <a href=\"https:\/\/www.sisinternational.com\/fr\/optimiser-les-sites-web-dentreprise-pour-le-retour-sur-investissement\/\" title=\"Optimiser les sites Web d&#039;entreprise pour le retour sur investissement\"  data-wpil-monitor-id=\"7588\">product liability market research and strategy<\/a> consulting is crucial for maximizing effectiveness. Here are key factors to consider:<\/p>\n\n\n\n<ul class=\"wp-block-list\">\n<li><strong>Lancements de nouveaux produits\u00a0:<\/strong> Before launching a new product or entering a new market, businesses should conduct comprehensive product liability research and consulting to assess potential risks and develop risk mitigation <a href=\"https:\/\/www.sisinternational.com\/fr\/solutions\/conseil-en-blockchain-sis\/blockchain-dans-le-conseil-en-strategie-de-sante\/\" title=\"Blockchain dans le conseil en strat\u00e9gie de sant\u00e9\"  data-wpil-monitor-id=\"6437\">strategies<\/a>. It ensures that products meet the outset&#8217;s regulatory requirements, industry standards, and consumer expectations.<\/li>\n\n\n\n<li><strong>Modifications r\u00e9glementaires\u00a0:<\/strong> Les entreprises doivent mener des recherches et des conseils en mati\u00e8re de responsabilit\u00e9 du fait des produits en r\u00e9ponse aux changements dans les exigences r\u00e9glementaires, les normes industrielles ou les pr\u00e9c\u00e9dents juridiques. Se tenir au courant de l&#039;\u00e9volution des r\u00e9glementations permet aux entreprises d&#039;adapter leurs strat\u00e9gies et leurs pratiques pour rester conformes et comp\u00e9titives sur le march\u00e9.<\/li>\n\n\n\n<li><strong>Tendances du march\u00e9 et pr\u00e9f\u00e9rences des consommateurs\u00a0:<\/strong> Periodic <a href=\"https:\/\/www.sisinternational.com\/fr\/envisager-le-moyen-orient-pour-les-etudes-de-marche\/\" title=\"Recherche sur l\u2019entr\u00e9e sur le march\u00e9 du Moyen-Orient\"  data-wpil-monitor-id=\"1436\">product liability research and consulting<\/a> help businesses stay informed about emerging market trends, consumer preferences, and industry best practices. This allows businesses to anticipate and address evolving consumer expectations regarding product safety and quality.<\/li>\n\n\n\n<li><strong>Menaces ou incidents de litige\u00a0:<\/strong> En cas de menaces ou d&#039;incidents li\u00e9s \u00e0 des litiges li\u00e9s aux produits, les entreprises doivent rapidement s&#039;engager dans des recherches et des conseils en mati\u00e8re de responsabilit\u00e9 du fait des produits afin d&#039;\u00e9valuer les expositions en mati\u00e8re de responsabilit\u00e9, d&#039;\u00e9laborer des strat\u00e9gies de d\u00e9fense et d&#039;att\u00e9nuer les dommages \u00e0 leur r\u00e9putation.<\/li>\n\n\n\n<li><strong>Am\u00e9lioration continue: <\/strong>La recherche et le conseil en mati\u00e8re de responsabilit\u00e9 du fait des produits doivent \u00eatre continus plut\u00f4t que ponctuels. En surveillant et en \u00e9valuant en permanence les normes de s\u00e9curit\u00e9 des produits, la dynamique du march\u00e9 et les changements r\u00e9glementaires, les entreprises peuvent identifier de mani\u00e8re proactive les domaines \u00e0 am\u00e9liorer et mettre en \u0153uvre des strat\u00e9gies d&#039;att\u00e9nuation des risques pour am\u00e9liorer la s\u00e9curit\u00e9 des produits et la gestion de la responsabilit\u00e9.<\/li>\n<\/ul>\n\n\n\n<h2 class=\"wp-block-heading\">Facteurs de r\u00e9ussite critiques pour une \u00e9tude de march\u00e9 et un conseil en strat\u00e9gie en mati\u00e8re de responsabilit\u00e9 du fait des produits r\u00e9ussis<\/h2>\n\n\n\n<p>Plusieurs facteurs cl\u00e9s contribuent au succ\u00e8s des \u00e9tudes de march\u00e9 sur la responsabilit\u00e9 du fait des produits et des missions de conseil en strat\u00e9gie. Certains de ces facteurs sont les suivants\u00a0:<\/p>\n\n\n\n<ul class=\"wp-block-list\">\n<li><strong>Conformit\u00e9 r\u00e9glementaire\u00a0:<\/strong> Assurer le respect des r\u00e9glementations en vigueur et des normes industrielles est primordial pour att\u00e9nuer les risques li\u00e9s \u00e0 la responsabilit\u00e9 du fait des produits. Les consultants doivent se tenir au courant des changements r\u00e9glementaires et aider les entreprises \u00e0 s&#039;adapter aux exigences juridiques complexes afin d&#039;\u00e9viter d&#039;\u00e9ventuelles responsabilit\u00e9s et sanctions r\u00e9glementaires.<\/li>\n\n\n\n<li><strong>Collaboration interfonctionnelle\u00a0:<\/strong> Les missions de conseil en responsabilit\u00e9 du fait des produits r\u00e9ussies n\u00e9cessitent une collaboration entre diff\u00e9rents services organisationnels, notamment les services juridiques, de conformit\u00e9, d&#039;assurance qualit\u00e9 et de d\u00e9veloppement de produits. Les \u00e9quipes interfonctionnelles doivent travailler ensemble pour int\u00e9grer les informations issues des \u00e9tudes de march\u00e9 dans la prise de d\u00e9cision et la mise en \u0153uvre strat\u00e9giques.<\/li>\n\n\n\n<li><strong>Suivi et \u00e9valuation continus\u00a0:<\/strong> Continuous monitoring and evaluation of <a href=\"https:\/\/www.sisinternational.com\/fr\/comment-poursuivre-votre-expansion-sur-les-marches-emergents-dans-cette-recession\/\" title=\"Comment poursuivre votre expansion sur les march\u00e9s \u00e9mergents pendant cette r\u00e9cession\"  data-wpil-monitor-id=\"2162\">product liability risks and strategies<\/a> are essential for adapting to changing market dynamics and regulatory requirements. Consultants must regularly assess the effectiveness of risk management initiatives and make adjustments as necessary to ensure ongoing compliance and efficacy.<\/li>\n<\/ul>\n\n\n\n<h2 class=\"wp-block-heading\">L\u2019approche SIS en mati\u00e8re d\u2019\u00e9tudes de march\u00e9 et de conseil en strat\u00e9gie en mati\u00e8re de responsabilit\u00e9 du fait des produits<\/h2>\n\n\n\n<p>SIS offre un cadre complet pour mener des \u00e9tudes de march\u00e9 sur la responsabilit\u00e9 du fait des produits et des conseils en strat\u00e9gie. Notre approche se concentre sur :<\/p>\n\n\n\n<ul class=\"wp-block-list\">\n<li><strong>Alignement strat\u00e9gique:<\/strong> Les consultants SIS donnent la priorit\u00e9 \u00e0 l&#039;alignement strat\u00e9gique en alignant leurs efforts sur les objectifs et les buts du client. Ils comprennent le secteur d&#039;activit\u00e9 du client, le paysage concurrentiel et la dynamique du march\u00e9 pour d\u00e9velopper des strat\u00e9gies sur mesure qui r\u00e9pondent aux d\u00e9fis et opportunit\u00e9s sp\u00e9cifiques en mati\u00e8re de responsabilit\u00e9 du fait des produits.<\/li>\n\n\n\n<li><strong>Analyse approfondie\u00a0:<\/strong> Tirant parti de techniques analytiques avanc\u00e9es et de leur expertise du secteur, les consultants SIS fournissent une analyse approfondie des risques et des opportunit\u00e9s en mati\u00e8re de responsabilit\u00e9 du fait des produits. Ils d\u00e9couvrent des mod\u00e8les, des tendances et des corr\u00e9lations cach\u00e9s dans les donn\u00e9es pour g\u00e9n\u00e9rer des informations exploitables qui \u00e9clairent la prise de d\u00e9cision strat\u00e9gique et les efforts de gestion des risques.<\/li>\n\n\n\n<li><strong>Ex\u00e9cution syst\u00e9matique\u00a0:<\/strong> The SIS approach emphasizes systematic execution, ensuring that recommendations are implemented effectively and efficiently. SIS <a href=\"https:\/\/www.sisinternational.com\/fr\/solutions\/conseil-en-strategie\/planification-dun-scenario\/\" title=\"Conseil en strat\u00e9gie de planification de sc\u00e9narios\"  data-wpil-monitor-id=\"7106\">consultants develop detailed action plans<\/a>, establish clear milestones and timelines, and monitor progress throughout the implementation process to ensure alignment with the client&#8217;s objectives.<\/li>\n\n\n\n<li><strong>Collaboration client\u00a0:<\/strong> SIS consultants prioritize client collaboration throughout the engagement process, fostering open communication and knowledge sharing. <\/li>\n\n\n\n<li><strong>Am\u00e9lioration continue:<\/strong> SIS experts are committed to continuous improvement, regularly evaluating and refining their methodologies and processes to adapt to changing market dynamics and client needs. <\/li>\n<\/ul>\n\n\n\n<h2 class=\"wp-block-heading\">Opportunit\u00e9s<\/h2>\n\n\n\n<p>Businesses can capitalize on several opportunities by leveraging <a href=\"https:\/\/www.sisinternational.com\/fr\/les-medias-sociaux-dans-les-petites-entreprises\/\" title=\"Strat\u00e9gies de m\u00e9dias sociaux pour les petites entreprises\"  data-wpil-monitor-id=\"2216\">product liability market research and strategy<\/a> consulting. These opportunities include:<\/p>\n\n\n\n<ul class=\"wp-block-list\">\n<li><strong>Diff\u00e9renciation du march\u00e9\u00a0:<\/strong> Demonstrating a commitment to <a href=\"https:\/\/www.sisinternational.com\/fr\/competence\/les-industries\/etude-de-marche-sur-la-securite-routiere\/\" title=\"\u00c9tude de march\u00e9 sur la s\u00e9curit\u00e9 routi\u00e8re\"  data-wpil-monitor-id=\"7179\">produit<\/a> safety and quality through consulting initiatives can help businesses differentiate themselves in the marketplace. <\/li>\n\n\n\n<li><strong>Opportunit\u00e9s d&#039;innovation\u00a0:<\/strong> Les missions de conseil donnent aux entreprises un aper\u00e7u des tendances \u00e9mergentes et des pr\u00e9f\u00e9rences des consommateurs. En tirant parti de ces informations, les entreprises peuvent identifier les opportunit\u00e9s d&#039;innovation de produits et d\u00e9velopper des offres qui r\u00e9pondent aux besoins changeants des clients tout en minimisant les risques de responsabilit\u00e9.<\/li>\n\n\n\n<li><strong>\u00c9conomies de co\u00fbts:<\/strong> Proactively managing product liability risks can lead to significant business savings. <\/li>\n<\/ul>\n\n\n\n<h2 class=\"wp-block-heading\">D\u00e9fis<\/h2>\n\n\n\n<p>Bien que les \u00e9tudes de march\u00e9 et le conseil en strat\u00e9gie en mati\u00e8re de responsabilit\u00e9 du fait des produits offrent des avantages pr\u00e9cieux, les entreprises peuvent \u00eatre confront\u00e9es \u00e0 plusieurs d\u00e9fis tels que\u00a0:<\/p>\n\n\n\n<ul class=\"wp-block-list\">\n<li><strong>Paysage r\u00e9glementaire complexe\u00a0:<\/strong> Naviguer dans le paysage r\u00e9glementaire complexe entourant la responsabilit\u00e9 du fait des produits peut \u00eatre un d\u00e9fi pour les entreprises. Se tenir au courant de l\u2019\u00e9volution des r\u00e9glementations et garantir la conformit\u00e9 dans les diff\u00e9rentes juridictions n\u00e9cessite des ressources et une expertise consid\u00e9rables.<\/li>\n\n\n\n<li><strong>Accessibilit\u00e9 et qualit\u00e9 des donn\u00e9es\u00a0:<\/strong> L&#039;acc\u00e8s aux donn\u00e9es pertinentes pour la recherche sur la responsabilit\u00e9 du fait des produits peut s&#039;av\u00e9rer difficile, en particulier lorsqu&#039;il s&#039;agit d&#039;informations sensibles ou exclusives. Garantir la qualit\u00e9 et la fiabilit\u00e9 des donn\u00e9es est crucial pour g\u00e9n\u00e9rer des informations pr\u00e9cises et prendre des d\u00e9cisions \u00e9clair\u00e9es.<\/li>\n\n\n\n<li><strong>Complexit\u00e9 juridique et risques de litiges\u00a0:<\/strong> Le conseil en responsabilit\u00e9 du fait des produits implique souvent de g\u00e9rer des questions juridiques complexes et des risques de litige potentiels. Les entreprises doivent travailler en \u00e9troite collaboration avec des experts juridiques pour comprendre les responsabilit\u00e9s et \u00e9laborer des strat\u00e9gies efficaces de gestion des risques.<\/li>\n<\/ul>\n\n\n\n<p><\/p>","protected":false},"excerpt":{"rendered":"<p>Les \u00e9tudes de march\u00e9 et les conseils en strat\u00e9gie en mati\u00e8re de responsabilit\u00e9 du fait des produits contribuent \u00e0 l&#039;\u00e9valuation et \u00e0 la gestion des risques li\u00e9s aux produits.<\/p>","protected":false},"author":1,"featured_media":62505,"parent":14567,"menu_order":44,"comment_status":"closed","ping_status":"closed","template":"","meta":{"footnotes":""},"class_list":["post-46861","page","type-page","status-publish","has-post-thumbnail"],"_links":{"self":[{"href":"https:\/\/www.sisinternational.com\/fr\/wp-json\/wp\/v2\/pages\/46861","targetHints":{"allow":["GET"]}}],"collection":[{"href":"https:\/\/www.sisinternational.com\/fr\/wp-json\/wp\/v2\/pages"}],"about":[{"href":"https:\/\/www.sisinternational.com\/fr\/wp-json\/wp\/v2\/types\/page"}],"author":[{"embeddable":true,"href":"https:\/\/www.sisinternational.com\/fr\/wp-json\/wp\/v2\/users\/1"}],"replies":[{"embeddable":true,"href":"https:\/\/www.sisinternational.com\/fr\/wp-json\/wp\/v2\/comments?post=46861"}],"version-history":[{"count":17,"href":"https:\/\/www.sisinternational.com\/fr\/wp-json\/wp\/v2\/pages\/46861\/revisions"}],"predecessor-version":[{"id":81211,"href":"https:\/\/www.sisinternational.com\/fr\/wp-json\/wp\/v2\/pages\/46861\/revisions\/81211"}],"up":[{"embeddable":true,"href":"https:\/\/www.sisinternational.com\/fr\/wp-json\/wp\/v2\/pages\/14567"}],"wp:featuredmedia":[{"embeddable":true,"href":"https:\/\/www.sisinternational.com\/fr\/wp-json\/wp\/v2\/media\/62505"}],"wp:attachment":[{"href":"https:\/\/www.sisinternational.com\/fr\/wp-json\/wp\/v2\/media?parent=46861"}],"curies":[{"name":"wp","href":"https:\/\/api.w.org\/{rel}","templated":true}]}}