{"id":46856,"date":"2024-03-14T16:50:10","date_gmt":"2024-03-14T20:50:10","guid":{"rendered":"https:\/\/www.sisinternational.com\/?page_id=46856"},"modified":"2026-01-27T16:48:51","modified_gmt":"2026-01-27T21:48:51","slug":"conseil-en-strategie-detudes-de-marche-sur-les-plateformes-cote-demande","status":"publish","type":"page","link":"https:\/\/www.sisinternational.com\/fr\/solutions\/conseil-en-strategie\/conseil-en-strategie-detudes-de-marche-sur-les-plateformes-cote-demande\/","title":{"rendered":"Demand-Side Platform Market Strategy Consulting"},"content":{"rendered":"<h1 class=\"wp-block-heading\">Demand-Side Platform Market Strategy Consulting<\/h1>\n\n\n\n<figure class=\"gb-block-image gb-block-image-6d2a25fa\"><img loading=\"lazy\" decoding=\"async\" width=\"1456\" height=\"816\" class=\"gb-image gb-image-6d2a25fa\" src=\"https:\/\/www.sisinternational.com\/wp-content\/uploads\/2025\/08\/Optimizing-Multi-Channel-Marketing-Strategies-3.jpg\" alt=\"\u00c9tudes de march\u00e9 et strat\u00e9gie internationales SIS\" title=\"Optimizing Multi-Channel Marketing Strategies (3)\" srcset=\"https:\/\/www.sisinternational.com\/wp-content\/uploads\/2025\/08\/Optimizing-Multi-Channel-Marketing-Strategies-3.jpg 1456w, https:\/\/www.sisinternational.com\/wp-content\/uploads\/2025\/08\/Optimizing-Multi-Channel-Marketing-Strategies-3-300x168.jpg 300w, https:\/\/www.sisinternational.com\/wp-content\/uploads\/2025\/08\/Optimizing-Multi-Channel-Marketing-Strategies-3-1024x574.jpg 1024w, https:\/\/www.sisinternational.com\/wp-content\/uploads\/2025\/08\/Optimizing-Multi-Channel-Marketing-Strategies-3-768x430.jpg 768w, https:\/\/www.sisinternational.com\/wp-content\/uploads\/2025\/08\/Optimizing-Multi-Channel-Marketing-Strategies-3-18x10.jpg 18w\" sizes=\"auto, (max-width: 1456px) 100vw, 1456px\"><\/figure>\n\n\n\n<hr class=\"wp-block-separator has-alpha-channel-opacity is-style-dots\"\/>\n\n\n\n<p>Dans le paysage de la publicit\u00e9 num\u00e9rique en constante \u00e9volution, la plate-forme c\u00f4t\u00e9 demande (DSP) est devenue une v\u00e9ritable r\u00e9volution, r\u00e9volutionnant la mani\u00e8re dont les entreprises atteignent leur public cible. Gr\u00e2ce \u00e0 des algorithmes sophistiqu\u00e9s, des capacit\u00e9s d&#039;ench\u00e8res en temps r\u00e9el et des informations bas\u00e9es sur les donn\u00e9es, les DSP offrent aux entreprises un contr\u00f4le et une efficacit\u00e9 sans pr\u00e9c\u00e9dent dans leurs efforts publicitaires\u2026 Mais qu&#039;est-ce qu&#039;un DSP exactement et comment peut-il profiter aux entreprises sur le march\u00e9 concurrentiel d&#039;aujourd&#039;hui ? Quel est le r\u00f4le des \u00e9tudes de march\u00e9 et du conseil en strat\u00e9gie sur les plateformes c\u00f4t\u00e9 demande\u00a0?<\/p>\n\n\n\n<h2 class=\"wp-block-heading\">Comprendre les \u00e9tudes de march\u00e9 et le conseil en strat\u00e9gie des plateformes c\u00f4t\u00e9 demande<\/h2>\n\n\n\n<p>Demand-side platform market research and <a href=\"https:\/\/www.sisinternational.com\/fr\/analyse-de-suivi-des-elections-de-la-strategie-de-marketing-sur-les-elections\/\" title=\"Suivi des \u00e9lections\u00a0: analyse de la strat\u00e9gie marketing \u00e9lectorale\"  data-wpil-monitor-id=\"1626\">conseil en strat\u00e9gie<\/a> involve a comprehensive analysis of the DSP ecosystem, including its functionalities, key players, and market trends. It aims to provide businesses with insights into the latest developments and opportunities in the DSP space, enabling them to make informed decisions and optimize their advertising strategies. Through market research, businesses gain a deeper understanding of how DSPs work, their role in the advertising ecosystem, and the potential benefits they offer in reaching target audiences effectively.<\/p>\n\n\n\n<h2 class=\"wp-block-heading\">Pourquoi les entreprises ont-elles besoin d\u2019\u00e9tudes de march\u00e9 et de conseils en strat\u00e9gie sur les plateformes c\u00f4t\u00e9 demande ?<\/h2>\n\n\n\n<p>Demand-side platform <a href=\"https:\/\/www.sisinternational.com\/fr\/marketing-direct\/\" title=\"Qu\u2019est-ce que le marketing direct ?\"  data-wpil-monitor-id=\"2233\">market research and strategy<\/a> consulting equip businesses with the tools and insights to successfully navigate the DSP landscape. By understanding the capabilities and limitations of DSPs, companies can develop targeted advertising strategies that maximize ROI and drive business growth.<\/p>\n\n\n\n<p>Additionally, with the rise of programmatic advertising, DSPs have become indispensable tools for reaching audiences across multiple channels and devices, making <a href=\"https:\/\/www.sisinternational.com\/fr\/devenir-un-champion-cache-du-marketing-de-niche\/\" title=\"Strat\u00e9gie marketing des champions cach\u00e9s et marketing de niche\"  data-wpil-monitor-id=\"7574\">market research and strategy<\/a> consulting essential for businesses looking to stay ahead of the curve.<\/p>\n\n\n\n<p>Cette \u00e9tude de march\u00e9 et ce conseil pr\u00e9sentent plusieurs avantages pour les entreprises, notamment\u00a0:<\/p>\n\n\n\n<ul class=\"wp-block-list\">\n<li><strong>Capacit\u00e9s de ciblage am\u00e9lior\u00e9es\u00a0:<\/strong> En tirant parti des \u00e9tudes de march\u00e9 et du conseil en strat\u00e9gie sur les plateformes c\u00f4t\u00e9 demande, les entreprises peuvent affiner leurs strat\u00e9gies de ciblage, en garantissant que leurs publicit\u00e9s sont diffus\u00e9es aupr\u00e8s des segments d&#039;audience les plus pertinents, maximisant ainsi les taux d&#039;engagement et de conversion.<\/li>\n\n\n\n<li><strong>Efficacit\u00e9 et rentabilit\u00e9 am\u00e9lior\u00e9es\u00a0:<\/strong> Gr\u00e2ce \u00e0 des \u00e9tudes de march\u00e9 et \u00e0 des conseils en strat\u00e9gie, les entreprises peuvent identifier les DSP les plus rentables et optimiser leurs strat\u00e9gies d&#039;ench\u00e8res pour obtenir un retour sur investissement maximal sur leurs d\u00e9penses publicitaires. Cette efficacit\u00e9 accrue permet aux entreprises d&#039;allouer leurs budgets publicitaires plus efficacement, garantissant que chaque dollar d\u00e9pens\u00e9 donne des r\u00e9sultats mesurables.<\/li>\n\n\n\n<li><strong>Acc\u00e8s aux analyses et informations avanc\u00e9es\u00a0:<\/strong> <a href=\"https:\/\/www.sisinternational.com\/fr\/competence\/les-industries\/conseil-en-analyse-de-science-des-donnees\/\" title=\"Conseil en science des donn\u00e9es et analytique\"  data-wpil-monitor-id=\"3690\">Demand-side platform market research and strategy consulting<\/a> enable businesses to harness this data effectively, gaining valuable insights into campaign performance, audience engagement, and conversion metrics. <\/li>\n\n\n\n<li><strong>Int\u00e9gration multicanal\u00a0:<\/strong> En int\u00e9grant les DSP dans leurs strat\u00e9gies marketing, les entreprises peuvent garantir la coh\u00e9rence des messages et de l&#039;image de marque sur tous les points de contact, maximisant ainsi l&#039;impact de leurs campagnes publicitaires. Les \u00e9tudes de march\u00e9 et le conseil en strat\u00e9gie aident les entreprises \u00e0 identifier les canaux les plus efficaces pour atteindre leur public cible et \u00e0 d\u00e9velopper des strat\u00e9gies publicitaires int\u00e9gr\u00e9es qui exploitent tout le potentiel des DSP.<\/li>\n<\/ul>\n\n\n\n<h2 class=\"wp-block-heading\">Quand effectuer une \u00e9tude de march\u00e9 et un conseil en strat\u00e9gie sur les plateformes c\u00f4t\u00e9 demande<\/h2>\n\n\n\n<p>Conducting demand-side platform market research and <a href=\"https:\/\/www.sisinternational.com\/fr\/optimiser-les-sites-web-dentreprise-pour-le-retour-sur-investissement\/\" title=\"Optimiser les sites Web d&#039;entreprise pour le retour sur investissement\"  data-wpil-monitor-id=\"7593\">conseil en strat\u00e9gie<\/a> is essential at various stages of the advertising campaign lifecycle to ensure optimal results and ROI \u2013 and here are some key factors to consider when conducting market research and strategy consulting:<\/p>\n\n\n\n<ul class=\"wp-block-list\">\n<li><strong>Planification de campagne\u00a0:<\/strong> Des \u00e9tudes de march\u00e9 et des conseils en strat\u00e9gie doivent \u00eatre men\u00e9s d\u00e8s les premi\u00e8res \u00e9tapes de la planification de la campagne pour \u00e9clairer les d\u00e9cisions strat\u00e9giques et optimiser les objectifs de la campagne. Les entreprises peuvent d\u00e9velopper une strat\u00e9gie de campagne compl\u00e8te qui exploite efficacement les DSP pour atteindre leurs objectifs publicitaires en analysant les tendances du march\u00e9, les informations sur l&#039;audience et le paysage concurrentiel.<\/li>\n\n\n\n<li><strong>\u00c9valuation de la plateforme\u00a0:<\/strong> Avant de s\u00e9lectionner un DSP pour leurs campagnes publicitaires, les entreprises doivent effectuer une \u00e9tude de march\u00e9 approfondie pour \u00e9valuer les plates-formes disponibles et \u00e9valuer leur ad\u00e9quation en fonction de leurs caract\u00e9ristiques, fonctionnalit\u00e9s, prix et performances. Le conseil en strat\u00e9gie peut aider les entreprises \u00e0 identifier les DSP les plus adapt\u00e9s \u00e0 leurs besoins sp\u00e9cifiques et \u00e0 \u00e9laborer une feuille de route pour une mise en \u0153uvre r\u00e9ussie.<\/li>\n\n\n\n<li><strong>Optimisation de la campagne\u00a0:<\/strong> Les entreprises doivent surveiller et analyser en permanence les performances des campagnes \u00e0 l&#039;aide d&#039;outils d&#039;analyse et de reporting DSP tout au long de la campagne publicitaire. Le conseil en strat\u00e9gie peut aider les entreprises \u00e0 interpr\u00e9ter les donn\u00e9es de campagne, \u00e0 identifier les tendances de performances et \u00e0 proc\u00e9der \u00e0 des optimisations bas\u00e9es sur les donn\u00e9es pour am\u00e9liorer l&#039;efficacit\u00e9 et le retour sur investissement des campagnes.<\/li>\n<\/ul>\n\n\n\n<h2 class=\"wp-block-heading\">R\u00e9sultats attendus de notre strat\u00e9gie DSP<\/h2>\n\n\n\n<p>Implementing a well-crafted demand-side platform market research and <a href=\"https:\/\/www.sisinternational.com\/fr\/les-medias-sociaux-dans-les-petites-entreprises\/\" title=\"Strat\u00e9gies de m\u00e9dias sociaux pour les petites entreprises\"  data-wpil-monitor-id=\"7537\">conseil en strat\u00e9gie<\/a> can yield a range of positive outcomes for businesses looking to enhance their digital advertising efforts:<\/p>\n\n\n\n<ul class=\"wp-block-list\">\n<li><strong>Port\u00e9e et visibilit\u00e9 accrues\u00a0:<\/strong> En tirant parti des capacit\u00e9s de ciblage des DSP, les entreprises peuvent \u00e9tendre leur port\u00e9e \u00e0 un public plus large et accro\u00eetre leur visibilit\u00e9 sur les canaux et plateformes num\u00e9riques pertinents. Cette port\u00e9e \u00e9largie permet aux entreprises de se connecter avec des clients potentiels \u00e0 diff\u00e9rents points de contact tout au long du parcours client, augmentant ainsi la notori\u00e9t\u00e9 et l&#039;exposition de la marque.<\/li>\n\n\n\n<li><strong>Pr\u00e9cision de ciblage am\u00e9lior\u00e9e\u00a0:<\/strong> Les \u00e9tudes de march\u00e9 et le conseil en strat\u00e9gie sur les plateformes c\u00f4t\u00e9 demande permettent aux entreprises de cibler leurs campagnes publicitaires avec une pr\u00e9cision extr\u00eame, en atteignant des segments d&#039;audience sp\u00e9cifiques en fonction de facteurs d\u00e9mographiques, comportementaux et contextuels. Cela garantit que les entreprises peuvent transmettre des messages personnalis\u00e9s au bon public au bon moment, augmentant ainsi la probabilit\u00e9 d&#039;engagement et de conversion.<\/li>\n\n\n\n<li><strong>Engagement et interaction am\u00e9lior\u00e9s\u00a0:<\/strong> Gr\u00e2ce \u00e0 des formats publicitaires et des options de ciblage avanc\u00e9s, les entreprises peuvent cr\u00e9er des exp\u00e9riences publicitaires plus attrayantes et interactives pour leur public. Gr\u00e2ce \u00e0 des publicit\u00e9s rich media, vid\u00e9o ou interactives, les DSP permettent aux entreprises de capter l&#039;attention du public et de g\u00e9n\u00e9rer des interactions significatives qui favorisent l&#039;engagement et la fid\u00e9lit\u00e9 \u00e0 la marque.<\/li>\n\n\n\n<li><strong>Informations et analyses bas\u00e9es sur les donn\u00e9es\u00a0:<\/strong> Demand-side platform market research and strategy consulting provide businesses with a wealth of data and analytics that can be used to measure and analyze campaign performance in real-time. <\/li>\n<\/ul>\n\n\n\n<h2 class=\"wp-block-heading\">Opportunit\u00e9s<\/h2>\n\n\n\n<figure class=\"gb-block-image gb-block-image-363ea6c8\"><img loading=\"lazy\" decoding=\"async\" width=\"1456\" height=\"816\" class=\"gb-image gb-image-363ea6c8\" src=\"https:\/\/www.sisinternational.com\/wp-content\/uploads\/2025\/08\/Optimizing-Multi-Channel-Marketing-Strategies-for-Enhanced-Market-Penetration.jpg\" alt=\"\u00c9tudes de march\u00e9 et strat\u00e9gie internationales SIS\" title=\"Optimiser les strat\u00e9gies de marketing multicanal pour une meilleure p\u00e9n\u00e9tration du march\u00e9\" srcset=\"https:\/\/www.sisinternational.com\/wp-content\/uploads\/2025\/08\/Optimizing-Multi-Channel-Marketing-Strategies-for-Enhanced-Market-Penetration.jpg 1456w, https:\/\/www.sisinternational.com\/wp-content\/uploads\/2025\/08\/Optimizing-Multi-Channel-Marketing-Strategies-for-Enhanced-Market-Penetration-300x168.jpg 300w, https:\/\/www.sisinternational.com\/wp-content\/uploads\/2025\/08\/Optimizing-Multi-Channel-Marketing-Strategies-for-Enhanced-Market-Penetration-1024x574.jpg 1024w, https:\/\/www.sisinternational.com\/wp-content\/uploads\/2025\/08\/Optimizing-Multi-Channel-Marketing-Strategies-for-Enhanced-Market-Penetration-768x430.jpg 768w, https:\/\/www.sisinternational.com\/wp-content\/uploads\/2025\/08\/Optimizing-Multi-Channel-Marketing-Strategies-for-Enhanced-Market-Penetration-18x10.jpg 18w\" sizes=\"auto, (max-width: 1456px) 100vw, 1456px\"><\/figure>\n\n\n\n<p><\/p>\n\n\n\n<p>Les \u00e9tudes de march\u00e9 et les conseils en strat\u00e9gie sur les plateformes c\u00f4t\u00e9 demande r\u00e9v\u00e8lent de nombreuses opportunit\u00e9s pour les entreprises d\u2019am\u00e9liorer leurs efforts de publicit\u00e9 num\u00e9rique et de stimuler leur croissance. Certaines opportunit\u00e9s cl\u00e9s sur le march\u00e9 du DSP comprennent\u00a0:<\/p>\n\n\n\n<ul class=\"wp-block-list\">\n<li><strong>Optimisation en temps r\u00e9el\u00a0:<\/strong> Les DSP permettent aux entreprises d&#039;optimiser leurs campagnes publicitaires en temps r\u00e9el en fonction des donn\u00e9es et des informations sur les performances. En surveillant en permanence des indicateurs cl\u00e9s tels que les taux de clics (CTR), les taux de conversion et le retour sur d\u00e9penses publicitaires (ROAS), les entreprises peuvent ajuster leurs strat\u00e9gies de ciblage, de messagerie et d&#039;ench\u00e8res pour maximiser l&#039;efficacit\u00e9 de leurs campagnes et atteindre leurs objectifs publicitaires.<\/li>\n\n\n\n<li><strong>Ciblage multi-appareils\u00a0:<\/strong> Avec la prolif\u00e9ration de plusieurs appareils et canaux, le ciblage multi-appareils est devenu de plus en plus important pour les entreprises cherchant \u00e0 atteindre les consommateurs sur diff\u00e9rents points de contact. Les DSP offrent des solutions de ciblage multi-appareils qui permettent aux entreprises de proposer des exp\u00e9riences publicitaires coh\u00e9rentes et transparentes sur les ordinateurs de bureau, les ordinateurs portables, les smartphones, les tablettes et les t\u00e9l\u00e9viseurs connect\u00e9s, garantissant ainsi une port\u00e9e et un engagement maximum.<\/li>\n\n\n\n<li><strong>Int\u00e9gration avec les plateformes de gestion de donn\u00e9es (DMP)\u00a0:<\/strong> Les DSP s&#039;int\u00e8grent souvent aux plates-formes de gestion de donn\u00e9es (DMP) pour exploiter les donn\u00e9es propri\u00e9taires et tierces pour le ciblage et la segmentation de l&#039;audience. Cette int\u00e9gration permet aux entreprises d&#039;am\u00e9liorer la pr\u00e9cision de leur ciblage, d&#039;atteindre des segments d&#039;audience \u00e0 forte valeur ajout\u00e9e et de proposer des exp\u00e9riences publicitaires plus percutantes qui g\u00e9n\u00e8rent des r\u00e9sultats.<\/li>\n<\/ul>\n\n\n\n<h2 class=\"wp-block-heading\">Comment les \u00e9tudes de march\u00e9 et le conseil en strat\u00e9gie de la plateforme c\u00f4t\u00e9 demande de SIS International aident les entreprises<\/h2>\n\n\n\n<p>Chez SIS International, nous nous distinguons dans le paysage des \u00e9tudes de march\u00e9 et du conseil en strat\u00e9gie DSP gr\u00e2ce \u00e0 notre approche et notre proposition de valeur uniques. Voici quelques facteurs cl\u00e9s qui nous distinguent\u00a0:<\/p>\n\n\n\n<ul class=\"wp-block-list\">\n<li><strong>Expertise approfondie du secteur\u00a0:<\/strong> Nous apportons notre expertise du secteur et nos connaissances du domaine \u00e0 chaque mission d\u2019\u00e9tude de march\u00e9 et de conseil DSP. Notre \u00e9quipe de professionnels de la recherche poss\u00e8de une vaste exp\u00e9rience de l&#039;\u00e9cosyst\u00e8me de la publicit\u00e9 num\u00e9rique, notamment les DSP, les \u00e9changes publicitaires, les r\u00e9seaux publicitaires et les plateformes de gestion de donn\u00e9es.<\/li>\n\n\n\n<li><strong>Capacit\u00e9s analytiques avanc\u00e9es\u00a0:<\/strong> Nous exploitons des techniques et m\u00e9thodologies analytiques avanc\u00e9es pour d\u00e9couvrir des mod\u00e8les, des tendances et des corr\u00e9lations cach\u00e9es au sein des donn\u00e9es. De la mod\u00e9lisation pr\u00e9dictive et de l&#039;analyse de r\u00e9gression \u00e0 l&#039;analyse de clusters et aux algorithmes d&#039;apprentissage automatique, nous exploitons la puissance de l&#039;analyse des donn\u00e9es pour extraire des informations exploitables et \u00e9clairer des recommandations strat\u00e9giques.<\/li>\n\n\n\n<li><strong>Approche collaborative:<\/strong> Nous croyons en une collaboration \u00e9troite avec nos clients tout au long du processus de recherche. De la d\u00e9finition et de la conception du projet \u00e0 la collecte, l&#039;analyse et l&#039;interpr\u00e9tation des donn\u00e9es, nous travaillons avec nos clients pour garantir l&#039;alignement avec leurs buts, objectifs et priorit\u00e9s. Notre approche collaborative favorise la transparence, la confiance et la responsabilit\u00e9, ce qui donne lieu \u00e0 des r\u00e9sultats significatifs et percutants.<\/li>\n\n\n\n<li><strong>Recommandations concr\u00e8tes\u00a0:<\/strong> Nous allons au-del\u00e0 de la fourniture d&#039;informations\u00a0: nous fournissons des recommandations concr\u00e8tes qui permettent \u00e0 nos clients de prendre des d\u00e9cisions \u00e9clair\u00e9es et de g\u00e9n\u00e9rer des r\u00e9sultats commerciaux. Qu&#039;il s&#039;agisse d&#039;optimiser les strat\u00e9gies de campagne, d&#039;affiner les tactiques de ciblage d&#039;audience ou d&#039;identifier de nouvelles opportunit\u00e9s de march\u00e9, nous proposons des conseils pratiques qui se traduisent par des r\u00e9sultats tangibles et un avantage concurrentiel.<\/li>\n\n\n\n<li><strong>Port\u00e9e mondiale:<\/strong> Avec une pr\u00e9sence mondiale couvrant plusieurs continents et pays, nous offrons un acc\u00e8s in\u00e9gal\u00e9 \u00e0 divers march\u00e9s, cultures et segments de consommateurs. Notre port\u00e9e internationale nous permet de mener des \u00e9tudes de march\u00e9 DSP et des conseils en strat\u00e9gie \u00e0 l&#039;\u00e9chelle mondiale, fournissant ainsi \u00e0 nos clients des informations pr\u00e9cieuses sur les tendances, pr\u00e9f\u00e9rences et opportunit\u00e9s r\u00e9gionales.<\/li>\n<\/ul>\n\n\n\n<p><\/p>","protected":false},"excerpt":{"rendered":"<p>Les \u00e9tudes de march\u00e9 et le conseil en strat\u00e9gie sur les plateformes c\u00f4t\u00e9 demande analysent l\u2019\u00e9cosyst\u00e8me DSP, y compris les fonctionnalit\u00e9s, les acteurs et les tendances.<\/p>","protected":false},"author":1,"featured_media":64896,"parent":14567,"menu_order":45,"comment_status":"closed","ping_status":"closed","template":"","meta":{"footnotes":""},"class_list":["post-46856","page","type-page","status-publish","has-post-thumbnail"],"_links":{"self":[{"href":"https:\/\/www.sisinternational.com\/fr\/wp-json\/wp\/v2\/pages\/46856","targetHints":{"allow":["GET"]}}],"collection":[{"href":"https:\/\/www.sisinternational.com\/fr\/wp-json\/wp\/v2\/pages"}],"about":[{"href":"https:\/\/www.sisinternational.com\/fr\/wp-json\/wp\/v2\/types\/page"}],"author":[{"embeddable":true,"href":"https:\/\/www.sisinternational.com\/fr\/wp-json\/wp\/v2\/users\/1"}],"replies":[{"embeddable":true,"href":"https:\/\/www.sisinternational.com\/fr\/wp-json\/wp\/v2\/comments?post=46856"}],"version-history":[{"count":12,"href":"https:\/\/www.sisinternational.com\/fr\/wp-json\/wp\/v2\/pages\/46856\/revisions"}],"predecessor-version":[{"id":81216,"href":"https:\/\/www.sisinternational.com\/fr\/wp-json\/wp\/v2\/pages\/46856\/revisions\/81216"}],"up":[{"embeddable":true,"href":"https:\/\/www.sisinternational.com\/fr\/wp-json\/wp\/v2\/pages\/14567"}],"wp:featuredmedia":[{"embeddable":true,"href":"https:\/\/www.sisinternational.com\/fr\/wp-json\/wp\/v2\/media\/64896"}],"wp:attachment":[{"href":"https:\/\/www.sisinternational.com\/fr\/wp-json\/wp\/v2\/media?parent=46856"}],"curies":[{"name":"wp","href":"https:\/\/api.w.org\/{rel}","templated":true}]}}