{"id":46852,"date":"2024-03-14T16:50:59","date_gmt":"2024-03-14T20:50:59","guid":{"rendered":"https:\/\/www.sisinternational.com\/?page_id=46852"},"modified":"2026-01-27T16:34:38","modified_gmt":"2026-01-27T21:34:38","slug":"etude-de-marche-de-la-boite-a-outils-de-marketing-de-marque","status":"publish","type":"page","link":"https:\/\/www.sisinternational.com\/fr\/solutions\/etude-de-marche-de-la-boite-a-outils-de-marketing-de-marque\/","title":{"rendered":"Bo\u00eete \u00e0 outils pour le marketing de la marque \u00c9tude de march\u00e9"},"content":{"rendered":"<h1 class=\"gb-headline gb-headline-3679b421 gb-headline-text\">Bo\u00eete \u00e0 outils pour le marketing de la marque \u00c9tude de march\u00e9<\/h1>\n\n\n\n<figure class=\"gb-block-image gb-block-image-cd310f57\"><img loading=\"lazy\" decoding=\"async\" width=\"1456\" height=\"816\" class=\"gb-image gb-image-cd310f57\" src=\"https:\/\/www.sisinternational.com\/wp-content\/uploads\/2025\/09\/Branding-1.jpg\" alt=\"\u00c9tudes de march\u00e9 et strat\u00e9gie internationales SIS\" title=\"Branding (1)\" srcset=\"https:\/\/www.sisinternational.com\/wp-content\/uploads\/2025\/09\/Branding-1.jpg 1456w, https:\/\/www.sisinternational.com\/wp-content\/uploads\/2025\/09\/Branding-1-300x168.jpg 300w, https:\/\/www.sisinternational.com\/wp-content\/uploads\/2025\/09\/Branding-1-1024x574.jpg 1024w, https:\/\/www.sisinternational.com\/wp-content\/uploads\/2025\/09\/Branding-1-768x430.jpg 768w, https:\/\/www.sisinternational.com\/wp-content\/uploads\/2025\/09\/Branding-1-18x10.jpg 18w\" sizes=\"auto, (max-width: 1456px) 100vw, 1456px\"><\/figure>\n\n\n\n<p><\/p>\n\n\n\n<hr class=\"wp-block-separator has-alpha-channel-opacity is-style-dots\"\/>\n\n\n\n<p class=\"p1\">Dans le paysage en constante \u00e9volution du marketing de marque, disposer des bons outils peut faire toute la diff\u00e9rence entre le succ\u00e8s et la stagnation\u2026 Mais comment les entreprises peuvent-elles s&#039;assurer qu&#039;elles disposent de la bonne bo\u00eete \u00e0 outils pour commercialiser efficacement leur marque dans l&#039;environnement concurrentiel d&#039;aujourd&#039;hui ? Les \u00e9tudes de march\u00e9 dans le domaine des outils de marketing de marque d\u00e9voilent des informations et des strat\u00e9gies cruciales pour les entreprises souhaitant amplifier la pr\u00e9sence et l\u2019engagement de leur marque.<\/p>\n\n\n\n<h2 class=\"wp-block-heading\">Comprendre l\u2019\u00e9tude de march\u00e9 de la bo\u00eete \u00e0 outils de marketing de marque<\/h2>\n\n\n\n<p>Brand marketing toolkit market research involves a comprehensive analysis of businesses&#8217; tools, strategies, and tactics to promote their brand effectively.&nbsp;This research explores how different tools and strategies within the toolkit complement each other and contribute to overarching brand objectives.<\/p>\n\n\n\n<p>Particularly, it identifies emerging trends, innovative technologies, and best practices in brand marketing, helping businesses stay ahead of the curve and adapt their toolkit to evolving consumer behaviors and market dynamics.<\/p>\n\n\n\n<h2 class=\"wp-block-heading\">Importance de l\u2019\u00e9tude de march\u00e9 sur la bo\u00eete \u00e0 outils de marketing de marque<\/h2>\n\n\n\n<figure class=\"gb-block-image gb-block-image-af9dc150\"><img loading=\"lazy\" decoding=\"async\" width=\"1456\" height=\"816\" class=\"gb-image gb-image-af9dc150\" src=\"https:\/\/www.sisinternational.com\/wp-content\/uploads\/2025\/09\/Branding-3.jpg\" alt=\"\u00c9tudes de march\u00e9 et strat\u00e9gie internationales SIS\" title=\"Branding (3)\" srcset=\"https:\/\/www.sisinternational.com\/wp-content\/uploads\/2025\/09\/Branding-3.jpg 1456w, https:\/\/www.sisinternational.com\/wp-content\/uploads\/2025\/09\/Branding-3-300x168.jpg 300w, https:\/\/www.sisinternational.com\/wp-content\/uploads\/2025\/09\/Branding-3-1024x574.jpg 1024w, https:\/\/www.sisinternational.com\/wp-content\/uploads\/2025\/09\/Branding-3-768x430.jpg 768w, https:\/\/www.sisinternational.com\/wp-content\/uploads\/2025\/09\/Branding-3-18x10.jpg 18w\" sizes=\"auto, (max-width: 1456px) 100vw, 1456px\"><\/figure>\n\n\n\n<p><\/p>\n\n\n\n<p>This market research provides valuable insights into consumer preferences, market trends, and competitor strategies, enabling businesses to make informed decisions about their brand marketing toolkit.&nbsp;Moreover, <a href=\"https:\/\/www.sisinternational.com\/fr\/sassurer-que-les-clients-se-souviennent-de-votre-message\/\" title=\"\u00c9tude de march\u00e9 sur l\u2019activation de marque\"  data-wpil-monitor-id=\"2275\">\u00e9tude de march\u00e9 de la bo\u00eete \u00e0 outils de marketing de marque<\/a> helps businesses identify the most cost-effective and high-impact tools and channels for reaching their target audience.&nbsp;<\/p>\n\n\n\n<p>De m\u00eame, il aide les entreprises \u00e0 identifier les tendances, les technologies et les meilleures pratiques \u00e9mergentes en mati\u00e8re de marketing de marque, leur permettant ainsi de garder une longueur d&#039;avance et de se diff\u00e9rencier de leurs concurrents. Cependant, cette \u00e9tude de march\u00e9 apporte de nombreux autres avantages aux entreprises, notamment :<\/p>\n\n\n\n<ul class=\"wp-block-list\">\n<li><strong>Prise de d\u00e9cision \u00e9clair\u00e9e\u00a0:<\/strong> <a href=\"https:\/\/www.sisinternational.com\/fr\/recherche-de-marque-sis-et-fidelisation-de-la-clientele\/\" title=\"\u00c9tude de march\u00e9 de marque et fid\u00e9lisation des clients\"  data-wpil-monitor-id=\"2512\">Brand marketing toolkit market research<\/a> provides businesses with actionable insights into consumer preferences, market trends, and competitor strategies, enabling them to make informed decisions about their brand marketing toolkit.<\/li>\n\n\n\n<li><strong>Allocation optimis\u00e9e des ressources\u00a0:<\/strong> En identifiant les outils et les canaux les plus rentables et \u00e0 fort impact pour atteindre leur public cible, les entreprises peuvent optimiser leur budget marketing et obtenir de meilleurs r\u00e9sultats avec moins d&#039;investissement.<\/li>\n\n\n\n<li><strong>Enhanced <\/strong><a href=\"https:\/\/www.sisinternational.com\/fr\/tranches-fines-en-marketing-une-revue-de-clin-doeil\/\" title=\"Thin-Slicing in Marketing\u00a0: critique du livre \u00ab\u00a0Blink\u00a0\u00bb\"  data-wpil-monitor-id=\"1631\">Brand Visibility and Engagement: Market<\/a> research helps businesses understand which tools and channels are most effective at reaching and engaging their audience, allowing them to tailor their toolkit to maximize brand exposure and interaction.<\/li>\n\n\n\n<li><strong>R\u00e9sultats mesurables\u00a0:<\/strong> Il fournit aux entreprises des donn\u00e9es et des informations pr\u00e9cieuses pour mesurer et surveiller les performances de leurs efforts de marketing de marque. En suivant des indicateurs cl\u00e9s tels que la notori\u00e9t\u00e9 de la marque, l&#039;engagement client et les taux de conversion, les entreprises peuvent \u00e9valuer l&#039;efficacit\u00e9 de leur bo\u00eete \u00e0 outils et apporter les ajustements n\u00e9cessaires pour optimiser les performances.<\/li>\n<\/ul>\n\n\n\n<h2 class=\"wp-block-heading\">Qui utilise les \u00e9tudes de march\u00e9 de la bo\u00eete \u00e0 outils de marketing de marque<\/h2>\n\n\n\n<p><strong>Marketing Professionals<\/strong> are central in leveraging <a href=\"https:\/\/www.sisinternational.com\/fr\/marche-de-la-publicite-numerique\/\" title=\"Marketing et publicit\u00e9 \u00e0 l&#039;\u00e8re num\u00e9rique\"  data-wpil-monitor-id=\"1829\">brand<\/a> marketing toolkit market research to develop and execute effective marketing strategies. By understanding consumer preferences, market trends, and competitor strategies, marketing professionals can tailor their toolkit to maximize brand visibility, engagement, and conversion.<\/p>\n\n\n\n<p>De la m\u00eame mani\u00e8re, <strong>Brand Managers<\/strong> provide brand managers with insights into the most effective tools and strategies for promoting their brand, allowing them to make informed decisions about brand messaging, creative assets, and marketing channels.<\/p>\n\n\n\n<p>En outre, <strong>Advertising Agencies<\/strong> leverage market research to deepen consumer preferences, market dynamics, and competitor strategies, enabling them to develop compelling campaigns that drive brand awareness, engagement, and loyalty. <strong>Product Managers<\/strong> also use <a href=\"https:\/\/www.sisinternational.com\/fr\/solutions\/solutions-de-branding-et-de-recherche-client\/etude-de-marche-sur-la-differenciation-des-marques\/\" title=\"\u00c9tude de march\u00e9 sur la diff\u00e9renciation des marques\"  data-wpil-monitor-id=\"2846\">\u00e9tude de march\u00e9 de la bo\u00eete \u00e0 outils de marketing de marque<\/a> to identify the most effective tools and strategies for promoting their products, enabling them to optimize product positioning, messaging, and distribution channels to maximize sales and market share.<\/p>\n\n\n\n<h2 class=\"wp-block-heading\">R\u00e9sultats attendus de l&#039;\u00e9tude de march\u00e9 de la bo\u00eete \u00e0 outils de marketing de marque de SIS<\/h2>\n\n\n\n<figure class=\"gb-block-image gb-block-image-2b862c5a\"><img loading=\"lazy\" decoding=\"async\" width=\"1456\" height=\"816\" class=\"gb-image gb-image-2b862c5a\" src=\"https:\/\/www.sisinternational.com\/wp-content\/uploads\/2025\/09\/Branding-4.jpg\" alt=\"\u00c9tudes de march\u00e9 et strat\u00e9gie internationales SIS\" title=\"Branding (4)\" srcset=\"https:\/\/www.sisinternational.com\/wp-content\/uploads\/2025\/09\/Branding-4.jpg 1456w, https:\/\/www.sisinternational.com\/wp-content\/uploads\/2025\/09\/Branding-4-300x168.jpg 300w, https:\/\/www.sisinternational.com\/wp-content\/uploads\/2025\/09\/Branding-4-1024x574.jpg 1024w, https:\/\/www.sisinternational.com\/wp-content\/uploads\/2025\/09\/Branding-4-768x430.jpg 768w, https:\/\/www.sisinternational.com\/wp-content\/uploads\/2025\/09\/Branding-4-18x10.jpg 18w\" sizes=\"auto, (max-width: 1456px) 100vw, 1456px\"><\/figure>\n\n\n\n<p><\/p>\n\n\n\n<p>Implementing a comprehensive <a href=\"https:\/\/www.sisinternational.com\/fr\/competence\/les-industries\/etude-de-marche-pour-les-marques-vieillissantes\/\" title=\"Etude de march\u00e9 pour les marques vieillissantes\"  data-wpil-monitor-id=\"3702\">\u00e9tude de march\u00e9 de la bo\u00eete \u00e0 outils de marketing de marque<\/a> can lead to a range of positive outcomes for businesses \u2013 and here are some expected results that businesses can anticipate from utilizing our brand marketing toolkit:<\/p>\n\n\n\n<ul class=\"wp-block-list\">\n<li><strong>Engagement client am\u00e9lior\u00e9\u00a0:<\/strong> Des tactiques marketing engageantes et un contenu convaincant peuvent favoriser des relations clients plus profondes, conduisant \u00e0 un engagement accru. Les campagnes interactives, les messages personnalis\u00e9s et les initiatives de cr\u00e9ation de communaut\u00e9 peuvent encourager les clients \u00e0 interagir avec la marque, \u00e0 participer \u00e0 des conversations et \u00e0 partager leurs exp\u00e9riences avec d&#039;autres, renfor\u00e7ant ainsi la fid\u00e9lit\u00e9 et la d\u00e9fense de la marque.<\/li>\n\n\n\n<li><strong>Perception am\u00e9lior\u00e9e de la marque\u00a0:<\/strong> Une bo\u00eete \u00e0 outils de marketing de marque bien ex\u00e9cut\u00e9e peut fa\u00e7onner la perception que les consommateurs ont de la marque, la positionnant comme un choix r\u00e9put\u00e9, digne de confiance et souhaitable sur le march\u00e9. Une image de marque coh\u00e9rente, une narration convaincante et des exp\u00e9riences de marque positives peuvent contribuer \u00e0 une image de marque favorable, \u00e0 une diff\u00e9renciation par rapport aux concurrents et \u00e0 une valeur per\u00e7ue accrue par les clients.<\/li>\n\n\n\n<li><strong>Une plus grande acquisition de clients\u00a0:<\/strong> Des strat\u00e9gies marketing efficaces et des campagnes cibl\u00e9es peuvent attirer de nouveaux clients vers la marque, \u00e9largissant ainsi sa client\u00e8le et g\u00e9n\u00e9rant une croissance des revenus. En identifiant et en contactant des clients potentiels via divers canaux de marketing, les entreprises peuvent g\u00e9n\u00e9rer des prospects, entretenir des relations et convertir des prospects en clients payants, augmentant ainsi leurs ventes et leur part de march\u00e9.<\/li>\n\n\n\n<li><strong>Meilleure fid\u00e9lisation des clients\u00a0:<\/strong> Building strong relationships with existing customers is essential for fostering loyalty and maximizing customer lifetime value. A comprehensive <a href=\"https:\/\/www.sisinternational.com\/fr\/marketing-de-fidelisation\/\" title=\"\u00c9tude de march\u00e9 sur la fid\u00e9lit\u00e9\"  data-wpil-monitor-id=\"2007\">\u00e9tude de march\u00e9 de la bo\u00eete \u00e0 outils de marketing de marque<\/a> can include retention strategies such as loyalty programs, personalized communication, and exceptional customer service, which can help businesses retain customers, reduce churn, and encourage repeat purchases over time.<\/li>\n<\/ul>\n\n\n\n<h2 class=\"wp-block-heading\">Opportunit\u00e9s<\/h2>\n\n\n\n<p>Engaging in <a href=\"https:\/\/www.sisinternational.com\/fr\/competence\/les-industries\/etude-de-marche-de-marque\/\" title=\"\u00c9tude de march\u00e9 de marque\"  data-wpil-monitor-id=\"6730\">brand<\/a> marketing toolkit market research presents several opportunities for businesses to enhance their marketing strategies and achieve their brand objectives:<\/p>\n\n\n\n<ul class=\"wp-block-list\">\n<li><strong>Optimisation des canaux de marketing\u00a0:<\/strong> Through market research, businesses can determine which marketing channels and tactics are most effective at reaching their target audience.&nbsp;<\/li>\n\n\n\n<li><strong>Am\u00e9liorer le positionnement du produit\u00a0:<\/strong> This market research can help businesses understand how their products are perceived in the market and identify opportunities for improvement.&nbsp;<\/li>\n\n\n\n<li><strong>Expansion sur de nouveaux march\u00e9s\u00a0:<\/strong> Market research enables businesses to assess the feasibility of expanding into new geographic regions or target demographics.&nbsp;<\/li>\n<\/ul>\n\n\n\n<h2 class=\"wp-block-heading\">D\u00e9fis<\/h2>\n\n\n\n<figure class=\"gb-block-image gb-block-image-32d273f5\"><img loading=\"lazy\" decoding=\"async\" width=\"1456\" height=\"816\" class=\"gb-image gb-image-32d273f5\" src=\"https:\/\/www.sisinternational.com\/wp-content\/uploads\/2025\/09\/Branding-5.jpg\" alt=\"\u00c9tudes de march\u00e9 et strat\u00e9gie internationales SIS\" title=\"Branding (5)\" srcset=\"https:\/\/www.sisinternational.com\/wp-content\/uploads\/2025\/09\/Branding-5.jpg 1456w, https:\/\/www.sisinternational.com\/wp-content\/uploads\/2025\/09\/Branding-5-300x168.jpg 300w, https:\/\/www.sisinternational.com\/wp-content\/uploads\/2025\/09\/Branding-5-1024x574.jpg 1024w, https:\/\/www.sisinternational.com\/wp-content\/uploads\/2025\/09\/Branding-5-768x430.jpg 768w, https:\/\/www.sisinternational.com\/wp-content\/uploads\/2025\/09\/Branding-5-18x10.jpg 18w\" sizes=\"auto, (max-width: 1456px) 100vw, 1456px\"><\/figure>\n\n\n\n<p><\/p>\n\n\n\n<p>Alors que <a href=\"https:\/\/www.sisinternational.com\/fr\/quest-ce-que-les-relations-publiques\/\" title=\"Relations publiques et \u00e9tudes de march\u00e9\"  data-wpil-monitor-id=\"7411\">\u00e9tude de march\u00e9 de la bo\u00eete \u00e0 outils de marketing de marque<\/a> offers numerous benefits, businesses may also encounter several challenges along the way, including:<\/p>\n\n\n\n<ul class=\"wp-block-list\">\n<li><strong>Surcharge de donn\u00e9es\u00a0:<\/strong> Avec des donn\u00e9es abondantes provenant de diverses sources, les entreprises peuvent avoir du mal \u00e0 passer au crible le bruit et \u00e0 extraire des informations exploitables. La gestion et l\u2019analyse de gros volumes de donn\u00e9es peuvent prendre du temps et des ressources, n\u00e9cessitant des outils analytiques avanc\u00e9s et une expertise.<\/li>\n\n\n\n<li><strong>Changer le comportement des consommateurs\u00a0:<\/strong> Le comportement des consommateurs \u00e9volue constamment, sous l&#039;effet des progr\u00e8s technologiques, des changements culturels et des changements \u00e9conomiques. Suivre le rythme de ces changements et comprendre leurs implications pour le marketing de marque peut \u00eatre un d\u00e9fi, obligeant les entreprises \u00e0 surveiller en permanence les tendances et \u00e0 adapter leurs strat\u00e9gies.<\/li>\n\n\n\n<li><strong>Int\u00e9gration et coordination\u00a0:<\/strong> Une bo\u00eete \u00e0 outils de marketing de marque r\u00e9ussie n\u00e9cessite une coordination et une int\u00e9gration entre divers d\u00e9partements et fonctions organisationnels. Assurer l\u2019alignement entre les \u00e9quipes marketing, commerciales, de d\u00e9veloppement de produits et autres peut s\u2019av\u00e9rer difficile, en particulier dans les grandes organisations dot\u00e9es de structures complexes et de priorit\u00e9s concurrentes.<\/li>\n<\/ul>\n\n\n\n<h2 class=\"wp-block-heading\">Comment l&#039;\u00e9tude de march\u00e9 de la bo\u00eete \u00e0 outils de marketing de marque de SIS International aide les entreprises<\/h2>\n\n\n\n<p>\u00c0 <a href=\"https:\/\/www.linkedin.com\/company\/sisinternationalresearch\/\" target=\"_blank\" rel=\"noopener\">SIS International<\/a>, we distinguish ourselves in brand marketing toolkit market research through our commitment to delivering actionable insights, customized solutions, and exceptional client service. Here are some key factors that set us apart:<\/p>\n\n\n\n<ul class=\"wp-block-list\">\n<li><strong>Approche strat\u00e9gique:<\/strong> We take a strategic approach to brand marketing toolkit market research, focusing on understanding our clients&#8217; business objectives, target audience, and competitive landscape.&nbsp;<\/li>\n\n\n\n<li><strong>Solutions personnalis\u00e9es\u00a0:<\/strong> Nous comprenons que chaque entreprise est unique et qu\u2019il faut plus que des solutions universelles. C&#039;est pourquoi nous adaptons nos m\u00e9thodologies, outils et livrables de recherche pour r\u00e9pondre aux besoins et objectifs sp\u00e9cifiques de chaque client.<\/li>\n\n\n\n<li><strong>Expertise et exp\u00e9rience\u00a0:<\/strong> Forte de plusieurs d\u00e9cennies d\u2019exp\u00e9rience dans les \u00e9tudes de march\u00e9 et le conseil en strat\u00e9gie, notre \u00e9quipe d\u2019experts apporte une richesse de connaissances et d\u2019expertise \u00e0 chaque projet. Des v\u00e9t\u00e9rans de l\u2019industrie aux sp\u00e9cialistes en la mati\u00e8re, les membres de notre \u00e9quipe poss\u00e8dent les comp\u00e9tences et les connaissances n\u00e9cessaires pour relever les d\u00e9fis de recherche les plus complexes et produire des r\u00e9sultats percutants.<\/li>\n\n\n\n<li><strong>Port\u00e9e mondiale:<\/strong> With a global network of offices and partners spanning six continents, we have the reach and capabilities to conduct <a href=\"https:\/\/www.sisinternational.com\/fr\/competence\/etude-de-marche-sur-les-produits-chimiques-en-vrac\/\" title=\"\u00c9tude de march\u00e9 sur les produits chimiques en vrac\" data-wpil-monitor-id=\"2132\">research in markets<\/a> worldwide.&nbsp;<\/li>\n\n\n\n<li><strong>Analyses avanc\u00e9es\u00a0:<\/strong> Nous exploitons des outils et m\u00e9thodologies d\u2019analyse avanc\u00e9s pour extraire des informations significatives \u00e0 partir d\u2019ensembles de donn\u00e9es complexes. De la mod\u00e9lisation pr\u00e9dictive et de l&#039;analyse de segmentation \u00e0 l&#039;analyse des sentiments et \u00e0 la visualisation des donn\u00e9es, nous utilisons des techniques de pointe pour d\u00e9couvrir des mod\u00e8les, des tendances et des corr\u00e9lations cach\u00e9s qui guident la prise de d\u00e9cision strat\u00e9gique.<\/li>\n<\/ul>\n\n\n\n<h2 class=\"wp-block-heading\">Notre emplacement \u00e0 New York<\/h2>\n\n\n\n<p>\n\n\n\n<iframe loading=\"lazy\" src=\"https:\/\/www.google.com\/maps\/embed?pb=!1m18!1m12!1m3!1d3022.976188376966!2d-73.99130312499956!3d40.740549471389315!2m3!1f0!2f0!3f0!3m2!1i1024!2i768!4f13.1!3m3!1m2!1s0x89c259a15798c731%3A0xd695d09bdd495f25!2s11%20E%2022nd%20St%20FL%202%2C%20New%20York%2C%20NY%2010010%2C%20USA!5e0!3m2!1sen!2spe!4v1726171763526!5m2!1sen!2spe\" width=\"600\" height=\"450\" allowfullscreen=\"allowfullscreen\" data-mce-fragment=\"1\"><\/iframe>\n\n\n\n<\/p>\n\n\n\n<h3 class=\"wp-block-heading\">11 E 22nd Street, \u00e9tage 2, New York, NY 10010 T\u00e9l. : +1(212) 505-6805<\/h3>\n\n\n\n<hr class=\"wp-block-separator has-alpha-channel-opacity\"\/>\n\n\n\n<h2 class=\"wp-block-heading\"><span style=\"font-weight: 400;\">\u00c0 propos de SIS International<\/span><\/h2>\n\n\n\n<p><a href=\"https:\/\/www.sisinternational.com\/fr\/\"><span style=\"font-weight: 400;\">SIS International<\/span><\/a><span style=\"font-weight: 400;\"> propose des recherches quantitatives, qualitatives et strat\u00e9giques. Nous fournissons des donn\u00e9es, des outils, des strat\u00e9gies, des rapports et des informations pour la prise de d\u00e9cision. Nous menons \u00e9galement des entretiens, des enqu\u00eates, des groupes de discussion et d\u2019autres m\u00e9thodes et approches d\u2019\u00e9tudes de march\u00e9.<\/span><a href=\"https:\/\/www.sisinternational.com\/fr\/a-propos-de-la-recherche-internationale-sis\/contact-sis-international-market-research\/\"><span style=\"font-weight: 400;\"> Contactez nous<\/span><\/a><span style=\"font-weight: 400;\"> pour votre prochain projet d&#039;\u00e9tude de march\u00e9.<\/span><\/p>\n\n\n\n<p><\/p>","protected":false},"excerpt":{"rendered":"<p>L'\u00e9tude de march\u00e9 de la bo\u00eete \u00e0 outils du marketing de marque implique l'analyse des outils, des strat\u00e9gies et des tactiques pour promouvoir la marque de mani\u00e8re efficace.<\/p>","protected":false},"author":1,"featured_media":69130,"parent":14457,"menu_order":30,"comment_status":"closed","ping_status":"closed","template":"","meta":{"_uag_custom_page_level_css":"","footnotes":""},"class_list":["post-46852","page","type-page","status-publish","has-post-thumbnail"],"uagb_featured_image_src":{"full":["https:\/\/www.sisinternational.com\/wp-content\/uploads\/2025\/09\/Branding-1.jpg",1456,816,false],"thumbnail":["https:\/\/www.sisinternational.com\/wp-content\/uploads\/2025\/09\/Branding-1-150x150.jpg",150,150,true],"medium":["https:\/\/www.sisinternational.com\/wp-content\/uploads\/2025\/09\/Branding-1-300x168.jpg",300,168,true],"medium_large":["https:\/\/www.sisinternational.com\/wp-content\/uploads\/2025\/09\/Branding-1-768x430.jpg",768,430,true],"large":["https:\/\/www.sisinternational.com\/wp-content\/uploads\/2025\/09\/Branding-1-1024x574.jpg",1024,574,true],"1536x1536":["https:\/\/www.sisinternational.com\/wp-content\/uploads\/2025\/09\/Branding-1.jpg",1456,816,false],"2048x2048":["https:\/\/www.sisinternational.com\/wp-content\/uploads\/2025\/09\/Branding-1.jpg",1456,816,false],"trp-custom-language-flag":["https:\/\/www.sisinternational.com\/wp-content\/uploads\/2025\/09\/Branding-1-18x10.jpg",18,10,true]},"uagb_author_info":{"display_name":"Ruth Stanat","author_link":"https:\/\/www.sisinternational.com\/fr\/author\/expert\/"},"uagb_comment_info":0,"uagb_excerpt":"Brand marketing toolkit market research involves analyzing tools, strategies, and tactics to promote the brand effectively.","_links":{"self":[{"href":"https:\/\/www.sisinternational.com\/fr\/wp-json\/wp\/v2\/pages\/46852","targetHints":{"allow":["GET"]}}],"collection":[{"href":"https:\/\/www.sisinternational.com\/fr\/wp-json\/wp\/v2\/pages"}],"about":[{"href":"https:\/\/www.sisinternational.com\/fr\/wp-json\/wp\/v2\/types\/page"}],"author":[{"embeddable":true,"href":"https:\/\/www.sisinternational.com\/fr\/wp-json\/wp\/v2\/users\/1"}],"replies":[{"embeddable":true,"href":"https:\/\/www.sisinternational.com\/fr\/wp-json\/wp\/v2\/comments?post=46852"}],"version-history":[{"count":23,"href":"https:\/\/www.sisinternational.com\/fr\/wp-json\/wp\/v2\/pages\/46852\/revisions"}],"predecessor-version":[{"id":81054,"href":"https:\/\/www.sisinternational.com\/fr\/wp-json\/wp\/v2\/pages\/46852\/revisions\/81054"}],"up":[{"embeddable":true,"href":"https:\/\/www.sisinternational.com\/fr\/wp-json\/wp\/v2\/pages\/14457"}],"wp:featuredmedia":[{"embeddable":true,"href":"https:\/\/www.sisinternational.com\/fr\/wp-json\/wp\/v2\/media\/69130"}],"wp:attachment":[{"href":"https:\/\/www.sisinternational.com\/fr\/wp-json\/wp\/v2\/media?parent=46852"}],"curies":[{"name":"wp","href":"https:\/\/api.w.org\/{rel}","templated":true}]}}