{"id":46834,"date":"2024-03-14T16:54:14","date_gmt":"2024-03-14T20:54:14","guid":{"rendered":"https:\/\/www.sisinternational.com\/?page_id=46834"},"modified":"2026-01-26T18:00:00","modified_gmt":"2026-01-26T23:00:00","slug":"etude-de-marche-sur-la-transformation-des-entreprises","status":"publish","type":"page","link":"https:\/\/www.sisinternational.com\/fr\/solutions\/etude-de-marche-sur-la-transformation-des-entreprises\/","title":{"rendered":"\u00c9tude de march\u00e9 sur la transformation des entreprises"},"content":{"rendered":"<h1 class=\"wp-block-heading p1\">\u00c9tude de march\u00e9 sur la transformation des entreprises<\/h1>\n\n\n\n<figure class=\"gb-block-image gb-block-image-3771b415\"><img loading=\"lazy\" decoding=\"async\" width=\"1024\" height=\"574\" class=\"gb-image gb-image-3771b415\" src=\"https:\/\/www.sisinternational.com\/wp-content\/uploads\/2025\/08\/Global-1-2-1024x574.jpg\" alt=\"\u00c9tudes de march\u00e9 et strat\u00e9gie internationales SIS\" title=\"Global 1 (2)\" srcset=\"https:\/\/www.sisinternational.com\/wp-content\/uploads\/2025\/08\/Global-1-2-1024x574.jpg 1024w, https:\/\/www.sisinternational.com\/wp-content\/uploads\/2025\/08\/Global-1-2-300x168.jpg 300w, https:\/\/www.sisinternational.com\/wp-content\/uploads\/2025\/08\/Global-1-2-768x430.jpg 768w, https:\/\/www.sisinternational.com\/wp-content\/uploads\/2025\/08\/Global-1-2-18x10.jpg 18w, https:\/\/www.sisinternational.com\/wp-content\/uploads\/2025\/08\/Global-1-2.jpg 1456w\" sizes=\"auto, (max-width: 1024px) 100vw, 1024px\"><\/figure>\n\n\n\n<p><\/p>\n\n\n\n<hr class=\"wp-block-separator has-alpha-channel-opacity is-style-dots\"\/>\n\n\n\n<p>Dans un paysage commercial en \u00e9volution rapide, l\u2019adaptation est une condition cruciale pour la survie \u2013 et les \u00e9tudes de march\u00e9 sur la transformation des entreprises aident les entreprises \u00e0 prosp\u00e9rer au milieu du changement\u2026 Alors, comment les organisations peuvent-elles exploiter la puissance des donn\u00e9es et des informations pour conduire des transformations r\u00e9ussies et \u00e9merger en tant que leaders du secteur ? Le voyage commence par la compr\u00e9hension de l\u2019essence de l\u2019\u00e9tude de march\u00e9 sur la transformation des entreprises.<\/p>\n\n\n\n<h2 class=\"wp-block-heading\">Qu\u2019est-ce que l\u2019\u00e9tude de march\u00e9 sur la transformation des entreprises ?<\/h2>\n\n\n\n<p>Business transformation market research systematically examines market dynamics, industry trends, and organizational capabilities to drive strategic change initiatives. It involves gathering comprehensive data and insights to inform decision-making processes to reshape business models, processes, and strategies. This <a href=\"https:\/\/www.sisinternational.com\/fr\/competence\/etude-de-marche-sur-les-produits-chimiques-en-vrac\/\" title=\"\u00c9tude de march\u00e9 sur les produits chimiques en vrac\"  data-wpil-monitor-id=\"2133\">research goes beyond traditional market<\/a> analysis, focusing on the holistic transformation of an organization to adapt to changing market conditions, technological advancements, and customer expectations.<\/p>\n\n\n\n<h2 class=\"wp-block-heading\">Importance de l\u2019\u00e9tude de march\u00e9 sur la transformation des entreprises<\/h2>\n\n\n\n<p><a href=\"https:\/\/www.sisinternational.com\/fr\/saint-valentin-comment-votre-entreprise-peut-ressentir-lamour\/\" title=\"\u00c9tude de march\u00e9 pour la Saint-Valentin\u00a0: comment votre entreprise peut ressentir l&#039;amour\"  data-wpil-monitor-id=\"3574\">Business transformation market research<\/a> enables organizations to anticipate market shifts, technological advancements, and emerging trends, empowering them to adapt proactively and stay ahead of the curve. <\/p>\n\n\n\n<p>De plus, cette \u00e9tude de march\u00e9 aide les organisations \u00e0 identifier d\u00e8s le d\u00e9but les risques et les d\u00e9fis potentiels, leur permettant ainsi d\u2019\u00e9laborer des plans d\u2019urgence et d\u2019att\u00e9nuer les pi\u00e8ges potentiels. De m\u00eame, les \u00e9tudes de march\u00e9 constituent la base de l\u2019innovation, permettant aux organisations de cr\u00e9er des propositions de valeur uniques et de conserver un avantage concurrentiel sur le march\u00e9.<\/p>\n\n\n\n<p>Cependant, il pr\u00e9sente de nombreux autres avantages pour les entreprises, notamment :<\/p>\n\n\n\n<ul class=\"wp-block-list\">\n<li><strong>Prise de d\u00e9cision \u00e9clair\u00e9e\u00a0:<\/strong> <a href=\"https:\/\/www.sisinternational.com\/fr\/resilience-des-entreprises-coronavirus\/\" title=\"\u00c9tude de march\u00e9 sur la r\u00e9silience des entreprises dans le Covid\"  data-wpil-monitor-id=\"3624\">Business transformation market research<\/a> provides organizations with valuable insights into market trends, customer preferences, and competitive landscapes.<\/li>\n\n\n\n<li><strong>Enhanced <\/strong><a href=\"https:\/\/www.sisinternational.com\/fr\/solutions\/innovation\/etude-de-marche-agile\/\" title=\"\u00c9tude de march\u00e9 agile\"  data-wpil-monitor-id=\"6135\">Agility and Adaptability: Through continuous market research<\/a>, organizations can stay agile and adaptable in response to changing market conditions and emerging opportunities.<\/li>\n\n\n\n<li><strong>Allocation optimis\u00e9e des ressources\u00a0:<\/strong> Une transformation efficace de l\u2019entreprise n\u00e9cessite une allocation strat\u00e9gique des ressources, notamment du capital financier, du capital humain et de l\u2019infrastructure technologique.<\/li>\n\n\n\n<li><strong>Exp\u00e9rience client am\u00e9lior\u00e9e\u00a0:<\/strong> Cette \u00e9tude de march\u00e9 permet aux organisations de comprendre les besoins, les pr\u00e9f\u00e9rences et les probl\u00e8mes des clients.<\/li>\n\n\n\n<li><strong><a class=\"wpil_keyword_link\" href=\"https:\/\/www.sisinternational.com\/fr\/developper-un-avantage-concurrentiel-durable\/\"   title=\"D\u00e9velopper un avantage concurrentiel durable\" data-wpil-keyword-link=\"linked\"  data-wpil-monitor-id=\"590\">Sustainable Competitive Advantage<\/a>:<\/strong> Les initiatives de transformation commerciale aliment\u00e9es par la connaissance du march\u00e9 permettent aux entreprises de se diff\u00e9rencier de leurs concurrents, d&#039;innover plus efficacement et de conqu\u00e9rir des parts de march\u00e9.<\/li>\n<\/ul>\n\n\n\n<h2 class=\"wp-block-heading\">Qui utilise les \u00e9tudes de march\u00e9 sur la transformation des entreprises<\/h2>\n\n\n\n<figure class=\"gb-block-image gb-block-image-9680f9da\"><img loading=\"lazy\" decoding=\"async\" width=\"1456\" height=\"816\" class=\"gb-image gb-image-9680f9da\" src=\"https:\/\/www.sisinternational.com\/wp-content\/uploads\/2025\/08\/Global-7.jpg\" alt=\"\u00c9tudes de march\u00e9 et strat\u00e9gie internationales SIS\" title=\"Global (7)\" srcset=\"https:\/\/www.sisinternational.com\/wp-content\/uploads\/2025\/08\/Global-7.jpg 1456w, https:\/\/www.sisinternational.com\/wp-content\/uploads\/2025\/08\/Global-7-300x168.jpg 300w, https:\/\/www.sisinternational.com\/wp-content\/uploads\/2025\/08\/Global-7-1024x574.jpg 1024w, https:\/\/www.sisinternational.com\/wp-content\/uploads\/2025\/08\/Global-7-768x430.jpg 768w, https:\/\/www.sisinternational.com\/wp-content\/uploads\/2025\/08\/Global-7-18x10.jpg 18w\" sizes=\"auto, (max-width: 1456px) 100vw, 1456px\"><\/figure>\n\n\n\n<p><\/p>\n\n\n\n<p>Les hauts dirigeants et les dirigeants s&#039;appuient sur les \u00e9tudes de march\u00e9 pour d\u00e9finir l&#039;orientation strat\u00e9gique, d\u00e9finir les objectifs commerciaux et prioriser les initiatives de transformation. Les dirigeants peuvent prendre des d\u00e9cisions \u00e9clair\u00e9es qui stimulent la croissance et la comp\u00e9titivit\u00e9 de l&#039;organisation en comprenant les tendances du march\u00e9, la dynamique concurrentielle et les besoins des clients.<\/p>\n\n\n\n<p>De plus, les analystes commerciaux et les strat\u00e8ges exploitent les \u00e9tudes de march\u00e9 sur la transformation des entreprises pour identifier les opportunit\u00e9s de croissance, d&#039;innovation et d&#039;am\u00e9lioration op\u00e9rationnelle, fournissant ainsi des informations pr\u00e9cieuses pour \u00e9clairer la planification strat\u00e9gique et les processus de prise de d\u00e9cision.<\/p>\n\n\n\n<p>Les \u00e9quipes de marketing et de d\u00e9veloppement de produits utilisent \u00e9galement ces \u00e9tudes de march\u00e9 pour identifier les besoins, les pr\u00e9f\u00e9rences et les points faibles des clients. En comprenant les tendances du march\u00e9 et le comportement des consommateurs, ces \u00e9quipes peuvent d\u00e9velopper et lancer des produits et services qui trouvent un \u00e9cho aupr\u00e8s des publics cibles, stimulant ainsi la croissance des revenus et l&#039;expansion des parts de march\u00e9.<\/p>\n\n\n\n<p>Similarly, Human Resources and Organizational Development Teams utilize <a href=\"https:\/\/www.sisinternational.com\/fr\/competence\/les-industries\/etude-de-marche-sur-les-ressources-naturelles\/\" title=\"\u00c9tude de march\u00e9 sur les ressources naturelles\"  data-wpil-monitor-id=\"4740\">\u00e9tude de march\u00e9 sur la transformation des entreprises<\/a> to drive cultural change, talent development, and employee engagement initiatives.<\/p>\n\n\n\n<h2 class=\"wp-block-heading\">Quand r\u00e9aliser une \u00e9tude de march\u00e9 sur la transformation d\u2019entreprise<\/h2>\n\n\n\n<p>D\u00e9terminer le moment optimal pour mener cette recherche est crucial pour maximiser son efficacit\u00e9 et son impact \u2013 et voici plusieurs facteurs \u00e0 prendre en compte\u00a0:<\/p>\n\n\n\n<ul class=\"wp-block-list\">\n<li><strong>\u00c9v\u00e9nements d\u00e9clencheurs\u00a0:<\/strong> Les \u00e9v\u00e9nements d\u00e9clencheurs tels que les fusions, les acquisitions, les changements de direction ou les changements dans la r\u00e9glementation du secteur peuvent n\u00e9cessiter une \u00e9tude de march\u00e9. Ces \u00e9v\u00e9nements peuvent pr\u00e9senter des opportunit\u00e9s de r\u00e9alignement organisationnel, d\u2019innovation ou de croissance, rendant imp\u00e9ratifs la conduite de recherches et l\u2019information de la prise de d\u00e9cision strat\u00e9gique.<\/li>\n\n\n\n<li><strong>Perturbations du march\u00e9\u00a0:<\/strong> Rapid market conditions, technological advancements, or competitive landscapes may necessitate market research. Organizations should monitor <a href=\"https:\/\/www.sisinternational.com\/fr\/solutions\/etude-de-marche-b2b2c\/\" title=\"\u00c9tudes de march\u00e9 B2B2C\"  data-wpil-monitor-id=\"2147\">market disruptions closely and conduct research<\/a> to assess the potential impact on their business models, processes, and strategies.<\/li>\n\n\n\n<li><strong>\u00c9valuations des performances\u00a0:<\/strong> Conducting business transformation market research as part of regular performance reviews enables organizations to evaluate the effectiveness of existing <a href=\"https:\/\/www.sisinternational.com\/fr\/comment-developper-votre-entreprise\/\" title=\"Comment d\u00e9velopper votre entreprise\"  data-wpil-monitor-id=\"1960\">strategies<\/a> and identify areas for improvement. By analyzing market trends, competitive dynamics, and customer feedback, organizations can identify opportunities to enhance performance and drive continuous improvement.<\/li>\n<\/ul>\n\n\n\n<h2 class=\"wp-block-heading\">R\u00e9sultats attendus de notre \u00e9tude de march\u00e9<\/h2>\n\n\n\n<p>Se lancer dans une \u00e9tude de march\u00e9 sur la transformation de l&#039;entreprise apporte des r\u00e9sultats positifs aux organisations qui cherchent \u00e0 conduire le changement strat\u00e9gique et l&#039;innovation. Voici quelques r\u00e9sultats attendus :<\/p>\n\n\n\n<ul class=\"wp-block-list\">\n<li><strong>Identification des opportunit\u00e9s de croissance\u00a0:<\/strong> Les \u00e9tudes de march\u00e9 sur la transformation commerciale permettent aux organisations d\u2019identifier de nouvelles opportunit\u00e9s de march\u00e9, les tendances \u00e9mergentes et les segments de client\u00e8le inexploit\u00e9s.<\/li>\n\n\n\n<li><strong>Efficacit\u00e9 op\u00e9rationnelle am\u00e9lior\u00e9e\u00a0:<\/strong> Gr\u00e2ce aux \u00e9tudes de march\u00e9, les organisations peuvent identifier les inefficacit\u00e9s, les goulots d\u2019\u00e9tranglement et les domaines \u00e0 am\u00e9liorer au sein de leurs op\u00e9rations. Les organisations peuvent am\u00e9liorer leur efficacit\u00e9 op\u00e9rationnelle, r\u00e9duire leurs co\u00fbts et am\u00e9liorer leurs performances globales en optimisant les processus, en rationalisant les flux de travail et en tirant parti des solutions technologiques.<\/li>\n\n\n\n<li><strong>Avantage concurrentiel renforc\u00e9\u00a0:<\/strong> En tirant parti des enseignements de cette \u00e9tude de march\u00e9, les organisations peuvent se diff\u00e9rencier de leurs concurrents et am\u00e9liorer leur avantage concurrentiel. Cela peut impliquer de d\u00e9velopper des propositions de valeur uniques, d&#039;am\u00e9liorer l&#039;exp\u00e9rience client ou de tirer parti de la technologie pour bouleverser les mod\u00e8les commerciaux traditionnels.<\/li>\n<\/ul>\n\n\n\n<h2 class=\"wp-block-heading\">Technologies et outils d\u2019\u00e9tude de march\u00e9 sur la transformation des entreprises<\/h2>\n\n\n\n<p>Dans les \u00e9tudes de march\u00e9 sur la transformation des entreprises, il est essentiel de tirer parti des technologies et des outils avanc\u00e9s pour extraire des informations exploitables et prendre des d\u00e9cisions \u00e9clair\u00e9es. Voici quelques technologies et outils cl\u00e9s que nous aidons les entreprises \u00e0 mettre en \u0153uvre\u00a0:<\/p>\n\n\n\n<ul class=\"wp-block-list\">\n<li><strong>Plateformes d&#039;analyse de Big Data\u00a0:<\/strong> Les plateformes d&#039;analyse de Big Data comme Amazon Web Services (AWS) permettent aux organisations de traiter et d&#039;analyser de grandes quantit\u00e9s de donn\u00e9es provenant de diverses sources.<\/li>\n\n\n\n<li><strong>Outils de Business Intelligence (BI)\u00a0:<\/strong> Les outils de business intelligence tels que Tableau et Microsoft Power BI permettent aux organisations de visualiser et d&#039;explorer les donn\u00e9es, transformant ainsi les donn\u00e9es brutes en informations exploitables. Ces outils fournissent des tableaux de bord interactifs, des rapports et des capacit\u00e9s de visualisation de donn\u00e9es, permettant aux utilisateurs d&#039;obtenir des informations plus approfondies sur les tendances du march\u00e9, le comportement des clients et le paysage concurrentiel.<\/li>\n\n\n\n<li><strong>Syst\u00e8mes de gestion de la relation client (CRM)\u00a0:<\/strong> CRM systems such as Salesforce, Microsoft Dynamics 365, and HubSpot offer organizations a centralized platform for managing customer interactions and relationships. These systems provide valuable insights into customer preferences, purchasing behavior, and engagement patterns, enabling organizations to effectively tailor their <a href=\"https:\/\/www.sisinternational.com\/fr\/analysis-b2b\/\" title=\"What Business Leaders Need to Know Right Now\"  data-wpil-monitor-id=\"838\">business transformation strategies to meet customer needs<\/a>.<\/li>\n\n\n\n<li><strong>March\u00e9 <a href=\"https:\/\/www.sisinternational.com\/fr\/competence\/recherche-personnalisee-principale-2\/\" title=\"\u00c9tude de march\u00e9 primaire\"  data-wpil-monitor-id=\"6713\">Recherche<\/a> Tools:<\/strong> Les outils d&#039;\u00e9tudes de march\u00e9 tels que Qualtrics facilitent la collecte et l&#039;analyse des donn\u00e9es primaires des \u00e9tudes de march\u00e9. Ces outils permettent aux organisations de recueillir les commentaires des clients, de mener des enqu\u00eates et des entretiens et de recueillir des informations sur les tendances, les pr\u00e9f\u00e9rences et les perceptions du march\u00e9.<\/li>\n<\/ul>\n\n\n\n<h2 class=\"wp-block-heading\">Comment l&#039;\u00e9tude de march\u00e9 sur la transformation commerciale de SIS International aide les entreprises<\/h2>\n\n\n\n<figure class=\"gb-block-image gb-block-image-2b2fc145\"><img loading=\"lazy\" decoding=\"async\" width=\"1456\" height=\"816\" class=\"gb-image gb-image-2b2fc145\" src=\"https:\/\/www.sisinternational.com\/wp-content\/uploads\/2025\/08\/Global-5.jpg\" alt=\"\u00c9tudes de march\u00e9 et strat\u00e9gie internationales SIS\" title=\"Global (5)\" srcset=\"https:\/\/www.sisinternational.com\/wp-content\/uploads\/2025\/08\/Global-5.jpg 1456w, https:\/\/www.sisinternational.com\/wp-content\/uploads\/2025\/08\/Global-5-300x168.jpg 300w, https:\/\/www.sisinternational.com\/wp-content\/uploads\/2025\/08\/Global-5-1024x574.jpg 1024w, https:\/\/www.sisinternational.com\/wp-content\/uploads\/2025\/08\/Global-5-768x430.jpg 768w, https:\/\/www.sisinternational.com\/wp-content\/uploads\/2025\/08\/Global-5-18x10.jpg 18w\" sizes=\"auto, (max-width: 1456px) 100vw, 1456px\"><\/figure>\n\n\n\n<p><\/p>\n\n\n\n<p>The SIS approach to business transformation <a href=\"https:\/\/www.sisinternational.com\/fr\/competence\/les-industries\/etude-de-marche-sur-le-cablage-structure\/\" title=\"\u00c9tude de march\u00e9 sur le c\u00e2blage structur\u00e9\"  data-wpil-monitor-id=\"5746\">market research emphasizes a comprehensive and structured<\/a> methodology for driving successful transformation initiatives. Here&#8217;s how each component of the SIS contributes to effective market research:<\/p>\n\n\n\n<ul class=\"wp-block-list\">\n<li><strong>Strat\u00e9gique:<\/strong> L\u2019aspect strat\u00e9gique de l\u2019approche SIS consiste \u00e0 aligner les efforts d\u2019\u00e9tudes de march\u00e9 sur les buts et objectifs commerciaux globaux. Nous aidons les organisations \u00e0 d\u00e9finir les priorit\u00e9s strat\u00e9giques de leurs initiatives de transformation, en veillant \u00e0 ce que les efforts de recherche r\u00e9pondent aux principaux d\u00e9fis, opportunit\u00e9s et dynamiques du march\u00e9.<\/li>\n\n\n\n<li><strong>Perspicace\u00a0:<\/strong> La composante perspicace de l\u2019approche SIS souligne l\u2019importance d\u2019extraire des informations exploitables \u00e0 partir des donn\u00e9es d\u2019\u00e9tudes de march\u00e9. En tirant parti de techniques d&#039;analyse avanc\u00e9es, les organisations peuvent d\u00e9couvrir des mod\u00e8les, des tendances et des corr\u00e9lations significatives au sein de leurs ensembles de donn\u00e9es, ce qui leur permet de prendre des d\u00e9cisions \u00e9clair\u00e9es et de mener des initiatives de transformation strat\u00e9gique.<\/li>\n\n\n\n<li><strong>Syst\u00e9matique:<\/strong> L&#039;approche syst\u00e9matique de la m\u00e9thodologie SIS implique la mise en \u0153uvre de processus et de flux de travail structur\u00e9s pour mener des \u00e9tudes de march\u00e9. Nos experts aident les organisations \u00e0 \u00e9tablir des r\u00f4les, des responsabilit\u00e9s et des calendriers clairs pour les activit\u00e9s de recherche, garantissant ainsi que la collecte, l&#039;analyse et la mise en \u0153uvre des donn\u00e9es sont effectu\u00e9es de mani\u00e8re syst\u00e9matique et efficace.<\/li>\n<\/ul>\n\n\n\n<h2 class=\"wp-block-heading\">Opportunit\u00e9s<\/h2>\n\n\n\n<p>Les \u00e9tudes de march\u00e9 sur la transformation des entreprises offrent aux organisations de nombreuses opportunit\u00e9s de stimuler le changement strat\u00e9gique, l\u2019innovation et la croissance. Voici quelques opportunit\u00e9s cl\u00e9s\u00a0:<\/p>\n\n\n\n<ul class=\"wp-block-list\">\n<li><strong>Identification des tendances du march\u00e9\u00a0:<\/strong> Il permet aux organisations d&#039;identifier les tendances \u00e9mergentes du march\u00e9, les avanc\u00e9es technologiques et les pr\u00e9f\u00e9rences des clients.<\/li>\n\n\n\n<li><strong>Optimisation des processus m\u00e9tiers\u00a0:<\/strong> Gr\u00e2ce aux \u00e9tudes de march\u00e9, les organisations peuvent obtenir des informations sur les inefficacit\u00e9s, les goulots d&#039;\u00e9tranglement et les domaines \u00e0 am\u00e9liorer au sein de leurs processus m\u00e9tier.<\/li>\n\n\n\n<li><strong>Innovation et diff\u00e9renciation\u00a0:<\/strong> Les \u00e9tudes de march\u00e9 facilitent l&#039;innovation et la diff\u00e9renciation en donnant aux organisations une compr\u00e9hension plus approfondie des lacunes du march\u00e9, des besoins non satisfaits et des tendances \u00e9mergentes.<\/li>\n<\/ul>\n\n\n\n<h2 class=\"wp-block-heading\">D\u00e9fis<\/h2>\n\n\n\n<figure class=\"gb-block-image gb-block-image-9e2257b9\"><img decoding=\"async\" class=\"gb-image gb-image-9e2257b9\" src=\"https:\/\/www.sisinternational.com\/wp-content\/uploads\/2025\/07\/AI-and-global-research-41.jpg\" alt=\"\u00c9tudes de march\u00e9 et strat\u00e9gie internationales SIS\" title=\"AI and global research (41)\"><\/figure>\n\n\n\n<p><\/p>\n\n\n\n<p>Malgr\u00e9 les nombreuses opportunit\u00e9s de cette \u00e9tude de march\u00e9, les organisations peuvent rencontrer plusieurs d\u00e9fis dans sa mise en \u0153uvre et son ex\u00e9cution. Voici quelques d\u00e9fis cl\u00e9s :<\/p>\n\n\n\n<ul class=\"wp-block-list\">\n<li><strong>Complexit\u00e9 et qualit\u00e9 des donn\u00e9es\u00a0:<\/strong> La gestion et l\u2019analyse de gros volumes de donn\u00e9es provenant de sources disparates peuvent s\u2019av\u00e9rer difficiles. La qualit\u00e9, l\u2019exactitude et l\u2019int\u00e9grit\u00e9 des donn\u00e9es sont essentielles pour obtenir des informations significatives sur les \u00e9tudes de march\u00e9. Les organisations peuvent avoir besoin d\u2019aide pour les processus de gouvernance, d\u2019int\u00e9gration et de nettoyage des donn\u00e9es, ce qui entra\u00eene des inexactitudes et des biais potentiels dans l\u2019analyse.<\/li>\n\n\n\n<li><strong>Contraintes de ressources:<\/strong> R\u00e9aliser une \u00e9tude de march\u00e9 compl\u00e8te n\u00e9cessite des investissements importants en temps, en argent et en ressources humaines. Les petites et moyennes organisations, en particulier, peuvent avoir besoin de plus de ressources et d&#039;expertise pour mener \u00e0 bien des initiatives d&#039;\u00e9tudes de march\u00e9 solides. Des budgets, un personnel et une infrastructure technologique limit\u00e9s peuvent nuire \u00e0 l\u2019efficacit\u00e9 des efforts d\u2019\u00e9tudes de march\u00e9.<\/li>\n\n\n\n<li><strong>Vitesse du changement\u00a0:<\/strong> The pace of change in today&#8217;s business environment is rapid and relentless. Market dynamics, consumer preferences, and competitive landscapes evolve quickly, making it challenging for organizations to keep pace. <a href=\"https:\/\/www.sisinternational.com\/fr\/leffet-des-cultures-de-marche-nigerianes-sur-les-affaires\/\" title=\"Le march\u00e9 nig\u00e9rian\u00a0: l&#039;effet de la culture sur les affaires\"  data-wpil-monitor-id=\"4368\">\u00c9tude de march\u00e9 sur la transformation des entreprises<\/a> must be conducted in real-time or near-real-time to effectively capture and respond to shifting market trends.<\/li>\n\n\n\n<li><strong>R\u00e9sistance au changement:<\/strong> La r\u00e9sistance organisationnelle au changement peut constituer un obstacle important \u00e0 l\u2019efficacit\u00e9 des \u00e9tudes de march\u00e9 et des initiatives de transformation de l\u2019entreprise. Les employ\u00e9s peuvent \u00eatre r\u00e9ticents \u00e0 adopter de nouvelles technologies, processus ou m\u00e9thodes de travail, craignant l&#039;ins\u00e9curit\u00e9 de l&#039;emploi ou la perturbation des routines \u00e9tablies. Vaincre la r\u00e9sistance au changement n\u00e9cessite des strat\u00e9gies efficaces de gestion du changement et un engagement fort des dirigeants.<\/li>\n\n\n\n<li><strong>Probl\u00e8mes de confidentialit\u00e9 et de s\u00e9curit\u00e9 des donn\u00e9es\u00a0:<\/strong> La collecte et l&#039;analyse des donn\u00e9es des clients soul\u00e8vent des probl\u00e8mes de confidentialit\u00e9 et de s\u00e9curit\u00e9, en particulier \u00e0 la lumi\u00e8re d&#039;exigences r\u00e9glementaires strictes telles que le RGPD et le CCPA. Les organisations doivent garantir le respect des r\u00e9glementations en mati\u00e8re de protection des donn\u00e9es et mettre en \u0153uvre des mesures de s\u00e9curit\u00e9 robustes pour prot\u00e9ger les informations des clients et maintenir la confiance.<\/li>\n<\/ul>\n\n\n<h2>Notre emplacement \u00e0 New York<\/h2>\n<p><!-- \/wp:post-content --> <!-- wp:html --> <iframe loading=\"lazy\" src=\"https:\/\/www.google.com\/maps\/embed?pb=!1m18!1m12!1m3!1d3022.976188376966!2d-73.99130312499956!3d40.740549471389315!2m3!1f0!2f0!3f0!3m2!1i1024!2i768!4f13.1!3m3!1m2!1s0x89c259a15798c731%3A0xd695d09bdd495f25!2s11%20E%2022nd%20St%20FL%202%2C%20New%20York%2C%20NY%2010010%2C%20USA!5e0!3m2!1sen!2spe!4v1726171763526!5m2!1sen!2spe\" width=\"600\" height=\"450\" allowfullscreen=\"allowfullscreen\" data-mce-fragment=\"1\"><\/iframe> <!-- \/wp:html --> <!-- wp:paragraph --><\/p>\n<h3 class=\"wp-block-heading\">11 E 22nd Street, \u00e9tage 2, New York, NY 10010 T\u00e9l. : +1(212) 505-6805<\/h3>\n<hr \/>\n<h2><span style=\"font-weight: 400;\">\u00c0 propos de SIS International<\/span><\/h2>\n<p><a href=\"https:\/\/www.sisinternational.com\/fr\/\"><span style=\"font-weight: 400;\">SIS International<\/span><\/a><span style=\"font-weight: 400;\"> propose des recherches quantitatives, qualitatives et strat\u00e9giques. Nous fournissons des donn\u00e9es, des outils, des strat\u00e9gies, des rapports et des informations pour la prise de d\u00e9cision. Nous menons \u00e9galement des entretiens, des enqu\u00eates, des groupes de discussion et d\u2019autres m\u00e9thodes et approches d\u2019\u00e9tudes de march\u00e9.<\/span><a href=\"https:\/\/www.sisinternational.com\/fr\/a-propos-de-la-recherche-internationale-sis\/contact-sis-international-market-research\/\"><span style=\"font-weight: 400;\"> Contactez nous<\/span><\/a><span style=\"font-weight: 400;\"> pour votre prochain projet d&#039;\u00e9tude de march\u00e9.<\/span><\/p>\n<\/p>","protected":false},"excerpt":{"rendered":"<p>L'\u00e9tude de march\u00e9 sur la transformation des entreprises analyse les tendances du march\u00e9 et les capacit\u00e9s organisationnelles pour conduire le changement strat\u00e9gique.<\/p>","protected":false},"author":1,"featured_media":62408,"parent":14457,"menu_order":31,"comment_status":"closed","ping_status":"closed","template":"","meta":{"footnotes":""},"class_list":["post-46834","page","type-page","status-publish","has-post-thumbnail"],"_links":{"self":[{"href":"https:\/\/www.sisinternational.com\/fr\/wp-json\/wp\/v2\/pages\/46834","targetHints":{"allow":["GET"]}}],"collection":[{"href":"https:\/\/www.sisinternational.com\/fr\/wp-json\/wp\/v2\/pages"}],"about":[{"href":"https:\/\/www.sisinternational.com\/fr\/wp-json\/wp\/v2\/types\/page"}],"author":[{"embeddable":true,"href":"https:\/\/www.sisinternational.com\/fr\/wp-json\/wp\/v2\/users\/1"}],"replies":[{"embeddable":true,"href":"https:\/\/www.sisinternational.com\/fr\/wp-json\/wp\/v2\/comments?post=46834"}],"version-history":[{"count":21,"href":"https:\/\/www.sisinternational.com\/fr\/wp-json\/wp\/v2\/pages\/46834\/revisions"}],"predecessor-version":[{"id":80293,"href":"https:\/\/www.sisinternational.com\/fr\/wp-json\/wp\/v2\/pages\/46834\/revisions\/80293"}],"up":[{"embeddable":true,"href":"https:\/\/www.sisinternational.com\/fr\/wp-json\/wp\/v2\/pages\/14457"}],"wp:featuredmedia":[{"embeddable":true,"href":"https:\/\/www.sisinternational.com\/fr\/wp-json\/wp\/v2\/media\/62408"}],"wp:attachment":[{"href":"https:\/\/www.sisinternational.com\/fr\/wp-json\/wp\/v2\/media?parent=46834"}],"curies":[{"name":"wp","href":"https:\/\/api.w.org\/{rel}","templated":true}]}}