{"id":46819,"date":"2024-03-13T21:49:15","date_gmt":"2024-03-14T01:49:15","guid":{"rendered":"https:\/\/www.sisinternational.com\/?page_id=46819"},"modified":"2026-03-25T00:51:55","modified_gmt":"2026-03-25T04:51:55","slug":"etude-de-marche-sur-la-fidelisation-de-la-clientele","status":"publish","type":"page","link":"https:\/\/www.sisinternational.com\/fr\/solutions\/connaissance-du-client\/etude-de-marche-sur-la-fidelisation-de-la-clientele\/","title":{"rendered":"\u00c9tude de march\u00e9 sur la fid\u00e9lisation de la client\u00e8le"},"content":{"rendered":"<h1 class=\"wp-block-heading\">\u00c9tude de march\u00e9 sur la fid\u00e9lisation de la client\u00e8le<\/h1>\n\n\n\n<figure class=\"gb-block-image gb-block-image-d0a343e5\"><img loading=\"lazy\" decoding=\"async\" width=\"1456\" height=\"816\" class=\"gb-image gb-image-d0a343e5\" src=\"https:\/\/www.sisinternational.com\/wp-content\/uploads\/2025\/08\/Interview-3.jpg\" alt=\"\u00c9tudes de march\u00e9 et strat\u00e9gie internationales SIS\" title=\"Interview (3)\" srcset=\"https:\/\/www.sisinternational.com\/wp-content\/uploads\/2025\/08\/Interview-3.jpg 1456w, https:\/\/www.sisinternational.com\/wp-content\/uploads\/2025\/08\/Interview-3-300x168.jpg 300w, https:\/\/www.sisinternational.com\/wp-content\/uploads\/2025\/08\/Interview-3-1024x574.jpg 1024w, https:\/\/www.sisinternational.com\/wp-content\/uploads\/2025\/08\/Interview-3-768x430.jpg 768w, https:\/\/www.sisinternational.com\/wp-content\/uploads\/2025\/08\/Interview-3-18x10.jpg 18w\" sizes=\"auto, (max-width: 1456px) 100vw, 1456px\"><\/figure>\n\n\n\n<p><\/p>\n\n\n\n<hr class=\"wp-block-separator has-alpha-channel-opacity is-style-dots\"\/>\n\n\n\n<p>Comment les entreprises d\u00e9couvrent-elles le secret pour fid\u00e9liser et fid\u00e9liser leurs clients au fil du temps\u00a0? La r\u00e9ponse r\u00e9side dans le d\u00e9ploiement strat\u00e9gique d\u2019\u00e9tudes de march\u00e9 sur la fid\u00e9lisation de la client\u00e8le. Ce domaine d&#039;\u00e9tude sp\u00e9cialis\u00e9 fournit les informations et les donn\u00e9es n\u00e9cessaires aux entreprises pour comprendre, pr\u00e9dire et am\u00e9liorer l&#039;exp\u00e9rience client, garantissant qu&#039;un client un jour, il restera client.<\/p>\n\n\n\n<h2 class=\"wp-block-heading\">Qu\u2019est-ce que l\u2019\u00e9tude de march\u00e9 sur la fid\u00e9lisation de la client\u00e8le ?<\/h2>\n\n\n\n<p>Customer retention market research aims to understand the factors influencing customer loyalty and identify strategies to increase the retention rate.<\/p>\n\n\n\n<p>At its core, this market research seeks to answer critical questions: Why do customers stay? What drives them away? How can a business improve its services or products to meet customer expectations better? It&#8217;s about moving beyond the transactional aspects of purchase to unravel the emotional and psychological drivers of customer loyalty.<\/p>\n\n\n\n<h2 class=\"wp-block-heading\">So&#8230; Why Do Businesses Need Customer Retention Market Research?<\/h2>\n\n\n\n<figure class=\"gb-block-image gb-block-image-bebdd98e\"><img loading=\"lazy\" decoding=\"async\" width=\"1456\" height=\"816\" class=\"gb-image gb-image-bebdd98e\" src=\"https:\/\/www.sisinternational.com\/wp-content\/uploads\/2025\/08\/Retail-25.jpg\" alt=\"\u00c9tudes de march\u00e9 et strat\u00e9gie internationales SIS\" title=\"Retail (25)\" srcset=\"https:\/\/www.sisinternational.com\/wp-content\/uploads\/2025\/08\/Retail-25.jpg 1456w, https:\/\/www.sisinternational.com\/wp-content\/uploads\/2025\/08\/Retail-25-300x168.jpg 300w, https:\/\/www.sisinternational.com\/wp-content\/uploads\/2025\/08\/Retail-25-1024x574.jpg 1024w, https:\/\/www.sisinternational.com\/wp-content\/uploads\/2025\/08\/Retail-25-768x430.jpg 768w, https:\/\/www.sisinternational.com\/wp-content\/uploads\/2025\/08\/Retail-25-18x10.jpg 18w\" sizes=\"auto, (max-width: 1456px) 100vw, 1456px\"><\/figure>\n\n\n\n<p><\/p>\n\n\n\n<p>Premi\u00e8rement, la fid\u00e9lisation des clients est plus rentable que l\u2019acquisition. Des \u00e9tudes ont constamment montr\u00e9 que fid\u00e9liser un client existant co\u00fbte nettement moins cher que d\u2019en acqu\u00e9rir un nouveau. Ainsi, les \u00e9tudes de march\u00e9 sur la fid\u00e9lisation de la client\u00e8le fournissent les informations n\u00e9cessaires pour maintenir l\u2019engagement et la satisfaction des clients, r\u00e9duisant ainsi le taux de d\u00e9sabonnement et augmentant la valeur \u00e0 vie.<\/p>\n\n\n\n<p>De plus, les \u00e9tudes de march\u00e9 sur la fid\u00e9lisation de la client\u00e8le offrent une ligne directe pour comprendre l\u2019insatisfaction des clients et les domaines \u00e0 am\u00e9liorer. Ces commentaires sont inestimables pour les entreprises qui cherchent \u00e0 affiner leurs produits, services et exp\u00e9rience client.<\/p>\n\n\n\n<p>De plus, les clients satisfaits ne se contentent pas de rester ; ils deviennent des d\u00e9fenseurs de la marque et la recommandent \u00e0 leurs amis et \u00e0 leur famille. L&#039;analyse de la fid\u00e9lisation de la client\u00e8le permet d&#039;identifier les principaux facteurs de satisfaction client qui encouragent le marketing de bouche \u00e0 oreille, \u00e9largissant ainsi la port\u00e9e de la marque de mani\u00e8re organique. De plus, les \u00e9tudes de march\u00e9 sur la fid\u00e9lisation de la client\u00e8le permettent aux entreprises de suivre l\u2019\u00e9volution des besoins et des pr\u00e9f\u00e9rences des clients, garantissant ainsi qu\u2019elles restent pertinentes et comp\u00e9titives.<\/p>\n\n\n\n<h2 class=\"wp-block-heading\">Quels sont les avantages d\u2019une \u00e9tude de march\u00e9 sur la fid\u00e9lisation des clients ?<\/h2>\n\n\n\n<p>L&#039;application strat\u00e9gique des \u00e9tudes de march\u00e9 sur la fid\u00e9lisation de la client\u00e8le offre de nombreux avantages qui peuvent avoir un impact significatif sur les r\u00e9sultats financiers et la relation client d&#039;une entreprise. Voici les principaux avantages :<\/p>\n\n\n\n<ul class=\"wp-block-list\">\n<li><strong>Augmentation de la valeur \u00e0 vie du client\u00a0:<\/strong> Comprendre les facteurs contribuant \u00e0 la fid\u00e9lisation des clients permet aux entreprises d&#039;am\u00e9liorer ces aspects, ce qui entra\u00eene une augmentation des ventes r\u00e9p\u00e9t\u00e9es et une valeur \u00e0 vie plus \u00e9lev\u00e9e pour les clients.<\/li>\n\n\n\n<li><strong>Avantage comp\u00e9titif:<\/strong> Businesses that effectively use <a href=\"https:\/\/www.sisinternational.com\/fr\/etre-vert-ameliore-les-performances-en-cas-de-recession\/\" title=\"Comment r\u00e9duire les co\u00fbts dans votre entreprise\"  data-wpil-monitor-id=\"7449\">market research to inform their retention strategies<\/a> can distinguish themselves by offering superior customer experiences, setting them apart from competitors.<\/li>\n\n\n\n<li><strong>Co\u00fbts d\u2019acquisition de clients r\u00e9duits\u00a0:<\/strong> En se concentrant sur la fid\u00e9lisation des clients existants, les entreprises peuvent r\u00e9duire la d\u00e9pendance et les co\u00fbts associ\u00e9s \u00e0 l&#039;acquisition de nouveaux clients. Cela am\u00e9liore l\u2019efficacit\u00e9 des efforts de marketing et permet une allocation plus strat\u00e9gique des ressources.<\/li>\n\n\n\n<li><strong>Opportunit\u00e9s de personnalisation\u00a0:<\/strong> Les informations tir\u00e9es des recherches sur la fid\u00e9lisation de la client\u00e8le permettent aux entreprises de personnaliser leurs offres et leurs communications. Les exp\u00e9riences sur mesure trouvent un \u00e9cho plus profond aupr\u00e8s des clients, am\u00e9liorant ainsi leur satisfaction et leur fid\u00e9lit\u00e9.<\/li>\n\n\n\n<li><strong>Augmentation des r\u00e9f\u00e9rences\u00a0:<\/strong> Les clients satisfaits et fid\u00e8les sont plus susceptibles de recommander une entreprise \u00e0 d\u2019autres, agissant ainsi en tant qu\u2019ambassadeurs de la marque. Ce marketing de bouche \u00e0 oreille est rentable et jouit d&#039;une grande confiance aupr\u00e8s des nouveaux clients potentiels.<\/li>\n<\/ul>\n\n\n\n<h2 class=\"wp-block-heading\">Facteurs de r\u00e9ussite critiques pour une \u00e9tude de march\u00e9 r\u00e9ussie sur la fid\u00e9lisation de la client\u00e8le<\/h2>\n\n\n\n<figure class=\"gb-block-image gb-block-image-527f16d7\"><img loading=\"lazy\" decoding=\"async\" width=\"1456\" height=\"816\" class=\"gb-image gb-image-527f16d7\" src=\"https:\/\/www.sisinternational.com\/wp-content\/uploads\/2025\/08\/Retail-15.jpg\" alt=\"\u00c9tudes de march\u00e9 et strat\u00e9gie internationales SIS\" title=\"Retail (15)\" srcset=\"https:\/\/www.sisinternational.com\/wp-content\/uploads\/2025\/08\/Retail-15.jpg 1456w, https:\/\/www.sisinternational.com\/wp-content\/uploads\/2025\/08\/Retail-15-300x168.jpg 300w, https:\/\/www.sisinternational.com\/wp-content\/uploads\/2025\/08\/Retail-15-1024x574.jpg 1024w, https:\/\/www.sisinternational.com\/wp-content\/uploads\/2025\/08\/Retail-15-768x430.jpg 768w, https:\/\/www.sisinternational.com\/wp-content\/uploads\/2025\/08\/Retail-15-18x10.jpg 18w\" sizes=\"auto, (max-width: 1456px) 100vw, 1456px\"><\/figure>\n\n\n\n<p><\/p>\n\n\n\n<p>Pour que les \u00e9tudes de march\u00e9 sur la fid\u00e9lisation de la client\u00e8le soient vraiment efficaces et fournissent des informations exploitables, plusieurs facteurs de r\u00e9ussite critiques doivent \u00eatre soigneusement pris en compte et mis en \u0153uvre. Ces facteurs sont essentiels pour garantir que la recherche fournit une base solide pour d\u00e9velopper et ex\u00e9cuter des strat\u00e9gies r\u00e9ussies de fid\u00e9lisation de la client\u00e8le\u00a0:<\/p>\n\n\n\n<ul class=\"wp-block-list\">\n<li><strong>Objectifs et questions de recherche clairs\u00a0:<\/strong> D\u00e9finir d\u00e8s le d\u00e9part des objectifs pr\u00e9cis et des questions de recherche sp\u00e9cifiques est crucial. Cette clart\u00e9 guide le processus de recherche, garantissant qu&#039;il reste concentr\u00e9 sur la d\u00e9couverte d&#039;informations ayant un impact direct sur les strat\u00e9gies de fid\u00e9lisation de la client\u00e8le.<\/li>\n\n\n\n<li><strong>Collecte compl\u00e8te de donn\u00e9es\u00a0:<\/strong> Le recours \u00e0 une combinaison de m\u00e9thodes de collecte de donn\u00e9es quantitatives et qualitatives enrichit les r\u00e9sultats de la recherche. Les enqu\u00eates, les entretiens, les groupes de discussion et l&#039;analyse des donn\u00e9es d&#039;interaction avec les clients peuvent fournir une compr\u00e9hension compl\u00e8te des comportements et des pr\u00e9f\u00e9rences des clients.<\/li>\n\n\n\n<li><strong>Informations sp\u00e9cifiques au segment\u00a0:<\/strong> Il est essentiel de reconna\u00eetre que diff\u00e9rents segments de client\u00e8le peuvent avoir diverses raisons de fid\u00e9lit\u00e9 ou de d\u00e9sabonnement. Segmenter la recherche pour recueillir des informations d\u00e9taill\u00e9es sur diff\u00e9rents groupes permet des strat\u00e9gies de r\u00e9tention plus cibl\u00e9es et plus efficaces.<\/li>\n\n\n\n<li><strong>Int\u00e9gration avec les donn\u00e9es clients existantes\u00a0:<\/strong> L&#039;exploitation des donn\u00e9es clients existantes, telles que l&#039;historique des achats, les interactions avec le service client et les r\u00e9ponses aux enqu\u00eates pr\u00e9c\u00e9dentes, peut fournir un contexte plus riche pour les r\u00e9sultats de la recherche. Cette int\u00e9gration permet une analyse plus approfondie et des strat\u00e9gies de r\u00e9tention plus personnalis\u00e9es.<\/li>\n\n\n\n<li><strong>Analyse et interpr\u00e9tation d&#039;experts\u00a0:<\/strong> La complexit\u00e9 des comportements des clients et les facteurs influen\u00e7ant la fid\u00e9lisation n\u00e9cessitent une analyse experte pour interpr\u00e9ter les donn\u00e9es avec pr\u00e9cision. Des analystes qualifi\u00e9s peuvent identifier des mod\u00e8les et des informations qui pourraient ne pas \u00eatre imm\u00e9diatement \u00e9vidents, offrant ainsi une compr\u00e9hension plus approfondie des facteurs sous-jacents de la fid\u00e9lit\u00e9 des clients.<\/li>\n<\/ul>\n\n\n\n<h2 class=\"wp-block-heading\">Technologies et outils d\u2019\u00e9tude de march\u00e9 sur la fid\u00e9lisation de la client\u00e8le<\/h2>\n\n\n\n<p>In the rapidly evolving customer retention landscape, leveraging the latest technologies and tools is essential for businesses aiming to effectively understand and improve their customer retention strategies. Here\u2019s an overview of key technologies and tools that are instrumental in conducting <a href=\"https:\/\/www.sisinternational.com\/fr\/competence\/les-industries\/technologie-medicale-etude-de-marche-sur-les-technologies-medicales\/\" title=\"\u00c9tude de march\u00e9 sur la technologie m\u00e9dicale (Med Tech)\"  data-wpil-monitor-id=\"4191\">\u00e9tude de march\u00e9 sur la fid\u00e9lisation de la client\u00e8le<\/a>:<\/p>\n\n\n\n<ul class=\"wp-block-list\">\n<li><strong>Outils d&#039;analyse\u00a0:<\/strong> Des logiciels tels que Google Analytics, Tableau ou Power BI permettent aux entreprises d&#039;analyser le comportement des clients, de segmenter les clients et d&#039;identifier des mod\u00e8les qui peuvent \u00e9clairer des strat\u00e9gies de fid\u00e9lisation cibl\u00e9es.<\/li>\n\n\n\n<li><strong>Logiciel d&#039;automatisation\u00a0:<\/strong> Des plateformes comme HubSpot ou Marketo offrent une automatisation des communications marketing en fonction des actions ou des jalons des clients, permettant un engagement personnalis\u00e9 qui peut stimuler la fid\u00e9lisation.<\/li>\n\n\n\n<li><strong>Outils de campagne par e-mail\u00a0:<\/strong> Mailchimp or Constant <a class=\"wpil_keyword_link\" href=\"https:\/\/www.sisinternational.com\/fr\/contacter-sis-etude-de-marche-internationale\/\"   title=\"Contactez-nous\" data-wpil-keyword-link=\"linked\"  data-wpil-monitor-id=\"591\">Contact<\/a> facilitate targeted email campaigns to engage customers, promote loyalty programs, and re-engage lapsed customers.<\/li>\n<\/ul>\n\n\n\n<h2 class=\"wp-block-heading\">Opportunit\u00e9s<\/h2>\n\n\n\n<p>Engaging in customer retention market research opens up several opportunities for businesses seeking to deepen their understanding of customer behaviors, enhance customer satisfaction, and ultimately drive loyalty and growth. Here are several key opportunities that arise from strategic <a href=\"https:\/\/www.sisinternational.com\/fr\/le-marche-africain-en-mutation\/\" title=\"Recherche d\u2019opportunit\u00e9s de march\u00e9 en Afrique\"  data-wpil-monitor-id=\"7251\">\u00e9tude de march\u00e9 sur la fid\u00e9lisation de la client\u00e8le<\/a>:<\/p>\n\n\n\n<ul class=\"wp-block-list\">\n<li><strong>Exp\u00e9riences client personnalis\u00e9es\u00a0:<\/strong> Tirer parti des informations issues des \u00e9tudes de march\u00e9 permet aux entreprises d&#039;adapter les exp\u00e9riences client en fonction des pr\u00e9f\u00e9rences et des comportements individuels, am\u00e9liorant ainsi consid\u00e9rablement la satisfaction et la fid\u00e9lit\u00e9. La personnalisation peut transformer une interaction g\u00e9n\u00e9rique en une exp\u00e9rience m\u00e9morable et fid\u00e9lisant.<\/li>\n\n\n\n<li><strong>R\u00e9solution proactive des probl\u00e8mes\u00a0:<\/strong> Identifying potential issues and points of friction before they escalate into reasons for churn is a critical opportunity. Market research provides the early warning signs to proactively address and resolve these issues, maintaining a positive customer relationship.<\/li>\n\n\n\n<li><strong>D\u00e9veloppement am\u00e9lior\u00e9 de produits et de services\u00a0:<\/strong> Comprendre en profondeur les besoins et les pr\u00e9f\u00e9rences des clients aide les entreprises \u00e0 affiner les produits et services existants et \u00e0 d\u00e9velopper de nouvelles offres qui r\u00e9pondent et d\u00e9passent les attentes des clients. Cet alignement avec les besoins des clients am\u00e9liore la fid\u00e9lisation et peut attirer de nouveaux clients.<\/li>\n\n\n\n<li><strong>Programmes de fid\u00e9lit\u00e9 efficaces\u00a0:<\/strong> La recherche sur la fid\u00e9lisation de la client\u00e8le aide \u00e0 concevoir des programmes de fid\u00e9lit\u00e9 qui trouvent un \u00e9cho aupr\u00e8s du public cible. En comprenant quelles r\u00e9compenses et incitations sont les plus appr\u00e9ci\u00e9es, les entreprises peuvent cr\u00e9er des programmes de fid\u00e9lit\u00e9 convaincants qui encouragent la fid\u00e9lit\u00e9 des clients et renforcent l&#039;engagement des clients.<\/li>\n\n\n\n<li><strong>Avantage comp\u00e9titif:<\/strong> Gaining insights into what drives customer loyalty within your market offers a competitive edge. As the research reveals, businesses can differentiate themselves by addressing unmet needs or excelling in areas critical to customers.<\/li>\n<\/ul>\n\n\n\n<h2 class=\"wp-block-heading\">D\u00e9fis<\/h2>\n\n\n\n<p>Bien que les \u00e9tudes de march\u00e9 sur la fid\u00e9lisation de la client\u00e8le soient inestimables pour comprendre et am\u00e9liorer la fid\u00e9lisation de la client\u00e8le, les entreprises sont souvent confront\u00e9es \u00e0 plusieurs d\u00e9fis. Relever efficacement ces d\u00e9fis est crucial pour obtenir des informations pr\u00e9cises et d\u00e9velopper des strat\u00e9gies qui am\u00e9liorent la r\u00e9tention. Voici les principaux d\u00e9fis et consid\u00e9rations\u00a0:<\/p>\n\n\n\n<ul class=\"wp-block-list\">\n<li>Rassembler un \u00e9chantillon repr\u00e9sentatif de clients peut s\u2019av\u00e9rer difficile, en particulier pour les entreprises disposant d\u2019une client\u00e8le large ou diversifi\u00e9e. Il est essentiel de veiller \u00e0 ce que la recherche englobe diverses perspectives pour obtenir des informations pr\u00e9cises.<\/li>\n\n\n\n<li>D\u00e9terminer les causes profondes du d\u00e9sabonnement des clients peut \u00eatre complexe, car plusieurs facteurs contribuent souvent \u00e0 la d\u00e9cision d&#039;un client de partir. Identifier ces raisons sous-jacentes n\u00e9cessite une analyse approfondie des commentaires et des comportements des clients.<\/li>\n\n\n\n<li>Il est essentiel que la recherche reste objective et exempte de pr\u00e9jug\u00e9s pour l\u2019int\u00e9grit\u00e9 des r\u00e9sultats. Cela implique de concevoir des questions d\u2019enqu\u00eate impartiales et d\u2019interpr\u00e9ter les r\u00e9sultats sans id\u00e9es pr\u00e9con\u00e7ues.<\/li>\n\n\n\n<li>S&#039;adapter aux attentes changeantes des clients est un d\u00e9fi permanent. Ce qui satisfait les clients aujourd\u2019hui devra peut-\u00eatre \u00eatre am\u00e9lior\u00e9 demain, ce qui n\u00e9cessitera une recherche continue et une adaptation des strat\u00e9gies.<\/li>\n\n\n\n<li>Trouver le bon \u00e9quilibre entre les informations quantitatives et qualitatives peut \u00eatre difficile, mais est n\u00e9cessaire pour une compr\u00e9hension globale des facteurs de fid\u00e9lisation des clients. Les donn\u00e9es quantitatives fournissent le \u00ab quoi \u00bb, tandis que les informations qualitatives expliquent le \u00ab pourquoi \u00bb derri\u00e8re les comportements des clients.<\/li>\n<\/ul>\n\n\n\n<h2 class=\"wp-block-heading\">Comment l&#039;\u00e9tude de march\u00e9 sur la fid\u00e9lisation de la client\u00e8le de SIS International aide les entreprises<\/h2>\n\n\n\n<figure class=\"gb-block-image gb-block-image-9419f4b0\"><img decoding=\"async\" class=\"gb-image gb-image-9419f4b0\" src=\"https:\/\/www.sisinternational.com\/wp-content\/uploads\/2024\/12\/Customer-experience-23.jpg\" alt=\"\u00c9tudes de march\u00e9 et strat\u00e9gie internationales SIS\"><\/figure>\n\n\n\n<p><\/p>\n\n\n\n<p><a href=\"http:\/\/Our Facility Location in New York  11 E 22nd Street, Floor 2, New York, NY 10010&nbsp; T: +1(212) 505-6805 About SIS International  SIS International offers Quantitative, Qualitative, and Strategy Research. We provide data, tools, strategies, reports, and insights for decision-making. We also conduct interviews, surveys, focus groups, and other Market Research methods and approaches. Contact us for your next Market Research project.\" data-wplink-url-error=\"true\">SIS<\/a> stands out through a unique combination of methodological rigor, innovative analysis, and strategic insight. Here&#8217;s what distinguishes the SIS approach and makes it particularly effective for businesses aiming to enhance their customer retention strategies:<\/p>\n\n\n\n<ul class=\"wp-block-list\">\n<li><strong>Int\u00e9gration compl\u00e8te des donn\u00e9es\u00a0:<\/strong> SIS employs a comprehensive approach to data integration, meticulously combining information from various sources. This includes transactional data, customer feedback, social media interactions, and more, to offer a 360-degree view of the customer experience.<\/li>\n\n\n\n<li><strong>Techniques analytiques avanc\u00e9es\u00a0:<\/strong> Utilizing cutting-edge analytical techniques such as predictive analytics and machine learning, SIS can uncover patterns and trends that might elude traditional analysis methods.<\/li>\n\n\n\n<li><strong>Conception de recherche sur mesure\u00a0:<\/strong> The SIS approach is marked by tailored research designs customized to each business&#8217;s unique challenges and objectives. This approach ensures that the research directly addresses customer retention issues, providing actionable insights that can be effectively implemented.<\/li>\n\n\n\n<li><strong>Accent strat\u00e9gique sur des informations exploitables\u00a0:<\/strong> SIS goes beyond merely collecting and analyzing data; it emphasizes generating actionable insights that can directly inform strategic decisions and initiatives.<\/li>\n\n\n\n<li><strong>R\u00e9troaction continue et optimisation\u00a0:<\/strong> Consciente que la fid\u00e9lisation des clients est un d\u00e9fi permanent, SIS pr\u00e9conise une collecte continue de commentaires et une optimisation de la strat\u00e9gie. Cette approche garantit que les entreprises restent r\u00e9actives aux attentes changeantes des clients et aux conditions du march\u00e9, permettant un ajustement dynamique des strat\u00e9gies de fid\u00e9lisation.<\/li>\n<\/ul>\n\n\n\n<h2 class=\"wp-block-heading\">Notre emplacement \u00e0 New York<\/h2>\n\n\n\n<p>\n\n\n\n<iframe loading=\"lazy\" src=\"https:\/\/www.google.com\/maps\/embed?pb=!1m18!1m12!1m3!1d3022.976188376966!2d-73.99130312499956!3d40.740549471389315!2m3!1f0!2f0!3f0!3m2!1i1024!2i768!4f13.1!3m3!1m2!1s0x89c259a15798c731%3A0xd695d09bdd495f25!2s11%20E%2022nd%20St%20FL%202%2C%20New%20York%2C%20NY%2010010%2C%20USA!5e0!3m2!1sen!2spe!4v1726171763526!5m2!1sen!2spe\" width=\"600\" height=\"450\" allowfullscreen=\"allowfullscreen\" data-mce-fragment=\"1\"><\/iframe>\n\n\n\n<\/p>\n\n\n\n<h3 class=\"wp-block-heading\">11 E 22nd Street, \u00e9tage 2, New York, NY 10010 T\u00e9l. : +1(212) 505-6805<\/h3>\n\n\n\n<hr class=\"wp-block-separator has-alpha-channel-opacity\"\/>\n\n\n\n<h2 class=\"wp-block-heading\"><span style=\"font-weight: 400;\">\u00c0 propos de SIS International<\/span><\/h2>\n\n\n\n<p><a href=\"https:\/\/www.sisinternational.com\/fr\/\"><span style=\"font-weight: 400;\">SIS International<\/span><\/a><span style=\"font-weight: 400;\"> propose des recherches quantitatives, qualitatives et strat\u00e9giques. Nous fournissons des donn\u00e9es, des outils, des strat\u00e9gies, des rapports et des informations pour la prise de d\u00e9cision. Nous menons \u00e9galement des entretiens, des enqu\u00eates, des groupes de discussion et d\u2019autres m\u00e9thodes et approches d\u2019\u00e9tudes de march\u00e9.<\/span><a href=\"https:\/\/www.sisinternational.com\/fr\/a-propos-de-la-recherche-internationale-sis\/contact-sis-international-market-research\/\"><span style=\"font-weight: 400;\"> Contactez nous<\/span><\/a><span style=\"font-weight: 400;\"> pour votre prochain projet d&#039;\u00e9tude de march\u00e9.<\/span><\/p>","protected":false},"excerpt":{"rendered":"<p>L'\u00e9tude de march\u00e9 sur la fid\u00e9lisation des clients vise \u00e0 comprendre ce qui influence la fid\u00e9lit\u00e9 des clients et \u00e0 identifier les strat\u00e9gies permettant d'augmenter les taux de fid\u00e9lisation.<\/p>","protected":false},"author":1,"featured_media":62677,"parent":50194,"menu_order":29,"comment_status":"closed","ping_status":"closed","template":"","meta":{"footnotes":""},"class_list":["post-46819","page","type-page","status-publish","has-post-thumbnail"],"_links":{"self":[{"href":"https:\/\/www.sisinternational.com\/fr\/wp-json\/wp\/v2\/pages\/46819","targetHints":{"allow":["GET"]}}],"collection":[{"href":"https:\/\/www.sisinternational.com\/fr\/wp-json\/wp\/v2\/pages"}],"about":[{"href":"https:\/\/www.sisinternational.com\/fr\/wp-json\/wp\/v2\/types\/page"}],"author":[{"embeddable":true,"href":"https:\/\/www.sisinternational.com\/fr\/wp-json\/wp\/v2\/users\/1"}],"replies":[{"embeddable":true,"href":"https:\/\/www.sisinternational.com\/fr\/wp-json\/wp\/v2\/comments?post=46819"}],"version-history":[{"count":19,"href":"https:\/\/www.sisinternational.com\/fr\/wp-json\/wp\/v2\/pages\/46819\/revisions"}],"predecessor-version":[{"id":81081,"href":"https:\/\/www.sisinternational.com\/fr\/wp-json\/wp\/v2\/pages\/46819\/revisions\/81081"}],"up":[{"embeddable":true,"href":"https:\/\/www.sisinternational.com\/fr\/wp-json\/wp\/v2\/pages\/50194"}],"wp:featuredmedia":[{"embeddable":true,"href":"https:\/\/www.sisinternational.com\/fr\/wp-json\/wp\/v2\/media\/62677"}],"wp:attachment":[{"href":"https:\/\/www.sisinternational.com\/fr\/wp-json\/wp\/v2\/media?parent=46819"}],"curies":[{"name":"wp","href":"https:\/\/api.w.org\/{rel}","templated":true}]}}