{"id":46784,"date":"2024-03-12T20:22:05","date_gmt":"2024-03-13T00:22:05","guid":{"rendered":"https:\/\/www.sisinternational.com\/?page_id=46784"},"modified":"2026-03-16T23:49:31","modified_gmt":"2026-03-17T03:49:31","slug":"conseil-en-fidelisation-de-la-clientele-des-services-financiers","status":"publish","type":"page","link":"https:\/\/www.sisinternational.com\/fr\/solutions\/conseil-en-strategie\/financial-services-consulting\/conseil-en-fidelisation-de-la-clientele-des-services-financiers\/","title":{"rendered":"Conseil en fid\u00e9lisation de la client\u00e8le des services financiers"},"content":{"rendered":"<h1 class=\"wp-block-heading\">Conseil en fid\u00e9lisation de la client\u00e8le des services financiers<\/h1>\n\n\n\n<figure class=\"gb-block-image gb-block-image-415c335a\"><img loading=\"lazy\" decoding=\"async\" width=\"1456\" height=\"816\" class=\"gb-image gb-image-415c335a\" src=\"https:\/\/www.sisinternational.com\/wp-content\/uploads\/2025\/08\/Finance-12.jpg\" alt=\"\u00c9tudes de march\u00e9 et strat\u00e9gie internationales SIS\" title=\"Finance (12)\" srcset=\"https:\/\/www.sisinternational.com\/wp-content\/uploads\/2025\/08\/Finance-12.jpg 1456w, https:\/\/www.sisinternational.com\/wp-content\/uploads\/2025\/08\/Finance-12-300x168.jpg 300w, https:\/\/www.sisinternational.com\/wp-content\/uploads\/2025\/08\/Finance-12-1024x574.jpg 1024w, https:\/\/www.sisinternational.com\/wp-content\/uploads\/2025\/08\/Finance-12-768x430.jpg 768w, https:\/\/www.sisinternational.com\/wp-content\/uploads\/2025\/08\/Finance-12-18x10.jpg 18w\" sizes=\"auto, (max-width: 1456px) 100vw, 1456px\"><\/figure>\n\n\n\n<p><\/p>\n\n\n\n<hr class=\"wp-block-separator has-alpha-channel-opacity\"\/>\n\n\n\n<p>Alors que le march\u00e9 est satur\u00e9 d&#039;options et que les clients sont de plus en plus habilit\u00e9s \u00e0 changer de fournisseur, la capacit\u00e9 de fid\u00e9liser efficacement la client\u00e8le existante est devenue un imp\u00e9ratif strat\u00e9gique. C&#039;est pourquoi le conseil en fid\u00e9lisation de la client\u00e8le des services financiers propose une approche sur mesure pour relever ce d\u00e9fi. Il fournit aux organisations les informations, les strat\u00e9gies et les outils n\u00e9cessaires pour entretenir des relations durables avec leur client\u00e8le.<\/p>\n\n\n\n<h2 class=\"wp-block-heading\">Comprendre le conseil en fid\u00e9lisation de la client\u00e8le des services financiers<\/h2>\n\n\n\n<p><a href=\"https:\/\/www.sisinternational.com\/fr\/financial-services-consulting\/\" title=\"Financial Services Consulting\"  data-wpil-monitor-id=\"2961\">Financial services customer retention consulting<\/a> involves the comprehensive analysis, planning, and implementation of strategies to reduce customer churn and maximize customer lifetime value. It encompasses various activities, including analyzing customer data, identifying retention drivers and pain points, designing targeted retention campaigns, and optimizing customer engagement processes.<\/p>\n\n\n\n<h2 class=\"wp-block-heading\">Importance du conseil en fid\u00e9lisation de la client\u00e8le des services financiers<\/h2>\n\n\n\n<p>Retaining existing customers is more cost-effective than acquiring new ones and provides a higher return on investment over the long term. Financial <a href=\"https:\/\/www.sisinternational.com\/fr\/solutions\/conseil-en-tourisme-de-voyage-et-en-hotellerie\/conseil-en-services-de-conciergerie\/\" title=\"Conseil en services de conciergerie\"  data-wpil-monitor-id=\"4676\">services customer retention consulting<\/a> helps organizations recognize the value of their existing customer base and empowers them to invest in strategies that nurture and strengthen those relationships.<\/p>\n\n\n\n<p>Moreover, this consulting enables financial institutions to stay ahead of shifting market dynamics and anticipate customer needs, ensuring they remain top-of-mind and preferred providers in a crowded marketplace. Organizations can unlock additional revenue streams by fostering loyalty and advocacy among their customer base, increasing market share, and driving sustainable growth.<\/p>\n\n\n\n<p>Dans tous les cas, il offre de nombreux autres avantages pour les entreprises, notamment :<\/p>\n\n\n\n<ul class=\"wp-block-list\">\n<li><strong>Fid\u00e9lisation client am\u00e9lior\u00e9e\u00a0:<\/strong> Organizations can cultivate stronger customer relationships by implementing tailored retention strategies, leading to increased loyalty and reduced churn rates.<\/li>\n\n\n\n<li><strong>Satisfaction client am\u00e9lior\u00e9e\u00a0:<\/strong> Consulting initiatives can enhance overall customer satisfaction by identifying and resolving pain points in the customer journey, resulting in higher retention rates and positive word-of-mouth referrals.<\/li>\n\n\n\n<li><strong>Avantage comp\u00e9titif:<\/strong> Organizations prioritizing customer retention gain a competitive edge by fostering deeper connections with their customers and differentiating themselves from market competitors.<\/li>\n\n\n\n<li><strong>Prise de d\u00e9cision bas\u00e9e sur les donn\u00e9es\u00a0:<\/strong> Le conseil en fid\u00e9lisation de la client\u00e8le s&#039;appuie sur des analyses de donn\u00e9es et des informations pour \u00e9clairer la prise de d\u00e9cision strat\u00e9gique, permettant aux organisations de cibler des clients \u00e0 forte valeur ajout\u00e9e, de personnaliser les interactions et d&#039;optimiser efficacement les efforts de fid\u00e9lisation.<\/li>\n\n\n\n<li><strong>Am\u00e9lioration continue:<\/strong> Les initiatives de conseil facilitent une culture d&#039;am\u00e9lioration continue en fournissant aux organisations des commentaires et des recommandations exploitables pour affiner leurs strat\u00e9gies de fid\u00e9lisation en fonction de l&#039;\u00e9volution des besoins des clients et des tendances du march\u00e9.<\/li>\n<\/ul>\n\n\n\n<h2 class=\"wp-block-heading\">Qui utilise le conseil en fid\u00e9lisation de la client\u00e8le des services financiers<\/h2>\n\n\n\n<p>Banks leverage customer retention consulting to deepen customer relationships, increase cross-selling opportunities, and reduce attrition rates in an increasingly competitive banking landscape. Credit Unions also rely on customer retention consulting to strengthen member loyalty, improve member satisfaction, and drive member engagement, ultimately enhancing their overall financial health and longevity.<\/p>\n\n\n\n<p>En outre, les compagnies d&#039;assurance s&#039;engagent dans des services de conseil en fid\u00e9lisation de la client\u00e8le pour am\u00e9liorer la fid\u00e9lisation des assur\u00e9s, minimiser les d\u00e9ch\u00e9ances et augmenter la valeur \u00e0 vie du client gr\u00e2ce \u00e0 une communication personnalis\u00e9e et des services \u00e0 valeur ajout\u00e9e.<\/p>\n\n\n\n<p>In addition, Investment Firms seek customer retention consulting to build enduring relationships with their clients, foster trust and loyalty, and differentiate their offerings in a crowded market, ultimately driving assets under management and revenue growth. Lastly, <a href=\"https:\/\/www.sisinternational.com\/fr\/solutions\/recherche-de-conseil-en-strategie-fintech\/fintech-aller-au-conseil-sur-le-marche\/\" title=\"Conseil en mise sur le march\u00e9 des technologies financi\u00e8res\"  data-wpil-monitor-id=\"5883\">Fintech Startups utilize customer retention consulting<\/a> to establish a loyal customer base, drive user adoption and engagement, and compete effectively with traditional financial institutions by delivering innovative, customer-centric solutions.<\/p>\n\n\n\n<h2 class=\"wp-block-heading\">Quand effectuer des conseils en fid\u00e9lisation de la client\u00e8le des services financiers<\/h2>\n\n\n\n<p>D\u00e9terminer le moment optimal pour le conseil en fid\u00e9lisation de la client\u00e8le des services financiers est crucial pour maximiser son efficacit\u00e9 et garantir des r\u00e9sultats tangibles. Plusieurs facteurs cl\u00e9s influencent le moment o\u00f9 les organisations doivent s&#039;engager dans des initiatives de conseil en r\u00e9tention\u00a0:<\/p>\n\n\n\n<ul class=\"wp-block-list\">\n<li><strong>Examens p\u00e9riodiques\u00a0:<\/strong> Effectuer des examens r\u00e9guliers des indicateurs de fid\u00e9lisation des clients, tels que les taux de d\u00e9sabonnement, la valeur \u00e0 vie du client et les scores de satisfaction client, peut indiquer quand il est temps de demander une assistance conseil. Les organisations peuvent planifier des missions de conseil annuellement ou semestriellement pour \u00e9valuer et recalibrer leurs strat\u00e9gies de r\u00e9tention.<\/li>\n\n\n\n<li><strong>\u00c9v\u00e9nements d\u00e9clencheurs\u00a0:<\/strong> Des \u00e9v\u00e9nements importants au sein de l&#039;organisation, tels que des changements de direction, des changements de strat\u00e9gie commerciale ou des fusions et acquisitions, peuvent n\u00e9cessiter des conseils en fid\u00e9lisation de la client\u00e8le pour r\u00e9aligner les efforts de fid\u00e9lisation sur de nouveaux objectifs et priorit\u00e9s.<\/li>\n\n\n\n<li><strong>Changements du march\u00e9\u00a0:<\/strong> Des facteurs externes tels que des changements dans la dynamique du march\u00e9, des menaces concurrentielles \u00e9mergentes ou des changements dans les exigences r\u00e9glementaires peuvent inciter les organisations \u00e0 demander une assistance-conseil pour adapter leurs strat\u00e9gies de r\u00e9tention en cons\u00e9quence et garder une longueur d&#039;avance.<\/li>\n\n\n\n<li><strong>Commentaires des clients:<\/strong> Les commentaires des clients, recueillis via des enqu\u00eates, des avis ou des interactions directes, peuvent constituer un indicateur pr\u00e9cieux du moment o\u00f9 des conseils en fid\u00e9lisation de la client\u00e8le sont n\u00e9cessaires. Une baisse de la satisfaction des clients ou une augmentation des plaintes des clients peuvent signaler la n\u00e9cessit\u00e9 d\u2019une intervention.<\/li>\n\n\n\n<li><strong>Mises \u00e0 niveau technologiques\u00a0:<\/strong> La mise en \u0153uvre de nouvelles technologies ou la mise \u00e0 niveau des syst\u00e8mes existants peuvent pr\u00e9senter des opportunit\u00e9s pour optimiser les efforts de fid\u00e9lisation des clients. Le support conseil peut aider les organisations \u00e0 exploiter efficacement ces technologies pour am\u00e9liorer l\u2019exp\u00e9rience client et favoriser la fid\u00e9lisation.<\/li>\n<\/ul>\n\n\n\n<h2 class=\"wp-block-heading\">R\u00e9sultats attendus de nos services de conseil en fid\u00e9lisation de la client\u00e8le en mati\u00e8re de services financiers<\/h2>\n\n\n\n<figure class=\"gb-block-image gb-block-image-b32aae23\"><img loading=\"lazy\" decoding=\"async\" width=\"1456\" height=\"816\" class=\"gb-image gb-image-b32aae23\" src=\"https:\/\/www.sisinternational.com\/wp-content\/uploads\/2025\/08\/Finance-20.jpg\" alt=\"\u00c9tudes de march\u00e9 et strat\u00e9gie internationales SIS\" title=\"Finance (20)\" srcset=\"https:\/\/www.sisinternational.com\/wp-content\/uploads\/2025\/08\/Finance-20.jpg 1456w, https:\/\/www.sisinternational.com\/wp-content\/uploads\/2025\/08\/Finance-20-300x168.jpg 300w, https:\/\/www.sisinternational.com\/wp-content\/uploads\/2025\/08\/Finance-20-1024x574.jpg 1024w, https:\/\/www.sisinternational.com\/wp-content\/uploads\/2025\/08\/Finance-20-768x430.jpg 768w, https:\/\/www.sisinternational.com\/wp-content\/uploads\/2025\/08\/Finance-20-18x10.jpg 18w\" sizes=\"auto, (max-width: 1456px) 100vw, 1456px\"><\/figure>\n\n\n\n<p><\/p>\n\n\n\n<p>La mise en \u0153uvre de conseils complets en mati\u00e8re de fid\u00e9lisation des clients dans les services financiers peut produire des r\u00e9sultats significatifs et mesurables pour les organisations, contribuant ainsi \u00e0 am\u00e9liorer la satisfaction, la fid\u00e9lit\u00e9 et la rentabilit\u00e9 \u00e0 long terme des clients. Voici les r\u00e9sultats attendus :<\/p>\n\n\n\n<ul class=\"wp-block-list\">\n<li><strong>Fid\u00e9lisation client am\u00e9lior\u00e9e\u00a0:<\/strong> Loyal customers are likelier to continue doing business with an organization and advocate for its products and services. Consulting initiatives can strengthen the bond between customers and the organization through targeted retention strategies, leading to increased loyalty and lifetime value.<\/li>\n\n\n\n<li><strong>Hausse des revenus:<\/strong> Retaining existing customers is often more cost-effective than acquiring new ones. Financial services customer retention consulting can contribute to revenue growth over time by reducing churn and increasing customer lifetime value.<\/li>\n\n\n\n<li><strong>R\u00e9putation positive de la marque\u00a0:<\/strong> Delivering exceptional customer experiences and demonstrating commitment to customer satisfaction can enhance the organization&#8217;s reputation in the marketplace. Consulting initiatives prioritizing customer retention build a positive brand image and foster trust among stakeholders.<\/li>\n\n\n\n<li><strong>Croissance durable \u00e0 long terme\u00a0:<\/strong> Une croissance durable n\u00e9cessite une client\u00e8le fid\u00e8le et satisfaite. Le conseil en fid\u00e9lisation de la client\u00e8le des services financiers jette les bases d&#039;un succ\u00e8s \u00e0 long terme en \u00e9tablissant des relations clients solides et en g\u00e9n\u00e9rant des flux de revenus continus.<\/li>\n<\/ul>\n\n\n\n<h2 class=\"wp-block-heading\">Opportunit\u00e9s<\/h2>\n\n\n\n<p>Dans le paysage concurrentiel actuel, les entreprises du secteur des services financiers sont confront\u00e9es \u00e0 une pression croissante pour conserver leur client\u00e8le, dans un contexte d&#039;\u00e9volution de la dynamique du march\u00e9 et de l&#039;\u00e9volution des pr\u00e9f\u00e9rences des consommateurs. Le conseil en fid\u00e9lisation de la client\u00e8le des services financiers pr\u00e9sente plusieurs opportunit\u00e9s pour les entreprises d&#039;am\u00e9liorer leur comp\u00e9titivit\u00e9 et de stimuler une croissance durable\u00a0:<\/p>\n\n\n\n<ul class=\"wp-block-list\">\n<li><strong>Hausse des revenus:<\/strong> Financial services customer retention consulting enables businesses to optimize their marketing spend and allocate resources more efficiently toward initiatives that drive revenue growth.\u00a0<\/li>\n\n\n\n<li><strong>Avantage comp\u00e9titif:<\/strong> In today&#8217;s crowded marketplace, customer experience has emerged as a key differentiator for financial services firms.\u00a0<\/li>\n\n\n\n<li><strong>Solutions innovantes:<\/strong> Financial services customer retention consulting empowers businesses to stay ahead of the curve by leveraging innovative technologies and strategies to meet their customers&#8217; evolving needs.\u00a0<\/li>\n<\/ul>\n\n\n\n<h2 class=\"wp-block-heading\">D\u00e9fis<\/h2>\n\n\n\n<p>While there are numerous opportunities associated with <a href=\"https:\/\/www.sisinternational.com\/fr\/financial-services-consulting\/financial-services-customer-satisfaction\/\" title=\"Financial Services Customer Satisfaction\"  data-wpil-monitor-id=\"943\">customer retention consulting in the financial services<\/a> sector, businesses also face several challenges that need to be addressed to maximize the effectiveness of their retention efforts:<\/p>\n\n\n\n<ul class=\"wp-block-list\">\n<li><strong>Conformit\u00e9 r\u00e9glementaire\u00a0:<\/strong> Le secteur des services financiers est hautement r\u00e9glement\u00e9, avec des exigences strictes en mati\u00e8re de confidentialit\u00e9 et de s\u00e9curit\u00e9 des donn\u00e9es. Les entreprises doivent naviguer dans un paysage r\u00e9glementaire complexe pour garantir le respect des lois telles que le RGPD, le CCPA et diverses r\u00e9glementations sp\u00e9cifiques \u00e0 leur secteur.<\/li>\n\n\n\n<li><strong>Concurrence et saturation du march\u00e9\u00a0:<\/strong> Le secteur des services financiers est extr\u00eamement comp\u00e9titif et de nombreux acteurs se disputent des parts de march\u00e9. Les entreprises sont confront\u00e9es \u00e0 une concurrence intense de la part des banques traditionnelles, des startups fintech et des acteurs non traditionnels entrant sur le march\u00e9.<\/li>\n\n\n\n<li><strong>Adoption et int\u00e9gration de la technologie\u00a0:<\/strong> La mise en \u0153uvre de strat\u00e9gies efficaces de fid\u00e9lisation des clients n\u00e9cessite souvent de tirer parti de technologies avanc\u00e9es telles que l&#039;IA, l&#039;apprentissage automatique et l&#039;analyse pr\u00e9dictive. Cependant, de nombreuses entreprises ont besoin d\u2019aide pour adopter et int\u00e9grer la technologie. Les syst\u00e8mes existants, les donn\u00e9es cloisonn\u00e9es et l&#039;inertie organisationnelle peuvent entraver la mise en \u0153uvre de solutions de r\u00e9tention innovantes.<\/li>\n<\/ul>\n\n\n\n<h2 class=\"wp-block-heading\">Comment le conseil en fid\u00e9lisation de la client\u00e8le des services financiers de SIS International aide les entreprises<\/h2>\n\n\n\n<p>\u00c0 <a href=\"https:\/\/www.linkedin.com\/company\/sisinternationalresearch\/posts\/?feedView=all\" target=\"_blank\" rel=\"noopener\">SIS<\/a>, our approach to financial services customer retention consulting is grounded in a deep understanding of the unique challenges and opportunities within the industry. We employ a strategic framework tailored to each client&#8217;s needs and objectives, leveraging our expertise and industry insights to deliver impactful solutions.<\/p>\n\n\n\n<ul class=\"wp-block-list\">\n<li><strong>Analyse compl\u00e8te:<\/strong> We begin by conducting a thorough analysis of the client&#8217;s customer base, including segmentation, behavior patterns, and key touchpoints.\u00a0<\/li>\n\n\n\n<li><strong><a class=\"wpil_keyword_link\" href=\"https:\/\/www.sisinternational.com\/fr\/solutions\/solutions-de-branding-et-de-recherche-client\/cartographie-du-parcours-client\/\" title=\"Cartographie du parcours client\" data-wpil-keyword-link=\"linked\" data-wpil-monitor-id=\"592\">Cartographie du parcours client<\/a>:<\/strong> Comprendre le parcours client est essentiel pour concevoir des strat\u00e9gies de fid\u00e9lisation efficaces. Nous cartographions l&#039;exp\u00e9rience client de bout en bout, en identifiant les points faibles, les moments de v\u00e9rit\u00e9 et les domaines d&#039;optimisation.<\/li>\n\n\n\n<li><strong>Informations bas\u00e9es sur les donn\u00e9es\u00a0:<\/strong> We extract actionable insights from the client&#8217;s data sources by leveraging advanced analytics and data mining techniques.\u00a0<\/li>\n\n\n\n<li><strong>Solutions sur mesure\u00a0:<\/strong> Nous croyons en une approche personnalis\u00e9e de la fid\u00e9lisation de la client\u00e8le, reconnaissant qu\u2019il n\u2019existe pas de solution unique. Nos consultants travaillent en \u00e9troite collaboration avec les clients pour d\u00e9velopper des solutions sur mesure qui r\u00e9pondent \u00e0 des d\u00e9fis sp\u00e9cifiques et capitalisent sur les opportunit\u00e9s uniques au sein de leur client\u00e8le.<\/li>\n\n\n\n<li><strong>Optimisation continue\u00a0:<\/strong> La fid\u00e9lisation des clients est un processus continu qui n\u00e9cessite une surveillance et une optimisation continues. Nous \u00e9tablissons des mesures de performance et des KPI pour suivre l&#039;efficacit\u00e9 de nos initiatives, ce qui nous permet d&#039;adapter et d&#039;affiner notre approche au fil du temps pour un impact maximal.<\/li>\n\n\n\n<li><strong>Partenariat collaboratif\u00a0:<\/strong> Nous consid\u00e9rons nos relations avec nos clients comme de v\u00e9ritables partenariats fond\u00e9s sur la confiance, la collaboration et des objectifs partag\u00e9s. Nos consultants travaillent main dans la main avec les clients tout au long de la mission, leur fournissant conseils, expertise et soutien \u00e0 chaque \u00e9tape du processus.<\/li>\n<\/ul>\n\n\n\n<h2 class=\"wp-block-heading\">Notre emplacement \u00e0 New York<\/h2>\n\n\n\n<p>  <iframe loading=\"lazy\" src=\"https:\/\/www.google.com\/maps\/embed?pb=!1m18!1m12!1m3!1d3022.976188376966!2d-73.99130312499956!3d40.740549471389315!2m3!1f0!2f0!3f0!3m2!1i1024!2i768!4f13.1!3m3!1m2!1s0x89c259a15798c731%3A0xd695d09bdd495f25!2s11%20E%2022nd%20St%20FL%202%2C%20New%20York%2C%20NY%2010010%2C%20USA!5e0!3m2!1sen!2spe!4v1726171763526!5m2!1sen!2spe\" width=\"600\" height=\"450\" allowfullscreen=\"allowfullscreen\" data-mce-fragment=\"1\"><\/iframe>  <\/p>\n\n\n\n<h3 class=\"wp-block-heading\">11 E 22nd Street, \u00e9tage 2, New York, NY 10010 T\u00e9l. : +1(212) 505-6805<\/h3>\n\n\n\n<hr class=\"wp-block-separator has-alpha-channel-opacity\"\/>\n\n\n\n<h2 class=\"wp-block-heading\"><span style=\"font-weight: 400;\">\u00c0 propos de SIS International<\/span><\/h2>\n\n\n\n<p><a href=\"https:\/\/www.sisinternational.com\/fr\/\"><span style=\"font-weight: 400;\">SIS International<\/span><\/a><span style=\"font-weight: 400;\"> propose des recherches quantitatives, qualitatives et strat\u00e9giques. Nous fournissons des donn\u00e9es, des outils, des strat\u00e9gies, des rapports et des informations pour la prise de d\u00e9cision. Nous menons \u00e9galement des entretiens, des enqu\u00eates, des groupes de discussion et d\u2019autres m\u00e9thodes et approches d\u2019\u00e9tudes de march\u00e9.<\/span><a href=\"https:\/\/www.sisinternational.com\/fr\/a-propos-de-la-recherche-internationale-sis\/contact-sis-international-market-research\/\"><span style=\"font-weight: 400;\"> Contactez nous<\/span><\/a><span style=\"font-weight: 400;\"> pour votre prochain projet d&#039;\u00e9tude de march\u00e9.<\/span><\/p>","protected":false},"excerpt":{"rendered":"<p>Le conseil en fid\u00e9lisation de la client\u00e8le des services financiers concerne les strat\u00e9gies visant \u00e0 fid\u00e9liser les clients et \u00e0 augmenter leur valeur \u00e0 vie.<\/p>","protected":false},"author":1,"featured_media":62822,"parent":55793,"menu_order":72,"comment_status":"closed","ping_status":"closed","template":"","meta":{"footnotes":""},"class_list":["post-46784","page","type-page","status-publish","has-post-thumbnail"],"_links":{"self":[{"href":"https:\/\/www.sisinternational.com\/fr\/wp-json\/wp\/v2\/pages\/46784","targetHints":{"allow":["GET"]}}],"collection":[{"href":"https:\/\/www.sisinternational.com\/fr\/wp-json\/wp\/v2\/pages"}],"about":[{"href":"https:\/\/www.sisinternational.com\/fr\/wp-json\/wp\/v2\/types\/page"}],"author":[{"embeddable":true,"href":"https:\/\/www.sisinternational.com\/fr\/wp-json\/wp\/v2\/users\/1"}],"replies":[{"embeddable":true,"href":"https:\/\/www.sisinternational.com\/fr\/wp-json\/wp\/v2\/comments?post=46784"}],"version-history":[{"count":14,"href":"https:\/\/www.sisinternational.com\/fr\/wp-json\/wp\/v2\/pages\/46784\/revisions"}],"predecessor-version":[{"id":79569,"href":"https:\/\/www.sisinternational.com\/fr\/wp-json\/wp\/v2\/pages\/46784\/revisions\/79569"}],"up":[{"embeddable":true,"href":"https:\/\/www.sisinternational.com\/fr\/wp-json\/wp\/v2\/pages\/55793"}],"wp:featuredmedia":[{"embeddable":true,"href":"https:\/\/www.sisinternational.com\/fr\/wp-json\/wp\/v2\/media\/62822"}],"wp:attachment":[{"href":"https:\/\/www.sisinternational.com\/fr\/wp-json\/wp\/v2\/media?parent=46784"}],"curies":[{"name":"wp","href":"https:\/\/api.w.org\/{rel}","templated":true}]}}