{"id":46763,"date":"2024-03-12T21:01:10","date_gmt":"2024-03-13T01:01:10","guid":{"rendered":"https:\/\/www.sisinternational.com\/?page_id=46763"},"modified":"2026-01-25T18:22:04","modified_gmt":"2026-01-25T23:22:04","slug":"conseil-en-automatisation-de-lia-de-la-chaine-dapprovisionnement","status":"publish","type":"page","link":"https:\/\/www.sisinternational.com\/fr\/solutions\/ai-etudes-de-marche-et-conseil-en-strategie\/conseil-en-automatisation-de-lia-de-la-chaine-dapprovisionnement\/","title":{"rendered":"Conseil en automatisation de l\u2019IA de la cha\u00eene d\u2019approvisionnement"},"content":{"rendered":"<h1 class=\"wp-block-heading\">Conseil en automatisation de l\u2019IA de la cha\u00eene d\u2019approvisionnement<\/h1>\n\n\n\n<figure class=\"gb-block-image gb-block-image-0b42d04a\"><img loading=\"lazy\" decoding=\"async\" width=\"1456\" height=\"816\" class=\"gb-image gb-image-0b42d04a\" src=\"https:\/\/www.sisinternational.com\/wp-content\/uploads\/2025\/08\/Logisticv-5.jpg\" alt=\"\u00c9tudes de march\u00e9 et strat\u00e9gie internationales SIS\" title=\"Logisticv (5)\" srcset=\"https:\/\/www.sisinternational.com\/wp-content\/uploads\/2025\/08\/Logisticv-5.jpg 1456w, https:\/\/www.sisinternational.com\/wp-content\/uploads\/2025\/08\/Logisticv-5-300x168.jpg 300w, https:\/\/www.sisinternational.com\/wp-content\/uploads\/2025\/08\/Logisticv-5-1024x574.jpg 1024w, https:\/\/www.sisinternational.com\/wp-content\/uploads\/2025\/08\/Logisticv-5-768x430.jpg 768w, https:\/\/www.sisinternational.com\/wp-content\/uploads\/2025\/08\/Logisticv-5-18x10.jpg 18w\" sizes=\"auto, (max-width: 1456px) 100vw, 1456px\"><\/figure>\n\n\n\n<hr class=\"wp-block-separator has-alpha-channel-opacity is-style-dots\"\/>\n\n\n\n<p>Dans le paysage commercial en \u00e9volution rapide d&#039;aujourd&#039;hui, garder une longueur d&#039;avance n\u00e9cessite plus que de l&#039;efficacit\u00e9 : cela n\u00e9cessite une innovation strat\u00e9gique. Pour cette raison, le conseil en automatisation de l\u2019IA de la cha\u00eene d\u2019approvisionnement est \u00e0 l\u2019avant-garde de cette \u00e9volution, r\u00e9volutionnant la fa\u00e7on dont les entreprises g\u00e8rent leurs op\u00e9rations.<\/p>\n\n\n\n<h2 class=\"wp-block-heading\">What Is Supply chain AI automation consulting?<\/h2>\n\n\n\n<p>Le conseil en automatisation de l\u2019IA de la cha\u00eene d\u2019approvisionnement exploite l\u2019intelligence artificielle (IA) et les technologies d\u2019automatisation pour am\u00e9liorer l\u2019efficience et l\u2019efficacit\u00e9 des op\u00e9rations de la cha\u00eene d\u2019approvisionnement. Il englobe une gamme de solutions, notamment l&#039;analyse pr\u00e9dictive, l&#039;automatisation des processus robotiques (RPA) et l&#039;apprentissage automatique, pour optimiser divers aspects de la cha\u00eene d&#039;approvisionnement, tels que la gestion des stocks, la pr\u00e9vision de la demande et la logistique.<\/p>\n\n\n\n<h2 class=\"wp-block-heading\">Pourquoi c&#039;est important?<\/h2>\n\n\n\n<p>L\u2019un des principaux avantages du conseil en automatisation de la cha\u00eene d\u2019approvisionnement en IA est sa capacit\u00e9 \u00e0 am\u00e9liorer la prise de d\u00e9cision gr\u00e2ce \u00e0 des informations bas\u00e9es sur les donn\u00e9es. En analysant de grandes quantit\u00e9s de donn\u00e9es en temps r\u00e9el, les algorithmes d\u2019IA peuvent identifier des mod\u00e8les et des tendances qui pourraient \u00e9chapper aux humains, permettant ainsi aux entreprises de prendre des d\u00e9cisions plus \u00e9clair\u00e9es et plus rapides.<\/p>\n\n\n\n<p>Furthermore, AI automation can significantly improve operational efficiency by automating repetitive tasks and processes, freeing human resources to focus on more strategic activities. Another compelling reason businesses invest in supply chain AI automation consulting is its potential to drive innovation. <\/p>\n\n\n\n<p>Le conseil en automatisation de l\u2019IA de la cha\u00eene d\u2019approvisionnement doit \u00eatre men\u00e9 lorsqu\u2019une entreprise souhaite atteindre les objectifs suivants\u00a0:<\/p>\n\n\n\n<ul class=\"wp-block-list\">\n<li><strong>Optimisation du processus:<\/strong> La mise en \u0153uvre de l\u2019automatisation de l\u2019IA peut contribuer \u00e0 rationaliser et \u00e0 optimiser les processus de la cha\u00eene d\u2019approvisionnement, en r\u00e9duisant les inefficacit\u00e9s et en am\u00e9liorant les performances globales.<\/li>\n\n\n\n<li><strong>R\u00e9duction des co\u00fbts:<\/strong> L&#039;automatisation de l&#039;IA peut contribuer \u00e0 r\u00e9duire les co\u00fbts de main-d&#039;\u0153uvre, \u00e0 minimiser les erreurs et \u00e0 am\u00e9liorer l&#039;utilisation des ressources, entra\u00eenant ainsi des \u00e9conomies significatives.<\/li>\n\n\n\n<li><strong>Prise de d\u00e9cision am\u00e9lior\u00e9e\u00a0:<\/strong> L&#039;automatisation de l&#039;IA peut aider les entreprises \u00e0 prendre des d\u00e9cisions plus \u00e9clair\u00e9es et fond\u00e9es sur les donn\u00e9es, r\u00e9duisant ainsi les risques et am\u00e9liorant les r\u00e9sultats.<\/li>\n\n\n\n<li><strong>Exp\u00e9rience client am\u00e9lior\u00e9e\u00a0:<\/strong> L&#039;automatisation de l&#039;IA peut aider les entreprises \u00e0 am\u00e9liorer la disponibilit\u00e9 des produits, les d\u00e9lais de livraison et la satisfaction globale des clients, conduisant ainsi \u00e0 une meilleure exp\u00e9rience client.<\/li>\n\n\n\n<li><strong>Avantage comp\u00e9titif:<\/strong> La mise en \u0153uvre de l&#039;automatisation de l&#039;IA peut aider les entreprises \u00e0 garder une longueur d&#039;avance sur la concurrence en leur permettant de r\u00e9agir plus rapidement aux conditions changeantes du march\u00e9 et aux demandes des clients.<\/li>\n<\/ul>\n\n\n\n<h2 class=\"wp-block-heading\">Industries cl\u00e9s du conseil en automatisation de l\u2019IA de la cha\u00eene d\u2019approvisionnement<\/h2>\n\n\n\n<p>Fabrication\u00a0: les fabricants peuvent utiliser l\u2019automatisation de l\u2019IA pour optimiser les processus de production, am\u00e9liorer le contr\u00f4le qualit\u00e9 et r\u00e9duire les co\u00fbts.<\/p>\n\n\n\n<ul class=\"wp-block-list\">\n<li><strong>Vente au d\u00e9tail:<\/strong> Les d\u00e9taillants peuvent tirer parti de l\u2019automatisation de l\u2019IA pour am\u00e9liorer la gestion des stocks, optimiser les strat\u00e9gies de tarification et personnaliser l\u2019exp\u00e9rience client.<\/li>\n\n\n\n<li><strong>Logistique et transport\u00a0:<\/strong> <a href=\"https:\/\/www.sisinternational.com\/fr\/solutions\/ai-etudes-de-marche-et-conseil-en-strategie\/automatisation-de-la-logistique-dexpedition-conseil-en-ia\/\" title=\"Automatisation du transport maritime et logistique et conseil en IA\"  data-wpil-monitor-id=\"4403\">Logistics companies can use AI automation<\/a> to optimize route planning, reduce fuel costs, and improve delivery times.<\/li>\n\n\n\n<li><strong>Soins de sant\u00e9:<\/strong> Les prestataires de soins de sant\u00e9 peuvent utiliser l\u2019automatisation de l\u2019IA pour rationaliser les processus administratifs, am\u00e9liorer les soins aux patients et am\u00e9liorer la recherche m\u00e9dicale.<\/li>\n\n\n\n<li><strong>Finance:<\/strong> Les institutions financi\u00e8res peuvent utiliser l\u2019automatisation de l\u2019IA pour automatiser les t\u00e2ches de routine, am\u00e9liorer la gestion des risques et am\u00e9liorer le service client.<\/li>\n\n\n\n<li><strong>T\u00e9l\u00e9communications\u00a0:<\/strong> Les entreprises peuvent utiliser l&#039;automatisation de l&#039;IA pour optimiser les op\u00e9rations du r\u00e9seau, am\u00e9liorer le service client et d\u00e9velopper de nouveaux services.<br><strong>L'\u00e9nergie<\/strong>: <a href=\"https:\/\/www.sisinternational.com\/fr\/systemes-dautomatisation-des-processus-aux-etats-unis\/\" title=\"Conseil en strat\u00e9gie d&#039;automatisation\"  data-wpil-monitor-id=\"2706\">Energy companies can use AI automation<\/a> to optimize energy production and distribution, reduce costs, and improve environmental sustainability.<\/li>\n<\/ul>\n\n\n\n<h2 class=\"wp-block-heading\">Principaux acteurs de l&#039;automatisation de l&#039;IA de la cha\u00eene d&#039;approvisionnement<\/h2>\n\n\n\n<p>Le paysage de l\u2019automatisation de l\u2019IA de la cha\u00eene d\u2019approvisionnement est dynamique et \u00e9volue rapidement, avec de nombreux acteurs allant des startups aux g\u00e9ants technologiques \u00e9tablis. Ces entreprises repoussent les limites de la mani\u00e8re dont l\u2019IA peut rationaliser les op\u00e9rations, am\u00e9liorer l\u2019efficacit\u00e9 et r\u00e9duire les co\u00fbts au sein de la cha\u00eene d\u2019approvisionnement.<\/p>\n\n\n\n<ul class=\"wp-block-list\">\n<li><strong>IBM\u00a0:<\/strong> Avec sa plateforme Watson, IBM propose des solutions d&#039;IA qui am\u00e9liorent la gestion de la cha\u00eene d&#039;approvisionnement, notamment l&#039;analyse pr\u00e9dictive, la pr\u00e9vision de la demande et l&#039;optimisation des stocks.<\/li>\n\n\n\n<li><strong>S\u00c8VE:<\/strong> SAP&#8217;s Integrated Business Planning (IBP) for Supply Chain uses AI and machine learning to improve planning processes, including demand sensing, response, and supply planning, and inventory optimization.<\/li>\n\n\n\n<li><strong>GrisOrange\u00a0:<\/strong> GreyOrange propose des solutions robotiques bas\u00e9es sur l&#039;IA pour l&#039;automatisation des commandes, en am\u00e9liorant les op\u00e9rations d&#039;entrep\u00f4t avec des robots mobiles autonomes et des syst\u00e8mes de prise de d\u00e9cision en temps r\u00e9el.<\/li>\n\n\n\n<li><strong>Projet44\u00a0:<\/strong> Sp\u00e9cialis\u00e9 dans la visibilit\u00e9 de la cha\u00eene d&#039;approvisionnement, Project44 utilise l&#039;IA pour offrir un suivi en temps r\u00e9el et des analyses pr\u00e9dictives des exp\u00e9ditions, aidant ainsi les entreprises \u00e0 att\u00e9nuer les risques et \u00e0 g\u00e9rer les exceptions.<\/li>\n<\/ul>\n\n\n\n<h2 class=\"wp-block-heading\">Opportunit\u00e9s et d\u00e9fis dans le conseil en automatisation de l&#039;IA de la cha\u00eene d&#039;approvisionnement<\/h2>\n\n\n\n<figure class=\"gb-block-image gb-block-image-f795b6ff\"><img loading=\"lazy\" decoding=\"async\" width=\"1456\" height=\"816\" class=\"gb-image gb-image-f795b6ff\" src=\"https:\/\/www.sisinternational.com\/wp-content\/uploads\/2025\/08\/Logisticv-2.jpg\" alt=\"\u00c9tudes de march\u00e9 et strat\u00e9gie internationales SIS\" title=\"Logisticv (2)\" srcset=\"https:\/\/www.sisinternational.com\/wp-content\/uploads\/2025\/08\/Logisticv-2.jpg 1456w, https:\/\/www.sisinternational.com\/wp-content\/uploads\/2025\/08\/Logisticv-2-300x168.jpg 300w, https:\/\/www.sisinternational.com\/wp-content\/uploads\/2025\/08\/Logisticv-2-1024x574.jpg 1024w, https:\/\/www.sisinternational.com\/wp-content\/uploads\/2025\/08\/Logisticv-2-768x430.jpg 768w, https:\/\/www.sisinternational.com\/wp-content\/uploads\/2025\/08\/Logisticv-2-18x10.jpg 18w\" sizes=\"auto, (max-width: 1456px) 100vw, 1456px\"><\/figure>\n\n\n\n<p><\/p>\n\n\n\n<p>The integration of AI in supply chain operations has opened a vast landscape of opportunities and challenges for <a href=\"https:\/\/www.sisinternational.com\/fr\/solutions\/ai-etudes-de-marche-et-conseil-en-strategie\/automatisation-des-services-de-biens-de-consommation-conseil-en-ia\/\" title=\"Automatisation des biens et services de consommation et conseil en IA\"  data-wpil-monitor-id=\"3886\">consulting services specializing in AI automation<\/a>. Let&#8217;s explore the opportunities and challenges in this rapidly evolving field.<\/p>\n\n\n\n<h3 class=\"wp-block-heading\">Opportunit\u00e9s<\/h3>\n\n\n\n<p><strong>Conseil en transformation num\u00e9rique\u00a0:<\/strong> Alors que les entreprises cherchent \u00e0 num\u00e9riser leurs cha\u00eenes d\u2019approvisionnement, les consultants peuvent offrir des informations pr\u00e9cieuses sur l\u2019application strat\u00e9gique de l\u2019IA pour am\u00e9liorer l\u2019efficacit\u00e9, la visibilit\u00e9 et la r\u00e9silience. Cela englobe tout, de l&#039;analyse pr\u00e9dictive pour la pr\u00e9vision de la demande \u00e0 la robotique dans la gestion des entrep\u00f4ts.<\/p>\n\n\n\n<p><strong>Custom <a href=\"https:\/\/www.sisinternational.com\/fr\/livre-blanc-qui-vient-en-premier-demande-ou-offre\/\" title=\"Livre blanc\u00a0:\u00a0Qu&#039;est-ce qui vient en premier\u00a0: la demande ou l&#039;offre\u00a0?\"  data-wpil-monitor-id=\"4793\">AI<\/a> Solution Development:<\/strong> Il existe une demande croissante de solutions d&#039;IA sur mesure qui r\u00e9pondent \u00e0 des d\u00e9fis sp\u00e9cifiques au sein de la cha\u00eene d&#039;approvisionnement d&#039;une entreprise.<br>Services d&#039;int\u00e9gration\u00a0: une opportunit\u00e9 cl\u00e9 consiste \u00e0 aider les entreprises \u00e0 int\u00e9grer les technologies d&#039;IA \u00e0 leur infrastructure informatique et \u00e0 leurs syst\u00e8mes de cha\u00eene d&#039;approvisionnement existants.<\/p>\n\n\n\n<p><strong>Durabilit\u00e9 et cha\u00eenes d\u2019approvisionnement \u00e9thiques\u00a0:<\/strong> L\u2019IA peut rendre les cha\u00eenes d\u2019approvisionnement plus durables et \u00e9thiques de mani\u00e8re significative en optimisant les moyens de r\u00e9duire les \u00e9missions de carbone ou en surveillant le respect des fournisseurs par rapport aux normes du travail et environnementales. Les consultants peuvent guider les entreprises dans l\u2019exploitation de l\u2019IA \u00e0 ces fins.<\/p>\n\n\n\n<h3 class=\"wp-block-heading\">D\u00e9fis<\/h3>\n\n\n\n<ul class=\"wp-block-list\">\n<li><strong>Complexit\u00e9 des r\u00e9seaux de cha\u00eene d&#039;approvisionnement\u00a0:<\/strong> Les cha\u00eenes d\u2019approvisionnement peuvent \u00eatre incroyablement complexes, s\u2019\u00e9tendant sur plusieurs pays et impliquant de nombreuses parties prenantes. Concevoir des solutions d\u2019IA pour faire face \u00e0 cette complexit\u00e9 et offrir des avantages tangibles constitue un d\u00e9fi de taille.<\/li>\n\n\n\n<li><strong>Qualit\u00e9 et disponibilit\u00e9 des donn\u00e9es\u00a0:<\/strong> Les mod\u00e8les d\u2019IA et d\u2019apprentissage automatique n\u00e9cessitent de grands volumes de donn\u00e9es de haute qualit\u00e9. Dans de nombreuses cha\u00eenes d\u2019approvisionnement, les donn\u00e9es sont cloisonn\u00e9es, obsol\u00e8tes ou de mauvaise qualit\u00e9, ce qui constitue un d\u00e9fi pour une mise en \u0153uvre efficace de l\u2019IA.<\/li>\n\n\n\n<li><strong>\u00c9cart de comp\u00e9tences\u00a0:<\/strong> Il existe un d\u00e9ficit de comp\u00e9tences notable sur le march\u00e9, avec une p\u00e9nurie de professionnels poss\u00e9dant une expertise en mati\u00e8re de cha\u00eene d\u2019approvisionnement et une compr\u00e9hension approfondie des technologies de l\u2019IA. Les cabinets de conseil peuvent avoir besoin d\u2019aide pour recruter et retenir les talents capables de combler cet \u00e9cart.<\/li>\n\n\n\n<li><strong>\u00c9volutivit\u00e9 et flexibilit\u00e9\u00a0:<\/strong> Les cha\u00eenes d&#039;approvisionnement sont dynamiques, avec des mod\u00e8les de demande, des r\u00e9seaux d&#039;approvisionnement et des environnements r\u00e9glementaires en constante \u00e9volution. D\u00e9velopper des solutions d\u2019IA suffisamment \u00e9volutives et flexibles pour s\u2019adapter \u00e0 ces changements est un d\u00e9fi.<\/li>\n\n\n\n<li><strong>Probl\u00e8mes de s\u00e9curit\u00e9 et de confidentialit\u00e9\u00a0:<\/strong> L\u2019utilisation de l\u2019IA dans les cha\u00eenes d\u2019approvisionnement soul\u00e8ve d\u2019importantes pr\u00e9occupations en mati\u00e8re de s\u00e9curit\u00e9 et de confidentialit\u00e9, notamment en ce qui concerne les donn\u00e9es sensibles. Les consultants doivent aborder ces questions avec prudence, en garantissant le respect des r\u00e9glementations telles que le RGPD et en se prot\u00e9geant contre les cybermenaces.<\/li>\n<\/ul>\n\n\n\n<h2 class=\"wp-block-heading\">Perspectives futures du conseil en automatisation de l&#039;IA de la cha\u00eene d&#039;approvisionnement pour les entreprises<\/h2>\n\n\n\n<p>The future of supply chain AI automation consulting looks promising, with continued technological advancements and increasing adoption by businesses. Some key trends and developments expected to shape the future of <a href=\"https:\/\/www.sisinternational.com\/fr\/solutions\/conseil-en-tourisme-de-voyage-et-en-hotellerie\/conseil-en-developpement-touristique\/\" title=\"Conseil en d\u00e9veloppement touristique\"  data-wpil-monitor-id=\"3807\">supply chain AI automation consulting<\/a> inclure:<\/p>\n\n\n\n<ul class=\"wp-block-list\">\n<li><strong>Int\u00e9gration IoT\u00a0:<\/strong> L&#039;int\u00e9gration des appareils IoT avec l&#039;automatisation de l&#039;IA permettra aux entreprises de collecter des donn\u00e9es en temps r\u00e9el \u00e0 diff\u00e9rents points de la cha\u00eene d&#039;approvisionnement, am\u00e9liorant ainsi la visibilit\u00e9 et permettant une prise de d\u00e9cision proactive.<\/li>\n\n\n\n<li><strong>Blockchain pour la transparence de la cha\u00eene d&#039;approvisionnement\u00a0:<\/strong> La technologie blockchain assurera de plus en plus la transparence et la tra\u00e7abilit\u00e9 des cha\u00eenes d\u2019approvisionnement, garantissant ainsi l\u2019authenticit\u00e9 et l\u2019int\u00e9grit\u00e9 des transactions et des enregistrements.<\/li>\n\n\n\n<li><strong>Extension de l&#039;automatisation des processus robotiques (RPA)\u00a0:<\/strong> RPA continuera d\u2019\u00e9tendre sa pr\u00e9sence dans les op\u00e9rations de la cha\u00eene d\u2019approvisionnement, en automatisant les t\u00e2ches r\u00e9p\u00e9titives et en am\u00e9liorant l\u2019efficacit\u00e9 op\u00e9rationnelle.<\/li>\n\n\n\n<li><strong>Focus sur la durabilit\u00e9\u00a0:<\/strong> L&#039;automatisation de l&#039;IA permettra aux entreprises d&#039;optimiser leurs cha\u00eenes d&#039;approvisionnement dans un souci de durabilit\u00e9, en r\u00e9duisant les d\u00e9chets et en minimisant l&#039;impact environnemental.<\/li>\n<\/ul>\n\n\n\n<h2 class=\"wp-block-heading\">Comment le conseil en automatisation de la cha\u00eene d&#039;approvisionnement de SIS International aide les entreprises<\/h2>\n\n\n\n<p>SIS International&#8217;s supply chain AI automation consulting services help businesses navigate the complexities of implementing AI within their supply chain operations. <\/p>\n\n\n\n<ul class=\"wp-block-list\">\n<li><strong>D\u00e9veloppement d&#039;une strat\u00e9gie d&#039;IA personnalis\u00e9e\u00a0:<\/strong> SIS International peut aider les entreprises \u00e0 formuler une strat\u00e9gie d&#039;IA sur mesure qui s&#039;aligne sur les d\u00e9fis et objectifs sp\u00e9cifiques de leur cha\u00eene d&#039;approvisionnement. Cette feuille de route strat\u00e9gique identifie les domaines cl\u00e9s pour l&#039;int\u00e9gration de l&#039;IA, tels que la pr\u00e9vision de la demande, la gestion des stocks et l&#039;optimisation de la logistique.<\/li>\n\n\n\n<li><strong>Int\u00e9gration et d\u00e9ploiement de technologies\u00a0:<\/strong> Nos consultants fournissent une expertise dans la s\u00e9lection et l\u2019int\u00e9gration transparente des technologies d\u2019IA avec les syst\u00e8mes existants. Cela comprend une assistance au d\u00e9ploiement de la robotique dans les entrep\u00f4ts, \u00e0 la mise en \u0153uvre de l&#039;IA pour l&#039;analyse pr\u00e9dictive et \u00e0 l&#039;exploitation des appareils IoT pour le suivi en temps r\u00e9el.<\/li>\n\n\n\n<li><strong>Informations bas\u00e9es sur les donn\u00e9es\u00a0:<\/strong> En exploitant la puissance de l&#039;IA pour l&#039;analyse des donn\u00e9es, SIS International fournit aux entreprises des informations exploitables. Cela permet une meilleure prise de d\u00e9cision concernant la pr\u00e9vision de la demande, la planification de la cha\u00eene d\u2019approvisionnement et la gestion des risques.<\/li>\n\n\n\n<li><strong>Analyses pr\u00e9dictives:<\/strong> Les services de conseil SIS exploitent l&#039;IA pour l&#039;analyse pr\u00e9dictive, permettant aux entreprises d&#039;anticiper les tendances du march\u00e9, les fluctuations de la demande et les perturbations potentielles de la cha\u00eene d&#039;approvisionnement. Cette prospective favorise une prise de d\u00e9cision proactive plut\u00f4t que r\u00e9active.<\/li>\n\n\n\n<li><strong>Formation du personnel et gestion du changement\u00a0:<\/strong> La mise en \u0153uvre de l\u2019IA dans les op\u00e9rations de la cha\u00eene d\u2019approvisionnement n\u00e9cessite souvent un changement culturel au sein de l\u2019organisation. SIS International propose une formation et un soutien pour garantir que le personnel \u00e0 tous les niveaux comprend et adopte les nouvelles technologies.<\/li>\n<\/ul>\n\n\n\n<p><\/p>","protected":false},"excerpt":{"rendered":"<p>Le conseil en automatisation de l\u2019IA de la cha\u00eene d\u2019approvisionnement exploite l\u2019IA et l\u2019automatisation pour am\u00e9liorer et am\u00e9liorer les op\u00e9rations de la cha\u00eene d\u2019approvisionnement.<\/p>","protected":false},"author":1,"featured_media":63704,"parent":44406,"menu_order":73,"comment_status":"closed","ping_status":"closed","template":"","meta":{"footnotes":""},"class_list":["post-46763","page","type-page","status-publish","has-post-thumbnail"],"_links":{"self":[{"href":"https:\/\/www.sisinternational.com\/fr\/wp-json\/wp\/v2\/pages\/46763","targetHints":{"allow":["GET"]}}],"collection":[{"href":"https:\/\/www.sisinternational.com\/fr\/wp-json\/wp\/v2\/pages"}],"about":[{"href":"https:\/\/www.sisinternational.com\/fr\/wp-json\/wp\/v2\/types\/page"}],"author":[{"embeddable":true,"href":"https:\/\/www.sisinternational.com\/fr\/wp-json\/wp\/v2\/users\/1"}],"replies":[{"embeddable":true,"href":"https:\/\/www.sisinternational.com\/fr\/wp-json\/wp\/v2\/comments?post=46763"}],"version-history":[{"count":12,"href":"https:\/\/www.sisinternational.com\/fr\/wp-json\/wp\/v2\/pages\/46763\/revisions"}],"predecessor-version":[{"id":78752,"href":"https:\/\/www.sisinternational.com\/fr\/wp-json\/wp\/v2\/pages\/46763\/revisions\/78752"}],"up":[{"embeddable":true,"href":"https:\/\/www.sisinternational.com\/fr\/wp-json\/wp\/v2\/pages\/44406"}],"wp:featuredmedia":[{"embeddable":true,"href":"https:\/\/www.sisinternational.com\/fr\/wp-json\/wp\/v2\/media\/63704"}],"wp:attachment":[{"href":"https:\/\/www.sisinternational.com\/fr\/wp-json\/wp\/v2\/media?parent=46763"}],"curies":[{"name":"wp","href":"https:\/\/api.w.org\/{rel}","templated":true}]}}