{"id":46678,"date":"2024-03-01T20:22:18","date_gmt":"2024-03-02T01:22:18","guid":{"rendered":"https:\/\/www.sisinternational.com\/?page_id=46678"},"modified":"2026-01-27T16:48:50","modified_gmt":"2026-01-27T21:48:50","slug":"conseil-en-strategie-detudes-de-marche-en-assurance-des-batiments","status":"publish","type":"page","link":"https:\/\/www.sisinternational.com\/fr\/competence\/conseil-en-strategie-detudes-de-marche-en-assurance-des-batiments\/","title":{"rendered":"Building Insurance Market Research"},"content":{"rendered":"<h1 class=\"wp-block-heading\">Building Insurance Market Research <\/h1>\n\n\n\n<figure class=\"gb-block-image gb-block-image-2033a3a8\"><img loading=\"lazy\" decoding=\"async\" width=\"1456\" height=\"816\" class=\"gb-image gb-image-2033a3a8\" src=\"https:\/\/www.sisinternational.com\/wp-content\/uploads\/2025\/08\/Building-3-1.jpg\" alt=\"\u00c9tudes de march\u00e9 et strat\u00e9gie internationales SIS\" title=\"Building (3)\" srcset=\"https:\/\/www.sisinternational.com\/wp-content\/uploads\/2025\/08\/Building-3-1.jpg 1456w, https:\/\/www.sisinternational.com\/wp-content\/uploads\/2025\/08\/Building-3-1-300x168.jpg 300w, https:\/\/www.sisinternational.com\/wp-content\/uploads\/2025\/08\/Building-3-1-1024x574.jpg 1024w, https:\/\/www.sisinternational.com\/wp-content\/uploads\/2025\/08\/Building-3-1-768x430.jpg 768w, https:\/\/www.sisinternational.com\/wp-content\/uploads\/2025\/08\/Building-3-1-18x10.jpg 18w\" sizes=\"auto, (max-width: 1456px) 100vw, 1456px\"><\/figure>\n\n\n\n<p><\/p>\n\n\n\n<p>\u00c0 mesure que les structures deviennent plus sophistiqu\u00e9es et que les menaces auxquelles elles sont confront\u00e9es (des catastrophes naturelles aux al\u00e9as technologiques) deviennent de plus en plus complexes, se lancer dans les \u00e9tudes de march\u00e9 de l&#039;assurance et le conseil en strat\u00e9gie est devenu non seulement b\u00e9n\u00e9fique mais essentiel. Ce domaine sp\u00e9cialis\u00e9 offre une base de connaissances et de vision strat\u00e9gique, cruciales pour naviguer dans le monde complexe de l\u2019assurance b\u00e2timent avec pr\u00e9voyance et perspicacit\u00e9.<\/p>\n\n\n\n<h2 class=\"wp-block-heading\">Qu\u2019est-ce que l\u2019\u00e9tude de march\u00e9 et le conseil en strat\u00e9gie sur l\u2019assurance b\u00e2timent ?<\/h2>\n\n\n\n<p>Les \u00e9tudes de march\u00e9 et les conseils en strat\u00e9gie sur l&#039;assurance b\u00e2timent analysent le secteur de l&#039;assurance b\u00e2timent pour aider les assureurs, les promoteurs immobiliers, les soci\u00e9t\u00e9s de gestion immobili\u00e8re et d&#039;autres parties prenantes \u00e0 naviguer dans les complexit\u00e9s de l&#039;assurance des propri\u00e9t\u00e9s. Cette discipline combine une analyse approfondie du march\u00e9 avec des services de conseil strat\u00e9gique, fournissant un aper\u00e7u des besoins des consommateurs, des tendances du secteur, des facteurs de risque et de la dynamique concurrentielle. L&#039;objectif est de permettre aux entreprises de prendre des d\u00e9cisions \u00e9clair\u00e9es, de d\u00e9velopper des produits d&#039;assurance efficaces et de mettre en \u0153uvre des strat\u00e9gies qui am\u00e9liorent leur comp\u00e9titivit\u00e9 et r\u00e9pondent aux demandes changeantes des propri\u00e9taires et des gestionnaires immobiliers.<\/p>\n\n\n\n<h2 class=\"wp-block-heading\">Importance des \u00e9tudes de march\u00e9 et du conseil en strat\u00e9gie sur l\u2019assurance des b\u00e2timents<\/h2>\n\n\n\n<p><a href=\"https:\/\/www.sisinternational.com\/fr\/competence\/les-industries\/etude-de-marche-sur-les-materiaux-de-construction-ecologiques\/\" title=\"\u00c9tude de march\u00e9 sur les mat\u00e9riaux de construction \u00e9cologiques\"  data-wpil-monitor-id=\"3334\">Building insurance market research<\/a> and strategy consulting provides businesses with invaluable insights into market trends, customer preferences, and competitor strategies. By staying abreast of market developments, businesses can identify emerging opportunities and anticipate potential threats, enabling them to adapt their strategies accordingly.<\/p>\n\n\n\n<p>De plus, les \u00e9tudes de march\u00e9 et le conseil en strat\u00e9gie aident les entreprises \u00e0 naviguer dans les subtilit\u00e9s des cadres r\u00e9glementaires, en garantissant la conformit\u00e9 tout en maximisant l&#039;efficacit\u00e9 op\u00e9rationnelle et en minimisant les risques juridiques.<\/p>\n\n\n\n<p>De plus, les \u00e9tudes de march\u00e9 et le conseil en strat\u00e9gie permettent aux entreprises d&#039;optimiser leurs offres de produits et de services pour r\u00e9pondre aux besoins changeants des clients. En comprenant les pr\u00e9f\u00e9rences des clients, les probl\u00e8mes et le comportement d&#039;achat, les entreprises peuvent adapter leurs offres pour offrir une valeur maximale, am\u00e9liorant ainsi la satisfaction et la fid\u00e9lit\u00e9 des clients.<\/p>\n\n\n\n<h2 class=\"wp-block-heading\">Quels sont les avantages des \u00e9tudes de march\u00e9 et du conseil en strat\u00e9gie sur l\u2019assurance b\u00e2timent ?<\/h2>\n\n\n\n<p>Building <a href=\"https:\/\/www.sisinternational.com\/fr\/competence\/les-industries\/etude-de-marche-sur-lassurance-de-dommages-aux-biens\/\" title=\"\u00c9tude de march\u00e9 sur l\u2019assurance de biens et de responsabilit\u00e9s\"  data-wpil-monitor-id=\"5194\">insurance market research<\/a> and strategy consulting offer several benefits to businesses operating in the sector. Here&#8217;s a brief overview of how these services can positively impact your organization:<\/p>\n\n\n\n<ul class=\"wp-block-list\">\n<li><strong>Prise de d\u00e9cision \u00e9clair\u00e9e\u00a0:<\/strong> En tirant parti des \u00e9tudes de march\u00e9 et des informations strat\u00e9giques, les entreprises peuvent prendre des d\u00e9cisions fond\u00e9es sur des donn\u00e9es et fond\u00e9es sur une compr\u00e9hension approfondie de la dynamique du march\u00e9, des besoins des clients et des forces concurrentielles.<\/li>\n\n\n\n<li><strong>Att\u00e9nuation des risques:<\/strong> Gr\u00e2ce \u00e0 une analyse approfondie des tendances du march\u00e9 et des changements r\u00e9glementaires, les entreprises peuvent identifier et att\u00e9nuer les risques potentiels, prot\u00e9geant ainsi leurs op\u00e9rations et leurs investissements contre les d\u00e9fis impr\u00e9vus.<\/li>\n\n\n\n<li><strong>Avantage comp\u00e9titif:<\/strong> En obtenant des informations sur les strat\u00e9gies des concurrents, leur positionnement sur le march\u00e9 et les pr\u00e9f\u00e9rences des clients, les entreprises peuvent se diff\u00e9rencier sur le march\u00e9 et se forger un avantage concurrentiel.<\/li>\n\n\n\n<li><strong>Identification des opportunit\u00e9s\u00a0:<\/strong> Les \u00e9tudes de march\u00e9 et le conseil en strat\u00e9gie permettent aux entreprises d&#039;identifier et de capitaliser sur les opportunit\u00e9s \u00e9mergentes, qu&#039;il s&#039;agisse de p\u00e9n\u00e9trer de nouveaux march\u00e9s, de lancer des produits innovants ou de cibler des segments de client\u00e8le mal desservis.<\/li>\n\n\n\n<li><strong>Efficacit\u00e9 am\u00e9lior\u00e9e\u00a0:<\/strong> En rationalisant les processus, en optimisant l&#039;allocation des ressources et en identifiant les domaines \u00e0 am\u00e9liorer, les entreprises peuvent am\u00e9liorer leur efficacit\u00e9 op\u00e9rationnelle et r\u00e9aliser des \u00e9conomies.<\/li>\n<\/ul>\n\n\n\n<h2 class=\"wp-block-heading\">Quand effectuer une \u00e9tude de march\u00e9 et un conseil en strat\u00e9gie sur l\u2019assurance des b\u00e2timents<\/h2>\n\n\n\n<figure class=\"gb-block-image gb-block-image-29a9f42e\"><img loading=\"lazy\" decoding=\"async\" width=\"1456\" height=\"816\" class=\"gb-image gb-image-29a9f42e\" src=\"https:\/\/www.sisinternational.com\/wp-content\/uploads\/2025\/08\/Building-8-1.jpg\" alt=\"\u00c9tudes de march\u00e9 et strat\u00e9gie internationales SIS\" title=\"Building (8)\" srcset=\"https:\/\/www.sisinternational.com\/wp-content\/uploads\/2025\/08\/Building-8-1.jpg 1456w, https:\/\/www.sisinternational.com\/wp-content\/uploads\/2025\/08\/Building-8-1-300x168.jpg 300w, https:\/\/www.sisinternational.com\/wp-content\/uploads\/2025\/08\/Building-8-1-1024x574.jpg 1024w, https:\/\/www.sisinternational.com\/wp-content\/uploads\/2025\/08\/Building-8-1-768x430.jpg 768w, https:\/\/www.sisinternational.com\/wp-content\/uploads\/2025\/08\/Building-8-1-18x10.jpg 18w\" sizes=\"auto, (max-width: 1456px) 100vw, 1456px\"><\/figure>\n\n\n\n<p><\/p>\n\n\n\n<p>Determining the optimal timing for conducting <a href=\"https:\/\/www.sisinternational.com\/fr\/optimiser-les-sites-web-dentreprise-pour-le-retour-sur-investissement\/\" title=\"Optimiser les sites Web d&#039;entreprise pour le retour sur investissement\"  data-wpil-monitor-id=\"7590\">building insurance market research and strategy<\/a> consulting is crucial for maximizing the effectiveness of these initiatives. Here are several factors to consider:<\/p>\n\n\n\n<ul class=\"wp-block-list\">\n<li><strong>Entr\u00e9e ou expansion sur le march\u00e9\u00a0:<\/strong> Lorsque vous p\u00e9n\u00e9trez un nouveau march\u00e9 ou que vous vous d\u00e9veloppez dans de nouvelles r\u00e9gions g\u00e9ographiques, la r\u00e9alisation d\u2019\u00e9tudes de march\u00e9 compl\u00e8tes et de conseils en strat\u00e9gie peut fournir des informations inestimables sur la dynamique du march\u00e9, les pr\u00e9f\u00e9rences des clients et le paysage concurrentiel.<\/li>\n\n\n\n<li><strong>Lancement de produit ou de service\u00a0: <\/strong>Avant de lancer un nouveau produit ou service d\u2019assurance dans le secteur de l\u2019assurance b\u00e2timent, il est essentiel de mener une \u00e9tude de march\u00e9 pour \u00e9valuer la demande du march\u00e9, identifier les barri\u00e8res potentielles \u00e0 l\u2019entr\u00e9e et comprendre les pr\u00e9f\u00e9rences des clients. Le conseil en strat\u00e9gie peut aider les entreprises \u00e0 d\u00e9velopper des tactiques de mise sur le march\u00e9, de tarification et de promotion pour maximiser le succ\u00e8s du lancement.<\/li>\n\n\n\n<li><strong>Modifications r\u00e9glementaires\u00a0:<\/strong> Les changements r\u00e9glementaires au sein du secteur de l\u2019assurance b\u00e2timent peuvent affecter consid\u00e9rablement les entreprises. Ainsi, les \u00e9tudes de march\u00e9 et le conseil en strat\u00e9gie permettent aux entreprises de se tenir au courant des \u00e9volutions r\u00e9glementaires, de comprendre leur impact sur les op\u00e9rations et de garantir le respect des lois et r\u00e9glementations en vigueur.<\/li>\n\n\n\n<li><strong>Analyse comp\u00e9titive: <\/strong>Une analyse concurrentielle r\u00e9guli\u00e8re est essentielle pour garder une longueur d\u2019avance sur les concurrents du secteur de l\u2019assurance b\u00e2timent. En effectuant des \u00e9tudes de march\u00e9 et des conseils strat\u00e9giques continus, les entreprises peuvent surveiller les activit\u00e9s de leurs concurrents, \u00e9valuer leurs forces et leurs faiblesses et identifier les opportunit\u00e9s de diff\u00e9renciation et d&#039;avantage concurrentiel.<\/li>\n\n\n\n<li><strong>Planification strat\u00e9gique\u00a0:<\/strong> Les \u00e9tudes de march\u00e9 et le conseil en strat\u00e9gie font partie int\u00e9grante de la planification strat\u00e9gique. Qu&#039;il s&#039;agisse de d\u00e9velopper des strat\u00e9gies de croissance \u00e0 long terme, d&#039;optimiser l&#039;efficacit\u00e9 op\u00e9rationnelle ou d&#039;identifier de nouvelles sources de revenus, ces services fournissent les informations et les conseils n\u00e9cessaires pour \u00e9clairer la prise de d\u00e9cision strat\u00e9gique.<\/li>\n<\/ul>\n\n\n\n<h2 class=\"wp-block-heading\">R\u00e9sultats attendus de nos \u00e9tudes de march\u00e9 et de nos conseils en strat\u00e9gie sur l\u2019assurance des b\u00e2timents<\/h2>\n\n\n\n<p>Businesses can anticipate several key outcomes from <a href=\"https:\/\/www.sisinternational.com\/fr\/comment-developper-votre-entreprise\/\" title=\"Comment d\u00e9velopper votre entreprise\"  data-wpil-monitor-id=\"7270\">building insurance market research and strategy<\/a> consulting:<\/p>\n\n\n\n<ul class=\"wp-block-list\">\n<li><strong>Avantage concurrentiel am\u00e9lior\u00e9\u00a0:<\/strong> Gr\u00e2ce \u00e0 l\u2019analyse concurrentielle et \u00e0 la planification strat\u00e9gique, les entreprises peuvent identifier les opportunit\u00e9s de diff\u00e9renciation et acqu\u00e9rir un avantage concurrentiel sur le march\u00e9. Cela peut impliquer de d\u00e9velopper des propositions de valeur uniques, d&#039;am\u00e9liorer les offres de service client ou de tirer parti des technologies \u00e9mergentes pour r\u00e9pondre aux besoins des clients plus efficacement que les concurrents.<\/li>\n\n\n\n<li><strong>Positionnement am\u00e9lior\u00e9 sur le march\u00e9\u00a0:<\/strong> La cr\u00e9ation d&#039;\u00e9tudes de march\u00e9 et de conseils en strat\u00e9gie d&#039;assurance permet aux entreprises de mieux comprendre leur march\u00e9 cible et d&#039;adapter leurs offres pour r\u00e9pondre plus efficacement aux besoins des clients. Cela conduit \u00e0 un meilleur positionnement sur le march\u00e9, \u00e0 la reconnaissance de la marque et \u00e0 la fid\u00e9lit\u00e9 des clients.<\/li>\n\n\n\n<li><strong>Opportunit\u00e9s de croissance strat\u00e9gique\u00a0:<\/strong> Les \u00e9tudes de march\u00e9 et les conseils en strat\u00e9gie en mati\u00e8re d&#039;assurance b\u00e2timent r\u00e9v\u00e8lent \u00e9galement des opportunit\u00e9s de croissance strat\u00e9gique pour les entreprises, telles que l&#039;entr\u00e9e dans de nouveaux segments de march\u00e9, l&#039;expansion dans de nouvelles r\u00e9gions g\u00e9ographiques ou la diversification des offres de produits. En capitalisant sur ces opportunit\u00e9s, les entreprises peuvent g\u00e9n\u00e9rer une croissance durable et un succ\u00e8s \u00e0 long terme dans le secteur.<\/li>\n<\/ul>\n\n\n\n<h2 class=\"wp-block-heading\">L\u2019approche SIS pour les \u00e9tudes de march\u00e9 et le conseil en strat\u00e9gie dans le domaine de l\u2019assurance<\/h2>\n\n\n\n<p>Chez SIS International, notre approche en mati\u00e8re d&#039;\u00e9tudes de march\u00e9 et de conseil en strat\u00e9gie d&#039;assurance s&#039;engage \u00e0 fournir des informations exploitables et des r\u00e9sultats tangibles \u00e0 nos clients. Voici comment nous abordons ces initiatives\u00a0:<\/p>\n\n\n\n<ul class=\"wp-block-list\">\n<li><strong>M\u00e9thodologies de recherche compl\u00e8tes\u00a0:<\/strong> We employ a diverse range of research methodologies, including quantitative surveys, qualitative interviews, focus groups, and <a class=\"wpil_keyword_link\" href=\"https:\/\/www.sisinternational.com\/fr\/the-impact-of-desk-research-on-strategic-decision-making\/\"   title=\"The Impact of Desk Research on Strategic Decision-Making\" data-wpil-keyword-link=\"linked\"  data-wpil-monitor-id=\"279\">recherche documentaire<\/a>, to gather comprehensive data and insights into the building insurance market. Our rigorous approach ensures we capture a nuanced understanding of market dynamics, customer preferences, and competitive landscape.<\/li>\n\n\n\n<li><strong>Solutions personnalis\u00e9es\u00a0:<\/strong> Nous comprenons que chaque client a des objectifs, des d\u00e9fis et des opportunit\u00e9s uniques. C&#039;est pourquoi nous adaptons nos solutions pour r\u00e9pondre aux besoins de chaque client, en tenant compte de facteurs tels que l&#039;emplacement g\u00e9ographique, les donn\u00e9es d\u00e9mographiques du march\u00e9 cible, l&#039;environnement r\u00e9glementaire et le paysage concurrentiel. Notre approche personnalis\u00e9e garantit que les clients re\u00e7oivent des informations et des strat\u00e9gies sur mesure qui g\u00e9n\u00e8rent des r\u00e9sultats mesurables.<\/li>\n\n\n\n<li><strong>Perspectives et recommandations strat\u00e9giques\u00a0:<\/strong> Nous allons au-del\u00e0 de la simple fourniture de donn\u00e9es et d&#039;informations ; nous proposons des recommandations strat\u00e9giques et des informations exploitables qui permettent \u00e0 nos clients de prendre des d\u00e9cisions \u00e9clair\u00e9es et de faire progresser leur entreprise.<\/li>\n\n\n\n<li><strong>Partenariat collaboratif\u00a0:<\/strong> Nos relations clients sont de v\u00e9ritables partenariats fond\u00e9s sur la confiance, la collaboration et le respect mutuel. Nous travaillons en \u00e9troite collaboration avec nos clients tout au long du processus de recherche, de la planification et de l&#039;ex\u00e9cution du projet \u00e0 l&#039;analyse et \u00e0 la mise en \u0153uvre, en veillant \u00e0 ce que leurs besoins et objectifs uniques soient satisfaits \u00e0 chaque \u00e9tape.<\/li>\n\n\n\n<li><strong>Apprentissage continu et adaptation\u00a0:<\/strong> Le march\u00e9 de l\u2019assurance b\u00e2timent \u00e9volue constamment, avec de nouvelles tendances, technologies et changements r\u00e9glementaires qui fa\u00e7onnent le paysage. Nous gardons une longueur d&#039;avance sur ces d\u00e9veloppements gr\u00e2ce \u00e0 un apprentissage et une adaptation continus, garantissant que nos id\u00e9es et nos recommandations restent pertinentes et percutantes dans un environnement en \u00e9volution rapide.<\/li>\n<\/ul>\n\n\n\n<h2 class=\"wp-block-heading\">Opportunit\u00e9s pour les entreprises<\/h2>\n\n\n\n<p>Les entreprises du secteur de l\u2019assurance b\u00e2timent peuvent b\u00e9n\u00e9ficier de nombreuses opportunit\u00e9s en tirant parti des services d\u2019\u00e9tudes de march\u00e9 et de conseil en strat\u00e9gie en mati\u00e8re d\u2019assurance b\u00e2timent. Voici quelques opportunit\u00e9s cl\u00e9s\u00a0:<\/p>\n\n\n\n<ul class=\"wp-block-list\">\n<li><strong>L&#039;expansion du march\u00e9:<\/strong> Gr\u00e2ce \u00e0 des \u00e9tudes de march\u00e9 approfondies et \u00e0 des conseils en strat\u00e9gie, les entreprises peuvent identifier de nouveaux segments de march\u00e9 et de nouvelles r\u00e9gions g\u00e9ographiques pr\u00e9sentant un potentiel de croissance inexploit\u00e9. En \u00e9largissant leur port\u00e9e dans ces domaines, les entreprises peuvent diversifier leurs sources de revenus et capitaliser sur les opportunit\u00e9s \u00e9mergentes.<\/li>\n\n\n\n<li><strong>Innovation du produit:<\/strong> Les \u00e9tudes de march\u00e9 aident les entreprises \u00e0 comprendre l\u2019\u00e9volution des besoins et des pr\u00e9f\u00e9rences des clients, leur permettant ainsi de d\u00e9velopper des produits d\u2019assurance innovants adapt\u00e9s aux demandes sp\u00e9cifiques du march\u00e9. Le conseil en strat\u00e9gie facilite en outre la mise en \u0153uvre de strat\u00e9gies efficaces de d\u00e9veloppement de produits pour garder une longueur d&#039;avance sur les concurrents et r\u00e9pondre \u00e0 l&#039;\u00e9volution des tendances du march\u00e9.<\/li>\n\n\n\n<li><strong>Marketing et distribution optimis\u00e9s\u00a0:<\/strong> Comprendre les pr\u00e9f\u00e9rences et le comportement des clients est essentiel pour d\u00e9velopper des strat\u00e9gies de marketing et de distribution efficaces. Les \u00e9tudes de march\u00e9 et les conseils en strat\u00e9gie fournissent des informations sur les donn\u00e9es d\u00e9mographiques, les pr\u00e9f\u00e9rences et le comportement d&#039;achat des clients, permettant aux entreprises d&#039;adapter leurs efforts de marketing et leurs canaux de distribution pour un impact et une efficacit\u00e9 maximaux.<\/li>\n<\/ul>","protected":false},"excerpt":{"rendered":"<p>Les \u00e9tudes de march\u00e9 et le conseil en strat\u00e9gie sur l&#039;assurance des b\u00e2timents analysent le secteur de l&#039;assurance pour aider les parties prenantes en mati\u00e8re d&#039;assurance des biens.<\/p>","protected":false},"author":1,"featured_media":63039,"parent":14514,"menu_order":417,"comment_status":"closed","ping_status":"closed","template":"","meta":{"footnotes":""},"class_list":["post-46678","page","type-page","status-publish","has-post-thumbnail"],"_links":{"self":[{"href":"https:\/\/www.sisinternational.com\/fr\/wp-json\/wp\/v2\/pages\/46678","targetHints":{"allow":["GET"]}}],"collection":[{"href":"https:\/\/www.sisinternational.com\/fr\/wp-json\/wp\/v2\/pages"}],"about":[{"href":"https:\/\/www.sisinternational.com\/fr\/wp-json\/wp\/v2\/types\/page"}],"author":[{"embeddable":true,"href":"https:\/\/www.sisinternational.com\/fr\/wp-json\/wp\/v2\/users\/1"}],"replies":[{"embeddable":true,"href":"https:\/\/www.sisinternational.com\/fr\/wp-json\/wp\/v2\/comments?post=46678"}],"version-history":[{"count":13,"href":"https:\/\/www.sisinternational.com\/fr\/wp-json\/wp\/v2\/pages\/46678\/revisions"}],"predecessor-version":[{"id":81213,"href":"https:\/\/www.sisinternational.com\/fr\/wp-json\/wp\/v2\/pages\/46678\/revisions\/81213"}],"up":[{"embeddable":true,"href":"https:\/\/www.sisinternational.com\/fr\/wp-json\/wp\/v2\/pages\/14514"}],"wp:featuredmedia":[{"embeddable":true,"href":"https:\/\/www.sisinternational.com\/fr\/wp-json\/wp\/v2\/media\/63039"}],"wp:attachment":[{"href":"https:\/\/www.sisinternational.com\/fr\/wp-json\/wp\/v2\/media?parent=46678"}],"curies":[{"name":"wp","href":"https:\/\/api.w.org\/{rel}","templated":true}]}}