{"id":46578,"date":"2024-02-28T18:05:04","date_gmt":"2024-02-28T23:05:04","guid":{"rendered":"https:\/\/www.sisinternational.com\/?page_id=46578"},"modified":"2026-01-27T16:37:05","modified_gmt":"2026-01-27T21:37:05","slug":"etude-de-marche-des-produits-nutritionnels-en-afrique","status":"publish","type":"page","link":"https:\/\/www.sisinternational.com\/fr\/couverture\/etude-de-marche-en-afrique\/etude-de-marche-des-produits-nutritionnels-en-afrique\/","title":{"rendered":"\u00c9tude de march\u00e9 sur les produits nutritionnels en Afrique"},"content":{"rendered":"<h1 class=\"wp-block-heading\">\u00c9tude de march\u00e9 sur les produits nutritionnels en Afrique<\/h1>\n\n\n\n<figure class=\"gb-block-image gb-block-image-8b2766d0\"><img loading=\"lazy\" decoding=\"async\" width=\"1456\" height=\"816\" class=\"gb-image gb-image-8b2766d0\" src=\"https:\/\/www.sisinternational.com\/wp-content\/uploads\/2025\/08\/Nutritional-supplement-6.jpg\" alt=\"\u00c9tudes de march\u00e9 et strat\u00e9gie internationales SIS\" title=\"Nutritional supplement (6)\" srcset=\"https:\/\/www.sisinternational.com\/wp-content\/uploads\/2025\/08\/Nutritional-supplement-6.jpg 1456w, https:\/\/www.sisinternational.com\/wp-content\/uploads\/2025\/08\/Nutritional-supplement-6-300x168.jpg 300w, https:\/\/www.sisinternational.com\/wp-content\/uploads\/2025\/08\/Nutritional-supplement-6-1024x574.jpg 1024w, https:\/\/www.sisinternational.com\/wp-content\/uploads\/2025\/08\/Nutritional-supplement-6-768x430.jpg 768w, https:\/\/www.sisinternational.com\/wp-content\/uploads\/2025\/08\/Nutritional-supplement-6-18x10.jpg 18w\" sizes=\"auto, (max-width: 1456px) 100vw, 1456px\"><\/figure>\n\n\n\n<p><\/p>\n\n\n\n<p>L\u2019Afrique est-elle la prochaine grande fronti\u00e8re pour les \u00e9tudes de march\u00e9 sur les produits nutritionnels ? \u00c0 une \u00e9poque o\u00f9 la conscience de la sant\u00e9 et les pr\u00e9f\u00e9rences alimentaires \u00e9voluent rapidement, l\u2019Afrique appara\u00eet comme un terrain fertile pour l\u2019exploration et la croissance dans le secteur des produits nutritionnels. Avec une classe moyenne en plein essor, une urbanisation croissante et une sensibilisation croissante \u00e0 la sant\u00e9 et au bien-\u00eatre, le continent pr\u00e9sente des opportunit\u00e9s inexploit\u00e9es pour les entreprises qui cherchent \u00e0 se d\u00e9velopper ou \u00e0 p\u00e9n\u00e9trer le march\u00e9 des produits nutritionnels.<\/p>\n\n\n\n<p>What Is Nutritional Product <a class=\"wpil_keyword_link\" href=\"https:\/\/www.sisinternational.com\/fr\/etude-de-marche-en-afrique-2\/\"   title=\"Etude de march\u00e9 en Afrique\" data-wpil-keyword-link=\"linked\"  data-wpil-monitor-id=\"281\">Etude de march\u00e9 en Afrique<\/a>?<\/p>\n\n\n\n<p><a href=\"https:\/\/www.sisinternational.com\/fr\/etiquetage-des-produits-nutritionnels-en-asie\/\" title=\"\u00c9tude de march\u00e9 sur l\u2019\u00e9tiquetage et les produits nutritionnels en Asie\"  data-wpil-monitor-id=\"2472\">Nutritional product market research<\/a> in Africa analyzes the diverse and complex landscape of the continent&#8217;s health and wellness sector, studying consumer behaviors, preferences, nutritional needs, and buying patterns related to food supplements, fortified foods, and other health-related products. It enables companies to tailor their products and marketing strategies to meet the specific needs of African consumers, thereby increasing the chances of success in this emerging market.<\/p>\n\n\n\n<p>De plus, ce type de recherche identifie les principaux moteurs de la demande de produits nutritionnels. Qu&#039;il s&#039;agisse de lutter contre la malnutrition, de r\u00e9pondre aux besoins des consommateurs soucieux de leur sant\u00e9 ou de fournir des solutions aux probl\u00e8mes de sant\u00e9 li\u00e9s au mode de vie, comprendre ces facteurs est essentiel pour les entreprises qui cherchent \u00e0 avoir un impact durable.<\/p>\n\n\n\n<p>Importance of Nutritional Product <a href=\"https:\/\/www.sisinternational.com\/fr\/etude-de-marche-sur-le-football-en-afrique\/\" title=\"\u00c9tude de march\u00e9 sur le football en Afrique\"  data-wpil-monitor-id=\"2789\">Etude de march\u00e9 en Afrique<\/a><\/p>\n\n\n\n<p>Nutritional product <a href=\"https:\/\/www.sisinternational.com\/fr\/couverture\/etude-de-marche-en-afrique\/etude-de-marche-en-sierra-leone-afrique\/\" title=\"\u00c9tude de march\u00e9 en Sierra Leone, Afrique\"  data-wpil-monitor-id=\"5091\">market research in Africa<\/a> enables companies to determine and understand the varied nutritional deficiencies and needs across different regions of Africa, helping businesses to align their offerings with the health priorities of their target markets and ensuring that they make a meaningful impact on the lives of consumers.<\/p>\n\n\n\n<p>Deuxi\u00e8mement, cette recherche met en lumi\u00e8re les attitudes des consommateurs \u00e0 l\u2019\u00e9gard de la sant\u00e9 et du bien-\u00eatre, notamment leurs pr\u00e9f\u00e9rences pour les produits naturels et biologiques, qui gagnent du terrain \u00e0 travers le continent. Les consommateurs africains sont de plus en plus soucieux de leur sant\u00e9 et recherchent des produits qui r\u00e9pondent \u00e0 leurs besoins nutritionnels et correspondent \u00e0 leurs valeurs. Gr\u00e2ce \u00e0 des \u00e9tudes de march\u00e9 approfondies, les entreprises inform\u00e9es de ces tendances peuvent se positionner comme leaders dans le domaine, captant l\u2019attention et la fid\u00e9lit\u00e9 d\u2019un segment de march\u00e9 en croissance.<\/p>\n\n\n\n<p>Furthermore, nutritional product <a href=\"https:\/\/www.sisinternational.com\/fr\/couverture\/etude-de-marche-en-afrique\/etude-de-marche-au-zimbabwe-et-en-afrique\/\" title=\"\u00c9tude de march\u00e9 au Zimbabwe, en Afrique\"  data-wpil-monitor-id=\"5116\">market research in Africa<\/a> assists in identifying the most effective distribution channels and marketing strategies to reach consumers. Traditional retail models may not always be effective with a significant portion of the population living in rural areas. Innovative approaches to distribution and communication are required to ensure product accessibility and awareness.<\/p>\n\n\n\n<p>What Are the Benefits of Nutritional Product <a href=\"https:\/\/www.sisinternational.com\/fr\/couverture\/etude-de-marche-en-afrique\/etude-de-marche-en-somalie-afrique\/\" title=\"\u00c9tude de march\u00e9 en Somalie, Afrique\"  data-wpil-monitor-id=\"5143\">Etude de march\u00e9 en Afrique<\/a>?<\/p>\n\n\n\n<p>Nutritional product <a href=\"https:\/\/www.sisinternational.com\/fr\/couverture\/etude-de-marche-en-afrique\/etude-de-marche-en-mauritanie-afrique\/\" title=\"\u00c9tude de march\u00e9 en Mauritanie, Afrique \u2013 un aper\u00e7u\"  data-wpil-monitor-id=\"5280\">market research in Africa<\/a> provides a strategic advantage to businesses by offering deep insights into a diverse and rapidly evolving market. These insights enable companies to make informed decisions, tailor their offerings, and ultimately achieve a competitive edge in the African nutritional product sector.<\/p>\n\n\n\n<ul class=\"wp-block-list\">\n<li><strong>D\u00e9veloppement de produits sur mesure\u00a0:<\/strong> Nutritional <a href=\"https:\/\/www.sisinternational.com\/fr\/competence\/les-industries\/etude-de-marche-sur-la-superiorite-des-produits\/\" title=\"\u00c9tude de march\u00e9 sur la sup\u00e9riorit\u00e9 des produits\"  data-wpil-monitor-id=\"5788\">product market research<\/a> in Africa allows businesses to identify specific nutritional needs, preferences, and consumption patterns across different demographic groups. This level of understanding is critical for developing culturally relevant products and addressing the unique health concerns prevalent in various regions.<\/li>\n\n\n\n<li><strong>Strat\u00e9gies de marketing efficaces\u00a0:<\/strong> Nutritional product <a href=\"https:\/\/www.sisinternational.com\/fr\/couverture\/etude-de-marche-en-afrique\/etude-de-marche-en-afrique-du-sud\/\" title=\"Etude de march\u00e9 en Afrique du Sud\"  data-wpil-monitor-id=\"5859\">market research in Africa<\/a> provides the data needed to create compelling messaging, choose the right marketing mix, and effectively reach target audiences, optimizing marketing spend and increasing return on investment.<\/li>\n\n\n\n<li><strong>Entr\u00e9e et expansion strat\u00e9giques sur le march\u00e9\u00a0:<\/strong> Il permet de localiser les r\u00e9gions \u00e0 forte croissance, de comprendre la dynamique concurrentielle et d&#039;\u00e9valuer la viabilit\u00e9 des diff\u00e9rents canaux de distribution. Cette approche strat\u00e9gique de l\u2019entr\u00e9e et de l\u2019expansion du march\u00e9 r\u00e9duit le risque d\u2019\u00e9chec et garantit que les investissements sont orient\u00e9s vers les opportunit\u00e9s les plus prometteuses.<\/li>\n\n\n\n<li><strong>Innovation et diff\u00e9renciation\u00a0:<\/strong> The insights from nutritional product <a href=\"https:\/\/www.sisinternational.com\/fr\/competence\/les-industries\/etude-de-marche-sur-le-transport-de-carburant\/\" title=\"\u00c9tude de march\u00e9 sur le transport de carburant\"  data-wpil-monitor-id=\"3365\">market research in Africa can fuel<\/a> innovation and help companies differentiate their offerings. By staying ahead of trends and understanding emerging consumer needs, businesses can develop innovative products and services that set them apart from competitors.<\/li>\n\n\n\n<li><strong>Conformit\u00e9 r\u00e9glementaire et gestion des risques\u00a0:<\/strong> Les \u00e9tudes de march\u00e9 fournissent des informations pr\u00e9cieuses sur les exigences r\u00e9glementaires, les all\u00e9gations sant\u00e9 et les normes d&#039;\u00e9tiquetage, garantissant ainsi que les produits sont conformes aux lois et r\u00e9glementations locales. Cela prot\u00e8ge les entreprises des risques juridiques et renforce la confiance des consommateurs de plus en plus soucieux de la s\u00e9curit\u00e9 et de la qualit\u00e9 des produits.<\/li>\n<\/ul>\n\n\n\n<p>Who Uses Nutritional Product <a href=\"https:\/\/www.sisinternational.com\/fr\/couverture\/etude-de-marche-en-afrique\/etude-de-marche-en-afrique-ouganda\/\" title=\"Etude de march\u00e9 en Ouganda, Afrique de l&#039;Est\"  data-wpil-monitor-id=\"6084\">Etude de march\u00e9 en Afrique<\/a>?<\/p>\n\n\n\n<p>Les marques de sant\u00e9 et de bien-\u00eatre se sp\u00e9cialisent dans la cr\u00e9ation, la fabrication et la commercialisation de produits nutritionnels. Ceux-ci comprennent les suppl\u00e9ments, les aliments enrichis, les boissons fonctionnelles et les produits de sant\u00e9 naturels. Pour ces entreprises, les \u00e9tudes de march\u00e9 sont indispensables pour comprendre les besoins des consommateurs, adapter les produits, naviguer dans les paysages concurrentiels et \u00e9laborer des strat\u00e9gies de marketing qui trouvent un \u00e9cho aupr\u00e8s du consommateur africain.<\/p>\n\n\n\n<p>Retailers and Distributors of nutritional products also rely on nutritional product <a href=\"https:\/\/www.sisinternational.com\/fr\/couverture\/etude-de-marche-en-afrique\/etude-de-marche-en-tunisie-afrique\/\" title=\"Etude de march\u00e9 en Tunisie, Afrique\"  data-wpil-monitor-id=\"6238\">market research in Africa<\/a> to make informed decisions about product selection, inventory management, and distribution strategies. Insights into consumer preferences and buying behaviors help these stakeholders optimize their product offerings and enhance their reach in various segments of the African market.<\/p>\n\n\n\n<p>En outre, <a href=\"https:\/\/www.sisinternational.com\/fr\/creation-dorgue-par-imprimantes-3d\/\" title=\"\u00c9tude de march\u00e9 sur la cr\u00e9ation d\u2019organes et les imprimantes 3D\"  data-wpil-monitor-id=\"6894\">Healthcare Providers and Institutions use nutritional product<\/a> market research to stay informed about the latest trends, consumer attitudes toward health and wellness, and the availability of new products. This knowledge enables them to make better recommendations to patients and clients seeking to improve their nutritional intake or address specific health issues.<\/p>\n\n\n\n<p>In addition, Policy Makers and Regulatory Bodies utilize this research to understand the evolving landscape of the <a href=\"https:\/\/www.sisinternational.com\/fr\/etude-de-marche-a-hong-kong\/\" title=\"Etude de march\u00e9 \u00e0 Hong Kong\"  data-wpil-monitor-id=\"2455\">nutritional product<\/a> market. The Insights gained from <a href=\"https:\/\/www.sisinternational.com\/fr\/competence\/les-industries\/etude-de-marche-de-lelite-politique\/\" title=\"\u00c9tude de march\u00e9 sur l\u2019\u00e9lite politique\u00a0\"  data-wpil-monitor-id=\"6231\">market research can inform policy<\/a> development, regulatory frameworks, and public health initiatives aimed at improving the nutritional status of populations across the continent.<\/p>\n\n\n\n<p>Lastly, Non-Governmental Organizations (NGOs) and International Development Agencies leverage <a href=\"https:\/\/www.sisinternational.com\/fr\/solutions\/innovation\/la-pensee-de-conception\/\" title=\"\u00c9tude de march\u00e9 sur le design thinking\"  data-wpil-monitor-id=\"7013\">market research to design<\/a> and implement programs that address nutritional deficiencies and promote health and wellness among vulnerable African populations. Insights into consumer needs and market gaps enable these entities to tailor their interventions for maximum impact.<\/p>\n\n\n\n<p>Critical Success Factors for a Successful Nutritional Product <a href=\"https:\/\/www.sisinternational.com\/fr\/couverture\/etude-de-marche-en-afrique\/etude-de-marche-au-soudan-et-en-afrique\/\" title=\"\u00c9tude de march\u00e9 au Soudan, en Afrique\"  data-wpil-monitor-id=\"6658\">Etude de march\u00e9 en Afrique<\/a><\/p>\n\n\n\n<p>Several critical factors must be considered to ensure the success of nutritional product <a href=\"https:\/\/www.sisinternational.com\/fr\/etude-de-marche-sur-la-sante-emea\/\" title=\"Etude de march\u00e9 des soins de sant\u00e9 en Europe\"  data-wpil-monitor-id=\"7035\">market research in Africa<\/a>. These factors are essential for capturing accurate, relevant, and actionable insights that can guide strategic decisions and contribute to the successful launch, expansion, or adaptation of nutritional products in the African market.<\/p>\n\n\n\n<ul class=\"wp-block-list\">\n<li><strong>Compr\u00e9hension globale de la diversit\u00e9 culturelle\u00a0:<\/strong> L&#039;Afrique poss\u00e8de une immense diversit\u00e9 culturelle avec plus de 2 000 langues. Une \u00e9tude de march\u00e9 r\u00e9ussie doit prendre en compte ces diff\u00e9rences culturelles, en adaptant les m\u00e9thodologies et les interpr\u00e9tations pour refl\u00e9ter les contextes uniques de chaque march\u00e9 cible.<\/li>\n\n\n\n<li><strong>Approche m\u00e9thodologique robuste\u00a0:<\/strong> Employing quantitative and <a class=\"wpil_keyword_link\" href=\"https:\/\/www.sisinternational.com\/fr\/solutions\/solutions-de-recherche-qualitative-et-quantitative\/\"   title=\"Solutions de recherche qualitative et quantitative\" data-wpil-keyword-link=\"linked\"  data-wpil-monitor-id=\"604\">qualitative research<\/a> methodologies ensures a well-rounded market understanding. Quantitative data can provide insights into market size, consumer demographics, and purchasing patterns, while qualitative research sheds light on consumer attitudes, motivations, and behaviors. Combining these approaches offers a comprehensive view of the market landscape.<\/li>\n\n\n\n<li><strong>Perspectives et expertise locales\u00a0:<\/strong> Tirer parti des connaissances et de l\u2019expertise locales est crucial pour naviguer dans les complexit\u00e9s du march\u00e9 africain. Travailler avec des chercheurs ou des entreprises locales qui comprennent les nuances culturelles, la langue et la dynamique du march\u00e9 peut am\u00e9liorer la qualit\u00e9 et la pertinence des r\u00e9sultats de la recherche. L\u2019expertise locale peut \u00e9galement aider \u00e0 s\u2019y retrouver dans les environnements r\u00e9glementaires et \u00e0 identifier les obstacles potentiels \u00e0 l\u2019entr\u00e9e sur le march\u00e9.<\/li>\n\n\n\n<li><strong>Consid\u00e9rations \u00e9thiques et respect de la vie priv\u00e9e\u00a0:<\/strong> Les pratiques de recherche \u00e9thiques sont primordiales, en particulier dans les r\u00e9gions o\u00f9 les normes culturelles sont diverses et les degr\u00e9s de familiarit\u00e9 avec les \u00e9tudes de march\u00e9 varient. Garantir la confidentialit\u00e9, obtenir un consentement \u00e9clair\u00e9 et respecter les coutumes locales et les lois sur la vie priv\u00e9e sont essentiels pour instaurer la confiance avec les participants et garantir l&#039;int\u00e9grit\u00e9 du processus de recherche.<\/li>\n\n\n\n<li><strong>Analyse strat\u00e9gique et recommandations concr\u00e8tes\u00a0:<\/strong> The success of <a href=\"https:\/\/www.sisinternational.com\/fr\/solutions\/solutions-de-recherche-qualitative-et-quantitative\/etude-de-marche-sur-lanalyse-de-grappes\/\" title=\"\u00c9tude de march\u00e9 sur l\u2019analyse de cluster\"  data-wpil-monitor-id=\"7036\">nutritional product market<\/a> research in Africa hinges on translating data into strategic insights and actionable recommendations. The analysis should inform product development, market entry strategies, and marketing plans, providing a clear roadmap for navigating the African market.<\/li>\n<\/ul>\n\n\n\n<p>L\u2019approche SIS de l\u2019\u00e9tude de march\u00e9 des produits nutritionnels en Afrique<\/p>\n\n\n\n<p>L\u2019approche SIS en mati\u00e8re d\u2019\u00e9tude de march\u00e9 sur les produits nutritionnels en Afrique est con\u00e7ue pour s\u2019adapter aux complexit\u00e9s du march\u00e9 africain. Cette approche est con\u00e7ue pour donner aux entreprises les informations n\u00e9cessaires pour prendre des d\u00e9cisions \u00e9clair\u00e9es, garantissant une entr\u00e9e r\u00e9ussie sur le march\u00e9, des lancements de produits et des strat\u00e9gies concurrentielles dans le secteur des produits nutritionnels.<\/p>\n\n\n\n<p>Emphasis on Localized Insights: The cornerstone of the SIS approach is its focus on generating localized insights that account for Africa&#8217;s vast cultural, economic, and social diversity. This involves leveraging local expertise, employing <a href=\"https:\/\/www.sisinternational.com\/fr\/etude-de-marche-tijuana-mexique\/\" title=\"Etude de march\u00e9 \u00e0 Tijuana, Mexique\"  data-wpil-monitor-id=\"2543\">researchers familiar with the specific markets<\/a>, and using culturally sensitive research methodologies.<\/p>\n\n\n\n<ul class=\"wp-block-list\">\n<li><strong>M\u00e9thodologies de recherche int\u00e9gr\u00e9es\u00a0:<\/strong> SIS combines quantitative and qualitative research methodologies to offer a comprehensive view of the market. This might include surveys, focus groups, <a class=\"wpil_keyword_link\" href=\"https:\/\/www.sisinternational.com\/fr\/solutions\/solutions-de-recherche-qualitative-et-quantitative\/entretiens-approfondis\/\"   title=\"Entretiens approfondis\" data-wpil-keyword-link=\"linked\"  data-wpil-monitor-id=\"605\">in-depth interviews<\/a>, and market analysis to capture various data points \u2013 from consumer behavior and preferences to market size and competitive landscapes. Integrating diverse methodologies allows for a richer, more accurate understanding of the market dynamics.<\/li>\n\n\n\n<li><strong>Partenariat strat\u00e9gique et collaboration\u00a0:<\/strong> Reconnaissant l&#039;importance des connaissances locales, SIS s&#039;engage souvent dans des partenariats strat\u00e9giques avec des entreprises et des parties prenantes locales. Ces collaborations am\u00e9liorent le processus de recherche en donnant acc\u00e8s aux r\u00e9seaux locaux, aux connaissances et \u00e0 l&#039;expertise. De tels partenariats garantissent que la recherche est ancr\u00e9e dans les r\u00e9alit\u00e9s du march\u00e9 africain, am\u00e9liorant ainsi la validit\u00e9 et l&#039;applicabilit\u00e9 des r\u00e9sultats.<\/li>\n\n\n\n<li><strong>Solutions ax\u00e9es sur la technologie\u00a0:<\/strong> En s&#039;adaptant aux d\u00e9fis uniques du march\u00e9 africain, SIS utilise une technologie de pointe et des outils num\u00e9riques pour collecter et analyser les donn\u00e9es. Des enqu\u00eates mobiles pour tirer parti de l&#039;utilisation g\u00e9n\u00e9ralis\u00e9e des smartphones aux analyses avanc\u00e9es pour d\u00e9chiffrer des ensembles de donn\u00e9es complexes, la technologie joue un r\u00f4le central dans l&#039;approche SIS, garantissant l&#039;efficacit\u00e9, l&#039;\u00e9volutivit\u00e9 et la profondeur de la recherche.<\/li>\n\n\n\n<li><strong>Concentrez-vous sur des informations exploitables\u00a0:<\/strong> L\u2019objectif ultime de l\u2019approche SIS est de traduire des donn\u00e9es complexes en informations claires et exploitables pour les clients. Cela implique de pr\u00e9senter des donn\u00e9es et de proposer des recommandations strat\u00e9giques pouvant guider les processus de prise de d\u00e9cision. Qu&#039;il s&#039;agisse d&#039;identifier des opportunit\u00e9s d&#039;entr\u00e9e sur le march\u00e9, de sugg\u00e9rer des innovations de produits ou de conseiller sur des strat\u00e9gies de marketing, SIS met l&#039;accent sur l&#039;application pratique des r\u00e9sultats de la recherche.<\/li>\n\n\n\n<li><strong>Pratiques de recherche \u00e9thiques et durables\u00a0:<\/strong> SIS s&#039;engage \u00e0 mener ses recherches de mani\u00e8re \u00e9thique et durable, en respectant la vie priv\u00e9e et les droits des participants et en adh\u00e9rant aux normes d&#039;int\u00e9grit\u00e9 les plus \u00e9lev\u00e9es. Cette position \u00e9thique garantit le respect des r\u00e9glementations locales et internationales et renforce la confiance avec les consommateurs et les partenaires.<\/li>\n<\/ul>\n\n\n\n<p>Opportunities in <a href=\"https:\/\/www.sisinternational.com\/fr\/le-marche-africain-en-mutation\/\" title=\"Recherche d\u2019opportunit\u00e9s de march\u00e9 en Afrique\"  data-wpil-monitor-id=\"2788\">\u00c9tude de march\u00e9 sur les produits nutritionnels en Afrique<\/a> for Businesses<\/p>\n\n\n\n<p>The landscape of nutritional product market <a href=\"https:\/\/www.sisinternational.com\/fr\/leffet-des-cultures-de-marche-nigerianes-sur-les-affaires\/\" title=\"Le march\u00e9 nig\u00e9rian\u00a0: l&#039;effet de la culture sur les affaires\"  data-wpil-monitor-id=\"7478\">research in Africa<\/a> offers many opportunities for businesses aiming to establish or expand their footprint in this diverse market. Understanding consumer needs, market trends, and the competitive environment is crucial for effectively leveraging these opportunities.<\/p>\n\n\n\n<ul class=\"wp-block-list\">\n<li><strong>Lutter contre les carences nutritionnelles\u00a0:<\/strong> L\u2019Afrique est confront\u00e9e \u00e0 des d\u00e9fis nutritionnels uniques, notamment des carences en micronutriments et la d\u00e9nutrition dans certaines r\u00e9gions, ainsi qu\u2019une augmentation de l\u2019ob\u00e9sit\u00e9 dans d\u2019autres. Les entreprises peuvent tirer parti des \u00e9tudes de march\u00e9 pour d\u00e9velopper et introduire des produits sp\u00e9cialement con\u00e7us pour combler ces carences nutritionnelles, en proposant des aliments enrichis, des suppl\u00e9ments et des boissons fonctionnelles adapt\u00e9s aux besoins alimentaires locaux.<\/li>\n\n\n\n<li><strong>Exploiter une conscience croissante de la sant\u00e9\u00a0:<\/strong> Avec une prise de conscience croissante de la sant\u00e9 et du bien-\u00eatre parmi les consommateurs africains, il existe une demande croissante de produits favorisant un mode de vie sain. Les \u00e9tudes de march\u00e9 sur les produits nutritionnels en Afrique peuvent aider les entreprises \u00e0 identifier et \u00e0 r\u00e9pondre \u00e0 cette demande, qu&#039;il s&#039;agisse de produits nutritionnels biologiques, naturels ou b\u00e9n\u00e9fiques pour la sant\u00e9, en exploitant un segment de march\u00e9 pr\u00e9sentant un potentiel de croissance important.<\/li>\n\n\n\n<li><strong>Formats de produits innovants\u00a0:<\/strong> Les pr\u00e9f\u00e9rences des consommateurs en Afrique peuvent diff\u00e9rer consid\u00e9rablement de celles d\u2019autres march\u00e9s en ce qui concerne les formats de produits et les m\u00e9canismes de livraison. Gr\u00e2ce \u00e0 des \u00e9tudes de march\u00e9 cibl\u00e9es, les entreprises peuvent innover dans la conception, l\u2019emballage et la formulation des produits, en introduisant des produits nutritionnels pratiques, accessibles et attrayants qui trouvent un \u00e9cho aupr\u00e8s des consommateurs africains.<\/li>\n\n\n\n<li><strong>Expansion des march\u00e9s urbains\u00a0:<\/strong> L\u2019urbanisation est une tendance cl\u00e9 en Afrique, avec une expansion rapide des villes. Cette croissance urbaine ouvre de nouvelles opportunit\u00e9s aux entreprises pour introduire des produits nutritionnels adapt\u00e9s aux modes de vie occup\u00e9s des citadins, en mettant l&#039;accent sur la commodit\u00e9, l&#039;efficacit\u00e9 et les canaux de vente au d\u00e9tail modernes.<\/li>\n\n\n\n<li><strong>Tirer parti des plateformes num\u00e9riques pour l\u2019engagement et la distribution\u00a0:<\/strong> La r\u00e9volution num\u00e9rique en Afrique, caract\u00e9ris\u00e9e par une utilisation g\u00e9n\u00e9ralis\u00e9e du t\u00e9l\u00e9phone mobile et un acc\u00e8s croissant \u00e0 Internet, offre aux entreprises la possibilit\u00e9 de dialoguer directement avec les consommateurs. Les \u00e9tudes de march\u00e9 sur les produits nutritionnels en Afrique peuvent \u00e9clairer les strat\u00e9gies de marketing num\u00e9rique, de commerce \u00e9lectronique et de mod\u00e8les de vente directe au consommateur, en \u00e9largissant la port\u00e9e et en renfor\u00e7ant la fid\u00e9lit\u00e9 \u00e0 la marque.<\/li>\n<\/ul>","protected":false},"excerpt":{"rendered":"<p>Une \u00e9tude de march\u00e9 sur les produits nutritionnels en Afrique analyse le paysage diversifi\u00e9 et complexe du secteur de la sant\u00e9 et du bien-\u00eatre du continent.<\/p>","protected":false},"author":1,"featured_media":64091,"parent":14281,"menu_order":49,"comment_status":"closed","ping_status":"closed","template":"","meta":{"footnotes":""},"class_list":["post-46578","page","type-page","status-publish","has-post-thumbnail"],"_links":{"self":[{"href":"https:\/\/www.sisinternational.com\/fr\/wp-json\/wp\/v2\/pages\/46578","targetHints":{"allow":["GET"]}}],"collection":[{"href":"https:\/\/www.sisinternational.com\/fr\/wp-json\/wp\/v2\/pages"}],"about":[{"href":"https:\/\/www.sisinternational.com\/fr\/wp-json\/wp\/v2\/types\/page"}],"author":[{"embeddable":true,"href":"https:\/\/www.sisinternational.com\/fr\/wp-json\/wp\/v2\/users\/1"}],"replies":[{"embeddable":true,"href":"https:\/\/www.sisinternational.com\/fr\/wp-json\/wp\/v2\/comments?post=46578"}],"version-history":[{"count":28,"href":"https:\/\/www.sisinternational.com\/fr\/wp-json\/wp\/v2\/pages\/46578\/revisions"}],"predecessor-version":[{"id":81107,"href":"https:\/\/www.sisinternational.com\/fr\/wp-json\/wp\/v2\/pages\/46578\/revisions\/81107"}],"up":[{"embeddable":true,"href":"https:\/\/www.sisinternational.com\/fr\/wp-json\/wp\/v2\/pages\/14281"}],"wp:featuredmedia":[{"embeddable":true,"href":"https:\/\/www.sisinternational.com\/fr\/wp-json\/wp\/v2\/media\/64091"}],"wp:attachment":[{"href":"https:\/\/www.sisinternational.com\/fr\/wp-json\/wp\/v2\/media?parent=46578"}],"curies":[{"name":"wp","href":"https:\/\/api.w.org\/{rel}","templated":true}]}}