{"id":46574,"date":"2024-02-28T18:09:17","date_gmt":"2024-02-28T23:09:17","guid":{"rendered":"https:\/\/www.sisinternational.com\/?page_id=46574"},"modified":"2026-01-26T18:54:06","modified_gmt":"2026-01-26T23:54:06","slug":"conseil-en-etudes-de-marche-sur-linclusion-financiere-dans-les-economies-emergentes","status":"publish","type":"page","link":"https:\/\/www.sisinternational.com\/fr\/solutions\/recherche-de-conseil-en-strategie-fintech\/conseil-en-etudes-de-marche-sur-linclusion-financiere-dans-les-economies-emergentes\/","title":{"rendered":"\u00c9tudes de march\u00e9 et conseil sur l\u2019inclusion financi\u00e8re dans les \u00e9conomies \u00e9mergentes"},"content":{"rendered":"<h1 class=\"wp-block-heading\">\u00c9tudes de march\u00e9 et conseil sur l\u2019inclusion financi\u00e8re dans les \u00e9conomies \u00e9mergentes<\/h1>\n\n\n\n<figure class=\"gb-block-image gb-block-image-5b39bc85\"><img loading=\"lazy\" decoding=\"async\" width=\"1456\" height=\"816\" class=\"gb-image gb-image-5b39bc85\" src=\"https:\/\/www.sisinternational.com\/wp-content\/uploads\/2025\/10\/Emerging-Economy-Financial-Inclusion-2.jpg\" alt=\"\u00c9tudes de march\u00e9 et strat\u00e9gie internationales SIS\" title=\"Emerging Economy Financial Inclusion (2)\" srcset=\"https:\/\/www.sisinternational.com\/wp-content\/uploads\/2025\/10\/Emerging-Economy-Financial-Inclusion-2.jpg 1456w, https:\/\/www.sisinternational.com\/wp-content\/uploads\/2025\/10\/Emerging-Economy-Financial-Inclusion-2-300x168.jpg 300w, https:\/\/www.sisinternational.com\/wp-content\/uploads\/2025\/10\/Emerging-Economy-Financial-Inclusion-2-1024x574.jpg 1024w, https:\/\/www.sisinternational.com\/wp-content\/uploads\/2025\/10\/Emerging-Economy-Financial-Inclusion-2-768x430.jpg 768w, https:\/\/www.sisinternational.com\/wp-content\/uploads\/2025\/10\/Emerging-Economy-Financial-Inclusion-2-18x10.jpg 18w\" sizes=\"auto, (max-width: 1456px) 100vw, 1456px\"><\/figure>\n\n\n\n<p><\/p>\n\n\n\n<hr class=\"wp-block-separator has-alpha-channel-opacity\"\/>\n\n\n\n<p>Les entreprises sont-elles r\u00e9ellement inclusives dans les \u00e9conomies \u00e9mergentes ? L\u2019inclusion financi\u00e8re dans les r\u00e9gions connaissant une croissance \u00e9conomique rapide et une transformation sociale est essentielle \u2013 et les \u00e9tudes de march\u00e9 et les conseils en mati\u00e8re d\u2019inclusion financi\u00e8re dans les \u00e9conomies \u00e9mergentes favorisent un acc\u00e8s \u00e9quitable aux services financiers et favorisent le d\u00e9veloppement durable.<\/p>\n\n\n\n<h2 class=\"wp-block-heading\">Qu\u2019est-ce que l\u2019\u00e9tude de march\u00e9 et le conseil sur l\u2019inclusion financi\u00e8re dans les \u00e9conomies \u00e9mergentes ?<\/h2>\n\n\n\n<p>Les \u00e9tudes de march\u00e9 et le conseil en mati\u00e8re d\u2019inclusion financi\u00e8re dans les \u00e9conomies \u00e9mergentes impliquent une analyse compl\u00e8te du paysage de l\u2019accessibilit\u00e9 et de l\u2019utilisation des services financiers sur les march\u00e9s \u00e9mergents. Il approfondit la compr\u00e9hension des obstacles et des opportunit\u00e9s pour les particuliers et les entreprises d&#039;acc\u00e9der aux services financiers tels que la banque, le cr\u00e9dit, l&#039;assurance et l&#039;investissement et d&#039;en b\u00e9n\u00e9ficier.<\/p>\n\n\n\n<h2 class=\"wp-block-heading\">Pourquoi les entreprises ont-elles besoin d\u2019\u00e9tudes de march\u00e9 et de conseils sur l\u2019inclusion financi\u00e8re dans les \u00e9conomies \u00e9mergentes ?<\/h2>\n\n\n\n<p>Effective emerging <a href=\"https:\/\/www.sisinternational.com\/fr\/etude-de-marche-sur-leconomie-du-partage\/\" title=\"Etude de march\u00e9 dans l&#039;\u00e9conomie du partage\"  data-wpil-monitor-id=\"1922\">economy financial inclusion market research<\/a> and consulting provide businesses with deep insights into consumers&#8217; diverse needs, preferences, and behaviors in emerging economies.<\/p>\n\n\n\n<p>De plus, les \u00e9tudes de march\u00e9 et le conseil en inclusion financi\u00e8re facilitent l\u2019innovation et l\u2019adaptation en identifiant les tendances \u00e9mergentes, les avanc\u00e9es technologiques et les meilleures pratiques dans le domaine. Les entreprises peuvent tirer parti de ces informations pour innover dans leurs mod\u00e8les commerciaux, adopter de nouvelles technologies et garder une longueur d&#039;avance sur leurs concurrents sur des march\u00e9s en \u00e9volution rapide. Cependant, il apporte de nombreux autres avantages tels que :<\/p>\n\n\n\n<ul class=\"wp-block-list\">\n<li><strong>Prise de d\u00e9cision \u00e9clair\u00e9e\u00a0:<\/strong> Businesses can make well-informed decisions backed by data and insights by conducting in-depth market research and leveraging expert <a class=\"wpil_keyword_link\" href=\"https:\/\/www.sisinternational.com\/fr\/solutions\/des-services-de-consultation\/\"   title=\"Des services de consultation\" data-wpil-keyword-link=\"linked\"  data-wpil-monitor-id=\"606\">des services de consultation<\/a>.\u00a0<\/li>\n\n\n\n<li><strong>Strat\u00e9gies sur mesure\u00a0:<\/strong> Les consultants sp\u00e9cialis\u00e9s en inclusion financi\u00e8re comprennent les nuances des \u00e9conomies \u00e9mergentes et les divers besoins des populations mal desservies. Ils travaillent en \u00e9troite collaboration avec les entreprises pour d\u00e9velopper des strat\u00e9gies sur mesure qui r\u00e9pondent \u00e0 des d\u00e9fis sp\u00e9cifiques et capitalisent sur les opportunit\u00e9s, garantissant ainsi la pertinence et l&#039;efficacit\u00e9 de l&#039;ex\u00e9cution.<\/li>\n\n\n\n<li><a href=\"https:\/\/www.sisinternational.com\/fr\/comment-poursuivre-votre-expansion-sur-les-marches-emergents-dans-cette-recession\/\" title=\"Comment poursuivre votre expansion sur les march\u00e9s \u00e9mergents pendant cette r\u00e9cession\"  data-wpil-monitor-id=\"2135\">Market Expansion: Through emerging<\/a> economy financial inclusion market research and consulting, businesses can identify untapped market segments and design products and services that cater to the needs of previously underserved populations. It opens up new avenues for growth and revenue generation, ultimately expanding the reach and impact of businesses in emerging economies.<\/li>\n\n\n\n<li><strong>Opportunit\u00e9s de partenariat\u00a0:<\/strong> <a href=\"https:\/\/www.sisinternational.com\/fr\/solutions\/ai-etudes-de-marche-et-conseil-en-strategie\/reseaux-de-reservation-otas-conseil-en-ia\/\" title=\"Conseil en IA pour les r\u00e9seaux de r\u00e9servation d&#039;OTA\"  data-wpil-monitor-id=\"4451\">Consulting firms often have extensive networks<\/a> and connections within the financial inclusion ecosystem, including government agencies, NGOs, fintech startups, and financial institutions. They can facilitate strategic partnerships and collaborations that enhance businesses&#8217; access to resources, expertise, and funding, enabling them to scale their initiatives more effectively.<\/li>\n<\/ul>\n\n\n\n<h2 class=\"wp-block-heading\">Qui utilise les \u00e9tudes de march\u00e9 et le conseil sur l\u2019inclusion financi\u00e8re dans les \u00e9conomies \u00e9mergentes<\/h2>\n\n\n\n<figure class=\"gb-block-image gb-block-image-3505cefe\"><img loading=\"lazy\" decoding=\"async\" width=\"1456\" height=\"816\" class=\"gb-image gb-image-3505cefe\" src=\"https:\/\/www.sisinternational.com\/wp-content\/uploads\/2025\/10\/Emerging-Economy-Financial-Inclusion-3.jpg\" alt=\"\u00c9tudes de march\u00e9 et strat\u00e9gie internationales SIS\" title=\"Emerging Economy Financial Inclusion (3)\" srcset=\"https:\/\/www.sisinternational.com\/wp-content\/uploads\/2025\/10\/Emerging-Economy-Financial-Inclusion-3.jpg 1456w, https:\/\/www.sisinternational.com\/wp-content\/uploads\/2025\/10\/Emerging-Economy-Financial-Inclusion-3-300x168.jpg 300w, https:\/\/www.sisinternational.com\/wp-content\/uploads\/2025\/10\/Emerging-Economy-Financial-Inclusion-3-1024x574.jpg 1024w, https:\/\/www.sisinternational.com\/wp-content\/uploads\/2025\/10\/Emerging-Economy-Financial-Inclusion-3-768x430.jpg 768w, https:\/\/www.sisinternational.com\/wp-content\/uploads\/2025\/10\/Emerging-Economy-Financial-Inclusion-3-18x10.jpg 18w\" sizes=\"auto, (max-width: 1456px) 100vw, 1456px\"><\/figure>\n\n\n\n<p><\/p>\n\n\n\n<p>Banks, microfinance institutions, and other <a href=\"https:\/\/www.sisinternational.com\/fr\/solutions\/recherche-de-conseil-en-strategie-fintech\/etude-de-marche-sur-le-secteur-des-services-financiers\/\" title=\"\u00c9tude de march\u00e9 sur le secteur des services financiers\"  data-wpil-monitor-id=\"4558\">financial service providers utilize market research<\/a> and consulting to identify opportunities to expand their customer base and improve the accessibility and affordability of their products and services.&nbsp;<\/p>\n\n\n\n<p>En outre, les agences gouvernementales et les d\u00e9cideurs politiques s\u2019appuient sur des \u00e9tudes de march\u00e9 et des conseils pour \u00e9laborer des politiques et des r\u00e9glementations fond\u00e9es sur des donn\u00e9es probantes qui favorisent l\u2019inclusion et la stabilit\u00e9 financi\u00e8res. Les services de conseil aident les gouvernements \u00e0 \u00e9valuer l&#039;efficacit\u00e9 des initiatives existantes, \u00e0 identifier les lacunes de l&#039;infrastructure financi\u00e8re et \u00e0 concevoir des interventions cibl\u00e9es pour \u00e9liminer les obstacles syst\u00e9miques \u00e0 l&#039;acc\u00e8s.<\/p>\n\n\n\n<p>Non-Governmental Organizations (NGOs) leverage <a href=\"https:\/\/www.sisinternational.com\/fr\/solutions\/innovation\/la-pensee-de-conception\/\" title=\"\u00c9tude de march\u00e9 sur le design thinking\"  data-wpil-monitor-id=\"7017\">market research and consulting to design<\/a> and implement programs to improve financial literacy, build capacity among underserved populations, and facilitate access to financial services. These organizations are crucial in bridging the gap between formal financial institutions and marginalized communities.<\/p>\n\n\n\n<p>Additionally, startups in the fintech space rely on <a href=\"https:\/\/www.sisinternational.com\/fr\/solutions\/recherche-de-conseil-en-strategie-fintech\/fintech-aller-au-conseil-sur-le-marche\/\" title=\"Conseil en mise sur le march\u00e9 des technologies financi\u00e8res\"  data-wpil-monitor-id=\"5880\">\u00e9tude de march\u00e9<\/a> and consulting to understand market dynamics, identify niche opportunities, and develop innovative solutions that address the needs of underserved populations. Consulting services provide valuable insights into consumer behavior, regulatory requirements, and emerging trends, helping startups navigate the complexities of the financial inclusion landscape.<\/p>\n\n\n\n<h2 class=\"wp-block-heading\">Quand mener des \u00e9tudes de march\u00e9 et des conseils sur l\u2019inclusion financi\u00e8re dans les \u00e9conomies \u00e9mergentes<\/h2>\n\n\n\n<p>Comprendre le moment optimal pour mener des \u00e9tudes de march\u00e9 et des conseils en mati\u00e8re d\u2019inclusion financi\u00e8re dans les \u00e9conomies \u00e9mergentes est crucial pour maximiser son efficacit\u00e9 et son impact \u2013 et voici les facteurs cl\u00e9s \u00e0 prendre en compte\u00a0:<\/p>\n\n\n\n<ul class=\"wp-block-list\">\n<li><strong>Entr\u00e9e ou expansion sur le march\u00e9\u00a0:<\/strong> Businesses planning to enter new <a href=\"https:\/\/www.sisinternational.com\/fr\/couverture\/les-ameriques\/etude-de-marche-en-amerique-latine\/conseil-en-entree-de-marche-au-bresil\/\" title=\"Conseil en entr\u00e9e de march\u00e9 au Br\u00e9sil\"  data-wpil-monitor-id=\"7091\">markets or expand their operations in emerging<\/a> economies should conduct comprehensive market research and consulting beforehand.\u00a0<\/li>\n\n\n\n<li><strong>\u00c9laboration et r\u00e9forme des politiques\u00a0:<\/strong> Government agencies and policymakers may engage in market research and consulting when formulating or revising policies and regulations related to financial inclusion.\u00a0<\/li>\n\n\n\n<li><strong>Innovation de produit ou de service\u00a0:<\/strong> Businesses seeking to develop or adapt financial products and services for underserved populations can benefit from conducting <a href=\"https:\/\/www.sisinternational.com\/fr\/solutions\/conseil-en-tourisme-de-voyage-et-en-hotellerie\/conseil-en-developpement-touristique\/\" title=\"Conseil en d\u00e9veloppement touristique\"  data-wpil-monitor-id=\"7129\">emerging economy financial inclusion market research<\/a> and consulting.\u00a0<\/li>\n<\/ul>\n\n\n\n<h2 class=\"wp-block-heading\">Opportunit\u00e9s dans les \u00e9conomies \u00e9mergentes \u00c9tudes de march\u00e9 et conseil sur l\u2019inclusion financi\u00e8re pour les entreprises<\/h2>\n\n\n\n<p>L\u2019exploration des opportunit\u00e9s dans les \u00e9conomies \u00e9mergentes, les \u00e9tudes de march\u00e9 et le conseil en mati\u00e8re d\u2019inclusion financi\u00e8re d\u00e9voilent plusieurs pistes permettant aux entreprises de prosp\u00e9rer et de contribuer \u00e0 une croissance \u00e9conomique inclusive\u00a0:<\/p>\n\n\n\n<ul class=\"wp-block-list\">\n<li><strong>D\u00e9veloppement de partenariats\u00a0:<\/strong> Les missions de conseil permettent aux entreprises de forger des partenariats strat\u00e9giques avec des parties prenantes de l&#039;\u00e9cosyst\u00e8me de l&#039;inclusion financi\u00e8re, notamment des agences gouvernementales, des ONG, des startups fintech et des institutions financi\u00e8res. Ces partenariats permettent aux entreprises de tirer parti d&#039;une expertise, de ressources et de r\u00e9seaux compl\u00e9mentaires pour faire \u00e9voluer leurs initiatives plus efficacement.<\/li>\n\n\n\n<li><strong>Leadership en mati\u00e8re d&#039;innovation\u00a0:<\/strong> By investing in market research and consulting, businesses can be leaders in innovation and <a class=\"wpil_keyword_link\" href=\"https:\/\/www.sisinternational.com\/fr\/categorie\/leadership-eclaire\/\"   title=\"Leadership\" data-wpil-keyword-link=\"linked\"  data-wpil-monitor-id=\"607\">leadership \u00e9clair\u00e9<\/a> in financial inclusion. Through developing groundbreaking solutions and disseminating best practices, businesses can shape the future of financial inclusion and drive positive change in emerging economies.<\/li>\n\n\n\n<li><strong>Impact social:<\/strong> Engaging in market research and consulting allows businesses to create meaningful social impact by promoting economic empowerment and reducing inequality.\u00a0<\/li>\n<\/ul>\n\n\n\n<h2 class=\"wp-block-heading\">Les d\u00e9fis de l\u2019\u00e9conomie \u00e9mergente \u00c9tude de march\u00e9 sur l\u2019inclusion financi\u00e8re et conseil pour les entreprises<\/h2>\n\n\n\n<figure class=\"gb-block-image gb-block-image-35dbc27d\"><img loading=\"lazy\" decoding=\"async\" width=\"1456\" height=\"816\" class=\"gb-image gb-image-35dbc27d\" src=\"https:\/\/www.sisinternational.com\/wp-content\/uploads\/2025\/10\/Emerging-Economy-Financial-Inclusion-1.jpg\" alt=\"\u00c9tudes de march\u00e9 et strat\u00e9gie internationales SIS\" title=\"Emerging Economy Financial Inclusion (1)\" srcset=\"https:\/\/www.sisinternational.com\/wp-content\/uploads\/2025\/10\/Emerging-Economy-Financial-Inclusion-1.jpg 1456w, https:\/\/www.sisinternational.com\/wp-content\/uploads\/2025\/10\/Emerging-Economy-Financial-Inclusion-1-300x168.jpg 300w, https:\/\/www.sisinternational.com\/wp-content\/uploads\/2025\/10\/Emerging-Economy-Financial-Inclusion-1-1024x574.jpg 1024w, https:\/\/www.sisinternational.com\/wp-content\/uploads\/2025\/10\/Emerging-Economy-Financial-Inclusion-1-768x430.jpg 768w, https:\/\/www.sisinternational.com\/wp-content\/uploads\/2025\/10\/Emerging-Economy-Financial-Inclusion-1-18x10.jpg 18w\" sizes=\"auto, (max-width: 1456px) 100vw, 1456px\"><\/figure>\n\n\n\n<p><\/p>\n\n\n\n<p>Bien qu\u2019il existe de nombreuses opportunit\u00e9s dans les \u00e9tudes de march\u00e9 et le conseil en mati\u00e8re d\u2019inclusion financi\u00e8re dans les \u00e9conomies \u00e9mergentes, les entreprises sont \u00e9galement confront\u00e9es \u00e0 plusieurs d\u00e9fis pour naviguer dans ce paysage complexe :<\/p>\n\n\n\n<ul class=\"wp-block-list\">\n<li><strong>Complexit\u00e9 r\u00e9glementaire\u00a0:<\/strong> Les cadres r\u00e9glementaires r\u00e9gissant les services financiers varient consid\u00e9rablement selon les \u00e9conomies \u00e9mergentes et sont souvent complexes et \u00e9voluent rapidement. Les entreprises doivent composer avec l\u2019incertitude r\u00e9glementaire, les exigences de conformit\u00e9 et les obstacles juridiques lors de la conception et de la mise en \u0153uvre d\u2019initiatives d\u2019inclusion financi\u00e8re, ce qui peut poser des d\u00e9fis importants et augmenter les risques op\u00e9rationnels.<\/li>\n\n\n\n<li><strong>Facteurs culturels et socio\u00e9conomiques\u00a0:<\/strong> Les normes culturelles, les disparit\u00e9s socio-\u00e9conomiques et les niveaux d\u2019alphab\u00e9tisation peuvent influencer le comportement et les attitudes des consommateurs \u00e0 l\u2019\u00e9gard des services financiers dans les \u00e9conomies \u00e9mergentes. Les entreprises peuvent avoir du mal \u00e0 comprendre et \u00e0 r\u00e9pondre efficacement aux divers besoins et pr\u00e9f\u00e9rences des populations mal desservies, ce qui freine l&#039;adoption et la diffusion de leurs produits et services.<\/li>\n\n\n\n<li><strong>Infrastructure technologique\u00a0:<\/strong> L\u2019acc\u00e8s limit\u00e9 aux infrastructures technologiques, notamment \u00e0 la connectivit\u00e9 Internet et aux appareils mobiles, peut restreindre la port\u00e9e et l\u2019efficacit\u00e9 des services financiers num\u00e9riques dans les \u00e9conomies \u00e9mergentes. Les entreprises doivent innover et adapter leurs solutions pour s\u2019adapter aux environnements \u00e0 faible technologie et garantir l\u2019inclusion de tous les segments de la population.<\/li>\n<\/ul>\n\n\n\n<h2 class=\"wp-block-heading\">Qu\u2019est-ce qui distingue les \u00e9tudes de march\u00e9 et le conseil sur l\u2019inclusion financi\u00e8re dans les \u00e9conomies \u00e9mergentes SIS ?<\/h2>\n\n\n\n<p>The distinctive approach of <a href=\"https:\/\/www.linkedin.com\/company\/sisinternationalresearch\/posts\/?feedView=all\" target=\"_blank\" rel=\"noopener\">SIS<\/a> in emerging economy financial inclusion market research and consulting sets it apart by offering several key advantages:<\/p>\n\n\n\n<ul class=\"wp-block-list\">\n<li><strong>D\u00e9veloppement d\u2019une strat\u00e9gie holistique\u00a0:<\/strong> SIS consulting emphasizes a holistic approach to strategy development, considering the interconnectedness of economic, social, and environmental factors.\u00a0<\/li>\n\n\n\n<li><strong>Innovation et int\u00e9gration technologique\u00a0:<\/strong> SIS is at the forefront of innovation, leveraging cutting-edge technologies such as artificial intelligence, blockchain, and data analytics to develop innovative solutions for financial inclusion.\u00a0<\/li>\n\n\n\n<li><strong>Durabilit\u00e9 \u00e0 long terme\u00a0:<\/strong> Sustainability is a core principle of the SIS approach, guiding every aspect of consulting engagements. SIS <a href=\"https:\/\/www.sisinternational.com\/fr\/solutions\/croissance-mondiale\/approvisionnement-strategique-2\/\" title=\"Solutions d&#039;approvisionnement expertes\" data-wpil-monitor-id=\"6383\">experts prioritize solutions<\/a> that deliver short-term results and promote long-term sustainability by fostering resilience, inclusivity, and environmental stewardship.<\/li>\n\n\n\n<li><strong>Partenariat collaboratif\u00a0:<\/strong> SIS consulting thrives on collaboration, bringing together diverse stakeholders from government, private sector, civil society, and academia to co-create solutions for financial inclusion.\u00a0<\/li>\n\n\n\n<li><strong>Mesure et \u00e9valuation de l\u2019impact\u00a0:<\/strong> SIS s&#039;engage \u00e0 mesurer et \u00e9valuer rigoureusement l&#039;impact des initiatives d&#039;inclusion financi\u00e8re. En employant des cadres de suivi et d&#039;\u00e9valuation robustes, les consultants du SIS peuvent suivre les progr\u00e8s, identifier les le\u00e7ons apprises et am\u00e9liorer continuellement les interventions afin de maximiser leur efficacit\u00e9 et leur impact.<\/li>\n<\/ul>\n\n\n\n<h2 class=\"wp-block-heading\">Notre emplacement \u00e0 New York<\/h2>\n\n\n\n<p>  <iframe loading=\"lazy\" src=\"https:\/\/www.google.com\/maps\/embed?pb=!1m18!1m12!1m3!1d3022.976188376966!2d-73.99130312499956!3d40.740549471389315!2m3!1f0!2f0!3f0!3m2!1i1024!2i768!4f13.1!3m3!1m2!1s0x89c259a15798c731%3A0xd695d09bdd495f25!2s11%20E%2022nd%20St%20FL%202%2C%20New%20York%2C%20NY%2010010%2C%20USA!5e0!3m2!1sen!2spe!4v1726171763526!5m2!1sen!2spe\" width=\"600\" height=\"450\" allowfullscreen=\"allowfullscreen\" data-mce-fragment=\"1\"><\/iframe>  <\/p>\n\n\n\n<h3 class=\"wp-block-heading\">11 E 22nd Street, \u00e9tage 2, New York, NY 10010 T\u00e9l. : +1(212) 505-6805<\/h3>\n\n\n\n<hr class=\"wp-block-separator has-alpha-channel-opacity\"\/>\n\n\n\n<h2 class=\"wp-block-heading\"><span style=\"font-weight: 400;\">\u00c0 propos de SIS International<\/span><\/h2>\n\n\n\n<p><a href=\"https:\/\/www.sisinternational.com\/fr\/\"><span style=\"font-weight: 400;\">SIS International<\/span><\/a><span style=\"font-weight: 400;\"> propose des recherches quantitatives, qualitatives et strat\u00e9giques. Nous fournissons des donn\u00e9es, des outils, des strat\u00e9gies, des rapports et des informations pour la prise de d\u00e9cision. Nous menons \u00e9galement des entretiens, des enqu\u00eates, des groupes de discussion et d\u2019autres m\u00e9thodes et approches d\u2019\u00e9tudes de march\u00e9.<\/span><a href=\"https:\/\/www.sisinternational.com\/fr\/a-propos-de-la-recherche-internationale-sis\/contact-sis-international-market-research\/\"><span style=\"font-weight: 400;\"> Contactez nous<\/span><\/a><span style=\"font-weight: 400;\"> pour votre prochain projet d&#039;\u00e9tude de march\u00e9.<\/span><\/p>","protected":false},"excerpt":{"rendered":"<p>Les \u00e9tudes de march\u00e9 et les conseils en mati\u00e8re d\u2019inclusion financi\u00e8re dans les \u00e9conomies \u00e9mergentes analysent l\u2019accessibilit\u00e9 et l\u2019utilisation des services financiers.<\/p>","protected":false},"author":1,"featured_media":71745,"parent":27462,"menu_order":70,"comment_status":"closed","ping_status":"closed","template":"","meta":{"footnotes":""},"class_list":["post-46574","page","type-page","status-publish","has-post-thumbnail"],"_links":{"self":[{"href":"https:\/\/www.sisinternational.com\/fr\/wp-json\/wp\/v2\/pages\/46574","targetHints":{"allow":["GET"]}}],"collection":[{"href":"https:\/\/www.sisinternational.com\/fr\/wp-json\/wp\/v2\/pages"}],"about":[{"href":"https:\/\/www.sisinternational.com\/fr\/wp-json\/wp\/v2\/types\/page"}],"author":[{"embeddable":true,"href":"https:\/\/www.sisinternational.com\/fr\/wp-json\/wp\/v2\/users\/1"}],"replies":[{"embeddable":true,"href":"https:\/\/www.sisinternational.com\/fr\/wp-json\/wp\/v2\/comments?post=46574"}],"version-history":[{"count":18,"href":"https:\/\/www.sisinternational.com\/fr\/wp-json\/wp\/v2\/pages\/46574\/revisions"}],"predecessor-version":[{"id":80692,"href":"https:\/\/www.sisinternational.com\/fr\/wp-json\/wp\/v2\/pages\/46574\/revisions\/80692"}],"up":[{"embeddable":true,"href":"https:\/\/www.sisinternational.com\/fr\/wp-json\/wp\/v2\/pages\/27462"}],"wp:featuredmedia":[{"embeddable":true,"href":"https:\/\/www.sisinternational.com\/fr\/wp-json\/wp\/v2\/media\/71745"}],"wp:attachment":[{"href":"https:\/\/www.sisinternational.com\/fr\/wp-json\/wp\/v2\/media?parent=46574"}],"curies":[{"name":"wp","href":"https:\/\/api.w.org\/{rel}","templated":true}]}}