{"id":46567,"date":"2024-02-28T18:11:01","date_gmt":"2024-02-28T23:11:01","guid":{"rendered":"https:\/\/www.sisinternational.com\/?page_id=46567"},"modified":"2026-01-26T18:52:15","modified_gmt":"2026-01-26T23:52:15","slug":"etudes-de-marche-et-conseil-en-strategie-pour-pme-fintech","status":"publish","type":"page","link":"https:\/\/www.sisinternational.com\/fr\/solutions\/recherche-de-conseil-en-strategie-fintech\/etudes-de-marche-et-conseil-en-strategie-pour-pme-fintech\/","title":{"rendered":"Etude de march\u00e9 et conseil en strat\u00e9gie pour PME Fintech"},"content":{"rendered":"<h1 class=\"wp-block-heading\">Etude de march\u00e9 et conseil en strat\u00e9gie pour PME Fintech<\/h1>\n\n\n\n<figure class=\"gb-block-image gb-block-image-3d2828ce\"><img loading=\"lazy\" decoding=\"async\" width=\"1456\" height=\"816\" class=\"gb-image gb-image-3d2828ce\" src=\"https:\/\/www.sisinternational.com\/wp-content\/uploads\/2025\/10\/SME-Fintech-3.jpg\" alt=\"\u00c9tudes de march\u00e9 et strat\u00e9gie internationales SIS\" title=\"SME Fintech (3)\" srcset=\"https:\/\/www.sisinternational.com\/wp-content\/uploads\/2025\/10\/SME-Fintech-3.jpg 1456w, https:\/\/www.sisinternational.com\/wp-content\/uploads\/2025\/10\/SME-Fintech-3-300x168.jpg 300w, https:\/\/www.sisinternational.com\/wp-content\/uploads\/2025\/10\/SME-Fintech-3-1024x574.jpg 1024w, https:\/\/www.sisinternational.com\/wp-content\/uploads\/2025\/10\/SME-Fintech-3-768x430.jpg 768w, https:\/\/www.sisinternational.com\/wp-content\/uploads\/2025\/10\/SME-Fintech-3-18x10.jpg 18w\" sizes=\"auto, (max-width: 1456px) 100vw, 1456px\"><\/figure>\n\n\n\n<p><\/p>\n\n\n\n<hr class=\"wp-block-separator has-alpha-channel-opacity\"\/>\n\n\n\n<p>Les petites et moyennes entreprises (PME) exploitent-elles efficacement la puissance de la technologie financi\u00e8re (fintech) pour alimenter leur croissance ? Avec l&#039;\u00e9volution rapide de la finance num\u00e9rique, cette question est devenue de plus en plus pressante, et les \u00e9tudes de march\u00e9 et le conseil en strat\u00e9gie sont des outils essentiels permettant aux PME de stimuler leur croissance et d&#039;acqu\u00e9rir une compr\u00e9hension approfondie du march\u00e9.<\/p>\n\n\n\n<h2 class=\"wp-block-heading\">Qu\u2019est-ce que l\u2019\u00e9tude de march\u00e9 et le conseil en strat\u00e9gie pour les PME Fintech ?<\/h2>\n\n\n\n<p>SME f<a href=\"https:\/\/sisaisolutions.com\/application-of-ai-in-fintech\/\" target=\"_blank\" rel=\"noopener\">intech market research<\/a> and strategy consulting assist small and medium-sized enterprises navigate the complex intersection of financial technology and business strategy. Consultants in this field provide invaluable insights and guidance to SMEs seeking to optimize their use of fintech solutions in payments, lending, insurance, or other domains.<\/p>\n\n\n\n<h2 class=\"wp-block-heading\">Pourquoi les \u00e9tudes de march\u00e9 et le conseil en strat\u00e9gie pour les PME Fintech sont-ils si importants ?<\/h2>\n\n\n\n<p>First and foremost, conducting thorough SME <a class=\"wpil_keyword_link\" href=\"https:\/\/www.sisinternational.com\/fr\/solutions\/conseil-en-strategie\/etude-de-marche-sur-les-technologies-financieres\/\" title=\"\u00c9tude de march\u00e9 sur les technologies financi\u00e8res\" data-wpil-keyword-link=\"linked\" data-wpil-monitor-id=\"282\">\u00e9tude de march\u00e9 sur les technologies financi\u00e8res<\/a> and strategy consulting is essential for SMEs to understand the fintech landscape deeply, including emerging trends, key players, regulatory frameworks, and potential opportunities and threats.&nbsp;<\/p>\n\n\n\n<p>Moreover, consultants work closely with SMEs to develop customized <a href=\"https:\/\/www.sisinternational.com\/fr\/solutions\/conseil-en-strategie\/planification-dun-scenario\/\" title=\"Conseil en strat\u00e9gie de planification de sc\u00e9narios\" data-wpil-monitor-id=\"7110\">strategies<\/a> aligned with their business goals, financial capabilities, and risk tolerance.&nbsp;In any case, embarking on an SME <a href=\"https:\/\/www.sisinternational.com\/fr\/fintech-market-research-trends\/\" title=\"Tendances des \u00e9tudes de march\u00e9 Fintech\" data-wpil-monitor-id=\"2852\">\u00e9tude de march\u00e9 sur les technologies financi\u00e8res<\/a> and strategy consulting journey brings forth many benefits for businesses aiming to thrive in today&#8217;s digital age. Its benefits include:<\/p>\n\n\n\n<ul class=\"wp-block-list\">\n<li><strong>Prise de d\u00e9cision \u00e9clair\u00e9e\u00a0:<\/strong> Gr\u00e2ce aux \u00e9tudes de march\u00e9 et au conseil, les PME obtiennent des informations pr\u00e9cieuses sur les tendances fintech, leur permettant de prendre des d\u00e9cisions \u00e9clair\u00e9es concernant l\u2019adoption de technologies et les investissements.<\/li>\n\n\n\n<li><strong>Att\u00e9nuation des risques:<\/strong> By identifying potential risks and regulatory challenges early on, <a href=\"https:\/\/www.sisinternational.com\/fr\/solutions\/recherche-de-conseil-en-strategie-fintech\/fintech-aller-au-conseil-sur-le-marche\/\" title=\"Conseil en mise sur le march\u00e9 des technologies financi\u00e8res\" data-wpil-monitor-id=\"5866\">consultants help SMEs navigate the fintech<\/a> landscape more effectively, minimizing the likelihood of costly setbacks.<\/li>\n\n\n\n<li><strong>Efficacit\u00e9 am\u00e9lior\u00e9e\u00a0:<\/strong> La mise en \u0153uvre des solutions fintech recommand\u00e9es par le biais des services de conseil rationalise les processus commerciaux, am\u00e9liorant ainsi l&#039;efficacit\u00e9 op\u00e9rationnelle et les \u00e9conomies de co\u00fbts.<\/li>\n\n\n\n<li><strong>Avantage comp\u00e9titif:<\/strong> Tirer parti de la fintech de mani\u00e8re strat\u00e9gique donne aux PME un avantage concurrentiel, leur permettant de diff\u00e9rencier leurs offres, d&#039;attirer des clients et d&#039;\u00e9largir leur part de march\u00e9.<\/li>\n<\/ul>\n\n\n\n<h2 class=\"wp-block-heading\">Qui utilise les \u00e9tudes de march\u00e9 et le conseil en strat\u00e9gie pour les PME Fintech<\/h2>\n\n\n\n<figure class=\"wp-block-image\"><img decoding=\"async\" src=\"https:\/\/www.sisinternational.com\/wp-content\/uploads\/2025\/02\/Fintech-21.jpeg\" alt=\"\u00c9tudes de march\u00e9 et strat\u00e9gie internationales SIS\" class=\"wp-image-56164\"><\/figure>\n\n\n\n<p><\/p>\n\n\n\n<p><strong>Small and Medium-Sized Enterprises<\/strong> often need more resources and expertise to navigate the complex fintech landscape independently.&nbsp;<\/p>\n\n\n\n<p>De plus, <strong>startups<\/strong> seeking to disrupt traditional financial services can leverage consulting services to refine their business models, identify market opportunities, and secure funding from investors. Similarly, <strong>financial Institutions<\/strong> such as banks and credit unions are increasingly turning to SME <a href=\"https:\/\/www.sisinternational.com\/fr\/fintech-trends-2025\/\" title=\"FinTech Trends\" data-wpil-monitor-id=\"6648\">fintech market research and strategy<\/a> consulting to enhance their offerings and stay competitive.<\/p>\n\n\n\n<p><strong>Investors and Venture Capitalists<\/strong> looking to capitalize on the growing fintech market also rely on consulting firms for due diligence and market analysis before making investment decisions. Consultants provide insights into market trends, competitive landscapes, and potential risks.<\/p>\n\n\n\n<h2 class=\"wp-block-heading\">R\u00e9sultats attendus de nos \u00e9tudes de march\u00e9 et conseils en strat\u00e9gie pour les PME Fintech<\/h2>\n\n\n\n<figure class=\"gb-block-image gb-block-image-4c3ee88c\"><img loading=\"lazy\" decoding=\"async\" width=\"1456\" height=\"816\" class=\"gb-image gb-image-4c3ee88c\" src=\"https:\/\/www.sisinternational.com\/wp-content\/uploads\/2025\/10\/SME-Fintech-1.jpg\" alt=\"\u00c9tudes de march\u00e9 et strat\u00e9gie internationales SIS\" title=\"SME Fintech (1)\" srcset=\"https:\/\/www.sisinternational.com\/wp-content\/uploads\/2025\/10\/SME-Fintech-1.jpg 1456w, https:\/\/www.sisinternational.com\/wp-content\/uploads\/2025\/10\/SME-Fintech-1-300x168.jpg 300w, https:\/\/www.sisinternational.com\/wp-content\/uploads\/2025\/10\/SME-Fintech-1-1024x574.jpg 1024w, https:\/\/www.sisinternational.com\/wp-content\/uploads\/2025\/10\/SME-Fintech-1-768x430.jpg 768w, https:\/\/www.sisinternational.com\/wp-content\/uploads\/2025\/10\/SME-Fintech-1-18x10.jpg 18w\" sizes=\"auto, (max-width: 1456px) 100vw, 1456px\"><\/figure>\n\n\n\n<p><\/p>\n\n\n\n<p>S&#039;engager dans des \u00e9tudes de march\u00e9 et des conseils en strat\u00e9gie pour les PME en mati\u00e8re de technologie financi\u00e8re produit une gamme de r\u00e9sultats pour les entreprises, notamment\u00a0:<\/p>\n\n\n\n<ul class=\"wp-block-list\">\n<li><strong>Efficacit\u00e9 op\u00e9rationnelle am\u00e9lior\u00e9e\u00a0:<\/strong> En mettant en \u0153uvre les solutions fintech recommand\u00e9es, les PME peuvent rationaliser leurs op\u00e9rations, automatiser les processus manuels et r\u00e9duire les frais administratifs, ce qui se traduit par des \u00e9conomies de co\u00fbts et une productivit\u00e9 accrue.<\/li>\n\n\n\n<li><strong>Exp\u00e9rience client am\u00e9lior\u00e9e\u00a0:<\/strong> Leveraging fintech enables SMEs to offer innovative products and services tailored to meet their customers&#8217; evolving needs, leading to higher levels of customer satisfaction, loyalty, and retention.<\/li>\n\n\n\n<li><strong>Avantage concurrentiel accru\u00a0:<\/strong> En gardant une longueur d\u2019avance sur les tendances fintech et en adoptant la transformation num\u00e9rique, les PME peuvent se diff\u00e9rencier de leurs concurrents, attirer de nouveaux clients et accro\u00eetre leur part de march\u00e9.<\/li>\n\n\n\n<li><strong>Acc\u00e8s \u00e0 de nouveaux march\u00e9s\u00a0:<\/strong> Les solutions Fintech telles que les plateformes de commerce \u00e9lectronique, les syst\u00e8mes de paiement num\u00e9rique et les applications bancaires mobiles facilitent l&#039;acc\u00e8s aux march\u00e9s mondiaux, permettant aux PME d&#039;atteindre des clients au-del\u00e0 des fronti\u00e8res g\u00e9ographiques traditionnelles.<\/li>\n\n\n\n<li><strong>Att\u00e9nuation des risques et conformit\u00e9\u00a0:<\/strong> Through strategic consulting, SMEs can navigate regulatory challenges and mitigate compliance risks associated with fintech adoption.\u00a0<\/li>\n<\/ul>\n\n\n\n<h2 class=\"wp-block-heading\">Opportunit\u00e9s dans les \u00e9tudes de march\u00e9 et le conseil en strat\u00e9gie pour les PME Fintech<\/h2>\n\n\n\n<p>L\u2019exploration des opportunit\u00e9s dans les \u00e9tudes de march\u00e9 et le conseil en strat\u00e9gie pour les PME en mati\u00e8re de fintech d\u00e9voile de nombreuses voies permettant aux entreprises de prosp\u00e9rer et d\u2019exceller\u00a0:<\/p>\n\n\n\n<ul class=\"wp-block-list\">\n<li><strong>L&#039;expansion du march\u00e9:<\/strong> Les consultants aident les PME \u00e0 tirer parti des solutions fintech pour \u00e9tendre leur port\u00e9e sur le march\u00e9, en exploitant de nouveaux segments de client\u00e8le et march\u00e9s g\u00e9ographiques auparavant inaccessibles par les canaux traditionnels.<\/li>\n\n\n\n<li><strong>Innovation du produit:<\/strong> Gr\u00e2ce aux \u00e9tudes de march\u00e9 et au conseil en strat\u00e9gie, les PME peuvent exploiter la fintech pour innover dans leurs offres de produits, en introduisant de nouvelles caract\u00e9ristiques, fonctionnalit\u00e9s et services \u00e0 valeur ajout\u00e9e qui trouvent un \u00e9cho aupr\u00e8s des clients et les diff\u00e9rencient de leurs concurrents.<\/li>\n\n\n\n<li><strong>Efficacit\u00e9 op\u00e9rationnelle\u00a0:<\/strong> Les solutions Fintech rationalisent les processus internes, automatisent les t\u00e2ches r\u00e9p\u00e9titives et optimisent l&#039;allocation des ressources, ce qui se traduit par une efficacit\u00e9 op\u00e9rationnelle am\u00e9lior\u00e9e, une r\u00e9duction des co\u00fbts et une am\u00e9lioration des performances financi\u00e8res.<\/li>\n\n\n\n<li><strong>Gestion des risques:<\/strong> Les consultants aident les PME \u00e0 g\u00e9rer les complexit\u00e9s r\u00e9glementaires et \u00e0 att\u00e9nuer les risques associ\u00e9s \u00e0 l&#039;adoption des technologies financi\u00e8res, en garantissant le respect des exigences l\u00e9gales et en se prot\u00e9geant contre les menaces potentielles pour la continuit\u00e9 des activit\u00e9s.<\/li>\n\n\n\n<li><strong>Opportunit\u00e9s de partenariat\u00a0:<\/strong> Les cabinets de conseil facilitent les partenariats strat\u00e9giques et les collaborations entre les PME et les fournisseurs de technologies financi\u00e8res, permettant l&#039;acc\u00e8s \u00e0 des technologies innovantes, des ressources partag\u00e9es et de nouvelles sources de revenus.<\/li>\n<\/ul>\n\n\n\n<h2 class=\"wp-block-heading\">Les d\u00e9fis des PME Fintech \u00c9tudes de march\u00e9 et conseil en strat\u00e9gie pour les entreprises<\/h2>\n\n\n\n<p>Malgr\u00e9 les multiples opportunit\u00e9s, les \u00e9tudes de march\u00e9 et le conseil en strat\u00e9gie pour les PME en mati\u00e8re de fintech pr\u00e9sentent \u00e9galement plusieurs d\u00e9fis pour les entreprises, notamment\u00a0:<\/p>\n\n\n\n<ul class=\"wp-block-list\">\n<li><strong>Complexit\u00e9 du paysage Fintech\u00a0:<\/strong> Le rythme rapide de l\u2019innovation technologique et la prolif\u00e9ration des solutions fintech rendent difficile pour les entreprises de naviguer dans le paysage complexe des options, d\u2019\u00e9valuer leur ad\u00e9quation et d\u2019identifier les solutions les plus efficaces pour leurs besoins sp\u00e9cifiques.<\/li>\n\n\n\n<li><strong>Conformit\u00e9 r\u00e9glementaire\u00a0:<\/strong> La conformit\u00e9 aux exigences r\u00e9glementaires en constante \u00e9volution constitue un d\u00e9fi important pour les entreprises qui adoptent des solutions fintech. Naviguer dans les cadres r\u00e9glementaires, garantir la s\u00e9curit\u00e9 des donn\u00e9es et att\u00e9nuer les risques de non-conformit\u00e9 n\u00e9cessitent une expertise et des ressources sp\u00e9cialis\u00e9es.<\/li>\n\n\n\n<li><strong>Int\u00e9gration et mise en \u0153uvre\u00a0:<\/strong> L&#039;int\u00e9gration de nouvelles solutions fintech dans les syst\u00e8mes et flux de travail existants peut s&#039;av\u00e9rer complexe et prendre beaucoup de temps. Les entreprises doivent garantir une int\u00e9gration transparente, l\u2019interop\u00e9rabilit\u00e9 des donn\u00e9es et l\u2019adoption par les utilisateurs pour tirer pleinement parti de l\u2019adoption des technologies financi\u00e8res.<\/li>\n\n\n\n<li><strong>Risques de cybers\u00e9curit\u00e9\u00a0:<\/strong> La num\u00e9risation accrue entra\u00eene des risques accrus en mati\u00e8re de cybers\u00e9curit\u00e9, notamment des violations de donn\u00e9es, des cyberattaques et des fraudes. Les entreprises doivent mettre en \u0153uvre des mesures de cybers\u00e9curit\u00e9 robustes pour prot\u00e9ger les informations sensibles, les donn\u00e9es clients et les transactions financi\u00e8res contre les menaces de s\u00e9curit\u00e9.<\/li>\n<\/ul>\n\n\n\n<h2 class=\"wp-block-heading\">Qu\u2019est-ce qui distingue les \u00e9tudes de march\u00e9 et le conseil en strat\u00e9gie pour les PME Fintech de SIS\u00a0?<\/h2>\n\n\n\n<figure class=\"gb-block-image gb-block-image-80ccc030\"><img loading=\"lazy\" decoding=\"async\" width=\"1456\" height=\"816\" class=\"gb-image gb-image-80ccc030\" src=\"https:\/\/www.sisinternational.com\/wp-content\/uploads\/2025\/10\/SME-Fintech-2.jpg\" alt=\"\u00c9tudes de march\u00e9 et strat\u00e9gie internationales SIS\" title=\"SME Fintech (2)\" srcset=\"https:\/\/www.sisinternational.com\/wp-content\/uploads\/2025\/10\/SME-Fintech-2.jpg 1456w, https:\/\/www.sisinternational.com\/wp-content\/uploads\/2025\/10\/SME-Fintech-2-300x168.jpg 300w, https:\/\/www.sisinternational.com\/wp-content\/uploads\/2025\/10\/SME-Fintech-2-1024x574.jpg 1024w, https:\/\/www.sisinternational.com\/wp-content\/uploads\/2025\/10\/SME-Fintech-2-768x430.jpg 768w, https:\/\/www.sisinternational.com\/wp-content\/uploads\/2025\/10\/SME-Fintech-2-18x10.jpg 18w\" sizes=\"auto, (max-width: 1456px) 100vw, 1456px\"><\/figure>\n\n\n\n<p><\/p>\n\n\n\n<p><a href=\"https:\/\/www.linkedin.com\/company\/sisinternationalresearch\/posts\/?feedView=all\" target=\"_blank\" rel=\"noopener\">SIS<\/a> SME fintech market research and strategy consulting stand out for several distinctive features that set it apart from traditional consulting approaches:<\/p>\n\n\n\n<ul class=\"wp-block-list\">\n<li><strong>Approche centr\u00e9e sur le client\u00a0:<\/strong> Le conseil SIS met fortement l&#039;accent sur la compr\u00e9hension des besoins, des d\u00e9fis et des aspirations uniques de chaque client. Les consultants adoptent une approche sur mesure, d\u00e9veloppant des solutions personnalis\u00e9es qui correspondent aux objectifs commerciaux du client et \u00e0 la dynamique du secteur.<\/li>\n\n\n\n<li><strong>Perspective holistique\u00a0:<\/strong> Rather than focusing solely on technology or strategy in isolation, SIS consulting takes a holistic view of the client&#8217;s business, considering factors such as market trends, regulatory requirements, competitive landscape, and organizational culture.\u00a0<\/li>\n\n\n\n<li><strong>Solutions innovantes:<\/strong> SIS consultants leverage cutting-edge fintech solutions and creative methodologies to drive business transformation and unlock new growth opportunities.\u00a0<\/li>\n\n\n\n<li><strong>Partenariat collaboratif\u00a0:<\/strong> Les experts de SIS favorisent un partenariat collaboratif entre consultants et clients, fond\u00e9 sur la confiance, la transparence et une communication ouverte. Les consultants travaillent en \u00e9troite collaboration avec les clients tout au long du processus de conseil, sollicitant des commentaires, partageant des informations et co-cr\u00e9ant des solutions qui apportent une valeur tangible.<\/li>\n\n\n\n<li><strong>Impact \u00e0 long terme\u00a0:<\/strong> SIS donne la priorit\u00e9 aux solutions qui offrent un impact durable \u00e0 long terme pour ses clients. Les consultants se concentrent sur le renforcement des capacit\u00e9s, la promotion de la r\u00e9silience et la conduite d\u2019une am\u00e9lioration continue pour garantir que les clients sont bien plac\u00e9s pour r\u00e9ussir dans le paysage fintech en constante \u00e9volution.<\/li>\n<\/ul>\n\n\n\n<h2 class=\"wp-block-heading\">Notre emplacement \u00e0 New York<\/h2>\n\n\n\n<p>  <iframe loading=\"lazy\" src=\"https:\/\/www.google.com\/maps\/embed?pb=!1m18!1m12!1m3!1d3022.976188376966!2d-73.99130312499956!3d40.740549471389315!2m3!1f0!2f0!3f0!3m2!1i1024!2i768!4f13.1!3m3!1m2!1s0x89c259a15798c731%3A0xd695d09bdd495f25!2s11%20E%2022nd%20St%20FL%202%2C%20New%20York%2C%20NY%2010010%2C%20USA!5e0!3m2!1sen!2spe!4v1726171763526!5m2!1sen!2spe\" width=\"600\" height=\"450\" allowfullscreen=\"allowfullscreen\" data-mce-fragment=\"1\"><\/iframe>  <\/p>\n\n\n\n<h3 class=\"wp-block-heading\">11 E 22nd Street, \u00e9tage 2, New York, NY 10010 T\u00e9l. : +1(212) 505-6805<\/h3>\n\n\n\n<hr class=\"wp-block-separator has-alpha-channel-opacity\"\/>\n\n\n\n<h2 class=\"wp-block-heading\"><span style=\"font-weight: 400;\">\u00c0 propos de SIS International<\/span><\/h2>\n\n\n\n<p><a href=\"https:\/\/www.sisinternational.com\/fr\/\"><span style=\"font-weight: 400;\">SIS International<\/span><\/a><span style=\"font-weight: 400;\"> propose des recherches quantitatives, qualitatives et strat\u00e9giques. Nous fournissons des donn\u00e9es, des outils, des strat\u00e9gies, des rapports et des informations pour la prise de d\u00e9cision. Nous menons \u00e9galement des entretiens, des enqu\u00eates, des groupes de discussion et d\u2019autres m\u00e9thodes et approches d\u2019\u00e9tudes de march\u00e9.<\/span><a href=\"https:\/\/www.sisinternational.com\/fr\/a-propos-de-la-recherche-internationale-sis\/contact-sis-international-market-research\/\"><span style=\"font-weight: 400;\"> Contactez nous<\/span><\/a><span style=\"font-weight: 400;\"> pour votre prochain projet d&#039;\u00e9tude de march\u00e9.<\/span><\/p>","protected":false},"excerpt":{"rendered":"<p>Les \u00e9tudes de march\u00e9 et le conseil en strat\u00e9gie pour les PME en mati\u00e8re de technologie financi\u00e8re aident les PME en mati\u00e8re de technologie financi\u00e8re et les entreprises \u00e0 conna\u00eetre les tendances du march\u00e9 et \u00e0 formuler des strat\u00e9gies.<\/p>","protected":false},"author":1,"featured_media":71806,"parent":27462,"menu_order":71,"comment_status":"closed","ping_status":"closed","template":"","meta":{"footnotes":""},"class_list":["post-46567","page","type-page","status-publish","has-post-thumbnail"],"_links":{"self":[{"href":"https:\/\/www.sisinternational.com\/fr\/wp-json\/wp\/v2\/pages\/46567","targetHints":{"allow":["GET"]}}],"collection":[{"href":"https:\/\/www.sisinternational.com\/fr\/wp-json\/wp\/v2\/pages"}],"about":[{"href":"https:\/\/www.sisinternational.com\/fr\/wp-json\/wp\/v2\/types\/page"}],"author":[{"embeddable":true,"href":"https:\/\/www.sisinternational.com\/fr\/wp-json\/wp\/v2\/users\/1"}],"replies":[{"embeddable":true,"href":"https:\/\/www.sisinternational.com\/fr\/wp-json\/wp\/v2\/comments?post=46567"}],"version-history":[{"count":17,"href":"https:\/\/www.sisinternational.com\/fr\/wp-json\/wp\/v2\/pages\/46567\/revisions"}],"predecessor-version":[{"id":80674,"href":"https:\/\/www.sisinternational.com\/fr\/wp-json\/wp\/v2\/pages\/46567\/revisions\/80674"}],"up":[{"embeddable":true,"href":"https:\/\/www.sisinternational.com\/fr\/wp-json\/wp\/v2\/pages\/27462"}],"wp:featuredmedia":[{"embeddable":true,"href":"https:\/\/www.sisinternational.com\/fr\/wp-json\/wp\/v2\/media\/71806"}],"wp:attachment":[{"href":"https:\/\/www.sisinternational.com\/fr\/wp-json\/wp\/v2\/media?parent=46567"}],"curies":[{"name":"wp","href":"https:\/\/api.w.org\/{rel}","templated":true}]}}