{"id":46563,"date":"2024-02-28T13:29:46","date_gmt":"2024-02-28T18:29:46","guid":{"rendered":"https:\/\/www.sisinternational.com\/?page_id=46563"},"modified":"2026-01-27T16:48:52","modified_gmt":"2026-01-27T21:48:52","slug":"conseil-en-strategie-detudes-de-marche-pour-investisseurs-esg","status":"publish","type":"page","link":"https:\/\/www.sisinternational.com\/fr\/solutions\/conseil-en-strategie\/conseil-en-strategie-detudes-de-marche-pour-investisseurs-esg\/","title":{"rendered":"ESG Investor Strategy Consulting"},"content":{"rendered":"<h1 class=\"wp-block-heading\">ESG Investor Strategy Consulting<\/h1>\n\n\n\n<figure class=\"gb-block-image gb-block-image-1f30b83f\"><img loading=\"lazy\" decoding=\"async\" width=\"1456\" height=\"816\" class=\"gb-image gb-image-1f30b83f\" src=\"https:\/\/www.sisinternational.com\/wp-content\/uploads\/2025\/10\/ESG-Investor-3.jpg\" alt=\"\u00c9tudes de march\u00e9 et strat\u00e9gie internationales SIS\" title=\"ESG Investor (3)\" srcset=\"https:\/\/www.sisinternational.com\/wp-content\/uploads\/2025\/10\/ESG-Investor-3.jpg 1456w, https:\/\/www.sisinternational.com\/wp-content\/uploads\/2025\/10\/ESG-Investor-3-300x168.jpg 300w, https:\/\/www.sisinternational.com\/wp-content\/uploads\/2025\/10\/ESG-Investor-3-1024x574.jpg 1024w, https:\/\/www.sisinternational.com\/wp-content\/uploads\/2025\/10\/ESG-Investor-3-768x430.jpg 768w, https:\/\/www.sisinternational.com\/wp-content\/uploads\/2025\/10\/ESG-Investor-3-18x10.jpg 18w\" sizes=\"auto, (max-width: 1456px) 100vw, 1456px\"><\/figure>\n\n\n\n<p><\/p>\n\n\n\n<p>Dans le paysage financier actuel en \u00e9volution rapide, l&#039;investissement durable est devenu la pierre angulaire pour les investisseurs cherchant \u00e0 aligner leurs objectifs financiers sur les consid\u00e9rations environnementales, sociales et de gouvernance (ESG). Par cons\u00e9quent, \u00e0 mesure que l\u2019attention port\u00e9e \u00e0 l\u2019investissement ESG s\u2019intensifie, les entreprises se tournent de plus en plus vers les \u00e9tudes de march\u00e9 et le conseil en strat\u00e9gie pour les investisseurs ESG pour naviguer efficacement sur ce terrain complexe.<\/p>\n\n\n\n<h2 class=\"wp-block-heading\">Comprendre les \u00e9tudes de march\u00e9 et le conseil en strat\u00e9gie pour les investisseurs ESG<\/h2>\n\n\n\n<p>Les \u00e9tudes de march\u00e9 et le conseil en strat\u00e9gie ESG pour les investisseurs examinent divers crit\u00e8res environnementaux, sociaux et de gouvernance pour \u00e9valuer leur impact sur la performance des investissements et la gestion des risques. En menant des \u00e9tudes de march\u00e9 approfondies, les consultants identifient les tendances \u00e9mergentes, \u00e9valuent le sentiment des investisseurs et \u00e9valuent le paysage concurrentiel au sein de l\u2019espace d\u2019investissement ESG.<\/p>\n\n\n\n<p>De plus, les \u00e9tudes de march\u00e9 et le conseil en strat\u00e9gie fournissent des informations exploitables pour aider les entreprises \u00e0 d\u00e9velopper des strat\u00e9gies d&#039;investissement ESG robustes et align\u00e9es sur leurs objectifs financiers et leurs objectifs de d\u00e9veloppement durable. Les consultants travaillent en \u00e9troite collaboration avec les clients pour comprendre leurs valeurs uniques, leur tol\u00e9rance au risque et leurs pr\u00e9f\u00e9rences d&#039;investissement, en \u00e9laborant des recommandations pour optimiser la performance du portefeuille tout en promouvant des pratiques d&#039;investissement responsables.<\/p>\n\n\n\n<h2 class=\"wp-block-heading\">Importance des \u00e9tudes de march\u00e9 et du conseil en strat\u00e9gie pour les investisseurs ESG<\/h2>\n\n\n\n<figure class=\"gb-block-image gb-block-image-3898f360\"><img loading=\"lazy\" decoding=\"async\" width=\"1456\" height=\"816\" class=\"gb-image gb-image-3898f360\" src=\"https:\/\/www.sisinternational.com\/wp-content\/uploads\/2025\/10\/ESG-Investor-2.jpg\" alt=\"\u00c9tudes de march\u00e9 et strat\u00e9gie internationales SIS\" title=\"ESG Investor (2)\" srcset=\"https:\/\/www.sisinternational.com\/wp-content\/uploads\/2025\/10\/ESG-Investor-2.jpg 1456w, https:\/\/www.sisinternational.com\/wp-content\/uploads\/2025\/10\/ESG-Investor-2-300x168.jpg 300w, https:\/\/www.sisinternational.com\/wp-content\/uploads\/2025\/10\/ESG-Investor-2-1024x574.jpg 1024w, https:\/\/www.sisinternational.com\/wp-content\/uploads\/2025\/10\/ESG-Investor-2-768x430.jpg 768w, https:\/\/www.sisinternational.com\/wp-content\/uploads\/2025\/10\/ESG-Investor-2-18x10.jpg 18w\" sizes=\"auto, (max-width: 1456px) 100vw, 1456px\"><\/figure>\n\n\n\n<p><\/p>\n\n\n\n<p>Les \u00e9tudes de march\u00e9 et les conseils en strat\u00e9gie ESG pour les investisseurs aident les entreprises \u00e0 identifier et \u00e0 att\u00e9nuer les risques environnementaux, sociaux et de gouvernance qui pourraient avoir un impact sur leurs portefeuilles d&#039;investissement. En int\u00e9grant les facteurs ESG dans leurs processus d\u00e9cisionnels, les entreprises peuvent prot\u00e9ger leurs investissements et pr\u00e9server la valeur actionnariale contre les risques \u00e9mergents li\u00e9s au d\u00e9veloppement durable.<\/p>\n\n\n\n<p>Ces \u00e9tudes de march\u00e9 et ces conseils permettent aux entreprises de mieux comprendre les opportunit\u00e9s et les d\u00e9fis associ\u00e9s \u00e0 l&#039;investissement durable. En analysant les donn\u00e9es et les tendances ESG, les entreprises peuvent prendre des d\u00e9cisions d&#039;investissement \u00e9clair\u00e9es qui correspondent \u00e0 leurs valeurs et \u00e0 leurs objectifs financiers \u00e0 long terme. Cela leur permet d\u2019identifier des opportunit\u00e9s d\u2019investissement attractives dans des secteurs \u00e0 forte performance ESG et d\u2019\u00e9viter les pi\u00e8ges potentiels associ\u00e9s \u00e0 des pratiques non durables.<\/p>\n\n\n\n<p>Les \u00e9tudes de march\u00e9 et le conseil en strat\u00e9gie ESG pour les investisseurs aident \u00e9galement les entreprises \u00e0 am\u00e9liorer leurs relations avec les parties prenantes, notamment les investisseurs, les clients, les employ\u00e9s et les r\u00e9gulateurs. Cela d\u00e9montre un engagement en faveur de la durabilit\u00e9 et de l\u2019investissement responsable, les entreprises peuvent renforcer leur r\u00e9putation, attirer des investisseurs socialement conscients et favoriser une plus grande confiance et loyaut\u00e9 entre les principales parties prenantes. Cependant, il pr\u00e9sente de nombreux autres avantages pour les entreprises, notamment :<\/p>\n\n\n\n<ul class=\"wp-block-list\">\n<li><strong>Gestion am\u00e9lior\u00e9e des risques\u00a0:<\/strong> Les \u00e9tudes de march\u00e9 et le conseil en strat\u00e9gie permettent aux entreprises d&#039;identifier et d&#039;\u00e9valuer les risques li\u00e9s \u00e0 l&#039;ESG qui pourraient avoir un impact sur leurs portefeuilles d&#039;investissement. De plus, en int\u00e9grant les facteurs ESG dans leurs cadres de gestion des risques, les entreprises peuvent renforcer leur r\u00e9silience face aux menaces \u00e9mergentes li\u00e9es au d\u00e9veloppement durable telles que le changement climatique, les changements r\u00e9glementaires et les risques de r\u00e9putation.<\/li>\n\n\n\n<li><strong>Performance financi\u00e8re am\u00e9lior\u00e9e\u00a0:<\/strong> De nombreuses \u00e9tudes ont montr\u00e9 une corr\u00e9lation positive entre de solides performances ESG et les rendements financiers. Les \u00e9tudes de march\u00e9 et le conseil en strat\u00e9gie ESG pour les investisseurs aident les entreprises \u00e0 identifier les opportunit\u00e9s d&#039;investissement pr\u00e9sentant de solides r\u00e9f\u00e9rences ESG, conduisant \u00e0 une am\u00e9lioration des performances financi\u00e8res et un avantage concurrentiel.<\/li>\n\n\n\n<li><strong>Acc\u00e8s au capital et demande des investisseurs\u00a0:<\/strong> Alors que la demande d\u2019investissements durables continue d\u2019augmenter, les entreprises qui donnent la priorit\u00e9 aux consid\u00e9rations ESG sont mieux plac\u00e9es pour attirer les capitaux d\u2019investisseurs socialement conscients tels que les fonds ax\u00e9s sur l\u2019ESG, les fonds de pension et les investisseurs institutionnels.<\/li>\n\n\n\n<li><strong>Engagement et r\u00e9putation am\u00e9lior\u00e9s des parties prenantes\u00a0:<\/strong> Les \u00e9tudes de march\u00e9 et le conseil en strat\u00e9gie aident les entreprises \u00e0 identifier les probl\u00e8mes ESG cl\u00e9s qui comptent le plus pour leurs parties prenantes et \u00e0 d\u00e9velopper des strat\u00e9gies pour y r\u00e9pondre efficacement. En s&#039;engageant avec les parties prenantes sur les questions ESG, les entreprises peuvent am\u00e9liorer leur r\u00e9putation, instaurer la confiance et favoriser des relations \u00e0 long terme qui favorisent une croissance durable de l&#039;entreprise.<\/li>\n\n\n\n<li><strong>Alignement avec les exigences r\u00e9glementaires\u00a0:<\/strong> Les \u00e9tudes de march\u00e9 ESG pour les investisseurs aident les entreprises \u00e0 garder une longueur d&#039;avance sur l&#039;\u00e9volution des r\u00e9glementations et des normes de reporting ESG, en garantissant le respect des exigences l\u00e9gales et des meilleures pratiques du secteur. En adoptant des pratiques de reporting ESG transparentes et robustes, les entreprises peuvent faire preuve de responsabilit\u00e9, att\u00e9nuer les risques r\u00e9glementaires et renforcer leur cr\u00e9dibilit\u00e9 aupr\u00e8s des r\u00e9gulateurs, des investisseurs et des autres parties prenantes.<\/li>\n<\/ul>\n\n\n\n<h2 class=\"wp-block-heading\">Qui utilise les \u00e9tudes de march\u00e9 et le conseil en strat\u00e9gie pour les investisseurs ESG ?<\/h2>\n\n\n\n<p>Investment managers and asset owners such as pension funds, endowments, and sovereign wealth funds, use ESG investor market research and <a href=\"https:\/\/www.sisinternational.com\/fr\/strategies-de-developpement-durable-dentreprise-une-etude-de-cas-siemens\/\" title=\"Strat\u00e9gies de d\u00e9veloppement durable des entreprises\u00a0: une \u00e9tude de cas Siemens\"  data-wpil-monitor-id=\"1751\">conseil en strat\u00e9gie<\/a> to identify investment opportunities that align with their sustainability objectives and financial goals. By integrating ESG considerations into their investment strategies, these stakeholders aim to generate long-term value, manage risk, and meet the growing demand for sustainable investment options from their clients and beneficiaries.<\/p>\n\n\n\n<p>En outre, les dirigeants d&#039;entreprise et les conseils d&#039;administration tirent parti des \u00e9tudes de march\u00e9 et du conseil en strat\u00e9gie pour comprendre les attentes des investisseurs, identifier les risques et opportunit\u00e9s li\u00e9s \u00e0 l&#039;ESG et am\u00e9liorer les pratiques de gouvernance d&#039;entreprise. En donnant la priorit\u00e9 aux facteurs ESG dans leurs processus d\u00e9cisionnels, ces parties prenantes peuvent renforcer leur positionnement concurrentiel, am\u00e9liorer les relations avec les parties prenantes et g\u00e9n\u00e9rer une cr\u00e9ation de valeur \u00e0 long terme pour leurs organisations et leurs actionnaires.<\/p>\n\n\n\n<p>Additionally, financial analysts and <a href=\"https:\/\/www.sisinternational.com\/fr\/couverture\/les-ameriques\/etude-de-marche-dans-les-caraibes\/etude-de-marche-guadeloupe\/\" title=\"Etude de march\u00e9 en Guadeloupe\"  data-wpil-monitor-id=\"6096\">research firms use market<\/a> research and strategy consulting to assess companies&#8217; sustainability performance and risk profile across various sectors and industries. With the analysis and integration of ESG data into their investment models and research reports, these stakeholders provide valuable insights to investors, enabling them to make informed investment decisions based on financial and non-financial factors.<\/p>\n\n\n\n<p>Les r\u00e9gulateurs et les d\u00e9cideurs politiques s&#039;appuient \u00e9galement sur ces \u00e9tudes de march\u00e9 et ces conseils en strat\u00e9gie pour d\u00e9velopper et mettre en \u0153uvre des cadres r\u00e9glementaires qui favorisent la transparence, la responsabilit\u00e9 et la durabilit\u00e9 sur les march\u00e9s financiers. En surveillant les tendances et les pratiques ESG, en \u00e9valuant les risques de march\u00e9 et en s&#039;engageant avec les parties prenantes du secteur, les r\u00e9gulateurs peuvent cr\u00e9er un environnement plus propice \u00e0 l&#039;investissement responsable et garantir l&#039;int\u00e9grit\u00e9 et la stabilit\u00e9 des march\u00e9s financiers.<\/p>\n\n\n\n<h2 class=\"wp-block-heading\">Quand r\u00e9aliser une \u00e9tude de march\u00e9 et un conseil en strat\u00e9gie ESG pour les investisseurs<\/h2>\n\n\n\n<figure class=\"gb-block-image gb-block-image-9cac8af4\"><img loading=\"lazy\" decoding=\"async\" width=\"1456\" height=\"816\" class=\"gb-image gb-image-9cac8af4\" src=\"https:\/\/www.sisinternational.com\/wp-content\/uploads\/2025\/10\/ESG-Investor-4.jpg\" alt=\"\u00c9tudes de march\u00e9 et strat\u00e9gie internationales SIS\" title=\"ESG Investor (4)\" srcset=\"https:\/\/www.sisinternational.com\/wp-content\/uploads\/2025\/10\/ESG-Investor-4.jpg 1456w, https:\/\/www.sisinternational.com\/wp-content\/uploads\/2025\/10\/ESG-Investor-4-300x168.jpg 300w, https:\/\/www.sisinternational.com\/wp-content\/uploads\/2025\/10\/ESG-Investor-4-1024x574.jpg 1024w, https:\/\/www.sisinternational.com\/wp-content\/uploads\/2025\/10\/ESG-Investor-4-768x430.jpg 768w, https:\/\/www.sisinternational.com\/wp-content\/uploads\/2025\/10\/ESG-Investor-4-18x10.jpg 18w\" sizes=\"auto, (max-width: 1456px) 100vw, 1456px\"><\/figure>\n\n\n\n<p><\/p>\n\n\n\n<p>Determining the optimal timing for conducting <a href=\"https:\/\/www.sisinternational.com\/fr\/optimiser-les-sites-web-dentreprise-pour-le-retour-sur-investissement\/\" title=\"Optimiser les sites Web d&#039;entreprise pour le retour sur investissement\"  data-wpil-monitor-id=\"7596\">ESG investor market research and strategy<\/a> consulting involves considering various factors and aligning with strategic objectives. Here are some key considerations:<\/p>\n\n\n\n<ul class=\"wp-block-list\">\n<li><strong>Cycles de reporting d&#039;entreprise\u00a0:<\/strong> Les entreprises doivent aligner le calendrier des \u00e9tudes de march\u00e9 des investisseurs ESG sur les cycles de reporting de l\u2019entreprise, tels que les p\u00e9riodes de reporting annuelles ou trimestrielles, afin de garantir une divulgation en temps opportun des informations ESG, le respect des exigences r\u00e9glementaires et une communication transparente avec les parties prenantes.<\/li>\n\n\n\n<li><strong>Due Diligence en mati\u00e8re de fusions et acquisitions (M&amp;A)\u00a0:<\/strong> La r\u00e9alisation d\u2019\u00e9tudes de march\u00e9 et de conseils en strat\u00e9gie dans le cadre des processus de due diligence en mati\u00e8re de fusions et acquisitions est essentielle pour \u00e9valuer les risques et opportunit\u00e9s ESG associ\u00e9s aux entreprises cibles, \u00e9valuer les synergies potentielles et les d\u00e9fis d\u2019int\u00e9gration, et att\u00e9nuer les risques li\u00e9s \u00e0 l\u2019ESG dans les n\u00e9gociations d\u2019accords.<\/li>\n\n\n\n<li><strong>Obligations de conformit\u00e9 r\u00e9glementaire et de divulgation\u00a0:<\/strong> Il est essentiel de se tenir au courant de l\u2019\u00e9volution des exigences r\u00e9glementaires et des normes de l\u2019industrie li\u00e9es \u00e0 la divulgation, au reporting et \u00e0 la conformit\u00e9 ESG, et de mener des \u00e9tudes de march\u00e9 ESG pour les investisseurs en cons\u00e9quence afin de garantir le respect des mandats r\u00e9glementaires et d\u2019att\u00e9nuer les risques r\u00e9glementaires.<\/li>\n<\/ul>\n\n\n\n<h2 class=\"wp-block-heading\">R\u00e9sultats attendus de nos \u00e9tudes de march\u00e9 et conseils en strat\u00e9gie pour les investisseurs ESG<\/h2>\n\n\n\n<p>S&#039;engager dans des \u00e9tudes de march\u00e9 et des conseils en strat\u00e9gie ESG pour les investisseurs peut conduire \u00e0 une s\u00e9rie de r\u00e9sultats positifs pour les organisations engag\u00e9es en faveur du d\u00e9veloppement durable et des pratiques commerciales responsables \u2013 et voici quelques r\u00e9sultats attendus\u00a0:<\/p>\n\n\n\n<ul class=\"wp-block-list\">\n<li><strong>Performance ESG am\u00e9lior\u00e9e\u00a0:<\/strong> Gr\u00e2ce \u00e0 des \u00e9tudes de march\u00e9 approfondies et \u00e0 des conseils strat\u00e9giques, les organisations peuvent identifier les opportunit\u00e9s d\u2019am\u00e9liorer leurs performances ESG.<\/li>\n\n\n\n<li><strong>Gestion am\u00e9lior\u00e9e des risques\u00a0:<\/strong> Les \u00e9tudes de march\u00e9 et le conseil en strat\u00e9gie aident les organisations \u00e0 identifier et \u00e0 att\u00e9nuer les risques li\u00e9s \u00e0 l&#039;ESG, tels que les probl\u00e8mes de conformit\u00e9 r\u00e9glementaire, les perturbations de la cha\u00eene d&#039;approvisionnement et les atteintes \u00e0 la r\u00e9putation.<\/li>\n\n\n\n<li><strong>Acc\u00e8s au capital\u00a0:<\/strong> Faire preuve de solides performances ESG et d\u2019un engagement en faveur du d\u00e9veloppement durable peut attirer les investisseurs qui privil\u00e9gient les crit\u00e8res d\u2019investissement responsable.<\/li>\n\n\n\n<li><strong>Confiance renforc\u00e9e des parties prenantes\u00a0:<\/strong> Gr\u00e2ce \u00e0 des rapports et \u00e0 une communication transparents sur les performances ESG, les organisations peuvent renforcer la confiance et la cr\u00e9dibilit\u00e9 aupr\u00e8s des parties prenantes, notamment les investisseurs, les clients, les employ\u00e9s et les communaut\u00e9s.<\/li>\n\n\n\n<li><strong>Innovation et croissance des entreprises\u00a0:<\/strong> <a href=\"https:\/\/www.sisinternational.com\/fr\/solutions\/ai-etudes-de-marche-et-conseil-en-strategie\/cabinet-de-conseil-en-strategie-de-croissance\/\" title=\"Cabinet de Conseil en Strat\u00e9gie de Croissance\"  data-wpil-monitor-id=\"1696\">ESG investor market research and strategy consulting<\/a> can uncover opportunities for innovation, product development, and market expansion aligned with sustainability trends and stakeholder preferences.<\/li>\n<\/ul>\n\n\n\n<h2 class=\"wp-block-heading\">L\u2019approche SIS en mati\u00e8re d\u2019\u00e9tudes de march\u00e9 et de conseil en strat\u00e9gie pour les investisseurs ESG<\/h2>\n\n\n\n<figure class=\"gb-block-image gb-block-image-0fa1240c\"><img loading=\"lazy\" decoding=\"async\" width=\"1456\" height=\"816\" class=\"gb-image gb-image-0fa1240c\" src=\"https:\/\/www.sisinternational.com\/wp-content\/uploads\/2025\/10\/ESG-Investor-1.jpg\" alt=\"\u00c9tudes de march\u00e9 et strat\u00e9gie internationales SIS\" title=\"ESG Investor (1)\" srcset=\"https:\/\/www.sisinternational.com\/wp-content\/uploads\/2025\/10\/ESG-Investor-1.jpg 1456w, https:\/\/www.sisinternational.com\/wp-content\/uploads\/2025\/10\/ESG-Investor-1-300x168.jpg 300w, https:\/\/www.sisinternational.com\/wp-content\/uploads\/2025\/10\/ESG-Investor-1-1024x574.jpg 1024w, https:\/\/www.sisinternational.com\/wp-content\/uploads\/2025\/10\/ESG-Investor-1-768x430.jpg 768w, https:\/\/www.sisinternational.com\/wp-content\/uploads\/2025\/10\/ESG-Investor-1-18x10.jpg 18w\" sizes=\"auto, (max-width: 1456px) 100vw, 1456px\"><\/figure>\n\n\n\n<p><\/p>\n\n\n\n<p>Chez SIS, notre approche d&#039;\u00e9tude de march\u00e9 et de conseil en strat\u00e9gie pour les investisseurs ESG est ancr\u00e9e dans un cadre complet et int\u00e9gr\u00e9 englobant la durabilit\u00e9, l&#039;impact et l&#039;engagement des parties prenantes. Nous visons \u00e0 cr\u00e9er une valeur durable, un impact social et environnemental positif et un engagement significatif avec les parties prenantes de l\u2019ensemble de l\u2019\u00e9cosyst\u00e8me d\u2019investissement en nous concentrant sur ces principes fondamentaux.<\/p>\n\n\n\n<ul class=\"wp-block-list\">\n<li><strong>Durabilit\u00e9:<\/strong> Notre approche commence par une compr\u00e9hension approfondie des principes et des pratiques de d\u00e9veloppement durable, reconnaissant l&#039;importance de la cr\u00e9ation de valeur \u00e0 long terme, de la gestion environnementale et de la responsabilit\u00e9 sociale. Nous travaillons en \u00e9troite collaboration avec nos clients pour \u00e9valuer leur performance ESG, identifier les probl\u00e8mes importants et d\u00e9velopper des strat\u00e9gies pour int\u00e9grer la durabilit\u00e9 dans leurs processus d&#039;investissement et leurs cadres d\u00e9cisionnels.<\/li>\n\n\n\n<li><strong>Impact:<\/strong> En nous appuyant sur la durabilit\u00e9, nous mettons l\u2019accent sur la mesure et la maximisation de l\u2019impact dans les dimensions environnementales, sociales et de gouvernance. Gr\u00e2ce \u00e0 des m\u00e9thodologies et des mesures rigoureuses d\u2019\u00e9valuation d\u2019impact, nous aidons nos clients \u00e0 \u00e9valuer les effets tangibles de leurs investissements sur les principales parties prenantes, les communaut\u00e9s et la plan\u00e8te.<\/li>\n\n\n\n<li><strong>Engagement des parties prenantes\u00a0:<\/strong> Au c\u0153ur de notre approche se trouve le principe de l\u2019engagement des parties prenantes, reconnaissant qu\u2019une collaboration et un dialogue efficaces avec les investisseurs, les entreprises, les r\u00e9gulateurs et la soci\u00e9t\u00e9 civile sont essentiels pour favoriser des pratiques d\u2019investissement durables. Nous facilitons les processus d&#039;engagement des parties prenantes transparents et inclusifs, permettant aux clients de recueillir des points de vue divers, de r\u00e9pondre aux pr\u00e9occupations et de renforcer la confiance des parties prenantes.<\/li>\n<\/ul>\n\n\n\n<p><\/p>","protected":false},"excerpt":{"rendered":"<p>Les \u00e9tudes de march\u00e9 et conseils en strat\u00e9gie ESG pour les investisseurs \u00e9valuent les crit\u00e8res ESG pour la performance des investissements et la gestion des risques.<\/p>","protected":false},"author":1,"featured_media":71952,"parent":14567,"menu_order":40,"comment_status":"closed","ping_status":"closed","template":"","meta":{"_uag_custom_page_level_css":"","footnotes":""},"class_list":["post-46563","page","type-page","status-publish","has-post-thumbnail"],"uagb_featured_image_src":{"full":["https:\/\/www.sisinternational.com\/wp-content\/uploads\/2025\/10\/ESG-Investor-3.jpg",1456,816,false],"thumbnail":["https:\/\/www.sisinternational.com\/wp-content\/uploads\/2025\/10\/ESG-Investor-3-150x150.jpg",150,150,true],"medium":["https:\/\/www.sisinternational.com\/wp-content\/uploads\/2025\/10\/ESG-Investor-3-300x168.jpg",300,168,true],"medium_large":["https:\/\/www.sisinternational.com\/wp-content\/uploads\/2025\/10\/ESG-Investor-3-768x430.jpg",768,430,true],"large":["https:\/\/www.sisinternational.com\/wp-content\/uploads\/2025\/10\/ESG-Investor-3-1024x574.jpg",1024,574,true],"1536x1536":["https:\/\/www.sisinternational.com\/wp-content\/uploads\/2025\/10\/ESG-Investor-3.jpg",1456,816,false],"2048x2048":["https:\/\/www.sisinternational.com\/wp-content\/uploads\/2025\/10\/ESG-Investor-3.jpg",1456,816,false],"trp-custom-language-flag":["https:\/\/www.sisinternational.com\/wp-content\/uploads\/2025\/10\/ESG-Investor-3-18x10.jpg",18,10,true]},"uagb_author_info":{"display_name":"Ruth Stanat","author_link":"https:\/\/www.sisinternational.com\/fr\/author\/expert\/"},"uagb_comment_info":0,"uagb_excerpt":"ESG investor market research and strategy consulting evaluates ESG criteria for investment performance and risk management.","_links":{"self":[{"href":"https:\/\/www.sisinternational.com\/fr\/wp-json\/wp\/v2\/pages\/46563","targetHints":{"allow":["GET"]}}],"collection":[{"href":"https:\/\/www.sisinternational.com\/fr\/wp-json\/wp\/v2\/pages"}],"about":[{"href":"https:\/\/www.sisinternational.com\/fr\/wp-json\/wp\/v2\/types\/page"}],"author":[{"embeddable":true,"href":"https:\/\/www.sisinternational.com\/fr\/wp-json\/wp\/v2\/users\/1"}],"replies":[{"embeddable":true,"href":"https:\/\/www.sisinternational.com\/fr\/wp-json\/wp\/v2\/comments?post=46563"}],"version-history":[{"count":11,"href":"https:\/\/www.sisinternational.com\/fr\/wp-json\/wp\/v2\/pages\/46563\/revisions"}],"predecessor-version":[{"id":81219,"href":"https:\/\/www.sisinternational.com\/fr\/wp-json\/wp\/v2\/pages\/46563\/revisions\/81219"}],"up":[{"embeddable":true,"href":"https:\/\/www.sisinternational.com\/fr\/wp-json\/wp\/v2\/pages\/14567"}],"wp:featuredmedia":[{"embeddable":true,"href":"https:\/\/www.sisinternational.com\/fr\/wp-json\/wp\/v2\/media\/71952"}],"wp:attachment":[{"href":"https:\/\/www.sisinternational.com\/fr\/wp-json\/wp\/v2\/media?parent=46563"}],"curies":[{"name":"wp","href":"https:\/\/api.w.org\/{rel}","templated":true}]}}