{"id":46559,"date":"2024-02-28T18:12:29","date_gmt":"2024-02-28T23:12:29","guid":{"rendered":"https:\/\/www.sisinternational.com\/?page_id=46559"},"modified":"2026-01-27T16:38:52","modified_gmt":"2026-01-27T21:38:52","slug":"conseil-en-gouvernance-dentreprise","status":"publish","type":"page","link":"https:\/\/www.sisinternational.com\/fr\/solutions\/conseil-en-strategie\/conseil-en-gouvernance-dentreprise\/","title":{"rendered":"Conseil en gouvernance d&#039;entreprise"},"content":{"rendered":"<h1 class=\"wp-block-heading\">Conseil en gouvernance d&#039;entreprise<\/h1>\n\n\n\n<figure class=\"gb-block-image gb-block-image-cb8dd27f\"><img loading=\"lazy\" decoding=\"async\" width=\"1456\" height=\"816\" class=\"gb-image gb-image-cb8dd27f\" src=\"https:\/\/www.sisinternational.com\/wp-content\/uploads\/2025\/10\/Corporate-Governance-4.jpg\" alt=\"\u00c9tudes de march\u00e9 et strat\u00e9gie internationales SIS\" title=\"Corporate Governance (4)\" srcset=\"https:\/\/www.sisinternational.com\/wp-content\/uploads\/2025\/10\/Corporate-Governance-4.jpg 1456w, https:\/\/www.sisinternational.com\/wp-content\/uploads\/2025\/10\/Corporate-Governance-4-300x168.jpg 300w, https:\/\/www.sisinternational.com\/wp-content\/uploads\/2025\/10\/Corporate-Governance-4-1024x574.jpg 1024w, https:\/\/www.sisinternational.com\/wp-content\/uploads\/2025\/10\/Corporate-Governance-4-768x430.jpg 768w, https:\/\/www.sisinternational.com\/wp-content\/uploads\/2025\/10\/Corporate-Governance-4-18x10.jpg 18w\" sizes=\"auto, (max-width: 1456px) 100vw, 1456px\"><\/figure>\n\n\n\n<p><\/p>\n\n\n\n<p>Votre entreprise exploite-t-elle toute la puissance d\u2019une gouvernance d\u2019entreprise efficace pour favoriser le succ\u00e8s et la durabilit\u00e9\u00a0? Dans un paysage commercial mondial en constante \u00e9volution, le conseil en gouvernance d&#039;entreprise est devenu la pierre angulaire pour les entreprises souhaitant am\u00e9liorer leur orientation strat\u00e9gique, leur int\u00e9grit\u00e9 op\u00e9rationnelle et la confiance de leurs parties prenantes. Ce service de conseil sp\u00e9cialis\u00e9 offre l&#039;expertise et les connaissances n\u00e9cessaires pour naviguer dans les complexit\u00e9s de la gouvernance, garantissant que les organisations se conforment aux exigences r\u00e9glementaires et excellent en mati\u00e8re de leadership et de responsabilit\u00e9 d&#039;entreprise.<\/p>\n\n\n\n<p>Qu&#039;est-ce que le conseil en gouvernance d&#039;entreprise ?Le conseil en gouvernance d&#039;entreprise aide les organisations \u00e0 d\u00e9velopper, mettre en \u0153uvre et am\u00e9liorer leurs structures et pratiques de gouvernance afin de garantir que leurs cadres de gouvernance s&#039;alignent sur les meilleures pratiques et soutiennent leurs objectifs strat\u00e9giques.<\/p>\n\n\n\n<p>Il se concentre sur les m\u00e9canismes, processus et relations par lesquels les entreprises sont contr\u00f4l\u00e9es et dirig\u00e9es. Cela comprend des conseils sur la composition et la structure du conseil d&#039;administration, la r\u00e9mun\u00e9ration des dirigeants, l&#039;engagement des actionnaires et le respect des normes de gouvernance nationales et internationales. Les consultants dans ce domaine travaillent en \u00e9troite collaboration avec la haute direction et les membres du conseil d&#039;administration pour identifier les faiblesses de la gouvernance, \u00e9laborer des strat\u00e9gies pour r\u00e9soudre ces probl\u00e8mes et mettre en \u0153uvre des cadres qui favorisent la transparence, la responsabilit\u00e9 et une prise de d\u00e9cision efficace.<\/p>\n\n\n\n<h2 class=\"wp-block-heading\">Importance du conseil en gouvernance d\u2019entreprise<\/h2>\n\n\n\n<p>Le conseil en gouvernance d&#039;entreprise offre un aper\u00e7u des normes de gouvernance locales et internationales, aidant les entreprises \u00e0 garantir leur conformit\u00e9 et \u00e0 \u00e9viter d&#039;\u00e9ventuelles r\u00e9percussions juridiques et financi\u00e8res. Cela est particuli\u00e8rement vital pour les entreprises op\u00e9rant dans plusieurs juridictions, o\u00f9 la complexit\u00e9 des exigences r\u00e9glementaires peut poser des d\u00e9fis importants.<\/p>\n\n\n\n<p>De plus, <a href=\"https:\/\/www.sisinternational.com\/fr\/solutions\/croissance-mondiale\/gestion-de-projet-globale\/\" title=\"Conseil en gestion de projet mondial\"  data-wpil-monitor-id=\"10611\">consulting is crucial in risk management<\/a>. By evaluating and enhancing governance structures and practices, consultants help businesses identify and mitigate a wide range of risks, from financial and operational to reputational and strategic.<\/p>\n\n\n\n<p>De plus, ce conseil favorise les pratiques commerciales \u00e9thiques et la responsabilit\u00e9. Les consultants aident les organisations \u00e0 \u00e9tablir des codes de conduite, des politiques d&#039;\u00e9thique et des m\u00e9canismes de responsabilisation qui correspondent aux valeurs de l&#039;entreprise et aux attentes des parties prenantes. Cela am\u00e9liore la r\u00e9putation de l&#039;organisation et contribue \u00e0 une culture d&#039;entreprise qui donne la priorit\u00e9 \u00e0 l&#039;int\u00e9grit\u00e9 et \u00e0 la prise de d\u00e9cision \u00e9thique.<\/p>\n\n\n\n<h2 class=\"wp-block-heading\">Quels sont les avantages du conseil en gouvernance d\u2019entreprise ?<\/h2>\n\n\n\n<figure class=\"gb-block-image gb-block-image-815810a1\"><img loading=\"lazy\" decoding=\"async\" width=\"1456\" height=\"816\" class=\"gb-image gb-image-815810a1\" src=\"https:\/\/www.sisinternational.com\/wp-content\/uploads\/2025\/10\/Corporate-Governance-2.jpg\" alt=\"\u00c9tudes de march\u00e9 et strat\u00e9gie internationales SIS\" title=\"Corporate Governance (2)\" srcset=\"https:\/\/www.sisinternational.com\/wp-content\/uploads\/2025\/10\/Corporate-Governance-2.jpg 1456w, https:\/\/www.sisinternational.com\/wp-content\/uploads\/2025\/10\/Corporate-Governance-2-300x168.jpg 300w, https:\/\/www.sisinternational.com\/wp-content\/uploads\/2025\/10\/Corporate-Governance-2-1024x574.jpg 1024w, https:\/\/www.sisinternational.com\/wp-content\/uploads\/2025\/10\/Corporate-Governance-2-768x430.jpg 768w, https:\/\/www.sisinternational.com\/wp-content\/uploads\/2025\/10\/Corporate-Governance-2-18x10.jpg 18w\" sizes=\"auto, (max-width: 1456px) 100vw, 1456px\"><\/figure>\n\n\n\n<p><\/p>\n\n\n\n<p>S&#039;engager dans des services de conseil en gouvernance d&#039;entreprise offre de nombreux avantages qui peuvent am\u00e9liorer consid\u00e9rablement l&#039;int\u00e9grit\u00e9 op\u00e9rationnelle, la r\u00e9putation sur le march\u00e9 et la r\u00e9ussite strat\u00e9gique d&#039;une entreprise. Voici quelques-uns des principaux avantages\u00a0:<\/p>\n\n\n\n<ul class=\"wp-block-list\">\n<li><strong>Gestion am\u00e9lior\u00e9e des risques\u00a0:<\/strong> <a href=\"https:\/\/www.sisinternational.com\/fr\/solutions\/conseil-en-strategie\/\" title=\"Conseil en strat\u00e9gie\"  data-wpil-monitor-id=\"10610\">Consultants provide the tools and strategies<\/a> needed to strengthen risk management frameworks, safeguarding the organization&#8217;s assets and reputation.<\/li>\n\n\n\n<li><strong>Transparence et responsabilit\u00e9 accrues\u00a0:<\/strong> Les services de conseil aident \u00e0 \u00e9tablir des structures et des processus de gouvernance clairs qui favorisent la transparence et la responsabilit\u00e9.<\/li>\n\n\n\n<li><a href=\"https:\/\/www.sisinternational.com\/fr\/solutions\/croissance-mondiale\/conseil-en-planification-strategique\/\" title=\"Conseil en planification strat\u00e9gique\"  data-wpil-monitor-id=\"10621\">Strategic Alignment and Performance: This consulting<\/a> ensures that corporate governance frameworks support the organization&#8217;s strategic objectives.<\/li>\n\n\n\n<li><strong>Favoriser une culture d\u2019entreprise \u00e9thique\u00a0:<\/strong> Les consultants contribuent \u00e0 int\u00e9grer des principes \u00e9thiques et une culture d\u2019int\u00e9grit\u00e9 dans toute l\u2019organisation. Cette culture est essentielle pour attirer et retenir les talents, fid\u00e9liser la client\u00e8le et prot\u00e9ger la marque.<\/li>\n\n\n\n<li><strong>Relations am\u00e9lior\u00e9es avec les parties prenantes\u00a0:<\/strong> En am\u00e9liorant les m\u00e9canismes de communication et d&#039;engagement, ce conseil favorise des relations plus solides avec toutes les parties prenantes, y compris les investisseurs, les clients, les employ\u00e9s et la communaut\u00e9.<\/li>\n<\/ul>\n\n\n\n<h2 class=\"wp-block-heading\">Qui utilise le conseil en gouvernance d\u2019entreprise<\/h2>\n\n\n\n<p>Les services de conseil en gouvernance d&#039;entreprise sont recherch\u00e9s par un large \u00e9ventail d&#039;entit\u00e9s, chacune reconnaissant le r\u00f4le essentiel que joue une gouvernance efficace dans la r\u00e9alisation des objectifs strat\u00e9giques, la garantie de la conformit\u00e9 et le maintien d&#039;une r\u00e9putation d&#039;entreprise positive. Voici un aper\u00e7u des personnes qui s&#039;engagent g\u00e9n\u00e9ralement dans le conseil en gouvernance d&#039;entreprise et pourquoi\u00a0:<\/p>\n\n\n\n<ul class=\"wp-block-list\">\n<li><strong>Soci\u00e9t\u00e9s cot\u00e9es en bourse\u00a0:<\/strong> Le conseil les aide \u00e0 naviguer dans des paysages r\u00e9glementaires complexes, \u00e0 r\u00e9pondre aux exigences de divulgation et \u00e0 mettre en \u0153uvre les meilleures pratiques en mati\u00e8re de gestion du conseil d&#039;administration et de communication avec les actionnaires, garantissant ainsi la transparence et la responsabilit\u00e9.<\/li>\n\n\n\n<li><strong>Entreprises priv\u00e9es\u00a0:<\/strong> Private <a href=\"https:\/\/www.sisinternational.com\/fr\/couverture\/les-ameriques\/etude-de-marche-dans-les-caraibes\/societe-de-conseil-en-strategie-caribeenne\/\" title=\"Soci\u00e9t\u00e9 de conseil en strat\u00e9gie carib\u00e9enne\"  data-wpil-monitor-id=\"10615\">companies also benefit from consulting<\/a> to streamline operations, manage risks, and prepare for potential public offerings or other significant corporate events.<\/li>\n\n\n\n<li><strong>Entreprises familiales\u00a0:<\/strong> Des d\u00e9fis uniques tels que la planification de la succession, la dynamique familiale et la transition des r\u00f4les de direction rendent le conseil en gouvernance d&#039;entreprise inestimable pour les entreprises familiales.<\/li>\n\n\n\n<li><strong>Associations \u00e0 but non lucratif:<\/strong> Good governance is crucial for non-profits to maintain donor trust, comply with regulatory requirements, and achieve their mission effectively. Governance <a href=\"https:\/\/www.sisinternational.com\/fr\/solutions\/conseil-en-strategie\/conseil-en-developpement-de-partenariats\/\" title=\"Conseil en d\u00e9veloppement de partenariats\"  data-wpil-monitor-id=\"10616\">consultants assist with board development<\/a>, ethical fundraising practices, and strategic planning.<\/li>\n\n\n\n<li><strong>Startups et scale-ups\u00a0:<\/strong> Les entreprises \u00e9mergentes font souvent appel \u00e0 des consultants en gouvernance d\u2019entreprise pour \u00e9tablir d\u00e8s le d\u00e9part des cadres de gouvernance solides. Cet investissement pr\u00e9coce dans la gouvernance contribue \u00e0 attirer les investisseurs, \u00e0 g\u00e9rer une croissance rapide et \u00e0 jeter les bases d\u2019un succ\u00e8s futur.<\/li>\n\n\n\n<li><strong>Entit\u00e9s gouvernementales et organisations du secteur public\u00a0:<\/strong> Ces groupes ont recours au conseil en gouvernance d&#039;entreprise pour am\u00e9liorer la transparence, l&#039;efficacit\u00e9 et la responsabilit\u00e9 de leurs op\u00e9rations, en s&#039;alignant sur les attentes du public et les normes r\u00e9glementaires.<\/li>\n\n\n\n<li><strong>Institutions financi\u00e8res:<\/strong> Les banques, les fonds d&#039;investissement et les compagnies d&#039;assurance recherchent des conseils en mati\u00e8re de gouvernance d&#039;entreprise pour r\u00e9pondre aux questions de conformit\u00e9 r\u00e9glementaire, de gestion des risques et de pratiques d&#039;investissement \u00e9thiques, en s&#039;assurant qu&#039;ils r\u00e9pondent aux normes \u00e9lev\u00e9es attendues dans le secteur financier.<\/li>\n<\/ul>\n\n\n\n<h2 class=\"wp-block-heading\">Quand effectuer des conseils en gouvernance d\u2019entreprise<\/h2>\n\n\n\n<figure class=\"gb-block-image gb-block-image-92bb762b\"><img loading=\"lazy\" decoding=\"async\" width=\"1456\" height=\"816\" class=\"gb-image gb-image-92bb762b\" src=\"https:\/\/www.sisinternational.com\/wp-content\/uploads\/2025\/10\/Corporate-Governance-3.jpg\" alt=\"\u00c9tudes de march\u00e9 et strat\u00e9gie internationales SIS\" title=\"Corporate Governance (3)\" srcset=\"https:\/\/www.sisinternational.com\/wp-content\/uploads\/2025\/10\/Corporate-Governance-3.jpg 1456w, https:\/\/www.sisinternational.com\/wp-content\/uploads\/2025\/10\/Corporate-Governance-3-300x168.jpg 300w, https:\/\/www.sisinternational.com\/wp-content\/uploads\/2025\/10\/Corporate-Governance-3-1024x574.jpg 1024w, https:\/\/www.sisinternational.com\/wp-content\/uploads\/2025\/10\/Corporate-Governance-3-768x430.jpg 768w, https:\/\/www.sisinternational.com\/wp-content\/uploads\/2025\/10\/Corporate-Governance-3-18x10.jpg 18w\" sizes=\"auto, (max-width: 1456px) 100vw, 1456px\"><\/figure>\n\n\n\n<p><\/p>\n\n\n\n<p><a href=\"https:\/\/www.sisinternational.com\/fr\/optimiser-les-sites-web-dentreprise-pour-le-retour-sur-investissement\/\" title=\"Optimiser les sites Web d&#039;entreprise pour le retour sur investissement\"  data-wpil-monitor-id=\"1974\">Corporate governance consulting is a proactive strategy<\/a> organizations should consider under various circumstances to enhance their governance practices and strategic execution. Here are key situations when conducting corporate governance consulting becomes particularly essential:<\/p>\n\n\n\n<ul class=\"wp-block-list\">\n<li><strong>Pendant la planification strat\u00e9gique et la restructuration\u00a0:<\/strong> Lorsqu&#039;une organisation fait l&#039;objet d&#039;une planification strat\u00e9gique ou d&#039;une restructuration importante, le conseil en gouvernance d&#039;entreprise peut fournir des informations essentielles pour garantir que les structures de gouvernance soutiennent la nouvelle orientation strat\u00e9gique. Ceci est crucial pour aligner les objectifs organisationnels sur les pratiques de gouvernance, garantissant ainsi des changements durables et efficaces.<\/li>\n\n\n\n<li><strong>En r\u00e9ponse \u00e0 une croissance rapide\u00a0:<\/strong> Pour les entreprises connaissant une croissance rapide ou planifiant une expansion, en particulier sur de nouveaux march\u00e9s ou r\u00e9gions, le conseil en gouvernance d\u2019entreprise les aide \u00e0 surmonter les complexit\u00e9s de la mise \u00e0 l\u2019\u00e9chelle. Les consultants peuvent vous conseiller sur l\u2019adaptation des structures de gouvernance pour g\u00e9rer une complexit\u00e9 accrue et garantir la conformit\u00e9 avec divers environnements r\u00e9glementaires.<\/li>\n\n\n\n<li><strong>Suite \u00e0 une fusion ou acquisition :<\/strong> Les fusions et acquisitions n\u00e9cessitent souvent un examen approfondi et une int\u00e9gration des pratiques de gouvernance. Le conseil en gouvernance d&#039;entreprise au cours de ces transitions garantit que l&#039;entit\u00e9 issue du regroupement adopte les meilleures pratiques, maintient la conformit\u00e9 et aligne les structures de gouvernance sur ses objectifs strat\u00e9giques.<\/li>\n\n\n\n<li><strong>Pour am\u00e9liorer l\u2019efficacit\u00e9 du conseil d\u2019administration\u00a0:<\/strong> Organizations may seek corporate governance consulting to evaluate board composition, roles, and processes, or to implement board development and training programs, enhancing <a href=\"https:\/\/www.sisinternational.com\/fr\/the-impact-of-desk-research-on-strategic-decision-making\/\" title=\"The Impact of Desk Research on Strategic Decision-Making\"  data-wpil-monitor-id=\"10618\">strategic oversight and decision-making<\/a>.<\/li>\n\n\n\n<li><strong>En pr\u00e9paration d&#039;une offre publique\u00a0:<\/strong> Le conseil en gouvernance d\u2019entreprise est essentiel pour les entreprises priv\u00e9es qui envisagent de s\u2019introduire en bourse afin de pr\u00e9parer la transition. Les consultants peuvent aider \u00e0 \u00e9tablir des cadres de gouvernance qui r\u00e9pondent aux exigences strictes des march\u00e9s publics, renfor\u00e7ant ainsi la confiance des investisseurs et facilitant une offre r\u00e9ussie.<\/li>\n<\/ul>\n\n\n\n<h2 class=\"wp-block-heading\">R\u00e9sultats attendus de nos conseils en gouvernance d\u2019entreprise<\/h2>\n\n\n\n<p>Investir dans le conseil en gouvernance d&#039;entreprise permet d&#039;acqu\u00e9rir les strat\u00e9gies, les structures et les pratiques n\u00e9cessaires pour naviguer efficacement dans l&#039;environnement commercial complexe d&#039;aujourd&#039;hui. Voici quelques-uns des r\u00e9sultats attendus d&#039;un engagement dans un conseil en gouvernance d&#039;entreprise de haute qualit\u00e9\u00a0:<\/p>\n\n\n\n<ul class=\"wp-block-list\">\n<li><strong>Am\u00e9lioration de la conformit\u00e9 et de la gestion des risques\u00a0:<\/strong> Des cadres de gestion des risques am\u00e9lior\u00e9s qui identifient, \u00e9valuent et att\u00e9nuent de mani\u00e8re proactive un large \u00e9ventail de risques strat\u00e9giques, op\u00e9rationnels et de r\u00e9putation.<\/li>\n\n\n\n<li><strong>Renforcement des performances du conseil d\u2019administration\u00a0:<\/strong> D\u00e9velopper et mettre en \u0153uvre les meilleures pratiques en mati\u00e8re de gouvernance du conseil d\u2019administration, y compris des r\u00f4les et des responsabilit\u00e9s clairs, des processus de r\u00e9union efficaces ainsi qu\u2019une formation et une \u00e9valuation continues des membres du conseil d\u2019administration.<\/li>\n\n\n\n<li><strong>Transparence organisationnelle accrue\u00a0:<\/strong> Des m\u00e9canismes de reporting am\u00e9lior\u00e9s qui fournissent aux parties prenantes des informations claires et compl\u00e8tes sur les performances, les pratiques de gouvernance et les efforts de d\u00e9veloppement durable de l&#039;entreprise.<\/li>\n\n\n\n<li><strong>Engagement am\u00e9lior\u00e9 des parties prenantes\u00a0:<\/strong> D\u00e9veloppement de canaux et de pratiques de communication favorisant l\u2019ouverture, le dialogue et le respect mutuel entre l\u2019organisation et ses parties prenantes.<\/li>\n<\/ul>\n\n\n\n<h2 class=\"wp-block-heading\">L\u2019approche SIS du conseil en gouvernance d\u2019entreprise<\/h2>\n\n\n\n<figure class=\"gb-block-image gb-block-image-b569fe33\"><img loading=\"lazy\" decoding=\"async\" width=\"1456\" height=\"816\" class=\"gb-image gb-image-b569fe33\" src=\"https:\/\/www.sisinternational.com\/wp-content\/uploads\/2025\/10\/Corporate-Governance-1.jpg\" alt=\"\u00c9tudes de march\u00e9 et strat\u00e9gie internationales SIS\" title=\"Corporate Governance (1)\" srcset=\"https:\/\/www.sisinternational.com\/wp-content\/uploads\/2025\/10\/Corporate-Governance-1.jpg 1456w, https:\/\/www.sisinternational.com\/wp-content\/uploads\/2025\/10\/Corporate-Governance-1-300x168.jpg 300w, https:\/\/www.sisinternational.com\/wp-content\/uploads\/2025\/10\/Corporate-Governance-1-1024x574.jpg 1024w, https:\/\/www.sisinternational.com\/wp-content\/uploads\/2025\/10\/Corporate-Governance-1-768x430.jpg 768w, https:\/\/www.sisinternational.com\/wp-content\/uploads\/2025\/10\/Corporate-Governance-1-18x10.jpg 18w\" sizes=\"auto, (max-width: 1456px) 100vw, 1456px\"><\/figure>\n\n\n\n<p><\/p>\n\n\n\n<p>L\u2019approche SIS du conseil en gouvernance d\u2019entreprise se distingue par sa m\u00e9thodologie compl\u00e8te, adapt\u00e9e et avant-gardiste. Cette approche permet aux organisations d&#039;atteindre l&#039;excellence dans leurs pratiques de gouvernance, en s&#039;assurant qu&#039;elles sont bien \u00e9quip\u00e9es pour relever les d\u00e9fis du paysage commercial moderne et capitaliser sur les opportunit\u00e9s de croissance et de durabilit\u00e9. Voici comment se d\u00e9roule l\u2019approche SIS :<\/p>\n\n\n\n<ul class=\"wp-block-list\">\n<li><strong>Solutions de gouvernance personnalis\u00e9es\u00a0:<\/strong> Reconnaissant que chaque organisation a des besoins uniques en mati\u00e8re de gouvernance, les experts du SIS commencent par une \u00e9valuation approfondie du cadre de gouvernance actuel, des objectifs strat\u00e9giques et des attentes des parties prenantes. Cela permet d&#039;aligner directement les solutions personnalis\u00e9es sur les objectifs et les d\u00e9fis sp\u00e9cifiques de l&#039;organisation.<\/li>\n\n\n\n<li><strong>Cadres int\u00e9gr\u00e9s de risque et de conformit\u00e9\u00a0:<\/strong> SIS consultants leverage their deep understanding of regulatory landscapes and <a href=\"https:\/\/www.sisinternational.com\/fr\/competence\/les-industries\/etude-de-marche-sur-le-design-industriel\/\" title=\"\u00c9tude de march\u00e9 sur le design industriel\"  data-wpil-monitor-id=\"10613\">industry best practices to design<\/a> integrated risk management and compliance frameworks. These frameworks ensure that organizations meet current regulatory requirements and are prepared for future changes in the governance landscape.<\/li>\n\n\n\n<li><strong>D\u00e9veloppement et efficacit\u00e9 du conseil d\u2019administration\u00a0:<\/strong> L&#039;un des principaux objectifs de l&#039;approche SIS est d&#039;am\u00e9liorer l&#039;efficacit\u00e9 du conseil d&#039;administration. Cela comprend des conseils sur la composition et la structure du conseil d&#039;administration, la facilitation des \u00e9valuations du conseil d&#039;administration et la fourniture de programmes de formation et de d\u00e9veloppement pour garantir que les membres du conseil d&#039;administration sont pleinement \u00e9quip\u00e9s pour assurer une surveillance strat\u00e9gique et un leadership.<\/li>\n\n\n\n<li><strong>Gouvernance \u00e9thique et durable :<\/strong> Les consultants SIS accordent une forte importance aux pratiques de gouvernance \u00e9thiques et durables. Les consultants travaillent avec des organisations pour int\u00e9grer des valeurs \u00e9thiques et des principes de durabilit\u00e9 dans leurs cadres de gouvernance, promouvant ainsi une culture d&#039;int\u00e9grit\u00e9 et de responsabilit\u00e9 qui trouve un \u00e9cho aupr\u00e8s des parties prenantes et soutient le succ\u00e8s \u00e0 long terme.<\/li>\n\n\n\n<li><strong>Strat\u00e9gies d&#039;engagement des parties prenantes\u00a0:<\/strong> Comprenant l\u2019importance de la confiance et de l\u2019engagement des parties prenantes, l\u2019approche SIS comprend le d\u00e9veloppement de strat\u00e9gies globales de communication et d\u2019engagement des parties prenantes. Ces strat\u00e9gies am\u00e9liorent la transparence, favorisent le dialogue et \u00e9tablissent des relations solides avec les actionnaires, les clients, les employ\u00e9s et la communaut\u00e9 au sens large.<\/li>\n\n\n\n<li><strong>Soutien et adaptation continus\u00a0:<\/strong> La gouvernance d\u2019entreprise n\u00e9cessite une adaptation et une am\u00e9lioration continues. Par cons\u00e9quent, SIS fournit aux organisations un soutien, une surveillance et des conseils continus pour garantir que leurs pratiques de gouvernance restent efficaces, r\u00e9actives et align\u00e9es sur l\u2019\u00e9volution des environnements commerciaux et r\u00e9glementaires.<\/li>\n<\/ul>\n\n\n\n<h2 class=\"wp-block-heading\">Opportunit\u00e9s de conseil en gouvernance d&#039;entreprise pour les entreprises<\/h2>\n\n\n\n\n\n<p><\/p>\n\n\n\n<p>Le conseil en gouvernance d&#039;entreprise pr\u00e9sente plusieurs opportunit\u00e9s pour les entreprises souhaitant renforcer leurs cadres de gouvernance et am\u00e9liorer leur performance strat\u00e9gique globale. Voici plusieurs opportunit\u00e9s que les entreprises peuvent saisir en s\u2019engageant dans des services de conseil en gouvernance d\u2019entreprise\u00a0:<\/p>\n\n\n\n<ul class=\"wp-block-list\">\n<li><strong>Am\u00e9liorer les comp\u00e9tences et la dynamique du conseil d\u2019administration\u00a0:<\/strong> L&#039;une des principales opportunit\u00e9s r\u00e9side dans l&#039;optimisation de la composition et du fonctionnement du conseil d&#039;administration. Les services de conseil peuvent fournir un aper\u00e7u des meilleures pratiques en mati\u00e8re de structure, de diversit\u00e9 et de dynamique des conseils d\u2019administration, am\u00e9liorant ainsi consid\u00e9rablement les capacit\u00e9s de prise de d\u00e9cision et de surveillance.<\/li>\n\n\n\n<li><strong>Favoriser des pratiques \u00e9thiques et durables\u00a0:<\/strong> As stakeholders increasingly value corporate responsibility and sustainability, businesses have the opportunity to lead in these areas. Corporate governance consulting can guide the integration of ethical considerations and <a href=\"https:\/\/www.sisinternational.com\/fr\/strategies-de-developpement-durable-dentreprise-une-etude-de-cas-siemens\/\" title=\"Strat\u00e9gies de d\u00e9veloppement durable des entreprises\u00a0: une \u00e9tude de cas Siemens\"  data-wpil-monitor-id=\"7509\">sustainability goals into corporate strategies<\/a>, enhancing reputation and stakeholder trust.<\/li>\n\n\n\n<li><strong>Se pr\u00e9parer aux d\u00e9fis et opportunit\u00e9s futurs\u00a0:<\/strong> Corporate governance consulting can help businesses anticipate and prepare for future challenges and opportunities, ensuring they remain agile and adaptive in a rapidly evolving business environment. This forward-looking approach is vital for <a href=\"https:\/\/www.sisinternational.com\/fr\/developper-un-avantage-concurrentiel-durable\/\" title=\"D\u00e9velopper un avantage concurrentiel durable\"  data-wpil-monitor-id=\"10620\">sustaining growth and competitiveness<\/a>.<\/li>\n<\/ul>","protected":false},"excerpt":{"rendered":"<p>Le conseil en gouvernance d&#039;entreprise aide les organisations \u00e0 d\u00e9velopper et \u00e0 mettre en \u0153uvre des structures et des pratiques de gouvernance efficaces.<\/p>","protected":false},"author":1,"featured_media":71934,"parent":14567,"menu_order":41,"comment_status":"closed","ping_status":"closed","template":"","meta":{"footnotes":""},"class_list":["post-46559","page","type-page","status-publish","has-post-thumbnail"],"_links":{"self":[{"href":"https:\/\/www.sisinternational.com\/fr\/wp-json\/wp\/v2\/pages\/46559","targetHints":{"allow":["GET"]}}],"collection":[{"href":"https:\/\/www.sisinternational.com\/fr\/wp-json\/wp\/v2\/pages"}],"about":[{"href":"https:\/\/www.sisinternational.com\/fr\/wp-json\/wp\/v2\/types\/page"}],"author":[{"embeddable":true,"href":"https:\/\/www.sisinternational.com\/fr\/wp-json\/wp\/v2\/users\/1"}],"replies":[{"embeddable":true,"href":"https:\/\/www.sisinternational.com\/fr\/wp-json\/wp\/v2\/comments?post=46559"}],"version-history":[{"count":10,"href":"https:\/\/www.sisinternational.com\/fr\/wp-json\/wp\/v2\/pages\/46559\/revisions"}],"predecessor-version":[{"id":81740,"href":"https:\/\/www.sisinternational.com\/fr\/wp-json\/wp\/v2\/pages\/46559\/revisions\/81740"}],"up":[{"embeddable":true,"href":"https:\/\/www.sisinternational.com\/fr\/wp-json\/wp\/v2\/pages\/14567"}],"wp:featuredmedia":[{"embeddable":true,"href":"https:\/\/www.sisinternational.com\/fr\/wp-json\/wp\/v2\/media\/71934"}],"wp:attachment":[{"href":"https:\/\/www.sisinternational.com\/fr\/wp-json\/wp\/v2\/media?parent=46559"}],"curies":[{"name":"wp","href":"https:\/\/api.w.org\/{rel}","templated":true}]}}