{"id":46532,"date":"2024-02-28T11:30:04","date_gmt":"2024-02-28T16:30:04","guid":{"rendered":"https:\/\/www.sisinternational.com\/?page_id=46532"},"modified":"2026-01-26T18:12:46","modified_gmt":"2026-01-26T23:12:46","slug":"conseil-en-strategie-detudes-de-marche-co-marque","status":"publish","type":"page","link":"https:\/\/www.sisinternational.com\/fr\/solutions\/conseil-en-strategie\/conseil-en-strategie-detudes-de-marche-co-marque\/","title":{"rendered":"Co-Brand Market Consulting"},"content":{"rendered":"<h1 class=\"wp-block-heading\">Co-Brand Market Consulting<\/h1>\n\n\n\n<figure class=\"gb-block-image gb-block-image-ec1cb0bb\"><img loading=\"lazy\" decoding=\"async\" width=\"1456\" height=\"816\" class=\"gb-image gb-image-ec1cb0bb\" src=\"https:\/\/www.sisinternational.com\/wp-content\/uploads\/2025\/10\/Co-Brand-Market-Research-2.jpg\" alt=\"\u00c9tudes de march\u00e9 et strat\u00e9gie internationales SIS\" title=\"Co-Brand Market Research (2)\" srcset=\"https:\/\/www.sisinternational.com\/wp-content\/uploads\/2025\/10\/Co-Brand-Market-Research-2.jpg 1456w, https:\/\/www.sisinternational.com\/wp-content\/uploads\/2025\/10\/Co-Brand-Market-Research-2-300x168.jpg 300w, https:\/\/www.sisinternational.com\/wp-content\/uploads\/2025\/10\/Co-Brand-Market-Research-2-1024x574.jpg 1024w, https:\/\/www.sisinternational.com\/wp-content\/uploads\/2025\/10\/Co-Brand-Market-Research-2-768x430.jpg 768w, https:\/\/www.sisinternational.com\/wp-content\/uploads\/2025\/10\/Co-Brand-Market-Research-2-18x10.jpg 18w\" sizes=\"auto, (max-width: 1456px) 100vw, 1456px\"><\/figure>\n\n\n\n<p><\/p>\n\n\n\n<p>Dans un march\u00e9 offrant des options, les entreprises recherchent constamment des strat\u00e9gies pour se d\u00e9marquer, capter l\u2019attention et forger des liens durables avec les consommateurs. C&#039;est pourquoi les \u00e9tudes de march\u00e9 et le conseil en strat\u00e9gie co-marqu\u00e9s apparaissent comme un outil puissant, offrant aux entreprises un moyen unique de tirer parti des forces de chacune, d&#039;am\u00e9liorer la valeur de leur marque et de d\u00e9bloquer de nouvelles opportunit\u00e9s.<\/p>\n\n\n\n<p>Les \u00e9tudes de march\u00e9 et les conseils en strat\u00e9gie de co-marquage approfondissent les subtilit\u00e9s des efforts de collaboration en mati\u00e8re de marque entre deux ou plusieurs entit\u00e9s distinctes. Cela implique un examen approfondi de la dynamique du march\u00e9, des pr\u00e9f\u00e9rences des consommateurs et des paysages concurrentiels pour identifier les opportunit\u00e9s de partenariat strat\u00e9gique qui correspondent aux objectifs de chaque marque et trouvent un \u00e9cho aupr\u00e8s des publics cibles. Ce processus vise \u00e0 cr\u00e9er des synergies qui amplifient la valeur de la marque, \u00e9tendent la port\u00e9e du march\u00e9 et profitent mutuellement \u00e0 toutes les parties impliqu\u00e9es.<\/p>\n\n\n\n<h2 class=\"wp-block-heading\">Pourquoi les entreprises ont-elles besoin d\u2019\u00e9tudes de march\u00e9 et de conseils en strat\u00e9gie co-marqu\u00e9s\u00a0?<\/h2>\n\n\n\n<p>Businesses need co-brand <a href=\"https:\/\/www.sisinternational.com\/fr\/solutions\/conseil-en-tourisme-de-voyage-et-en-hotellerie\/conseil-en-marketing-pour-les-restaurants-sur-le-toit\/\" title=\"Conseil en marketing pour les restaurants sur le toit\"  data-wpil-monitor-id=\"4541\">market research and strategy consulting<\/a> to identify suitable partners and assess the potential impact of collaborative initiatives on their brand equity and market position. By understanding consumer perceptions, market trends, and competitive dynamics, businesses can pinpoint strategic opportunities for co-branding that align with their brand values and resonate with their target audience.<\/p>\n\n\n\n<p>Il aide \u00e9galement les entreprises \u00e0 d\u00e9velopper des strat\u00e9gies de partenariat coh\u00e9rentes et efficaces qui tirent parti des forces de chaque partenaire et cr\u00e9ent des synergies qui g\u00e9n\u00e8rent des avantages mutuels. De la d\u00e9finition des objectifs du partenariat \u00e0 l&#039;\u00e9tablissement de r\u00f4les et de responsabilit\u00e9s clairs, en passant par le d\u00e9veloppement de campagnes marketing int\u00e9gr\u00e9es et la mesure des performances, le conseil en strat\u00e9gie de co-marquage fournit une feuille de route pour une collaboration r\u00e9ussie.<\/p>\n\n\n\n<p>Moreover, co-brand <a href=\"https:\/\/www.sisinternational.com\/fr\/solutions\/ai-etudes-de-marche-et-conseil-en-strategie\/conseil-en-marketing-par-ia\/\" title=\"Conseil en marketing IA\"  data-wpil-monitor-id=\"5040\">market research and strategy consulting<\/a> enable businesses to mitigate risks and overcome co-branding challenges such as brand dilution, misalignment of values, and conflicting interests. However, co-brand <a href=\"https:\/\/www.sisinternational.com\/fr\/competence\/les-industries\/etude-de-marche-sur-le-handicap\/\" title=\"Disability Market Consulting\"  data-wpil-monitor-id=\"6803\">market research and strategy consulting<\/a> has many other benefits for businesses, including:<\/p>\n\n\n\n<ul class=\"wp-block-list\">\n<li><strong>Port\u00e9e du march\u00e9 \u00e9largie\u00a0:<\/strong> Co-brand <a href=\"https:\/\/www.sisinternational.com\/fr\/couverture\/les-ameriques\/etude-de-marche-en-amerique-latine\/conseil-en-entree-de-marche-au-bresil\/\" title=\"Conseil en entr\u00e9e de march\u00e9 au Br\u00e9sil\"  data-wpil-monitor-id=\"7071\">market research and strategy consulting<\/a> allows businesses to tap into each other&#8217;s customer base and reach new audiences that may have been previously inaccessible. By partnering with complementary brands, businesses can extend their market reach and attract customers who may be interested in both brands&#8217; offerings.<\/li>\n\n\n\n<li><strong>Capital de marque am\u00e9lior\u00e9\u00a0:<\/strong> Collaborer avec des marques r\u00e9put\u00e9es ou ambitieuses peut accro\u00eetre la valeur per\u00e7ue et la cr\u00e9dibilit\u00e9 d&#039;une entreprise aux yeux des consommateurs. Gr\u00e2ce au co-branding, les entreprises peuvent tirer parti des associations positives et de la bonne volont\u00e9 associ\u00e9es aux marques de leurs partenaires pour am\u00e9liorer leur capital de marque et leur diff\u00e9renciation.<\/li>\n\n\n\n<li><strong>Notori\u00e9t\u00e9 et exposition accrues de la marque\u00a0:<\/strong> Les efforts de marketing conjoints et les campagnes co-marqu\u00e9es peuvent amplifier la visibilit\u00e9 et l&#039;exposition de la marque, augmentant ainsi la notori\u00e9t\u00e9 des consommateurs. Les initiatives de co-marquage, telles que les produits, \u00e9v\u00e9nements ou campagnes marketing co-marqu\u00e9s, g\u00e9n\u00e8rent l&#039;attention des m\u00e9dias, favorisant ainsi une plus grande reconnaissance et une plus grande m\u00e9morisation de la marque.<\/li>\n\n\n\n<li><strong>Innovation et diff\u00e9renciation\u00a0:<\/strong> Le co-branding ouvre des opportunit\u00e9s d&#039;innovation et de diff\u00e9renciation, permettant aux entreprises de cr\u00e9er des offres uniques et convaincantes qui se d\u00e9marquent sur le march\u00e9. Les partenaires de co-branding peuvent d\u00e9velopper des produits, services ou exp\u00e9riences innovants qui r\u00e9pondent aux besoins et pr\u00e9f\u00e9rences changeants des consommateurs en combinant leurs forces et leurs capacit\u00e9s.<\/li>\n<\/ul>\n\n\n\n<h2 class=\"wp-block-heading\">Quand r\u00e9aliser une \u00e9tude de march\u00e9 et un conseil en strat\u00e9gie co-marqu\u00e9s<\/h2>\n\n\n\n<figure class=\"gb-block-image gb-block-image-bc939f59\"><img loading=\"lazy\" decoding=\"async\" width=\"1456\" height=\"816\" class=\"gb-image gb-image-bc939f59\" src=\"https:\/\/www.sisinternational.com\/wp-content\/uploads\/2025\/10\/Co-Brand-Market-Research-1.jpg\" alt=\"\u00c9tudes de march\u00e9 et strat\u00e9gie internationales SIS\" title=\"Co-Brand Market Research (1)\" srcset=\"https:\/\/www.sisinternational.com\/wp-content\/uploads\/2025\/10\/Co-Brand-Market-Research-1.jpg 1456w, https:\/\/www.sisinternational.com\/wp-content\/uploads\/2025\/10\/Co-Brand-Market-Research-1-300x168.jpg 300w, https:\/\/www.sisinternational.com\/wp-content\/uploads\/2025\/10\/Co-Brand-Market-Research-1-1024x574.jpg 1024w, https:\/\/www.sisinternational.com\/wp-content\/uploads\/2025\/10\/Co-Brand-Market-Research-1-768x430.jpg 768w, https:\/\/www.sisinternational.com\/wp-content\/uploads\/2025\/10\/Co-Brand-Market-Research-1-18x10.jpg 18w\" sizes=\"auto, (max-width: 1456px) 100vw, 1456px\"><\/figure>\n\n\n\n<p><\/p>\n\n\n\n<p>D\u00e9terminer le moment optimal pour mener des \u00e9tudes de march\u00e9 et des conseils en strat\u00e9gie de co-marquage est crucial pour maximiser le succ\u00e8s des initiatives de branding collaboratif \u2013 et voici les facteurs cl\u00e9s \u00e0 prendre en compte\u00a0:<\/p>\n\n\n\n<ul class=\"wp-block-list\">\n<li><strong>Phase de planification strat\u00e9gique\u00a0:<\/strong> <a href=\"https:\/\/www.sisinternational.com\/fr\/solutions\/conseil-en-strategie\/approvisionnement-strategique\/\" title=\"Conseil en approvisionnement strat\u00e9gique\"  data-wpil-monitor-id=\"6559\">Co-brand market research and strategy consulting<\/a> should ideally be conducted during the strategic planning phase, before entering into any co-branding partnerships. By conducting thorough market analysis, competitor assessments, and consumer insights research early on, businesses can identify potential partners, assess market opportunities, and develop clear objectives and strategies for collaboration.<\/li>\n\n\n\n<li><strong>Lancements de nouveaux produits ou expansions de march\u00e9\u00a0:<\/strong> Les entreprises doivent mener des \u00e9tudes de march\u00e9 et des conseils strat\u00e9giques en mati\u00e8re de co-marque avant de lancer de nouveaux produits ou de p\u00e9n\u00e9trer de nouveaux march\u00e9s afin d&#039;\u00e9valuer la demande du march\u00e9, les pr\u00e9f\u00e9rences des consommateurs et le paysage concurrentiel. Cela permet aux entreprises d&#039;identifier des partenaires de co-branding appropri\u00e9s, d&#039;adapter leurs offres aux besoins du march\u00e9 et de maximiser l&#039;impact de leurs efforts de branding collaboratifs.<\/li>\n\n\n\n<li><strong>Efforts de rebranding ou de repositionnement\u00a0:<\/strong> Lorsqu&#039;elles entreprennent des efforts de rebranding ou de repositionnement, les entreprises peuvent b\u00e9n\u00e9ficier d&#039;\u00e9tudes de march\u00e9 et de conseils en strat\u00e9gie co-marqu\u00e9s pour revitaliser leur image de marque, se diff\u00e9rencier de leurs concurrents et renouer avec les consommateurs. En s&#039;associant avec des marques compl\u00e9mentaires ayant des valeurs ou des donn\u00e9es d\u00e9mographiques cibles similaires, les entreprises peuvent amplifier leurs efforts de rebranding et am\u00e9liorer la perception de leur marque sur le march\u00e9.<\/li>\n<\/ul>\n\n\n\n<h2 class=\"wp-block-heading\">L&#039;approche SIS en mati\u00e8re d&#039;\u00e9tudes de march\u00e9 et de conseil en strat\u00e9gie de co-marque<\/h2>\n\n\n\n<p>Chez SIS, nous abordons les \u00e9tudes de march\u00e9 et le conseil en strat\u00e9gie co-marqu\u00e9s avec une m\u00e9thodologie sur mesure et compl\u00e8te con\u00e7ue pour assurer le succ\u00e8s de nos clients. Notre approche englobe les \u00e9l\u00e9ments cl\u00e9s suivants :<\/p>\n\n\n\n<ul class=\"wp-block-list\">\n<li><strong>Analyse approfondie du march\u00e9\u00a0:<\/strong> Nous effectuons des \u00e9tudes de march\u00e9 approfondies pour comprendre les tendances du secteur, les pr\u00e9f\u00e9rences des consommateurs et les paysages concurrentiels. En acqu\u00e9rant une connaissance approfondie de la dynamique du march\u00e9, nous identifions les opportunit\u00e9s de partenariat strat\u00e9gique et \u00e9valuons l\u2019impact potentiel des initiatives de co-branding.<\/li>\n\n\n\n<li><strong>Identification des partenaires strat\u00e9giques\u00a0:<\/strong> Nous tirons parti de notre vaste r\u00e9seau et de notre expertise pour identifier des partenaires de co-branding appropri\u00e9s qui correspondent aux objectifs, aux valeurs de la marque et au public cible de nos clients.<\/li>\n\n\n\n<li><strong>D\u00e9veloppement de strat\u00e9gies collaboratives\u00a0:<\/strong> Nous travaillons en \u00e9troite collaboration avec nos clients et partenaires de co-branding pour d\u00e9velopper des strat\u00e9gies de partenariat coh\u00e9rentes et efficaces. De la d\u00e9finition d&#039;objectifs et de r\u00f4les clairs \u00e0 l&#039;\u00e9laboration de plans marketing int\u00e9gr\u00e9s et de strat\u00e9gies d&#039;activation, nous garantissons l&#039;alignement et la synergie dans tous les aspects de l&#039;initiative de co-branding.<\/li>\n\n\n\n<li><strong>Conceptualisation et ex\u00e9cution cr\u00e9ative\u00a0:<\/strong> Nous exploitons notre expertise cr\u00e9ative pour conceptualiser des concepts et des ex\u00e9cutions de co-branding innovants qui trouvent un \u00e9cho aupr\u00e8s des consommateurs et diff\u00e9rencient les offres de nos clients sur le march\u00e9. Que ce soit par le biais de collaborations de produits, d&#039;activations exp\u00e9rientielles ou de campagnes num\u00e9riques, nous nous effor\u00e7ons de cr\u00e9er des exp\u00e9riences de marque m\u00e9morables et percutantes.<\/li>\n\n\n\n<li><strong>Surveillance et optimisation continues\u00a0:<\/strong> Nous croyons en l\u2019importance d\u2019une surveillance et d\u2019une optimisation continues pour assurer le succ\u00e8s des initiatives de co-branding. Nous suivons les indicateurs de performance cl\u00e9s, recueillons les commentaires des parties prenantes et r\u00e9it\u00e9rons nos strat\u00e9gies si n\u00e9cessaire pour maximiser les r\u00e9sultats et favoriser le succ\u00e8s \u00e0 long terme.<\/li>\n\n\n\n<li><strong>Gestion des risques et planification d&#039;urgence\u00a0:<\/strong> Nous identifions de mani\u00e8re proactive les risques et les d\u00e9fis potentiels associ\u00e9s aux initiatives de co-marquage et \u00e9laborons des strat\u00e9gies solides de gestion des risques et des plans d&#039;urgence pour les att\u00e9nuer. En anticipant et en surmontant les obstacles potentiels, nous aidons nos clients \u00e0 relever efficacement les d\u00e9fis et \u00e0 prot\u00e9ger la r\u00e9putation de leur marque.<\/li>\n\n\n\n<li><strong>Mesure et \u00e9valuation\u00a0:<\/strong> Nous \u00e9tablissons des mesures et des crit\u00e8res d&#039;\u00e9valuation clairs pour suivre le succ\u00e8s des initiatives de co-branding et \u00e9valuer leur impact sur les objectifs commerciaux de nos clients. Nous garantissons la responsabilit\u00e9 et la transparence en mesurant les performances par rapport \u00e0 des objectifs et des crit\u00e8res pr\u00e9d\u00e9termin\u00e9s.<\/li>\n<\/ul>\n\n\n\n<h2 class=\"wp-block-heading\">Opportunit\u00e9s dans les \u00e9tudes de march\u00e9 et le conseil en strat\u00e9gie co-marque pour les entreprises<\/h2>\n\n\n\n<figure class=\"gb-block-image gb-block-image-074962b2\"><img loading=\"lazy\" decoding=\"async\" width=\"1456\" height=\"816\" class=\"gb-image gb-image-074962b2\" src=\"https:\/\/www.sisinternational.com\/wp-content\/uploads\/2025\/10\/Co-Brand-Market-Research-1.jpg\" alt=\"\u00c9tudes de march\u00e9 et strat\u00e9gie internationales SIS\" title=\"Co-Brand Market Research (1)\" srcset=\"https:\/\/www.sisinternational.com\/wp-content\/uploads\/2025\/10\/Co-Brand-Market-Research-1.jpg 1456w, https:\/\/www.sisinternational.com\/wp-content\/uploads\/2025\/10\/Co-Brand-Market-Research-1-300x168.jpg 300w, https:\/\/www.sisinternational.com\/wp-content\/uploads\/2025\/10\/Co-Brand-Market-Research-1-1024x574.jpg 1024w, https:\/\/www.sisinternational.com\/wp-content\/uploads\/2025\/10\/Co-Brand-Market-Research-1-768x430.jpg 768w, https:\/\/www.sisinternational.com\/wp-content\/uploads\/2025\/10\/Co-Brand-Market-Research-1-18x10.jpg 18w\" sizes=\"auto, (max-width: 1456px) 100vw, 1456px\"><\/figure>\n\n\n\n<p><\/p>\n\n\n\n<p>Ces \u00e9tudes de march\u00e9 et ces conseils en strat\u00e9gie offrent aux entreprises de nombreuses opportunit\u00e9s pour lib\u00e9rer de la valeur, stimuler la croissance et se diff\u00e9rencier sur le march\u00e9 \u2013 et voici quelques opportunit\u00e9s cl\u00e9s\u00a0:<\/p>\n\n\n\n<ul class=\"wp-block-list\">\n<li><strong>Innovation et diff\u00e9renciation\u00a0:<\/strong> Le co-branding favorise les opportunit\u00e9s d&#039;innovation et de diff\u00e9renciation, permettant aux entreprises de cr\u00e9er des offres uniques et convaincantes qui se d\u00e9marquent sur le march\u00e9. En combinant leurs forces et leurs capacit\u00e9s, les partenaires de co-marquage peuvent d\u00e9velopper des produits, services ou exp\u00e9riences innovants qui r\u00e9pondent aux besoins et pr\u00e9f\u00e9rences changeants des consommateurs.<\/li>\n\n\n\n<li><strong>Rentabilit\u00e9 et partage des ressources\u00a0:<\/strong> Le co-branding permet aux entreprises de mettre en commun leurs ressources, de partager les co\u00fbts et de maximiser leur efficacit\u00e9. En s&#039;associant \u00e0 une autre marque, les entreprises peuvent tirer parti de l&#039;expertise, des canaux de distribution et des ressources marketing de chacune, r\u00e9duisant ainsi le fardeau financier li\u00e9 au lancement de nouveaux produits ou \u00e0 l&#039;entr\u00e9e sur de nouveaux march\u00e9s.<\/li>\n\n\n\n<li><strong>Diff\u00e9renciation du march\u00e9 et avantage concurrentiel\u00a0:<\/strong> Le co-branding aide les entreprises \u00e0 se diff\u00e9rencier de leurs concurrents et \u00e0 renforcer leur position sur le march\u00e9. En s&#039;associant \u00e0 des marques compl\u00e9mentaires et en proposant des propositions de valeur uniques, les entreprises peuvent se d\u00e9marquer sur des march\u00e9s encombr\u00e9s et attirer des consommateurs exigeants \u00e0 la recherche d&#039;exp\u00e9riences de marque authentiques et innovantes.<\/li>\n<\/ul>","protected":false},"excerpt":{"rendered":"<p>Les \u00e9tudes de march\u00e9 et les conseils en strat\u00e9gie en mati\u00e8re de co-marquage approfondissent les subtilit\u00e9s des efforts de collaboration en mati\u00e8re de marque entre entit\u00e9s distinctes.<\/p>","protected":false},"author":1,"featured_media":71924,"parent":14567,"menu_order":37,"comment_status":"closed","ping_status":"closed","template":"","meta":{"footnotes":""},"class_list":["post-46532","page","type-page","status-publish","has-post-thumbnail"],"_links":{"self":[{"href":"https:\/\/www.sisinternational.com\/fr\/wp-json\/wp\/v2\/pages\/46532","targetHints":{"allow":["GET"]}}],"collection":[{"href":"https:\/\/www.sisinternational.com\/fr\/wp-json\/wp\/v2\/pages"}],"about":[{"href":"https:\/\/www.sisinternational.com\/fr\/wp-json\/wp\/v2\/types\/page"}],"author":[{"embeddable":true,"href":"https:\/\/www.sisinternational.com\/fr\/wp-json\/wp\/v2\/users\/1"}],"replies":[{"embeddable":true,"href":"https:\/\/www.sisinternational.com\/fr\/wp-json\/wp\/v2\/comments?post=46532"}],"version-history":[{"count":12,"href":"https:\/\/www.sisinternational.com\/fr\/wp-json\/wp\/v2\/pages\/46532\/revisions"}],"predecessor-version":[{"id":80635,"href":"https:\/\/www.sisinternational.com\/fr\/wp-json\/wp\/v2\/pages\/46532\/revisions\/80635"}],"up":[{"embeddable":true,"href":"https:\/\/www.sisinternational.com\/fr\/wp-json\/wp\/v2\/pages\/14567"}],"wp:featuredmedia":[{"embeddable":true,"href":"https:\/\/www.sisinternational.com\/fr\/wp-json\/wp\/v2\/media\/71924"}],"wp:attachment":[{"href":"https:\/\/www.sisinternational.com\/fr\/wp-json\/wp\/v2\/media?parent=46532"}],"curies":[{"name":"wp","href":"https:\/\/api.w.org\/{rel}","templated":true}]}}