{"id":46525,"date":"2024-02-28T11:38:31","date_gmt":"2024-02-28T16:38:31","guid":{"rendered":"https:\/\/www.sisinternational.com\/?page_id=46525"},"modified":"2026-01-26T18:50:40","modified_gmt":"2026-01-26T23:50:40","slug":"conseil-en-strategie-detudes-de-marche-en-telesante","status":"publish","type":"page","link":"https:\/\/www.sisinternational.com\/fr\/solutions\/conseil-en-strategie\/conseil-en-strategie-detudes-de-marche-en-telesante\/","title":{"rendered":"Telehealth Market Consulting"},"content":{"rendered":"<h1 class=\"wp-block-heading\">Telehealth Market Consulting<\/h1>\n\n\n\n<figure class=\"gb-block-image gb-block-image-3b948fc0\"><img loading=\"lazy\" decoding=\"async\" width=\"1456\" height=\"816\" class=\"gb-image gb-image-3b948fc0\" src=\"https:\/\/www.sisinternational.com\/wp-content\/uploads\/2025\/10\/Telehealth-3.jpg\" alt=\"\u00c9tudes de march\u00e9 et strat\u00e9gie internationales SIS\" title=\"Telehealth (3)\" srcset=\"https:\/\/www.sisinternational.com\/wp-content\/uploads\/2025\/10\/Telehealth-3.jpg 1456w, https:\/\/www.sisinternational.com\/wp-content\/uploads\/2025\/10\/Telehealth-3-300x168.jpg 300w, https:\/\/www.sisinternational.com\/wp-content\/uploads\/2025\/10\/Telehealth-3-1024x574.jpg 1024w, https:\/\/www.sisinternational.com\/wp-content\/uploads\/2025\/10\/Telehealth-3-768x430.jpg 768w, https:\/\/www.sisinternational.com\/wp-content\/uploads\/2025\/10\/Telehealth-3-18x10.jpg 18w\" sizes=\"auto, (max-width: 1456px) 100vw, 1456px\"><\/figure>\n\n\n\n<p><\/p>\n\n\n\n<p>Comment les entreprises peuvent-elles g\u00e9rer efficacement les complexit\u00e9s de la t\u00e9l\u00e9sant\u00e9 pour saisir les opportunit\u00e9s et r\u00e9ussir\u00a0? Alors que la demande en mati\u00e8re de t\u00e9l\u00e9sant\u00e9 continue de monter en fl\u00e8che, les entreprises peuvent exploiter la puissance des \u00e9tudes de march\u00e9 et du conseil en strat\u00e9gie en mati\u00e8re de t\u00e9l\u00e9sant\u00e9 pour d\u00e9chiffrer les tendances du march\u00e9 et \u00e9laborer des strat\u00e9gies sur mesure dans ce domaine.<\/p>\n\n\n\n<h2 class=\"wp-block-heading\">Qu\u2019est-ce que l\u2019\u00e9tude de march\u00e9 et le conseil en strat\u00e9gie en t\u00e9l\u00e9sant\u00e9 ?<\/h2>\n\n\n\n<p>L\u2019\u00e9tude de march\u00e9 sur la t\u00e9l\u00e9sant\u00e9 implique un examen minutieux des tendances du march\u00e9, des comportements des consommateurs, des paysages r\u00e9glementaires et de la dynamique concurrentielle du secteur de la t\u00e9l\u00e9sant\u00e9. Gr\u00e2ce \u00e0 des analyses bas\u00e9es sur des donn\u00e9es et \u00e0 des \u00e9valuations compl\u00e8tes du march\u00e9, les entreprises obtiennent des informations inestimables sur les opportunit\u00e9s \u00e9mergentes, les d\u00e9fis potentiels et le paysage concurrentiel, leur permettant ainsi de prendre des d\u00e9cisions \u00e9clair\u00e9es et de formuler des plans strat\u00e9giques adapt\u00e9s \u00e0 leurs besoins et objectifs uniques.<\/p>\n\n\n\n<p>On the other hand, telehealth strategy <a href=\"https:\/\/www.sisinternational.com\/fr\/solutions\/conseil-en-tourisme-de-voyage-et-en-hotellerie\/conseil-en-marketing-pour-les-restaurants-sur-le-toit\/\" title=\"Conseil en marketing pour les restaurants sur le toit\"  data-wpil-monitor-id=\"4544\">consulting complements market<\/a> research by providing strategic guidance and actionable recommendations to businesses seeking to optimize their telehealth initiatives. Strategy consultants leverage their expertise in telehealth technology, healthcare delivery models, regulatory compliance, and business operations to develop robust strategies that align with clients&#8217; goals, drive sustainable growth, and maintain a competitive edge in the rapidly evolving telehealth market.<\/p>\n\n\n\n<h2 class=\"wp-block-heading\">Importance des \u00e9tudes de march\u00e9 et du conseil en strat\u00e9gie en mati\u00e8re de t\u00e9l\u00e9sant\u00e9<\/h2>\n\n\n\n<p>By conducting thorough telehealth <a href=\"https:\/\/www.sisinternational.com\/fr\/solutions\/ai-etudes-de-marche-et-conseil-en-strategie\/conseil-en-marketing-par-ia\/\" title=\"Conseil en marketing IA\"  data-wpil-monitor-id=\"5044\">market research and strategy consulting<\/a>, businesses gain insights into the evolving telehealth landscape, including emerging trends, competitive dynamics, and regulatory requirements. These insights enable businesses to identify market gaps, assess demand for telehealth services, and understand the needs and preferences of patients and healthcare providers, guiding the development of targeted telehealth strategies that resonate with their target audience.<\/p>\n\n\n\n<p>Secondly, telehealth <a href=\"https:\/\/www.sisinternational.com\/fr\/competence\/les-industries\/etude-de-marche-sur-le-handicap\/\" title=\"Disability Market Consulting\"  data-wpil-monitor-id=\"6804\">market research and strategy consulting<\/a> translate market insights into actionable strategies. Strategy consultants collaborate closely with businesses to understand their goals, challenges, and unique circumstances, providing expert guidance and support throughout the strategic planning process. From identifying growth opportunities to mitigating risks and optimizing resource allocation, strategy consulting helps businesses develop robust telehealth strategies aligned with their organizational objectives, regulatory requirements, and market dynamics.<\/p>\n\n\n\n<h2 class=\"wp-block-heading\">Dans tous les cas, cela pr\u00e9sente de nombreux autres avantages pour les entreprises, notamment :<\/h2>\n\n\n\n<figure class=\"gb-block-image gb-block-image-af0458ab\"><img loading=\"lazy\" decoding=\"async\" width=\"1456\" height=\"816\" class=\"gb-image gb-image-af0458ab\" src=\"https:\/\/www.sisinternational.com\/wp-content\/uploads\/2025\/10\/Telehealth-2.jpg\" alt=\"\u00c9tudes de march\u00e9 et strat\u00e9gie internationales SIS\" title=\"Telehealth (2)\" srcset=\"https:\/\/www.sisinternational.com\/wp-content\/uploads\/2025\/10\/Telehealth-2.jpg 1456w, https:\/\/www.sisinternational.com\/wp-content\/uploads\/2025\/10\/Telehealth-2-300x168.jpg 300w, https:\/\/www.sisinternational.com\/wp-content\/uploads\/2025\/10\/Telehealth-2-1024x574.jpg 1024w, https:\/\/www.sisinternational.com\/wp-content\/uploads\/2025\/10\/Telehealth-2-768x430.jpg 768w, https:\/\/www.sisinternational.com\/wp-content\/uploads\/2025\/10\/Telehealth-2-18x10.jpg 18w\" sizes=\"auto, (max-width: 1456px) 100vw, 1456px\"><\/figure>\n\n\n\n<ul class=\"wp-block-list\">\n<li><strong>Planification strat\u00e9gique\u00a0:<\/strong> <a href=\"https:\/\/www.sisinternational.com\/fr\/solutions\/conseil-en-strategie\/approvisionnement-strategique\/\" title=\"Conseil en approvisionnement strat\u00e9gique\"  data-wpil-monitor-id=\"6563\">Telehealth market research and strategy consulting<\/a> provide businesses with expert guidance and support in developing robust telehealth strategies. Consultants collaborate closely with clients to identify growth opportunities, mitigate risks, and optimize resource allocation, ensuring that telehealth initiatives are aligned with organizational objectives and market dynamics.<\/li>\n\n\n\n<li><strong>Avantage comp\u00e9titif:<\/strong> Les entreprises peuvent acqu\u00e9rir un avantage concurrentiel dans le domaine de la t\u00e9l\u00e9sant\u00e9 en tirant parti de leurs connaissances du march\u00e9 et de leur expertise strat\u00e9gique. Une diff\u00e9renciation strat\u00e9gique, des offres de services innovantes et des strat\u00e9gies marketing cibl\u00e9es peuvent aider les entreprises \u00e0 se d\u00e9marquer de leurs concurrents et \u00e0 attirer les patients et les prestataires de soins de sant\u00e9.<\/li>\n\n\n\n<li><strong>Conformit\u00e9 r\u00e9glementaire\u00a0:<\/strong> Telehealth <a href=\"https:\/\/www.sisinternational.com\/fr\/couverture\/les-ameriques\/etude-de-marche-en-amerique-latine\/conseil-en-entree-de-marche-au-bresil\/\" title=\"Conseil en entr\u00e9e de march\u00e9 au Br\u00e9sil\"  data-wpil-monitor-id=\"7074\">market research and strategy consulting<\/a> help businesses navigate the complex regulatory landscape surrounding telehealth, ensuring compliance with applicable laws and regulations. Consultants guide licensure requirements, reimbursement policies, data privacy, and security standards, helping businesses avoid legal pitfalls and mitigate compliance risks.<\/li>\n\n\n\n<li><strong>ROI maximis\u00e9\u00a0:<\/strong> Les entreprises peuvent maximiser le retour sur investissement (ROI) de leurs initiatives de t\u00e9l\u00e9sant\u00e9 en investissant dans des \u00e9tudes de march\u00e9 et des conseils en strat\u00e9gie en mati\u00e8re de t\u00e9l\u00e9sant\u00e9. La planification strat\u00e9gique, la prise de d\u00e9cision \u00e9clair\u00e9e et l&#039;allocation cibl\u00e9e des ressources contribuent \u00e0 optimiser l&#039;efficacit\u00e9 et l&#039;efficience des programmes de t\u00e9l\u00e9sant\u00e9, conduisant ainsi \u00e0 des r\u00e9sultats positifs et \u00e0 un succ\u00e8s \u00e0 long terme.<\/li>\n<\/ul>\n\n\n\n<h2 class=\"wp-block-heading\">Qui utilise les \u00e9tudes de march\u00e9 et le conseil en strat\u00e9gie en mati\u00e8re de t\u00e9l\u00e9sant\u00e9<\/h2>\n\n\n\n<p>Les prestataires de soins de sant\u00e9, notamment les h\u00f4pitaux, les cliniques et les cabinets priv\u00e9s, tirent parti des \u00e9tudes de march\u00e9 et du conseil en strat\u00e9gie en mati\u00e8re de t\u00e9l\u00e9sant\u00e9 pour \u00e9largir leur offre de services, am\u00e9liorer l&#039;acc\u00e8s des patients aux soins et optimiser l&#039;efficacit\u00e9 op\u00e9rationnelle.<\/p>\n\n\n\n<p>En outre, les compagnies d&#039;assurance maladie utilisent des \u00e9tudes de march\u00e9 et des conseils en strat\u00e9gie en mati\u00e8re de t\u00e9l\u00e9sant\u00e9 pour \u00e9valuer la viabilit\u00e9 des services de t\u00e9l\u00e9sant\u00e9, \u00e9laborer des politiques de remboursement et optimiser les strat\u00e9gies de gestion du r\u00e9seau. En comprenant les \u00e9conomies potentielles et les r\u00e9sultats pour les patients associ\u00e9s \u00e0 la t\u00e9l\u00e9sant\u00e9, les payeurs peuvent concevoir des politiques qui encouragent l\u2019adoption de la t\u00e9l\u00e9sant\u00e9 et am\u00e9liorent l\u2019acc\u00e8s aux soins pour leurs membres.<\/p>\n\n\n\n<p>Les \u00e9tudes de march\u00e9 et le conseil en strat\u00e9gie en mati\u00e8re de t\u00e9l\u00e9sant\u00e9 sont essentiels pour les entreprises de technologies de la sant\u00e9 qui d\u00e9veloppent des solutions de t\u00e9l\u00e9sant\u00e9. En analysant les tendances du march\u00e9 et les paysages concurrentiels, les entreprises technologiques peuvent identifier les besoins non satisfaits, d\u00e9velopper des produits de t\u00e9l\u00e9sant\u00e9 innovants et acqu\u00e9rir un avantage concurrentiel.<\/p>\n\n\n\n<h2 class=\"wp-block-heading\">Facteurs de r\u00e9ussite critiques pour une \u00e9tude de march\u00e9 et un conseil en strat\u00e9gie de t\u00e9l\u00e9sant\u00e9 r\u00e9ussis<\/h2>\n\n\n\n<figure class=\"gb-block-image gb-block-image-d1361dbc\"><img loading=\"lazy\" decoding=\"async\" width=\"1456\" height=\"816\" class=\"gb-image gb-image-d1361dbc\" src=\"https:\/\/www.sisinternational.com\/wp-content\/uploads\/2025\/10\/Telehealth-4.jpg\" alt=\"\u00c9tudes de march\u00e9 et strat\u00e9gie internationales SIS\" title=\"Telehealth (4)\" srcset=\"https:\/\/www.sisinternational.com\/wp-content\/uploads\/2025\/10\/Telehealth-4.jpg 1456w, https:\/\/www.sisinternational.com\/wp-content\/uploads\/2025\/10\/Telehealth-4-300x168.jpg 300w, https:\/\/www.sisinternational.com\/wp-content\/uploads\/2025\/10\/Telehealth-4-1024x574.jpg 1024w, https:\/\/www.sisinternational.com\/wp-content\/uploads\/2025\/10\/Telehealth-4-768x430.jpg 768w, https:\/\/www.sisinternational.com\/wp-content\/uploads\/2025\/10\/Telehealth-4-18x10.jpg 18w\" sizes=\"auto, (max-width: 1456px) 100vw, 1456px\"><\/figure>\n\n\n\n<p><\/p>\n\n\n\n<p>Plusieurs facteurs de r\u00e9ussite critiques contribuent \u00e0 l\u2019efficacit\u00e9 et au succ\u00e8s des initiatives d\u2019\u00e9tudes de march\u00e9 et de conseil en strat\u00e9gie en mati\u00e8re de t\u00e9l\u00e9sant\u00e9 \u2013 et certains des facteurs les plus importants sont les suivants\u00a0:<\/p>\n\n\n\n<ul class=\"wp-block-list\">\n<li><strong>Alignement strat\u00e9gique:<\/strong> Assurer l\u2019alignement strat\u00e9gique entre les initiatives de t\u00e9l\u00e9sant\u00e9 et les objectifs organisationnels est crucial pour le succ\u00e8s. Les consultants en strat\u00e9gie travaillent en \u00e9troite collaboration avec les clients pour comprendre leurs objectifs, leurs priorit\u00e9s et leurs contraintes, les aidant ainsi \u00e0 d\u00e9velopper des strat\u00e9gies de t\u00e9l\u00e9sant\u00e9 soutenant la croissance et la durabilit\u00e9 \u00e0 long terme.<\/li>\n\n\n\n<li><strong>Int\u00e9gration technologique\u00a0:<\/strong> L\u2019int\u00e9gration transparente des technologies de t\u00e9l\u00e9sant\u00e9 dans les syst\u00e8mes et flux de travail de sant\u00e9 existants est essentielle pour leur adoption et leur convivialit\u00e9. Les consultants en technologie collaborent avec les clients pour \u00e9valuer les besoins technologiques, s\u00e9lectionner les plates-formes appropri\u00e9es et assurer l&#039;interop\u00e9rabilit\u00e9 avec les syst\u00e8mes existants, optimisant ainsi l&#039;efficience et l&#039;efficacit\u00e9 des programmes de t\u00e9l\u00e9sant\u00e9.<\/li>\n\n\n\n<li><strong>\u00c9valuation et am\u00e9lioration continues\u00a0:<\/strong> Les initiatives de t\u00e9l\u00e9sant\u00e9 doivent \u00eatre r\u00e9guli\u00e8rement \u00e9valu\u00e9es et affin\u00e9es en fonction des mesures de performance, des commentaires des patients et de la dynamique du march\u00e9. En surveillant continuellement les r\u00e9sultats, en identifiant les domaines \u00e0 am\u00e9liorer et en adaptant les strat\u00e9gies en cons\u00e9quence, les entreprises peuvent optimiser l&#039;efficacit\u00e9 et l&#039;impact de leurs programmes de t\u00e9l\u00e9sant\u00e9 au fil du temps.<\/li>\n<\/ul>\n\n\n\n<h2 class=\"wp-block-heading\">L&#039;approche SIS en mati\u00e8re d&#039;\u00e9tudes de march\u00e9 et de conseil en strat\u00e9gie en mati\u00e8re de t\u00e9l\u00e9sant\u00e9<\/h2>\n\n\n\n<p>\u00c0 <a class=\"wpil_keyword_link\" href=\"https:\/\/www.sisinternational.com\/fr\/sis-international-research-fete-ses-30-ans\/\"   title=\"SIS International Research c\u00e9l\u00e8bre son 30e anniversaire\" data-wpil-keyword-link=\"linked\"  data-wpil-monitor-id=\"610\">Recherche internationale SIS<\/a>, our approach to telehealth market research and strategy consulting is committed to delivering actionable insights and strategic guidance that drive tangible results for our clients.<\/p>\n\n\n\n<ul class=\"wp-block-list\">\n<li><strong>Compr\u00e9hension globale\u00a0:<\/strong> Nous commen\u00e7ons par comprendre parfaitement les objectifs commerciaux de nos clients, la dynamique du march\u00e9 et le paysage concurrentiel. Gr\u00e2ce \u00e0 des consultations approfondies et \u00e0 des discussions collaboratives, nous travaillons en \u00e9troite collaboration avec nos clients pour identifier leurs d\u00e9fis, opportunit\u00e9s et objectifs uniques en mati\u00e8re de t\u00e9l\u00e9sant\u00e9.<\/li>\n\n\n\n<li><strong>Perspectives et recommandations strat\u00e9giques\u00a0:<\/strong> Nos consultants et analystes chevronn\u00e9s traduisent les r\u00e9sultats de la recherche en informations strat\u00e9giques et en recommandations concr\u00e8tes qui guident les initiatives de t\u00e9l\u00e9sant\u00e9 de nos clients. Qu&#039;il s&#039;agisse d&#039;identifier des opportunit\u00e9s de march\u00e9, d&#039;optimiser les offres de services ou de d\u00e9velopper des strat\u00e9gies de commercialisation, nous fournissons des conseils et un soutien pratiques \u00e0 chaque \u00e9tape du processus de planification strat\u00e9gique.<\/li>\n\n\n\n<li><strong>Collaboration continue\u00a0:<\/strong> Nous croyons qu&#039;il est important de favoriser un partenariat de collaboration avec nos clients, de maintenir une communication ouverte et de fournir un soutien continu tout au long du processus de mise en \u0153uvre de la strat\u00e9gie de t\u00e9l\u00e9sant\u00e9. Qu&#039;il s&#039;agisse d&#039;affiner les strat\u00e9gies bas\u00e9es sur l&#039;\u00e9volution de la dynamique du march\u00e9, de surveiller les mesures de performance et d&#039;ajuster le cap si n\u00e9cessaire, nous restons pleinement engag\u00e9s et engag\u00e9s dans le succ\u00e8s de nos clients.<\/li>\n\n\n\n<li><strong>Impact mesurable\u00a0:<\/strong> Notre objectif ultime est de fournir un impact mesurable et des r\u00e9sultats tangibles \u00e0 nos clients. Qu&#039;il s&#039;agisse d&#039;accro\u00eetre l&#039;engagement des patients, d&#039;am\u00e9liorer les r\u00e9sultats des soins de sant\u00e9 ou de stimuler la croissance des revenus, nous nous effor\u00e7ons de faire une diff\u00e9rence significative dans les initiatives de t\u00e9l\u00e9sant\u00e9 de nos clients et de contribuer \u00e0 leur succ\u00e8s \u00e0 long terme.<\/li>\n<\/ul>\n\n\n\n<h2 class=\"wp-block-heading\">Opportunit\u00e9s dans les \u00e9tudes de march\u00e9 en t\u00e9l\u00e9sant\u00e9 et le conseil en strat\u00e9gie pour les entreprises<\/h2>\n\n\n\n<figure class=\"gb-block-image gb-block-image-9e55ef27\"><img loading=\"lazy\" decoding=\"async\" width=\"1456\" height=\"816\" class=\"gb-image gb-image-9e55ef27\" src=\"https:\/\/www.sisinternational.com\/wp-content\/uploads\/2025\/10\/Telehealth-1.jpg\" alt=\"\u00c9tudes de march\u00e9 et strat\u00e9gie internationales SIS\" title=\"Telehealth (1)\" srcset=\"https:\/\/www.sisinternational.com\/wp-content\/uploads\/2025\/10\/Telehealth-1.jpg 1456w, https:\/\/www.sisinternational.com\/wp-content\/uploads\/2025\/10\/Telehealth-1-300x168.jpg 300w, https:\/\/www.sisinternational.com\/wp-content\/uploads\/2025\/10\/Telehealth-1-1024x574.jpg 1024w, https:\/\/www.sisinternational.com\/wp-content\/uploads\/2025\/10\/Telehealth-1-768x430.jpg 768w, https:\/\/www.sisinternational.com\/wp-content\/uploads\/2025\/10\/Telehealth-1-18x10.jpg 18w\" sizes=\"auto, (max-width: 1456px) 100vw, 1456px\"><\/figure>\n\n\n\n<p><\/p>\n\n\n\n<p>Les \u00e9tudes de march\u00e9 et le conseil en strat\u00e9gie en mati\u00e8re de t\u00e9l\u00e9sant\u00e9 pr\u00e9sentent de nombreuses opportunit\u00e9s pour les entreprises cherchant \u00e0 capitaliser sur la demande croissante de services de sant\u00e9 virtuels.<\/p>\n\n\n\n<ul class=\"wp-block-list\">\n<li><strong>Expansion des offres de services\u00a0:<\/strong> Les entreprises peuvent tirer parti des \u00e9tudes de march\u00e9 sur la t\u00e9l\u00e9sant\u00e9 pour identifier les besoins non satisfaits et les tendances \u00e9mergentes sur le march\u00e9 de la sant\u00e9, leur permettant ainsi d&#039;\u00e9largir leur offre de services de mani\u00e8re strat\u00e9gique. En comprenant les pr\u00e9f\u00e9rences des patients et la dynamique du march\u00e9, les entreprises peuvent d\u00e9velopper des solutions de t\u00e9l\u00e9sant\u00e9 innovantes qui comblent les lacunes dans la prestation des soins et se diff\u00e9rencient de leurs concurrents.<\/li>\n\n\n\n<li><strong>Engagement am\u00e9lior\u00e9 des patients\u00a0:<\/strong> Le conseil en strat\u00e9gies de t\u00e9l\u00e9sant\u00e9 permet aux entreprises de d\u00e9velopper des strat\u00e9gies de t\u00e9l\u00e9sant\u00e9 centr\u00e9es sur le patient qui am\u00e9liorent l&#039;engagement et la satisfaction des patients. En tirant parti des technologies de t\u00e9l\u00e9sant\u00e9 et des canaux de communication personnalis\u00e9s, les entreprises peuvent fournir un acc\u00e8s pratique aux soins, favoriser des relations patient-prestataire continues et permettre aux patients de g\u00e9rer activement leur sant\u00e9.<\/li>\n\n\n\n<li><strong>\u00c9conomies de co\u00fbts et am\u00e9liorations de l\u2019efficacit\u00e9\u00a0:<\/strong> <a href=\"https:\/\/www.sisinternational.com\/fr\/etre-vert-ameliore-les-performances-en-cas-de-recession\/\" title=\"Comment r\u00e9duire les co\u00fbts dans votre entreprise\"  data-wpil-monitor-id=\"7443\">Telehealth market research and strategy consulting<\/a> can help businesses identify opportunities to streamline workflows, reduce overhead costs, and improve operational efficiency. By integrating telehealth into existing care delivery models, businesses can optimize resource utilization, minimize administrative burdens, and achieve cost savings while maintaining high-quality patient care.<\/li>\n<\/ul>\n\n\n\n<p><\/p>","protected":false},"excerpt":{"rendered":"<p>Les \u00e9tudes de march\u00e9 sur la t\u00e9l\u00e9sant\u00e9 et le conseil en strat\u00e9gie analysent les tendances, les consommateurs, les r\u00e9glementations et la concurrence du secteur de la t\u00e9l\u00e9sant\u00e9.<\/p>","protected":false},"author":1,"featured_media":71995,"parent":14567,"menu_order":38,"comment_status":"closed","ping_status":"closed","template":"","meta":{"footnotes":""},"class_list":["post-46525","page","type-page","status-publish","has-post-thumbnail"],"_links":{"self":[{"href":"https:\/\/www.sisinternational.com\/fr\/wp-json\/wp\/v2\/pages\/46525","targetHints":{"allow":["GET"]}}],"collection":[{"href":"https:\/\/www.sisinternational.com\/fr\/wp-json\/wp\/v2\/pages"}],"about":[{"href":"https:\/\/www.sisinternational.com\/fr\/wp-json\/wp\/v2\/types\/page"}],"author":[{"embeddable":true,"href":"https:\/\/www.sisinternational.com\/fr\/wp-json\/wp\/v2\/users\/1"}],"replies":[{"embeddable":true,"href":"https:\/\/www.sisinternational.com\/fr\/wp-json\/wp\/v2\/comments?post=46525"}],"version-history":[{"count":14,"href":"https:\/\/www.sisinternational.com\/fr\/wp-json\/wp\/v2\/pages\/46525\/revisions"}],"predecessor-version":[{"id":81073,"href":"https:\/\/www.sisinternational.com\/fr\/wp-json\/wp\/v2\/pages\/46525\/revisions\/81073"}],"up":[{"embeddable":true,"href":"https:\/\/www.sisinternational.com\/fr\/wp-json\/wp\/v2\/pages\/14567"}],"wp:featuredmedia":[{"embeddable":true,"href":"https:\/\/www.sisinternational.com\/fr\/wp-json\/wp\/v2\/media\/71995"}],"wp:attachment":[{"href":"https:\/\/www.sisinternational.com\/fr\/wp-json\/wp\/v2\/media?parent=46525"}],"curies":[{"name":"wp","href":"https:\/\/api.w.org\/{rel}","templated":true}]}}