{"id":46333,"date":"2024-02-22T19:11:05","date_gmt":"2024-02-23T00:11:05","guid":{"rendered":"https:\/\/www.sisinternational.com\/?page_id=46333"},"modified":"2026-01-26T14:42:05","modified_gmt":"2026-01-26T19:42:05","slug":"etude-de-marche-sur-la-conception-centree-sur-lutilisateur","status":"publish","type":"page","link":"https:\/\/www.sisinternational.com\/fr\/solutions\/conseil-en-strategie\/etude-de-marche-sur-la-conception-centree-sur-lutilisateur\/","title":{"rendered":"User-Centered Design market Research"},"content":{"rendered":"<h1 class=\"wp-block-heading\">User-Centered Design market Research<\/h1>\n\n\n\n<figure class=\"gb-block-image gb-block-image-74b5cc2f\"><img loading=\"lazy\" decoding=\"async\" width=\"1456\" height=\"816\" class=\"gb-image gb-image-74b5cc2f\" src=\"https:\/\/www.sisinternational.com\/wp-content\/uploads\/2025\/10\/User-Centered-Design-1.jpg\" alt=\"\u00c9tudes de march\u00e9 et strat\u00e9gie internationales SIS\" title=\"User-Centered Design (1)\" srcset=\"https:\/\/www.sisinternational.com\/wp-content\/uploads\/2025\/10\/User-Centered-Design-1.jpg 1456w, https:\/\/www.sisinternational.com\/wp-content\/uploads\/2025\/10\/User-Centered-Design-1-300x168.jpg 300w, https:\/\/www.sisinternational.com\/wp-content\/uploads\/2025\/10\/User-Centered-Design-1-1024x574.jpg 1024w, https:\/\/www.sisinternational.com\/wp-content\/uploads\/2025\/10\/User-Centered-Design-1-768x430.jpg 768w, https:\/\/www.sisinternational.com\/wp-content\/uploads\/2025\/10\/User-Centered-Design-1-18x10.jpg 18w\" sizes=\"auto, (max-width: 1456px) 100vw, 1456px\"><\/figure>\n\n\n\n<p><\/p>\n\n\n\n<p>\u00c0 une \u00e9poque o\u00f9 l\u2019exp\u00e9rience utilisateur peut faire ou d\u00e9faire un produit, une question primordiale : dans quelle mesure connaissez-vous vos utilisateurs ? Les \u00e9tudes de march\u00e9 sur la conception centr\u00e9e sur l&#039;utilisateur (UCD) aident \u00e0 comprendre et \u00e0 r\u00e9pondre \u00e0 cette question, en proposant une feuille de route pour adapter les produits et services qui trouvent un \u00e9cho profond aupr\u00e8s des utilisateurs finaux.<\/p>\n\n\n\n<h2 class=\"wp-block-heading\">Comprendre les \u00e9tudes de march\u00e9 sur la conception centr\u00e9e sur l\u2019utilisateur<\/h2>\n\n\n\n<p>Les \u00e9tudes de march\u00e9 sur la conception centr\u00e9e sur l\u2019utilisateur se concentrent sur la compr\u00e9hension des besoins, des comportements et des pr\u00e9f\u00e9rences des utilisateurs pour \u00e9clairer la conception et le d\u00e9veloppement de produits et de services. Ce type de recherche utilise diverses m\u00e9thodologies, notamment des enqu\u00eates, des entretiens, des tests d&#039;utilisabilit\u00e9 et des observations, pour recueillir des informations exploitables sur le public cible.<\/p>\n\n\n\n<p>The core objective of user-centered <a href=\"https:\/\/www.sisinternational.com\/fr\/competence\/les-industries\/etude-de-marche-sur-le-design-industriel\/\" title=\"\u00c9tude de march\u00e9 sur le design industriel\"  data-wpil-monitor-id=\"4145\">design market research<\/a> is to ensure that the end product is functional, intuitive, accessible, and desirable to the user. This way, businesses can create solutions that meet the market&#8217;s demands by prioritizing the user&#8217;s perspective throughout the design process.<\/p>\n\n\n\n<h2 class=\"wp-block-heading\">Importance de l\u2019\u00e9tude de march\u00e9 sur la conception centr\u00e9e sur l\u2019utilisateur<\/h2>\n\n\n\n<p>Les \u00e9tudes de march\u00e9 UCD donnent aux entreprises des informations essentielles sur le monde des utilisateurs. Il fournit une compr\u00e9hension d\u00e9taill\u00e9e de leurs probl\u00e8mes, de leurs besoins et de la mani\u00e8re dont ils interagissent avec les produits ou services existants. Cette compr\u00e9hension est cruciale pour identifier les opportunit\u00e9s d\u2019innovation et de diff\u00e9renciation sur un march\u00e9 encombr\u00e9.<\/p>\n\n\n\n<p>De plus, s&#039;engager dans des \u00e9tudes de march\u00e9 UCD favorise une culture d&#039;empathie au sein de l&#039;organisation. Il encourage les \u00e9quipes \u00e0 adopter le point de vue de l&#039;utilisateur, ce qui conduit \u00e0 des d\u00e9cisions de conception plus r\u00e9fl\u00e9chies et inclusives. Cette empathie am\u00e9liore la convivialit\u00e9 et l&#039;accessibilit\u00e9 du produit, garantissant qu&#039;il s&#039;adresse \u00e0 un large \u00e9ventail d&#039;utilisateurs, y compris ceux handicap\u00e9s. La nature inclusive de cette \u00e9tude de march\u00e9 contribue \u00e0 cr\u00e9er des produits destin\u00e9s \u00e0 un public plus large, am\u00e9liorant ainsi la port\u00e9e et l\u2019impact du march\u00e9.<\/p>\n\n\n\n<figure class=\"gb-block-image gb-block-image-4681afbb\"><img loading=\"lazy\" decoding=\"async\" width=\"1456\" height=\"816\" class=\"gb-image gb-image-4681afbb\" src=\"https:\/\/www.sisinternational.com\/wp-content\/uploads\/2025\/10\/User-Centered-Design-5.jpg\" alt=\"\u00c9tudes de march\u00e9 et strat\u00e9gie internationales SIS\" title=\"User-Centered Design (5)\" srcset=\"https:\/\/www.sisinternational.com\/wp-content\/uploads\/2025\/10\/User-Centered-Design-5.jpg 1456w, https:\/\/www.sisinternational.com\/wp-content\/uploads\/2025\/10\/User-Centered-Design-5-300x168.jpg 300w, https:\/\/www.sisinternational.com\/wp-content\/uploads\/2025\/10\/User-Centered-Design-5-1024x574.jpg 1024w, https:\/\/www.sisinternational.com\/wp-content\/uploads\/2025\/10\/User-Centered-Design-5-768x430.jpg 768w, https:\/\/www.sisinternational.com\/wp-content\/uploads\/2025\/10\/User-Centered-Design-5-18x10.jpg 18w\" sizes=\"auto, (max-width: 1456px) 100vw, 1456px\"><\/figure>\n\n\n\n<p><\/p>\n\n\n\n<p>Lastly, UCD market research is instrumental in reducing the risk of product failure. By continuously involving users throughout the design and development process, businesses can validate assumptions, refine ideas, and make informed adjustments based on user feedback. This iterative approach minimizes the chances of launching a product that does not meet user expectations, thereby safeguarding investment and resources. However, user-centered <a href=\"https:\/\/www.sisinternational.com\/fr\/competence\/les-industries\/etude-de-marche-pour-une-entreprise-de-design\/\" title=\"\u00c9tude de march\u00e9 des entreprises de conception\"  data-wpil-monitor-id=\"5588\">design market research<\/a> has some other benefits, including:<\/p>\n\n\n\n<ul class=\"wp-block-list\">\n<li><strong>Convivialit\u00e9 am\u00e9lior\u00e9e du produit\u00a0:<\/strong> L\u2019objectif d\u2019am\u00e9liorer la convivialit\u00e9 des produits est au c\u0153ur des \u00e9tudes de march\u00e9 UCD. En comprenant les besoins et les d\u00e9fis sp\u00e9cifiques des utilisateurs, les concepteurs peuvent cr\u00e9er des interfaces et des exp\u00e9riences intuitives et faciles \u00e0 naviguer. Cet accent mis sur la convivialit\u00e9 permet de r\u00e9duire la courbe d&#039;apprentissage des nouveaux utilisateurs et d&#039;am\u00e9liorer la satisfaction globale du produit.<\/li>\n\n\n\n<li><strong>Satisfaction accrue des utilisateurs\u00a0:<\/strong> Les produits con\u00e7us avec la contribution des utilisateurs sont plus susceptibles de r\u00e9pondre ou de d\u00e9passer les attentes, conduisant \u00e0 des niveaux plus \u00e9lev\u00e9s de satisfaction des utilisateurs. Les utilisateurs satisfaits sont plus fid\u00e8les et plus susceptibles de devenir des d\u00e9fenseurs du produit, en le promouvant au sein de leurs r\u00e9seaux. Ce marketing de bouche \u00e0 oreille peut \u00eatre inestimable pour la croissance et l\u2019adoption des produits.<\/li>\n\n\n\n<li><strong>Co\u00fbts de d\u00e9veloppement r\u00e9duits\u00a0:<\/strong> L&#039;int\u00e9gration d&#039;une \u00e9tude de march\u00e9 UCD d\u00e8s le d\u00e9but du processus de d\u00e9veloppement peut aider \u00e0 identifier d\u00e8s le d\u00e9part les probl\u00e8mes potentiels et les besoins des utilisateurs, r\u00e9duisant ainsi le besoin de r\u00e9visions et de refontes co\u00fbteuses par la suite. En d\u00e9tectant ces probl\u00e8mes d\u00e8s le d\u00e9but, les entreprises peuvent rationaliser leur processus de d\u00e9veloppement, \u00e9conomisant ainsi du temps et des ressources.<\/li>\n\n\n\n<li><strong>Avantage comp\u00e9titif:<\/strong> In a crowded marketplace, offering a superior user experience can be a significant differentiator. User-centered <a href=\"https:\/\/www.sisinternational.com\/fr\/competence\/les-industries\/etude-de-marche-sur-la-conception-demballages\/\" title=\"\u00c9tude de march\u00e9 sur la conception d\u2019emballages\"  data-wpil-monitor-id=\"6180\">design market research<\/a> provides the insights to create products that stand out from the competition by uniquely and effectively addressing user needs.<\/li>\n\n\n\n<li><strong>Accessibilit\u00e9 am\u00e9lior\u00e9e\u00a0:<\/strong> L&#039;accent mis sur l&#039;UCD encourage la conception de produits accessibles \u00e0 tous les utilisateurs, y compris ceux handicap\u00e9s. Cela \u00e9largit la base d&#039;utilisateurs potentiels du produit et d\u00e9montre un engagement en faveur de l&#039;inclusivit\u00e9, ce qui peut am\u00e9liorer la r\u00e9putation et l&#039;attrait de la marque.<\/li>\n<\/ul>\n\n\n\n<h2 class=\"wp-block-heading\">Qui utilise les \u00e9tudes de march\u00e9 sur la conception centr\u00e9e sur l\u2019utilisateur<\/h2>\n\n\n\n<p>User-centered <a href=\"https:\/\/www.sisinternational.com\/fr\/solutions\/innovation\/la-pensee-de-conception\/\" title=\"\u00c9tude de march\u00e9 sur le design thinking\"  data-wpil-monitor-id=\"6674\">design market research<\/a> is a versatile tool employed by various stakeholders to inform the development of products, services, and systems that prioritize the user&#8217;s experience. Its main users include:<\/p>\n\n\n\n<ul class=\"wp-block-list\">\n<li><strong>Concepteurs et d\u00e9veloppeurs de produits\u00a0:<\/strong> Ces professionnels s&#039;appuient sur les connaissances de l&#039;UCD pour \u00e9clairer chaque aspect du processus de conception, du concept initial au produit final. En comprenant les besoins, les comportements et les pr\u00e9f\u00e9rences des utilisateurs, ils peuvent cr\u00e9er des produits non seulement fonctionnels, mais \u00e9galement intuitifs et agr\u00e9ables \u00e0 utiliser.<\/li>\n\n\n\n<li><strong>Strat\u00e8ges d&#039;entreprise\u00a0:<\/strong> Dans les grandes organisations, les strat\u00e8ges d&#039;entreprise utilisent les \u00e9tudes de march\u00e9 UCD pour guider les strat\u00e9gies de d\u00e9veloppement de produits, en veillant \u00e0 ce que les nouvelles initiatives soient align\u00e9es sur les besoins des utilisateurs et les demandes du march\u00e9. Cette application strat\u00e9gique de l\u2019UCD peut stimuler l\u2019innovation, la diff\u00e9renciation concurrentielle et la croissance \u00e0 long terme.<\/li>\n\n\n\n<li><strong>Start-up\u00a0:<\/strong> Les startups, en particulier, trouvent une immense valeur dans les \u00e9tudes de march\u00e9 UCD car elles leur permettent de valider des id\u00e9es commerciales, d&#039;affiner les concepts de produits et de garantir que leurs ressources limit\u00e9es sont investies dans le d\u00e9veloppement de solutions qui r\u00e9pondent \u00e0 un v\u00e9ritable besoin des utilisateurs. Cette concentration sur la conception centr\u00e9e sur l&#039;utilisateur peut \u00eatre un facteur essentiel dans la capacit\u00e9 d&#039;une startup \u00e0 pivoter rapidement et \u00e0 trouver une voie viable vers le succ\u00e8s sur le march\u00e9.<\/li>\n<\/ul>\n\n\n\n<h2 class=\"wp-block-heading\">L\u2019approche SIS de l\u2019\u00e9tude de march\u00e9 sur la conception centr\u00e9e sur l\u2019utilisateur<\/h2>\n\n\n\n<figure class=\"gb-block-image gb-block-image-970e202c\"><img loading=\"lazy\" decoding=\"async\" width=\"1456\" height=\"816\" class=\"gb-image gb-image-970e202c\" src=\"https:\/\/www.sisinternational.com\/wp-content\/uploads\/2025\/10\/User-Centered-Design-2.jpg\" alt=\"\u00c9tudes de march\u00e9 et strat\u00e9gie internationales SIS\" title=\"User-Centered Design (2)\" srcset=\"https:\/\/www.sisinternational.com\/wp-content\/uploads\/2025\/10\/User-Centered-Design-2.jpg 1456w, https:\/\/www.sisinternational.com\/wp-content\/uploads\/2025\/10\/User-Centered-Design-2-300x168.jpg 300w, https:\/\/www.sisinternational.com\/wp-content\/uploads\/2025\/10\/User-Centered-Design-2-1024x574.jpg 1024w, https:\/\/www.sisinternational.com\/wp-content\/uploads\/2025\/10\/User-Centered-Design-2-768x430.jpg 768w, https:\/\/www.sisinternational.com\/wp-content\/uploads\/2025\/10\/User-Centered-Design-2-18x10.jpg 18w\" sizes=\"auto, (max-width: 1456px) 100vw, 1456px\"><\/figure>\n\n\n\n<p><\/p>\n\n\n\n<p>The SIS approach to user-centered <a href=\"https:\/\/www.sisinternational.com\/fr\/le-role-du-developpement-de-processus-et-de-systemes-dans-la-reussite-organisationnelle\/\" title=\"\u00c9tude de march\u00e9 sur la conception organisationnelle\"  data-wpil-monitor-id=\"2924\">design<\/a> market research embodies a comprehensive strategy that prioritizes deep user insights to guide product development and design decisions. This approach is characterized by its meticulous attention to understanding user needs, behaviors, and preferences, ensuring that products and services are innovative and highly aligned with user expectations.<\/p>\n\n\n\n<p>At SIS, we explore the target user&#8217;s environment extensively, employing quantitative and <a class=\"wpil_keyword_link\" href=\"https:\/\/www.sisinternational.com\/fr\/solutions\/solutions-de-recherche-qualitative-et-quantitative\/\"   title=\"Solutions de recherche qualitative et quantitative\" data-wpil-keyword-link=\"linked\"  data-wpil-monitor-id=\"619\">qualitative research<\/a> methods to gather a broad spectrum of insights. This may include surveys, interviews, focus groups, and ethnographic studies, among other techniques.<\/p>\n\n\n\n<p>Plus tard, les experts SIS int\u00e8grent r\u00e9guli\u00e8rement des sessions de tests utilisateurs et de commentaires pour valider les hypoth\u00e8ses et affiner les conceptions. Cette approche it\u00e9rative permet une am\u00e9lioration continue, garantissant que le produit final est finement ajust\u00e9 pour r\u00e9pondre aux besoins des utilisateurs.<\/p>\n\n\n\n<p>Un autre aspect cl\u00e9 de l\u2019approche SIS est l\u2019accent mis sur la collaboration interfonctionnelle. Reconnaissant que la conception centr\u00e9e sur l&#039;utilisateur est un effort multidisciplinaire, SIS facilite une coop\u00e9ration \u00e9troite entre les concepteurs, les d\u00e9veloppeurs, les sp\u00e9cialistes du marketing et les strat\u00e8ges. Cet environnement collaboratif garantit que toutes les perspectives sont prises en compte et que les informations des utilisateurs sont int\u00e9gr\u00e9es de mani\u00e8re transparente dans chaque aspect du processus de d\u00e9veloppement de produits.<\/p>\n\n\n\n<p>Enfin, l\u2019approche SIS en mati\u00e8re d\u2019\u00e9tudes de march\u00e9 UCD s\u2019appuie sur un engagement \u00e0 tirer parti des derniers outils et technologies pour collecter et analyser les donn\u00e9es des utilisateurs. Des plates-formes d&#039;analyse avanc\u00e9es aux logiciels de test utilisateur de pointe, SIS utilise une gamme de technologies pour garantir que les informations sont exactes, exploitables et capables de g\u00e9n\u00e9rer des am\u00e9liorations significatives dans la conception des produits.<\/p>\n\n\n\n<h2 class=\"wp-block-heading\">Opportunit\u00e9s d\u2019\u00e9tudes de march\u00e9 sur la conception centr\u00e9e sur l\u2019utilisateur pour les entreprises<\/h2>\n\n\n\n<figure class=\"gb-block-image gb-block-image-ca451f7c\"><img loading=\"lazy\" decoding=\"async\" width=\"1456\" height=\"816\" class=\"gb-image gb-image-ca451f7c\" src=\"https:\/\/www.sisinternational.com\/wp-content\/uploads\/2025\/10\/User-Centered-Design-3.jpg\" alt=\"\u00c9tudes de march\u00e9 et strat\u00e9gie internationales SIS\" title=\"User-Centered Design (3)\" srcset=\"https:\/\/www.sisinternational.com\/wp-content\/uploads\/2025\/10\/User-Centered-Design-3.jpg 1456w, https:\/\/www.sisinternational.com\/wp-content\/uploads\/2025\/10\/User-Centered-Design-3-300x168.jpg 300w, https:\/\/www.sisinternational.com\/wp-content\/uploads\/2025\/10\/User-Centered-Design-3-1024x574.jpg 1024w, https:\/\/www.sisinternational.com\/wp-content\/uploads\/2025\/10\/User-Centered-Design-3-768x430.jpg 768w, https:\/\/www.sisinternational.com\/wp-content\/uploads\/2025\/10\/User-Centered-Design-3-18x10.jpg 18w\" sizes=\"auto, (max-width: 1456px) 100vw, 1456px\"><\/figure>\n\n\n\n<p><\/p>\n\n\n\n<p>The integration of user-centered <a href=\"https:\/\/www.sisinternational.com\/fr\/competence\/etude-de-marche-des-architectes-dinterieur-et-decorateurs\/\" title=\"\u00c9tude de march\u00e9 sur les architectes d\u2019int\u00e9rieur et d\u00e9corateurs\"  data-wpil-monitor-id=\"11450\">design market research<\/a> into business strategies presents many opportunities for organizations across all sectors. This approach enhances product development and user experience and opens new avenues for growth, innovation, and competitive differentiation.<\/p>\n\n\n\n<ul class=\"wp-block-list\">\n<li><strong>Innovation et diff\u00e9renciation des produits\u00a0:<\/strong> En comprenant profond\u00e9ment les besoins et les comportements des utilisateurs, les entreprises peuvent identifier les besoins non satisfaits et les lacunes du march\u00e9, favorisant ainsi l&#039;innovation et cr\u00e9ant des produits qui se d\u00e9marquent. Les \u00e9tudes de march\u00e9 UCD fournissent les informations n\u00e9cessaires pour d\u00e9velopper des caract\u00e9ristiques ou des fonctionnalit\u00e9s uniques qui peuvent servir de diff\u00e9renciateurs cl\u00e9s sur un march\u00e9 encombr\u00e9.<\/li>\n\n\n\n<li><strong>Fid\u00e9lisation et r\u00e9tention accrues des utilisateurs\u00a0:<\/strong> Les produits con\u00e7us en mettant l&#039;utilisateur au premier plan r\u00e9sonnent plus profond\u00e9ment aupr\u00e8s du public cible, conduisant \u00e0 une satisfaction et une fid\u00e9lit\u00e9 plus \u00e9lev\u00e9es. Cette satisfaction accrue des utilisateurs peut se traduire par de meilleurs taux de fid\u00e9lisation et une base de client\u00e8le plus solide.<\/li>\n\n\n\n<li><strong>Perception am\u00e9lior\u00e9e de la marque\u00a0:<\/strong> S&#039;engager dans une approche de conception centr\u00e9e sur l&#039;utilisateur d\u00e9montre l&#039;engagement d&#039;une entreprise \u00e0 r\u00e9pondre et \u00e0 d\u00e9passer les attentes des utilisateurs. Cet engagement peut am\u00e9liorer consid\u00e9rablement la perception de la marque, faisant de l&#039;entreprise une entreprise r\u00e9fl\u00e9chie, conviviale et centr\u00e9e sur le client aux yeux des clients actuels et potentiels.<\/li>\n\n\n\n<li><strong>Processus de d\u00e9veloppement rationalis\u00e9s\u00a0:<\/strong> L&#039;\u00e9tude de march\u00e9 UCD aide \u00e0 identifier les probl\u00e8mes potentiels de conception et d&#039;utilisabilit\u00e9 d\u00e8s le d\u00e9but du processus de d\u00e9veloppement, permettant ainsi des ajustements avant que les co\u00fbts n&#039;explosent. Cette intervention pr\u00e9coce peut rationaliser les flux de d\u00e9veloppement, r\u00e9duire les d\u00e9lais de mise sur le march\u00e9 et minimiser le gaspillage de ressources.<\/li>\n\n\n\n<li><strong>Acc\u00e8s \u00e0 de nouveaux march\u00e9s\u00a0:<\/strong> En concevant des produits accessibles et attrayants pour un public plus large, y compris ceux ayant des capacit\u00e9s vari\u00e9es et issus de milieux culturels diff\u00e9rents, les entreprises peuvent acc\u00e9der \u00e0 de nouveaux march\u00e9s et \u00e9tendre leur port\u00e9e. Les \u00e9tudes de march\u00e9 UCD jouent un r\u00f4le d\u00e9terminant dans la d\u00e9couverte des divers besoins et pr\u00e9f\u00e9rences de ces segments d\u2019utilisateurs potentiels.<\/li>\n<\/ul>","protected":false},"excerpt":{"rendered":"<p>Les \u00e9tudes de march\u00e9 sur la conception centr\u00e9e sur l\u2019utilisateur se concentrent sur la conception de produits et de services en comprenant les besoins, les comportements et les pr\u00e9f\u00e9rences des utilisateurs.<\/p>","protected":false},"author":1,"featured_media":71999,"parent":14567,"menu_order":33,"comment_status":"closed","ping_status":"closed","template":"","meta":{"footnotes":""},"class_list":["post-46333","page","type-page","status-publish","has-post-thumbnail"],"_links":{"self":[{"href":"https:\/\/www.sisinternational.com\/fr\/wp-json\/wp\/v2\/pages\/46333","targetHints":{"allow":["GET"]}}],"collection":[{"href":"https:\/\/www.sisinternational.com\/fr\/wp-json\/wp\/v2\/pages"}],"about":[{"href":"https:\/\/www.sisinternational.com\/fr\/wp-json\/wp\/v2\/types\/page"}],"author":[{"embeddable":true,"href":"https:\/\/www.sisinternational.com\/fr\/wp-json\/wp\/v2\/users\/1"}],"replies":[{"embeddable":true,"href":"https:\/\/www.sisinternational.com\/fr\/wp-json\/wp\/v2\/comments?post=46333"}],"version-history":[{"count":15,"href":"https:\/\/www.sisinternational.com\/fr\/wp-json\/wp\/v2\/pages\/46333\/revisions"}],"predecessor-version":[{"id":85064,"href":"https:\/\/www.sisinternational.com\/fr\/wp-json\/wp\/v2\/pages\/46333\/revisions\/85064"}],"up":[{"embeddable":true,"href":"https:\/\/www.sisinternational.com\/fr\/wp-json\/wp\/v2\/pages\/14567"}],"wp:featuredmedia":[{"embeddable":true,"href":"https:\/\/www.sisinternational.com\/fr\/wp-json\/wp\/v2\/media\/71999"}],"wp:attachment":[{"href":"https:\/\/www.sisinternational.com\/fr\/wp-json\/wp\/v2\/media?parent=46333"}],"curies":[{"name":"wp","href":"https:\/\/api.w.org\/{rel}","templated":true}]}}