{"id":46331,"date":"2024-02-22T19:15:00","date_gmt":"2024-02-23T00:15:00","guid":{"rendered":"https:\/\/www.sisinternational.com\/?page_id=46331"},"modified":"2026-01-25T17:07:42","modified_gmt":"2026-01-25T22:07:42","slug":"objectifs-et-cadres-de-resultats-cles-etude-de-marche","status":"publish","type":"page","link":"https:\/\/www.sisinternational.com\/fr\/solutions\/conseil-en-strategie\/objectifs-et-cadres-de-resultats-cles-etude-de-marche\/","title":{"rendered":"Objectifs et cadres de r\u00e9sultats cl\u00e9s \u00c9tude de march\u00e9"},"content":{"rendered":"<h1 class=\"wp-block-heading\">Objectifs et cadres de r\u00e9sultats cl\u00e9s \u00c9tude de march\u00e9<\/h1>\n\n\n\n<figure class=\"gb-block-image gb-block-image-e8edb7d3\"><img loading=\"lazy\" decoding=\"async\" width=\"1456\" height=\"816\" class=\"gb-image gb-image-e8edb7d3\" src=\"https:\/\/www.sisinternational.com\/wp-content\/uploads\/2025\/10\/Objectives-and-Key-Results-2.jpg\" alt=\"\u00c9tudes de march\u00e9 et strat\u00e9gie internationales SIS\" title=\"Objectives and Key Results (2)\" srcset=\"https:\/\/www.sisinternational.com\/wp-content\/uploads\/2025\/10\/Objectives-and-Key-Results-2.jpg 1456w, https:\/\/www.sisinternational.com\/wp-content\/uploads\/2025\/10\/Objectives-and-Key-Results-2-300x168.jpg 300w, https:\/\/www.sisinternational.com\/wp-content\/uploads\/2025\/10\/Objectives-and-Key-Results-2-1024x574.jpg 1024w, https:\/\/www.sisinternational.com\/wp-content\/uploads\/2025\/10\/Objectives-and-Key-Results-2-768x430.jpg 768w, https:\/\/www.sisinternational.com\/wp-content\/uploads\/2025\/10\/Objectives-and-Key-Results-2-18x10.jpg 18w\" sizes=\"auto, (max-width: 1456px) 100vw, 1456px\"><\/figure>\n\n\n\n<p><\/p>\n\n\n\n<p>Comment les organisations peuvent-elles aligner leurs op\u00e9rations quotidiennes sur leurs objectifs primordiaux pour assurer leur croissance\u00a0? Les objectifs et r\u00e9sultats cl\u00e9s (OKR) sont devenus la pierre angulaire des organisations qui s&#039;efforcent de naviguer dans les complexit\u00e9s de la dynamique du march\u00e9 tout en favorisant un environnement de responsabilit\u00e9 et d&#039;excellence en performance.<\/p>\n\n\n\n<h2 class=\"wp-block-heading\">Que sont les objectifs et les cadres de r\u00e9sultats cl\u00e9s des \u00e9tudes de march\u00e9 ?<\/h2>\n\n\n\n<p>L\u2019\u00e9tude de march\u00e9 sur les objectifs et les cadres de r\u00e9sultats cl\u00e9s est un processus analytique qui vise \u00e0 comprendre l\u2019efficacit\u00e9 et l\u2019applicabilit\u00e9 de la m\u00e9thodologie OKR dans divers contextes commerciaux. Il \u00e9value la mani\u00e8re dont les organisations mettent en \u0153uvre et b\u00e9n\u00e9ficient de la d\u00e9finition d&#039;objectifs clairs et mesurables (objectifs) li\u00e9s \u00e0 des r\u00e9sultats exploitables (r\u00e9sultats cl\u00e9s).<\/p>\n\n\n\n<p>Gr\u00e2ce \u00e0 une analyse compl\u00e8te, l\u2019\u00e9tude de march\u00e9 sur les cadres OKR r\u00e9v\u00e8le des informations sur les meilleures pratiques, les d\u00e9fis et les domaines potentiels d\u2019am\u00e9lioration dans l\u2019application des OKR. En tirant parti de cette recherche, les entreprises peuvent adapter leurs strat\u00e9gies OKR pour les aligner sur leurs r\u00e9alit\u00e9s op\u00e9rationnelles uniques et leurs ambitions strat\u00e9giques, maximisant ainsi l&#039;impact du cadre sur les performances et la croissance organisationnelles.<\/p>\n\n\n\n<h2 class=\"wp-block-heading\">Pourquoi les entreprises ont besoin d\u2019objectifs et de cadres de r\u00e9sultats cl\u00e9s ? \u00c9tude de march\u00e9<\/h2>\n\n\n\n<figure class=\"gb-block-image gb-block-image-a1863d27\"><img loading=\"lazy\" decoding=\"async\" width=\"1456\" height=\"816\" class=\"gb-image gb-image-a1863d27\" src=\"https:\/\/www.sisinternational.com\/wp-content\/uploads\/2025\/10\/Objectives-and-Key-Results-4.jpg\" alt=\"\u00c9tudes de march\u00e9 et strat\u00e9gie internationales SIS\" title=\"Objectives and Key Results (4)\" srcset=\"https:\/\/www.sisinternational.com\/wp-content\/uploads\/2025\/10\/Objectives-and-Key-Results-4.jpg 1456w, https:\/\/www.sisinternational.com\/wp-content\/uploads\/2025\/10\/Objectives-and-Key-Results-4-300x168.jpg 300w, https:\/\/www.sisinternational.com\/wp-content\/uploads\/2025\/10\/Objectives-and-Key-Results-4-1024x574.jpg 1024w, https:\/\/www.sisinternational.com\/wp-content\/uploads\/2025\/10\/Objectives-and-Key-Results-4-768x430.jpg 768w, https:\/\/www.sisinternational.com\/wp-content\/uploads\/2025\/10\/Objectives-and-Key-Results-4-18x10.jpg 18w\" sizes=\"auto, (max-width: 1456px) 100vw, 1456px\"><\/figure>\n\n\n\n<p><\/p>\n\n\n\n<p><a href=\"https:\/\/www.sisinternational.com\/fr\/solutions\/ai-etudes-de-marche-et-conseil-en-strategie\/etude-de-marche-sur-la-detection-dobjets-par-ia\/\" title=\"\u00c9tude de march\u00e9 sur l\u2019IA de d\u00e9tection d\u2019objets\"  data-wpil-monitor-id=\"2390\">Objectives and key results frameworks market research<\/a> enable businesses to benchmark their practices against industry standards and learn from the successes and pitfalls of others. It provides a roadmap for customizing the OKR framework to fit an organization&#8217;s unique needs, enhancing its relevance and effectiveness.<\/p>\n\n\n\n<h2 class=\"wp-block-heading\">De plus, les \u00e9tudes de march\u00e9 aident \u00e0 identifier les nouvelles tendances et les d\u00e9fis \u00e9mergents, permettant ainsi aux entreprises d&#039;adapter de mani\u00e8re proactive leurs strat\u00e9gies OKR.<\/h2>\n\n\n\n<p><\/p>\n\n\n\n<p>Un autre aspect crucial est l\u2019alignement des OKR sur la vision et les objectifs strat\u00e9giques de l\u2019entreprise. L\u2019\u00e9tude de march\u00e9 sur les cadres OKR contribue \u00e0 garantir une int\u00e9gration transparente entre les aspirations \u00e0 long terme de l\u2019entreprise et les objectifs op\u00e9rationnels fix\u00e9s pour les \u00e9quipes et les individus. Cet alignement est essentiel pour maintenir le cap et garantir que chaque effort contribue aux objectifs plus larges de l\u2019entreprise. Cependant, cela apporte de nombreux autres avantages aux entreprises, notamment :<\/p>\n\n\n\n<ul class=\"wp-block-list\">\n<li><strong>Orientation strat\u00e9gique am\u00e9lior\u00e9e\u00a0:<\/strong> Les OKR obligent les organisations \u00e0 hi\u00e9rarchiser leurs objectifs, en se concentrant sur ce qui compte vraiment. Cette priorisation garantit que les ressources sont allou\u00e9es efficacement, ce qui incite les \u00e9quipes \u00e0 se concentrer sur les activit\u00e9s \u00e0 fort impact.<\/li>\n\n\n\n<li><strong>Alignement et transparence am\u00e9lior\u00e9s\u00a0:<\/strong> L&#039;un des principaux atouts du cadre OKR est sa capacit\u00e9 \u00e0 aligner les objectifs individuels et d&#039;\u00e9quipe sur la vision strat\u00e9gique globale de l&#039;organisation. Cet alignement est facilit\u00e9 par un param\u00e9trage transparent et le partage des OKR, garantissant que tout le monde avance dans la m\u00eame direction.<\/li>\n\n\n\n<li><strong>Responsabilit\u00e9 accrue\u00a0:<\/strong> Objectives and <a href=\"https:\/\/www.sisinternational.com\/fr\/facteurs-cles-de-succes-dans-les-etudes-de-marche-automobile\/\" title=\"Facteurs cl\u00e9s de succ\u00e8s dans les \u00e9tudes de march\u00e9 automobile\"  data-wpil-monitor-id=\"2515\">key results frameworks market research<\/a> reveal how accountability can be further enhanced through regular check-ins and progress reviews, encouraging a continuous feedback loop that drives performance.<\/li>\n\n\n\n<li><strong>Agilit\u00e9 et flexibilit\u00e9\u00a0:<\/strong> La nature dynamique des OKR permet aux organisations de s\u2019adapter rapidement aux changements de l\u2019environnement commercial. Cette agilit\u00e9 est essentielle sur le march\u00e9 actuel, en \u00e9volution rapide, o\u00f9 les opportunit\u00e9s et les d\u00e9fis surgissent sans pr\u00e9avis.<\/li>\n\n\n\n<li><strong>Prise de d\u00e9cision bas\u00e9e sur les donn\u00e9es\u00a0:<\/strong> Les \u00e9tudes de march\u00e9 sur les cadres OKR se concentrent sur une approche de prise de d\u00e9cision bas\u00e9e sur les donn\u00e9es, avec des r\u00e9sultats cl\u00e9s souvent quantifi\u00e9s par des mesures sp\u00e9cifiques. Cette d\u00e9pendance aux donn\u00e9es permet d\u2019\u00e9valuer objectivement les progr\u00e8s et d\u2019identifier les domaines \u00e0 am\u00e9liorer.<\/li>\n<\/ul>\n\n\n\n<h2 class=\"wp-block-heading\">R\u00e9sultats attendus de nos objectifs et de notre cadre de r\u00e9sultats cl\u00e9s<\/h2>\n\n\n\n<figure class=\"gb-block-image gb-block-image-9b7aa42b\"><img loading=\"lazy\" decoding=\"async\" width=\"1456\" height=\"816\" class=\"gb-image gb-image-9b7aa42b\" src=\"https:\/\/www.sisinternational.com\/wp-content\/uploads\/2025\/10\/Objectives-and-Key-Results-3.jpg\" alt=\"\u00c9tudes de march\u00e9 et strat\u00e9gie internationales SIS\" title=\"Objectives and Key Results (3)\" srcset=\"https:\/\/www.sisinternational.com\/wp-content\/uploads\/2025\/10\/Objectives-and-Key-Results-3.jpg 1456w, https:\/\/www.sisinternational.com\/wp-content\/uploads\/2025\/10\/Objectives-and-Key-Results-3-300x168.jpg 300w, https:\/\/www.sisinternational.com\/wp-content\/uploads\/2025\/10\/Objectives-and-Key-Results-3-1024x574.jpg 1024w, https:\/\/www.sisinternational.com\/wp-content\/uploads\/2025\/10\/Objectives-and-Key-Results-3-768x430.jpg 768w, https:\/\/www.sisinternational.com\/wp-content\/uploads\/2025\/10\/Objectives-and-Key-Results-3-18x10.jpg 18w\" sizes=\"auto, (max-width: 1456px) 100vw, 1456px\"><\/figure>\n\n\n\n<p><\/p>\n\n\n\n<p>When an organization implements <a href=\"https:\/\/www.sisinternational.com\/fr\/competence\/les-industries\/etude-de-marche-sur-les-produits-chimiques-organiques\/\" title=\"\u00c9tude de march\u00e9 sur les produits chimiques organiques\"  data-wpil-monitor-id=\"3324\">objectives and key results frameworks market<\/a> research with diligence and strategic foresight, it sets the stage for transformative outcomes \u2013 and here are the expected results from a well-executed OKR frameworks market research:<\/p>\n\n\n\n<ul class=\"wp-block-list\">\n<li><strong>Alignement organisationnel am\u00e9lior\u00e9\u00a0:<\/strong> L\u2019un des principaux r\u00e9sultats de l\u2019adoption des OKR est un meilleur alignement \u00e0 tous les niveaux de l\u2019organisation. Cet alignement garantit que chaque individu et chaque \u00e9quipe travaille vers des objectifs strat\u00e9giques unifi\u00e9s, augmentant consid\u00e9rablement l\u2019efficience et l\u2019efficacit\u00e9 des efforts.<\/li>\n\n\n\n<li><strong>Engagement accru des employ\u00e9s\u00a0:<\/strong> When team members understand how their work directly contributes to the organization&#8217;s success, they are more motivated and committed to their roles. OKR frameworks <a href=\"https:\/\/www.sisinternational.com\/fr\/what-is-a-value-proposition-canvas-the-game-changing-framework-that-prevents-product-failures\/\" title=\"What Is a Value Proposition Canvas? &#091;The Game-Changing Framework That Prevents Product Failures&#093;\"  data-wpil-monitor-id=\"1457\">\u00e9tude de march\u00e9<\/a> has shown that engaged employees exhibit higher productivity, better performance, and lower turnover rates, contributing to a more dynamic and resilient organization.<\/li>\n\n\n\n<li><strong>Agilit\u00e9 dans l&#039;ex\u00e9cution strat\u00e9gique\u00a0:<\/strong> L&#039;adoption des OKR permet aux organisations de devenir plus agiles dans leur ex\u00e9cution strat\u00e9gique. Cette agilit\u00e9 permet aux entreprises de r\u00e9agir rapidement aux changements du march\u00e9, de modifier leurs strat\u00e9gies si n\u00e9cessaire et de capitaliser sur les opportunit\u00e9s \u00e9mergentes.<\/li>\n\n\n\n<li><strong>Prise de d\u00e9cision \u00e9clair\u00e9e par les donn\u00e9es\u00a0:<\/strong> A well-implemented objectives and <a href=\"https:\/\/www.sisinternational.com\/fr\/couverture\/les-ameriques\/couverture-des-etats-unis\/etude-de-marche-a-key-west-en-floride\/\" title=\"\u00c9tude de march\u00e9 \u00e0 Key West, Floride\"  data-wpil-monitor-id=\"3987\">key results frameworks market research<\/a> foster a culture of data-informed decision-making. By establishing clear metrics for success and regularly reviewing performance data, organizations can make strategic decisions based on solid evidence rather than intuition.<\/li>\n\n\n\n<li><strong>Culture d&#039;am\u00e9lioration continue\u00a0:<\/strong> Un cadre OKR efficace inculque une culture d\u2019am\u00e9lioration continue au sein de l\u2019organisation. Cette culture encourage l&#039;\u00e9valuation continue des processus, des strat\u00e9gies et des r\u00e9sultats, dans un souci constant d&#039;optimisation et de croissance.<\/li>\n<\/ul>\n\n\n\n<h2 class=\"wp-block-heading\">L\u2019approche SIS des objectifs et des cadres de r\u00e9sultats cl\u00e9s des \u00e9tudes de march\u00e9<\/h2>\n\n\n\n<p>L&#039;approche SIS de mise en \u0153uvre des objectifs et des cadres de r\u00e9sultats cl\u00e9s des \u00e9tudes de march\u00e9 se caract\u00e9rise par une strat\u00e9gie m\u00e9ticuleuse et ax\u00e9e sur les donn\u00e9es qui s&#039;aligne \u00e9troitement sur les besoins et les objectifs uniques de chaque organisation. Cette approche n&#039;est pas une solution universelle, elle met l&#039;accent sur la personnalisation, la flexibilit\u00e9 et l&#039;apprentissage continu pour garantir que le cadre OKR offre une valeur maximale.<\/p>\n\n\n\n<p>Premi\u00e8rement, l&#039;approche SIS commence par une \u00e9valuation compl\u00e8te de l&#039;\u00e9tat actuel de l&#039;organisation, de ses objectifs strat\u00e9giques et de ses d\u00e9fis sp\u00e9cifiques. Cette phase initiale est cruciale pour comprendre le contexte unique dans lequel le cadre OKR sera d\u00e9ploy\u00e9, permettant d&#039;\u00e9laborer une strat\u00e9gie sur mesure r\u00e9pondant aux besoins particuliers de l&#039;organisation.<\/p>\n\n\n\n<p>Suite \u00e0 cette \u00e9valuation, les experts de SIS se concentrent sur l&#039;\u00e9laboration d&#039;objectifs clairs et mesurables directement li\u00e9s aux objectifs strat\u00e9giques de l&#039;entreprise. Ces objectifs sont con\u00e7us pour \u00eatre ambitieux mais r\u00e9alisables, con\u00e7us pour \u00e9tendre l&#039;organisation tout en restant dans le domaine du possible.<\/p>\n\n\n\n<p>L\u2019\u00e9tude de march\u00e9 sur les cadres OKR souligne l\u2019importance d\u2019aligner les OKR \u00e0 diff\u00e9rents niveaux de l\u2019organisation pour garantir des efforts coh\u00e9rents vers des objectifs communs \u2013 et la m\u00e9thode SIS facilite cela gr\u00e2ce \u00e0 des sessions d\u2019alignement structur\u00e9es, des canaux de communication clairs et des outils qui permettent la visibilit\u00e9 et la transparence dans l\u2019ensemble de l\u2019organisation.<\/p>\n\n\n\n<p>De plus, la strat\u00e9gie SIS int\u00e8gre \u00e9galement des cycles d\u2019examen r\u00e9guliers, \u00e9valuant les progr\u00e8s vers la r\u00e9alisation des objectifs et \u00e9valuant les principaux r\u00e9sultats. Ce processus it\u00e9ratif permet d&#039;ajuster les OKR en temps r\u00e9el, garantissant ainsi qu&#039;ils restent pertinents et align\u00e9s sur le paysage strat\u00e9gique en \u00e9volution de l&#039;organisation. La flexibilit\u00e9 permettant de faire pivoter et d&#039;adapter les OKR est la pierre angulaire de l&#039;approche SIS, refl\u00e9tant la nature dynamique de l&#039;environnement commercial actuel.<\/p>\n\n\n\n<h2 class=\"wp-block-heading\">Opportunit\u00e9s dans les objectifs et les cadres de r\u00e9sultats cl\u00e9s pour les entreprises<\/h2>\n\n\n\n<figure class=\"gb-block-image gb-block-image-9c5d154f\"><img loading=\"lazy\" decoding=\"async\" width=\"1456\" height=\"816\" class=\"gb-image gb-image-9c5d154f\" src=\"https:\/\/www.sisinternational.com\/wp-content\/uploads\/2025\/10\/Objectives-and-Key-Results-1.jpg\" alt=\"\u00c9tudes de march\u00e9 et strat\u00e9gie internationales SIS\" title=\"Objectives and Key Results (1)\" srcset=\"https:\/\/www.sisinternational.com\/wp-content\/uploads\/2025\/10\/Objectives-and-Key-Results-1.jpg 1456w, https:\/\/www.sisinternational.com\/wp-content\/uploads\/2025\/10\/Objectives-and-Key-Results-1-300x168.jpg 300w, https:\/\/www.sisinternational.com\/wp-content\/uploads\/2025\/10\/Objectives-and-Key-Results-1-1024x574.jpg 1024w, https:\/\/www.sisinternational.com\/wp-content\/uploads\/2025\/10\/Objectives-and-Key-Results-1-768x430.jpg 768w, https:\/\/www.sisinternational.com\/wp-content\/uploads\/2025\/10\/Objectives-and-Key-Results-1-18x10.jpg 18w\" sizes=\"auto, (max-width: 1456px) 100vw, 1456px\"><\/figure>\n\n\n\n<p><\/p>\n\n\n\n<p>L\u2019adoption d\u2019objectifs et de cadres de r\u00e9sultats cl\u00e9s pour les \u00e9tudes de march\u00e9 pr\u00e9sente plusieurs opportunit\u00e9s pour les entreprises souhaitant rationaliser leur ex\u00e9cution strat\u00e9gique et am\u00e9liorer leurs performances organisationnelles. Alors que les entreprises affrontent les complexit\u00e9s du paysage commercial moderne, l\u2019int\u00e9gration de cadres OKR, \u00e9clair\u00e9s par des \u00e9tudes de march\u00e9 m\u00e9ticuleuses, peut lib\u00e9rer du potentiel dans de nombreux domaines cl\u00e9s.<\/p>\n\n\n\n<ul class=\"wp-block-list\">\n<li><strong>Clart\u00e9 et orientation strat\u00e9gique\u00a0:<\/strong> La principale opportunit\u00e9 offerte par les cadres OKR est la capacit\u00e9 d\u2019atteindre une clart\u00e9 et une concentration strat\u00e9giques sans pr\u00e9c\u00e9dent. Les entreprises peuvent orienter leurs efforts vers ce qui compte le plus en d\u00e9finissant des objectifs clairs et mesurables align\u00e9s sur la vision de l&#039;entreprise et en fixant des r\u00e9sultats cl\u00e9s sp\u00e9cifiques et exploitables. Cette orientation garantit que les ressources sont allou\u00e9es efficacement, maximisant l\u2019impact et conduisant \u00e0 des progr\u00e8s significatifs vers les objectifs primordiaux.<\/li>\n\n\n\n<li><strong>Alignement organisationnel am\u00e9lior\u00e9\u00a0:<\/strong> Les cadres OKR favorisent un alignement \u00e9lev\u00e9 au sein des organisations, de la strat\u00e9gie de haut niveau aux t\u00e2ches individuelles. Cet alignement garantit que tous les employ\u00e9s travaillent de mani\u00e8re coh\u00e9rente vers des objectifs communs, am\u00e9liorant ainsi la synergie et r\u00e9duisant les inefficacit\u00e9s. La possibilit\u00e9 pour les entreprises de fonctionner comme une entit\u00e9 unifi\u00e9e vers des objectifs communs ne peut \u00eatre surestim\u00e9e, car elle amplifie consid\u00e9rablement le potentiel de r\u00e9ussite.<\/li>\n\n\n\n<li><strong>Transformation culturelle\u00a0:<\/strong> La mise en \u0153uvre des OKR peut catalyser une transition vers une culture ax\u00e9e sur la performance qui valorise la transparence, la responsabilit\u00e9 et l&#039;am\u00e9lioration continue. Cette transformation culturelle est une opportunit\u00e9 cruciale pour les entreprises d\u2019inculquer un \u00e9tat d\u2019esprit d\u2019excellence et d\u2019adaptabilit\u00e9 \u00e0 leur main-d\u2019\u0153uvre. Une telle culture stimule la performance, attire et retient les meilleurs talents, contribuant ainsi \u00e0 la vitalit\u00e9 \u00e0 long terme de l&#039;organisation.<\/li>\n<\/ul>","protected":false},"excerpt":{"rendered":"<p>L\u2019\u00e9tude de march\u00e9 sur les objectifs et les cadres de r\u00e9sultats cl\u00e9s vise \u00e0 comprendre l\u2019efficacit\u00e9 de la m\u00e9thodologie dans diff\u00e9rents contextes commerciaux.<\/p>","protected":false},"author":1,"featured_media":71965,"parent":14567,"menu_order":34,"comment_status":"closed","ping_status":"closed","template":"","meta":{"footnotes":""},"class_list":["post-46331","page","type-page","status-publish","has-post-thumbnail"],"_links":{"self":[{"href":"https:\/\/www.sisinternational.com\/fr\/wp-json\/wp\/v2\/pages\/46331","targetHints":{"allow":["GET"]}}],"collection":[{"href":"https:\/\/www.sisinternational.com\/fr\/wp-json\/wp\/v2\/pages"}],"about":[{"href":"https:\/\/www.sisinternational.com\/fr\/wp-json\/wp\/v2\/types\/page"}],"author":[{"embeddable":true,"href":"https:\/\/www.sisinternational.com\/fr\/wp-json\/wp\/v2\/users\/1"}],"replies":[{"embeddable":true,"href":"https:\/\/www.sisinternational.com\/fr\/wp-json\/wp\/v2\/comments?post=46331"}],"version-history":[{"count":11,"href":"https:\/\/www.sisinternational.com\/fr\/wp-json\/wp\/v2\/pages\/46331\/revisions"}],"predecessor-version":[{"id":78131,"href":"https:\/\/www.sisinternational.com\/fr\/wp-json\/wp\/v2\/pages\/46331\/revisions\/78131"}],"up":[{"embeddable":true,"href":"https:\/\/www.sisinternational.com\/fr\/wp-json\/wp\/v2\/pages\/14567"}],"wp:featuredmedia":[{"embeddable":true,"href":"https:\/\/www.sisinternational.com\/fr\/wp-json\/wp\/v2\/media\/71965"}],"wp:attachment":[{"href":"https:\/\/www.sisinternational.com\/fr\/wp-json\/wp\/v2\/media?parent=46331"}],"curies":[{"name":"wp","href":"https:\/\/api.w.org\/{rel}","templated":true}]}}