{"id":46327,"date":"2024-02-23T23:04:22","date_gmt":"2024-02-24T04:04:22","guid":{"rendered":"https:\/\/www.sisinternational.com\/?page_id=46327"},"modified":"2026-03-25T01:15:52","modified_gmt":"2026-03-25T05:15:52","slug":"etude-de-marche-sur-les-soins-de-la-memoire","status":"publish","type":"page","link":"https:\/\/www.sisinternational.com\/fr\/solutions\/etudes-de-marche-sur-les-biotechnologies-et-les-produits-pharmaceutiques-en-matiere-de-soins-de-sante-medicaux\/etude-de-marche-sur-les-soins-de-la-memoire\/","title":{"rendered":"\u00c9tude de march\u00e9 sur les soins de la m\u00e9moire"},"content":{"rendered":"<h1 class=\"wp-block-heading\">\u00c9tude de march\u00e9 sur les soins de la m\u00e9moire<\/h1>\n\n\n\n<figure class=\"gb-block-image gb-block-image-2420c7a8\"><img loading=\"lazy\" decoding=\"async\" width=\"1456\" height=\"816\" class=\"gb-image gb-image-2420c7a8\" src=\"https:\/\/www.sisinternational.com\/wp-content\/uploads\/2025\/08\/Eldersly-care-memory-care-1.jpg\" alt=\"\u00c9tudes de march\u00e9 et strat\u00e9gie internationales SIS\" title=\"Eldersly care memory care (1)\" srcset=\"https:\/\/www.sisinternational.com\/wp-content\/uploads\/2025\/08\/Eldersly-care-memory-care-1.jpg 1456w, https:\/\/www.sisinternational.com\/wp-content\/uploads\/2025\/08\/Eldersly-care-memory-care-1-300x168.jpg 300w, https:\/\/www.sisinternational.com\/wp-content\/uploads\/2025\/08\/Eldersly-care-memory-care-1-1024x574.jpg 1024w, https:\/\/www.sisinternational.com\/wp-content\/uploads\/2025\/08\/Eldersly-care-memory-care-1-768x430.jpg 768w, https:\/\/www.sisinternational.com\/wp-content\/uploads\/2025\/08\/Eldersly-care-memory-care-1-18x10.jpg 18w\" sizes=\"auto, (max-width: 1456px) 100vw, 1456px\"><\/figure>\n\n\n\n<p><\/p>\n\n\n\n<p>Naviguer dans les complexit\u00e9s de l\u2019industrie des soins de la m\u00e9moire n\u00e9cessite plus qu\u2019un simple coup d\u2019\u0153il superficiel ; cela n\u00e9cessite une plong\u00e9e profonde au c\u0153ur de ce secteur. L\u2019\u00e9tude de march\u00e9 sur les soins de la m\u00e9moire trace non seulement la voie \u00e0 suivre \u00e0 travers le paysage complexe des options de soins, des progr\u00e8s en mati\u00e8re de traitement et des cadres r\u00e9glementaires en \u00e9volution, mais met \u00e9galement en lumi\u00e8re l\u2019aspect humain des soins de la m\u00e9moire, en comprenant les besoins, les craintes et les espoirs de ceux qu\u2019ils visent. servir.<\/p>\n\n\n\n<p>Memory care market research is a specialized field focused on analyzing the sector dedicated to providing care for individuals with memory impairments, such as Alzheimer&#8217;s disease and other forms of dementia. This <a href=\"https:\/\/www.sisinternational.com\/fr\/etude-de-marche-a-hong-kong\/\" title=\"Etude de march\u00e9 \u00e0 Hong Kong\"  data-wpil-monitor-id=\"2456\">research offers insights into market<\/a> trends, consumer preferences, operational challenges, and competitive dynamics.<\/p>\n\n\n\n<p>Cela implique la collecte, l\u2019analyse et l\u2019interpr\u00e9tation syst\u00e9matiques de donn\u00e9es li\u00e9es \u00e0 l\u2019industrie des soins de la m\u00e9moire. Cela comprend l&#039;examen des services fournis par les \u00e9tablissements de soins de la m\u00e9moire, tels que les soins supervis\u00e9s 24 heures sur 24, les plans de soins personnalis\u00e9s, les activit\u00e9s th\u00e9rapeutiques con\u00e7ues pour am\u00e9liorer la fonction cognitive et les environnements s\u00e9curis\u00e9s con\u00e7us pour emp\u00eacher l&#039;errance.<\/p>\n\n\n\n<p>Comprendre les besoins et pr\u00e9f\u00e9rences uniques des personnes ayant des troubles de la m\u00e9moire est crucial pour d\u00e9velopper des services qui trouvent un \u00e9cho aupr\u00e8s des r\u00e9sidents. Les \u00e9tudes de march\u00e9 fournissent un aper\u00e7u des pratiques de soins, des activit\u00e9s th\u00e9rapeutiques et des conceptions d&#039;\u00e9tablissements les plus efficaces qui peuvent am\u00e9liorer la qualit\u00e9 de vie de ces personnes, permettant ainsi aux \u00e9tablissements d&#039;adapter leurs offres pour r\u00e9pondre \u00e0 ces exigences sp\u00e9cifiques.<\/p>\n\n\n\n<p>De plus, <a href=\"https:\/\/www.sisinternational.com\/fr\/jour-du-souvenir\/\" title=\"\u00c9tude de march\u00e9 du Memorial Day\"  data-wpil-monitor-id=\"2021\">\u00e9tude de march\u00e9 sur les soins de la m\u00e9moire<\/a> helps stakeholders identify growth opportunities, understand market trends, and decide where and how to invest resources for maximum impact and sustainability. Market research is also essential for staying updated on regulatory changes, understanding compliance requirements, and implementing industry best practices to ensure the highest levels of care and resident safety.<\/p>\n\n\n\n<p>Particularly, memory <a href=\"https:\/\/www.sisinternational.com\/fr\/competence\/les-industries\/etude-de-marche-sur-le-soin-des-plaies\/\" title=\"\u00c9tude de march\u00e9 sur le soin des plaies\"  data-wpil-monitor-id=\"3162\">care market research<\/a> benefits businesses with the following advantages:<\/p>\n\n\n\n<ul class=\"wp-block-list\">\n<li><strong>Prise de d\u00e9cision strat\u00e9gique \u00e9clair\u00e9e\u00a0:<\/strong> Memory <a href=\"https:\/\/www.sisinternational.com\/fr\/competence\/les-industries\/etude-de-marche-sur-les-soins-pour-animaux-de-compagnie\/\" title=\"\u00c9tude de march\u00e9 sur les soins pour animaux de compagnie\"  data-wpil-monitor-id=\"6308\">care market research<\/a> provides a solid foundation for strategic planning by offering insights into market size, growth trends, demographic shifts, and emerging opportunities. This information is crucial for making informed decisions regarding facility expansion, service diversification, and strategic investments.<\/li>\n\n\n\n<li><strong>Avantage concurrentiel am\u00e9lior\u00e9\u00a0:<\/strong> Comprendre le paysage concurrentiel gr\u00e2ce aux \u00e9tudes de march\u00e9 permet aux installations d&#039;identifier leurs propositions de vente uniques et de d\u00e9velopper des strat\u00e9gies qui capitalisent sur les faiblesses des concurrents.<\/li>\n\n\n\n<li><strong>Services aux r\u00e9sidents sur mesure\u00a0:<\/strong> Les informations sur les pr\u00e9f\u00e9rences et les attentes des r\u00e9sidents permettent aux \u00e9tablissements d&#039;adapter leurs soins et services pour r\u00e9pondre aux besoins sp\u00e9cifiques de leur march\u00e9 cible. Cette personnalisation am\u00e9liore la satisfaction, la fid\u00e9lit\u00e9 et la qualit\u00e9 de vie globale des r\u00e9sidents au sein de l&#039;\u00e9tablissement.<\/li>\n\n\n\n<li><strong>Att\u00e9nuation des risques:<\/strong> Les \u00e9tudes de march\u00e9 sur les soins de la m\u00e9moire aident \u00e0 identifier d\u00e8s le d\u00e9but les d\u00e9fis potentiels et les \u00e9volutions du march\u00e9, permettant ainsi aux \u00e9tablissements de d\u00e9velopper des strat\u00e9gies pour att\u00e9nuer ces risques. Cette approche proactive garantit la durabilit\u00e9 \u00e0 long terme et la capacit\u00e9 de s\u2019adapter \u00e0 la dynamique changeante du march\u00e9.<\/li>\n\n\n\n<li><strong>Am\u00e9liorations op\u00e9rationnelles\u00a0:<\/strong> Les informations issues des \u00e9tudes de march\u00e9 peuvent \u00e9galement mettre en \u00e9vidence les domaines des processus op\u00e9rationnels o\u00f9 l\u2019efficacit\u00e9 peut \u00eatre optimis\u00e9e. Cela peut conduire \u00e0 des r\u00e9ductions de co\u00fbts, \u00e0 une am\u00e9lioration de la productivit\u00e9 du personnel et \u00e0 une meilleure prestation de services, contribuant ainsi au succ\u00e8s global de l&#039;\u00e9tablissement.<\/li>\n\n\n\n<li><strong>Innovation et d\u00e9veloppement de services\u00a0:<\/strong> Se tenir au courant des avanc\u00e9es technologiques et des mod\u00e8les de soins \u00e9mergents gr\u00e2ce \u00e0 des \u00e9tudes de march\u00e9 permet aux \u00e9tablissements d&#039;innover dans leurs offres de services. Cela peut inclure l\u2019adoption de nouvelles technologies pour les soins aux r\u00e9sidents, l\u2019exploration de mod\u00e8les de soins alternatifs et l\u2019introduction d\u2019\u00e9quipements et d\u2019activit\u00e9s qui correspondent aux int\u00e9r\u00eats des r\u00e9sidents.<\/li>\n<\/ul>\n\n\n\n<p>Undertaking memory care <a href=\"https:\/\/www.sisinternational.com\/fr\/solutions\/innovation\/la-pensee-de-conception\/\" title=\"\u00c9tude de march\u00e9 sur le design thinking\"  data-wpil-monitor-id=\"7018\">market research is a strategic endeavor designed<\/a> to equip businesses with the insights necessary to navigate the complexities of the memory care industry confidently.<\/p>\n\n\n\n<figure class=\"gb-block-image gb-block-image-9b029e52\"><img loading=\"lazy\" decoding=\"async\" width=\"1456\" height=\"816\" class=\"gb-image gb-image-9b029e52\" src=\"https:\/\/www.sisinternational.com\/wp-content\/uploads\/2025\/08\/Eldersly-care-memory-care-6.jpg\" alt=\"\u00c9tudes de march\u00e9 et strat\u00e9gie internationales SIS\" title=\"Eldersly care memory care (6)\" srcset=\"https:\/\/www.sisinternational.com\/wp-content\/uploads\/2025\/08\/Eldersly-care-memory-care-6.jpg 1456w, https:\/\/www.sisinternational.com\/wp-content\/uploads\/2025\/08\/Eldersly-care-memory-care-6-300x168.jpg 300w, https:\/\/www.sisinternational.com\/wp-content\/uploads\/2025\/08\/Eldersly-care-memory-care-6-1024x574.jpg 1024w, https:\/\/www.sisinternational.com\/wp-content\/uploads\/2025\/08\/Eldersly-care-memory-care-6-768x430.jpg 768w, https:\/\/www.sisinternational.com\/wp-content\/uploads\/2025\/08\/Eldersly-care-memory-care-6-18x10.jpg 18w\" sizes=\"auto, (max-width: 1456px) 100vw, 1456px\"><\/figure>\n\n\n\n<ul class=\"wp-block-list\">\n<li><strong>Aper\u00e7u complet du march\u00e9\u00a0:<\/strong> Les entreprises acquerront une compr\u00e9hension approfondie du march\u00e9 des soins de la m\u00e9moire, notamment sa taille, ses tendances de croissance, ses \u00e9volutions d\u00e9mographiques et son environnement r\u00e9glementaire. Ces connaissances fondamentales sont cruciales pour une planification strat\u00e9gique \u00e9clair\u00e9e et un positionnement sur le march\u00e9.<\/li>\n\n\n\n<li><strong>Informations approfondies sur les besoins et les pr\u00e9f\u00e9rences des r\u00e9sidents\u00a0:<\/strong> Une analyse approfondie des pr\u00e9f\u00e9rences des r\u00e9sidents, des besoins en mati\u00e8re de soins et des facteurs de satisfaction permet aux \u00e9tablissements d&#039;adapter leurs services, leurs \u00e9quipements et leurs approches de soins pour mieux r\u00e9pondre aux attentes des r\u00e9sidents actuels et potentiels.<\/li>\n\n\n\n<li><strong>Clart\u00e9 sur le paysage concurrentiel\u00a0:<\/strong> Une compr\u00e9hension d\u00e9taill\u00e9e de l\u2019environnement concurrentiel, identifiant les acteurs cl\u00e9s, leurs offres de services, leurs forces et leurs faiblesses, offre un avantage strat\u00e9gique.<\/li>\n\n\n\n<li><strong>Identification des opportunit\u00e9s de croissance\u00a0:<\/strong> Les informations sur les besoins non satisfaits, les tendances \u00e9mergentes et les avanc\u00e9es technologiques mettent en \u00e9vidence les domaines d&#039;innovation et d&#039;expansion. Les installations peuvent exploiter ces informations pour introduire de nouveaux services, adopter des technologies de pointe et p\u00e9n\u00e9trer des march\u00e9s mal desservis.<\/li>\n\n\n\n<li><strong>Am\u00e9liorations de l\u2019efficacit\u00e9 op\u00e9rationnelle\u00a0:<\/strong> Les \u00e9tudes de march\u00e9 sur les soins de la m\u00e9moire peuvent identifier les domaines dans lesquels des am\u00e9liorations peuvent \u00eatre apport\u00e9es au sein des processus op\u00e9rationnels. Les informations peuvent conduire \u00e0 l\u2019adoption de nouvelles technologies, \u00e0 des flux de travail rationalis\u00e9s et \u00e0 des programmes de formation du personnel am\u00e9lior\u00e9s, contribuant ainsi \u00e0 des \u00e9conomies de co\u00fbts et \u00e0 une meilleure qualit\u00e9 de service.<\/li>\n<\/ul>\n\n\n\n<p>At SIS, we understand the complexities and sensitivities involved in providing memory care services. Our <a href=\"https:\/\/www.sisinternational.com\/fr\/competence\/etude-de-marche-des-architectes-dinterieur-et-decorateurs\/\" title=\"\u00c9tude de march\u00e9 sur les architectes d\u2019int\u00e9rieur et d\u00e9corateurs\"  data-wpil-monitor-id=\"11454\">market research approach is designed<\/a> to capture the multifaceted nature of the memory care market, addressing residents&#8217; needs, their families&#8217; expectations, and the operational challenges care providers face.<\/p>\n\n\n\n<ul class=\"wp-block-list\">\n<li><strong>Conception de recherche personnalis\u00e9e\u00a0:<\/strong> Reconnaissant que chaque client a des questions et des objectifs uniques, notre recherche commence par une phase de conception personnalis\u00e9e. Cela garantit que nos \u00e9tudes sont pr\u00e9cis\u00e9ment cibl\u00e9es pour d\u00e9couvrir les informations les plus pertinentes par rapport aux objectifs strat\u00e9giques de nos clients, qu&#039;il s&#039;agisse d&#039;explorer des opportunit\u00e9s d&#039;expansion, d&#039;\u00e9valuer la satisfaction des clients ou de comparer leurs concurrents.<\/li>\n\n\n\n<li><strong>Collecte de donn\u00e9es approfondie\u00a0:<\/strong> Notre m\u00e9thodologie utilise des techniques qualitatives et quantitatives, garantissant une compr\u00e9hension globale du march\u00e9 des soins de la m\u00e9moire. Cela comprend des enqu\u00eates, des entretiens avec des experts du secteur, l&#039;analyse de donn\u00e9es secondaires et des observations sur place. En capturant un large \u00e9ventail de points de vue, des prestataires de soins aux membres de la famille des r\u00e9sidents, nous recueillons des donn\u00e9es riches et pertinentes qui constituent la base de notre analyse.<\/li>\n\n\n\n<li><strong>Techniques analytiques avanc\u00e9es\u00a0:<\/strong> \u00c0 l\u2019aide des derniers logiciels d\u2019analyse de donn\u00e9es et m\u00e9thodes statistiques, nous analysons les donn\u00e9es collect\u00e9es pour identifier les tendances, les mod\u00e8les et les informations exploitables. Notre processus analytique va au-del\u00e0 des r\u00e9sultats superficiels pour explorer les moteurs sous-jacents de la dynamique du march\u00e9, des besoins des r\u00e9sidents et du positionnement concurrentiel.<\/li>\n\n\n\n<li><strong>Recommandations strat\u00e9giques\u00a0:<\/strong> Le point culminant de nos recherches est un ensemble de recommandations strat\u00e9giques, adapt\u00e9es au contexte et aux d\u00e9fis sp\u00e9cifiques de nos clients. Ces recommandations guident la prise de d\u00e9cision, \u00e9clairent les plans d\u2019am\u00e9lioration des services et soutiennent des strat\u00e9gies marketing et op\u00e9rationnelles efficaces.<\/li>\n\n\n\n<li><strong>Soutien et consultation continus\u00a0:<\/strong> Nous pensons que les \u00e9tudes de march\u00e9 ne sont pas une activit\u00e9 ponctuelle mais un outil strat\u00e9gique continu. Nous fournissons un soutien et des conseils continus \u00e0 nos clients, les aidant \u00e0 s&#039;adapter aux changements du march\u00e9, \u00e0 r\u00e9pondre aux nouveaux d\u00e9fis et \u00e0 saisir en toute confiance les opportunit\u00e9s \u00e9mergentes.<\/li>\n<\/ul>\n\n\n\n<p>Le besoin croissant de services de soins de la m\u00e9moire pr\u00e9sente \u00e0 la fois un d\u00e9fi et une opportunit\u00e9 pour les entreprises du secteur des soins aux personnes \u00e2g\u00e9es. En se concentrant sur l&#039;innovation, la qualit\u00e9 des soins et l&#039;excellence op\u00e9rationnelle, les prestataires peuvent am\u00e9liorer la vie des personnes souffrant de troubles de la m\u00e9moire et parvenir \u00e0 une croissance durable et \u00e0 une diff\u00e9renciation sur le march\u00e9.<\/p>\n\n\n\n<ul class=\"wp-block-list\">\n<li><strong>Programmes de soins sp\u00e9cialis\u00e9s\u00a0:<\/strong> Il existe une demande croissante de programmes de soins adapt\u00e9s aux stades et sympt\u00f4mes sp\u00e9cifiques de la d\u00e9mence. Les entreprises peuvent explorer les opportunit\u00e9s de d\u00e9velopper et d&#039;offrir des programmes sp\u00e9cialis\u00e9s qui r\u00e9pondent aux diff\u00e9rents niveaux de soins requis, int\u00e9grant les derni\u00e8res recherches et pratiques th\u00e9rapeutiques.<\/li>\n\n\n\n<li><strong>Innovations technologiques\u00a0:<\/strong> L&#039;int\u00e9gration de la technologie dans les pratiques de soins offre des opportunit\u00e9s significatives pour am\u00e9liorer la prestation de services et l&#039;engagement des r\u00e9sidents. Des outils de stimulation cognitive aux technologies de s\u00e9curit\u00e9 et de surveillance, les entreprises peuvent tirer parti des innovations pour am\u00e9liorer la qualit\u00e9 des soins et l\u2019efficacit\u00e9 op\u00e9rationnelle.<\/li>\n\n\n\n<li><strong>Formation et d\u00e9veloppement du personnel\u00a0:<\/strong> \u00c0 mesure que le besoin de professionnels qualifi\u00e9s en soins de la m\u00e9moire augmente, les entreprises peuvent investir dans des programmes complets de formation du personnel ax\u00e9s sur les meilleures pratiques en mati\u00e8re de soins de la d\u00e9mence, les interventions th\u00e9rapeutiques et la communication compatissante. Cela am\u00e9liore la qualit\u00e9 des soins et positionne l\u2019entreprise comme leader en mati\u00e8re d\u2019expertise en soins de la m\u00e9moire.<\/li>\n\n\n\n<li><strong>Conception et environnement des installations\u00a0:<\/strong> La cr\u00e9ation d&#039;environnements s\u00fbrs, stimulants et chaleureux, adapt\u00e9s aux besoins des personnes atteintes de d\u00e9mence, peut diff\u00e9rencier les \u00e9tablissements de soins de la m\u00e9moire dans un march\u00e9 concurrentiel. Des opportunit\u00e9s existent dans la conception d\u2019espaces qui favorisent l\u2019ind\u00e9pendance, r\u00e9duisent l\u2019agitation et am\u00e9liorent le bien-\u00eatre.<\/li>\n\n\n\n<li><strong>Partenariats et mod\u00e8les de soins collaboratifs\u00a0:<\/strong> La collaboration avec les prestataires de soins de sant\u00e9, les instituts de recherche et les organismes communautaires peut ouvrir de nouvelles voies pour des mod\u00e8les de soins int\u00e9gr\u00e9s. Ces partenariats peuvent am\u00e9liorer les offres de services, am\u00e9liorer les r\u00e9sultats des soins et \u00e9largir la port\u00e9e des services de soins de la m\u00e9moire.<\/li>\n<\/ul>","protected":false},"excerpt":{"rendered":"<p>L\u2019\u00e9tude de march\u00e9 sur les soins de la m\u00e9moire est un domaine sp\u00e9cialis\u00e9 analysant les soins de la m\u00e9moire pour les personnes souffrant de d\u00e9ficiences comme la maladie d\u2019Alzheimer.<\/p>","protected":false},"author":1,"featured_media":63794,"parent":11294,"menu_order":409,"comment_status":"closed","ping_status":"closed","template":"","meta":{"footnotes":""},"class_list":["post-46327","page","type-page","status-publish","has-post-thumbnail"],"_links":{"self":[{"href":"https:\/\/www.sisinternational.com\/fr\/wp-json\/wp\/v2\/pages\/46327","targetHints":{"allow":["GET"]}}],"collection":[{"href":"https:\/\/www.sisinternational.com\/fr\/wp-json\/wp\/v2\/pages"}],"about":[{"href":"https:\/\/www.sisinternational.com\/fr\/wp-json\/wp\/v2\/types\/page"}],"author":[{"embeddable":true,"href":"https:\/\/www.sisinternational.com\/fr\/wp-json\/wp\/v2\/users\/1"}],"replies":[{"embeddable":true,"href":"https:\/\/www.sisinternational.com\/fr\/wp-json\/wp\/v2\/comments?post=46327"}],"version-history":[{"count":14,"href":"https:\/\/www.sisinternational.com\/fr\/wp-json\/wp\/v2\/pages\/46327\/revisions"}],"predecessor-version":[{"id":85068,"href":"https:\/\/www.sisinternational.com\/fr\/wp-json\/wp\/v2\/pages\/46327\/revisions\/85068"}],"up":[{"embeddable":true,"href":"https:\/\/www.sisinternational.com\/fr\/wp-json\/wp\/v2\/pages\/11294"}],"wp:featuredmedia":[{"embeddable":true,"href":"https:\/\/www.sisinternational.com\/fr\/wp-json\/wp\/v2\/media\/63794"}],"wp:attachment":[{"href":"https:\/\/www.sisinternational.com\/fr\/wp-json\/wp\/v2\/media?parent=46327"}],"curies":[{"name":"wp","href":"https:\/\/api.w.org\/{rel}","templated":true}]}}