{"id":46321,"date":"2024-02-23T23:06:13","date_gmt":"2024-02-24T04:06:13","guid":{"rendered":"https:\/\/www.sisinternational.com\/?page_id=46321"},"modified":"2026-01-24T14:24:57","modified_gmt":"2026-01-24T19:24:57","slug":"etude-de-marche-sur-les-circuits-electroniques","status":"publish","type":"page","link":"https:\/\/www.sisinternational.com\/fr\/competence\/etude-de-marche-sur-les-circuits-electroniques\/","title":{"rendered":"\u00c9tude de march\u00e9 sur les circuits \u00e9lectroniques"},"content":{"rendered":"<h1 class=\"wp-block-heading\">\u00c9tude de march\u00e9 sur les circuits \u00e9lectroniques<\/h1>\n\n\n\n<figure class=\"gb-block-image gb-block-image-186c5a61\"><img loading=\"lazy\" decoding=\"async\" width=\"1456\" height=\"816\" class=\"gb-image gb-image-186c5a61\" src=\"https:\/\/www.sisinternational.com\/wp-content\/uploads\/2025\/08\/Electronic-Circuits-4.jpg\" alt=\"\u00c9tudes de march\u00e9 et strat\u00e9gie internationales SIS\" title=\"Electronic Circuits (4)\" srcset=\"https:\/\/www.sisinternational.com\/wp-content\/uploads\/2025\/08\/Electronic-Circuits-4.jpg 1456w, https:\/\/www.sisinternational.com\/wp-content\/uploads\/2025\/08\/Electronic-Circuits-4-300x168.jpg 300w, https:\/\/www.sisinternational.com\/wp-content\/uploads\/2025\/08\/Electronic-Circuits-4-1024x574.jpg 1024w, https:\/\/www.sisinternational.com\/wp-content\/uploads\/2025\/08\/Electronic-Circuits-4-768x430.jpg 768w, https:\/\/www.sisinternational.com\/wp-content\/uploads\/2025\/08\/Electronic-Circuits-4-18x10.jpg 18w\" sizes=\"auto, (max-width: 1456px) 100vw, 1456px\"><\/figure>\n\n\n\n<p><\/p>\n\n\n\n<p>Les \u00e9tudes de march\u00e9 sur les circuits \u00e9lectroniques fournissent des informations inestimables sur les tendances de consommation, les avanc\u00e9es technologiques et la dynamique concurrentielle \u2013 et les parties prenantes peuvent d\u00e9bloquer les cl\u00e9s de la prise de d\u00e9cision strat\u00e9gique, du d\u00e9veloppement de produits et du positionnement sur le march\u00e9, en s\u2019assurant qu\u2019elles suivent le rythme et m\u00e8nent la charge technologique.<\/p>\n\n\n\n<h2 class=\"wp-block-heading\">Qu\u2019est-ce que l\u2019\u00e9tude de march\u00e9 sur les circuits \u00e9lectroniques ?<\/h2>\n\n\n\n<p>Les \u00e9tudes de march\u00e9 sur les circuits \u00e9lectroniques visent \u00e0 comprendre tous les aspects des circuits \u00e9lectroniques, y compris leur conception, leur fabrication, leur application et leur distribution. Cette recherche est cruciale pour les entreprises qui \u00e9voluent dans un secteur \u00e9lectronique en \u00e9volution rapide, car elle offre un aper\u00e7u des tendances du march\u00e9, des demandes des consommateurs et des avanc\u00e9es technologiques.<\/p>\n\n\n\n<p>This market research involves collecting and analyzing data related to the electronic circuits industry. It includes studying various types of circuits, such as integrated circuits (ICs), printed circuit boards (PCBs), and semiconductor devices, and their applications across a wide range of <a href=\"https:\/\/www.sisinternational.com\/fr\/competence\/cv-dexperience\/cv-dexperience-dans-lindustrie-automobile\/\" title=\"Soci\u00e9t\u00e9 d\u2019\u00e9tudes de march\u00e9 pour l\u2019industrie automobile\"  data-wpil-monitor-id=\"8200\">industries from consumer electronics to automotive<\/a> and industrial automation.<\/p>\n\n\n\n<p>Furthermore, electronic circuits market research delves into the competitive landscape, identifying key players in the industry, their market shares, and strategies. This <a href=\"https:\/\/www.sisinternational.com\/fr\/couverture\/etude-de-marche-en-asie\/societe-de-veille-concurrentielle-en-asie\/\" title=\"Soci\u00e9t\u00e9 de veille concurrentielle en Asie\"  data-wpil-monitor-id=\"8202\">competitive intelligence is invaluable for companies<\/a> looking to position their products effectively, identify gaps in the market, and understand the barriers to entry for new products or technologies.<\/p>\n\n\n\n<h2 class=\"wp-block-heading\">Pourquoi les entreprises ont-elles besoin d\u2019une \u00e9tude de march\u00e9 sur les circuits \u00e9lectroniques ?<\/h2>\n\n\n\n<figure class=\"gb-block-image gb-block-image-b00869bc\"><img loading=\"lazy\" decoding=\"async\" width=\"1456\" height=\"816\" class=\"gb-image gb-image-b00869bc\" src=\"https:\/\/www.sisinternational.com\/wp-content\/uploads\/2025\/08\/Electronic-Circuits-1.jpg\" alt=\"\u00c9tudes de march\u00e9 et strat\u00e9gie internationales SIS\" title=\"Electronic Circuits (1)\" srcset=\"https:\/\/www.sisinternational.com\/wp-content\/uploads\/2025\/08\/Electronic-Circuits-1.jpg 1456w, https:\/\/www.sisinternational.com\/wp-content\/uploads\/2025\/08\/Electronic-Circuits-1-300x168.jpg 300w, https:\/\/www.sisinternational.com\/wp-content\/uploads\/2025\/08\/Electronic-Circuits-1-1024x574.jpg 1024w, https:\/\/www.sisinternational.com\/wp-content\/uploads\/2025\/08\/Electronic-Circuits-1-768x430.jpg 768w, https:\/\/www.sisinternational.com\/wp-content\/uploads\/2025\/08\/Electronic-Circuits-1-18x10.jpg 18w\" sizes=\"auto, (max-width: 1456px) 100vw, 1456px\"><\/figure>\n\n\n\n<p><\/p>\n\n\n\n<p>The electronic circuits industry is at the forefront of technological innovation, with new developments continually emerging. Electronic circuits market research helps businesses understand these technological trends, enabling them to innovate effectively and develop <a href=\"https:\/\/www.sisinternational.com\/fr\/competence\/cv-dexperience\/etude-de-marche-sur-les-produits-de-soins-personnels\/\" title=\"\u00c9tude de march\u00e9 sur les produits de soins personnels\"  data-wpil-monitor-id=\"8215\">products that align with future market<\/a> demands.<\/p>\n\n\n\n<p>De plus, \u00e0 mesure que les appareils \u00e9lectroniques font de plus en plus partie int\u00e9grante de la vie quotidienne, il devient crucial de comprendre les pr\u00e9f\u00e9rences et les exigences des consommateurs. Les \u00e9tudes de march\u00e9 sur les circuits \u00e9lectroniques fournissent un aper\u00e7u des besoins des consommateurs en mati\u00e8re de fonctionnalit\u00e9, de performances et de fiabilit\u00e9, permettant aux entreprises d&#039;adapter leurs produits pour r\u00e9pondre \u00e0 ces besoins.<\/p>\n\n\n\n<p>De plus, les \u00e9tudes de march\u00e9 offrent une analyse approfondie du paysage concurrentiel, r\u00e9v\u00e9lant les forces, les faiblesses et les strat\u00e9gies des concurrents. Cette intelligence est essentielle pour d\u00e9velopper une proposition de valeur unique et identifier les niches de march\u00e9 mal desservies.<\/p>\n\n\n\n<h2 class=\"wp-block-heading\">Quels sont les avantages de l\u2019\u00e9tude de march\u00e9 sur les circuits \u00e9lectroniques ?<\/h2>\n\n\n\n<p>Les avantages des \u00e9tudes de march\u00e9 sur les circuits \u00e9lectroniques sont vastes et touchent divers aspects de la strat\u00e9gie commerciale et de l\u2019efficacit\u00e9 op\u00e9rationnelle tels que\u00a0:<\/p>\n\n\n\n<ul class=\"wp-block-list\">\n<li><strong>D\u00e9veloppement de produits am\u00e9lior\u00e9\u00a0:<\/strong> Insights into consumer needs and technological advancements enable companies to tailor their <a href=\"https:\/\/www.sisinternational.com\/fr\/solutions\/conseil-en-strategie\/etude-de-marche-de-produits-minimum-viables\/\" title=\"\u00c9tude de march\u00e9 sur les produits minimum viables\"  data-wpil-monitor-id=\"8218\">product offerings to meet market<\/a> demands. This can lead to the development of innovative products that differentiate businesses from their competitors and meet the evolving needs of end-users.<\/li>\n\n\n\n<li><strong>Avantage comp\u00e9titif:<\/strong> Comprendre le paysage concurrentiel, y compris les acteurs cl\u00e9s, les parts de march\u00e9 et les strat\u00e9gies, permet aux entreprises d&#039;identifier leurs propositions de valeur uniques.<\/li>\n\n\n\n<li><strong>Att\u00e9nuation des risques:<\/strong> Les \u00e9tudes de march\u00e9 sur les circuits \u00e9lectroniques aident \u00e0 identifier les risques potentiels associ\u00e9s aux tendances du march\u00e9, aux changements r\u00e9glementaires et aux perturbations technologiques. Gr\u00e2ce \u00e0 ces informations, les entreprises peuvent \u00e9laborer des strat\u00e9gies pour att\u00e9nuer ces risques, garantissant ainsi la durabilit\u00e9 et la croissance \u00e0 long terme.<\/li>\n\n\n\n<li><strong>L&#039;expansion du march\u00e9:<\/strong> Pour les entreprises qui cherchent \u00e0 se d\u00e9velopper g\u00e9ographiquement ou \u00e0 lancer de nouvelles gammes de produits, les \u00e9tudes de march\u00e9 offrent un aper\u00e7u des march\u00e9s potentiels, des segments de client\u00e8le et des canaux de distribution.<\/li>\n\n\n\n<li><strong>Connaissance du client:<\/strong> A deep understanding of customer preferences, purchasing behaviors, and satisfaction drivers allows businesses to <a href=\"https:\/\/www.sisinternational.com\/fr\/campagne-de-marketing-multicanal\/\" title=\"Optimiser les strat\u00e9gies de marketing multicanal pour une meilleure p\u00e9n\u00e9tration du march\u00e9\"  data-wpil-monitor-id=\"8204\">enhance their marketing strategies<\/a>, improve customer engagement, and increase loyalty.<\/li>\n\n\n\n<li><strong>Efficacit\u00e9 op\u00e9rationnelle\u00a0:<\/strong> Les informations issues des \u00e9tudes de march\u00e9 sur les circuits \u00e9lectroniques peuvent \u00e9galement mettre en \u00e9vidence les domaines d\u2019am\u00e9lioration op\u00e9rationnelle, de l\u2019optimisation de la cha\u00eene d\u2019approvisionnement aux processus de fabrication. Cela peut entra\u00eener des r\u00e9ductions de co\u00fbts, des marges am\u00e9lior\u00e9es et une qualit\u00e9 de produit am\u00e9lior\u00e9e.<\/li>\n<\/ul>\n\n\n\n<h2 class=\"wp-block-heading\">Qui utilise les \u00e9tudes de march\u00e9 sur les circuits \u00e9lectroniques<\/h2>\n\n\n\n<p>Les \u00e9tudes de march\u00e9 sur les circuits \u00e9lectroniques sont une ressource vitale pour les diverses parties prenantes de l\u2019industrie \u00e9lectronique. Ses id\u00e9es et conclusions sont essentielles pour diverses entit\u00e9s, allant des fabricants et fournisseurs aux investisseurs et d\u00e9cideurs politiques, chacun utilisant les donn\u00e9es pour \u00e9clairer les d\u00e9cisions, les strat\u00e9gies et les politiques.<\/p>\n\n\n\n<ul class=\"wp-block-list\">\n<li><strong>Fabricants de circuits et composants \u00e9lectroniques\u00a0:<\/strong> Les fabricants s\u2019appuient sur les \u00e9tudes de march\u00e9 sur les circuits \u00e9lectroniques pour comprendre les demandes actuelles du march\u00e9, les tendances technologiques et les paysages concurrentiels. Ces informations leur permettent de d\u00e9velopper de nouveaux produits, d&#039;am\u00e9liorer les offres existantes et d&#039;\u00e9laborer des strat\u00e9gies d&#039;entr\u00e9e sur le march\u00e9 pour les innovations, en garantissant qu&#039;elles r\u00e9pondent efficacement aux besoins des utilisateurs finaux.<\/li>\n\n\n\n<li><strong>Fournisseurs et distributeurs\u00a0:<\/strong> Les fournisseurs et distributeurs de circuits \u00e9lectroniques et de composants associ\u00e9s utilisent des \u00e9tudes de march\u00e9 sur les circuits \u00e9lectroniques pour aligner leurs stocks, leurs strat\u00e9gies de vente et leurs r\u00e9seaux de distribution sur les demandes actuelles du march\u00e9.<\/li>\n\n\n\n<li><strong>D\u00e9veloppeurs et innovateurs technologiques\u00a0:<\/strong> Les entit\u00e9s ax\u00e9es sur le d\u00e9veloppement de nouvelles technologies et d&#039;innovations dans le secteur \u00e9lectronique s&#039;appuient sur les \u00e9tudes de march\u00e9 pour guider leurs efforts de R&amp;D. Les informations sur les tendances \u00e9mergentes, les besoins non satisfaits et les avanc\u00e9es technologiques potentielles les aident \u00e0 concentrer leurs projets de d\u00e9veloppement sur les domaines d&#039;adoption et d&#039;impact potentiel les plus \u00e9lev\u00e9s sur le march\u00e9.<\/li>\n\n\n\n<li><strong>Investisseurs et analystes financiers\u00a0:<\/strong> Les investisseurs et les analystes financiers int\u00e9ress\u00e9s par l\u2019industrie \u00e9lectronique utilisent les \u00e9tudes de march\u00e9 sur les circuits \u00e9lectroniques pour identifier les opportunit\u00e9s prometteuses, \u00e9valuer la viabilit\u00e9 des investissements et comprendre la dynamique du march\u00e9.<\/li>\n<\/ul>\n\n\n\n<h2 class=\"wp-block-heading\">Quand r\u00e9aliser une \u00e9tude de march\u00e9 sur les circuits \u00e9lectroniques<\/h2>\n\n\n\n<figure class=\"gb-block-image gb-block-image-22142b42\"><img loading=\"lazy\" decoding=\"async\" width=\"1456\" height=\"816\" class=\"gb-image gb-image-22142b42\" src=\"https:\/\/www.sisinternational.com\/wp-content\/uploads\/2025\/08\/Electronic-Circuits-3.jpg\" alt=\"\u00c9tudes de march\u00e9 et strat\u00e9gie internationales SIS\" title=\"Electronic Circuits (3)\" srcset=\"https:\/\/www.sisinternational.com\/wp-content\/uploads\/2025\/08\/Electronic-Circuits-3.jpg 1456w, https:\/\/www.sisinternational.com\/wp-content\/uploads\/2025\/08\/Electronic-Circuits-3-300x168.jpg 300w, https:\/\/www.sisinternational.com\/wp-content\/uploads\/2025\/08\/Electronic-Circuits-3-1024x574.jpg 1024w, https:\/\/www.sisinternational.com\/wp-content\/uploads\/2025\/08\/Electronic-Circuits-3-768x430.jpg 768w, https:\/\/www.sisinternational.com\/wp-content\/uploads\/2025\/08\/Electronic-Circuits-3-18x10.jpg 18w\" sizes=\"auto, (max-width: 1456px) 100vw, 1456px\"><\/figure>\n\n\n\n<p><\/p>\n\n\n\n<p>Recognizing the critical <a href=\"https:\/\/www.sisinternational.com\/fr\/etude-de-marche-sur-les-moments-de-verite\/\" title=\"\u00c9tude de march\u00e9 sur les moments de v\u00e9rit\u00e9\"  data-wpil-monitor-id=\"986\">moments to invest in market research<\/a> can amplify its benefits, guiding product innovation, market-entry, and competitive strategy with timely, actionable insights.<\/p>\n\n\n\n<ul class=\"wp-block-list\">\n<li><strong>D\u00e9veloppement pr\u00e9-produit\u00a0: <\/strong>Avant de d\u00e9velopper un nouveau circuit \u00e9lectronique ou une nouvelle gamme de produits, mener une \u00e9tude de march\u00e9 sur les circuits \u00e9lectroniques peut r\u00e9v\u00e9ler des besoins non satisfaits, des tendances \u00e9mergentes et des avanc\u00e9es technologiques. Cette connaissance initiale garantit que les efforts de d\u00e9veloppement de produits sont align\u00e9s sur les demandes du march\u00e9, maximisant ainsi le succ\u00e8s potentiel.<\/li>\n\n\n\n<li><strong>Avant l\u2019entr\u00e9e ou l\u2019expansion sur le march\u00e9\u00a0: <\/strong>Market research is critical before entering a new market or expanding within an existing one. It provides a comprehensive understanding of local market conditions, consumer preferences, and regulatory landscapes, facilitating successful <a href=\"https:\/\/www.sisinternational.com\/fr\/solutions\/croissance-mondiale\/strategie-dentree-sur-le-marche\/\" title=\"Conseil en entr\u00e9e de march\u00e9\"  data-wpil-monitor-id=\"8198\">strat\u00e9gies d&#039;entr\u00e9e sur le march\u00e9<\/a> and minimizing risks.<\/li>\n\n\n\n<li><strong>Pendant la planification strat\u00e9gique\u00a0: <\/strong>Les s\u00e9ances de planification strat\u00e9gique b\u00e9n\u00e9ficient grandement des \u00e9tudes de march\u00e9 les plus r\u00e9centes sur les circuits \u00e9lectroniques, fournissant une base pour d\u00e9finir des objectifs et des strat\u00e9gies r\u00e9alistes. Les informations sur la taille du march\u00e9, les perspectives de croissance et la dynamique concurrentielle \u00e9clairent la planification \u00e0 long terme et l\u2019allocation des ressources.<\/li>\n\n\n\n<li><strong>En r\u00e9ponse aux changements concurrentiels\u00a0: <\/strong>Lorsque les concurrents introduisent de nouveaux produits et technologies ou p\u00e9n\u00e8trent de nouveaux march\u00e9s, mener une \u00e9tude de march\u00e9 sur les circuits \u00e9lectroniques peut aider les entreprises \u00e0 comprendre les implications de ces changements et \u00e0 \u00e9laborer une strat\u00e9gie en cons\u00e9quence.<\/li>\n<\/ul>\n\n\n\n<h2 class=\"wp-block-heading\">Principaux acteurs du march\u00e9 des circuits \u00e9lectroniques<\/h2>\n\n\n\n<p>Le paysage du march\u00e9 des circuits \u00e9lectroniques est fa\u00e7onn\u00e9 par quelques marques dominantes qui ont r\u00e9ussi \u00e0 conqu\u00e9rir une part de march\u00e9 importante gr\u00e2ce \u00e0 une innovation continue, un marketing strat\u00e9gique et une compr\u00e9hension approfondie des besoins des consommateurs et de l\u2019industrie.<\/p>\n\n\n\n<ul class=\"wp-block-list\">\n<li><strong>Soci\u00e9t\u00e9 intel:<\/strong> Intel joue un r\u00f4le central sur le march\u00e9 des circuits \u00e9lectroniques, notamment dans les segments de l&#039;informatique et des serveurs. Les innovations d&#039;Intel en mati\u00e8re de technologie de processeur ont \u00e9tabli les normes de l&#039;industrie et continuent de stimuler les progr\u00e8s en mati\u00e8re de performances informatiques et d&#039;efficacit\u00e9 \u00e9nerg\u00e9tique.<\/li>\n\n\n\n<li><strong>Samsung \u00c9lectronique\u00a0:<\/strong> Samsung est un acteur majeur sur le march\u00e9 des circuits \u00e9lectroniques, notamment dans celui des puces m\u00e9moire. L&#039;engagement de l&#039;entreprise en mati\u00e8re de R&amp;D l&#039;a positionn\u00e9e comme leader sur les march\u00e9s du stockage et de l&#039;informatique mobile.<\/li>\n\n\n\n<li><strong>Qualcomm incorpor\u00e9e\u00a0:<\/strong> Sp\u00e9cialis\u00e9 dans les semi-conducteurs et les \u00e9quipements de t\u00e9l\u00e9communications, Qualcomm est surtout connu pour ses processeurs Snapdragon et ses puces de modem, qui font partie int\u00e9grante du march\u00e9 des communications mobiles. Les innovations de Qualcomm en mati\u00e8re de technologie 5G en ont fait un acteur cl\u00e9 de la prochaine g\u00e9n\u00e9ration de r\u00e9seaux mobiles.<\/li>\n\n\n\n<li><strong>Soci\u00e9t\u00e9 NVIDIA\u00a0:<\/strong> En tant que leader des unit\u00e9s de traitement graphique (GPU), NVIDIA a \u00e9largi son champ d&#039;action pour inclure l&#039;IA et l&#039;apprentissage profond, les v\u00e9hicules autonomes et les technologies de centres de donn\u00e9es. Les GPU de NVIDIA sont essentiels aux applications informatiques hautes performances, car ils stimulent les progr\u00e8s dans les domaines des jeux, de la visualisation professionnelle et de l&#039;IA.<\/li>\n<\/ul>\n\n\n\n<h2 class=\"wp-block-heading\">Opportunit\u00e9s sur le march\u00e9 des circuits \u00e9lectroniques<\/h2>\n\n\n\n<figure class=\"gb-block-image gb-block-image-4bfcfade\"><img loading=\"lazy\" decoding=\"async\" width=\"1456\" height=\"816\" class=\"gb-image gb-image-4bfcfade\" src=\"https:\/\/www.sisinternational.com\/wp-content\/uploads\/2025\/08\/Electronic-Circuits-2.jpg\" alt=\"\u00c9tudes de march\u00e9 et strat\u00e9gie internationales SIS\" title=\"Electronic Circuits (2)\" srcset=\"https:\/\/www.sisinternational.com\/wp-content\/uploads\/2025\/08\/Electronic-Circuits-2.jpg 1456w, https:\/\/www.sisinternational.com\/wp-content\/uploads\/2025\/08\/Electronic-Circuits-2-300x168.jpg 300w, https:\/\/www.sisinternational.com\/wp-content\/uploads\/2025\/08\/Electronic-Circuits-2-1024x574.jpg 1024w, https:\/\/www.sisinternational.com\/wp-content\/uploads\/2025\/08\/Electronic-Circuits-2-768x430.jpg 768w, https:\/\/www.sisinternational.com\/wp-content\/uploads\/2025\/08\/Electronic-Circuits-2-18x10.jpg 18w\" sizes=\"auto, (max-width: 1456px) 100vw, 1456px\"><\/figure>\n\n\n\n<p><\/p>\n\n\n\n<p>\u00c0 mesure que les industries et les technologies \u00e9voluent, le march\u00e9 des circuits \u00e9lectroniques continue d\u2019offrir de nouvelles voies de croissance, d\u2019innovation et d\u2019investissement strat\u00e9gique \u2013 et les entreprises peuvent tirer parti de ces opportunit\u00e9s pour \u00e9tendre leur pr\u00e9sence sur le march\u00e9 et stimuler le progr\u00e8s technologique.<\/p>\n\n\n\n<ul class=\"wp-block-list\">\n<li><strong>Miniaturisation et calcul haute performance\u00a0:<\/strong> La tendance actuelle vers des appareils plus petits et plus puissants dans les applications \u00e9lectroniques grand public, m\u00e9dicales et a\u00e9rospatiales entra\u00eene le besoin de circuits \u00e9lectroniques miniaturis\u00e9s et hautes performances. Cela pr\u00e9sente des opportunit\u00e9s pour les entreprises sp\u00e9cialis\u00e9es dans les techniques de fabrication avanc\u00e9es et les mat\u00e9riaux permettant la production de circuits compacts \u00e0 haute densit\u00e9.<\/li>\n\n\n\n<li><strong>Internet des objets (IoT)\u00a0:<\/strong> The expansion of IoT across sectors such as home automation, industrial control, and smart cities increases the demand for electronic circuits capable of processing, sensing, and communicating data efficiently. Businesses developing and supplying circuits with enhanced connectivity and low power consumption are well-positioned to <a href=\"https:\/\/www.sisinternational.com\/fr\/solutions\/recherche-de-conseil-en-strategie-fintech\/etude-de-marche-sur-les-marches-des-capitaux\/\" title=\"\u00c9tude de march\u00e9 sur les march\u00e9s des capitaux\"  data-wpil-monitor-id=\"8212\">capitalize on this growing market<\/a>.<\/li>\n\n\n\n<li><strong>Technologie portable\u00a0:<\/strong> La popularit\u00e9 croissante des appareils portables pour la surveillance de la sant\u00e9, le suivi de la condition physique et le divertissement personnel ouvre de nouveaux march\u00e9s pour les circuits \u00e9lectroniques flexibles et l\u00e9gers.<\/li>\n\n\n\n<li><strong>Electronique automobile\u00a0:<\/strong> Le <a href=\"https:\/\/www.sisinternational.com\/fr\/competence\/les-industries\/etude-de-marche-automobile\/etude-de-consommation-automobile-pour-les-vehicules-electriques\/\" title=\"Pourquoi les \u00e9tudes de consommation sur le secteur automobile sont si vitales aujourd&#039;hui avec l&#039;avenir des v\u00e9hicules \u00e9lectriques\"  data-wpil-monitor-id=\"8206\">automotive industry&#8217;s shift towards electric vehicles<\/a> (EVs) and autonomous driving technologies fuels the demand for advanced electronic circuits. Opportunities exist for businesses developing circuits that support battery management systems, sensor processing, and vehicle-to-everything (V2X) communication.<\/li>\n\n\n\n<li><strong>Syst\u00e8mes d&#039;\u00e9nergie renouvelable\u00a0:<\/strong> Alors que l\u2019\u00e9conomie mondiale s\u2019oriente vers des sources d\u2019\u00e9nergie renouvelables, le besoin de circuits \u00e9lectroniques dans les panneaux solaires, les \u00e9oliennes et les syst\u00e8mes de stockage d\u2019\u00e9nergie pr\u00e9sente des opportunit\u00e9s significatives. Les entreprises qui proposent des solutions de conversion d\u2019\u00e9nergie, de gestion de l\u2019\u00e9nergie et de syst\u00e8mes de contr\u00f4le efficaces peuvent exploiter ce march\u00e9 en expansion.<\/li>\n<\/ul>","protected":false},"excerpt":{"rendered":"<p>L\u2019\u00e9tude de march\u00e9 sur les circuits \u00e9lectroniques vise \u00e0 comprendre les circuits \u00e9lectroniques, leur conception, leur fabrication, leur application et leur distribution.<\/p>","protected":false},"author":1,"featured_media":64799,"parent":14514,"menu_order":411,"comment_status":"closed","ping_status":"closed","template":"","meta":{"footnotes":""},"class_list":["post-46321","page","type-page","status-publish","has-post-thumbnail"],"_links":{"self":[{"href":"https:\/\/www.sisinternational.com\/fr\/wp-json\/wp\/v2\/pages\/46321","targetHints":{"allow":["GET"]}}],"collection":[{"href":"https:\/\/www.sisinternational.com\/fr\/wp-json\/wp\/v2\/pages"}],"about":[{"href":"https:\/\/www.sisinternational.com\/fr\/wp-json\/wp\/v2\/types\/page"}],"author":[{"embeddable":true,"href":"https:\/\/www.sisinternational.com\/fr\/wp-json\/wp\/v2\/users\/1"}],"replies":[{"embeddable":true,"href":"https:\/\/www.sisinternational.com\/fr\/wp-json\/wp\/v2\/comments?post=46321"}],"version-history":[{"count":9,"href":"https:\/\/www.sisinternational.com\/fr\/wp-json\/wp\/v2\/pages\/46321\/revisions"}],"predecessor-version":[{"id":81379,"href":"https:\/\/www.sisinternational.com\/fr\/wp-json\/wp\/v2\/pages\/46321\/revisions\/81379"}],"up":[{"embeddable":true,"href":"https:\/\/www.sisinternational.com\/fr\/wp-json\/wp\/v2\/pages\/14514"}],"wp:featuredmedia":[{"embeddable":true,"href":"https:\/\/www.sisinternational.com\/fr\/wp-json\/wp\/v2\/media\/64799"}],"wp:attachment":[{"href":"https:\/\/www.sisinternational.com\/fr\/wp-json\/wp\/v2\/media?parent=46321"}],"curies":[{"name":"wp","href":"https:\/\/api.w.org\/{rel}","templated":true}]}}