{"id":46312,"date":"2024-02-23T23:07:57","date_gmt":"2024-02-24T04:07:57","guid":{"rendered":"https:\/\/www.sisinternational.com\/?page_id=46312"},"modified":"2026-01-27T15:22:00","modified_gmt":"2026-01-27T20:22:00","slug":"etude-de-marche-sur-les-produits-pour-couches-pour-bebes","status":"publish","type":"page","link":"https:\/\/www.sisinternational.com\/fr\/competence\/etude-de-marche-sur-les-produits-pour-couches-pour-bebes\/","title":{"rendered":"\u00c9tude de march\u00e9 sur les produits de couches pour b\u00e9b\u00e9s"},"content":{"rendered":"<h1 class=\"wp-block-heading\">\u00c9tude de march\u00e9 sur les produits de couches pour b\u00e9b\u00e9s<\/h1>\n\n\n\n<figure class=\"gb-block-image gb-block-image-29930776\"><img loading=\"lazy\" decoding=\"async\" width=\"1456\" height=\"816\" class=\"gb-image gb-image-29930776\" src=\"https:\/\/www.sisinternational.com\/wp-content\/uploads\/2025\/08\/Baby-diaper-3.jpg\" alt=\"\u00c9tudes de march\u00e9 et strat\u00e9gie internationales SIS\" title=\"Baby diaper (3)\" srcset=\"https:\/\/www.sisinternational.com\/wp-content\/uploads\/2025\/08\/Baby-diaper-3.jpg 1456w, https:\/\/www.sisinternational.com\/wp-content\/uploads\/2025\/08\/Baby-diaper-3-300x168.jpg 300w, https:\/\/www.sisinternational.com\/wp-content\/uploads\/2025\/08\/Baby-diaper-3-1024x574.jpg 1024w, https:\/\/www.sisinternational.com\/wp-content\/uploads\/2025\/08\/Baby-diaper-3-768x430.jpg 768w, https:\/\/www.sisinternational.com\/wp-content\/uploads\/2025\/08\/Baby-diaper-3-18x10.jpg 18w\" sizes=\"auto, (max-width: 1456px) 100vw, 1456px\"><\/figure>\n\n\n\n<p><\/p>\n\n\n\n<hr class=\"wp-block-separator has-alpha-channel-opacity is-style-dots\"\/>\n\n\n\n<p>Alors que les parents du monde entier recherchent le meilleur pour leurs tout-petits\u2026 Comment les entreprises peuvent-elles garantir que leurs offres respectent et d\u00e9passent les normes en constante \u00e9volution en mati\u00e8re de s\u00e9curit\u00e9, de confort et de durabilit\u00e9 environnementale\u00a0? Les \u00e9tudes de march\u00e9 sur les produits de couches pour b\u00e9b\u00e9s apparaissent comme un outil essentiel dans cette qu\u00eate, offrant des informations inestimables sur les pr\u00e9f\u00e9rences des consommateurs, les tendances du march\u00e9 et le paysage concurrentiel.<\/p>\n\n\n\n<p>L\u2019\u00e9tude de march\u00e9 des produits de couches pour b\u00e9b\u00e9s est un processus syst\u00e9matique qui rassemble, analyse et interpr\u00e8te des informations sur le march\u00e9 des couches pour b\u00e9b\u00e9s, y compris les pr\u00e9f\u00e9rences des consommateurs, la taille du march\u00e9, les tendances de croissance, le paysage concurrentiel et les innovations \u00e9mergentes. Cette recherche sert de pierre angulaire pour les entreprises du secteur des couches, guidant le d\u00e9veloppement de produits, les strat\u00e9gies de marketing et les approches de vente.<\/p>\n\n\n\n<p>Baby diaper <a href=\"https:\/\/www.sisinternational.com\/fr\/etiquetage-des-produits-nutritionnels-en-asie\/\" title=\"\u00c9tude de march\u00e9 sur l\u2019\u00e9tiquetage et les produits nutritionnels en Asie\"  data-wpil-monitor-id=\"2485\">product market research<\/a> allows businesses to tap into parents evolving preferences, ensuring their offerings resonate with modern consumers&#8217; values and demands. Additionally, comprehensive market research provides insights into competitors\u2019 strategies, strengths, and weaknesses, enabling businesses to identify unique positioning opportunities and differentiate their products effectively.<\/p>\n\n\n\n<p>Market research helps companies identify emerging trends and gaps in the market, guiding the development of innovative products that meet untapped consumer needs or improve upon existing solutions. Moreover, baby diaper <a href=\"https:\/\/www.sisinternational.com\/fr\/competence\/les-industries\/etude-de-marche-sur-la-superiorite-des-produits\/\" title=\"\u00c9tude de march\u00e9 sur la sup\u00e9riorit\u00e9 des produits\"  data-wpil-monitor-id=\"5792\">product market research<\/a> provides the data and insights to make informed decisions, reducing the likelihood of costly missteps and focusing resources on the most promising opportunities.<\/p>\n\n\n\n<p><\/p>\n\n\n\n<div class=\"wp-block-columns has-global-color-9-color has-text-color has-background has-link-color wp-elements-9a3c7f635b8d54ca1072429f55ed381d is-layout-flex wp-container-core-columns-is-layout-9d6595d7 wp-block-columns-is-layout-flex\" style=\"background-color:#f7f9fa6e\">\n<div class=\"wp-block-column is-layout-flow wp-block-column-is-layout-flow\" style=\"flex-basis:18%\"><\/div>\n\n\n\n<div class=\"wp-block-column is-vertically-aligned-center is-layout-flow wp-block-column-is-layout-flow\" style=\"flex-basis:71.28%\">\n<div class=\"wp-block-rank-math-toc-block aligncenter has-global-color-9-color has-text-color has-link-color wp-elements-6a3db70b2459557d72872911c04a5b33\" style=\"font-size:16px\" id=\"rank-math-toc\"><h2><br><strong>T<\/strong>able of Contents<\/h2><nav><ul><li class=\"\"><a href=\"#however-it-brings-many-other-benefits-for-companies-in-this-industry-including\">Cependant, cela apporte de nombreux autres avantages aux entreprises de ce secteur, notamment :<\/a><\/li><\/ul><\/nav><\/div>\n<\/div>\n<\/div>\n\n\n\n<p><\/p>\n\n\n\n<h2 class=\"wp-block-heading\" id=\"however-it-brings-many-other-benefits-for-companies-in-this-industry-including\">Cependant, cela apporte de nombreux autres avantages aux entreprises de ce secteur, notamment :<\/h2>\n\n\n\n<figure class=\"gb-block-image gb-block-image-b99b0b2d\"><img loading=\"lazy\" decoding=\"async\" width=\"1456\" height=\"816\" class=\"gb-image gb-image-b99b0b2d\" src=\"https:\/\/www.sisinternational.com\/wp-content\/uploads\/2025\/08\/Baby-formula-4.jpg\" alt=\"\u00c9tudes de march\u00e9 et strat\u00e9gie internationales SIS\" title=\"Baby formula (4)\" srcset=\"https:\/\/www.sisinternational.com\/wp-content\/uploads\/2025\/08\/Baby-formula-4.jpg 1456w, https:\/\/www.sisinternational.com\/wp-content\/uploads\/2025\/08\/Baby-formula-4-300x168.jpg 300w, https:\/\/www.sisinternational.com\/wp-content\/uploads\/2025\/08\/Baby-formula-4-1024x574.jpg 1024w, https:\/\/www.sisinternational.com\/wp-content\/uploads\/2025\/08\/Baby-formula-4-768x430.jpg 768w, https:\/\/www.sisinternational.com\/wp-content\/uploads\/2025\/08\/Baby-formula-4-18x10.jpg 18w\" sizes=\"auto, (max-width: 1456px) 100vw, 1456px\"><\/figure>\n\n\n\n<ul class=\"wp-block-list\">\n<li><strong>D\u00e9veloppement de produits \u00e9clair\u00e9\u00a0:<\/strong> Les \u00e9tudes de march\u00e9 fournissent des informations essentielles sur les besoins et les pr\u00e9f\u00e9rences des consommateurs, guidant le d\u00e9veloppement de produits qui r\u00e9pondent \u00e0 des probl\u00e8mes sp\u00e9cifiques, tels que la sensibilit\u00e9 cutan\u00e9e, l&#039;impact environnemental ou la facilit\u00e9 d&#039;utilisation.<\/li>\n\n\n\n<li><strong>Strat\u00e9gies de marketing am\u00e9lior\u00e9es\u00a0:<\/strong> Les informations sur le comportement des consommateurs, les moteurs d&#039;achat et les habitudes de consommation des m\u00e9dias permettent aux entreprises d&#039;adapter plus pr\u00e9cis\u00e9ment leurs efforts de marketing, garantissant que les messages trouvent un \u00e9cho aupr\u00e8s du public cible et offrent un retour sur investissement plus \u00e9lev\u00e9.<\/li>\n\n\n\n<li><strong>R\u00e9duction de risque:<\/strong> En fournissant une image claire des tendances du march\u00e9, des demandes des consommateurs et des d\u00e9fis potentiels, les \u00e9tudes de march\u00e9 aident les entreprises \u00e0 minimiser les risques associ\u00e9s aux lancements de nouveaux produits, \u00e0 l&#039;entr\u00e9e sur le march\u00e9 ou aux changements strat\u00e9giques importants.<\/li>\n\n\n\n<li><strong>Anticipation des tendances futures\u00a0:<\/strong> Les \u00e9tudes de march\u00e9 sur les produits pour couches pour b\u00e9b\u00e9s aident les entreprises \u00e0 anticiper les tendances futures. Cette prospective est inestimable pour anticiper les \u00e9volutions du secteur, les besoins \u00e9mergents des consommateurs et les progr\u00e8s technologiques, garantissant ainsi la pertinence et la croissance \u00e0 long terme.<\/li>\n\n\n\n<li><strong>Aper\u00e7us de l\u2019expansion mondiale\u00a0:<\/strong> Pour les entreprises qui cherchent \u00e0 se d\u00e9velopper \u00e0 l\u2019international, les \u00e9tudes de march\u00e9 offrent des informations vitales sur les pr\u00e9f\u00e9rences des consommateurs r\u00e9gionaux, les nuances culturelles et les consid\u00e9rations r\u00e9glementaires, facilitant ainsi une entr\u00e9e r\u00e9ussie sur de nouveaux march\u00e9s.<\/li>\n<\/ul>\n\n\n\n<p>Baby diaper product market research should be integrated into the business strategy at various product lifecycle stages. So, recognizing the critical <a href=\"https:\/\/www.sisinternational.com\/fr\/etude-de-marche-sur-les-moments-de-verite\/\" title=\"\u00c9tude de march\u00e9 sur les moments de v\u00e9rit\u00e9\"  data-wpil-monitor-id=\"989\">moments to invest in market research<\/a> can significantly amplify its benefits, guiding product innovation, market-entry, and competitive strategy with timely, data-driven insights.<\/p>\n\n\n\n<ul class=\"wp-block-list\">\n<li><strong>D\u00e9veloppement pr\u00e9-produit\u00a0:<\/strong> Mener une \u00e9tude de march\u00e9 sur les couches pour b\u00e9b\u00e9s avant le d\u00e9veloppement d\u2019un nouveau produit pour couches peut r\u00e9v\u00e9ler les lacunes des offres actuelles du march\u00e9 et identifier les besoins sp\u00e9cifiques des consommateurs qui ne sont pas satisfaits. Cette connaissance fondamentale garantit que les efforts de d\u00e9veloppement de produits sont align\u00e9s sur les demandes du march\u00e9, maximisant ainsi le potentiel de r\u00e9ussite.<\/li>\n\n\n\n<li><strong>Avant l\u2019entr\u00e9e ou l\u2019expansion sur le march\u00e9\u00a0: <\/strong>Avant de p\u00e9n\u00e9trer un nouveau march\u00e9 g\u00e9ographique ou de se d\u00e9velopper sur un march\u00e9 existant, les \u00e9tudes de march\u00e9 peuvent comprendre de mani\u00e8re globale les pr\u00e9f\u00e9rences des consommateurs locaux, le paysage concurrentiel et l\u2019environnement r\u00e9glementaire. Ces renseignements sont essentiels pour adapter les produits et les strat\u00e9gies marketing au contexte local, r\u00e9duisant ainsi le risque de faux pas co\u00fbteux.<\/li>\n\n\n\n<li><strong>Pendant l&#039;it\u00e9ration du produit\u00a0: <\/strong>Les \u00e9tudes de march\u00e9 sur les produits de couches pour b\u00e9b\u00e9s sont inestimables lorsqu\u2019il s\u2019agit de mettre \u00e0 jour ou d\u2019it\u00e9rer des produits existants. Les commentaires des utilisateurs actuels, l&#039;analyse des tendances du march\u00e9 et les mouvements de la concurrence peuvent \u00e9clairer l&#039;am\u00e9lioration des produits, garantissant ainsi que la marque reste comp\u00e9titive et continue de r\u00e9pondre aux attentes changeantes des consommateurs.<\/li>\n\n\n\n<li><strong>Pour \u00e9clairer les d\u00e9cisions strat\u00e9giques\u00a0: <\/strong>Les d\u00e9cisions strat\u00e9giques, telles que les ajustements de prix, les changements de marque ou l&#039;introduction de nouvelles fonctionnalit\u00e9s, b\u00e9n\u00e9ficient consid\u00e9rablement des informations acquises gr\u00e2ce aux \u00e9tudes de march\u00e9. Comprendre comment le march\u00e9 accueillera probablement ces changements peut orienter une prise de d\u00e9cision plus efficace.<\/li>\n<\/ul>\n\n\n\n<figure class=\"gb-block-image gb-block-image-0a27e874\"><img loading=\"lazy\" decoding=\"async\" width=\"1456\" height=\"816\" class=\"gb-image gb-image-0a27e874\" src=\"https:\/\/www.sisinternational.com\/wp-content\/uploads\/2025\/08\/Baby-diaper-2.jpg\" alt=\"\u00c9tudes de march\u00e9 et strat\u00e9gie internationales SIS\" title=\"Baby diaper (2)\" srcset=\"https:\/\/www.sisinternational.com\/wp-content\/uploads\/2025\/08\/Baby-diaper-2.jpg 1456w, https:\/\/www.sisinternational.com\/wp-content\/uploads\/2025\/08\/Baby-diaper-2-300x168.jpg 300w, https:\/\/www.sisinternational.com\/wp-content\/uploads\/2025\/08\/Baby-diaper-2-1024x574.jpg 1024w, https:\/\/www.sisinternational.com\/wp-content\/uploads\/2025\/08\/Baby-diaper-2-768x430.jpg 768w, https:\/\/www.sisinternational.com\/wp-content\/uploads\/2025\/08\/Baby-diaper-2-18x10.jpg 18w\" sizes=\"auto, (max-width: 1456px) 100vw, 1456px\"><\/figure>\n\n\n\n<p><\/p>\n\n\n\n<p>Pour que l\u2019\u00e9tude de march\u00e9 sur les produits de couches pour b\u00e9b\u00e9s soit vraiment efficace et produise des informations exploitables, plusieurs facteurs critiques de succ\u00e8s doivent \u00eatre m\u00e9ticuleusement observ\u00e9s. Ces facteurs garantissent que le processus de recherche est complet, fiable et adapt\u00e9 pour apporter une valeur strat\u00e9gique \u00e0 l&#039;entreprise. Voici un aper\u00e7u de ces \u00e9l\u00e9ments essentiels, suivi d\u2019une exploration d\u00e9taill\u00e9e de chacun\u00a0:<\/p>\n\n\n\n<ul class=\"wp-block-list\">\n<li><strong>Objectifs clairs\u00a0:<\/strong> Define specific, measurable <a href=\"https:\/\/www.sisinternational.com\/fr\/solutions\/ai-etudes-de-marche-et-conseil-en-strategie\/etude-de-marche-sur-la-detection-dobjets-par-ia\/\" title=\"\u00c9tude de march\u00e9 sur l\u2019IA de d\u00e9tection d\u2019objets\"  data-wpil-monitor-id=\"7299\">objectives for the market research<\/a> to ensure that the process is focused and relevant. Clear goals guide the research methodology and analysis, whether it&#8217;s understanding consumer preferences, evaluating market size, or assessing competitive positioning.<\/li>\n\n\n\n<li><strong>Collecte compl\u00e8te de donn\u00e9es\u00a0:<\/strong> Employ qualitative and <a class=\"wpil_keyword_link\" href=\"https:\/\/www.sisinternational.com\/fr\/quest-ce-que-la-recherche-quantitative\/\"   title=\"Qu\u2019est-ce que la recherche quantitative ?\" data-wpil-keyword-link=\"linked\"  data-wpil-monitor-id=\"621\">recherche quantitative<\/a> methods to gather a broad spectrum of insights. Surveys, focus groups, and sales data analysis can provide a well-rounded view of consumer behaviors, preferences, and trends.<\/li>\n\n\n\n<li><strong>Analyse de segmentation\u00a0:<\/strong> Reconnaissez que le march\u00e9 des couches pour b\u00e9b\u00e9s n\u2019est pas homog\u00e8ne. La segmentation du march\u00e9 en fonction des donn\u00e9es d\u00e9mographiques, des comportements ou des besoins permet d&#039;obtenir des informations et des strat\u00e9gies plus cibl\u00e9es, r\u00e9pondant plus efficacement \u00e0 des groupes de consommateurs sp\u00e9cifiques.<\/li>\n\n\n\n<li><strong>Veille concurrentielle\u00a0:<\/strong> Au-del\u00e0 de l\u2019\u00e9tude de consommation, une analyse approfondie du paysage concurrentiel est cruciale. Comprendre les strat\u00e9gies, les forces et les faiblesses des principaux acteurs peut r\u00e9v\u00e9ler des opportunit\u00e9s de diff\u00e9renciation et d\u2019innovation.<\/li>\n\n\n\n<li><strong>Pr\u00e9vision des tendances\u00a0:<\/strong> Gardez une longueur d\u2019avance sur les tendances du secteur en int\u00e9grant une analyse prospective dans la recherche. L&#039;identification des tendances \u00e9mergentes en mati\u00e8re de pr\u00e9f\u00e9rences des consommateurs, de technologie et de durabilit\u00e9 peut positionner l&#039;entreprise en tant que leader du march\u00e9.<\/li>\n\n\n\n<li><strong>Consid\u00e9rations r\u00e9glementaires et environnementales\u00a0:<\/strong> Compte tenu de l\u2019importance croissante accord\u00e9e \u00e0 la durabilit\u00e9 et \u00e0 la sant\u00e9, il est essentiel de comprendre l\u2019environnement r\u00e9glementaire et les attitudes des consommateurs \u00e0 l\u2019\u00e9gard des questions environnementales. Cette prise de conscience peut guider le d\u00e9veloppement de produits et les messages marketing.<\/li>\n\n\n\n<li><strong>Informations exploitables\u00a0:<\/strong> Veiller \u00e0 ce que les r\u00e9sultats de la recherche soient traduits en strat\u00e9gies commerciales exploitables. Les \u00e9tudes de march\u00e9 \u00e9clairent la prise de d\u00e9cision et la planification strat\u00e9gique. Les informations doivent donc \u00eatre pratiques et directement applicables aux objectifs commerciaux.<\/li>\n\n\n\n<li><strong>Surveillance continue et adaptation\u00a0:<\/strong> Les \u00e9tudes de march\u00e9 dans le secteur des couches pour b\u00e9b\u00e9s ne doivent pas \u00eatre consid\u00e9r\u00e9es comme une activit\u00e9 ponctuelle mais comme un processus continu. La surveillance continue du march\u00e9 et des comportements des consommateurs permet aux entreprises d&#039;adapter leurs strat\u00e9gies en temps r\u00e9el, tout en maintenant leur pertinence et leur comp\u00e9titivit\u00e9.<\/li>\n<\/ul>\n\n\n\n<p>Le paysage du march\u00e9 des couches pour b\u00e9b\u00e9s est fa\u00e7onn\u00e9 par quelques marques dominantes qui ont r\u00e9ussi \u00e0 conqu\u00e9rir une part de march\u00e9 importante gr\u00e2ce \u00e0 une innovation continue, un marketing strat\u00e9gique et une compr\u00e9hension approfondie des besoins des consommateurs. Vous trouverez ci-dessous quelques principaux acteurs dont les strat\u00e9gies et les offres de produits fournissent des informations pr\u00e9cieuses sur la dynamique du march\u00e9.<\/p>\n\n\n\n<ul class=\"wp-block-list\">\n<li><strong>Procter &amp; Gamble (Pampers)\u00a0:<\/strong> Pampers est l&#039;un des noms les plus reconnus au monde sur le march\u00e9 des couches pour b\u00e9b\u00e9s. Connue pour son innovation continue en mati\u00e8re de produits et ses recherches approfondies sur les soins pour b\u00e9b\u00e9s, Pampers a \u00e9tabli une forte pr\u00e9sence dans de nombreux pays. Elle propose une gamme de couches et de produits associ\u00e9s adapt\u00e9s aux \u00e9tapes de d\u00e9veloppement de b\u00e9b\u00e9.<\/li>\n\n\n\n<li><strong>Kimberly-Clark (Huggies)\u00a0:<\/strong> Une autre marque leader dans l&#039;industrie des soins pour b\u00e9b\u00e9s est Huggies, de Kimberly-Clark. Huggies a gagn\u00e9 une client\u00e8le fid\u00e8le en se concentrant sur le confort, la protection contre les fuites et la sant\u00e9 de la peau. La marque propose une vari\u00e9t\u00e9 de types de couches, notamment des produits sp\u00e9cialis\u00e9s pour les nouveau-n\u00e9s et des couches de natation, r\u00e9pondant aux divers besoins des consommateurs.<\/li>\n\n\n\n<li><strong>Unicharme\u00a0:<\/strong> Acteur asiatique majeur, Unicharm a connu une croissance significative dans le segment des couches pour b\u00e9b\u00e9s gr\u00e2ce \u00e0 ses innovations produits et \u00e0 ses solides strat\u00e9gies marketing. L&#039;offre de la soci\u00e9t\u00e9 comprend une gamme de couches absorbantes de haute qualit\u00e9 con\u00e7ues pour offrir un maximum de confort et de protection de la peau aux b\u00e9b\u00e9s.<\/li>\n<\/ul>\n\n\n\n<p>At SIS, we recognize the critical importance of nuanced, actionable market <a href=\"https:\/\/www.sisinternational.com\/fr\/solutions\/test-de-gout\/recherche-de-nouveaux-produits-a-new-york\/\" title=\"Recherche de nouveaux produits \u00e0 New York\"  data-wpil-monitor-id=\"4113\">research in the highly competitive baby diaper<\/a> product sector. Our methodology is tailored to uncover deep market insights, consumer trends, and competitive dynamics, enabling our clients to make informed strategic decisions, innovate effectively, and achieve sustainable growth.<\/p>\n\n\n\n<figure class=\"gb-block-image gb-block-image-e46e27e2\"><img loading=\"lazy\" decoding=\"async\" width=\"1456\" height=\"816\" class=\"gb-image gb-image-e46e27e2\" src=\"https:\/\/www.sisinternational.com\/wp-content\/uploads\/2025\/08\/Baby-diaper-1.jpg\" alt=\"\u00c9tudes de march\u00e9 et strat\u00e9gie internationales SIS\" title=\"Baby diaper (1)\" srcset=\"https:\/\/www.sisinternational.com\/wp-content\/uploads\/2025\/08\/Baby-diaper-1.jpg 1456w, https:\/\/www.sisinternational.com\/wp-content\/uploads\/2025\/08\/Baby-diaper-1-300x168.jpg 300w, https:\/\/www.sisinternational.com\/wp-content\/uploads\/2025\/08\/Baby-diaper-1-1024x574.jpg 1024w, https:\/\/www.sisinternational.com\/wp-content\/uploads\/2025\/08\/Baby-diaper-1-768x430.jpg 768w, https:\/\/www.sisinternational.com\/wp-content\/uploads\/2025\/08\/Baby-diaper-1-18x10.jpg 18w\" sizes=\"auto, (max-width: 1456px) 100vw, 1456px\"><\/figure>\n\n\n\n<ul class=\"wp-block-list\">\n<li><strong>Conception de recherche sur mesure\u00a0:<\/strong> Nous commen\u00e7ons par travailler en \u00e9troite collaboration avec nos clients pour comprendre leurs d\u00e9fis, objectifs et questions sp\u00e9cifiques. Cette compr\u00e9hension nous permet de concevoir une \u00e9tude de recherche pr\u00e9cis\u00e9ment adapt\u00e9e \u00e0 leurs besoins, qu&#039;il s&#039;agisse d&#039;explorer de nouvelles opportunit\u00e9s de march\u00e9, d&#039;\u00e9valuer les pr\u00e9f\u00e9rences des consommateurs ou d&#039;analyser les strat\u00e9gies concurrentielles.<\/li>\n\n\n\n<li><strong>Diverses techniques de collecte de donn\u00e9es\u00a0:<\/strong> L&#039;utilisation de m\u00e9thodes de collecte de donn\u00e9es qualitatives et quantitatives, notamment des enqu\u00eates, des groupes de discussion, des entretiens et des analyses de donn\u00e9es de vente, nous permet de recueillir des informations compl\u00e8tes. Cette approche holistique garantit une compr\u00e9hension compl\u00e8te du march\u00e9, des grandes tendances aux comportements nuanc\u00e9s des consommateurs.<\/li>\n\n\n\n<li><strong>Outils analytiques avanc\u00e9s\u00a0:<\/strong> En tirant parti des derni\u00e8res m\u00e9thodes d\u2019analyse de donn\u00e9es et de statistiques, nous analysons les donn\u00e9es collect\u00e9es pour d\u00e9couvrir des mod\u00e8les, des tendances et des informations. Cette analyse rigoureuse constitue la base de nos recommandations strat\u00e9giques, garantissant qu\u2019elles sont fond\u00e9es sur des donn\u00e9es et exploitables.<\/li>\n\n\n\n<li><strong>Collecte de veille concurrentielle\u00a0:<\/strong> Un \u00e9l\u00e9ment cl\u00e9 de notre approche implique une analyse approfondie du paysage concurrentiel. Nous identifions les acteurs cl\u00e9s, leurs strat\u00e9gies, leurs forces et leurs faiblesses, fournissant ainsi \u00e0 nos clients l&#039;intelligence n\u00e9cessaire pour obtenir un avantage concurrentiel.<\/li>\n\n\n\n<li><strong>Connaissances et segmentation des consommateurs\u00a0:<\/strong> Comprendre l&#039;utilisateur final est au c\u0153ur de nos recherches. Nous \u00e9tudions les pr\u00e9f\u00e9rences des consommateurs, les comportements d&#039;achat et les facteurs de fid\u00e9lit\u00e9, en segmentant le march\u00e9 pour adapter efficacement les strat\u00e9gies \u00e0 des groupes de consommateurs sp\u00e9cifiques.<\/li>\n\n\n\n<li><strong>Innovation et d\u00e9tection des tendances\u00a0:<\/strong> Garder un \u0153il sur les tendances \u00e9mergentes, les avanc\u00e9es technologiques et l\u2019\u00e9volution des attentes des consommateurs nous permet de conseiller nos clients sur les futurs domaines de croissance. Cette perspective prospective est cruciale pour rester en t\u00eate sur un march\u00e9 en \u00e9volution rapide.<\/li>\n\n\n\n<li><strong>Recommandations concr\u00e8tes\u00a0:<\/strong> Le point culminant de nos recherches est un ensemble de recommandations strat\u00e9giques et exploitables con\u00e7ues pour guider le d\u00e9veloppement de produits, les strat\u00e9gies marketing et la strat\u00e9gie commerciale globale. Ces recommandations sont adapt\u00e9es pour aider nos clients \u00e0 atteindre leurs objectifs commerciaux sp\u00e9cifiques.<\/li>\n\n\n\n<li><strong>Soutien et consultation continus\u00a0:<\/strong> Conscients que le march\u00e9 et les pr\u00e9f\u00e9rences des consommateurs \u00e9voluent continuellement, nous offrons un soutien et des conseils continus \u00e0 nos clients, les aidant \u00e0 adapter leurs strat\u00e9gies en r\u00e9ponse aux nouvelles perspectives et \u00e9volutions du march\u00e9.<\/li>\n<\/ul>\n\n\n<h2>Notre emplacement \u00e0 New York<\/h2>\n<p><!-- \/wp:post-content --> <!-- wp:html --> <iframe loading=\"lazy\" src=\"https:\/\/www.google.com\/maps\/embed?pb=!1m18!1m12!1m3!1d3022.976188376966!2d-73.99130312499956!3d40.740549471389315!2m3!1f0!2f0!3f0!3m2!1i1024!2i768!4f13.1!3m3!1m2!1s0x89c259a15798c731%3A0xd695d09bdd495f25!2s11%20E%2022nd%20St%20FL%202%2C%20New%20York%2C%20NY%2010010%2C%20USA!5e0!3m2!1sen!2spe!4v1726171763526!5m2!1sen!2spe\" width=\"600\" height=\"450\" allowfullscreen=\"allowfullscreen\" data-mce-fragment=\"1\"><\/iframe> <!-- \/wp:html --> <!-- wp:paragraph --><\/p>\n<h3 class=\"wp-block-heading\">11 E 22nd Street, \u00e9tage 2, New York, NY 10010 T\u00e9l. : +1(212) 505-6805<\/h3>\n<hr \/>\n<h2><span style=\"font-weight: 400;\">\u00c0 propos de SIS International<\/span><\/h2>\n<p><a href=\"https:\/\/www.sisinternational.com\/fr\/\"><span style=\"font-weight: 400;\">SIS International<\/span><\/a><span style=\"font-weight: 400;\"> propose des recherches quantitatives, qualitatives et strat\u00e9giques. Nous fournissons des donn\u00e9es, des outils, des strat\u00e9gies, des rapports et des informations pour la prise de d\u00e9cision. Nous menons \u00e9galement des entretiens, des enqu\u00eates, des groupes de discussion et d\u2019autres m\u00e9thodes et approches d\u2019\u00e9tudes de march\u00e9.<\/span><a href=\"https:\/\/www.sisinternational.com\/fr\/a-propos-de-la-recherche-internationale-sis\/contact-sis-international-market-research\/\"><span style=\"font-weight: 400;\"> Contactez nous<\/span><\/a><span style=\"font-weight: 400;\"> pour votre prochain projet d&#039;\u00e9tude de march\u00e9.<\/span><\/p>\n<p><!-- wp:heading --><\/p>\n<h2 id=\"about-sis-international\" class=\"wp-block-heading\">\u00a0<\/h2><!-- \/wp:heading -->","protected":false},"excerpt":{"rendered":"<p>Les \u00e9tudes de march\u00e9 sur les produits de couches pour b\u00e9b\u00e9s analysent les pr\u00e9f\u00e9rences des consommateurs, la taille du march\u00e9, les tendances de croissance, la concurrence et les innovations.<\/p>","protected":false},"author":1,"featured_media":64735,"parent":14514,"menu_order":413,"comment_status":"closed","ping_status":"closed","template":"","meta":{"footnotes":""},"class_list":["post-46312","page","type-page","status-publish","has-post-thumbnail"],"_links":{"self":[{"href":"https:\/\/www.sisinternational.com\/fr\/wp-json\/wp\/v2\/pages\/46312","targetHints":{"allow":["GET"]}}],"collection":[{"href":"https:\/\/www.sisinternational.com\/fr\/wp-json\/wp\/v2\/pages"}],"about":[{"href":"https:\/\/www.sisinternational.com\/fr\/wp-json\/wp\/v2\/types\/page"}],"author":[{"embeddable":true,"href":"https:\/\/www.sisinternational.com\/fr\/wp-json\/wp\/v2\/users\/1"}],"replies":[{"embeddable":true,"href":"https:\/\/www.sisinternational.com\/fr\/wp-json\/wp\/v2\/comments?post=46312"}],"version-history":[{"count":15,"href":"https:\/\/www.sisinternational.com\/fr\/wp-json\/wp\/v2\/pages\/46312\/revisions"}],"predecessor-version":[{"id":80946,"href":"https:\/\/www.sisinternational.com\/fr\/wp-json\/wp\/v2\/pages\/46312\/revisions\/80946"}],"up":[{"embeddable":true,"href":"https:\/\/www.sisinternational.com\/fr\/wp-json\/wp\/v2\/pages\/14514"}],"wp:featuredmedia":[{"embeddable":true,"href":"https:\/\/www.sisinternational.com\/fr\/wp-json\/wp\/v2\/media\/64735"}],"wp:attachment":[{"href":"https:\/\/www.sisinternational.com\/fr\/wp-json\/wp\/v2\/media?parent=46312"}],"curies":[{"name":"wp","href":"https:\/\/api.w.org\/{rel}","templated":true}]}}