{"id":46281,"date":"2024-02-22T14:11:29","date_gmt":"2024-02-22T19:11:29","guid":{"rendered":"https:\/\/www.sisinternational.com\/?page_id=46281"},"modified":"2026-03-24T18:21:53","modified_gmt":"2026-03-24T22:21:53","slug":"etude-de-marche-dans-letat-de-new-york","status":"publish","type":"page","link":"https:\/\/www.sisinternational.com\/fr\/couverture\/north-america\/couverture-des-etats-unis\/etude-de-marche-dans-letat-de-new-york\/","title":{"rendered":"\u00c9tude de march\u00e9 dans l\u2019\u00c9tat de New York"},"content":{"rendered":"<h1 class=\"wp-block-heading\">\u00c9tude de march\u00e9 dans l\u2019\u00c9tat de New York<\/h1>\n\n\n\n<figure class=\"gb-block-image gb-block-image-8e4ccb23\"><img loading=\"lazy\" decoding=\"async\" width=\"1456\" height=\"816\" class=\"gb-image gb-image-8e4ccb23\" src=\"https:\/\/www.sisinternational.com\/wp-content\/uploads\/2025\/09\/New-York-15.jpg\" alt=\"\u00c9tudes de march\u00e9 et strat\u00e9gie internationales SIS\" title=\"New York (15)\" srcset=\"https:\/\/www.sisinternational.com\/wp-content\/uploads\/2025\/09\/New-York-15.jpg 1456w, https:\/\/www.sisinternational.com\/wp-content\/uploads\/2025\/09\/New-York-15-300x168.jpg 300w, https:\/\/www.sisinternational.com\/wp-content\/uploads\/2025\/09\/New-York-15-1024x574.jpg 1024w, https:\/\/www.sisinternational.com\/wp-content\/uploads\/2025\/09\/New-York-15-768x430.jpg 768w, https:\/\/www.sisinternational.com\/wp-content\/uploads\/2025\/09\/New-York-15-18x10.jpg 18w\" sizes=\"auto, (max-width: 1456px) 100vw, 1456px\"><\/figure>\n\n\n\n<hr class=\"wp-block-separator has-alpha-channel-opacity is-style-dots\"\/>\n\n\n\n<p>Les \u00e9tudes de march\u00e9 de l\u2019\u00c9tat de New York r\u00e9v\u00e8lent les pr\u00e9f\u00e9rences et les tendances d\u2019un march\u00e9 dynamique avec des industries dynamiques \u2013 et un comportement des consommateurs en constante \u00e9volution\u2026 Mais qu\u2019est-ce qui distingue cet \u00c9tat et comment son paysage unique influence-t-il les \u00e9tudes de march\u00e9 ?<\/p>\n\n\n\n<h2 class=\"wp-block-heading\">What Is New York State market research?<\/h2>\n\n\n\n<p>Les \u00e9tudes de march\u00e9 de l&#039;\u00c9tat de New York \u00e9tudient divers secteurs tels que la finance, la technologie, la sant\u00e9 et le tourisme ; et leur influence dans cet \u00e9tat. Des rues anim\u00e9es de New York aux paysages pittoresques du nord de l&#039;\u00c9tat de New York, chaque r\u00e9gion contribue au paysage de march\u00e9 unique de l&#039;\u00c9tat, pr\u00e9sentant des d\u00e9fis et des opportunit\u00e9s aux chercheurs de march\u00e9 pour d\u00e9chiffrer les pr\u00e9f\u00e9rences des consommateurs, les tendances du secteur et les paysages concurrentiels.<\/p>\n\n\n\n<h2 class=\"wp-block-heading\">Pourquoi c&#039;est important? <\/h2>\n\n\n\n<p>Actually, New York State is a microcosm of diverse consumer preferences, industry dynamics, and market trends. So, conducting <a href=\"https:\/\/www.sisinternational.com\/fr\/competence\/les-industries\/etude-de-marche-sur-les-medias-de-divertissement\/comment-mener-des-recherches-sur-le-divertissement-et-le-cinema-a-new-york\/\" title=\"Comment effectuer des recherches sur le divertissement et le cin\u00e9ma \u00e0 New York\"  data-wpil-monitor-id=\"2119\">\u00e9tude de march\u00e9<\/a> enables businesses to gain a deeper understanding of the unique needs and preferences of New York consumers, thereby tailoring their products, services, and marketing strategies accordingly. Businesses can also identify opportunities for differentiation, innovation, and strategic positioning in the marketplace by analyzing market trends, competitor strategies, and consumer behaviors.<\/p>\n\n\n\n<p>Moreover, New <a href=\"https:\/\/www.sisinternational.com\/fr\/solutions\/conseil-en-strategie\/recherche-dopportunites-dentree-sur-le-marche\/etude-dentree-sur-le-marche-de-new-york\/\" title=\"\u00c9tude d&#039;entr\u00e9e sur le march\u00e9 de New York\"  data-wpil-monitor-id=\"954\">York State market research<\/a> equips decision-makers with the data, insights, and intelligence to make strategic decisions confidently. Whether entering new markets, launching new products, or expanding operations, market research serves as a compass, guiding businesses toward growth and success.<\/p>\n\n\n\n<p>New <a href=\"https:\/\/www.sisinternational.com\/fr\/couverture\/north-america\/couverture-des-etats-unis\/etude-de-marche-sur-le-salon-de-lauto-de-new-york\/\" title=\"\u00c9tude de march\u00e9 sur le Salon de l&#039;auto de New York\"  data-wpil-monitor-id=\"11426\">York State market research<\/a> offers many benefits for businesses, policymakers, and stakeholders. Here are some key advantages:<\/p>\n\n\n\n<ul class=\"wp-block-list\">\n<li><strong>Segmentation du march\u00e9\u00a0:<\/strong> Comprendre la diversit\u00e9 d\u00e9mographique et les pr\u00e9f\u00e9rences au sein de l&#039;\u00c9tat de New York permet aux entreprises de segmenter efficacement leurs march\u00e9s cibles. En adaptant leurs produits, services et strat\u00e9gies marketing \u00e0 des segments de consommateurs sp\u00e9cifiques, les entreprises peuvent am\u00e9liorer la satisfaction de leurs clients, accro\u00eetre leur fid\u00e9lit\u00e9 \u00e0 la marque et stimuler la croissance de leurs revenus.<\/li>\n\n\n\n<li><strong>Veille concurrentielle\u00a0:<\/strong> New York State market research enables businesses to gather competitive intelligence and benchmark their performance against industry rivals. Companies can identify opportunities for differentiation, innovation, and strategic positioning by analyzing competitors&#8217; strategies, strengths, and weaknesses.<\/li>\n\n\n\n<li><strong>Gestion des risques:<\/strong> Dans un march\u00e9 dynamique et en constante \u00e9volution comme l\u2019\u00c9tat de New York, les \u00e9tudes de march\u00e9 jouent un r\u00f4le crucial dans la gestion des risques. En surveillant les tendances du march\u00e9, les changements r\u00e9glementaires et les risques \u00e9mergents, les entreprises peuvent identifier et att\u00e9nuer de mani\u00e8re proactive les menaces potentielles pour leurs op\u00e9rations, se prot\u00e9geant ainsi contre les pertes financi\u00e8res et les atteintes \u00e0 leur r\u00e9putation.<\/li>\n\n\n\n<li><strong>Connaissance du client:<\/strong> Les \u00e9tudes de march\u00e9 dans l\u2019\u00c9tat de New York fournissent des informations pr\u00e9cieuses sur les comportements, les pr\u00e9f\u00e9rences et les besoins des consommateurs. En menant des enqu\u00eates, des groupes de discussion et des \u00e9tudes observationnelles, les entreprises peuvent mieux comprendre leur public cible, ce qui leur permet de d\u00e9velopper des produits, des services et des campagnes marketing qui trouvent un \u00e9cho aupr\u00e8s des clients et stimulent leur engagement.<\/li>\n<\/ul>\n\n\n\n<h2 class=\"wp-block-heading\">Critical Factors for Success<\/h2>\n\n\n\n<p>Success in conducting <a class=\"wpil_keyword_link\" href=\"https:\/\/www.sisinternational.com\/fr\/couverture\/les-ameriques\/couverture-des-etats-unis\/market-research-in-new-york\/\"   title=\"Market Research in New York\" data-wpil-keyword-link=\"linked\"  data-wpil-monitor-id=\"285\">market research in New York<\/a> State hinges on several critical factors such as:<\/p>\n\n\n\n<ul class=\"wp-block-list\">\n<li><strong>Expertise locale\u00a0:<\/strong> Businesses need to leverage local expertise, whether through in-house teams with regional knowledge or by partnering with research firms familiar with the nuances of the New <a href=\"https:\/\/www.sisinternational.com\/fr\/competence\/les-industries\/etude-de-marche-sur-larnm\/\" title=\"\u00c9tude de march\u00e9 sur l\u2019ARNm\"  data-wpil-monitor-id=\"4657\">York market<\/a>.<\/li>\n\n\n\n<li><strong>Qualit\u00e9 des donn\u00e9es:<\/strong> Des donn\u00e9es de haute qualit\u00e9 constituent la base d\u2019une \u00e9tude de march\u00e9 efficace. Les entreprises doivent collecter des donn\u00e9es pr\u00e9cises, pertinentes et \u00e0 jour pour \u00e9clairer leur processus d\u00e9cisionnel. Cela implique d\u2019utiliser des m\u00e9thodologies robustes de collecte de donn\u00e9es, telles que des enqu\u00eates, des entretiens et des \u00e9tudes observationnelles, et de valider rigoureusement l\u2019int\u00e9grit\u00e9 des donn\u00e9es collect\u00e9es.<\/li>\n\n\n\n<li><strong>Alignement strat\u00e9gique:<\/strong> New York State market research should closely align with the business&#8217;s strategic objectives and priorities. Businesses must clearly define their goals before embarking on any research initiative, identify key research questions, and outline the desired outcomes.<\/li>\n\n\n\n<li><strong>Approche holistique:<\/strong> Une \u00e9tude de march\u00e9 efficace va au-del\u00e0 de la simple collecte de donn\u00e9es ; cela implique une approche holistique prenant en compte de multiples facteurs influen\u00e7ant la dynamique du march\u00e9. Les entreprises doivent analyser les pr\u00e9f\u00e9rences des consommateurs, les strat\u00e9gies des concurrents, les tendances \u00e9conomiques, les \u00e9volutions r\u00e9glementaires et les facteurs socioculturels qui fa\u00e7onnent le paysage du march\u00e9 new-yorkais.<\/li>\n\n\n\n<li><strong>Collaboration interfonctionnelle\u00a0:<\/strong> Businesses must foster collaboration among marketing, sales, product development, and other relevant teams to ensure research findings are effectively integrated into decision-making.<\/li>\n<\/ul>\n\n\n\n<h2 class=\"wp-block-heading\">The SIS Advantage<\/h2>\n\n\n\n<p>SIS utilise une approche globale pour mener des \u00e9tudes de march\u00e9 dans l&#039;\u00c9tat de New York, en tirant parti de notre expertise, de nos ressources et de nos connaissances du secteur pour fournir des informations percutantes et g\u00e9n\u00e9rer une valeur strat\u00e9gique. Voici un aper\u00e7u de notre approche\u00a0:<\/p>\n\n\n\n<ul class=\"wp-block-list\">\n<li><strong>M\u00e9thodologies personnalis\u00e9es\u00a0:<\/strong> Recognizing the unique characteristics of the New York market, we tailor our research methodologies to meet each client&#8217;s specific needs and objectives. <\/li>\n\n\n\n<li><strong>Collecte de donn\u00e9es multimodales\u00a0:<\/strong> To capture a holistic view of the New York market landscape, we employ a multi-modal approach. This may include quantitative surveys, qualitative interviews, social media analysis, and secondary data research, allowing us to gather diverse perspectives and triangulate findings for robust analysis.<\/li>\n\n\n\n<li><strong>Analyse rigoureuse\u00a0:<\/strong> Notre \u00e9quipe d&#039;analystes exp\u00e9riment\u00e9s effectue une analyse rigoureuse des donn\u00e9es collect\u00e9es, en utilisant des techniques statistiques avanc\u00e9es, des m\u00e9thodes de codage qualitatives et des outils de visualisation de donn\u00e9es pour d\u00e9couvrir des informations significatives.<\/li>\n\n\n\n<li><strong>Interpr\u00e9tation strat\u00e9gique\u00a0:<\/strong> Au-del\u00e0 de l\u2019analyse des donn\u00e9es, nous proposons une interpr\u00e9tation strat\u00e9gique des r\u00e9sultats de la recherche, aidant ainsi nos clients \u00e0 traduire leurs id\u00e9es en strat\u00e9gies et initiatives concr\u00e8tes. Gr\u00e2ce \u00e0 des ateliers collaboratifs, des s\u00e9ances d&#039;information pour les dirigeants et des missions de conseil strat\u00e9gique, nous travaillons en \u00e9troite collaboration avec nos clients pour d\u00e9velopper des solutions sur mesure qui r\u00e9pondent \u00e0 leurs d\u00e9fis uniques et capitalisent sur les opportunit\u00e9s du march\u00e9.<\/li>\n\n\n\n<li><strong>Contr\u00f4le continu:<\/strong> La dynamique du march\u00e9 dans l\u2019\u00c9tat de New York \u00e9volue constamment, ce qui n\u00e9cessite une surveillance et une adaptation continues. Nous proposons des services de surveillance continue, en suivant les indicateurs cl\u00e9s, les tendances du march\u00e9 et les activit\u00e9s des concurrents pour garantir que nos clients restent inform\u00e9s et agiles dans leur prise de d\u00e9cision.<\/li>\n\n\n\n<li><strong>Approche centr\u00e9e sur le client\u00a0:<\/strong> At the heart of our approach is a commitment to client satisfaction and success. We partner closely with clients throughout the research process, soliciting feedback, addressing concerns, and adapting our approach to meet their evolving needs. <\/li>\n<\/ul>\n\n\n\n<h2 class=\"wp-block-heading\">Opportunit\u00e9s<\/h2>\n\n\n\n<p>Le march\u00e9 de l\u2019\u00c9tat de New York pr\u00e9sente plusieurs opportunit\u00e9s pour les entreprises de divers secteurs. Voici quelques opportunit\u00e9s cl\u00e9s d\u00e9coulant d\u2019une \u00e9tude de march\u00e9 dans l\u2019\u00c9tat de New York\u00a0:<\/p>\n\n\n\n<ul class=\"wp-block-list\">\n<li><strong>Acc\u00e8s \u00e0 une base de consommateurs diversifi\u00e9e\u00a0:<\/strong> L\u2019\u00c9tat de New York offre aux entreprises l\u2019acc\u00e8s \u00e0 une base de consommateurs large et diversifi\u00e9e. Des millennials urbains de New York aux familles des banlieues de Long Island et aux communaut\u00e9s rurales du nord de l&#039;\u00c9tat, les entreprises peuvent cibler diverses donn\u00e9es d\u00e9mographiques et adapter leurs produits et services pour r\u00e9pondre aux divers besoins des consommateurs.<\/li>\n\n\n\n<li><strong>Grappes industrielles\u00a0:<\/strong> New York State is home to thriving industry clusters in sectors such as finance, technology, healthcare, media, and tourism. <\/li>\n\n\n\n<li><strong>\u00c9cosyst\u00e8me d&#039;innovation\u00a0:<\/strong> New York State boasts a vibrant ecosystem of world-renowned universities, research institutions, and startup incubators that drive technological advancements and entrepreneurship. Businesses can tap into this ecosystem to access cutting-edge research, talent, and funding opportunities, accelerating innovation and fueling growth.<\/li>\n\n\n\n<li><strong>Environnement commercial favorable\u00a0:<\/strong> L&#039;\u00c9tat de New York offre un environnement commercial favorable avec des initiatives visant \u00e0 favoriser l&#039;entrepreneuriat, l&#039;innovation et le d\u00e9veloppement \u00e9conomique. Des incitations fiscales et subventions aux incubateurs et acc\u00e9l\u00e9rateurs d\u2019entreprises, les entreprises peuvent tirer parti des ressources et des programmes pour surmonter les obstacles, acc\u00e9der aux capitaux et faire \u00e9voluer leurs op\u00e9rations plus efficacement.<\/li>\n\n\n\n<li><strong>Diversit\u00e9 culturelle:<\/strong> New York State&#8217;s rich cultural diversity allows businesses to engage with diverse communities and tap into niche markets. <\/li>\n<\/ul>\n\n\n\n<h2 class=\"wp-block-heading\">Why Conducting New York State market research with SIS International<\/h2>\n\n\n\n<p>SIS distinguishes itself in the New York State market research through expertise, innovation, and a client-centric approach. Here are some key factors that set us apart:<\/p>\n\n\n\n<ul class=\"wp-block-list\">\n<li><strong>Expertise industrielle\u00a0:<\/strong> Forte de plusieurs ann\u00e9es d\u2019exp\u00e9rience et d\u2019une compr\u00e9hension approfondie du paysage du march\u00e9 new-yorkais, notre \u00e9quipe apporte une expertise industrielle in\u00e9gal\u00e9e \u00e0 chaque projet de recherche. Nous exploitons notre connaissance des tendances locales, des comportements des consommateurs et de la dynamique concurrentielle pour fournir des informations qui g\u00e9n\u00e8rent une valeur strat\u00e9gique pour nos clients.<\/li>\n\n\n\n<li><strong>Solutions personnalis\u00e9es\u00a0:<\/strong> We offer tailored solutions to meet each client&#8217;s unique needs and objectives. <\/li>\n\n\n\n<li><strong>Approches innovantes\u00a0:<\/strong> At SIS, we embrace innovation and leverage cutting-edge methodologies and technologies to conduct market research. From advanced analytics and machine learning to social media monitoring and predictive modeling, we harness innovation to uncover deep insights and unlock new opportunities for our clients.<\/li>\n\n\n\n<li><strong>Collaboration client\u00a0:<\/strong> We believe in the power of collaboration and partner closely with our clients throughout the research process. <\/li>\n\n\n\n<li><strong>Assurance qualit\u00e9:<\/strong> Quality is at the forefront of everything we do at SIS. From data collection to analysis to reporting, we adhere to rigorous quality assurance standards to ensure our research findings&#8217; accuracy, reliability, and integrity. Our commitment to quality ensures our clients can trust the insights we provide to inform their decision-making with confidence.<\/li>\n\n\n\n<li><strong>Am\u00e9lioration continue:<\/strong> We are committed to constant improvement and strive to stay ahead of the curve in the fast-paced world of market research. Through ongoing learning, innovation, and adaptation, we continuously refine our methodologies and approaches to deliver best-in-class research solutions that meet the evolving needs of our clients.<\/li>\n<\/ul>\n\n\n\n<p><\/p>\n\n\n\n<h2 class=\"wp-block-heading\">&nbsp;<\/h2>","protected":false},"excerpt":{"rendered":"<p>Les \u00e9tudes de march\u00e9 de l\u2019\u00c9tat de New York \u00e9tudient des secteurs tels que la finance, la technologie, la sant\u00e9 et le tourisme, ainsi que leur influence dans cet \u00c9tat.<\/p>","protected":false},"author":1,"featured_media":66481,"parent":19303,"menu_order":76,"comment_status":"closed","ping_status":"closed","template":"","meta":{"footnotes":""},"class_list":["post-46281","page","type-page","status-publish","has-post-thumbnail"],"_links":{"self":[{"href":"https:\/\/www.sisinternational.com\/fr\/wp-json\/wp\/v2\/pages\/46281","targetHints":{"allow":["GET"]}}],"collection":[{"href":"https:\/\/www.sisinternational.com\/fr\/wp-json\/wp\/v2\/pages"}],"about":[{"href":"https:\/\/www.sisinternational.com\/fr\/wp-json\/wp\/v2\/types\/page"}],"author":[{"embeddable":true,"href":"https:\/\/www.sisinternational.com\/fr\/wp-json\/wp\/v2\/users\/1"}],"replies":[{"embeddable":true,"href":"https:\/\/www.sisinternational.com\/fr\/wp-json\/wp\/v2\/comments?post=46281"}],"version-history":[{"count":16,"href":"https:\/\/www.sisinternational.com\/fr\/wp-json\/wp\/v2\/pages\/46281\/revisions"}],"predecessor-version":[{"id":85013,"href":"https:\/\/www.sisinternational.com\/fr\/wp-json\/wp\/v2\/pages\/46281\/revisions\/85013"}],"up":[{"embeddable":true,"href":"https:\/\/www.sisinternational.com\/fr\/wp-json\/wp\/v2\/pages\/19303"}],"wp:featuredmedia":[{"embeddable":true,"href":"https:\/\/www.sisinternational.com\/fr\/wp-json\/wp\/v2\/media\/66481"}],"wp:attachment":[{"href":"https:\/\/www.sisinternational.com\/fr\/wp-json\/wp\/v2\/media?parent=46281"}],"curies":[{"name":"wp","href":"https:\/\/api.w.org\/{rel}","templated":true}]}}