{"id":46237,"date":"2024-02-22T14:20:56","date_gmt":"2024-02-22T19:20:56","guid":{"rendered":"https:\/\/www.sisinternational.com\/?page_id=46237"},"modified":"2026-03-16T23:52:46","modified_gmt":"2026-03-17T03:52:46","slug":"conseil-en-gestion-de-transactions-de-services-financiers","status":"publish","type":"page","link":"https:\/\/www.sisinternational.com\/fr\/solutions\/conseil-en-strategie\/financial-services-consulting\/conseil-en-gestion-de-transactions-de-services-financiers\/","title":{"rendered":"Conseil en gestion des transactions de services financiers"},"content":{"rendered":"<h1 class=\"wp-block-heading\">Conseil en gestion des transactions de services financiers<\/h1>\n\n\n\n<figure class=\"gb-block-image gb-block-image-04c098d5\"><img loading=\"lazy\" decoding=\"async\" width=\"1456\" height=\"816\" class=\"gb-image gb-image-04c098d5\" src=\"https:\/\/www.sisinternational.com\/wp-content\/uploads\/2025\/10\/Financial-Services-Reorganization-4.jpg\" alt=\"\u00c9tudes de march\u00e9 et strat\u00e9gie internationales SIS\" title=\"Financial Services Reorganization (4)\" srcset=\"https:\/\/www.sisinternational.com\/wp-content\/uploads\/2025\/10\/Financial-Services-Reorganization-4.jpg 1456w, https:\/\/www.sisinternational.com\/wp-content\/uploads\/2025\/10\/Financial-Services-Reorganization-4-300x168.jpg 300w, https:\/\/www.sisinternational.com\/wp-content\/uploads\/2025\/10\/Financial-Services-Reorganization-4-1024x574.jpg 1024w, https:\/\/www.sisinternational.com\/wp-content\/uploads\/2025\/10\/Financial-Services-Reorganization-4-768x430.jpg 768w, https:\/\/www.sisinternational.com\/wp-content\/uploads\/2025\/10\/Financial-Services-Reorganization-4-18x10.jpg 18w\" sizes=\"auto, (max-width: 1456px) 100vw, 1456px\"><\/figure>\n\n\n\n<p><\/p>\n\n\n\n<hr class=\"wp-block-separator has-alpha-channel-opacity\"\/>\n\n\n\n<p>Le conseil en gestion des transactions de services financiers comble le foss\u00e9 entre les op\u00e9rations financi\u00e8res traditionnelles et l\u2019avenir de la fintech. Ce domaine de conseil sp\u00e9cialis\u00e9 ne consiste pas seulement \u00e0 optimiser les transactions ; il s&#039;agit de red\u00e9finir la mani\u00e8re dont les institutions financi\u00e8res fonctionnent dans un monde de plus en plus num\u00e9rique et interconnect\u00e9.<\/p>\n\n\n\n<h2 class=\"wp-block-heading\">Qu\u2019est-ce que le conseil en gestion des transactions de services financiers ?<\/h2>\n\n\n\n<p>Le conseil en gestion des transactions de services financiers se concentre sur l\u2019optimisation et l\u2019innovation des processus impliqu\u00e9s dans les transactions financi\u00e8res pour les entreprises et les institutions financi\u00e8res. Ce service de conseil vise \u00e0 am\u00e9liorer l&#039;efficacit\u00e9, la s\u00e9curit\u00e9 et la conformit\u00e9 des op\u00e9rations transactionnelles, en tirant parti de la technologie et des informations strat\u00e9giques pour relever les d\u00e9fis du paysage financier moderne.<\/p>\n\n\n\n<p>Consultants in this field work closely with clients to assess current transaction management systems, identify inefficiencies, and develop tailored solutions that address specific needs and objectives. This may involve integrating cutting-edge fintech solutions, such as blockchain technology for secure and transparent transactions, AI for fraud detection and process automation, and big data analytics for real-time decision-making and risk assessment.<\/p>\n\n\n\n<h2 class=\"wp-block-heading\">Importance du conseil en gestion des transactions de services financiers<\/h2>\n\n\n\n<p>Services financiers <a href=\"https:\/\/www.sisinternational.com\/fr\/financial-services-consulting\/robotic-process-automation-in-financial-services\/\" title=\"Robotic Process Automation in Financial Services\"  data-wpil-monitor-id=\"1062\">transaction management consulting<\/a> helps streamline transaction processes, reducing manual interventions and the potential for errors.&nbsp;<\/p>\n\n\n\n<p>De plus, <a href=\"https:\/\/www.sisinternational.com\/fr\/financial-services-consulting\/\" title=\"Financial Services Consulting\"  data-wpil-monitor-id=\"2973\">conseil en gestion de transactions de services financiers<\/a> provides expertise in implementing advanced security measures, including encryption, blockchain technology, and AI-driven fraud detection systems. These measures safeguard against cyber threats and ensure the integrity and security of transactions.<\/p>\n\n\n\n<p>En outre, le secteur financier est fortement r\u00e9glement\u00e9 et met fr\u00e9quemment \u00e0 jour les lois et r\u00e9glementations pour faire face aux risques et aux technologies \u00e9mergents. Par cons\u00e9quent, les consultants se sp\u00e9cialisent dans l\u2019exploration de ce paysage r\u00e9glementaire complexe, garantissant que les syst\u00e8mes de gestion des transactions sont pleinement conformes aux lois en vigueur et s\u2019adaptent aux changements futurs. Cette approche proactive de la conformit\u00e9 att\u00e9nue les risques juridiques et financiers associ\u00e9s \u00e0 la non-conformit\u00e9.<\/p>\n\n\n\n<h2 class=\"wp-block-heading\">Avantages suppl\u00e9mentaires du conseil en gestion des transactions de services financiers<\/h2>\n\n\n\n<figure class=\"gb-block-image gb-block-image-a56426bb\"><img loading=\"lazy\" decoding=\"async\" width=\"1456\" height=\"816\" class=\"gb-image gb-image-a56426bb\" src=\"https:\/\/www.sisinternational.com\/wp-content\/uploads\/2025\/10\/Financial-Services-Transaction-3.jpg\" alt=\"\u00c9tudes de march\u00e9 et strat\u00e9gie internationales SIS\" title=\"Financial Services Transaction (3)\" srcset=\"https:\/\/www.sisinternational.com\/wp-content\/uploads\/2025\/10\/Financial-Services-Transaction-3.jpg 1456w, https:\/\/www.sisinternational.com\/wp-content\/uploads\/2025\/10\/Financial-Services-Transaction-3-300x168.jpg 300w, https:\/\/www.sisinternational.com\/wp-content\/uploads\/2025\/10\/Financial-Services-Transaction-3-1024x574.jpg 1024w, https:\/\/www.sisinternational.com\/wp-content\/uploads\/2025\/10\/Financial-Services-Transaction-3-768x430.jpg 768w, https:\/\/www.sisinternational.com\/wp-content\/uploads\/2025\/10\/Financial-Services-Transaction-3-18x10.jpg 18w\" sizes=\"auto, (max-width: 1456px) 100vw, 1456px\"><\/figure>\n\n\n\n<p><\/p>\n\n\n\n<p>Financial <a href=\"https:\/\/www.sisinternational.com\/fr\/solutions\/conseil-en-tourisme-de-voyage-et-en-hotellerie\/conseil-en-services-de-conciergerie\/\" title=\"Conseil en services de conciergerie\"  data-wpil-monitor-id=\"4688\">services transaction management consulting<\/a> offers several benefits, empowering financial institutions to navigate the complexities of this industry with greater agility, security, and strategic foresight.<\/p>\n\n\n\n<ul class=\"wp-block-list\">\n<li><strong>Processus op\u00e9rationnels rationalis\u00e9s\u00a0:<\/strong> Consultant <a href=\"https:\/\/www.sisinternational.com\/fr\/financial-services-consulting\/ultra-high-net-worth-wealth-management-services\/\" title=\"Ultra High Net Worth Wealth Management Services\"  data-wpil-monitor-id=\"1034\">services identify bottlenecks and inefficiencies in transaction<\/a> management processes, paving the way for streamlined operations. Implementing automated solutions and cutting-edge technologies leads to faster transaction times, reduced manual effort, and lower operational costs.<\/li>\n\n\n\n<li><strong>Improved <\/strong><a href=\"https:\/\/www.sisinternational.com\/fr\/financial-services-consulting\/financial-services-customer-satisfaction\/\" title=\"Financial Services Customer Satisfaction\"  data-wpil-monitor-id=\"7489\">Customer Satisfaction: Consulting services<\/a> enhance the customer experience by optimizing transaction processes, offering faster, more reliable, and user-friendly transaction methods.\u00a0<\/li>\n\n\n\n<li><strong>Informations bas\u00e9es sur les donn\u00e9es pour la prise de d\u00e9cision\u00a0:<\/strong> En tirant parti de l\u2019analyse du Big Data et de l\u2019IA, les consultants peuvent extraire des informations pr\u00e9cieuses \u00e0 partir des donn\u00e9es de transaction, facilitant ainsi une prise de d\u00e9cision \u00e9clair\u00e9e. Ces informations peuvent \u00e9clairer les strat\u00e9gies de gestion des risques, le d\u00e9veloppement de produits et les approches de service client personnalis\u00e9, favorisant ainsi l&#039;innovation et l&#039;avantage concurrentiel.<\/li>\n\n\n\n<li><strong>Adaptation pr\u00eate pour l\u2019avenir\u00a0:<\/strong> Financial services transaction management consulting ensures institutions are current and future-ready.\u00a0<\/li>\n\n\n\n<li><strong>Avantage concurrentiel sur le march\u00e9\u00a0:<\/strong> Ultimately, the strategic enhancements and innovations driven by consulting services position financial institutions to stand out in a competitive market.\u00a0<\/li>\n<\/ul>\n\n\n\n<h2 class=\"wp-block-heading\">Quand effectuer des conseils en gestion des transactions de services financiers<\/h2>\n\n\n\n<p>Implementing financial services transaction management consulting at strategic points can significantly amplify its effectiveness and the value it delivers to an organization. Understanding when to engage in this specialized consulting can help financial institutions and businesses optimize their transaction management processes, adhere to regulatory compliance, enhance security, and ultimately provide superior customer service.<\/p>\n\n\n\n<ul class=\"wp-block-list\">\n<li><strong>Avant les r\u00e9visions majeures du syst\u00e8me\u00a0:<\/strong> Consulting services are invaluable before undertaking significant updates or replacements of transaction management systems. Expert guidance ensures that new systems are scalable, secure, and aligned with current and future business objectives.<\/li>\n\n\n\n<li><strong>Suite au nouveau r\u00e8glement financier :<\/strong> The financial industry is frequently subject to regulatory changes. Consulting can help institutions quickly adapt their transaction processes to meet new compliance requirements, mitigate legal risks, and maintain smooth operations.<\/li>\n\n\n\n<li><strong>Apr\u00e8s des failles de s\u00e9curit\u00e9 ou pour les pr\u00e9venir :<\/strong> \u00c0 la suite d&#039;une faille de s\u00e9curit\u00e9 ou en r\u00e9ponse \u00e0 des cybermenaces croissantes, les services de conseil peuvent \u00e9valuer les vuln\u00e9rabilit\u00e9s, renforcer les protocoles de s\u00e9curit\u00e9 et mettre en \u0153uvre des mesures avanc\u00e9es pour se prot\u00e9ger contre de futures attaques.<\/li>\n\n\n\n<li><strong>When Seeking to <a class=\"wpil_keyword_link\" href=\"https:\/\/www.sisinternational.com\/fr\/ameliorer-la-relation-client\/\"   title=\"Comment am\u00e9liorer la satisfaction client et ravir les clients insatisfaits\" data-wpil-keyword-link=\"linked\"  data-wpil-monitor-id=\"622\">Am\u00e9liorer la satisfaction client<\/a>:<\/strong> If transaction processes are causing customer complaints or if the customer experience is desired to be elevated, consulting can identify and implement improvements that streamline transactions and enhance usability.<\/li>\n\n\n\n<li><strong>Tout en explorant de nouvelles opportunit\u00e9s de march\u00e9\u00a0:<\/strong> Consulting is crucial when financial institutions aim to differentiate themselves.\u00a0<\/li>\n\n\n\n<li><strong>Pr\u00e9paration \u00e0 l&#039;expansion\u00a0:<\/strong> Before scaling operations or entering new markets, <a href=\"https:\/\/www.sisinternational.com\/fr\/solutions\/conseil-en-tourisme-de-voyage-et-en-hotellerie\/conseil-en-gestion-de-destination\/\" title=\"Conseil en gestion de destinations\"  data-wpil-monitor-id=\"2992\">consulting can ensure that transaction management<\/a> systems are equipped to handle increased volumes and complexities, supporting sustainable growth.<\/li>\n<\/ul>\n\n\n\n<h2 class=\"wp-block-heading\">L&#039;approche SIS du conseil en gestion des transactions de services financiers<\/h2>\n\n\n\n<figure class=\"gb-block-image gb-block-image-c9abba17\"><img loading=\"lazy\" decoding=\"async\" width=\"1456\" height=\"816\" class=\"gb-image gb-image-c9abba17\" src=\"https:\/\/www.sisinternational.com\/wp-content\/uploads\/2025\/10\/Financial-Services-Automation-3.jpg\" alt=\"\u00c9tudes de march\u00e9 et strat\u00e9gie internationales SIS\" title=\"Financial Services Automation (3)\" srcset=\"https:\/\/www.sisinternational.com\/wp-content\/uploads\/2025\/10\/Financial-Services-Automation-3.jpg 1456w, https:\/\/www.sisinternational.com\/wp-content\/uploads\/2025\/10\/Financial-Services-Automation-3-300x168.jpg 300w, https:\/\/www.sisinternational.com\/wp-content\/uploads\/2025\/10\/Financial-Services-Automation-3-1024x574.jpg 1024w, https:\/\/www.sisinternational.com\/wp-content\/uploads\/2025\/10\/Financial-Services-Automation-3-768x430.jpg 768w, https:\/\/www.sisinternational.com\/wp-content\/uploads\/2025\/10\/Financial-Services-Automation-3-18x10.jpg 18w\" sizes=\"auto, (max-width: 1456px) 100vw, 1456px\"><\/figure>\n\n\n\n<p><\/p>\n\n\n\n<p>Le <a href=\"https:\/\/www.linkedin.com\/company\/sisinternationalresearch\/posts\/?feedView=all\" target=\"_blank\" rel=\"noopener\">SIS International<\/a> approach to financial services transaction management consulting is distinguished by its comprehensive, strategic, and client-centric methodology. Here&#8217;s an in-depth look at the SIS approach:<\/p>\n\n\n\n<ul class=\"wp-block-list\">\n<li><strong>Conseil personnalis\u00e9\u00a0:<\/strong> SIS recognizes that each financial institution has unique challenges and objectives. Therefore, it provides customized consulting solutions. Strategies are tailored to meet the client&#8217;s specific needs, ensuring that recommendations are relevant, actionable, and aligned with the institution&#8217;s goals.<\/li>\n\n\n\n<li><strong>Tirer parti des technologies avanc\u00e9es\u00a0:<\/strong> SIS consultants bring deep expertise in the latest financial technologies, including blockchain, AI, and big data analytics.\u00a0<\/li>\n\n\n\n<li><strong>Naviguer dans les paysages r\u00e9glementaires\u00a0:<\/strong> With an in-depth understanding of financial regulations, SIS ensures that transaction management systems comply with current laws and are adaptable to future changes.\u00a0<\/li>\n\n\n\n<li><strong>Se concentrer sur le client\u00a0:<\/strong> Au c\u0153ur de l\u2019approche SIS se trouve un engagement \u00e0 am\u00e9liorer l\u2019exp\u00e9rience client. Les consultants analysent le comportement et les pr\u00e9f\u00e9rences des clients pour recommander des am\u00e9liorations aux processus de transaction, dans le but de les rendre plus rapides, plus fiables et plus conviviaux.<\/li>\n\n\n\n<li><strong>Utilisation de l&#039;analyse de donn\u00e9es\u00a0:<\/strong> SIS employs advanced data analytics to derive insights from transaction data, enabling informed decision-making.\u00a0<\/li>\n\n\n\n<li><strong>Se pr\u00e9parer aux d\u00e9fis futurs\u00a0:<\/strong> Understanding the dynamic nature of the financial industry, SIS emphasizes the development of agile and scalable transaction management systems.\u00a0<\/li>\n\n\n\n<li><strong>Partenariat de collaboration \u00e0 long terme\u00a0:<\/strong> Beyond providing initial consulting services, SIS offers ongoing support and guidance.\u00a0<\/li>\n<\/ul>\n\n\n\n<h2 class=\"wp-block-heading\">Opportunit\u00e9s de conseil en gestion des transactions de services financiers pour les entreprises<\/h2>\n\n\n\n<p>S&#039;engager dans le conseil en gestion de transactions de services financiers ouvre de nombreuses opportunit\u00e9s pour les entreprises du secteur financier \u2013 et voici quelques opportunit\u00e9s cl\u00e9s que les entreprises peuvent saisir gr\u00e2ce au conseil en gestion de transactions de services financiers :<\/p>\n\n\n\n<ul class=\"wp-block-list\">\n<li><strong>L&#039;excellence op\u00e9rationnelle:<\/strong> Businesses can achieve operational excellence by streamlining transaction processes and implementing automation.\u00a0<\/li>\n\n\n\n<li><strong>Innovation dans la prestation de services\u00a0:<\/strong> Financial services transaction management consulting provides insights into the latest fintech innovations, enabling businesses to incorporate advanced technologies such as blockchain, AI, and machine learning into their transaction processes.\u00a0<\/li>\n\n\n\n<li><strong>Exp\u00e9rience client am\u00e9lior\u00e9e\u00a0:<\/strong> A key focus of consulting is improving the customer experience. By making transactions faster, more secure, and user-friendly, businesses can significantly enhance customer satisfaction, increasing loyalty and a stronger competitive position in the market.<\/li>\n\n\n\n<li><strong>Diff\u00e9renciation du march\u00e9\u00a0:<\/strong> Businesses can differentiate themselves in a crowded market by adopting innovative transaction management practices. Offering unique and enhanced transaction experiences can attract new customers and retain existing ones, contributing to market share growth.<\/li>\n\n\n\n<li><strong>Une croissance durable:<\/strong> Financial services transaction management consulting ultimately supports sustainable business growth.\u00a0<\/li>\n<\/ul>\n\n\n\n<h2 class=\"wp-block-heading\">Notre emplacement \u00e0 New York<\/h2>\n\n\n\n<p>  <iframe loading=\"lazy\" src=\"https:\/\/www.google.com\/maps\/embed?pb=!1m18!1m12!1m3!1d3022.976188376966!2d-73.99130312499956!3d40.740549471389315!2m3!1f0!2f0!3f0!3m2!1i1024!2i768!4f13.1!3m3!1m2!1s0x89c259a15798c731%3A0xd695d09bdd495f25!2s11%20E%2022nd%20St%20FL%202%2C%20New%20York%2C%20NY%2010010%2C%20USA!5e0!3m2!1sen!2spe!4v1726171763526!5m2!1sen!2spe\" width=\"600\" height=\"450\" allowfullscreen=\"allowfullscreen\" data-mce-fragment=\"1\"><\/iframe>  <\/p>\n\n\n\n<h3 class=\"wp-block-heading\">11 E 22nd Street, \u00e9tage 2, New York, NY 10010 T\u00e9l. : +1(212) 505-6805<\/h3>\n\n\n\n<hr class=\"wp-block-separator has-alpha-channel-opacity\"\/>\n\n\n\n<h2 class=\"wp-block-heading\"><span style=\"font-weight: 400;\">\u00c0 propos de SIS International<\/span><\/h2>\n\n\n\n<p><a href=\"https:\/\/www.sisinternational.com\/fr\/\"><span style=\"font-weight: 400;\">SIS International<\/span><\/a><span style=\"font-weight: 400;\"> propose des recherches quantitatives, qualitatives et strat\u00e9giques. Nous fournissons des donn\u00e9es, des outils, des strat\u00e9gies, des rapports et des informations pour la prise de d\u00e9cision. Nous menons \u00e9galement des entretiens, des enqu\u00eates, des groupes de discussion et d\u2019autres m\u00e9thodes et approches d\u2019\u00e9tudes de march\u00e9.<\/span><a href=\"https:\/\/www.sisinternational.com\/fr\/a-propos-de-la-recherche-internationale-sis\/contact-sis-international-market-research\/\"><span style=\"font-weight: 400;\"> Contactez nous<\/span><\/a><span style=\"font-weight: 400;\"> pour votre prochain projet d&#039;\u00e9tude de march\u00e9.<\/span><\/p>","protected":false},"excerpt":{"rendered":"<p>Le conseil en gestion des transactions de services financiers se concentre sur l\u2019optimisation et l\u2019innovation des processus impliqu\u00e9s dans les transactions financi\u00e8res.<\/p>","protected":false},"author":1,"featured_media":71759,"parent":55793,"menu_order":64,"comment_status":"closed","ping_status":"closed","template":"","meta":{"footnotes":""},"class_list":["post-46237","page","type-page","status-publish","has-post-thumbnail"],"_links":{"self":[{"href":"https:\/\/www.sisinternational.com\/fr\/wp-json\/wp\/v2\/pages\/46237","targetHints":{"allow":["GET"]}}],"collection":[{"href":"https:\/\/www.sisinternational.com\/fr\/wp-json\/wp\/v2\/pages"}],"about":[{"href":"https:\/\/www.sisinternational.com\/fr\/wp-json\/wp\/v2\/types\/page"}],"author":[{"embeddable":true,"href":"https:\/\/www.sisinternational.com\/fr\/wp-json\/wp\/v2\/users\/1"}],"replies":[{"embeddable":true,"href":"https:\/\/www.sisinternational.com\/fr\/wp-json\/wp\/v2\/comments?post=46237"}],"version-history":[{"count":18,"href":"https:\/\/www.sisinternational.com\/fr\/wp-json\/wp\/v2\/pages\/46237\/revisions"}],"predecessor-version":[{"id":81115,"href":"https:\/\/www.sisinternational.com\/fr\/wp-json\/wp\/v2\/pages\/46237\/revisions\/81115"}],"up":[{"embeddable":true,"href":"https:\/\/www.sisinternational.com\/fr\/wp-json\/wp\/v2\/pages\/55793"}],"wp:featuredmedia":[{"embeddable":true,"href":"https:\/\/www.sisinternational.com\/fr\/wp-json\/wp\/v2\/media\/71759"}],"wp:attachment":[{"href":"https:\/\/www.sisinternational.com\/fr\/wp-json\/wp\/v2\/media?parent=46237"}],"curies":[{"name":"wp","href":"https:\/\/api.w.org\/{rel}","templated":true}]}}