{"id":46233,"date":"2024-02-22T14:19:50","date_gmt":"2024-02-22T19:19:50","guid":{"rendered":"https:\/\/www.sisinternational.com\/?page_id=46233"},"modified":"2026-01-26T17:28:50","modified_gmt":"2026-01-26T22:28:50","slug":"etude-de-marche-sur-les-paiements","status":"publish","type":"page","link":"https:\/\/www.sisinternational.com\/fr\/solutions\/recherche-de-conseil-en-strategie-fintech\/etude-de-marche-sur-les-paiements\/","title":{"rendered":"\u00c9tude de march\u00e9 sur les paiements"},"content":{"rendered":"<h1 class=\"wp-block-heading\">\u00c9tude de march\u00e9 sur les paiements<\/h1>\n\n\n\n<figure class=\"gb-block-image gb-block-image-08d38003\"><img loading=\"lazy\" decoding=\"async\" width=\"1456\" height=\"816\" class=\"gb-image gb-image-08d38003\" src=\"https:\/\/www.sisinternational.com\/wp-content\/uploads\/2025\/10\/Peer-to-Peer-Payments-4.jpg\" alt=\"\u00c9tudes de march\u00e9 et strat\u00e9gie internationales SIS\" title=\"Peer-to-Peer Payments (4)\" srcset=\"https:\/\/www.sisinternational.com\/wp-content\/uploads\/2025\/10\/Peer-to-Peer-Payments-4.jpg 1456w, https:\/\/www.sisinternational.com\/wp-content\/uploads\/2025\/10\/Peer-to-Peer-Payments-4-300x168.jpg 300w, https:\/\/www.sisinternational.com\/wp-content\/uploads\/2025\/10\/Peer-to-Peer-Payments-4-1024x574.jpg 1024w, https:\/\/www.sisinternational.com\/wp-content\/uploads\/2025\/10\/Peer-to-Peer-Payments-4-768x430.jpg 768w, https:\/\/www.sisinternational.com\/wp-content\/uploads\/2025\/10\/Peer-to-Peer-Payments-4-18x10.jpg 18w\" sizes=\"auto, (max-width: 1456px) 100vw, 1456px\"><\/figure>\n\n\n\n<p><\/p>\n\n\n\n<hr class=\"wp-block-separator has-alpha-channel-opacity\"\/>\n\n\n\n<p>Les \u00e9tudes de march\u00e9 sur les paiements examinent le paysage actuel o\u00f9 la monnaie traditionnelle rencontre les innovations fintech futuristes, cr\u00e9ant un \u00e9cosyst\u00e8me dynamique de transactions. Par cons\u00e9quent, alors que les entreprises et les consommateurs affrontent les complexit\u00e9s des technologies de paiement \u00e9mergentes, il est essentiel de comprendre les courants qui animent ce march\u00e9 pour rester \u00e0 flot et prosp\u00e9rer.<\/p>\n\n\n\n<h2 class=\"wp-block-heading\">Qu\u2019est-ce que l\u2019\u00e9tude de march\u00e9 sur les paiements ?<\/h2>\n\n\n\n<p>L\u2019\u00e9tude de march\u00e9 sur les paiements est une analyse compl\u00e8te de la mani\u00e8re dont les transactions sont effectu\u00e9es entre acheteurs et vendeurs, en se concentrant sur l\u2019\u00e9volution des m\u00e9thodes de paiement. Cette recherche est cruciale pour les entreprises qui cherchent \u00e0 naviguer dans les complexit\u00e9s du secteur des paiements, offrant un aper\u00e7u des pr\u00e9f\u00e9rences des consommateurs, des tendances technologiques, des changements r\u00e9glementaires et des paysages concurrentiels.<\/p>\n\n\n\n<h2 class=\"wp-block-heading\">Pourquoi les entreprises ont besoin d\u2019une \u00e9tude de march\u00e9 sur les paiements<\/h2>\n\n\n\n<p>Les \u00e9tudes de march\u00e9 sur les paiements fournissent des informations sur les pr\u00e9f\u00e9rences des consommateurs, aidant ainsi les entreprises \u00e0 adapter leurs options de paiement pour r\u00e9pondre aux demandes des consommateurs et am\u00e9liorer l&#039;exp\u00e9rience client. Il aide \u00e9galement les entreprises \u00e0 rester inform\u00e9es des changements r\u00e9glementaires, en garantissant leur conformit\u00e9 et en \u00e9vitant d&#039;\u00e9ventuelles sanctions juridiques et financi\u00e8res.<\/p>\n\n\n\n<p>De plus, le rythme rapide de l\u2019innovation technologique dans le secteur des paiements offre aux entreprises des opportunit\u00e9s d\u2019am\u00e9liorer l\u2019efficacit\u00e9, la s\u00e9curit\u00e9 et la satisfaction des clients. Les \u00e9tudes de march\u00e9 sur les paiements identifient ces tendances technologiques, de la blockchain et des crypto-monnaies aux portefeuilles mobiles et aux paiements sans contact, permettant aux entreprises d&#039;int\u00e9grer des technologies de pointe dans leurs processus de paiement.<\/p>\n\n\n\n<p>Furthermore, understanding the payment landscape is crucial for businesses looking to expand or enter new markets. Market research provides data on market size, growth projections, and emerging opportunities, guiding strategic planning and investment decisions to capitalize on growth trends in the payments sector.<\/p>\n\n\n\n<h2 class=\"wp-block-heading\">Avantages de l\u2019\u00e9tude de march\u00e9 sur les paiements<\/h2>\n\n\n\n<figure class=\"gb-block-image gb-block-image-52a64df1\"><img loading=\"lazy\" decoding=\"async\" width=\"1456\" height=\"816\" class=\"gb-image gb-image-52a64df1\" src=\"https:\/\/www.sisinternational.com\/wp-content\/uploads\/2025\/10\/Payments-FinTech-3.jpg\" alt=\"\u00c9tudes de march\u00e9 et strat\u00e9gie internationales SIS\" title=\"Payments FinTech (3)\" srcset=\"https:\/\/www.sisinternational.com\/wp-content\/uploads\/2025\/10\/Payments-FinTech-3.jpg 1456w, https:\/\/www.sisinternational.com\/wp-content\/uploads\/2025\/10\/Payments-FinTech-3-300x168.jpg 300w, https:\/\/www.sisinternational.com\/wp-content\/uploads\/2025\/10\/Payments-FinTech-3-1024x574.jpg 1024w, https:\/\/www.sisinternational.com\/wp-content\/uploads\/2025\/10\/Payments-FinTech-3-768x430.jpg 768w, https:\/\/www.sisinternational.com\/wp-content\/uploads\/2025\/10\/Payments-FinTech-3-18x10.jpg 18w\" sizes=\"auto, (max-width: 1456px) 100vw, 1456px\"><\/figure>\n\n\n\n<p><\/p>\n\n\n\n<p>S&#039;engager dans des \u00e9tudes de march\u00e9 sur les paiements donne aux entreprises les informations n\u00e9cessaires pour naviguer dans les complexit\u00e9s de l&#039;\u00e9cosyst\u00e8me des paiements, innover efficacement et am\u00e9liorer leur positionnement concurrentiel.<\/p>\n\n\n\n<ul class=\"wp-block-list\">\n<li><strong>Avantage concurrentiel am\u00e9lior\u00e9\u00a0:<\/strong> Avoir un aper\u00e7u du paysage concurrentiel permet aux entreprises d&#039;identifier leurs propositions de valeur uniques et de d\u00e9velopper des strat\u00e9gies qui exploitent les lacunes du march\u00e9.<\/li>\n\n\n\n<li><strong>Adaptation aux pr\u00e9f\u00e9rences des consommateurs\u00a0:<\/strong> Les informations sur les pr\u00e9f\u00e9rences de paiement des consommateurs permettent aux entreprises d&#039;adapter leurs options de paiement pour r\u00e9pondre aux attentes des clients.<\/li>\n\n\n\n<li><strong>Att\u00e9nuation des risques:<\/strong> Payments <a href=\"https:\/\/www.sisinternational.com\/fr\/competence\/les-industries\/etude-de-marche-sur-la-securite\/\" title=\"\u00c9tude de march\u00e9 sur la s\u00e9curit\u00e9\"  data-wpil-monitor-id=\"6534\">market research identifies potential security<\/a> threats and compliance issues associated with different payment methods.<\/li>\n\n\n\n<li><strong>Efficacit\u00e9 op\u00e9rationnelle\u00a0:<\/strong> Comprendre les derni\u00e8res technologies et pratiques de traitement des paiements peut amener les entreprises \u00e0 adopter des solutions plus efficaces et plus rentables.<\/li>\n\n\n\n<li><strong>Opportunit\u00e9s d\u2019expansion du march\u00e9\u00a0:<\/strong> Les \u00e9tudes de march\u00e9 sur les paiements fournissent des informations sur les pr\u00e9f\u00e9rences et les comportements de paiement dans diff\u00e9rentes r\u00e9gions ou secteurs pour les entreprises cherchant \u00e0 p\u00e9n\u00e9trer de nouveaux march\u00e9s ou \u00e0 \u00e9largir leur client\u00e8le.<\/li>\n<\/ul>\n\n\n\n<h2 class=\"wp-block-heading\">R\u00e9sultats attendus de notre \u00e9tude de march\u00e9 sur les paiements<\/h2>\n\n\n\n<p>Les entreprises peuvent anticiper divers r\u00e9sultats transformateurs lorsqu\u2019elles investissent dans une \u00e9tude compl\u00e8te du march\u00e9 des paiements. Ces informations fournissent un aper\u00e7u du paysage actuel du march\u00e9 et \u00e9clairent les voies de croissance, d&#039;innovation et d&#039;am\u00e9lioration de la prestation de services dans le secteur des paiements.<\/p>\n\n\n\n<ul class=\"wp-block-list\">\n<li><strong>Compr\u00e9hension globale du march\u00e9\u00a0:<\/strong> Les entreprises b\u00e9n\u00e9ficient d\u2019un aper\u00e7u complet du march\u00e9 des paiements, notamment de sa taille, de ses tendances de croissance, de ses informations d\u00e9mographiques et de son environnement r\u00e9glementaire.<\/li>\n\n\n\n<li><strong>Informations approfondies sur le comportement des consommateurs\u00a0:<\/strong> Les \u00e9tudes de march\u00e9 sur les paiements fournissent des informations d\u00e9taill\u00e9es sur les pr\u00e9f\u00e9rences, les comportements et les attentes des consommateurs en mati\u00e8re de paiement. Ces informations permettent aux entreprises d&#039;adapter leurs solutions de paiement pour r\u00e9pondre aux demandes du march\u00e9, am\u00e9liorant ainsi l&#039;exp\u00e9rience client et augmentant les taux de conversion des transactions.<\/li>\n\n\n\n<li><strong>Identification des opportunit\u00e9s de croissance\u00a0:<\/strong> Les informations sur les tendances \u00e9mergentes, les avanc\u00e9es technologiques et les march\u00e9s inexploit\u00e9s mettent en \u00e9vidence les domaines potentiels d\u2019innovation et d\u2019expansion. Les entreprises peuvent exploiter ces informations pour introduire de nouvelles solutions de paiement, p\u00e9n\u00e9trer de nouveaux march\u00e9s ou \u00e9largir leurs offres de services.<\/li>\n\n\n\n<li><strong>Strat\u00e9gies d&#039;att\u00e9nuation des risques\u00a0:<\/strong> By identifying potential challenges and shifts in the payments ecosystem, businesses can develop proactive strategies to mitigate these risks.\u00a0<\/li>\n\n\n\n<li><strong>Am\u00e9liorations de l\u2019efficacit\u00e9 op\u00e9rationnelle\u00a0:<\/strong> Les \u00e9tudes de march\u00e9 sur les paiements peuvent identifier les domaines du traitement et de la gestion des paiements dans lesquels des am\u00e9liorations peuvent \u00eatre apport\u00e9es.<\/li>\n<\/ul>\n\n\n\n<h2 class=\"wp-block-heading\">Principaux acteurs du march\u00e9 des paiements<\/h2>\n\n\n\n<p>En tant qu\u2019\u00e9pine dorsale du commerce mondial, le march\u00e9 des paiements englobe diverses entreprises et organisations, chacune jouant un r\u00f4le crucial dans la facilitation des transactions financi\u00e8res. Comprendre ces principaux acteurs est essentiel pour quiconque cherche \u00e0 naviguer sur le march\u00e9 des paiements, que ce soit en tant que fournisseur de services, investisseur ou consommateur.<\/p>\n\n\n\n<ul class=\"wp-block-list\">\n<li><strong>Processeurs et r\u00e9seaux de paiement\u00a0:<\/strong> Des soci\u00e9t\u00e9s comme Visa, Mastercard et American Express exploitent de vastes r\u00e9seaux de paiement qui traitent des milliards de transactions chaque ann\u00e9e. Ces r\u00e9seaux facilitent l&#039;\u00e9change d&#039;informations de paiement entre les commer\u00e7ants, les banques et les \u00e9metteurs de cartes, garantissant ainsi la s\u00e9curit\u00e9 et l&#039;efficacit\u00e9 des transactions par carte.<\/li>\n\n\n\n<li><strong>Entreprises de technologie financi\u00e8re\u00a0:<\/strong> Des soci\u00e9t\u00e9s comme PayPal, Square et Stripe sont devenues des acteurs cl\u00e9s sur le march\u00e9 des paiements, proposant des portefeuilles num\u00e9riques, des applications de paiement mobile et des services de traitement des paiements qui r\u00e9pondent aux besoins changeants des consommateurs et des commer\u00e7ants.<\/li>\n\n\n\n<li><strong>G\u00e9ants de la technologie\u00a0:<\/strong> Les entreprises technologiques, dont Apple, Google et Samsung, sont entr\u00e9es dans le domaine des paiements avec leurs portefeuilles num\u00e9riques et leurs solutions de paiement mobile, telles qu&#039;Apple Pay, Google Wallet et Samsung Pay.<\/li>\n<\/ul>\n\n\n\n<h2 class=\"wp-block-heading\">Technologies et outils que SIS exploite dans les \u00e9tudes de march\u00e9 sur les paiements<\/h2>\n\n\n\n<figure class=\"gb-block-image gb-block-image-90fc2e32\"><img loading=\"lazy\" decoding=\"async\" width=\"1456\" height=\"816\" class=\"gb-image gb-image-90fc2e32\" src=\"https:\/\/www.sisinternational.com\/wp-content\/uploads\/2025\/10\/Payments-Market-Research-2.jpg\" alt=\"\u00c9tudes de march\u00e9 et strat\u00e9gie internationales SIS\" title=\"Payments Market Research (2)\" srcset=\"https:\/\/www.sisinternational.com\/wp-content\/uploads\/2025\/10\/Payments-Market-Research-2.jpg 1456w, https:\/\/www.sisinternational.com\/wp-content\/uploads\/2025\/10\/Payments-Market-Research-2-300x168.jpg 300w, https:\/\/www.sisinternational.com\/wp-content\/uploads\/2025\/10\/Payments-Market-Research-2-1024x574.jpg 1024w, https:\/\/www.sisinternational.com\/wp-content\/uploads\/2025\/10\/Payments-Market-Research-2-768x430.jpg 768w, https:\/\/www.sisinternational.com\/wp-content\/uploads\/2025\/10\/Payments-Market-Research-2-18x10.jpg 18w\" sizes=\"auto, (max-width: 1456px) 100vw, 1456px\"><\/figure>\n\n\n\n<p><\/p>\n\n\n\n<p>Lors de la r\u00e9alisation d\u2019\u00e9tudes de march\u00e9 sur les paiements, SIS utilise des technologies avanc\u00e9es et des outils analytiques pour collecter, traiter et analyser les donn\u00e9es, garantissant ainsi une vision compl\u00e8te de l\u2019\u00e9cosyst\u00e8me des paiements. Ces outils permettent \u00e0 SIS de d\u00e9chiffrer la dynamique complexe du march\u00e9, le comportement des consommateurs et les tendances technologiques, fournissant ainsi aux clients des informations exploitables pour la prise de d\u00e9cision strat\u00e9gique.<\/p>\n\n\n\n<ul class=\"wp-block-list\">\n<li><strong>Intelligence artificielle et apprentissage automatique\u00a0:<\/strong> AI and machine learning algorithms process vast amounts of unstructured data from social media, news articles, and financial reports.\u00a0<\/li>\n\n\n\n<li><strong>Outils d&#039;analyse de la blockchain\u00a0:<\/strong> Compte tenu de l\u2019importance croissante des crypto-monnaies et de la technologie blockchain sur le march\u00e9 des paiements, SIS exploite les outils d\u2019analyse blockchain pour suivre les volumes de transactions, les adresses de portefeuille et les mouvements de jetons. Cela donne un aper\u00e7u de l\u2019adoption et de l\u2019utilisation des crypto-monnaies comme moyen de paiement.<\/li>\n\n\n\n<li><strong>Outils d&#039;\u00e9valuation de la cybers\u00e9curit\u00e9\u00a0:<\/strong> Pour \u00e9valuer le paysage de s\u00e9curit\u00e9 du march\u00e9 des paiements, SIS utilise des outils d&#039;\u00e9valuation de la cybers\u00e9curit\u00e9 pour analyser les violations de donn\u00e9es, les menaces de s\u00e9curit\u00e9 et la conformit\u00e9 aux normes de s\u00e9curit\u00e9 des donn\u00e9es de l&#039;industrie des cartes de paiement (PCI DSS).<\/li>\n<\/ul>\n\n\n\n<h2 class=\"wp-block-heading\">L\u2019approche SIS des \u00e9tudes de march\u00e9 sur les paiements<\/h2>\n\n\n\n<p>\u00c0 <a href=\"https:\/\/www.linkedin.com\/company\/sisinternationalresearch\/posts\/?feedView=all\" target=\"_blank\" rel=\"noopener\">SIS<\/a>, we leverage our industry expertise and analytical prowess to deliver payments market research that addresses our clients&#8217; unique challenges and opportunities. Our approach is rooted in a commitment to providing strategic value, ensuring our clients can confidently navigate market complexities.<\/p>\n\n\n\n<ul class=\"wp-block-list\">\n<li><strong>Conception de recherche personnalis\u00e9e\u00a0:<\/strong> SIS begins with a tailored research design by recognizing each client&#8217;s unique needs and objectives.\u00a0<\/li>\n\n\n\n<li><strong>Collecte compl\u00e8te de donn\u00e9es\u00a0:<\/strong> SIS employs a holistic data collection strategy, utilizing primary and secondary research methods.\u00a0<\/li>\n\n\n\n<li><strong>Techniques analytiques avanc\u00e9es\u00a0:<\/strong> \u00c0 l\u2019aide de plateformes d\u2019analyse de donn\u00e9es et de m\u00e9thodes statistiques de pointe, nous analysons les donn\u00e9es collect\u00e9es pour identifier les tendances sous-jacentes, la dynamique du march\u00e9 et les pr\u00e9f\u00e9rences des consommateurs. Notre processus analytique est con\u00e7u pour aller au-del\u00e0 des informations superficielles, r\u00e9v\u00e9lant les implications strat\u00e9giques des mouvements du march\u00e9 et des progr\u00e8s technologiques.<\/li>\n\n\n\n<li><strong>Recommandations strat\u00e9giques\u00a0:<\/strong> The culmination of our research is a set of strategic recommendations tailored to our clients&#8217; specific context and objectives. These recommendations are actionable, grounded in data, and aimed at guiding decision-making, enhancing market positioning, and driving growth.<\/li>\n\n\n\n<li><strong>Soutien et consultation continus\u00a0:<\/strong> We view market research as a continuous process, integral to strategic planning and operational success. SIS provides continuing support and consultation to our clients, helping them adapt to new developments, respond to market shifts, and maintain a competitive edge over time.<\/li>\n<\/ul>\n\n\n\n<h2 class=\"wp-block-heading\">Notre emplacement \u00e0 New York<\/h2>\n\n\n\n<p>  <iframe loading=\"lazy\" src=\"https:\/\/www.google.com\/maps\/embed?pb=!1m18!1m12!1m3!1d3022.976188376966!2d-73.99130312499956!3d40.740549471389315!2m3!1f0!2f0!3f0!3m2!1i1024!2i768!4f13.1!3m3!1m2!1s0x89c259a15798c731%3A0xd695d09bdd495f25!2s11%20E%2022nd%20St%20FL%202%2C%20New%20York%2C%20NY%2010010%2C%20USA!5e0!3m2!1sen!2spe!4v1726171763526!5m2!1sen!2spe\" width=\"600\" height=\"450\" allowfullscreen=\"allowfullscreen\" data-mce-fragment=\"1\"><\/iframe>  <\/p>\n\n\n\n<h3 class=\"wp-block-heading\">11 E 22nd Street, \u00e9tage 2, New York, NY 10010 T\u00e9l. : +1(212) 505-6805<\/h3>\n\n\n\n<hr class=\"wp-block-separator has-alpha-channel-opacity\"\/>\n\n\n\n<h2 class=\"wp-block-heading\"><span style=\"font-weight: 400;\">\u00c0 propos de SIS International<\/span><\/h2>\n\n\n\n<p><a href=\"https:\/\/www.sisinternational.com\/fr\/\"><span style=\"font-weight: 400;\">SIS International<\/span><\/a><span style=\"font-weight: 400;\"> propose des recherches quantitatives, qualitatives et strat\u00e9giques. Nous fournissons des donn\u00e9es, des outils, des strat\u00e9gies, des rapports et des informations pour la prise de d\u00e9cision. Nous menons \u00e9galement des entretiens, des enqu\u00eates, des groupes de discussion et d\u2019autres m\u00e9thodes et approches d\u2019\u00e9tudes de march\u00e9.<\/span><a href=\"https:\/\/www.sisinternational.com\/fr\/a-propos-de-la-recherche-internationale-sis\/contact-sis-international-market-research\/\"><span style=\"font-weight: 400;\"> Contactez nous<\/span><\/a><span style=\"font-weight: 400;\"> pour votre prochain projet d&#039;\u00e9tude de march\u00e9.<\/span><\/p>","protected":false},"excerpt":{"rendered":"<p>L\u2019\u00e9tude de march\u00e9 sur les paiements est une analyse compl\u00e8te de la mani\u00e8re dont les transactions sont effectu\u00e9es entre les acheteurs, les vendeurs et l\u2019\u00e9volution des m\u00e9thodes de paiement.<\/p>","protected":false},"author":1,"featured_media":71788,"parent":27462,"menu_order":62,"comment_status":"closed","ping_status":"closed","template":"","meta":{"footnotes":""},"class_list":["post-46233","page","type-page","status-publish","has-post-thumbnail"],"_links":{"self":[{"href":"https:\/\/www.sisinternational.com\/fr\/wp-json\/wp\/v2\/pages\/46233","targetHints":{"allow":["GET"]}}],"collection":[{"href":"https:\/\/www.sisinternational.com\/fr\/wp-json\/wp\/v2\/pages"}],"about":[{"href":"https:\/\/www.sisinternational.com\/fr\/wp-json\/wp\/v2\/types\/page"}],"author":[{"embeddable":true,"href":"https:\/\/www.sisinternational.com\/fr\/wp-json\/wp\/v2\/users\/1"}],"replies":[{"embeddable":true,"href":"https:\/\/www.sisinternational.com\/fr\/wp-json\/wp\/v2\/comments?post=46233"}],"version-history":[{"count":10,"href":"https:\/\/www.sisinternational.com\/fr\/wp-json\/wp\/v2\/pages\/46233\/revisions"}],"predecessor-version":[{"id":80117,"href":"https:\/\/www.sisinternational.com\/fr\/wp-json\/wp\/v2\/pages\/46233\/revisions\/80117"}],"up":[{"embeddable":true,"href":"https:\/\/www.sisinternational.com\/fr\/wp-json\/wp\/v2\/pages\/27462"}],"wp:featuredmedia":[{"embeddable":true,"href":"https:\/\/www.sisinternational.com\/fr\/wp-json\/wp\/v2\/media\/71788"}],"wp:attachment":[{"href":"https:\/\/www.sisinternational.com\/fr\/wp-json\/wp\/v2\/media?parent=46233"}],"curies":[{"name":"wp","href":"https:\/\/api.w.org\/{rel}","templated":true}]}}